{"id":93986,"date":"2026-01-30T15:55:23","date_gmt":"2026-01-30T14:55:23","guid":{"rendered":"https:\/\/begamer.cz\/produkt\/postal-4-no-regerts-sk\/"},"modified":"2026-03-12T15:18:31","modified_gmt":"2026-03-12T14:18:31","slug":"postal-4-no-regerts-sk","status":"publish","type":"product","link":"https:\/\/begamer.cz\/sk\/produkt\/postal-4-no-regerts-sk\/","title":{"rendered":"Postal 4: No Regerts"},"content":{"rendered":"<p><span class=\"bb_img_ctn\"><img decoding=\"async\" class=\"bb_img\" src=\"https:\/\/shared.akamai.steamstatic.com\/store_item_assets\/steam\/apps\/707030\/extras\/6090caf164b86b7a18320fedf6510251.avif?t=1726332007\" width=600 height=100 \/><\/span><\/p>\n<p>POSTAL Dude je sp\u00e4\u0165!<\/p>\n<p>Uplynulo nieko\u013eko rokov od udalost\u00ed, ktor\u00e9 zni\u010dili kedysi hrd\u00e9 mesto zn\u00e1me ako Paradise. Jedin\u00ed dvaja, ktor\u00ed pre\u017eili t\u00fato katastrofu bez \u00fahony, ne\u0161\u0165astn\u00fd oby\u010dajn\u00fd \u010dlovek zn\u00e1my ako POSTAL Dude a jeho vern\u00fd spolo\u010dn\u00edk Champ, bezcie\u013ene bl\u00fadia po vyprahnutej arizonskej p\u00fa\u0161ti a h\u013eadaj\u00fa nov\u00e9 miesto, ktor\u00e9 by mohli nazva\u0165 domovom. Po n\u00e1hodnej zast\u00e1vke na \u010derpacej stanici, ktor\u00e1 skon\u010dila kr\u00e1de\u017eou ich auta, pr\u00edvesu a zvy\u0161ku ich svetsk\u00e9ho majetku, sa zd\u00e1, \u017ee Dudeovi zostal len jeho ps\u00ed spolo\u010dn\u00edk a \u017eupan, a ani jeden z nich nevon\u00ed pr\u00e1ve najlep\u0161ie. Na obzore v\u0161ak dvojica zazrie nezn\u00e1me a oslniv\u00e9 mesto, ktor\u00e9 ich l\u00e1ka. Ak\u00e9 nezn\u00e1me vyhliadky sa v \u0148om skr\u00fdvaj\u00fa? Sl\u00e1va? Bohatstvo? Mo\u017eno bidet alebo dva? Edensin \u010dak\u00e1.<\/p>\n<p>POSTAL 4: No Regerts je satirick\u00e1 a poburuj\u00faca komedi\u00e1lna strie\u013ea\u010dka z otvoren\u00e9ho sveta z poh\u013eadu prvej osoby a dlho o\u010dak\u00e1van\u00e9 skuto\u010dn\u00e9 pokra\u010dovanie hry, ktor\u00e1 bola l\u00e1skyplne nazvan\u00e1 \u201eThe Worst Game Ever\u2122\u201c (Najhor\u0161ia hra v\u0161etk\u00fdch \u010dias), POSTAL 2! (Tretia hra nie je zn\u00e1ma.)<\/p>\n<p><span class=\"bb_img_ctn\"><img decoding=\"async\" class=\"bb_img\" src=\"https:\/\/shared.akamai.steamstatic.com\/store_item_assets\/steam\/apps\/707030\/extras\/27d214880f5353f72b3cffad14cedd67.avif?t=1726332007\" width=600 height=300 \/><\/span><\/p>\n<p><span class=\"bb_img_ctn\"><video class=\"bb_img\" autoplay muted loop playsinline poster=\"https:\/\/shared.akamai.steamstatic.com\/store_item_assets\/steam\/apps\/707030\/extras\/a4421d4082a890ac0555cf26f2a3cd41.poster.avif?t=1726332007\" width=640 height=360 ><source src=\"https:\/\/shared.akamai.steamstatic.com\/store_item_assets\/steam\/apps\/707030\/extras\/a4421d4082a890ac0555cf26f2a3cd41.webm?t=1726332007\" type=\"video\/webm; codecs=vp9\"><source src=\"https:\/\/shared.akamai.steamstatic.com\/store_item_assets\/steam\/apps\/707030\/extras\/a4421d4082a890ac0555cf26f2a3cd41.mp4?t=1726332007\" type=\"video\/mp4\"><\/video><\/span><\/p>\n<h2 class=\"bb_tag\" >K\u013e\u00fa\u010dov\u00e9 vlastnosti<\/h2>\n<ul class=\"bb_ul\">\n<li>Pl\u0148te svoje \u00falohy neline\u00e1rnym sp\u00f4sobom v \u00faplne <strong>vo\u013enom, otvorenom svete a sandboxovej<\/strong> hre! Vyh\u013ead\u00e1vajte volite\u013en\u00e9 ved\u013eaj\u0161ie \u00falohy pre \u010fal\u0161ie odmeny! Alebo to v\u0161etko ignorujte a len tak vo vo\u013enom \u010dase vyvol\u00e1vajte v\u0161eobecn\u00fd chaos v meste Edensin!<\/li>\n<li><strong>Vyberte si svojho hrdinu<\/strong>! Vyberte si Jona St. Johna, veter\u00e1na v odbore a legend\u00e1rneho dab\u00e9ra Duke Nukema, ako hlas hrdinu POSTAL! Alebo si vyberte ob\u013e\u00faben\u00fdch Ricka Huntera (P1 &amp; P2), Coreyho Cruisea (PIII) a Zacka Warda (The Movie) ako alternat\u00edvne hlasov\u00e9 mo\u017enosti, v\u010faka \u010domu budete ma\u0165 k dispoz\u00edcii viac hrdinov POSTAL ako kedyko\u013evek predt\u00fdm!<\/li>\n<li>U\u017eite si \u00fapln\u00fa slobodu pri v\u00fdbere <strong>pacifistick\u00e9ho alebo agres\u00edvneho<\/strong> \u0161t\u00fdlu hry! K dispoz\u00edcii je mno\u017estvo nov\u00fdch n\u00e1strojov na podporu va\u0161ich (v\u00e4\u010d\u0161inou) mierov\u00fdch konfront\u00e1ci\u00ed, ale n\u00e1silie je st\u00e1le tie\u017e mo\u017enos\u0165ou!<\/li>\n<li>Zbavte sa <strong>prehnan\u00e9ho arzen\u00e1lu<\/strong>, od ni\u010div\u00e9ho v\u00fdbuchu \u0161tvorhlav\u0148ov\u00e9ho Fournicatora po chaotick\u00e9 Pigeon Mine!<\/li>\n<li>Prida\u0165 POSTAL twist do va\u0161ej v\u00fdzbroje s <strong>\u00fa\u010dinn\u00fdmi power-ups<\/strong>, ako je klasick\u00fd Cat Silencer, spomalen\u00fd pohyb vyvol\u00e1vaj\u00faci Catnip a dvojit\u00e9 ovl\u00e1danie Energy Drink! Supercharge svoje p\u00e4ste, mocn\u00e9 nohy a mo\u010dov\u00e1 trubica s d\u00e1vkou testicle-shrinking Vitamin X!<\/li>\n<li>Objavte <strong>jedine\u010dn\u00e9 kombin\u00e1cie zbran\u00ed a schopnosti<\/strong>! Skombinujte ma\u010dku s gran\u00e1tom alebo raketometom a z\u00edskajte mobiln\u00fa v\u00fdbu\u0161n\u00fa ma\u010dku! Pridajte trochu Catnipu k va\u0161ej loveckej pu\u0161ke a ka\u017ed\u00e1 gu\u013eka bude letie\u0165 presne na cie\u013e! C\u00edtite sa sklesnut\u00ed? Pou\u017eite Rattler, aby ste sa dostali na nov\u00e9 v\u00fd\u0161ky!<\/li>\n<li>Za\u017eite <strong>mno\u017estvo interaktivity<\/strong>, ke\u010f k\u0155mite psie ma\u0161krty t\u00falav\u00fdm psom, aby ste zhroma\u017edili psie arm\u00e1dy, ktor\u00e9 za v\u00e1s urobia \u0161pinav\u00fa pr\u00e1cu, z\u00e1sobte sa invent\u00e1rom (za cenu!) v automatick\u00fdch predajn\u00fdch automatoch a po prv\u00fdkr\u00e1t v hist\u00f3rii tejto s\u00e9rie pou\u017e\u00edvajte a splachujte funguj\u00face toalety!<\/li>\n<\/ul>\n","protected":false},"excerpt":{"rendered":"<p>POSTAL 4: No Regerts je satirick\u00e1 a poburuj\u00faca komedi\u00e1lna strie\u013ea\u010dka z poh\u013eadu prvej osoby s otvoren\u00fdm svetom a dlho o\u010dak\u00e1van\u00e9 skuto\u010dn\u00e9 pokra\u010dovanie hry, ktor\u00e1 bola l\u00e1skyplne nazvan\u00e1 \u201eThe Worst Game Ever\u2122\u201c (Najhor\u0161ia hra v\u0161etk\u00fdch \u010dias), POSTAL 2!<\/p>\n","protected":false},"featured_media":10499,"comment_status":"open","ping_status":"closed","template":"","meta":{"_acf_changed":false},"product_brand":[],"product_cat":[280,268,266,312,9064],"product_tag":[],"class_list":{"0":"post-93986","1":"product","2":"type-product","3":"status-publish","4":"has-post-thumbnail","6":"product_cat-dobrodruzne-pc-hry-sk","7":"product_cat-pc-sk","8":"product_cat-pc-hry-sk","9":"product_cat-steam-pc-sk","10":"product_cat-strielacky-3","11":"pa_audio-en-us","13":"pa_countries-ad","14":"pa_countries-ae","15":"pa_countries-af","16":"pa_countries-ag","17":"pa_countries-ai","18":"pa_countries-al","19":"pa_countries-am","20":"pa_countries-ao","21":"pa_countries-aq","22":"pa_countries-ar","23":"pa_countries-as","24":"pa_countries-at","25":"pa_countries-au","26":"pa_countries-aw","27":"pa_countries-ax","28":"pa_countries-az","29":"pa_countries-ba","30":"pa_countries-bb","31":"pa_countries-bd","32":"pa_countries-be","33":"pa_countries-bf","34":"pa_countries-bg","35":"pa_countries-bh","36":"pa_countries-bi","37":"pa_countries-bj","38":"pa_countries-bl","39":"pa_countries-bm","40":"pa_countries-bn","41":"pa_countries-bo","42":"pa_countries-bq","43":"pa_countries-br","44":"pa_countries-bs","45":"pa_countries-bt","46":"pa_countries-bv","47":"pa_countries-bw","48":"pa_countries-bz","49":"pa_countries-ca","50":"pa_countries-cc","51":"pa_countries-cd","52":"pa_countries-cf","53":"pa_countries-cg","54":"pa_countries-ch","55":"pa_countries-ci","56":"pa_countries-ck","57":"pa_countries-cl","58":"pa_countries-cm","59":"pa_countries-cn","60":"pa_countries-co","61":"pa_countries-cr","62":"pa_countries-cu","63":"pa_countries-cv","64":"pa_countries-cw","65":"pa_countries-cx","66":"pa_countries-cy","67":"pa_countries-cz","68":"pa_countries-de","69":"pa_countries-dj","70":"pa_countries-dk","71":"pa_countries-dm","72":"pa_countries-do","73":"pa_countries-dz","74":"pa_countries-ec","75":"pa_countries-ee","76":"pa_countries-eg","77":"pa_countries-eh","78":"pa_countries-er","79":"pa_countries-es","80":"pa_countries-et","81":"pa_countries-fi","82":"pa_countries-fj","83":"pa_countries-fk","84":"pa_countries-fm","85":"pa_countries-fo","86":"pa_countries-fr","87":"pa_countries-ga","88":"pa_countries-gb","89":"pa_countries-gd","90":"pa_countries-ge","91":"pa_countries-gf","92":"pa_countries-gg","93":"pa_countries-gh","94":"pa_countries-gi","95":"pa_countries-gl","96":"pa_countries-gm","97":"pa_countries-gn","98":"pa_countries-gp","99":"pa_countries-gq","100":"pa_countries-gr","101":"pa_countries-gs","102":"pa_countries-gt","103":"pa_countries-gu","104":"pa_countries-gw","105":"pa_countries-gy","106":"pa_countries-hk","107":"pa_countries-hm","108":"pa_countries-hn","109":"pa_countries-hr","110":"pa_countries-ht","111":"pa_countries-hu","112":"pa_countries-id","113":"pa_countries-ie","114":"pa_countries-il","115":"pa_countries-im","116":"pa_countries-in","117":"pa_countries-io","118":"pa_countries-iq","119":"pa_countries-ir","120":"pa_countries-is","121":"pa_countries-it","122":"pa_countries-je","123":"pa_countries-jm","124":"pa_countries-jo","125":"pa_countries-jp","126":"pa_countries-ke","127":"pa_countries-kg","128":"pa_countries-kh","129":"pa_countries-ki","130":"pa_countries-km","131":"pa_countries-kn","132":"pa_countries-kp","133":"pa_countries-kr","134":"pa_countries-kw","135":"pa_countries-ky","136":"pa_countries-kz","137":"pa_countries-la","138":"pa_countries-lb","139":"pa_countries-lc","140":"pa_countries-li","141":"pa_countries-lk","142":"pa_countries-lr","143":"pa_countries-ls","144":"pa_countries-lt","145":"pa_countries-lu","146":"pa_countries-lv","147":"pa_countries-ly","148":"pa_countries-ma","149":"pa_countries-mc","150":"pa_countries-md","151":"pa_countries-me","152":"pa_countries-mf","153":"pa_countries-mg","154":"pa_countries-mh","155":"pa_countries-mk","156":"pa_countries-ml","157":"pa_countries-mm","158":"pa_countries-mn","159":"pa_countries-mo","160":"pa_countries-mp","161":"pa_countries-mq","162":"pa_countries-mr","163":"pa_countries-ms","164":"pa_countries-mt","165":"pa_countries-mu","166":"pa_countries-mv","167":"pa_countries-mw","168":"pa_countries-mx","169":"pa_countries-my","170":"pa_countries-mz","171":"pa_countries-na","172":"pa_countries-nc","173":"pa_countries-ne","174":"pa_countries-nf","175":"pa_countries-ng","176":"pa_countries-ni","177":"pa_countries-nl","178":"pa_countries-no","179":"pa_countries-np","180":"pa_countries-nr","181":"pa_countries-nu","182":"pa_countries-nz","183":"pa_countries-om","184":"pa_countries-pa","185":"pa_countries-pe","186":"pa_countries-pf","187":"pa_countries-pg","188":"pa_countries-ph","189":"pa_countries-pk","190":"pa_countries-pl","191":"pa_countries-pm","192":"pa_countries-pn","193":"pa_countries-pr","194":"pa_countries-ps","195":"pa_countries-pt","196":"pa_countries-pw","197":"pa_countries-py","198":"pa_countries-qa","199":"pa_countries-re","200":"pa_countries-ro","201":"pa_countries-rs","202":"pa_countries-rw","203":"pa_countries-sa","204":"pa_countries-sb","205":"pa_countries-sc","206":"pa_countries-sd","207":"pa_countries-se","208":"pa_countries-sg","209":"pa_countries-sh","210":"pa_countries-si","211":"pa_countries-sj","212":"pa_countries-sk","213":"pa_countries-sl","214":"pa_countries-sm","215":"pa_countries-sn","216":"pa_countries-so","217":"pa_countries-sr","218":"pa_countries-ss","220":"pa_countries-st","221":"pa_countries-sv","222":"pa_countries-sx","223":"pa_countries-sy","224":"pa_countries-sz","225":"pa_countries-tc","226":"pa_countries-td","227":"pa_countries-tf","228":"pa_countries-tg","229":"pa_countries-th","230":"pa_countries-tj","231":"pa_countries-tk","232":"pa_countries-tl","233":"pa_countries-tm","234":"pa_countries-tn","235":"pa_countries-to","236":"pa_countries-tr","237":"pa_countries-tt","238":"pa_countries-tv","239":"pa_countries-tw","240":"pa_countries-tz","241":"pa_countries-ua","242":"pa_countries-ug","243":"pa_countries-um","244":"pa_countries-us","245":"pa_countries-uy","246":"pa_countries-uz","247":"pa_countries-va","248":"pa_countries-vc","249":"pa_countries-ve","250":"pa_countries-vg","251":"pa_countries-vi","252":"pa_countries-vn","253":"pa_countries-vu","254":"pa_countries-wf","255":"pa_countries-ws","256":"pa_countries-xk","257":"pa_countries-ye","258":"pa_countries-yt","259":"pa_countries-za","260":"pa_countries-zm","261":"pa_countries-zw","262":"pa_developer-running-with-scissors","264":"pa_engine-unreal-engine-4","266":"pa_game_type-main_game","268":"pa_genres-adventure","270":"pa_genres-shooter","271":"pa_interface-de-de","272":"pa_interface-en-us","273":"pa_interface-es-es","274":"pa_interface-fr-fr","275":"pa_interface-it-it","276":"pa_interface-ja-jp","277":"pa_interface-pl-pl","278":"pa_interface-ru-ru","280":"pa_interface-tr-tr","281":"pa_interface-zh-cn","282":"pa_keywords-sexual-content","283":"pa_modes-single-player","285":"pa_platform-pc-steam","287":"pa_player_perspectives-first-person","289":"pa_publisher-running-with-scissors","291":"pa_rating-14622","292":"pa_rating-3169","293":"pa_region-global","295":"pa_subtitles-de-de","297":"pa_subtitles-en-us","298":"pa_subtitles-es-es","299":"pa_subtitles-it-it","300":"pa_subtitles-ja-jp","301":"pa_subtitles-pl-pl","302":"pa_subtitles-ru-ru","303":"pa_subtitles-zh-cn","304":"pa_themes-action","305":"pa_themes-comedy","306":"pa_themes-horror","308":"pa_themes-sandbox","310":"first","311":"outofstock","312":"virtual","313":"taxable","314":"purchasable","315":"product-type-simple"},"yoast_head":"<!-- This site is optimized with the Yoast SEO plugin v27.3 - https:\/\/yoast.com\/product\/yoast-seo-wordpress\/ -->\n<title>Postal 4: No Regerts | BeGamer.cz<\/title>\n<meta name=\"robots\" content=\"index, follow, max-snippet:-1, max-image-preview:large, max-video-preview:-1\" \/>\n<link rel=\"canonical\" href=\"https:\/\/begamer.cz\/sk\/produkt\/postal-4-no-regerts-sk\/\" \/>\n<meta property=\"og:locale\" content=\"sk_SK\" \/>\n<meta property=\"og:type\" content=\"article\" \/>\n<meta property=\"og:title\" content=\"Postal 4: No Regerts | BeGamer.cz\" \/>\n<meta property=\"og:description\" content=\"POSTAL 4: No Regerts je satirick\u00e1 a poburuj\u00faca komedi\u00e1lna strie\u013ea\u010dka z poh\u013eadu prvej osoby s otvoren\u00fdm svetom a dlho o\u010dak\u00e1van\u00e9 skuto\u010dn\u00e9 pokra\u010dovanie hry, ktor\u00e1 bola l\u00e1skyplne nazvan\u00e1 \u201eThe Worst Game Ever\u2122\u201c (Najhor\u0161ia hra v\u0161etk\u00fdch \u010dias), POSTAL 2!\" \/>\n<meta property=\"og:url\" content=\"https:\/\/begamer.cz\/sk\/produkt\/postal-4-no-regerts-sk\/\" \/>\n<meta property=\"og:site_name\" content=\"BeGamer.cz\" \/>\n<meta property=\"article:modified_time\" content=\"2026-03-12T14:18:31+00:00\" \/>\n<meta property=\"og:image\" content=\"https:\/\/begamer.cz\/wp-content\/uploads\/2026\/01\/postal-4-no-regerts-6.webp\" \/>\n\t<meta property=\"og:image:width\" content=\"300\" \/>\n\t<meta property=\"og:image:height\" content=\"400\" \/>\n\t<meta property=\"og:image:type\" content=\"image\/webp\" \/>\n<meta name=\"twitter:card\" content=\"summary_large_image\" \/>\n<meta name=\"twitter:label1\" content=\"Predpokladan\u00fd \u010das \u010d\u00edtania\" \/>\n\t<meta name=\"twitter:data1\" content=\"3 min\u00faty\" \/>\n<script type=\"application\/ld+json\" class=\"yoast-schema-graph\">{\"@context\":\"https:\\\/\\\/schema.org\",\"@graph\":[{\"@type\":\"WebPage\",\"@id\":\"https:\\\/\\\/begamer.cz\\\/sk\\\/produkt\\\/postal-4-no-regerts-sk\\\/\",\"url\":\"https:\\\/\\\/begamer.cz\\\/sk\\\/produkt\\\/postal-4-no-regerts-sk\\\/\",\"name\":\"Postal 4: No Regerts | BeGamer.cz\",\"isPartOf\":{\"@id\":\"https:\\\/\\\/begamer.cz\\\/sk\\\/#website\"},\"primaryImageOfPage\":{\"@id\":\"https:\\\/\\\/begamer.cz\\\/sk\\\/produkt\\\/postal-4-no-regerts-sk\\\/#primaryimage\"},\"image\":{\"@id\":\"https:\\\/\\\/begamer.cz\\\/sk\\\/produkt\\\/postal-4-no-regerts-sk\\\/#primaryimage\"},\"thumbnailUrl\":\"https:\\\/\\\/begamer.cz\\\/wp-content\\\/uploads\\\/2026\\\/01\\\/postal-4-no-regerts-6.webp\",\"datePublished\":\"2026-01-30T14:55:23+00:00\",\"dateModified\":\"2026-03-12T14:18:31+00:00\",\"breadcrumb\":{\"@id\":\"https:\\\/\\\/begamer.cz\\\/sk\\\/produkt\\\/postal-4-no-regerts-sk\\\/#breadcrumb\"},\"inLanguage\":\"sk-SK\",\"potentialAction\":[{\"@type\":\"ReadAction\",\"target\":[\"https:\\\/\\\/begamer.cz\\\/sk\\\/produkt\\\/postal-4-no-regerts-sk\\\/\"]}]},{\"@type\":\"ImageObject\",\"inLanguage\":\"sk-SK\",\"@id\":\"https:\\\/\\\/begamer.cz\\\/sk\\\/produkt\\\/postal-4-no-regerts-sk\\\/#primaryimage\",\"url\":\"https:\\\/\\\/begamer.cz\\\/wp-content\\\/uploads\\\/2026\\\/01\\\/postal-4-no-regerts-6.webp\",\"contentUrl\":\"https:\\\/\\\/begamer.cz\\\/wp-content\\\/uploads\\\/2026\\\/01\\\/postal-4-no-regerts-6.webp\",\"width\":300,\"height\":400},{\"@type\":\"BreadcrumbList\",\"@id\":\"https:\\\/\\\/begamer.cz\\\/sk\\\/produkt\\\/postal-4-no-regerts-sk\\\/#breadcrumb\",\"itemListElement\":[{\"@type\":\"ListItem\",\"position\":1,\"name\":\"Domov\",\"item\":\"https:\\\/\\\/begamer.cz\\\/sk\\\/\"},{\"@type\":\"ListItem\",\"position\":2,\"name\":\"Obchod\",\"item\":\"https:\\\/\\\/begamer.cz\\\/obchod\\\/\"},{\"@type\":\"ListItem\",\"position\":3,\"name\":\"Postal 4: No Regerts\"}]},{\"@type\":\"WebSite\",\"@id\":\"https:\\\/\\\/begamer.cz\\\/sk\\\/#website\",\"url\":\"https:\\\/\\\/begamer.cz\\\/sk\\\/\",\"name\":\"BeGamer.cz\",\"description\":\"\",\"publisher\":{\"@id\":\"https:\\\/\\\/begamer.cz\\\/sk\\\/#organization\"},\"potentialAction\":[{\"@type\":\"SearchAction\",\"target\":{\"@type\":\"EntryPoint\",\"urlTemplate\":\"https:\\\/\\\/begamer.cz\\\/sk\\\/?s={search_term_string}\"},\"query-input\":{\"@type\":\"PropertyValueSpecification\",\"valueRequired\":true,\"valueName\":\"search_term_string\"}}],\"inLanguage\":\"sk-SK\"},{\"@type\":\"Organization\",\"@id\":\"https:\\\/\\\/begamer.cz\\\/sk\\\/#organization\",\"name\":\"BeGamer.cz\",\"url\":\"https:\\\/\\\/begamer.cz\\\/sk\\\/\",\"logo\":{\"@type\":\"ImageObject\",\"inLanguage\":\"sk-SK\",\"@id\":\"https:\\\/\\\/begamer.cz\\\/sk\\\/#\\\/schema\\\/logo\\\/image\\\/\",\"url\":\"https:\\\/\\\/begamer.cz\\\/wp-content\\\/uploads\\\/2025\\\/07\\\/logo.svg\",\"contentUrl\":\"https:\\\/\\\/begamer.cz\\\/wp-content\\\/uploads\\\/2025\\\/07\\\/logo.svg\",\"caption\":\"BeGamer.cz\"},\"image\":{\"@id\":\"https:\\\/\\\/begamer.cz\\\/sk\\\/#\\\/schema\\\/logo\\\/image\\\/\"}}]}<\/script>\n<!-- \/ Yoast SEO plugin. -->","yoast_head_json":{"title":"Postal 4: No Regerts | BeGamer.cz","robots":{"index":"index","follow":"follow","max-snippet":"max-snippet:-1","max-image-preview":"max-image-preview:large","max-video-preview":"max-video-preview:-1"},"canonical":"https:\/\/begamer.cz\/sk\/produkt\/postal-4-no-regerts-sk\/","og_locale":"sk_SK","og_type":"article","og_title":"Postal 4: No Regerts | BeGamer.cz","og_description":"POSTAL 4: No Regerts je satirick\u00e1 a poburuj\u00faca komedi\u00e1lna strie\u013ea\u010dka z poh\u013eadu prvej osoby s otvoren\u00fdm svetom a dlho o\u010dak\u00e1van\u00e9 skuto\u010dn\u00e9 pokra\u010dovanie hry, ktor\u00e1 bola l\u00e1skyplne nazvan\u00e1 \u201eThe Worst Game Ever\u2122\u201c (Najhor\u0161ia hra v\u0161etk\u00fdch \u010dias), POSTAL 2!","og_url":"https:\/\/begamer.cz\/sk\/produkt\/postal-4-no-regerts-sk\/","og_site_name":"BeGamer.cz","article_modified_time":"2026-03-12T14:18:31+00:00","og_image":[{"width":300,"height":400,"url":"https:\/\/begamer.cz\/wp-content\/uploads\/2026\/01\/postal-4-no-regerts-6.webp","type":"image\/webp"}],"twitter_card":"summary_large_image","twitter_misc":{"Predpokladan\u00fd \u010das \u010d\u00edtania":"3 min\u00faty"},"schema":{"@context":"https:\/\/schema.org","@graph":[{"@type":"WebPage","@id":"https:\/\/begamer.cz\/sk\/produkt\/postal-4-no-regerts-sk\/","url":"https:\/\/begamer.cz\/sk\/produkt\/postal-4-no-regerts-sk\/","name":"Postal 4: No Regerts | BeGamer.cz","isPartOf":{"@id":"https:\/\/begamer.cz\/sk\/#website"},"primaryImageOfPage":{"@id":"https:\/\/begamer.cz\/sk\/produkt\/postal-4-no-regerts-sk\/#primaryimage"},"image":{"@id":"https:\/\/begamer.cz\/sk\/produkt\/postal-4-no-regerts-sk\/#primaryimage"},"thumbnailUrl":"https:\/\/begamer.cz\/wp-content\/uploads\/2026\/01\/postal-4-no-regerts-6.webp","datePublished":"2026-01-30T14:55:23+00:00","dateModified":"2026-03-12T14:18:31+00:00","breadcrumb":{"@id":"https:\/\/begamer.cz\/sk\/produkt\/postal-4-no-regerts-sk\/#breadcrumb"},"inLanguage":"sk-SK","potentialAction":[{"@type":"ReadAction","target":["https:\/\/begamer.cz\/sk\/produkt\/postal-4-no-regerts-sk\/"]}]},{"@type":"ImageObject","inLanguage":"sk-SK","@id":"https:\/\/begamer.cz\/sk\/produkt\/postal-4-no-regerts-sk\/#primaryimage","url":"https:\/\/begamer.cz\/wp-content\/uploads\/2026\/01\/postal-4-no-regerts-6.webp","contentUrl":"https:\/\/begamer.cz\/wp-content\/uploads\/2026\/01\/postal-4-no-regerts-6.webp","width":300,"height":400},{"@type":"BreadcrumbList","@id":"https:\/\/begamer.cz\/sk\/produkt\/postal-4-no-regerts-sk\/#breadcrumb","itemListElement":[{"@type":"ListItem","position":1,"name":"Domov","item":"https:\/\/begamer.cz\/sk\/"},{"@type":"ListItem","position":2,"name":"Obchod","item":"https:\/\/begamer.cz\/obchod\/"},{"@type":"ListItem","position":3,"name":"Postal 4: No Regerts"}]},{"@type":"WebSite","@id":"https:\/\/begamer.cz\/sk\/#website","url":"https:\/\/begamer.cz\/sk\/","name":"BeGamer.cz","description":"","publisher":{"@id":"https:\/\/begamer.cz\/sk\/#organization"},"potentialAction":[{"@type":"SearchAction","target":{"@type":"EntryPoint","urlTemplate":"https:\/\/begamer.cz\/sk\/?s={search_term_string}"},"query-input":{"@type":"PropertyValueSpecification","valueRequired":true,"valueName":"search_term_string"}}],"inLanguage":"sk-SK"},{"@type":"Organization","@id":"https:\/\/begamer.cz\/sk\/#organization","name":"BeGamer.cz","url":"https:\/\/begamer.cz\/sk\/","logo":{"@type":"ImageObject","inLanguage":"sk-SK","@id":"https:\/\/begamer.cz\/sk\/#\/schema\/logo\/image\/","url":"https:\/\/begamer.cz\/wp-content\/uploads\/2025\/07\/logo.svg","contentUrl":"https:\/\/begamer.cz\/wp-content\/uploads\/2025\/07\/logo.svg","caption":"BeGamer.cz"},"image":{"@id":"https:\/\/begamer.cz\/sk\/#\/schema\/logo\/image\/"}}]}},"acf":[],"_links":{"self":[{"href":"https:\/\/begamer.cz\/sk\/wp-json\/wp\/v2\/product\/93986","targetHints":{"allow":["GET"]}}],"collection":[{"href":"https:\/\/begamer.cz\/sk\/wp-json\/wp\/v2\/product"}],"about":[{"href":"https:\/\/begamer.cz\/sk\/wp-json\/wp\/v2\/types\/product"}],"replies":[{"embeddable":true,"href":"https:\/\/begamer.cz\/sk\/wp-json\/wp\/v2\/comments?post=93986"}],"wp:featuredmedia":[{"embeddable":true,"href":"https:\/\/begamer.cz\/sk\/wp-json\/wp\/v2\/media\/10499"}],"wp:attachment":[{"href":"https:\/\/begamer.cz\/sk\/wp-json\/wp\/v2\/media?parent=93986"}],"wp:term":[{"taxonomy":"product_brand","embeddable":true,"href":"https:\/\/begamer.cz\/sk\/wp-json\/wp\/v2\/product_brand?post=93986"},{"taxonomy":"product_cat","embeddable":true,"href":"https:\/\/begamer.cz\/sk\/wp-json\/wp\/v2\/product_cat?post=93986"},{"taxonomy":"product_tag","embeddable":true,"href":"https:\/\/begamer.cz\/sk\/wp-json\/wp\/v2\/product_tag?post=93986"}],"curies":[{"name":"wp","href":"https:\/\/api.w.org\/{rel}","templated":true}]}}