{"id":93914,"date":"2026-01-30T15:54:12","date_gmt":"2026-01-30T14:54:12","guid":{"rendered":"https:\/\/begamer.cz\/produkt\/riders-republic-year-1-pass-sk\/"},"modified":"2026-03-12T15:16:47","modified_gmt":"2026-03-12T14:16:47","slug":"riders-republic-year-1-pass-sk","status":"publish","type":"product","link":"https:\/\/begamer.cz\/sk\/produkt\/riders-republic-year-1-pass-sk\/","title":{"rendered":"Riders Republic: Year 1 Pass"},"content":{"rendered":"<div>\n<h2>Riders Republic: Year 1 Pass<\/h2>\n<p>Vst\u00fapte do vzru\u0161uj\u00faceho sveta extr\u00e9mnych outdoorov\u00fdch \u0161portov s \u201eRiders Republic: Year 1 Pass\u201c! Tento digit\u00e1lny obsah v\u00e1m poskytuje pr\u00edstup k celoro\u010dn\u00fdm nov\u00fdm multiplayerov\u00fdm udalostiam, exkluz\u00edvnym v\u00fdzvam a roz\u0161\u00edrenej ponuke oble\u010denia a v\u00fdstroja pre v\u00e1\u0161ho avatara. Ak t\u00fa\u017eite vylep\u0161i\u0165 svoj z\u00e1\u017eitok v Riders Republic, tento Year 1 Pass je va\u0161ou vstupenkou ku v\u0161etk\u00e9mu, \u010do v\u00e1m prv\u00fd rok po uveden\u00ed na trh pon\u00faka.<\/p>\n<h2>\u010co obsahuje Year 1 Pass?<\/h2>\n<ul>\n<li><strong>Pr\u00edstup k sez\u00f3nnym udalostiam a roz\u0161\u00edreniam:<\/strong> Z\u00edskajte prednostn\u00fd pr\u00edstup k v\u0161etk\u00fdm nov\u00fdm obsahom po\u010das cel\u00e9ho roka, vr\u00e1tane \u0161peci\u00e1lnych udalost\u00ed a v\u00fdziev, ktor\u00e9 v\u00e1s zaved\u00fa na \u00fachvatn\u00e9 miesta a do jedine\u010dn\u00fdch discipl\u00edn.<\/li>\n<li><strong>Exkluz\u00edvne oble\u010denie a kozmetick\u00e9 predmety:<\/strong> Oble\u010dte svoju postavu do najnov\u0161\u00edch \u0161t\u00fdlov a vybavte ju exkluz\u00edvnymi doplnkami, ktor\u00e9 s\u00fa k dispoz\u00edcii iba s t\u00fdmto passom.<\/li>\n<li><strong>Vylep\u0161en\u00e9 vybavenie a nov\u00e9 triky:<\/strong> Vylep\u0161ite svoje zru\u010dnosti a v\u00fdkon so \u0161peci\u00e1lnym vybaven\u00edm a osvojte si nov\u00e9 pohyby, ktor\u00e9 z v\u00e1s urobia skuto\u010dn\u00fa legendu jazdy.<\/li>\n<li><strong>Roz\u0161\u00edren\u00e9 hern\u00e9 re\u017eimy:<\/strong> Vychutnajte si nov\u00e9 re\u017eimy, ktor\u00e9 prid\u00e1vaj\u00fa \u010fal\u0161iu vrstvu z\u00e1bavy, \u010di u\u017e hr\u00e1te s\u00f3lo alebo s priate\u013emi v online komunite.<\/li>\n<\/ul>\n<h2>Pre\u010do si vybra\u0165 Year 1 Pass?<\/h2>\n<p><strong>Riders Republic<\/strong> nie je len oby\u010dajn\u00e1 \u0161portov\u00e1 hra. Je to rozsiahly online svet, kde sa stret\u00e1vaj\u00fa snowboardisti, horsk\u00ed cyklisti, kitesurfisti a mnoh\u00ed \u010fal\u0161\u00ed nad\u0161enci extr\u00e9mnych \u0161portov. S ro\u010dn\u00fdm preukazom Year 1 Pass z\u00edskate nielen pr\u00edstup k mno\u017estvu nov\u00e9ho a vzru\u0161uj\u00faceho obsahu, ale stanete sa aj s\u00fa\u010das\u0165ou rast\u00facej glob\u00e1lnej komunity.<\/p>\n<p>Ste pripraven\u00ed zdokonali\u0165 svoje zru\u010dnosti, s\u00fa\u0165a\u017ei\u0165 v majstrovstv\u00e1ch a objavova\u0165 nov\u00e9 v\u00fdzvy? Year 1 Pass pon\u00faka:<\/p>\n<ul>\n<li>Exkluz\u00edvne udalosti s odmenami<\/li>\n<li>Pravidelne aktualizovan\u00fd obsah a nov\u00e9 pr\u00eddavky<\/li>\n<li>Pr\u00edstup k extra obsahu bez \u010fal\u0161\u00edch n\u00e1kupov<\/li>\n<li>Roz\u0161iruj\u00face bal\u00ed\u010dky, ktor\u00e9 obohacuj\u00fa celkov\u00fd hern\u00fd z\u00e1\u017eitok<\/li>\n<\/ul>\n<h2>Pridajte sa k najv\u00e4\u010d\u0161ej komunite outdoorov\u00fdch \u0161portovcov<\/h2>\n<p>Presk\u00famajte obrovsk\u00e9 virtu\u00e1lne ihrisko Riders Republic, kde stovky hr\u00e1\u010dov s\u00fa\u0165a\u017eia, spolupracuj\u00fa a za\u017e\u00edvaj\u00fa adrenal\u00ednov\u00e9 ak\u010dn\u00e9 \u0161porty. Prv\u00fd rok prin\u00e1\u0161a mno\u017estvo nov\u00fdch aktiv\u00edt, ktor\u00e9 si nenechajte ujs\u0165. Pripravte sa na nov\u00e9 v\u00fdzvy v ly\u017eovan\u00ed, BMX, motocyklovom \u0161porte, wingsuitingu a \u010fal\u0161\u00edch \u0161portoch!<\/p>\n<p>Nech ste u\u017e sk\u00fasen\u00fd jazdec alebo nov\u00e1\u010dik v extr\u00e9mnych \u0161portoch, Year 1 Pass v\u00e1s udr\u017e\u00ed v centre diania.<\/p>\n<h2>Sta\u0148te sa legendou Riders Republic e\u0161te dnes!<\/h2>\n<p>Z\u00edskajte \u201eRiders Republic: Year 1 Pass\u201c a zabezpe\u010dte si miesto medzi najlep\u0161\u00edmi \u0161portovcami v digit\u00e1lnom svete. V\u0161etky nov\u00e9 funkcie, odmeny a s\u00fa\u0165a\u017ee m\u00e1te na dosah ruky. Vrhajte sa do pretekov, osvojte si nov\u00e9 triky a \u017eite \u017eivot na hrane!<\/p>\n<p><small>Niektor\u00e9 texty boli prelo\u017een\u00e9 strojovo.<\/small><\/div>\n","protected":false},"excerpt":{"rendered":"<p>Roz\u0161\u00edrte svoje z\u00e1\u017eitky z hry Riders Republic s ro\u010dn\u00fdm preukazom Year 1 Pass, ktor\u00fd obsahuje exkluz\u00edvne vybavenie, nov\u00e9 v\u00fdzvy, \u010fal\u0161\u00edch jazdcov a skor\u00fd pr\u00edstup k nadch\u00e1dzaj\u00facemu obsahu. Ponorte sa hlb\u0161ie do ak\u010dn\u00e9ho sveta outdoorov\u00fdch \u0161portov a za\u017e\u00edvajte nov\u00e9 dobrodru\u017estv\u00e1 po cel\u00fd rok.<\/p>\n","protected":false},"featured_media":10052,"comment_status":"open","ping_status":"closed","template":"","meta":{"_acf_changed":false},"product_brand":[],"product_cat":[469,470,398,438,472],"product_tag":[],"class_list":{"0":"post-93914","1":"product","2":"type-product","3":"status-publish","4":"has-post-thumbnail","6":"product_cat-simulatory-xbox-series-x-s-sk","7":"product_cat-sportove-xbox-series-x-s-sk","8":"product_cat-xbox-hry-sk","9":"product_cat-xbox-series-x-s-sk","10":"product_cat-zavodne-xbox-series-x-s-sk","11":"pa_audio-de-de","12":"pa_audio-en-us","13":"pa_audio-fr-fr","15":"pa_countries-at","16":"pa_countries-be","17":"pa_countries-bg","18":"pa_countries-cy","19":"pa_countries-cz","21":"pa_countries-de","22":"pa_countries-dk","23":"pa_countries-ee","24":"pa_countries-es","25":"pa_countries-fi","26":"pa_countries-fr","27":"pa_countries-gr","28":"pa_countries-hu","29":"pa_countries-ie","30":"pa_countries-it","31":"pa_countries-lt","32":"pa_countries-lu","33":"pa_countries-lv","34":"pa_countries-mt","35":"pa_countries-nl","36":"pa_countries-pl","37":"pa_countries-pt","38":"pa_countries-ro","39":"pa_countries-se","40":"pa_countries-si","41":"pa_countries-sk","42":"pa_developer-ubisoft-entertainment","44":"pa_engine-ubisoft-anvil","46":"pa_game_type-dlc","48":"pa_genres-racing","50":"pa_genres-simulator","51":"pa_genres-sport","52":"pa_interface-de-de","53":"pa_interface-en-us","54":"pa_interface-es-es","55":"pa_interface-fr-fr","56":"pa_interface-it-it","57":"pa_interface-ja-jp","58":"pa_interface-ko-kr","60":"pa_interface-zh-cn","61":"pa_interface-zh-tw","62":"pa_keywords-adventure","63":"pa_keywords-riding","64":"pa_keywords-snowboarding","66":"pa_modes-co-operative","67":"pa_modes-multiplayer","69":"pa_modes-single-player","70":"pa_pegi-13428","71":"pa_pegi-927","72":"pa_platform-xbox-one-xbox-series-x-s","74":"pa_player_perspectives-third-person","76":"pa_publisher-ubisoft-entertainment","78":"pa_rating-14441","79":"pa_rating-773","80":"pa_region-europe","82":"pa_subtitles-de-de","84":"pa_subtitles-en-us","85":"pa_subtitles-es-es","86":"pa_subtitles-fr-fr","87":"pa_subtitles-it-it","88":"pa_subtitles-ja-jp","89":"pa_subtitles-ko-kr","90":"pa_subtitles-zh-cn","91":"pa_subtitles-zh-tw","92":"pa_themes-action","93":"pa_themes-open-world","96":"first","97":"instock","98":"virtual","99":"taxable","100":"purchasable","101":"product-type-simple"},"yoast_head":"<!-- This site is optimized with the Yoast SEO plugin v27.4 - https:\/\/yoast.com\/product\/yoast-seo-wordpress\/ -->\n<title>Riders Republic: Year 1 Pass | BeGamer.cz<\/title>\n<meta name=\"robots\" content=\"index, follow, max-snippet:-1, max-image-preview:large, max-video-preview:-1\" \/>\n<link rel=\"canonical\" href=\"https:\/\/begamer.cz\/sk\/produkt\/riders-republic-year-1-pass-sk\/\" \/>\n<meta property=\"og:locale\" content=\"sk_SK\" \/>\n<meta property=\"og:type\" content=\"article\" \/>\n<meta property=\"og:title\" content=\"Riders Republic: Year 1 Pass | BeGamer.cz\" \/>\n<meta property=\"og:description\" content=\"Roz\u0161\u00edrte svoje z\u00e1\u017eitky z hry Riders Republic s ro\u010dn\u00fdm preukazom Year 1 Pass, ktor\u00fd obsahuje exkluz\u00edvne vybavenie, nov\u00e9 v\u00fdzvy, \u010fal\u0161\u00edch jazdcov a skor\u00fd pr\u00edstup k nadch\u00e1dzaj\u00facemu obsahu. Ponorte sa hlb\u0161ie do ak\u010dn\u00e9ho sveta outdoorov\u00fdch \u0161portov a za\u017e\u00edvajte nov\u00e9 dobrodru\u017estv\u00e1 po cel\u00fd rok.\" \/>\n<meta property=\"og:url\" content=\"https:\/\/begamer.cz\/sk\/produkt\/riders-republic-year-1-pass-sk\/\" \/>\n<meta property=\"og:site_name\" content=\"BeGamer.cz\" \/>\n<meta property=\"article:modified_time\" content=\"2026-03-12T14:16:47+00:00\" \/>\n<meta property=\"og:image\" content=\"https:\/\/begamer.cz\/wp-content\/uploads\/2026\/01\/riders-republic-year-1-pass-4.webp\" \/>\n\t<meta property=\"og:image:width\" content=\"300\" \/>\n\t<meta property=\"og:image:height\" content=\"400\" \/>\n\t<meta property=\"og:image:type\" content=\"image\/webp\" \/>\n<meta name=\"twitter:card\" content=\"summary_large_image\" \/>\n<meta name=\"twitter:label1\" content=\"Predpokladan\u00fd \u010das \u010d\u00edtania\" \/>\n\t<meta name=\"twitter:data1\" content=\"3 min\u00faty\" \/>\n<script type=\"application\/ld+json\" class=\"yoast-schema-graph\">{\"@context\":\"https:\\\/\\\/schema.org\",\"@graph\":[{\"@type\":\"WebPage\",\"@id\":\"https:\\\/\\\/begamer.cz\\\/sk\\\/produkt\\\/riders-republic-year-1-pass-sk\\\/\",\"url\":\"https:\\\/\\\/begamer.cz\\\/sk\\\/produkt\\\/riders-republic-year-1-pass-sk\\\/\",\"name\":\"Riders Republic: Year 1 Pass | BeGamer.cz\",\"isPartOf\":{\"@id\":\"https:\\\/\\\/begamer.cz\\\/sk\\\/#website\"},\"primaryImageOfPage\":{\"@id\":\"https:\\\/\\\/begamer.cz\\\/sk\\\/produkt\\\/riders-republic-year-1-pass-sk\\\/#primaryimage\"},\"image\":{\"@id\":\"https:\\\/\\\/begamer.cz\\\/sk\\\/produkt\\\/riders-republic-year-1-pass-sk\\\/#primaryimage\"},\"thumbnailUrl\":\"https:\\\/\\\/begamer.cz\\\/wp-content\\\/uploads\\\/2026\\\/01\\\/riders-republic-year-1-pass-4.webp\",\"datePublished\":\"2026-01-30T14:54:12+00:00\",\"dateModified\":\"2026-03-12T14:16:47+00:00\",\"breadcrumb\":{\"@id\":\"https:\\\/\\\/begamer.cz\\\/sk\\\/produkt\\\/riders-republic-year-1-pass-sk\\\/#breadcrumb\"},\"inLanguage\":\"sk-SK\",\"potentialAction\":[{\"@type\":\"ReadAction\",\"target\":[\"https:\\\/\\\/begamer.cz\\\/sk\\\/produkt\\\/riders-republic-year-1-pass-sk\\\/\"]}]},{\"@type\":\"ImageObject\",\"inLanguage\":\"sk-SK\",\"@id\":\"https:\\\/\\\/begamer.cz\\\/sk\\\/produkt\\\/riders-republic-year-1-pass-sk\\\/#primaryimage\",\"url\":\"https:\\\/\\\/begamer.cz\\\/wp-content\\\/uploads\\\/2026\\\/01\\\/riders-republic-year-1-pass-4.webp\",\"contentUrl\":\"https:\\\/\\\/begamer.cz\\\/wp-content\\\/uploads\\\/2026\\\/01\\\/riders-republic-year-1-pass-4.webp\",\"width\":300,\"height\":400},{\"@type\":\"BreadcrumbList\",\"@id\":\"https:\\\/\\\/begamer.cz\\\/sk\\\/produkt\\\/riders-republic-year-1-pass-sk\\\/#breadcrumb\",\"itemListElement\":[{\"@type\":\"ListItem\",\"position\":1,\"name\":\"Domov\",\"item\":\"https:\\\/\\\/begamer.cz\\\/sk\\\/\"},{\"@type\":\"ListItem\",\"position\":2,\"name\":\"Obchod\",\"item\":\"https:\\\/\\\/begamer.cz\\\/obchod\\\/\"},{\"@type\":\"ListItem\",\"position\":3,\"name\":\"Riders Republic: Year 1 Pass\"}]},{\"@type\":\"WebSite\",\"@id\":\"https:\\\/\\\/begamer.cz\\\/sk\\\/#website\",\"url\":\"https:\\\/\\\/begamer.cz\\\/sk\\\/\",\"name\":\"BeGamer.cz\",\"description\":\"\",\"publisher\":{\"@id\":\"https:\\\/\\\/begamer.cz\\\/sk\\\/#organization\"},\"potentialAction\":[{\"@type\":\"SearchAction\",\"target\":{\"@type\":\"EntryPoint\",\"urlTemplate\":\"https:\\\/\\\/begamer.cz\\\/sk\\\/?s={search_term_string}\"},\"query-input\":{\"@type\":\"PropertyValueSpecification\",\"valueRequired\":true,\"valueName\":\"search_term_string\"}}],\"inLanguage\":\"sk-SK\"},{\"@type\":\"Organization\",\"@id\":\"https:\\\/\\\/begamer.cz\\\/sk\\\/#organization\",\"name\":\"BeGamer.cz\",\"url\":\"https:\\\/\\\/begamer.cz\\\/sk\\\/\",\"logo\":{\"@type\":\"ImageObject\",\"inLanguage\":\"sk-SK\",\"@id\":\"https:\\\/\\\/begamer.cz\\\/sk\\\/#\\\/schema\\\/logo\\\/image\\\/\",\"url\":\"https:\\\/\\\/begamer.cz\\\/wp-content\\\/uploads\\\/2025\\\/07\\\/logo.svg\",\"contentUrl\":\"https:\\\/\\\/begamer.cz\\\/wp-content\\\/uploads\\\/2025\\\/07\\\/logo.svg\",\"caption\":\"BeGamer.cz\"},\"image\":{\"@id\":\"https:\\\/\\\/begamer.cz\\\/sk\\\/#\\\/schema\\\/logo\\\/image\\\/\"}}]}<\/script>\n<!-- \/ Yoast SEO plugin. -->","yoast_head_json":{"title":"Riders Republic: Year 1 Pass | BeGamer.cz","robots":{"index":"index","follow":"follow","max-snippet":"max-snippet:-1","max-image-preview":"max-image-preview:large","max-video-preview":"max-video-preview:-1"},"canonical":"https:\/\/begamer.cz\/sk\/produkt\/riders-republic-year-1-pass-sk\/","og_locale":"sk_SK","og_type":"article","og_title":"Riders Republic: Year 1 Pass | BeGamer.cz","og_description":"Roz\u0161\u00edrte svoje z\u00e1\u017eitky z hry Riders Republic s ro\u010dn\u00fdm preukazom Year 1 Pass, ktor\u00fd obsahuje exkluz\u00edvne vybavenie, nov\u00e9 v\u00fdzvy, \u010fal\u0161\u00edch jazdcov a skor\u00fd pr\u00edstup k nadch\u00e1dzaj\u00facemu obsahu. Ponorte sa hlb\u0161ie do ak\u010dn\u00e9ho sveta outdoorov\u00fdch \u0161portov a za\u017e\u00edvajte nov\u00e9 dobrodru\u017estv\u00e1 po cel\u00fd rok.","og_url":"https:\/\/begamer.cz\/sk\/produkt\/riders-republic-year-1-pass-sk\/","og_site_name":"BeGamer.cz","article_modified_time":"2026-03-12T14:16:47+00:00","og_image":[{"width":300,"height":400,"url":"https:\/\/begamer.cz\/wp-content\/uploads\/2026\/01\/riders-republic-year-1-pass-4.webp","type":"image\/webp"}],"twitter_card":"summary_large_image","twitter_misc":{"Predpokladan\u00fd \u010das \u010d\u00edtania":"3 min\u00faty"},"schema":{"@context":"https:\/\/schema.org","@graph":[{"@type":"WebPage","@id":"https:\/\/begamer.cz\/sk\/produkt\/riders-republic-year-1-pass-sk\/","url":"https:\/\/begamer.cz\/sk\/produkt\/riders-republic-year-1-pass-sk\/","name":"Riders Republic: Year 1 Pass | BeGamer.cz","isPartOf":{"@id":"https:\/\/begamer.cz\/sk\/#website"},"primaryImageOfPage":{"@id":"https:\/\/begamer.cz\/sk\/produkt\/riders-republic-year-1-pass-sk\/#primaryimage"},"image":{"@id":"https:\/\/begamer.cz\/sk\/produkt\/riders-republic-year-1-pass-sk\/#primaryimage"},"thumbnailUrl":"https:\/\/begamer.cz\/wp-content\/uploads\/2026\/01\/riders-republic-year-1-pass-4.webp","datePublished":"2026-01-30T14:54:12+00:00","dateModified":"2026-03-12T14:16:47+00:00","breadcrumb":{"@id":"https:\/\/begamer.cz\/sk\/produkt\/riders-republic-year-1-pass-sk\/#breadcrumb"},"inLanguage":"sk-SK","potentialAction":[{"@type":"ReadAction","target":["https:\/\/begamer.cz\/sk\/produkt\/riders-republic-year-1-pass-sk\/"]}]},{"@type":"ImageObject","inLanguage":"sk-SK","@id":"https:\/\/begamer.cz\/sk\/produkt\/riders-republic-year-1-pass-sk\/#primaryimage","url":"https:\/\/begamer.cz\/wp-content\/uploads\/2026\/01\/riders-republic-year-1-pass-4.webp","contentUrl":"https:\/\/begamer.cz\/wp-content\/uploads\/2026\/01\/riders-republic-year-1-pass-4.webp","width":300,"height":400},{"@type":"BreadcrumbList","@id":"https:\/\/begamer.cz\/sk\/produkt\/riders-republic-year-1-pass-sk\/#breadcrumb","itemListElement":[{"@type":"ListItem","position":1,"name":"Domov","item":"https:\/\/begamer.cz\/sk\/"},{"@type":"ListItem","position":2,"name":"Obchod","item":"https:\/\/begamer.cz\/obchod\/"},{"@type":"ListItem","position":3,"name":"Riders Republic: Year 1 Pass"}]},{"@type":"WebSite","@id":"https:\/\/begamer.cz\/sk\/#website","url":"https:\/\/begamer.cz\/sk\/","name":"BeGamer.cz","description":"","publisher":{"@id":"https:\/\/begamer.cz\/sk\/#organization"},"potentialAction":[{"@type":"SearchAction","target":{"@type":"EntryPoint","urlTemplate":"https:\/\/begamer.cz\/sk\/?s={search_term_string}"},"query-input":{"@type":"PropertyValueSpecification","valueRequired":true,"valueName":"search_term_string"}}],"inLanguage":"sk-SK"},{"@type":"Organization","@id":"https:\/\/begamer.cz\/sk\/#organization","name":"BeGamer.cz","url":"https:\/\/begamer.cz\/sk\/","logo":{"@type":"ImageObject","inLanguage":"sk-SK","@id":"https:\/\/begamer.cz\/sk\/#\/schema\/logo\/image\/","url":"https:\/\/begamer.cz\/wp-content\/uploads\/2025\/07\/logo.svg","contentUrl":"https:\/\/begamer.cz\/wp-content\/uploads\/2025\/07\/logo.svg","caption":"BeGamer.cz"},"image":{"@id":"https:\/\/begamer.cz\/sk\/#\/schema\/logo\/image\/"}}]}},"acf":[],"_links":{"self":[{"href":"https:\/\/begamer.cz\/sk\/wp-json\/wp\/v2\/product\/93914","targetHints":{"allow":["GET"]}}],"collection":[{"href":"https:\/\/begamer.cz\/sk\/wp-json\/wp\/v2\/product"}],"about":[{"href":"https:\/\/begamer.cz\/sk\/wp-json\/wp\/v2\/types\/product"}],"replies":[{"embeddable":true,"href":"https:\/\/begamer.cz\/sk\/wp-json\/wp\/v2\/comments?post=93914"}],"wp:featuredmedia":[{"embeddable":true,"href":"https:\/\/begamer.cz\/sk\/wp-json\/wp\/v2\/media\/10052"}],"wp:attachment":[{"href":"https:\/\/begamer.cz\/sk\/wp-json\/wp\/v2\/media?parent=93914"}],"wp:term":[{"taxonomy":"product_brand","embeddable":true,"href":"https:\/\/begamer.cz\/sk\/wp-json\/wp\/v2\/product_brand?post=93914"},{"taxonomy":"product_cat","embeddable":true,"href":"https:\/\/begamer.cz\/sk\/wp-json\/wp\/v2\/product_cat?post=93914"},{"taxonomy":"product_tag","embeddable":true,"href":"https:\/\/begamer.cz\/sk\/wp-json\/wp\/v2\/product_tag?post=93914"}],"curies":[{"name":"wp","href":"https:\/\/api.w.org\/{rel}","templated":true}]}}