{"id":93785,"date":"2026-01-30T15:52:10","date_gmt":"2026-01-30T14:52:10","guid":{"rendered":"https:\/\/begamer.cz\/produkt\/dayz-sk\/"},"modified":"2026-03-18T02:48:16","modified_gmt":"2026-03-18T01:48:16","slug":"dayz-sk","status":"publish","type":"product","link":"https:\/\/begamer.cz\/sk\/produkt\/dayz-sk\/","title":{"rendered":"DayZ"},"content":{"rendered":"<h1>O hre<\/h1>\n<h2>Toto je v\u00e1\u0161 pr\u00edbeh<\/h2>\n<p>DayZ je hardcore survival hra, v ktorej sa hr\u00e1\u010di musia sna\u017ei\u0165 pre\u017ei\u0165 v postapokalyptickom svete ob\u00fdvanom \u0161ialen\u00fdmi infikovan\u00fdmi a \u010fal\u0161\u00edmi pre\u017eiv\u0161\u00edmi. DayZ obsahuje p\u00f4vodn\u00fd ter\u00e9n Chernarus a ter\u00e9n Livonia.<\/p>\n<p>Chernarus \u2013 Kultov\u00fd ter\u00e9n DayZ, ktor\u00fd sa nach\u00e1dza v postsovietskom \u0161t\u00e1te Chernarus a zah\u0155\u0148a 230 km2 ru\u010dne vytvoren\u00e9ho prostredia zalo\u017een\u00e9ho na re\u00e1lnych lokalit\u00e1ch.<\/p>\n<p>Livonia \u2013 Hust\u00e1 mapa s rozlohou 163 km2 umo\u017e\u0148uje hr\u00e1\u010dom za\u017ei\u0165 hardcore survival hit v \u00faplne novom prostred\u00ed. Hr\u00e1\u010di m\u00f4\u017eu otestova\u0165 svoje survival zru\u010dnosti t\u00fdm, \u017ee sa vydaj\u00fa do nezn\u00e1mej krajiny Livonia a uvidia, ako dlho vydr\u017eia v tomto smrte\u013enej\u0161om svete ako kedyko\u013evek predt\u00fdm.<\/p>\n<h2>Stretnite sa s ostatn\u00fdmi<\/h2>\n<p>A\u017e 60 hr\u00e1\u010dov bojuje o pre\u017eitie v\u0161etk\u00fdmi prostriedkami v danom \u010dase. Nadvia\u017ete priate\u013estv\u00e1, zab\u00edjajte na poh\u013ead, stavajte z\u00e1klad\u0148u alebo riskujte zradu kv\u00f4li plechovke chutn\u00fdch faz\u00fa\u013e. Pou\u017e\u00edvajte VOIP na komunik\u00e1ciu s ostatn\u00fdmi hr\u00e1\u010dmi pod\u013ea vlastn\u00e9ho uv\u00e1\u017eenia. Ka\u017ed\u00e9 stretnutie je d\u00f4le\u017eit\u00e9, ke\u010f je v\u00e1\u0161 \u017eivot neust\u00e1le v ohrozen\u00ed. Bu\u010fte opatrn\u00ed. Bu\u010fte ostra\u017eit\u00ed. Nikomu neverte.<\/p>\n<h2>Pre\u017eite Chernarus<\/h2>\n<p>Nakazen\u00ed nie s\u00fa jedin\u00ed, o ktor\u00fdch sa mus\u00edte stara\u0165 \u2013 s\u00fa tu aj divok\u00e9 zvierat\u00e1 a \u017eivly. Vyh\u00fdbajte sa svor\u00e1m vlkov a besn\u00fdm medve\u010fom, n\u00e1jdite \u00fakryt pred prudk\u00fdm da\u017e\u010fom, h\u013eadajte svetlo v tme noci. Budete sa tie\u017e musie\u0165 nau\u010di\u0165 zlo\u017eit\u00e9 mechaniky pre\u017eitia t\u00fdkaj\u00face sa hladu, sm\u00e4du, telesnej teploty a \u010fal\u0161\u00edch vec\u00ed.<\/p>\n<h2>Zbierajte koris\u0165<\/h2>\n<p>V\u017edy sa uistite, \u017ee m\u00e1te pripraven\u00fa v\u00fdbavu. Opravte po\u0161koden\u00e9 oble\u010denie, vyrobte improvizovan\u00e9 predmety a vyberte sa do zdanlivo m\u0155tvych miest, aby ste nazbierali cenn\u00e9 zdroje. Opravte auto a ukryte ho vo svojej tajnej z\u00e1kladni pod krytom dobre umiestnen\u00fdch pasc\u00ed. Ak sa odv\u00e1\u017eite, vst\u00fapte do kontaminovan\u00fdch z\u00f3n a majte o\u010di na stopk\u00e1ch, aby ste na\u0161li cenn\u00fa koris\u0165. Nezabudnite, \u017ee bez kompletn\u00e9ho ochrann\u00e9ho obleku a plynov\u00fdch masiek sa \u010faleko nedostanete.<\/p>\n<h2>Vystre\u013ete<\/h2>\n<p>Intenz\u00edvna PvP akcia m\u00f4\u017ee vypukn\u00fa\u0165 kdeko\u013evek a kedyko\u013evek, najm\u00e4 v hor\u00facich bodoch, ako s\u00fa opusten\u00e9 vojensk\u00e9 z\u00e1kladne, kde s\u00fa na dennom poriadku nap\u00ednav\u00e9 prestrelky. Niektor\u00ed pre\u017eiv\u0161\u00ed chc\u00fa va\u0161u koris\u0165, in\u00ed jednoducho lovia pre z\u00e1bavu. A potom s\u00fa tu t\u00ed, ktor\u00ed sa boja, \u017ee vystrel\u00edte ako prv\u00fd. Nau\u010dte sa bojova\u0165 a vedzte, kedy nastal \u010das prehltn\u00fa\u0165 svoju hrdos\u0165 a utiec\u0165. Jedna gu\u013eka m\u00f4\u017ee zmeni\u0165 absol\u00fatne v\u0161etko. V\u017edy si str\u00e1\u017ete chrb\u00e1t.<\/p>\n<h2>Nain\u0161talujte modifik\u00e1cie<\/h2>\n<p>Nav\u0161t\u00edvte Steam Workshop a n\u00e1jdite si server, ktor\u00fd v\u00e1m vyhovuje. Pridajte sa k akt\u00edvnej komunite podobne zm\u00fd\u0161\u013eaj\u00facich hr\u00e1\u010dov a prisp\u00f4sobte si DayZ pod\u013ea svojho vkusu. Prehliadajte tis\u00edce funkci\u00ed, m\u00e1p a zbran\u00ed vytvoren\u00fdch fan\u00fa\u0161ikmi, ktor\u00e9 sa daj\u00fa \u013eahko spravova\u0165 priamo z hern\u00e9ho sp\u00fa\u0161\u0165a\u010da.<\/p>\n<h2>Vst\u00fapte do Livonie<\/h2>\n<p>Livonia je pln\u00e1 divokej zveri, ru\u00edn a skryt\u00fdch miest a pon\u00faka 163 km2 pol\u00ed, lesov a tajomnej krajiny \u2013 jedine\u010dn\u00fd nov\u00fd z\u00e1\u017eitok, ktor\u00fd oslov\u00ed nov\u00e1\u010dikov aj veter\u00e1nov DayZ.<\/p>\n<h2>Presk\u00famajte krajinu<\/h2>\n<p>Na odv\u00e1\u017enych a dobrodru\u017en\u00fdch hr\u00e1\u010dov \u010dak\u00e1 vzru\u0161uj\u00faca paleta neobjavovan\u00fdch miest. Presk\u00famajte temn\u00e9 mo\u010dariny, opusten\u00e9 po\u013eovn\u00edcke chaty, p\u00edly a odlesnen\u00e9 oblasti, ako aj obrovsk\u00e9 lomy s \u00fakrytmi zvy\u0161kov v\u00fdbu\u0161n\u00edn.<\/p>\n<h2>Sledujte medve\u010fa<\/h2>\n<p>Z\u00e1soby potrav\u00edn v Livonii s\u00fa obmedzen\u00e9. Ak chcete pre\u017ei\u0165, budete sa musie\u0165 nau\u010di\u0165 lovi\u0165, ryba\u010di\u0165 a zbiera\u0165 potravu v ne\u00faprosnej divo\u010dine. Na\u0161\u0165astie sa zd\u00e1, \u017ee krajina je teraz \u017eiv\u0161ia ako kedyko\u013evek pred apokalypsou.<\/p>\n<h2>Objavte tajomstvo<\/h2>\n<p>Vyberte sa na juh a n\u00e1jdite skryt\u00fd vchod, ktor\u00fd vedie do tajomn\u00e9ho podzemn\u00e9ho komplexu. Nezabudnite si so sebou vzia\u0165 priate\u013ea, ke\u010f budete h\u013eada\u0165 cestu dovn\u00fatra. A nezabudnite si vzia\u0165 so sebou nejak\u00e9 z\u00e1soby, najm\u00e4 baterku. Inak sa m\u00f4\u017eete strati\u0165 v temnom bludisku chodieb, ktor\u00e9 \u010dak\u00e1 na v\u0161etk\u00fdch, ktor\u00ed vst\u00fapia dovn\u00fatra.<\/p>\n","protected":false},"excerpt":{"rendered":"<p>Ako dlho dok\u00e1\u017eete pre\u017ei\u0165 v postapokalyptickom svete? V krajine, ktor\u00fa zaplavili infikovan\u00ed \u201ezombie\u201c, kde s\u00faper\u00edte s ostatn\u00fdmi pre\u017eiv\u0161\u00edmi o obmedzen\u00e9 zdroje. Spoj\u00edte sa s cudz\u00edmi \u013eu\u010fmi a budete spolu siln\u00ed? Alebo budete hra\u0165 ako osamel\u00fd vlk, aby ste sa vyhli zrade? Toto je DayZ \u2013 toto je v\u00e1\u0161 pr\u00edbeh.<\/p>\n","protected":false},"featured_media":9398,"comment_status":"open","ping_status":"closed","template":"","meta":{"_acf_changed":false},"product_brand":[],"product_cat":[268,266,314,312,9064,9082],"product_tag":[],"class_list":{"0":"post-93785","1":"product","2":"type-product","3":"status-publish","4":"has-post-thumbnail","6":"product_cat-pc-sk","7":"product_cat-pc-hry-sk","8":"product_cat-simulatory-pc-hry-sk","9":"product_cat-steam-pc-sk","10":"product_cat-strielacky-3","11":"product_cat-takticke-3","12":"pa_audio-en-us","14":"pa_countries-ad","15":"pa_countries-ae","16":"pa_countries-af","17":"pa_countries-ag","18":"pa_countries-ai","19":"pa_countries-al","20":"pa_countries-am","21":"pa_countries-ao","22":"pa_countries-aq","23":"pa_countries-ar","24":"pa_countries-as","25":"pa_countries-at","26":"pa_countries-au","27":"pa_countries-aw","28":"pa_countries-ax","29":"pa_countries-az","30":"pa_countries-ba","31":"pa_countries-bb","32":"pa_countries-bd","33":"pa_countries-be","34":"pa_countries-bf","35":"pa_countries-bg","36":"pa_countries-bh","37":"pa_countries-bi","38":"pa_countries-bj","39":"pa_countries-bl","40":"pa_countries-bm","41":"pa_countries-bn","42":"pa_countries-bo","43":"pa_countries-bq","44":"pa_countries-br","45":"pa_countries-bs","46":"pa_countries-bt","47":"pa_countries-bv","48":"pa_countries-bw","49":"pa_countries-bz","50":"pa_countries-ca","51":"pa_countries-cc","52":"pa_countries-cd","53":"pa_countries-cf","54":"pa_countries-cg","55":"pa_countries-ch","56":"pa_countries-ci","57":"pa_countries-ck","58":"pa_countries-cl","59":"pa_countries-cm","60":"pa_countries-cn","61":"pa_countries-co","62":"pa_countries-cr","63":"pa_countries-cu","64":"pa_countries-cv","65":"pa_countries-cw","66":"pa_countries-cx","67":"pa_countries-cy","68":"pa_countries-cz","69":"pa_countries-de","70":"pa_countries-dj","71":"pa_countries-dk","72":"pa_countries-dm","73":"pa_countries-do","74":"pa_countries-dz","75":"pa_countries-ec","76":"pa_countries-ee","77":"pa_countries-eg","78":"pa_countries-eh","79":"pa_countries-er","80":"pa_countries-es","81":"pa_countries-et","82":"pa_countries-fi","83":"pa_countries-fj","84":"pa_countries-fk","85":"pa_countries-fm","86":"pa_countries-fo","87":"pa_countries-fr","88":"pa_countries-ga","89":"pa_countries-gb","90":"pa_countries-gd","91":"pa_countries-ge","92":"pa_countries-gf","93":"pa_countries-gg","94":"pa_countries-gh","95":"pa_countries-gi","96":"pa_countries-gl","97":"pa_countries-gm","98":"pa_countries-gn","99":"pa_countries-gp","100":"pa_countries-gq","101":"pa_countries-gr","102":"pa_countries-gs","103":"pa_countries-gt","104":"pa_countries-gu","105":"pa_countries-gw","106":"pa_countries-gy","107":"pa_countries-hk","108":"pa_countries-hm","109":"pa_countries-hn","110":"pa_countries-hr","111":"pa_countries-ht","112":"pa_countries-hu","113":"pa_countries-id","114":"pa_countries-ie","115":"pa_countries-il","116":"pa_countries-im","117":"pa_countries-in","118":"pa_countries-io","119":"pa_countries-iq","120":"pa_countries-ir","121":"pa_countries-is","122":"pa_countries-it","123":"pa_countries-je","124":"pa_countries-jm","125":"pa_countries-jo","126":"pa_countries-jp","127":"pa_countries-ke","128":"pa_countries-kg","129":"pa_countries-kh","130":"pa_countries-ki","131":"pa_countries-km","132":"pa_countries-kn","133":"pa_countries-kp","134":"pa_countries-kr","135":"pa_countries-kw","136":"pa_countries-ky","137":"pa_countries-kz","138":"pa_countries-la","139":"pa_countries-lb","140":"pa_countries-lc","141":"pa_countries-li","142":"pa_countries-lk","143":"pa_countries-lr","144":"pa_countries-ls","145":"pa_countries-lt","146":"pa_countries-lu","147":"pa_countries-lv","148":"pa_countries-ly","149":"pa_countries-ma","150":"pa_countries-mc","151":"pa_countries-md","152":"pa_countries-me","153":"pa_countries-mf","154":"pa_countries-mg","155":"pa_countries-mh","156":"pa_countries-mk","157":"pa_countries-ml","158":"pa_countries-mm","159":"pa_countries-mn","160":"pa_countries-mo","161":"pa_countries-mp","162":"pa_countries-mq","163":"pa_countries-mr","164":"pa_countries-ms","165":"pa_countries-mt","166":"pa_countries-mu","167":"pa_countries-mv","168":"pa_countries-mw","169":"pa_countries-mx","170":"pa_countries-my","171":"pa_countries-mz","172":"pa_countries-na","173":"pa_countries-nc","174":"pa_countries-ne","175":"pa_countries-nf","176":"pa_countries-ng","177":"pa_countries-ni","178":"pa_countries-nl","179":"pa_countries-no","180":"pa_countries-np","181":"pa_countries-nr","182":"pa_countries-nu","183":"pa_countries-nz","184":"pa_countries-om","185":"pa_countries-pa","186":"pa_countries-pe","187":"pa_countries-pf","188":"pa_countries-pg","189":"pa_countries-ph","190":"pa_countries-pk","191":"pa_countries-pl","192":"pa_countries-pm","193":"pa_countries-pn","194":"pa_countries-pr","195":"pa_countries-ps","196":"pa_countries-pt","197":"pa_countries-pw","198":"pa_countries-py","199":"pa_countries-qa","200":"pa_countries-re","201":"pa_countries-ro","202":"pa_countries-rs","203":"pa_countries-rw","204":"pa_countries-sa","205":"pa_countries-sb","206":"pa_countries-sc","207":"pa_countries-sd","208":"pa_countries-se","209":"pa_countries-sg","210":"pa_countries-sh","211":"pa_countries-si","212":"pa_countries-sj","213":"pa_countries-sk","214":"pa_countries-sl","215":"pa_countries-sm","216":"pa_countries-sn","217":"pa_countries-so","218":"pa_countries-sr","219":"pa_countries-ss","221":"pa_countries-st","222":"pa_countries-sv","223":"pa_countries-sx","224":"pa_countries-sy","225":"pa_countries-sz","226":"pa_countries-tc","227":"pa_countries-td","228":"pa_countries-tf","229":"pa_countries-tg","230":"pa_countries-th","231":"pa_countries-tj","232":"pa_countries-tk","233":"pa_countries-tl","234":"pa_countries-tm","235":"pa_countries-tn","236":"pa_countries-to","237":"pa_countries-tr","238":"pa_countries-tt","239":"pa_countries-tv","240":"pa_countries-tw","241":"pa_countries-tz","242":"pa_countries-ua","243":"pa_countries-ug","244":"pa_countries-um","245":"pa_countries-us","246":"pa_countries-uy","247":"pa_countries-uz","248":"pa_countries-va","249":"pa_countries-vc","250":"pa_countries-ve","251":"pa_countries-vg","252":"pa_countries-vi","253":"pa_countries-vn","254":"pa_countries-vu","255":"pa_countries-wf","256":"pa_countries-ws","257":"pa_countries-xk","259":"pa_countries-ye","260":"pa_countries-yt","261":"pa_countries-za","262":"pa_countries-zm","263":"pa_countries-zw","264":"pa_developer-bohemia-interactive-studio","266":"pa_engine-enfusion","268":"pa_game_type-main_game","270":"pa_genres-adventure","271":"pa_genres-indie","273":"pa_genres-role-playing-rpg","274":"pa_genres-shooter","275":"pa_genres-simulator","276":"pa_genres-tactical","278":"pa_interface-cs-cz","279":"pa_interface-de-de","280":"pa_interface-en-us","281":"pa_interface-es-es","282":"pa_interface-fr-fr","283":"pa_interface-it-it","284":"pa_interface-ja-jp","285":"pa_interface-pl-pl","286":"pa_interface-pt-br","288":"pa_interface-ru-ru","290":"pa_interface-zh-cn","291":"pa_interface-zh-tw","292":"pa_keywords-building","294":"pa_keywords-gamescom-2012","295":"pa_keywords-gamescom-2013","296":"pa_keywords-gamescom-2014","297":"pa_keywords-mod-origin","298":"pa_keywords-online","299":"pa_keywords-permadeath","300":"pa_keywords-persistent-world","301":"pa_keywords-player-vs-player","302":"pa_keywords-post-apocalyptic","303":"pa_keywords-resource-gathering","304":"pa_keywords-survival-horror","306":"pa_keywords-text-dialogue","307":"pa_keywords-undead-invasion","308":"pa_keywords-valve-anti-cheat","309":"pa_keywords-zombies","310":"pa_modes-battle-royale","312":"pa_modes-co-operative","313":"pa_modes-massively-multiplayer-online-mmo","315":"pa_modes-multiplayer","316":"pa_pegi-13426","317":"pa_pegi-794","318":"pa_platform-pc-steam","320":"pa_player_perspectives-first-person","322":"pa_player_perspectives-third-person","324":"pa_publisher-bohemia-interactive-studio","326":"pa_rating-1482","327":"pa_rating-14527","328":"pa_region-global","330":"pa_subtitles-cs-cz","331":"pa_subtitles-de-de","333":"pa_subtitles-en-us","334":"pa_subtitles-es-es","335":"pa_subtitles-fr-fr","336":"pa_subtitles-it-it","337":"pa_subtitles-ja-jp","338":"pa_subtitles-pl-pl","339":"pa_subtitles-pt-br","340":"pa_subtitles-ru-ru","342":"pa_subtitles-zh-cn","343":"pa_subtitles-zh-tw","344":"pa_themes-action","345":"pa_themes-drama","347":"pa_themes-horror","348":"pa_themes-open-world","349":"pa_themes-sandbox","350":"pa_themes-survival","351":"pa_themes-thriller","352":"pa_themes-warfare","355":"first","356":"instock","357":"virtual","358":"taxable","359":"purchasable","360":"product-type-simple"},"yoast_head":"<!-- This site is optimized with the Yoast SEO plugin v27.3 - https:\/\/yoast.com\/product\/yoast-seo-wordpress\/ -->\n<title>DayZ | BeGamer.cz<\/title>\n<meta name=\"robots\" content=\"index, follow, max-snippet:-1, max-image-preview:large, max-video-preview:-1\" \/>\n<link rel=\"canonical\" href=\"https:\/\/begamer.cz\/sk\/produkt\/dayz-sk\/\" \/>\n<meta property=\"og:locale\" content=\"sk_SK\" \/>\n<meta property=\"og:type\" content=\"article\" \/>\n<meta property=\"og:title\" content=\"DayZ | BeGamer.cz\" \/>\n<meta property=\"og:description\" content=\"Ako dlho dok\u00e1\u017eete pre\u017ei\u0165 v postapokalyptickom svete? V krajine, ktor\u00fa zaplavili infikovan\u00ed \u201ezombie\u201c, kde s\u00faper\u00edte s ostatn\u00fdmi pre\u017eiv\u0161\u00edmi o obmedzen\u00e9 zdroje. Spoj\u00edte sa s cudz\u00edmi \u013eu\u010fmi a budete spolu siln\u00ed? Alebo budete hra\u0165 ako osamel\u00fd vlk, aby ste sa vyhli zrade? Toto je DayZ \u2013 toto je v\u00e1\u0161 pr\u00edbeh.\" \/>\n<meta property=\"og:url\" content=\"https:\/\/begamer.cz\/sk\/produkt\/dayz-sk\/\" \/>\n<meta property=\"og:site_name\" content=\"BeGamer.cz\" \/>\n<meta property=\"article:modified_time\" content=\"2026-03-18T01:48:16+00:00\" \/>\n<meta property=\"og:image\" content=\"https:\/\/begamer.cz\/wp-content\/uploads\/2026\/01\/dayz-9.webp\" \/>\n\t<meta property=\"og:image:width\" content=\"300\" \/>\n\t<meta property=\"og:image:height\" content=\"400\" \/>\n\t<meta property=\"og:image:type\" content=\"image\/webp\" \/>\n<meta name=\"twitter:card\" content=\"summary_large_image\" \/>\n<meta name=\"twitter:label1\" content=\"Predpokladan\u00fd \u010das \u010d\u00edtania\" \/>\n\t<meta name=\"twitter:data1\" content=\"4 min\u00faty\" \/>\n<script type=\"application\/ld+json\" class=\"yoast-schema-graph\">{\"@context\":\"https:\\\/\\\/schema.org\",\"@graph\":[{\"@type\":\"WebPage\",\"@id\":\"https:\\\/\\\/begamer.cz\\\/sk\\\/produkt\\\/dayz-sk\\\/\",\"url\":\"https:\\\/\\\/begamer.cz\\\/sk\\\/produkt\\\/dayz-sk\\\/\",\"name\":\"DayZ | BeGamer.cz\",\"isPartOf\":{\"@id\":\"https:\\\/\\\/begamer.cz\\\/sk\\\/#website\"},\"primaryImageOfPage\":{\"@id\":\"https:\\\/\\\/begamer.cz\\\/sk\\\/produkt\\\/dayz-sk\\\/#primaryimage\"},\"image\":{\"@id\":\"https:\\\/\\\/begamer.cz\\\/sk\\\/produkt\\\/dayz-sk\\\/#primaryimage\"},\"thumbnailUrl\":\"https:\\\/\\\/begamer.cz\\\/wp-content\\\/uploads\\\/2026\\\/01\\\/dayz-9.webp\",\"datePublished\":\"2026-01-30T14:52:10+00:00\",\"dateModified\":\"2026-03-18T01:48:16+00:00\",\"breadcrumb\":{\"@id\":\"https:\\\/\\\/begamer.cz\\\/sk\\\/produkt\\\/dayz-sk\\\/#breadcrumb\"},\"inLanguage\":\"sk-SK\",\"potentialAction\":[{\"@type\":\"ReadAction\",\"target\":[\"https:\\\/\\\/begamer.cz\\\/sk\\\/produkt\\\/dayz-sk\\\/\"]}]},{\"@type\":\"ImageObject\",\"inLanguage\":\"sk-SK\",\"@id\":\"https:\\\/\\\/begamer.cz\\\/sk\\\/produkt\\\/dayz-sk\\\/#primaryimage\",\"url\":\"https:\\\/\\\/begamer.cz\\\/wp-content\\\/uploads\\\/2026\\\/01\\\/dayz-9.webp\",\"contentUrl\":\"https:\\\/\\\/begamer.cz\\\/wp-content\\\/uploads\\\/2026\\\/01\\\/dayz-9.webp\",\"width\":300,\"height\":400},{\"@type\":\"BreadcrumbList\",\"@id\":\"https:\\\/\\\/begamer.cz\\\/sk\\\/produkt\\\/dayz-sk\\\/#breadcrumb\",\"itemListElement\":[{\"@type\":\"ListItem\",\"position\":1,\"name\":\"Domov\",\"item\":\"https:\\\/\\\/begamer.cz\\\/sk\\\/\"},{\"@type\":\"ListItem\",\"position\":2,\"name\":\"Obchod\",\"item\":\"https:\\\/\\\/begamer.cz\\\/obchod\\\/\"},{\"@type\":\"ListItem\",\"position\":3,\"name\":\"DayZ\"}]},{\"@type\":\"WebSite\",\"@id\":\"https:\\\/\\\/begamer.cz\\\/sk\\\/#website\",\"url\":\"https:\\\/\\\/begamer.cz\\\/sk\\\/\",\"name\":\"BeGamer.cz\",\"description\":\"\",\"publisher\":{\"@id\":\"https:\\\/\\\/begamer.cz\\\/sk\\\/#organization\"},\"potentialAction\":[{\"@type\":\"SearchAction\",\"target\":{\"@type\":\"EntryPoint\",\"urlTemplate\":\"https:\\\/\\\/begamer.cz\\\/sk\\\/?s={search_term_string}\"},\"query-input\":{\"@type\":\"PropertyValueSpecification\",\"valueRequired\":true,\"valueName\":\"search_term_string\"}}],\"inLanguage\":\"sk-SK\"},{\"@type\":\"Organization\",\"@id\":\"https:\\\/\\\/begamer.cz\\\/sk\\\/#organization\",\"name\":\"BeGamer.cz\",\"url\":\"https:\\\/\\\/begamer.cz\\\/sk\\\/\",\"logo\":{\"@type\":\"ImageObject\",\"inLanguage\":\"sk-SK\",\"@id\":\"https:\\\/\\\/begamer.cz\\\/sk\\\/#\\\/schema\\\/logo\\\/image\\\/\",\"url\":\"https:\\\/\\\/begamer.cz\\\/wp-content\\\/uploads\\\/2025\\\/07\\\/logo.svg\",\"contentUrl\":\"https:\\\/\\\/begamer.cz\\\/wp-content\\\/uploads\\\/2025\\\/07\\\/logo.svg\",\"caption\":\"BeGamer.cz\"},\"image\":{\"@id\":\"https:\\\/\\\/begamer.cz\\\/sk\\\/#\\\/schema\\\/logo\\\/image\\\/\"}}]}<\/script>\n<!-- \/ Yoast SEO plugin. -->","yoast_head_json":{"title":"DayZ | BeGamer.cz","robots":{"index":"index","follow":"follow","max-snippet":"max-snippet:-1","max-image-preview":"max-image-preview:large","max-video-preview":"max-video-preview:-1"},"canonical":"https:\/\/begamer.cz\/sk\/produkt\/dayz-sk\/","og_locale":"sk_SK","og_type":"article","og_title":"DayZ | BeGamer.cz","og_description":"Ako dlho dok\u00e1\u017eete pre\u017ei\u0165 v postapokalyptickom svete? V krajine, ktor\u00fa zaplavili infikovan\u00ed \u201ezombie\u201c, kde s\u00faper\u00edte s ostatn\u00fdmi pre\u017eiv\u0161\u00edmi o obmedzen\u00e9 zdroje. Spoj\u00edte sa s cudz\u00edmi \u013eu\u010fmi a budete spolu siln\u00ed? Alebo budete hra\u0165 ako osamel\u00fd vlk, aby ste sa vyhli zrade? Toto je DayZ \u2013 toto je v\u00e1\u0161 pr\u00edbeh.","og_url":"https:\/\/begamer.cz\/sk\/produkt\/dayz-sk\/","og_site_name":"BeGamer.cz","article_modified_time":"2026-03-18T01:48:16+00:00","og_image":[{"width":300,"height":400,"url":"https:\/\/begamer.cz\/wp-content\/uploads\/2026\/01\/dayz-9.webp","type":"image\/webp"}],"twitter_card":"summary_large_image","twitter_misc":{"Predpokladan\u00fd \u010das \u010d\u00edtania":"4 min\u00faty"},"schema":{"@context":"https:\/\/schema.org","@graph":[{"@type":"WebPage","@id":"https:\/\/begamer.cz\/sk\/produkt\/dayz-sk\/","url":"https:\/\/begamer.cz\/sk\/produkt\/dayz-sk\/","name":"DayZ | BeGamer.cz","isPartOf":{"@id":"https:\/\/begamer.cz\/sk\/#website"},"primaryImageOfPage":{"@id":"https:\/\/begamer.cz\/sk\/produkt\/dayz-sk\/#primaryimage"},"image":{"@id":"https:\/\/begamer.cz\/sk\/produkt\/dayz-sk\/#primaryimage"},"thumbnailUrl":"https:\/\/begamer.cz\/wp-content\/uploads\/2026\/01\/dayz-9.webp","datePublished":"2026-01-30T14:52:10+00:00","dateModified":"2026-03-18T01:48:16+00:00","breadcrumb":{"@id":"https:\/\/begamer.cz\/sk\/produkt\/dayz-sk\/#breadcrumb"},"inLanguage":"sk-SK","potentialAction":[{"@type":"ReadAction","target":["https:\/\/begamer.cz\/sk\/produkt\/dayz-sk\/"]}]},{"@type":"ImageObject","inLanguage":"sk-SK","@id":"https:\/\/begamer.cz\/sk\/produkt\/dayz-sk\/#primaryimage","url":"https:\/\/begamer.cz\/wp-content\/uploads\/2026\/01\/dayz-9.webp","contentUrl":"https:\/\/begamer.cz\/wp-content\/uploads\/2026\/01\/dayz-9.webp","width":300,"height":400},{"@type":"BreadcrumbList","@id":"https:\/\/begamer.cz\/sk\/produkt\/dayz-sk\/#breadcrumb","itemListElement":[{"@type":"ListItem","position":1,"name":"Domov","item":"https:\/\/begamer.cz\/sk\/"},{"@type":"ListItem","position":2,"name":"Obchod","item":"https:\/\/begamer.cz\/obchod\/"},{"@type":"ListItem","position":3,"name":"DayZ"}]},{"@type":"WebSite","@id":"https:\/\/begamer.cz\/sk\/#website","url":"https:\/\/begamer.cz\/sk\/","name":"BeGamer.cz","description":"","publisher":{"@id":"https:\/\/begamer.cz\/sk\/#organization"},"potentialAction":[{"@type":"SearchAction","target":{"@type":"EntryPoint","urlTemplate":"https:\/\/begamer.cz\/sk\/?s={search_term_string}"},"query-input":{"@type":"PropertyValueSpecification","valueRequired":true,"valueName":"search_term_string"}}],"inLanguage":"sk-SK"},{"@type":"Organization","@id":"https:\/\/begamer.cz\/sk\/#organization","name":"BeGamer.cz","url":"https:\/\/begamer.cz\/sk\/","logo":{"@type":"ImageObject","inLanguage":"sk-SK","@id":"https:\/\/begamer.cz\/sk\/#\/schema\/logo\/image\/","url":"https:\/\/begamer.cz\/wp-content\/uploads\/2025\/07\/logo.svg","contentUrl":"https:\/\/begamer.cz\/wp-content\/uploads\/2025\/07\/logo.svg","caption":"BeGamer.cz"},"image":{"@id":"https:\/\/begamer.cz\/sk\/#\/schema\/logo\/image\/"}}]}},"acf":[],"_links":{"self":[{"href":"https:\/\/begamer.cz\/sk\/wp-json\/wp\/v2\/product\/93785","targetHints":{"allow":["GET"]}}],"collection":[{"href":"https:\/\/begamer.cz\/sk\/wp-json\/wp\/v2\/product"}],"about":[{"href":"https:\/\/begamer.cz\/sk\/wp-json\/wp\/v2\/types\/product"}],"replies":[{"embeddable":true,"href":"https:\/\/begamer.cz\/sk\/wp-json\/wp\/v2\/comments?post=93785"}],"wp:featuredmedia":[{"embeddable":true,"href":"https:\/\/begamer.cz\/sk\/wp-json\/wp\/v2\/media\/9398"}],"wp:attachment":[{"href":"https:\/\/begamer.cz\/sk\/wp-json\/wp\/v2\/media?parent=93785"}],"wp:term":[{"taxonomy":"product_brand","embeddable":true,"href":"https:\/\/begamer.cz\/sk\/wp-json\/wp\/v2\/product_brand?post=93785"},{"taxonomy":"product_cat","embeddable":true,"href":"https:\/\/begamer.cz\/sk\/wp-json\/wp\/v2\/product_cat?post=93785"},{"taxonomy":"product_tag","embeddable":true,"href":"https:\/\/begamer.cz\/sk\/wp-json\/wp\/v2\/product_tag?post=93785"}],"curies":[{"name":"wp","href":"https:\/\/api.w.org\/{rel}","templated":true}]}}