{"id":93740,"date":"2026-01-30T15:51:28","date_gmt":"2026-01-30T14:51:28","guid":{"rendered":"https:\/\/begamer.cz\/produkt\/the-sims-4-eco-lifestyle-sk-1769784690\/"},"modified":"2026-03-18T02:45:07","modified_gmt":"2026-03-18T01:45:07","slug":"the-sims-4-eco-lifestyle-sk-2","status":"publish","type":"product","link":"https:\/\/begamer.cz\/sk\/produkt\/the-sims-4-eco-lifestyle-sk-2\/","title":{"rendered":"The Sims 4: Eco Lifestyle"},"content":{"rendered":"<h1>O hre<\/h1>\n<p>Ste pripraven\u00ed, aby va\u0161i Sim\u00edci ovplyvnili svoj svet? Pres\u0165ahujte sa do komunity spolupracuj\u00facich tvorcov v roz\u0161\u00edren\u00ed The Sims\u2122 4 Eco Lifestyle!* Hrajte, aby ste zmenili a ovplyvnili nov\u00fd svet Evergreen Harbor. Pom\u00f4\u017ete svojim nov\u00fdm susedom rozhodn\u00fa\u0165 sa o projekte komunitn\u00e9ho priestoru, zn\u00ed\u017ete svoju ekologick\u00fa stopu a sledujte, ako sa va\u0161a \u0161tvr\u0165 men\u00ed. Budete prekvapen\u00ed, \u010do sa stane, ke\u010f va\u0161i Sim\u00edci za\u010dn\u00fa vytv\u00e1ra\u0165 pravidl\u00e1.<\/p>\n","protected":false},"excerpt":{"rendered":"<p>Ste pripraven\u00ed, aby va\u0161i Sim\u00edci ovplyvnili svoj svet? Pres\u0165ahujte sa do komunity spolupracuj\u00facich tvorcov v roz\u0161\u00edren\u00ed The Sims\u2122 4 Eco Lifestyle Expansion Pack!* Hrajte, aby ste zmenili a ovplyvnili nov\u00fd svet Evergreen Harbor.<\/p>\n","protected":false},"featured_media":2180,"comment_status":"open","ping_status":"closed","template":"","meta":{"_acf_changed":false},"product_brand":[],"product_cat":[419,431,432,398,400],"product_tag":[],"class_list":{"0":"post-93740","1":"product","2":"type-product","3":"status-publish","4":"has-post-thumbnail","6":"product_cat-adventury-xbox-one-sk","7":"product_cat-rpg-xbox-one-sk","8":"product_cat-simulatory-xbox-one-sk","9":"product_cat-xbox-hry-sk","10":"product_cat-xbox-one-sk","11":"pa_countries-at","12":"pa_countries-be","13":"pa_countries-bg","14":"pa_countries-cy","15":"pa_countries-cz","17":"pa_countries-de","18":"pa_countries-dk","19":"pa_countries-ee","20":"pa_countries-es","21":"pa_countries-fi","22":"pa_countries-fr","23":"pa_countries-gr","24":"pa_countries-hr","25":"pa_countries-hu","26":"pa_countries-ie","27":"pa_countries-it","28":"pa_countries-lt","29":"pa_countries-lu","30":"pa_countries-lv","31":"pa_countries-mt","32":"pa_countries-nl","33":"pa_countries-pl","34":"pa_countries-pt","35":"pa_countries-ro","36":"pa_countries-se","37":"pa_countries-si","38":"pa_countries-sk","39":"pa_developer-maxis","41":"pa_engine-smartsim","43":"pa_franchises-the-sims","45":"pa_game_type-dlc","47":"pa_genres-adventure","48":"pa_genres-role-playing-rpg","50":"pa_genres-simulator","51":"pa_interface-cs-cz","52":"pa_interface-da-dk","53":"pa_interface-de-de","54":"pa_interface-en-us","55":"pa_interface-es-es","56":"pa_interface-fi-fi","57":"pa_interface-fr-fr","58":"pa_interface-it-it","59":"pa_interface-ja-jp","60":"pa_interface-ko-kr","61":"pa_interface-nb-no","63":"pa_interface-nl-nl","64":"pa_interface-pl-pl","65":"pa_interface-pt-br","66":"pa_interface-ru-ru","67":"pa_interface-sv-se","68":"pa_interface-zh-cn","69":"pa_interface-zh-tw","70":"pa_keywords-building","71":"pa_keywords-cartoony","72":"pa_keywords-casual","73":"pa_keywords-character-customization","74":"pa_keywords-cute","75":"pa_keywords-ecological","77":"pa_keywords-family-friendly","78":"pa_keywords-funny","79":"pa_keywords-immersive","80":"pa_keywords-lgbtq","81":"pa_keywords-life-simulation","82":"pa_keywords-realism","83":"pa_keywords-relaxing","84":"pa_modes-single-player","86":"pa_pegi-927","87":"pa_pegi-13428","88":"pa_platform-xbox-one","90":"pa_player_perspectives-bird-view-isometric","92":"pa_player_perspectives-third-person","93":"pa_publisher-electronic-arts","95":"pa_rating-14494","96":"pa_rating-1292","97":"pa_region-europe","99":"pa_themes-comedy","100":"pa_themes-fantasy","101":"pa_themes-romance","103":"pa_themes-sandbox","105":"first","106":"instock","107":"virtual","108":"taxable","109":"purchasable","110":"product-type-simple"},"yoast_head":"<!-- This site is optimized with the Yoast SEO plugin v27.4 - https:\/\/yoast.com\/product\/yoast-seo-wordpress\/ -->\n<title>The Sims 4: Eco Lifestyle | BeGamer.cz<\/title>\n<meta name=\"robots\" content=\"index, follow, max-snippet:-1, max-image-preview:large, max-video-preview:-1\" \/>\n<link rel=\"canonical\" href=\"https:\/\/begamer.cz\/sk\/produkt\/the-sims-4-eco-lifestyle-sk-2\/\" \/>\n<meta property=\"og:locale\" content=\"sk_SK\" \/>\n<meta property=\"og:type\" content=\"article\" \/>\n<meta property=\"og:title\" content=\"The Sims 4: Eco Lifestyle | BeGamer.cz\" \/>\n<meta property=\"og:description\" content=\"Ste pripraven\u00ed, aby va\u0161i Sim\u00edci ovplyvnili svoj svet? Pres\u0165ahujte sa do komunity spolupracuj\u00facich tvorcov v roz\u0161\u00edren\u00ed The Sims\u2122 4 Eco Lifestyle Expansion Pack!* Hrajte, aby ste zmenili a ovplyvnili nov\u00fd svet Evergreen Harbor.\" \/>\n<meta property=\"og:url\" content=\"https:\/\/begamer.cz\/sk\/produkt\/the-sims-4-eco-lifestyle-sk-2\/\" \/>\n<meta property=\"og:site_name\" content=\"BeGamer.cz\" \/>\n<meta property=\"article:modified_time\" content=\"2026-03-18T01:45:07+00:00\" \/>\n<meta property=\"og:image\" content=\"https:\/\/begamer.cz\/wp-content\/uploads\/2026\/01\/the-sims-4-eco-lifestyle-8.webp\" \/>\n\t<meta property=\"og:image:width\" content=\"300\" \/>\n\t<meta property=\"og:image:height\" content=\"400\" \/>\n\t<meta property=\"og:image:type\" content=\"image\/webp\" \/>\n<meta name=\"twitter:card\" content=\"summary_large_image\" \/>\n<script type=\"application\/ld+json\" class=\"yoast-schema-graph\">{\"@context\":\"https:\\\/\\\/schema.org\",\"@graph\":[{\"@type\":\"WebPage\",\"@id\":\"https:\\\/\\\/begamer.cz\\\/sk\\\/produkt\\\/the-sims-4-eco-lifestyle-sk-2\\\/\",\"url\":\"https:\\\/\\\/begamer.cz\\\/sk\\\/produkt\\\/the-sims-4-eco-lifestyle-sk-2\\\/\",\"name\":\"The Sims 4: Eco Lifestyle | BeGamer.cz\",\"isPartOf\":{\"@id\":\"https:\\\/\\\/begamer.cz\\\/sk\\\/#website\"},\"primaryImageOfPage\":{\"@id\":\"https:\\\/\\\/begamer.cz\\\/sk\\\/produkt\\\/the-sims-4-eco-lifestyle-sk-2\\\/#primaryimage\"},\"image\":{\"@id\":\"https:\\\/\\\/begamer.cz\\\/sk\\\/produkt\\\/the-sims-4-eco-lifestyle-sk-2\\\/#primaryimage\"},\"thumbnailUrl\":\"https:\\\/\\\/begamer.cz\\\/wp-content\\\/uploads\\\/2026\\\/01\\\/the-sims-4-eco-lifestyle-8.webp\",\"datePublished\":\"2026-01-30T14:51:28+00:00\",\"dateModified\":\"2026-03-18T01:45:07+00:00\",\"breadcrumb\":{\"@id\":\"https:\\\/\\\/begamer.cz\\\/sk\\\/produkt\\\/the-sims-4-eco-lifestyle-sk-2\\\/#breadcrumb\"},\"inLanguage\":\"sk-SK\",\"potentialAction\":[{\"@type\":\"ReadAction\",\"target\":[\"https:\\\/\\\/begamer.cz\\\/sk\\\/produkt\\\/the-sims-4-eco-lifestyle-sk-2\\\/\"]}]},{\"@type\":\"ImageObject\",\"inLanguage\":\"sk-SK\",\"@id\":\"https:\\\/\\\/begamer.cz\\\/sk\\\/produkt\\\/the-sims-4-eco-lifestyle-sk-2\\\/#primaryimage\",\"url\":\"https:\\\/\\\/begamer.cz\\\/wp-content\\\/uploads\\\/2026\\\/01\\\/the-sims-4-eco-lifestyle-8.webp\",\"contentUrl\":\"https:\\\/\\\/begamer.cz\\\/wp-content\\\/uploads\\\/2026\\\/01\\\/the-sims-4-eco-lifestyle-8.webp\",\"width\":300,\"height\":400},{\"@type\":\"BreadcrumbList\",\"@id\":\"https:\\\/\\\/begamer.cz\\\/sk\\\/produkt\\\/the-sims-4-eco-lifestyle-sk-2\\\/#breadcrumb\",\"itemListElement\":[{\"@type\":\"ListItem\",\"position\":1,\"name\":\"Domov\",\"item\":\"https:\\\/\\\/begamer.cz\\\/sk\\\/\"},{\"@type\":\"ListItem\",\"position\":2,\"name\":\"Obchod\",\"item\":\"https:\\\/\\\/begamer.cz\\\/obchod\\\/\"},{\"@type\":\"ListItem\",\"position\":3,\"name\":\"The Sims 4: Eco Lifestyle\"}]},{\"@type\":\"WebSite\",\"@id\":\"https:\\\/\\\/begamer.cz\\\/sk\\\/#website\",\"url\":\"https:\\\/\\\/begamer.cz\\\/sk\\\/\",\"name\":\"BeGamer.cz\",\"description\":\"\",\"publisher\":{\"@id\":\"https:\\\/\\\/begamer.cz\\\/sk\\\/#organization\"},\"potentialAction\":[{\"@type\":\"SearchAction\",\"target\":{\"@type\":\"EntryPoint\",\"urlTemplate\":\"https:\\\/\\\/begamer.cz\\\/sk\\\/?s={search_term_string}\"},\"query-input\":{\"@type\":\"PropertyValueSpecification\",\"valueRequired\":true,\"valueName\":\"search_term_string\"}}],\"inLanguage\":\"sk-SK\"},{\"@type\":\"Organization\",\"@id\":\"https:\\\/\\\/begamer.cz\\\/sk\\\/#organization\",\"name\":\"BeGamer.cz\",\"url\":\"https:\\\/\\\/begamer.cz\\\/sk\\\/\",\"logo\":{\"@type\":\"ImageObject\",\"inLanguage\":\"sk-SK\",\"@id\":\"https:\\\/\\\/begamer.cz\\\/sk\\\/#\\\/schema\\\/logo\\\/image\\\/\",\"url\":\"https:\\\/\\\/begamer.cz\\\/wp-content\\\/uploads\\\/2025\\\/07\\\/logo.svg\",\"contentUrl\":\"https:\\\/\\\/begamer.cz\\\/wp-content\\\/uploads\\\/2025\\\/07\\\/logo.svg\",\"caption\":\"BeGamer.cz\"},\"image\":{\"@id\":\"https:\\\/\\\/begamer.cz\\\/sk\\\/#\\\/schema\\\/logo\\\/image\\\/\"}}]}<\/script>\n<!-- \/ Yoast SEO plugin. -->","yoast_head_json":{"title":"The Sims 4: Eco Lifestyle | BeGamer.cz","robots":{"index":"index","follow":"follow","max-snippet":"max-snippet:-1","max-image-preview":"max-image-preview:large","max-video-preview":"max-video-preview:-1"},"canonical":"https:\/\/begamer.cz\/sk\/produkt\/the-sims-4-eco-lifestyle-sk-2\/","og_locale":"sk_SK","og_type":"article","og_title":"The Sims 4: Eco Lifestyle | BeGamer.cz","og_description":"Ste pripraven\u00ed, aby va\u0161i Sim\u00edci ovplyvnili svoj svet? Pres\u0165ahujte sa do komunity spolupracuj\u00facich tvorcov v roz\u0161\u00edren\u00ed The Sims\u2122 4 Eco Lifestyle Expansion Pack!* Hrajte, aby ste zmenili a ovplyvnili nov\u00fd svet Evergreen Harbor.","og_url":"https:\/\/begamer.cz\/sk\/produkt\/the-sims-4-eco-lifestyle-sk-2\/","og_site_name":"BeGamer.cz","article_modified_time":"2026-03-18T01:45:07+00:00","og_image":[{"width":300,"height":400,"url":"https:\/\/begamer.cz\/wp-content\/uploads\/2026\/01\/the-sims-4-eco-lifestyle-8.webp","type":"image\/webp"}],"twitter_card":"summary_large_image","schema":{"@context":"https:\/\/schema.org","@graph":[{"@type":"WebPage","@id":"https:\/\/begamer.cz\/sk\/produkt\/the-sims-4-eco-lifestyle-sk-2\/","url":"https:\/\/begamer.cz\/sk\/produkt\/the-sims-4-eco-lifestyle-sk-2\/","name":"The Sims 4: Eco Lifestyle | BeGamer.cz","isPartOf":{"@id":"https:\/\/begamer.cz\/sk\/#website"},"primaryImageOfPage":{"@id":"https:\/\/begamer.cz\/sk\/produkt\/the-sims-4-eco-lifestyle-sk-2\/#primaryimage"},"image":{"@id":"https:\/\/begamer.cz\/sk\/produkt\/the-sims-4-eco-lifestyle-sk-2\/#primaryimage"},"thumbnailUrl":"https:\/\/begamer.cz\/wp-content\/uploads\/2026\/01\/the-sims-4-eco-lifestyle-8.webp","datePublished":"2026-01-30T14:51:28+00:00","dateModified":"2026-03-18T01:45:07+00:00","breadcrumb":{"@id":"https:\/\/begamer.cz\/sk\/produkt\/the-sims-4-eco-lifestyle-sk-2\/#breadcrumb"},"inLanguage":"sk-SK","potentialAction":[{"@type":"ReadAction","target":["https:\/\/begamer.cz\/sk\/produkt\/the-sims-4-eco-lifestyle-sk-2\/"]}]},{"@type":"ImageObject","inLanguage":"sk-SK","@id":"https:\/\/begamer.cz\/sk\/produkt\/the-sims-4-eco-lifestyle-sk-2\/#primaryimage","url":"https:\/\/begamer.cz\/wp-content\/uploads\/2026\/01\/the-sims-4-eco-lifestyle-8.webp","contentUrl":"https:\/\/begamer.cz\/wp-content\/uploads\/2026\/01\/the-sims-4-eco-lifestyle-8.webp","width":300,"height":400},{"@type":"BreadcrumbList","@id":"https:\/\/begamer.cz\/sk\/produkt\/the-sims-4-eco-lifestyle-sk-2\/#breadcrumb","itemListElement":[{"@type":"ListItem","position":1,"name":"Domov","item":"https:\/\/begamer.cz\/sk\/"},{"@type":"ListItem","position":2,"name":"Obchod","item":"https:\/\/begamer.cz\/obchod\/"},{"@type":"ListItem","position":3,"name":"The Sims 4: Eco Lifestyle"}]},{"@type":"WebSite","@id":"https:\/\/begamer.cz\/sk\/#website","url":"https:\/\/begamer.cz\/sk\/","name":"BeGamer.cz","description":"","publisher":{"@id":"https:\/\/begamer.cz\/sk\/#organization"},"potentialAction":[{"@type":"SearchAction","target":{"@type":"EntryPoint","urlTemplate":"https:\/\/begamer.cz\/sk\/?s={search_term_string}"},"query-input":{"@type":"PropertyValueSpecification","valueRequired":true,"valueName":"search_term_string"}}],"inLanguage":"sk-SK"},{"@type":"Organization","@id":"https:\/\/begamer.cz\/sk\/#organization","name":"BeGamer.cz","url":"https:\/\/begamer.cz\/sk\/","logo":{"@type":"ImageObject","inLanguage":"sk-SK","@id":"https:\/\/begamer.cz\/sk\/#\/schema\/logo\/image\/","url":"https:\/\/begamer.cz\/wp-content\/uploads\/2025\/07\/logo.svg","contentUrl":"https:\/\/begamer.cz\/wp-content\/uploads\/2025\/07\/logo.svg","caption":"BeGamer.cz"},"image":{"@id":"https:\/\/begamer.cz\/sk\/#\/schema\/logo\/image\/"}}]}},"acf":[],"_links":{"self":[{"href":"https:\/\/begamer.cz\/sk\/wp-json\/wp\/v2\/product\/93740","targetHints":{"allow":["GET"]}}],"collection":[{"href":"https:\/\/begamer.cz\/sk\/wp-json\/wp\/v2\/product"}],"about":[{"href":"https:\/\/begamer.cz\/sk\/wp-json\/wp\/v2\/types\/product"}],"replies":[{"embeddable":true,"href":"https:\/\/begamer.cz\/sk\/wp-json\/wp\/v2\/comments?post=93740"}],"wp:featuredmedia":[{"embeddable":true,"href":"https:\/\/begamer.cz\/sk\/wp-json\/wp\/v2\/media\/2180"}],"wp:attachment":[{"href":"https:\/\/begamer.cz\/sk\/wp-json\/wp\/v2\/media?parent=93740"}],"wp:term":[{"taxonomy":"product_brand","embeddable":true,"href":"https:\/\/begamer.cz\/sk\/wp-json\/wp\/v2\/product_brand?post=93740"},{"taxonomy":"product_cat","embeddable":true,"href":"https:\/\/begamer.cz\/sk\/wp-json\/wp\/v2\/product_cat?post=93740"},{"taxonomy":"product_tag","embeddable":true,"href":"https:\/\/begamer.cz\/sk\/wp-json\/wp\/v2\/product_tag?post=93740"}],"curies":[{"name":"wp","href":"https:\/\/api.w.org\/{rel}","templated":true}]}}