{"id":93734,"date":"2026-01-30T15:51:21","date_gmt":"2026-01-30T14:51:21","guid":{"rendered":"https:\/\/begamer.cz\/produkt\/the-sims-4-cottage-living-sk-1769784684\/"},"modified":"2026-03-18T02:44:53","modified_gmt":"2026-03-18T01:44:53","slug":"the-sims-4-cottage-living-sk-2","status":"publish","type":"product","link":"https:\/\/begamer.cz\/sk\/produkt\/the-sims-4-cottage-living-sk-2\/","title":{"rendered":"The Sims 4: Cottage Living"},"content":{"rendered":"<h1>O hre<\/h1>\n<p>Vychutnajte si malebn\u00e9 k\u00fazlo roz\u0161\u00edrenia The Sims\u2122 4 Cottage Living s va\u0161imi zvierac\u00edmi priate\u013emi, jedlami priamo zo z\u00e1hrady a \u00fazkou komunitou. Doma varte s rodinou z naj\u010derstvej\u0161\u00edch surov\u00edn. Presk\u00famajte les, spriate\u013ete sa s lesn\u00fdmi zvieratami alebo h\u013eadajte poch\u00fa\u0165ky, alebo sa vyberte do mesta, aby ste sa zozn\u00e1mili s miestnymi obyvate\u013emi. \u010ci u\u017e Sim\u00edci obj\u00edmaj\u00fa kravu, spriate\u013euj\u00fa sa (alebo si robia nepriate\u013eov) so svojimi sliepkami alebo pestuj\u00fa najv\u00e4\u010d\u0161iu zeleninu v okol\u00ed, vidiek je pln\u00fd nov\u00fdch z\u00e1\u017eitkov a sp\u00f4sobov, ako sa spoji\u0165 so svetom okolo nich.<\/p>\n<p><strong>K\u013d\u00da\u010cOV\u00c9 VLASTNOSTI<\/strong><\/p>\n<ul class=\"bb_ul\">\n<li><strong>Chovajte zvierat\u00e1 alebo sa s nimi spriate\u013ete<\/strong> \u2013 Doma v\u00e1m krava poskytuje \u010derstv\u00e9 (ochuten\u00e9!) mlieko pre v\u0161etk\u00fdch, zatia\u013e \u010do sliepky zn\u00e1\u0161aj\u00fa vajcia v kurn\u00edku. Zbierajte l\u00e1mov\u00fa vlnu na remesl\u00e1 a d\u00e1vajte si pozor na zvedav\u00e9 l\u00ed\u0161ky \u2013 tieto otravn\u00e9 zvieratk\u00e1 miluj\u00fa vajcia! V lese d\u00e1vajte pozor na divok\u00fa zver, ako s\u00fa zajace a vt\u00e1ky, aby ste si z\u00edskali ich d\u00f4veru a ob\u010dasn\u00e9 dar\u010deky a pomoc v z\u00e1hrade.<\/li>\n<li><strong>\u017dite z \u00farody zeme<\/strong> \u2014 Urobte varenie a z\u00e1hradn\u00ed\u010denie z\u00e1bavou pre cel\u00fa rodinu. Nov\u00e9 recepty a v\u00fdzvy Lot vy\u017eaduj\u00fa \u010derstv\u00e9 ingrediencie pre ka\u017ed\u00e9 jedlo. Nech u\u017e Simovia pestuj\u00fa vlastn\u00e9 plodiny, nav\u0161tevuj\u00fa dedinsk\u00fd trh alebo h\u013eadaj\u00fa k\u00fasky v divo\u010dine, \u010derstv\u00e9 je najlep\u0161ie! M\u00e1te chu\u0165 na v\u00fdzvu? Sk\u00faste pestova\u0165 nadmern\u00e9 plodiny, aby ste sa mohli zapoji\u0165 do s\u00fa\u0165a\u017ee na Finchwick Fair.<\/li>\n<li><strong>Objavte \u017eivot na dedine<\/strong> \u2014 Henford-on-Bagley je \u00fatuln\u00e1 dedina, kde sa v\u0161etci poznaj\u00fa. Zba\u013ete si piknikov\u00fd ko\u0161\u00edk a vy\u0161\u00edvac\u00ed r\u00e1m\u010dek a vyrazte do pubu The Gnome&#x27;s Arms, kde si po dlhom dni odd\u00fdchnete s miestnymi obyvate\u013emi. Z\u00edskajte jedine\u010dn\u00e9 dar\u010deky a dozviete sa od susedov zauj\u00edmavosti o meste alebo sa z\u00fa\u010dastnite ve\u013etrhu Finchwick Fair, kde m\u00f4\u017eete predvies\u0165 svoju najcennej\u0161iu kravu alebo sliepku.<\/li>\n<\/ul>\n","protected":false},"excerpt":{"rendered":"<p>Vychutnajte si malebn\u00e9 k\u00fazlo roz\u0161\u00edrenia The Sims\u2122 4 Cottage Living s roztomil\u00fdmi zvieratkami, jedlami priamo zo z\u00e1hrady a \u00fazkou komunitou.<\/p>\n","protected":false},"featured_media":7379,"comment_status":"open","ping_status":"closed","template":"","meta":{"_acf_changed":false},"product_brand":[],"product_cat":[268,266,308,431,432,398,400],"product_tag":[],"class_list":{"0":"post-93734","1":"product","2":"type-product","3":"status-publish","4":"has-post-thumbnail","6":"product_cat-pc-sk","7":"product_cat-pc-hry-sk","8":"product_cat-rpg-pc-hry-sk","9":"product_cat-rpg-xbox-one-sk","10":"product_cat-simulatory-xbox-one-sk","11":"product_cat-xbox-hry-sk","12":"product_cat-xbox-one-sk","13":"pa_countries-at","14":"pa_countries-be","15":"pa_countries-bg","16":"pa_countries-cy","17":"pa_countries-cz","19":"pa_countries-de","20":"pa_countries-dk","21":"pa_countries-ee","22":"pa_countries-es","23":"pa_countries-fi","24":"pa_countries-fr","25":"pa_countries-gr","26":"pa_countries-hr","27":"pa_countries-hu","28":"pa_countries-ie","29":"pa_countries-it","30":"pa_countries-lt","31":"pa_countries-lu","32":"pa_countries-lv","33":"pa_countries-mt","34":"pa_countries-nl","35":"pa_countries-pl","36":"pa_countries-pt","37":"pa_countries-ro","38":"pa_countries-se","39":"pa_countries-si","40":"pa_countries-sk","42":"pa_developer-maxis","44":"pa_engine-smartsim","46":"pa_franchises-the-sims","48":"pa_game_type-dlc","50":"pa_genres-adventure","52":"pa_genres-role-playing-rpg","54":"pa_genres-simulator","55":"pa_interface-cs-cz","56":"pa_interface-da-dk","57":"pa_interface-de-de","58":"pa_interface-en-us","59":"pa_interface-es-es","60":"pa_interface-fi-fi","62":"pa_interface-fr-fr","63":"pa_interface-it-it","64":"pa_interface-ja-jp","65":"pa_interface-ko-kr","66":"pa_interface-nb-no","68":"pa_interface-nl-nl","69":"pa_interface-pl-pl","70":"pa_interface-pt-br","71":"pa_interface-ru-ru","72":"pa_interface-sv-se","73":"pa_interface-zh-cn","74":"pa_interface-zh-tw","75":"pa_keywords-building","76":"pa_keywords-cartoony","77":"pa_keywords-casual","78":"pa_keywords-character-customization","79":"pa_keywords-cute","80":"pa_keywords-family-friendly","81":"pa_keywords-funny","82":"pa_keywords-immersive","84":"pa_keywords-lgbtq","86":"pa_keywords-life-simulation","87":"pa_keywords-realism","88":"pa_keywords-relaxing","89":"pa_modes-single-player","91":"pa_pegi-927","92":"pa_pegi-13428","93":"pa_platform-xbox-one","95":"pa_player_perspectives-bird-view-isometric","97":"pa_player_perspectives-first-person","99":"pa_player_perspectives-third-person","100":"pa_publisher-electronic-arts","102":"pa_rating-14441","103":"pa_rating-773","104":"pa_region-europe","106":"pa_themes-comedy","108":"pa_themes-fantasy","109":"pa_themes-romance","111":"pa_themes-sandbox","113":"first","114":"instock","115":"virtual","116":"taxable","117":"purchasable","118":"product-type-simple"},"yoast_head":"<!-- This site is optimized with the Yoast SEO plugin v27.3 - https:\/\/yoast.com\/product\/yoast-seo-wordpress\/ -->\n<title>The Sims 4: Cottage Living | BeGamer.cz<\/title>\n<meta name=\"robots\" content=\"index, follow, max-snippet:-1, max-image-preview:large, max-video-preview:-1\" \/>\n<link rel=\"canonical\" href=\"https:\/\/begamer.cz\/sk\/produkt\/the-sims-4-cottage-living-sk-2\/\" \/>\n<meta property=\"og:locale\" content=\"sk_SK\" \/>\n<meta property=\"og:type\" content=\"article\" \/>\n<meta property=\"og:title\" content=\"The Sims 4: Cottage Living | BeGamer.cz\" \/>\n<meta property=\"og:description\" content=\"Vychutnajte si malebn\u00e9 k\u00fazlo roz\u0161\u00edrenia The Sims\u2122 4 Cottage Living s roztomil\u00fdmi zvieratkami, jedlami priamo zo z\u00e1hrady a \u00fazkou komunitou.\" \/>\n<meta property=\"og:url\" content=\"https:\/\/begamer.cz\/sk\/produkt\/the-sims-4-cottage-living-sk-2\/\" \/>\n<meta property=\"og:site_name\" content=\"BeGamer.cz\" \/>\n<meta property=\"article:modified_time\" content=\"2026-03-18T01:44:53+00:00\" \/>\n<meta property=\"og:image\" content=\"https:\/\/begamer.cz\/wp-content\/uploads\/2026\/01\/the-sims-4-cottage-living-6.webp\" \/>\n\t<meta property=\"og:image:width\" content=\"300\" \/>\n\t<meta property=\"og:image:height\" content=\"400\" \/>\n\t<meta property=\"og:image:type\" content=\"image\/webp\" \/>\n<meta name=\"twitter:card\" content=\"summary_large_image\" \/>\n<meta name=\"twitter:label1\" content=\"Predpokladan\u00fd \u010das \u010d\u00edtania\" \/>\n\t<meta name=\"twitter:data1\" content=\"2 min\u00faty\" \/>\n<script type=\"application\/ld+json\" class=\"yoast-schema-graph\">{\"@context\":\"https:\\\/\\\/schema.org\",\"@graph\":[{\"@type\":\"WebPage\",\"@id\":\"https:\\\/\\\/begamer.cz\\\/sk\\\/produkt\\\/the-sims-4-cottage-living-sk-2\\\/\",\"url\":\"https:\\\/\\\/begamer.cz\\\/sk\\\/produkt\\\/the-sims-4-cottage-living-sk-2\\\/\",\"name\":\"The Sims 4: Cottage Living | BeGamer.cz\",\"isPartOf\":{\"@id\":\"https:\\\/\\\/begamer.cz\\\/sk\\\/#website\"},\"primaryImageOfPage\":{\"@id\":\"https:\\\/\\\/begamer.cz\\\/sk\\\/produkt\\\/the-sims-4-cottage-living-sk-2\\\/#primaryimage\"},\"image\":{\"@id\":\"https:\\\/\\\/begamer.cz\\\/sk\\\/produkt\\\/the-sims-4-cottage-living-sk-2\\\/#primaryimage\"},\"thumbnailUrl\":\"https:\\\/\\\/begamer.cz\\\/wp-content\\\/uploads\\\/2026\\\/01\\\/the-sims-4-cottage-living-6.webp\",\"datePublished\":\"2026-01-30T14:51:21+00:00\",\"dateModified\":\"2026-03-18T01:44:53+00:00\",\"breadcrumb\":{\"@id\":\"https:\\\/\\\/begamer.cz\\\/sk\\\/produkt\\\/the-sims-4-cottage-living-sk-2\\\/#breadcrumb\"},\"inLanguage\":\"sk-SK\",\"potentialAction\":[{\"@type\":\"ReadAction\",\"target\":[\"https:\\\/\\\/begamer.cz\\\/sk\\\/produkt\\\/the-sims-4-cottage-living-sk-2\\\/\"]}]},{\"@type\":\"ImageObject\",\"inLanguage\":\"sk-SK\",\"@id\":\"https:\\\/\\\/begamer.cz\\\/sk\\\/produkt\\\/the-sims-4-cottage-living-sk-2\\\/#primaryimage\",\"url\":\"https:\\\/\\\/begamer.cz\\\/wp-content\\\/uploads\\\/2026\\\/01\\\/the-sims-4-cottage-living-6.webp\",\"contentUrl\":\"https:\\\/\\\/begamer.cz\\\/wp-content\\\/uploads\\\/2026\\\/01\\\/the-sims-4-cottage-living-6.webp\",\"width\":300,\"height\":400},{\"@type\":\"BreadcrumbList\",\"@id\":\"https:\\\/\\\/begamer.cz\\\/sk\\\/produkt\\\/the-sims-4-cottage-living-sk-2\\\/#breadcrumb\",\"itemListElement\":[{\"@type\":\"ListItem\",\"position\":1,\"name\":\"Domov\",\"item\":\"https:\\\/\\\/begamer.cz\\\/sk\\\/\"},{\"@type\":\"ListItem\",\"position\":2,\"name\":\"Obchod\",\"item\":\"https:\\\/\\\/begamer.cz\\\/obchod\\\/\"},{\"@type\":\"ListItem\",\"position\":3,\"name\":\"The Sims 4: Cottage Living\"}]},{\"@type\":\"WebSite\",\"@id\":\"https:\\\/\\\/begamer.cz\\\/sk\\\/#website\",\"url\":\"https:\\\/\\\/begamer.cz\\\/sk\\\/\",\"name\":\"BeGamer.cz\",\"description\":\"\",\"publisher\":{\"@id\":\"https:\\\/\\\/begamer.cz\\\/sk\\\/#organization\"},\"potentialAction\":[{\"@type\":\"SearchAction\",\"target\":{\"@type\":\"EntryPoint\",\"urlTemplate\":\"https:\\\/\\\/begamer.cz\\\/sk\\\/?s={search_term_string}\"},\"query-input\":{\"@type\":\"PropertyValueSpecification\",\"valueRequired\":true,\"valueName\":\"search_term_string\"}}],\"inLanguage\":\"sk-SK\"},{\"@type\":\"Organization\",\"@id\":\"https:\\\/\\\/begamer.cz\\\/sk\\\/#organization\",\"name\":\"BeGamer.cz\",\"url\":\"https:\\\/\\\/begamer.cz\\\/sk\\\/\",\"logo\":{\"@type\":\"ImageObject\",\"inLanguage\":\"sk-SK\",\"@id\":\"https:\\\/\\\/begamer.cz\\\/sk\\\/#\\\/schema\\\/logo\\\/image\\\/\",\"url\":\"https:\\\/\\\/begamer.cz\\\/wp-content\\\/uploads\\\/2025\\\/07\\\/logo.svg\",\"contentUrl\":\"https:\\\/\\\/begamer.cz\\\/wp-content\\\/uploads\\\/2025\\\/07\\\/logo.svg\",\"caption\":\"BeGamer.cz\"},\"image\":{\"@id\":\"https:\\\/\\\/begamer.cz\\\/sk\\\/#\\\/schema\\\/logo\\\/image\\\/\"}}]}<\/script>\n<!-- \/ Yoast SEO plugin. -->","yoast_head_json":{"title":"The Sims 4: Cottage Living | BeGamer.cz","robots":{"index":"index","follow":"follow","max-snippet":"max-snippet:-1","max-image-preview":"max-image-preview:large","max-video-preview":"max-video-preview:-1"},"canonical":"https:\/\/begamer.cz\/sk\/produkt\/the-sims-4-cottage-living-sk-2\/","og_locale":"sk_SK","og_type":"article","og_title":"The Sims 4: Cottage Living | BeGamer.cz","og_description":"Vychutnajte si malebn\u00e9 k\u00fazlo roz\u0161\u00edrenia The Sims\u2122 4 Cottage Living s roztomil\u00fdmi zvieratkami, jedlami priamo zo z\u00e1hrady a \u00fazkou komunitou.","og_url":"https:\/\/begamer.cz\/sk\/produkt\/the-sims-4-cottage-living-sk-2\/","og_site_name":"BeGamer.cz","article_modified_time":"2026-03-18T01:44:53+00:00","og_image":[{"width":300,"height":400,"url":"https:\/\/begamer.cz\/wp-content\/uploads\/2026\/01\/the-sims-4-cottage-living-6.webp","type":"image\/webp"}],"twitter_card":"summary_large_image","twitter_misc":{"Predpokladan\u00fd \u010das \u010d\u00edtania":"2 min\u00faty"},"schema":{"@context":"https:\/\/schema.org","@graph":[{"@type":"WebPage","@id":"https:\/\/begamer.cz\/sk\/produkt\/the-sims-4-cottage-living-sk-2\/","url":"https:\/\/begamer.cz\/sk\/produkt\/the-sims-4-cottage-living-sk-2\/","name":"The Sims 4: Cottage Living | BeGamer.cz","isPartOf":{"@id":"https:\/\/begamer.cz\/sk\/#website"},"primaryImageOfPage":{"@id":"https:\/\/begamer.cz\/sk\/produkt\/the-sims-4-cottage-living-sk-2\/#primaryimage"},"image":{"@id":"https:\/\/begamer.cz\/sk\/produkt\/the-sims-4-cottage-living-sk-2\/#primaryimage"},"thumbnailUrl":"https:\/\/begamer.cz\/wp-content\/uploads\/2026\/01\/the-sims-4-cottage-living-6.webp","datePublished":"2026-01-30T14:51:21+00:00","dateModified":"2026-03-18T01:44:53+00:00","breadcrumb":{"@id":"https:\/\/begamer.cz\/sk\/produkt\/the-sims-4-cottage-living-sk-2\/#breadcrumb"},"inLanguage":"sk-SK","potentialAction":[{"@type":"ReadAction","target":["https:\/\/begamer.cz\/sk\/produkt\/the-sims-4-cottage-living-sk-2\/"]}]},{"@type":"ImageObject","inLanguage":"sk-SK","@id":"https:\/\/begamer.cz\/sk\/produkt\/the-sims-4-cottage-living-sk-2\/#primaryimage","url":"https:\/\/begamer.cz\/wp-content\/uploads\/2026\/01\/the-sims-4-cottage-living-6.webp","contentUrl":"https:\/\/begamer.cz\/wp-content\/uploads\/2026\/01\/the-sims-4-cottage-living-6.webp","width":300,"height":400},{"@type":"BreadcrumbList","@id":"https:\/\/begamer.cz\/sk\/produkt\/the-sims-4-cottage-living-sk-2\/#breadcrumb","itemListElement":[{"@type":"ListItem","position":1,"name":"Domov","item":"https:\/\/begamer.cz\/sk\/"},{"@type":"ListItem","position":2,"name":"Obchod","item":"https:\/\/begamer.cz\/obchod\/"},{"@type":"ListItem","position":3,"name":"The Sims 4: Cottage Living"}]},{"@type":"WebSite","@id":"https:\/\/begamer.cz\/sk\/#website","url":"https:\/\/begamer.cz\/sk\/","name":"BeGamer.cz","description":"","publisher":{"@id":"https:\/\/begamer.cz\/sk\/#organization"},"potentialAction":[{"@type":"SearchAction","target":{"@type":"EntryPoint","urlTemplate":"https:\/\/begamer.cz\/sk\/?s={search_term_string}"},"query-input":{"@type":"PropertyValueSpecification","valueRequired":true,"valueName":"search_term_string"}}],"inLanguage":"sk-SK"},{"@type":"Organization","@id":"https:\/\/begamer.cz\/sk\/#organization","name":"BeGamer.cz","url":"https:\/\/begamer.cz\/sk\/","logo":{"@type":"ImageObject","inLanguage":"sk-SK","@id":"https:\/\/begamer.cz\/sk\/#\/schema\/logo\/image\/","url":"https:\/\/begamer.cz\/wp-content\/uploads\/2025\/07\/logo.svg","contentUrl":"https:\/\/begamer.cz\/wp-content\/uploads\/2025\/07\/logo.svg","caption":"BeGamer.cz"},"image":{"@id":"https:\/\/begamer.cz\/sk\/#\/schema\/logo\/image\/"}}]}},"acf":[],"_links":{"self":[{"href":"https:\/\/begamer.cz\/sk\/wp-json\/wp\/v2\/product\/93734","targetHints":{"allow":["GET"]}}],"collection":[{"href":"https:\/\/begamer.cz\/sk\/wp-json\/wp\/v2\/product"}],"about":[{"href":"https:\/\/begamer.cz\/sk\/wp-json\/wp\/v2\/types\/product"}],"replies":[{"embeddable":true,"href":"https:\/\/begamer.cz\/sk\/wp-json\/wp\/v2\/comments?post=93734"}],"wp:featuredmedia":[{"embeddable":true,"href":"https:\/\/begamer.cz\/sk\/wp-json\/wp\/v2\/media\/7379"}],"wp:attachment":[{"href":"https:\/\/begamer.cz\/sk\/wp-json\/wp\/v2\/media?parent=93734"}],"wp:term":[{"taxonomy":"product_brand","embeddable":true,"href":"https:\/\/begamer.cz\/sk\/wp-json\/wp\/v2\/product_brand?post=93734"},{"taxonomy":"product_cat","embeddable":true,"href":"https:\/\/begamer.cz\/sk\/wp-json\/wp\/v2\/product_cat?post=93734"},{"taxonomy":"product_tag","embeddable":true,"href":"https:\/\/begamer.cz\/sk\/wp-json\/wp\/v2\/product_tag?post=93734"}],"curies":[{"name":"wp","href":"https:\/\/api.w.org\/{rel}","templated":true}]}}