{"id":93731,"date":"2026-01-30T15:51:18","date_gmt":"2026-01-30T14:51:18","guid":{"rendered":"https:\/\/begamer.cz\/produkt\/the-sims-4-cats-and-dogs-plus-my-first-pet-stuff-bundle-sk\/"},"modified":"2026-03-18T02:44:48","modified_gmt":"2026-03-18T01:44:48","slug":"the-sims-4-cats-and-dogs-plus-my-first-pet-stuff-bundle-sk","status":"publish","type":"product","link":"https:\/\/begamer.cz\/sk\/produkt\/the-sims-4-cats-and-dogs-plus-my-first-pet-stuff-bundle-sk\/","title":{"rendered":"The Sims 4: Cats and Dogs Plus My First Pet Stuff Bundle"},"content":{"rendered":"<p>Z\u00edskajte The Sims 4 Cats and Dogs a My First Pet Stuff v jednom skvelom bal\u00edku! M\u00e1te kontrolu nad vytv\u00e1ran\u00edm r\u00f4znych ma\u010diek a psov a ako veterin\u00e1r sa star\u00e1te o dom\u00e1ce zvierat\u00e1 zo susedstva. Pridajte My First Pet Stuff, aby va\u0161i Sim\u00edci prejavili l\u00e1sku k ma\u010dk\u00e1m a psom a priv\u00edtali nov\u00e9 mal\u00e9 zvieratko.<\/p>\n","protected":false},"excerpt":{"rendered":"<p>Za\u017eite dokonal\u00fa starostlivos\u0165 o dom\u00e1ce zvierat\u00e1 s bal\u00ed\u010dkom The Sims 4: Cats and Dogs Plus My First Pet Stuff Bundle. Vytvorte a prisp\u00f4sobte si roztomil\u00e9 dom\u00e1ce zvierat\u00e1, prev\u00e1dzkujte veterin\u00e1rnu kliniku a u\u017eite si nov\u00e9 predmety a oble\u010denie s tematikou dom\u00e1cich zvierat. Ide\u00e1lne pre hr\u00e1\u010dov Sims, ktor\u00ed miluj\u00fa chlp\u00e1\u010dov a pohlcuj\u00facu hrate\u013enos\u0165.<\/p>\n","protected":false},"featured_media":9035,"comment_status":"open","ping_status":"closed","template":"","meta":{"_acf_changed":false},"product_brand":[],"product_cat":[424,432,398,400],"product_tag":[],"class_list":{"0":"post-93731","1":"product","2":"type-product","3":"status-publish","4":"has-post-thumbnail","6":"product_cat-detske-xbox-one-sk","7":"product_cat-simulatory-xbox-one-sk","8":"product_cat-xbox-hry-sk","9":"product_cat-xbox-one-sk","10":"pa_countries-at","11":"pa_countries-be","12":"pa_countries-bg","13":"pa_countries-cy","14":"pa_countries-cz","16":"pa_countries-de","17":"pa_countries-dk","18":"pa_countries-ee","19":"pa_countries-es","20":"pa_countries-fi","21":"pa_countries-fr","22":"pa_countries-gr","23":"pa_countries-hr","24":"pa_countries-hu","25":"pa_countries-ie","26":"pa_countries-it","27":"pa_countries-lt","28":"pa_countries-lu","29":"pa_countries-lv","30":"pa_countries-mt","31":"pa_countries-nl","32":"pa_countries-pl","33":"pa_countries-pt","34":"pa_countries-ro","35":"pa_countries-se","36":"pa_countries-si","37":"pa_countries-sk","38":"pa_game_type-bundle","40":"pa_platform-xbox-one","42":"pa_rating-14441","43":"pa_rating-773","44":"pa_region-europe","47":"first","48":"instock","49":"virtual","50":"taxable","51":"purchasable","52":"product-type-simple"},"yoast_head":"<!-- This site is optimized with the Yoast SEO plugin v27.3 - https:\/\/yoast.com\/product\/yoast-seo-wordpress\/ -->\n<title>The Sims 4: Cats and Dogs Plus My First Pet Stuff Bundle | BeGamer.cz<\/title>\n<meta name=\"robots\" content=\"index, follow, max-snippet:-1, max-image-preview:large, max-video-preview:-1\" \/>\n<link rel=\"canonical\" href=\"https:\/\/begamer.cz\/sk\/produkt\/the-sims-4-cats-and-dogs-plus-my-first-pet-stuff-bundle-sk\/\" \/>\n<meta property=\"og:locale\" content=\"sk_SK\" \/>\n<meta property=\"og:type\" content=\"article\" \/>\n<meta property=\"og:title\" content=\"The Sims 4: Cats and Dogs Plus My First Pet Stuff Bundle | BeGamer.cz\" \/>\n<meta property=\"og:description\" content=\"Za\u017eite dokonal\u00fa starostlivos\u0165 o dom\u00e1ce zvierat\u00e1 s bal\u00ed\u010dkom The Sims 4: Cats and Dogs Plus My First Pet Stuff Bundle. Vytvorte a prisp\u00f4sobte si roztomil\u00e9 dom\u00e1ce zvierat\u00e1, prev\u00e1dzkujte veterin\u00e1rnu kliniku a u\u017eite si nov\u00e9 predmety a oble\u010denie s tematikou dom\u00e1cich zvierat. Ide\u00e1lne pre hr\u00e1\u010dov Sims, ktor\u00ed miluj\u00fa chlp\u00e1\u010dov a pohlcuj\u00facu hrate\u013enos\u0165.\" \/>\n<meta property=\"og:url\" content=\"https:\/\/begamer.cz\/sk\/produkt\/the-sims-4-cats-and-dogs-plus-my-first-pet-stuff-bundle-sk\/\" \/>\n<meta property=\"og:site_name\" content=\"BeGamer.cz\" \/>\n<meta property=\"article:modified_time\" content=\"2026-03-18T01:44:48+00:00\" \/>\n<meta property=\"og:image\" content=\"https:\/\/begamer.cz\/wp-content\/uploads\/2026\/01\/the-sims-4-cats-and-dogs-plus-my-first-pet-stuff-bundle.webp\" \/>\n\t<meta property=\"og:image:width\" content=\"300\" \/>\n\t<meta property=\"og:image:height\" content=\"400\" \/>\n\t<meta property=\"og:image:type\" content=\"image\/webp\" \/>\n<meta name=\"twitter:card\" content=\"summary_large_image\" \/>\n<script type=\"application\/ld+json\" class=\"yoast-schema-graph\">{\"@context\":\"https:\\\/\\\/schema.org\",\"@graph\":[{\"@type\":\"WebPage\",\"@id\":\"https:\\\/\\\/begamer.cz\\\/sk\\\/produkt\\\/the-sims-4-cats-and-dogs-plus-my-first-pet-stuff-bundle-sk\\\/\",\"url\":\"https:\\\/\\\/begamer.cz\\\/sk\\\/produkt\\\/the-sims-4-cats-and-dogs-plus-my-first-pet-stuff-bundle-sk\\\/\",\"name\":\"The Sims 4: Cats and Dogs Plus My First Pet Stuff Bundle | BeGamer.cz\",\"isPartOf\":{\"@id\":\"https:\\\/\\\/begamer.cz\\\/sk\\\/#website\"},\"primaryImageOfPage\":{\"@id\":\"https:\\\/\\\/begamer.cz\\\/sk\\\/produkt\\\/the-sims-4-cats-and-dogs-plus-my-first-pet-stuff-bundle-sk\\\/#primaryimage\"},\"image\":{\"@id\":\"https:\\\/\\\/begamer.cz\\\/sk\\\/produkt\\\/the-sims-4-cats-and-dogs-plus-my-first-pet-stuff-bundle-sk\\\/#primaryimage\"},\"thumbnailUrl\":\"https:\\\/\\\/begamer.cz\\\/wp-content\\\/uploads\\\/2026\\\/01\\\/the-sims-4-cats-and-dogs-plus-my-first-pet-stuff-bundle.webp\",\"datePublished\":\"2026-01-30T14:51:18+00:00\",\"dateModified\":\"2026-03-18T01:44:48+00:00\",\"breadcrumb\":{\"@id\":\"https:\\\/\\\/begamer.cz\\\/sk\\\/produkt\\\/the-sims-4-cats-and-dogs-plus-my-first-pet-stuff-bundle-sk\\\/#breadcrumb\"},\"inLanguage\":\"sk-SK\",\"potentialAction\":[{\"@type\":\"ReadAction\",\"target\":[\"https:\\\/\\\/begamer.cz\\\/sk\\\/produkt\\\/the-sims-4-cats-and-dogs-plus-my-first-pet-stuff-bundle-sk\\\/\"]}]},{\"@type\":\"ImageObject\",\"inLanguage\":\"sk-SK\",\"@id\":\"https:\\\/\\\/begamer.cz\\\/sk\\\/produkt\\\/the-sims-4-cats-and-dogs-plus-my-first-pet-stuff-bundle-sk\\\/#primaryimage\",\"url\":\"https:\\\/\\\/begamer.cz\\\/wp-content\\\/uploads\\\/2026\\\/01\\\/the-sims-4-cats-and-dogs-plus-my-first-pet-stuff-bundle.webp\",\"contentUrl\":\"https:\\\/\\\/begamer.cz\\\/wp-content\\\/uploads\\\/2026\\\/01\\\/the-sims-4-cats-and-dogs-plus-my-first-pet-stuff-bundle.webp\",\"width\":300,\"height\":400},{\"@type\":\"BreadcrumbList\",\"@id\":\"https:\\\/\\\/begamer.cz\\\/sk\\\/produkt\\\/the-sims-4-cats-and-dogs-plus-my-first-pet-stuff-bundle-sk\\\/#breadcrumb\",\"itemListElement\":[{\"@type\":\"ListItem\",\"position\":1,\"name\":\"Domov\",\"item\":\"https:\\\/\\\/begamer.cz\\\/sk\\\/\"},{\"@type\":\"ListItem\",\"position\":2,\"name\":\"Obchod\",\"item\":\"https:\\\/\\\/begamer.cz\\\/obchod\\\/\"},{\"@type\":\"ListItem\",\"position\":3,\"name\":\"The Sims 4: Cats and Dogs Plus My First Pet Stuff Bundle\"}]},{\"@type\":\"WebSite\",\"@id\":\"https:\\\/\\\/begamer.cz\\\/sk\\\/#website\",\"url\":\"https:\\\/\\\/begamer.cz\\\/sk\\\/\",\"name\":\"BeGamer.cz\",\"description\":\"\",\"publisher\":{\"@id\":\"https:\\\/\\\/begamer.cz\\\/sk\\\/#organization\"},\"potentialAction\":[{\"@type\":\"SearchAction\",\"target\":{\"@type\":\"EntryPoint\",\"urlTemplate\":\"https:\\\/\\\/begamer.cz\\\/sk\\\/?s={search_term_string}\"},\"query-input\":{\"@type\":\"PropertyValueSpecification\",\"valueRequired\":true,\"valueName\":\"search_term_string\"}}],\"inLanguage\":\"sk-SK\"},{\"@type\":\"Organization\",\"@id\":\"https:\\\/\\\/begamer.cz\\\/sk\\\/#organization\",\"name\":\"BeGamer.cz\",\"url\":\"https:\\\/\\\/begamer.cz\\\/sk\\\/\",\"logo\":{\"@type\":\"ImageObject\",\"inLanguage\":\"sk-SK\",\"@id\":\"https:\\\/\\\/begamer.cz\\\/sk\\\/#\\\/schema\\\/logo\\\/image\\\/\",\"url\":\"https:\\\/\\\/begamer.cz\\\/wp-content\\\/uploads\\\/2025\\\/07\\\/logo.svg\",\"contentUrl\":\"https:\\\/\\\/begamer.cz\\\/wp-content\\\/uploads\\\/2025\\\/07\\\/logo.svg\",\"caption\":\"BeGamer.cz\"},\"image\":{\"@id\":\"https:\\\/\\\/begamer.cz\\\/sk\\\/#\\\/schema\\\/logo\\\/image\\\/\"}}]}<\/script>\n<!-- \/ Yoast SEO plugin. -->","yoast_head_json":{"title":"The Sims 4: Cats and Dogs Plus My First Pet Stuff Bundle | BeGamer.cz","robots":{"index":"index","follow":"follow","max-snippet":"max-snippet:-1","max-image-preview":"max-image-preview:large","max-video-preview":"max-video-preview:-1"},"canonical":"https:\/\/begamer.cz\/sk\/produkt\/the-sims-4-cats-and-dogs-plus-my-first-pet-stuff-bundle-sk\/","og_locale":"sk_SK","og_type":"article","og_title":"The Sims 4: Cats and Dogs Plus My First Pet Stuff Bundle | BeGamer.cz","og_description":"Za\u017eite dokonal\u00fa starostlivos\u0165 o dom\u00e1ce zvierat\u00e1 s bal\u00ed\u010dkom The Sims 4: Cats and Dogs Plus My First Pet Stuff Bundle. Vytvorte a prisp\u00f4sobte si roztomil\u00e9 dom\u00e1ce zvierat\u00e1, prev\u00e1dzkujte veterin\u00e1rnu kliniku a u\u017eite si nov\u00e9 predmety a oble\u010denie s tematikou dom\u00e1cich zvierat. Ide\u00e1lne pre hr\u00e1\u010dov Sims, ktor\u00ed miluj\u00fa chlp\u00e1\u010dov a pohlcuj\u00facu hrate\u013enos\u0165.","og_url":"https:\/\/begamer.cz\/sk\/produkt\/the-sims-4-cats-and-dogs-plus-my-first-pet-stuff-bundle-sk\/","og_site_name":"BeGamer.cz","article_modified_time":"2026-03-18T01:44:48+00:00","og_image":[{"width":300,"height":400,"url":"https:\/\/begamer.cz\/wp-content\/uploads\/2026\/01\/the-sims-4-cats-and-dogs-plus-my-first-pet-stuff-bundle.webp","type":"image\/webp"}],"twitter_card":"summary_large_image","schema":{"@context":"https:\/\/schema.org","@graph":[{"@type":"WebPage","@id":"https:\/\/begamer.cz\/sk\/produkt\/the-sims-4-cats-and-dogs-plus-my-first-pet-stuff-bundle-sk\/","url":"https:\/\/begamer.cz\/sk\/produkt\/the-sims-4-cats-and-dogs-plus-my-first-pet-stuff-bundle-sk\/","name":"The Sims 4: Cats and Dogs Plus My First Pet Stuff Bundle | BeGamer.cz","isPartOf":{"@id":"https:\/\/begamer.cz\/sk\/#website"},"primaryImageOfPage":{"@id":"https:\/\/begamer.cz\/sk\/produkt\/the-sims-4-cats-and-dogs-plus-my-first-pet-stuff-bundle-sk\/#primaryimage"},"image":{"@id":"https:\/\/begamer.cz\/sk\/produkt\/the-sims-4-cats-and-dogs-plus-my-first-pet-stuff-bundle-sk\/#primaryimage"},"thumbnailUrl":"https:\/\/begamer.cz\/wp-content\/uploads\/2026\/01\/the-sims-4-cats-and-dogs-plus-my-first-pet-stuff-bundle.webp","datePublished":"2026-01-30T14:51:18+00:00","dateModified":"2026-03-18T01:44:48+00:00","breadcrumb":{"@id":"https:\/\/begamer.cz\/sk\/produkt\/the-sims-4-cats-and-dogs-plus-my-first-pet-stuff-bundle-sk\/#breadcrumb"},"inLanguage":"sk-SK","potentialAction":[{"@type":"ReadAction","target":["https:\/\/begamer.cz\/sk\/produkt\/the-sims-4-cats-and-dogs-plus-my-first-pet-stuff-bundle-sk\/"]}]},{"@type":"ImageObject","inLanguage":"sk-SK","@id":"https:\/\/begamer.cz\/sk\/produkt\/the-sims-4-cats-and-dogs-plus-my-first-pet-stuff-bundle-sk\/#primaryimage","url":"https:\/\/begamer.cz\/wp-content\/uploads\/2026\/01\/the-sims-4-cats-and-dogs-plus-my-first-pet-stuff-bundle.webp","contentUrl":"https:\/\/begamer.cz\/wp-content\/uploads\/2026\/01\/the-sims-4-cats-and-dogs-plus-my-first-pet-stuff-bundle.webp","width":300,"height":400},{"@type":"BreadcrumbList","@id":"https:\/\/begamer.cz\/sk\/produkt\/the-sims-4-cats-and-dogs-plus-my-first-pet-stuff-bundle-sk\/#breadcrumb","itemListElement":[{"@type":"ListItem","position":1,"name":"Domov","item":"https:\/\/begamer.cz\/sk\/"},{"@type":"ListItem","position":2,"name":"Obchod","item":"https:\/\/begamer.cz\/obchod\/"},{"@type":"ListItem","position":3,"name":"The Sims 4: Cats and Dogs Plus My First Pet Stuff Bundle"}]},{"@type":"WebSite","@id":"https:\/\/begamer.cz\/sk\/#website","url":"https:\/\/begamer.cz\/sk\/","name":"BeGamer.cz","description":"","publisher":{"@id":"https:\/\/begamer.cz\/sk\/#organization"},"potentialAction":[{"@type":"SearchAction","target":{"@type":"EntryPoint","urlTemplate":"https:\/\/begamer.cz\/sk\/?s={search_term_string}"},"query-input":{"@type":"PropertyValueSpecification","valueRequired":true,"valueName":"search_term_string"}}],"inLanguage":"sk-SK"},{"@type":"Organization","@id":"https:\/\/begamer.cz\/sk\/#organization","name":"BeGamer.cz","url":"https:\/\/begamer.cz\/sk\/","logo":{"@type":"ImageObject","inLanguage":"sk-SK","@id":"https:\/\/begamer.cz\/sk\/#\/schema\/logo\/image\/","url":"https:\/\/begamer.cz\/wp-content\/uploads\/2025\/07\/logo.svg","contentUrl":"https:\/\/begamer.cz\/wp-content\/uploads\/2025\/07\/logo.svg","caption":"BeGamer.cz"},"image":{"@id":"https:\/\/begamer.cz\/sk\/#\/schema\/logo\/image\/"}}]}},"acf":[],"_links":{"self":[{"href":"https:\/\/begamer.cz\/sk\/wp-json\/wp\/v2\/product\/93731","targetHints":{"allow":["GET"]}}],"collection":[{"href":"https:\/\/begamer.cz\/sk\/wp-json\/wp\/v2\/product"}],"about":[{"href":"https:\/\/begamer.cz\/sk\/wp-json\/wp\/v2\/types\/product"}],"replies":[{"embeddable":true,"href":"https:\/\/begamer.cz\/sk\/wp-json\/wp\/v2\/comments?post=93731"}],"wp:featuredmedia":[{"embeddable":true,"href":"https:\/\/begamer.cz\/sk\/wp-json\/wp\/v2\/media\/9035"}],"wp:attachment":[{"href":"https:\/\/begamer.cz\/sk\/wp-json\/wp\/v2\/media?parent=93731"}],"wp:term":[{"taxonomy":"product_brand","embeddable":true,"href":"https:\/\/begamer.cz\/sk\/wp-json\/wp\/v2\/product_brand?post=93731"},{"taxonomy":"product_cat","embeddable":true,"href":"https:\/\/begamer.cz\/sk\/wp-json\/wp\/v2\/product_cat?post=93731"},{"taxonomy":"product_tag","embeddable":true,"href":"https:\/\/begamer.cz\/sk\/wp-json\/wp\/v2\/product_tag?post=93731"}],"curies":[{"name":"wp","href":"https:\/\/api.w.org\/{rel}","templated":true}]}}