{"id":93674,"date":"2026-01-30T15:49:55","date_gmt":"2026-01-30T14:49:55","guid":{"rendered":"https:\/\/begamer.cz\/produkt\/far-cry-6-gold-edition-sk\/"},"modified":"2026-03-18T02:41:54","modified_gmt":"2026-03-18T01:41:54","slug":"far-cry-6-gold-edition-sk","status":"publish","type":"product","link":"https:\/\/begamer.cz\/sk\/produkt\/far-cry-6-gold-edition-sk\/","title":{"rendered":"Far Cry 6: Gold Edition"},"content":{"rendered":"<p>Vitajte v Yare, tropickom raji, kde sa zastavil \u010das. Far Cry 6 vtiahne hr\u00e1\u010dov do modernej guerillovej revol\u00facie. Anton Castillo, dikt\u00e1tor Yary, je odhodlan\u00fd ak\u00fdmiko\u013evek prostriedkami obnovi\u0165 svojej krajine b\u00fdval\u00fa sl\u00e1vu a jeho syn Diego kr\u00e1\u010da v jeho krvav\u00fdch \u0161\u013eapaj\u00e1ch. Sta\u0148te sa guerillov\u00fdm bojovn\u00edkom a oslobo\u010fte Yaru. Far Cry 6: Gold Edition obsahuje hru a Season Pass.<\/p>\n","protected":false},"excerpt":{"rendered":"<p>Ako Dani Rojas (hrate\u013en\u00e1 postava \u017eensk\u00e9ho alebo mu\u017esk\u00e9ho pohlavia) budete pom\u00e1ha\u0165 podnecova\u0165 revol\u00faciu prostredn\u00edctvom partiz\u00e1nskej vojny na ostrove Yara, od zelen\u00fdch d\u017eungl\u00ed a\u017e po mestsk\u00e9 ulice hlavn\u00e9ho mesta Esperanza. Budete pou\u017e\u00edva\u0165 siln\u00fa paletu zbran\u00ed a vozidiel a budova\u0165 sie\u0165 spojencov, ktor\u00ed bud\u00fa bojova\u0165 po va\u0161om boku, vr\u00e1tane Fangs for Hire ako Chorizo, nebezpe\u010dne rozpty\u013euj\u00faci ps\u00edk. Ke\u010f prezident Castillo pripravuje svojho syna Diega, ktor\u00e9ho hr\u00e1 Anthony Gonzalez (\u201eCoco\u201c), aby ho nahradil, urob\u00edte v\u0161etko, \u010do je vo va\u0161ich sil\u00e1ch, aby sa jeho pl\u00e1ny nezrealizovali.<\/p>\n","protected":false},"featured_media":8717,"comment_status":"open","ping_status":"closed","template":"","meta":{"_acf_changed":false},"product_brand":[],"product_cat":[458,461,398,438],"product_tag":[],"class_list":{"0":"post-93674","1":"product","2":"type-product","3":"status-publish","4":"has-post-thumbnail","6":"product_cat-akcne-xbox-series-x-s-sk","7":"product_cat-dobrodruzne-xbox-series-x-s-sk","8":"product_cat-xbox-hry-sk","9":"product_cat-xbox-series-x-s-sk","10":"pa_audio-de-de","11":"pa_audio-en-us","12":"pa_audio-fr-fr","13":"pa_audio-ja-jp","14":"pa_audio-pt-br","15":"pa_audio-ru-ru","17":"pa_countries-at","18":"pa_countries-be","19":"pa_countries-bg","20":"pa_countries-cy","21":"pa_countries-cz","23":"pa_countries-de","24":"pa_countries-dk","25":"pa_countries-ee","26":"pa_countries-es","27":"pa_countries-fi","28":"pa_countries-fr","29":"pa_countries-gr","30":"pa_countries-hu","31":"pa_countries-ie","32":"pa_countries-it","33":"pa_countries-lt","34":"pa_countries-lu","35":"pa_countries-lv","36":"pa_countries-mt","37":"pa_countries-nl","38":"pa_countries-pl","39":"pa_countries-pt","40":"pa_countries-ro","41":"pa_countries-se","42":"pa_countries-si","43":"pa_countries-sk","44":"pa_developer-ubisoft-toronto","46":"pa_engine-dunia-engine","48":"pa_game_type-bundle","50":"pa_genres-adventure","52":"pa_genres-shooter","53":"pa_interface-ar","54":"pa_interface-de-de","55":"pa_interface-en-us","56":"pa_interface-fr-fr","57":"pa_interface-it-it","58":"pa_interface-ja-jp","59":"pa_interface-ko-kr","60":"pa_interface-pl-pl","61":"pa_interface-pt-br","62":"pa_interface-ru-ru","63":"pa_interface-th-th","65":"pa_interface-zh-cn","66":"pa_interface-zh-tw","67":"pa_modes-co-operative","68":"pa_modes-multiplayer","70":"pa_modes-single-player","71":"pa_pegi-13426","72":"pa_pegi-794","73":"pa_platform-xbox-one-xbox-series-x-s","75":"pa_player_perspectives-first-person","77":"pa_rating-773","78":"pa_rating-14441","79":"pa_region-europe","81":"pa_subtitles-de-de","83":"pa_subtitles-en-us","84":"pa_subtitles-fr-fr","85":"pa_subtitles-it-it","86":"pa_subtitles-ja-jp","87":"pa_subtitles-ko-kr","88":"pa_subtitles-pl-pl","89":"pa_subtitles-pt-br","90":"pa_subtitles-ru-ru","91":"pa_subtitles-th-th","92":"pa_subtitles-zh-cn","93":"pa_subtitles-zh-tw","94":"pa_themes-action","95":"pa_themes-open-world","98":"first","99":"instock","100":"virtual","101":"taxable","102":"purchasable","103":"product-type-simple"},"yoast_head":"<!-- This site is optimized with the Yoast SEO plugin v27.3 - https:\/\/yoast.com\/product\/yoast-seo-wordpress\/ -->\n<title>Far Cry 6: Gold Edition | BeGamer.cz<\/title>\n<meta name=\"robots\" content=\"index, follow, max-snippet:-1, max-image-preview:large, max-video-preview:-1\" \/>\n<link rel=\"canonical\" href=\"https:\/\/begamer.cz\/sk\/produkt\/far-cry-6-gold-edition-sk\/\" \/>\n<meta property=\"og:locale\" content=\"sk_SK\" \/>\n<meta property=\"og:type\" content=\"article\" \/>\n<meta property=\"og:title\" content=\"Far Cry 6: Gold Edition | BeGamer.cz\" \/>\n<meta property=\"og:description\" content=\"Ako Dani Rojas (hrate\u013en\u00e1 postava \u017eensk\u00e9ho alebo mu\u017esk\u00e9ho pohlavia) budete pom\u00e1ha\u0165 podnecova\u0165 revol\u00faciu prostredn\u00edctvom partiz\u00e1nskej vojny na ostrove Yara, od zelen\u00fdch d\u017eungl\u00ed a\u017e po mestsk\u00e9 ulice hlavn\u00e9ho mesta Esperanza. Budete pou\u017e\u00edva\u0165 siln\u00fa paletu zbran\u00ed a vozidiel a budova\u0165 sie\u0165 spojencov, ktor\u00ed bud\u00fa bojova\u0165 po va\u0161om boku, vr\u00e1tane Fangs for Hire ako Chorizo, nebezpe\u010dne rozpty\u013euj\u00faci ps\u00edk. Ke\u010f prezident Castillo pripravuje svojho syna Diega, ktor\u00e9ho hr\u00e1 Anthony Gonzalez (\u201eCoco\u201c), aby ho nahradil, urob\u00edte v\u0161etko, \u010do je vo va\u0161ich sil\u00e1ch, aby sa jeho pl\u00e1ny nezrealizovali.\" \/>\n<meta property=\"og:url\" content=\"https:\/\/begamer.cz\/sk\/produkt\/far-cry-6-gold-edition-sk\/\" \/>\n<meta property=\"og:site_name\" content=\"BeGamer.cz\" \/>\n<meta property=\"article:modified_time\" content=\"2026-03-18T01:41:54+00:00\" \/>\n<meta property=\"og:image\" content=\"https:\/\/begamer.cz\/wp-content\/uploads\/2026\/01\/far-cry-6-gold-edition-5.webp\" \/>\n\t<meta property=\"og:image:width\" content=\"300\" \/>\n\t<meta property=\"og:image:height\" content=\"400\" \/>\n\t<meta property=\"og:image:type\" content=\"image\/webp\" \/>\n<meta name=\"twitter:card\" content=\"summary_large_image\" \/>\n<script type=\"application\/ld+json\" class=\"yoast-schema-graph\">{\"@context\":\"https:\\\/\\\/schema.org\",\"@graph\":[{\"@type\":\"WebPage\",\"@id\":\"https:\\\/\\\/begamer.cz\\\/sk\\\/produkt\\\/far-cry-6-gold-edition-sk\\\/\",\"url\":\"https:\\\/\\\/begamer.cz\\\/sk\\\/produkt\\\/far-cry-6-gold-edition-sk\\\/\",\"name\":\"Far Cry 6: Gold Edition | BeGamer.cz\",\"isPartOf\":{\"@id\":\"https:\\\/\\\/begamer.cz\\\/sk\\\/#website\"},\"primaryImageOfPage\":{\"@id\":\"https:\\\/\\\/begamer.cz\\\/sk\\\/produkt\\\/far-cry-6-gold-edition-sk\\\/#primaryimage\"},\"image\":{\"@id\":\"https:\\\/\\\/begamer.cz\\\/sk\\\/produkt\\\/far-cry-6-gold-edition-sk\\\/#primaryimage\"},\"thumbnailUrl\":\"https:\\\/\\\/begamer.cz\\\/wp-content\\\/uploads\\\/2026\\\/01\\\/far-cry-6-gold-edition-5.webp\",\"datePublished\":\"2026-01-30T14:49:55+00:00\",\"dateModified\":\"2026-03-18T01:41:54+00:00\",\"breadcrumb\":{\"@id\":\"https:\\\/\\\/begamer.cz\\\/sk\\\/produkt\\\/far-cry-6-gold-edition-sk\\\/#breadcrumb\"},\"inLanguage\":\"sk-SK\",\"potentialAction\":[{\"@type\":\"ReadAction\",\"target\":[\"https:\\\/\\\/begamer.cz\\\/sk\\\/produkt\\\/far-cry-6-gold-edition-sk\\\/\"]}]},{\"@type\":\"ImageObject\",\"inLanguage\":\"sk-SK\",\"@id\":\"https:\\\/\\\/begamer.cz\\\/sk\\\/produkt\\\/far-cry-6-gold-edition-sk\\\/#primaryimage\",\"url\":\"https:\\\/\\\/begamer.cz\\\/wp-content\\\/uploads\\\/2026\\\/01\\\/far-cry-6-gold-edition-5.webp\",\"contentUrl\":\"https:\\\/\\\/begamer.cz\\\/wp-content\\\/uploads\\\/2026\\\/01\\\/far-cry-6-gold-edition-5.webp\",\"width\":300,\"height\":400},{\"@type\":\"BreadcrumbList\",\"@id\":\"https:\\\/\\\/begamer.cz\\\/sk\\\/produkt\\\/far-cry-6-gold-edition-sk\\\/#breadcrumb\",\"itemListElement\":[{\"@type\":\"ListItem\",\"position\":1,\"name\":\"Domov\",\"item\":\"https:\\\/\\\/begamer.cz\\\/sk\\\/\"},{\"@type\":\"ListItem\",\"position\":2,\"name\":\"Obchod\",\"item\":\"https:\\\/\\\/begamer.cz\\\/obchod\\\/\"},{\"@type\":\"ListItem\",\"position\":3,\"name\":\"Far Cry 6: Gold Edition\"}]},{\"@type\":\"WebSite\",\"@id\":\"https:\\\/\\\/begamer.cz\\\/sk\\\/#website\",\"url\":\"https:\\\/\\\/begamer.cz\\\/sk\\\/\",\"name\":\"BeGamer.cz\",\"description\":\"\",\"publisher\":{\"@id\":\"https:\\\/\\\/begamer.cz\\\/sk\\\/#organization\"},\"potentialAction\":[{\"@type\":\"SearchAction\",\"target\":{\"@type\":\"EntryPoint\",\"urlTemplate\":\"https:\\\/\\\/begamer.cz\\\/sk\\\/?s={search_term_string}\"},\"query-input\":{\"@type\":\"PropertyValueSpecification\",\"valueRequired\":true,\"valueName\":\"search_term_string\"}}],\"inLanguage\":\"sk-SK\"},{\"@type\":\"Organization\",\"@id\":\"https:\\\/\\\/begamer.cz\\\/sk\\\/#organization\",\"name\":\"BeGamer.cz\",\"url\":\"https:\\\/\\\/begamer.cz\\\/sk\\\/\",\"logo\":{\"@type\":\"ImageObject\",\"inLanguage\":\"sk-SK\",\"@id\":\"https:\\\/\\\/begamer.cz\\\/sk\\\/#\\\/schema\\\/logo\\\/image\\\/\",\"url\":\"https:\\\/\\\/begamer.cz\\\/wp-content\\\/uploads\\\/2025\\\/07\\\/logo.svg\",\"contentUrl\":\"https:\\\/\\\/begamer.cz\\\/wp-content\\\/uploads\\\/2025\\\/07\\\/logo.svg\",\"caption\":\"BeGamer.cz\"},\"image\":{\"@id\":\"https:\\\/\\\/begamer.cz\\\/sk\\\/#\\\/schema\\\/logo\\\/image\\\/\"}}]}<\/script>\n<!-- \/ Yoast SEO plugin. -->","yoast_head_json":{"title":"Far Cry 6: Gold Edition | BeGamer.cz","robots":{"index":"index","follow":"follow","max-snippet":"max-snippet:-1","max-image-preview":"max-image-preview:large","max-video-preview":"max-video-preview:-1"},"canonical":"https:\/\/begamer.cz\/sk\/produkt\/far-cry-6-gold-edition-sk\/","og_locale":"sk_SK","og_type":"article","og_title":"Far Cry 6: Gold Edition | BeGamer.cz","og_description":"Ako Dani Rojas (hrate\u013en\u00e1 postava \u017eensk\u00e9ho alebo mu\u017esk\u00e9ho pohlavia) budete pom\u00e1ha\u0165 podnecova\u0165 revol\u00faciu prostredn\u00edctvom partiz\u00e1nskej vojny na ostrove Yara, od zelen\u00fdch d\u017eungl\u00ed a\u017e po mestsk\u00e9 ulice hlavn\u00e9ho mesta Esperanza. Budete pou\u017e\u00edva\u0165 siln\u00fa paletu zbran\u00ed a vozidiel a budova\u0165 sie\u0165 spojencov, ktor\u00ed bud\u00fa bojova\u0165 po va\u0161om boku, vr\u00e1tane Fangs for Hire ako Chorizo, nebezpe\u010dne rozpty\u013euj\u00faci ps\u00edk. Ke\u010f prezident Castillo pripravuje svojho syna Diega, ktor\u00e9ho hr\u00e1 Anthony Gonzalez (\u201eCoco\u201c), aby ho nahradil, urob\u00edte v\u0161etko, \u010do je vo va\u0161ich sil\u00e1ch, aby sa jeho pl\u00e1ny nezrealizovali.","og_url":"https:\/\/begamer.cz\/sk\/produkt\/far-cry-6-gold-edition-sk\/","og_site_name":"BeGamer.cz","article_modified_time":"2026-03-18T01:41:54+00:00","og_image":[{"width":300,"height":400,"url":"https:\/\/begamer.cz\/wp-content\/uploads\/2026\/01\/far-cry-6-gold-edition-5.webp","type":"image\/webp"}],"twitter_card":"summary_large_image","schema":{"@context":"https:\/\/schema.org","@graph":[{"@type":"WebPage","@id":"https:\/\/begamer.cz\/sk\/produkt\/far-cry-6-gold-edition-sk\/","url":"https:\/\/begamer.cz\/sk\/produkt\/far-cry-6-gold-edition-sk\/","name":"Far Cry 6: Gold Edition | BeGamer.cz","isPartOf":{"@id":"https:\/\/begamer.cz\/sk\/#website"},"primaryImageOfPage":{"@id":"https:\/\/begamer.cz\/sk\/produkt\/far-cry-6-gold-edition-sk\/#primaryimage"},"image":{"@id":"https:\/\/begamer.cz\/sk\/produkt\/far-cry-6-gold-edition-sk\/#primaryimage"},"thumbnailUrl":"https:\/\/begamer.cz\/wp-content\/uploads\/2026\/01\/far-cry-6-gold-edition-5.webp","datePublished":"2026-01-30T14:49:55+00:00","dateModified":"2026-03-18T01:41:54+00:00","breadcrumb":{"@id":"https:\/\/begamer.cz\/sk\/produkt\/far-cry-6-gold-edition-sk\/#breadcrumb"},"inLanguage":"sk-SK","potentialAction":[{"@type":"ReadAction","target":["https:\/\/begamer.cz\/sk\/produkt\/far-cry-6-gold-edition-sk\/"]}]},{"@type":"ImageObject","inLanguage":"sk-SK","@id":"https:\/\/begamer.cz\/sk\/produkt\/far-cry-6-gold-edition-sk\/#primaryimage","url":"https:\/\/begamer.cz\/wp-content\/uploads\/2026\/01\/far-cry-6-gold-edition-5.webp","contentUrl":"https:\/\/begamer.cz\/wp-content\/uploads\/2026\/01\/far-cry-6-gold-edition-5.webp","width":300,"height":400},{"@type":"BreadcrumbList","@id":"https:\/\/begamer.cz\/sk\/produkt\/far-cry-6-gold-edition-sk\/#breadcrumb","itemListElement":[{"@type":"ListItem","position":1,"name":"Domov","item":"https:\/\/begamer.cz\/sk\/"},{"@type":"ListItem","position":2,"name":"Obchod","item":"https:\/\/begamer.cz\/obchod\/"},{"@type":"ListItem","position":3,"name":"Far Cry 6: Gold Edition"}]},{"@type":"WebSite","@id":"https:\/\/begamer.cz\/sk\/#website","url":"https:\/\/begamer.cz\/sk\/","name":"BeGamer.cz","description":"","publisher":{"@id":"https:\/\/begamer.cz\/sk\/#organization"},"potentialAction":[{"@type":"SearchAction","target":{"@type":"EntryPoint","urlTemplate":"https:\/\/begamer.cz\/sk\/?s={search_term_string}"},"query-input":{"@type":"PropertyValueSpecification","valueRequired":true,"valueName":"search_term_string"}}],"inLanguage":"sk-SK"},{"@type":"Organization","@id":"https:\/\/begamer.cz\/sk\/#organization","name":"BeGamer.cz","url":"https:\/\/begamer.cz\/sk\/","logo":{"@type":"ImageObject","inLanguage":"sk-SK","@id":"https:\/\/begamer.cz\/sk\/#\/schema\/logo\/image\/","url":"https:\/\/begamer.cz\/wp-content\/uploads\/2025\/07\/logo.svg","contentUrl":"https:\/\/begamer.cz\/wp-content\/uploads\/2025\/07\/logo.svg","caption":"BeGamer.cz"},"image":{"@id":"https:\/\/begamer.cz\/sk\/#\/schema\/logo\/image\/"}}]}},"acf":[],"_links":{"self":[{"href":"https:\/\/begamer.cz\/sk\/wp-json\/wp\/v2\/product\/93674","targetHints":{"allow":["GET"]}}],"collection":[{"href":"https:\/\/begamer.cz\/sk\/wp-json\/wp\/v2\/product"}],"about":[{"href":"https:\/\/begamer.cz\/sk\/wp-json\/wp\/v2\/types\/product"}],"replies":[{"embeddable":true,"href":"https:\/\/begamer.cz\/sk\/wp-json\/wp\/v2\/comments?post=93674"}],"wp:featuredmedia":[{"embeddable":true,"href":"https:\/\/begamer.cz\/sk\/wp-json\/wp\/v2\/media\/8717"}],"wp:attachment":[{"href":"https:\/\/begamer.cz\/sk\/wp-json\/wp\/v2\/media?parent=93674"}],"wp:term":[{"taxonomy":"product_brand","embeddable":true,"href":"https:\/\/begamer.cz\/sk\/wp-json\/wp\/v2\/product_brand?post=93674"},{"taxonomy":"product_cat","embeddable":true,"href":"https:\/\/begamer.cz\/sk\/wp-json\/wp\/v2\/product_cat?post=93674"},{"taxonomy":"product_tag","embeddable":true,"href":"https:\/\/begamer.cz\/sk\/wp-json\/wp\/v2\/product_tag?post=93674"}],"curies":[{"name":"wp","href":"https:\/\/api.w.org\/{rel}","templated":true}]}}