{"id":93659,"date":"2026-01-30T15:49:45","date_gmt":"2026-01-30T14:49:45","guid":{"rendered":"https:\/\/begamer.cz\/produkt\/hood-outlaws-legends-sk\/"},"modified":"2026-03-18T02:41:03","modified_gmt":"2026-03-18T01:41:03","slug":"hood-outlaws-legends-sk","status":"publish","type":"product","link":"https:\/\/begamer.cz\/sk\/produkt\/hood-outlaws-legends-sk\/","title":{"rendered":"Hood: Outlaws & Legends"},"content":{"rendered":"<h1>O hre<\/h1>\n<p><strong>V\u0161etci sme psanci&#8230; ale niektor\u00ed z n\u00e1s sa stan\u00fa legendami.<\/strong><\/p>\n<p>V konfront\u00e1cii s nemilosrdn\u00fdm, nekontrolovan\u00fdm \u0161t\u00e1tom bojuj\u00fa rebeli a dareb\u00e1ci o svoje miesto medzi legendami. Aby z\u00edskali vplyv u utl\u00e1\u010dan\u00e9ho \u013eudu, s\u00faperiace gangy s\u00fa\u0165a\u017eia v odv\u00e1\u017enych l\u00fape\u017eiach, aby zasiahli bohat\u00fdch tam, kde to najviac bol\u00ed. \u013dudov\u00fd hrdina alebo zlatokopeck\u00fd psanec, len t\u00ed najlep\u0161\u00ed unikn\u00fa s \u0165a\u017eko zaroben\u00fdm bohatstvom.<\/p>\n<p>Dva t\u00edmy po 4 hr\u00e1\u010doch s\u00fa\u0165a\u017eia o vykonanie perfektnej l\u00fape\u017ee v stredovekom prostred\u00ed, ktor\u00e9 str\u00e1\u017eia smrtiaci str\u00e1\u017ecovia s umelou inteligenciou. V\u010faka jedine\u010dn\u00fdm zru\u010dnostiam a mystick\u00fdm schopnostiam ka\u017edej postavy sa pohybuj\u00fa tajne, aby ukradli poklady bez toho, aby ich niekto videl, alebo dominuj\u00fa prostredn\u00edctvom hlu\u010dn\u00fdch a brut\u00e1lnych bojov. Bude<\/p>\n<p>preliata krv. Bohatstvo bude ukradnut\u00e9. Legendy sa zrodia nanovo.<\/p>\n<ul class=\"bb_ul\">\n<li>Prekonajte s\u00faperov v intenz\u00edvnych PvPvE multiplayerov\u00fdch l\u00fape\u017eiach<\/li>\n<li>Za\u017eite n\u00e1siln\u00fd stredovek\u00fd svet, kde starovek\u00e1 mystika s\u00fa\u0165a\u017e\u00ed s \u013eudskou mocou a korupciou<\/li>\n<li>Z\u00edskajte svoju koris\u0165 a investujte do v\u00fdhod, zbran\u00ed a odv\u00e1\u017enych nov\u00fdch vzh\u013eadov<\/li>\n<li>Podpora po spusten\u00ed s nov\u00fdmi mapami, postavami, hern\u00fdmi re\u017eimami a udalos\u0165ami<\/li>\n<\/ul>\n","protected":false},"excerpt":{"rendered":"<p>V n\u00e1silnom stredovekom svete porazte konkuren\u010dn\u00e9 gangy v intenz\u00edvnych PvPvE multiplayerov\u00fdch l\u00fape\u017eiach. Pohybujte sa nen\u00e1padne, aby ste ukradli poklady bez toho, aby v\u00e1s niekto zbadal, alebo dominujte prostredn\u00edctvom hlasn\u00fdch a brut\u00e1lnych bojov. Len t\u00ed najlep\u0161\u00ed unikn\u00fa s \u0165a\u017eko zaroben\u00fdmi bohatstvami.<\/p>\n","protected":false},"featured_media":8625,"comment_status":"open","ping_status":"closed","template":"","meta":{"_acf_changed":false},"product_brand":[],"product_cat":[457,452,471,9067,398,438],"product_tag":[],"class_list":{"0":"post-93659","1":"product","2":"type-product","3":"status-publish","4":"has-post-thumbnail","6":"product_cat-adventury-xbox-series-x-s-sk","7":"product_cat-rpg-xbox-series-x-s-sk","8":"product_cat-strategie-xbox-series-x-s-sk","9":"product_cat-strielacky-6","10":"product_cat-xbox-hry-sk","11":"product_cat-xbox-series-x-s-sk","12":"pa_audio-en-us","14":"pa_developer-sumo-newcastle","16":"pa_engine-unreal-engine-4","18":"pa_game_type-main_game","20":"pa_genres-adventure","21":"pa_genres-role-playing-rpg","22":"pa_genres-shooter","23":"pa_genres-strategy","25":"pa_interface-de-de","26":"pa_interface-en-us","27":"pa_interface-es-es","28":"pa_interface-fr-fr","29":"pa_interface-it-it","30":"pa_interface-ja-jp","31":"pa_interface-ko-kr","32":"pa_interface-pl-pl","33":"pa_interface-pt-br","34":"pa_interface-ru-ru","36":"pa_interface-zh-cn","37":"pa_interface-zh-tw","38":"pa_keywords-pvpve","39":"pa_modes-co-operative","40":"pa_modes-multiplayer","42":"pa_pegi-794","43":"pa_pegi-13426","44":"pa_platform-xbox-one-xbox-series-x-s","46":"pa_player_perspectives-first-person","48":"pa_player_perspectives-third-person","49":"pa_publisher-focus-entertainment","51":"pa_rating-14566","52":"pa_rating-2115","53":"pa_region-europe","55":"pa_subtitles-de-de","57":"pa_subtitles-en-us","58":"pa_subtitles-es-es","59":"pa_subtitles-fr-fr","60":"pa_subtitles-it-it","61":"pa_subtitles-ja-jp","62":"pa_subtitles-ko-kr","63":"pa_subtitles-pl-pl","64":"pa_subtitles-pt-br","65":"pa_subtitles-ru-ru","66":"pa_subtitles-zh-cn","67":"pa_subtitles-zh-tw","68":"pa_themes-action","69":"pa_themes-historical","70":"pa_themes-stealth","73":"first","74":"instock","75":"virtual","76":"taxable","77":"purchasable","78":"product-type-simple"},"yoast_head":"<!-- This site is optimized with the Yoast SEO plugin v27.4 - https:\/\/yoast.com\/product\/yoast-seo-wordpress\/ -->\n<title>Hood: Outlaws &amp; Legends | BeGamer.cz<\/title>\n<meta name=\"robots\" content=\"index, follow, max-snippet:-1, max-image-preview:large, max-video-preview:-1\" \/>\n<link rel=\"canonical\" href=\"https:\/\/begamer.cz\/sk\/produkt\/hood-outlaws-legends-sk\/\" \/>\n<meta property=\"og:locale\" content=\"sk_SK\" \/>\n<meta property=\"og:type\" content=\"article\" \/>\n<meta property=\"og:title\" content=\"Hood: Outlaws &amp; Legends | BeGamer.cz\" \/>\n<meta property=\"og:description\" content=\"V n\u00e1silnom stredovekom svete porazte konkuren\u010dn\u00e9 gangy v intenz\u00edvnych PvPvE multiplayerov\u00fdch l\u00fape\u017eiach. Pohybujte sa nen\u00e1padne, aby ste ukradli poklady bez toho, aby v\u00e1s niekto zbadal, alebo dominujte prostredn\u00edctvom hlasn\u00fdch a brut\u00e1lnych bojov. Len t\u00ed najlep\u0161\u00ed unikn\u00fa s \u0165a\u017eko zaroben\u00fdmi bohatstvami.\" \/>\n<meta property=\"og:url\" content=\"https:\/\/begamer.cz\/sk\/produkt\/hood-outlaws-legends-sk\/\" \/>\n<meta property=\"og:site_name\" content=\"BeGamer.cz\" \/>\n<meta property=\"article:modified_time\" content=\"2026-03-18T01:41:03+00:00\" \/>\n<meta property=\"og:image\" content=\"https:\/\/begamer.cz\/wp-content\/uploads\/2026\/01\/hood-outlaws-and-legends-4.webp\" \/>\n\t<meta property=\"og:image:width\" content=\"300\" \/>\n\t<meta property=\"og:image:height\" content=\"400\" \/>\n\t<meta property=\"og:image:type\" content=\"image\/webp\" \/>\n<meta name=\"twitter:card\" content=\"summary_large_image\" \/>\n<meta name=\"twitter:label1\" content=\"Predpokladan\u00fd \u010das \u010d\u00edtania\" \/>\n\t<meta name=\"twitter:data1\" content=\"1 min\u00fata\" \/>\n<script type=\"application\/ld+json\" class=\"yoast-schema-graph\">{\"@context\":\"https:\\\/\\\/schema.org\",\"@graph\":[{\"@type\":\"WebPage\",\"@id\":\"https:\\\/\\\/begamer.cz\\\/sk\\\/produkt\\\/hood-outlaws-legends-sk\\\/\",\"url\":\"https:\\\/\\\/begamer.cz\\\/sk\\\/produkt\\\/hood-outlaws-legends-sk\\\/\",\"name\":\"Hood: Outlaws & Legends | BeGamer.cz\",\"isPartOf\":{\"@id\":\"https:\\\/\\\/begamer.cz\\\/sk\\\/#website\"},\"primaryImageOfPage\":{\"@id\":\"https:\\\/\\\/begamer.cz\\\/sk\\\/produkt\\\/hood-outlaws-legends-sk\\\/#primaryimage\"},\"image\":{\"@id\":\"https:\\\/\\\/begamer.cz\\\/sk\\\/produkt\\\/hood-outlaws-legends-sk\\\/#primaryimage\"},\"thumbnailUrl\":\"https:\\\/\\\/begamer.cz\\\/wp-content\\\/uploads\\\/2026\\\/01\\\/hood-outlaws-and-legends-4.webp\",\"datePublished\":\"2026-01-30T14:49:45+00:00\",\"dateModified\":\"2026-03-18T01:41:03+00:00\",\"breadcrumb\":{\"@id\":\"https:\\\/\\\/begamer.cz\\\/sk\\\/produkt\\\/hood-outlaws-legends-sk\\\/#breadcrumb\"},\"inLanguage\":\"sk-SK\",\"potentialAction\":[{\"@type\":\"ReadAction\",\"target\":[\"https:\\\/\\\/begamer.cz\\\/sk\\\/produkt\\\/hood-outlaws-legends-sk\\\/\"]}]},{\"@type\":\"ImageObject\",\"inLanguage\":\"sk-SK\",\"@id\":\"https:\\\/\\\/begamer.cz\\\/sk\\\/produkt\\\/hood-outlaws-legends-sk\\\/#primaryimage\",\"url\":\"https:\\\/\\\/begamer.cz\\\/wp-content\\\/uploads\\\/2026\\\/01\\\/hood-outlaws-and-legends-4.webp\",\"contentUrl\":\"https:\\\/\\\/begamer.cz\\\/wp-content\\\/uploads\\\/2026\\\/01\\\/hood-outlaws-and-legends-4.webp\",\"width\":300,\"height\":400},{\"@type\":\"BreadcrumbList\",\"@id\":\"https:\\\/\\\/begamer.cz\\\/sk\\\/produkt\\\/hood-outlaws-legends-sk\\\/#breadcrumb\",\"itemListElement\":[{\"@type\":\"ListItem\",\"position\":1,\"name\":\"Domov\",\"item\":\"https:\\\/\\\/begamer.cz\\\/sk\\\/\"},{\"@type\":\"ListItem\",\"position\":2,\"name\":\"Obchod\",\"item\":\"https:\\\/\\\/begamer.cz\\\/obchod\\\/\"},{\"@type\":\"ListItem\",\"position\":3,\"name\":\"Hood: Outlaws &#038; Legends\"}]},{\"@type\":\"WebSite\",\"@id\":\"https:\\\/\\\/begamer.cz\\\/sk\\\/#website\",\"url\":\"https:\\\/\\\/begamer.cz\\\/sk\\\/\",\"name\":\"BeGamer.cz\",\"description\":\"\",\"publisher\":{\"@id\":\"https:\\\/\\\/begamer.cz\\\/sk\\\/#organization\"},\"potentialAction\":[{\"@type\":\"SearchAction\",\"target\":{\"@type\":\"EntryPoint\",\"urlTemplate\":\"https:\\\/\\\/begamer.cz\\\/sk\\\/?s={search_term_string}\"},\"query-input\":{\"@type\":\"PropertyValueSpecification\",\"valueRequired\":true,\"valueName\":\"search_term_string\"}}],\"inLanguage\":\"sk-SK\"},{\"@type\":\"Organization\",\"@id\":\"https:\\\/\\\/begamer.cz\\\/sk\\\/#organization\",\"name\":\"BeGamer.cz\",\"url\":\"https:\\\/\\\/begamer.cz\\\/sk\\\/\",\"logo\":{\"@type\":\"ImageObject\",\"inLanguage\":\"sk-SK\",\"@id\":\"https:\\\/\\\/begamer.cz\\\/sk\\\/#\\\/schema\\\/logo\\\/image\\\/\",\"url\":\"https:\\\/\\\/begamer.cz\\\/wp-content\\\/uploads\\\/2025\\\/07\\\/logo.svg\",\"contentUrl\":\"https:\\\/\\\/begamer.cz\\\/wp-content\\\/uploads\\\/2025\\\/07\\\/logo.svg\",\"caption\":\"BeGamer.cz\"},\"image\":{\"@id\":\"https:\\\/\\\/begamer.cz\\\/sk\\\/#\\\/schema\\\/logo\\\/image\\\/\"}}]}<\/script>\n<!-- \/ Yoast SEO plugin. -->","yoast_head_json":{"title":"Hood: Outlaws & Legends | BeGamer.cz","robots":{"index":"index","follow":"follow","max-snippet":"max-snippet:-1","max-image-preview":"max-image-preview:large","max-video-preview":"max-video-preview:-1"},"canonical":"https:\/\/begamer.cz\/sk\/produkt\/hood-outlaws-legends-sk\/","og_locale":"sk_SK","og_type":"article","og_title":"Hood: Outlaws & Legends | BeGamer.cz","og_description":"V n\u00e1silnom stredovekom svete porazte konkuren\u010dn\u00e9 gangy v intenz\u00edvnych PvPvE multiplayerov\u00fdch l\u00fape\u017eiach. Pohybujte sa nen\u00e1padne, aby ste ukradli poklady bez toho, aby v\u00e1s niekto zbadal, alebo dominujte prostredn\u00edctvom hlasn\u00fdch a brut\u00e1lnych bojov. Len t\u00ed najlep\u0161\u00ed unikn\u00fa s \u0165a\u017eko zaroben\u00fdmi bohatstvami.","og_url":"https:\/\/begamer.cz\/sk\/produkt\/hood-outlaws-legends-sk\/","og_site_name":"BeGamer.cz","article_modified_time":"2026-03-18T01:41:03+00:00","og_image":[{"width":300,"height":400,"url":"https:\/\/begamer.cz\/wp-content\/uploads\/2026\/01\/hood-outlaws-and-legends-4.webp","type":"image\/webp"}],"twitter_card":"summary_large_image","twitter_misc":{"Predpokladan\u00fd \u010das \u010d\u00edtania":"1 min\u00fata"},"schema":{"@context":"https:\/\/schema.org","@graph":[{"@type":"WebPage","@id":"https:\/\/begamer.cz\/sk\/produkt\/hood-outlaws-legends-sk\/","url":"https:\/\/begamer.cz\/sk\/produkt\/hood-outlaws-legends-sk\/","name":"Hood: Outlaws & Legends | BeGamer.cz","isPartOf":{"@id":"https:\/\/begamer.cz\/sk\/#website"},"primaryImageOfPage":{"@id":"https:\/\/begamer.cz\/sk\/produkt\/hood-outlaws-legends-sk\/#primaryimage"},"image":{"@id":"https:\/\/begamer.cz\/sk\/produkt\/hood-outlaws-legends-sk\/#primaryimage"},"thumbnailUrl":"https:\/\/begamer.cz\/wp-content\/uploads\/2026\/01\/hood-outlaws-and-legends-4.webp","datePublished":"2026-01-30T14:49:45+00:00","dateModified":"2026-03-18T01:41:03+00:00","breadcrumb":{"@id":"https:\/\/begamer.cz\/sk\/produkt\/hood-outlaws-legends-sk\/#breadcrumb"},"inLanguage":"sk-SK","potentialAction":[{"@type":"ReadAction","target":["https:\/\/begamer.cz\/sk\/produkt\/hood-outlaws-legends-sk\/"]}]},{"@type":"ImageObject","inLanguage":"sk-SK","@id":"https:\/\/begamer.cz\/sk\/produkt\/hood-outlaws-legends-sk\/#primaryimage","url":"https:\/\/begamer.cz\/wp-content\/uploads\/2026\/01\/hood-outlaws-and-legends-4.webp","contentUrl":"https:\/\/begamer.cz\/wp-content\/uploads\/2026\/01\/hood-outlaws-and-legends-4.webp","width":300,"height":400},{"@type":"BreadcrumbList","@id":"https:\/\/begamer.cz\/sk\/produkt\/hood-outlaws-legends-sk\/#breadcrumb","itemListElement":[{"@type":"ListItem","position":1,"name":"Domov","item":"https:\/\/begamer.cz\/sk\/"},{"@type":"ListItem","position":2,"name":"Obchod","item":"https:\/\/begamer.cz\/obchod\/"},{"@type":"ListItem","position":3,"name":"Hood: Outlaws &#038; Legends"}]},{"@type":"WebSite","@id":"https:\/\/begamer.cz\/sk\/#website","url":"https:\/\/begamer.cz\/sk\/","name":"BeGamer.cz","description":"","publisher":{"@id":"https:\/\/begamer.cz\/sk\/#organization"},"potentialAction":[{"@type":"SearchAction","target":{"@type":"EntryPoint","urlTemplate":"https:\/\/begamer.cz\/sk\/?s={search_term_string}"},"query-input":{"@type":"PropertyValueSpecification","valueRequired":true,"valueName":"search_term_string"}}],"inLanguage":"sk-SK"},{"@type":"Organization","@id":"https:\/\/begamer.cz\/sk\/#organization","name":"BeGamer.cz","url":"https:\/\/begamer.cz\/sk\/","logo":{"@type":"ImageObject","inLanguage":"sk-SK","@id":"https:\/\/begamer.cz\/sk\/#\/schema\/logo\/image\/","url":"https:\/\/begamer.cz\/wp-content\/uploads\/2025\/07\/logo.svg","contentUrl":"https:\/\/begamer.cz\/wp-content\/uploads\/2025\/07\/logo.svg","caption":"BeGamer.cz"},"image":{"@id":"https:\/\/begamer.cz\/sk\/#\/schema\/logo\/image\/"}}]}},"acf":[],"_links":{"self":[{"href":"https:\/\/begamer.cz\/sk\/wp-json\/wp\/v2\/product\/93659","targetHints":{"allow":["GET"]}}],"collection":[{"href":"https:\/\/begamer.cz\/sk\/wp-json\/wp\/v2\/product"}],"about":[{"href":"https:\/\/begamer.cz\/sk\/wp-json\/wp\/v2\/types\/product"}],"replies":[{"embeddable":true,"href":"https:\/\/begamer.cz\/sk\/wp-json\/wp\/v2\/comments?post=93659"}],"wp:featuredmedia":[{"embeddable":true,"href":"https:\/\/begamer.cz\/sk\/wp-json\/wp\/v2\/media\/8625"}],"wp:attachment":[{"href":"https:\/\/begamer.cz\/sk\/wp-json\/wp\/v2\/media?parent=93659"}],"wp:term":[{"taxonomy":"product_brand","embeddable":true,"href":"https:\/\/begamer.cz\/sk\/wp-json\/wp\/v2\/product_brand?post=93659"},{"taxonomy":"product_cat","embeddable":true,"href":"https:\/\/begamer.cz\/sk\/wp-json\/wp\/v2\/product_cat?post=93659"},{"taxonomy":"product_tag","embeddable":true,"href":"https:\/\/begamer.cz\/sk\/wp-json\/wp\/v2\/product_tag?post=93659"}],"curies":[{"name":"wp","href":"https:\/\/api.w.org\/{rel}","templated":true}]}}