{"id":93656,"date":"2026-01-30T15:49:42","date_gmt":"2026-01-30T14:49:42","guid":{"rendered":"https:\/\/begamer.cz\/produkt\/grid-legends-sk\/"},"modified":"2026-03-18T02:40:58","modified_gmt":"2026-03-18T01:40:58","slug":"grid-legends-sk","status":"publish","type":"product","link":"https:\/\/begamer.cz\/sk\/produkt\/grid-legends-sk\/","title":{"rendered":"Grid Legends"},"content":{"rendered":"<h1>O hre<\/h1>\n<p><span class=\"bb_img_ctn\"><video class=\"bb_img\" autoplay muted loop playsinline poster=\"https:\/\/shared.akamai.steamstatic.com\/store_item_assets\/steam\/apps\/1307710\/extras\/0c3ccb33c285ba88678d50f83b23fe2e.poster.avif?t=1748949621\" width=610 height=342 ><source src=\"https:\/\/shared.akamai.steamstatic.com\/store_item_assets\/steam\/apps\/1307710\/extras\/0c3ccb33c285ba88678d50f83b23fe2e.webm?t=1748949621\" type=\"video\/webm; codecs=vp9\"><source src=\"https:\/\/shared.akamai.steamstatic.com\/store_item_assets\/steam\/apps\/1307710\/extras\/0c3ccb33c285ba88678d50f83b23fe2e.mp4?t=1748949621\" type=\"video\/mp4\"><\/video><\/span><br \/>GRID Legends prin\u00e1\u0161a vzru\u0161uj\u00face motoristick\u00e9 preteky koleso na koleso a nap\u00ednav\u00fa akciu po celom svete. Vytvorte si svoje vysn\u00edvan\u00e9 motoristick\u00e9 podujatia, zapojte sa do \u017eiv\u00fdch pretekov pre viacer\u00fdch hr\u00e1\u010dov, sta\u0148te sa s\u00fa\u010das\u0165ou dramatick\u00e9ho pr\u00edbehu v pohlcuj\u00facej virtu\u00e1lnej produkcii a vychutnajte si pocit z ve\u013ekolep\u00fdch ak\u010dn\u00fdch pretekov.<br \/><span class=\"bb_img_ctn\"><video class=\"bb_img\" autoplay muted loop playsinline poster=\"https:\/\/shared.akamai.steamstatic.com\/store_item_assets\/steam\/apps\/1307710\/extras\/897a6c56866d8095058ca5a9bae8b2af.poster.avif?t=1748949621\" width=610 height=342 ><source src=\"https:\/\/shared.akamai.steamstatic.com\/store_item_assets\/steam\/apps\/1307710\/extras\/897a6c56866d8095058ca5a9bae8b2af.webm?t=1748949621\" type=\"video\/webm; codecs=vp9\"><source src=\"https:\/\/shared.akamai.steamstatic.com\/store_item_assets\/steam\/apps\/1307710\/extras\/897a6c56866d8095058ca5a9bae8b2af.mp4?t=1748949621\" type=\"video\/mp4\"><\/video><\/span><br \/>Bojujte o poz\u00edciu. Jazda legend\u00e1rnymi autami na hranici ich mo\u017enost\u00ed. Za\u017eite adrenal\u00edn z neuverite\u013enej r\u00fdchlosti. Porazte svojho s\u00fapera na trati. Opakovane por\u00e1\u017eajte svojich priate\u013eov&#8230; a nedovo\u013ete im na to nikdy zabudn\u00fa\u0165!<\/p>\n<ul class=\"bb_ul\">\n<li>Hrajte spolu s a\u017e 21 priate\u013emi v najsoci\u00e1lnej\u0161ej a najprepojenej\u0161ej hre GRID, ak\u00e1 kedy bola, vr\u00e1tane hry na viacer\u00fdch platform\u00e1ch, a sp\u00f4sobte na trati chaos.<br \/><span class=\"bb_img_ctn\"><video class=\"bb_img\" autoplay muted loop playsinline poster=\"https:\/\/shared.akamai.steamstatic.com\/store_item_assets\/steam\/apps\/1307710\/extras\/6b05aba4772a82cb88e1cfb4ce6bfc07.poster.avif?t=1748949621\" width=610 height=342 ><source src=\"https:\/\/shared.akamai.steamstatic.com\/store_item_assets\/steam\/apps\/1307710\/extras\/6b05aba4772a82cb88e1cfb4ce6bfc07.webm?t=1748949621\" type=\"video\/webm; codecs=vp9\"><source src=\"https:\/\/shared.akamai.steamstatic.com\/store_item_assets\/steam\/apps\/1307710\/extras\/6b05aba4772a82cb88e1cfb4ce6bfc07.mp4?t=1748949621\" type=\"video\/mp4\"><\/video><\/span><\/li>\n<li>Vytvorte si spomienky na preteky s ohromuj\u00facou \u0161k\u00e1lou \u00e1ut, nov\u00fdmi mestsk\u00fdmi lokalitami, ako je Lond\u00fdn, vzru\u0161uj\u00facimi typmi podujat\u00ed a vytvorte si nepriate\u013eov na trati.<\/li>\n<li>Pou\u017eite Race Creator na navrhnutie adrenal\u00ednov\u00fdch pretekov, v ktor\u00fdch si to rozd\u00e1te so svojimi priate\u013emi, s typmi podujat\u00ed ako Elimination, elektrizuj\u00facimi Boost pretekmi a n\u00e1vratom Driftu. Chcete preteka\u0165 s hypercarmi proti obrovsk\u00fdm kami\u00f3nom? Do toho!<br \/><span class=\"bb_img_ctn\"><video class=\"bb_img\" autoplay muted loop playsinline poster=\"https:\/\/shared.akamai.steamstatic.com\/store_item_assets\/steam\/apps\/1307710\/extras\/ea0e5ab79328ea38e6f67ba1ac3e4621.poster.avif?t=1748949621\" width=610 height=342 ><source src=\"https:\/\/shared.akamai.steamstatic.com\/store_item_assets\/steam\/apps\/1307710\/extras\/ea0e5ab79328ea38e6f67ba1ac3e4621.webm?t=1748949621\" type=\"video\/webm; codecs=vp9\"><source src=\"https:\/\/shared.akamai.steamstatic.com\/store_item_assets\/steam\/apps\/1307710\/extras\/ea0e5ab79328ea38e6f67ba1ac3e4621.mp4?t=1748949621\" type=\"video\/mp4\"><\/video><\/span><\/li>\n<li>Sta\u0148te sa s\u00fa\u010das\u0165ou motoristick\u00e9ho spekt\u00e1klu s na\u0161im dramatick\u00fdm virtu\u00e1lnym pr\u00edbehom Driven to Glory alebo sa ponorte do na\u0161ej najv\u00e4\u010d\u0161ej kari\u00e9ry, ktor\u00e1 pon\u00faka stovky vzru\u0161uj\u00facich podujat\u00ed.<br \/><span class=\"bb_img_ctn\"><video class=\"bb_img\" autoplay muted loop playsinline poster=\"https:\/\/shared.akamai.steamstatic.com\/store_item_assets\/steam\/apps\/1307710\/extras\/fba5852eb6da93cf114106524c96c485.poster.avif?t=1748949621\" width=610 height=342 ><source src=\"https:\/\/shared.akamai.steamstatic.com\/store_item_assets\/steam\/apps\/1307710\/extras\/fba5852eb6da93cf114106524c96c485.webm?t=1748949621\" type=\"video\/webm; codecs=vp9\"><source src=\"https:\/\/shared.akamai.steamstatic.com\/store_item_assets\/steam\/apps\/1307710\/extras\/fba5852eb6da93cf114106524c96c485.mp4?t=1748949621\" type=\"video\/mp4\"><\/video><\/span><\/li>\n<li>Novinka v GRID Legends: Aktualiz\u00e1cia fotore\u017eimu \u2013 fotografujte a zdie\u013eajte svoje ob\u013e\u00faben\u00e9 aut\u00e1 v hre!<\/li>\n<\/ul>\n<p><span class=\"bb_img_ctn\"><video class=\"bb_img\" autoplay muted loop playsinline poster=\"https:\/\/shared.akamai.steamstatic.com\/store_item_assets\/steam\/apps\/1307710\/extras\/951ea8734ed6364acb288692fb424063.poster.avif?t=1748949621\" width=610 height=342 ><source src=\"https:\/\/shared.akamai.steamstatic.com\/store_item_assets\/steam\/apps\/1307710\/extras\/951ea8734ed6364acb288692fb424063.webm?t=1748949621\" type=\"video\/webm; codecs=vp9\"><source src=\"https:\/\/shared.akamai.steamstatic.com\/store_item_assets\/steam\/apps\/1307710\/extras\/951ea8734ed6364acb288692fb424063.mp4?t=1748949621\" type=\"video\/mp4\"><\/video><\/span><\/p>\n","protected":false},"excerpt":{"rendered":"<p>GRID Legends prin\u00e1\u0161a vzru\u0161uj\u00facu akciu motoristick\u00e9ho \u0161portu, kde sa aut\u00e1 nah\u00e1\u0148aj\u00fa koleso na koleso. Vytvorte si vysn\u00edvan\u00e9 preteky, zapojte sa do \u017eiv\u00fdch pretekov, za\u017eite dramatick\u00fd virtu\u00e1lny pr\u00edbeh a vychutnajte si pocit z \u00fa\u017easn\u00fdch pretekov.<\/p>\n","protected":false},"featured_media":8607,"comment_status":"open","ping_status":"closed","template":"","meta":{"_acf_changed":false},"product_brand":[],"product_cat":[469,470,398,438,472],"product_tag":[],"class_list":{"0":"post-93656","1":"product","2":"type-product","3":"status-publish","4":"has-post-thumbnail","6":"product_cat-simulatory-xbox-series-x-s-sk","7":"product_cat-sportove-xbox-series-x-s-sk","8":"product_cat-xbox-hry-sk","9":"product_cat-xbox-series-x-s-sk","10":"product_cat-zavodne-xbox-series-x-s-sk","11":"pa_audio-de-de","12":"pa_audio-en-gb","13":"pa_audio-en-us","14":"pa_audio-es-es","15":"pa_audio-fr-fr","16":"pa_audio-it-it","18":"pa_countries-at","19":"pa_countries-be","20":"pa_countries-bg","21":"pa_countries-cy","22":"pa_countries-cz","24":"pa_countries-de","25":"pa_countries-dk","26":"pa_countries-ee","27":"pa_countries-es","28":"pa_countries-fi","29":"pa_countries-fr","30":"pa_countries-gr","31":"pa_countries-hu","32":"pa_countries-ie","33":"pa_countries-it","34":"pa_countries-lt","35":"pa_countries-lu","36":"pa_countries-lv","37":"pa_countries-mt","38":"pa_countries-nl","39":"pa_countries-pl","40":"pa_countries-pt","41":"pa_countries-ro","42":"pa_countries-se","43":"pa_countries-si","44":"pa_countries-sk","45":"pa_developer-codemasters","47":"pa_engine-ego-engine","49":"pa_game_type-main_game","51":"pa_genres-racing","53":"pa_genres-simulator","54":"pa_genres-sport","55":"pa_interface-de-de","56":"pa_interface-en-gb","57":"pa_interface-en-us","58":"pa_interface-es-es","59":"pa_interface-fr-fr","60":"pa_interface-it-it","61":"pa_interface-ja-jp","62":"pa_interface-pl-pl","63":"pa_interface-pt-br","64":"pa_interface-pt-pt","66":"pa_interface-ru-ru","67":"pa_interface-zh-cn","68":"pa_interface-zh-tw","69":"pa_keywords-cinematic","70":"pa_keywords-cross-platform-multiplayer","71":"pa_keywords-elimination-mode","72":"pa_keywords-licensed-cars","73":"pa_keywords-realism","75":"pa_keywords-story-rich","76":"pa_modes-co-operative","77":"pa_modes-multiplayer","79":"pa_modes-single-player","80":"pa_pegi-13430","81":"pa_pegi-943","82":"pa_platform-xbox-one-xbox-series-x-s","84":"pa_player_perspectives-first-person","85":"pa_player_perspectives-third-person","86":"pa_player_perspectives-virtual-reality","88":"pa_publisher-electronic-arts","90":"pa_rating-14487","91":"pa_rating-1233","92":"pa_region-europe","94":"pa_subtitles-de-de","96":"pa_subtitles-en-us","97":"pa_subtitles-es-es","98":"pa_subtitles-fr-fr","99":"pa_subtitles-it-it","100":"pa_subtitles-ja-jp","101":"pa_subtitles-pl-pl","102":"pa_subtitles-pt-br","103":"pa_subtitles-ru-ru","104":"pa_subtitles-zh-cn","105":"pa_subtitles-zh-tw","106":"pa_themes-action","107":"pa_themes-non-fiction","110":"first","111":"instock","112":"virtual","113":"taxable","114":"purchasable","115":"product-type-simple"},"yoast_head":"<!-- This site is optimized with the Yoast SEO plugin v27.3 - https:\/\/yoast.com\/product\/yoast-seo-wordpress\/ -->\n<title>Grid Legends | BeGamer.cz<\/title>\n<meta name=\"robots\" content=\"index, follow, max-snippet:-1, max-image-preview:large, max-video-preview:-1\" \/>\n<link rel=\"canonical\" href=\"https:\/\/begamer.cz\/sk\/produkt\/grid-legends-sk\/\" \/>\n<meta property=\"og:locale\" content=\"sk_SK\" \/>\n<meta property=\"og:type\" content=\"article\" \/>\n<meta property=\"og:title\" content=\"Grid Legends | BeGamer.cz\" \/>\n<meta property=\"og:description\" content=\"GRID Legends prin\u00e1\u0161a vzru\u0161uj\u00facu akciu motoristick\u00e9ho \u0161portu, kde sa aut\u00e1 nah\u00e1\u0148aj\u00fa koleso na koleso. Vytvorte si vysn\u00edvan\u00e9 preteky, zapojte sa do \u017eiv\u00fdch pretekov, za\u017eite dramatick\u00fd virtu\u00e1lny pr\u00edbeh a vychutnajte si pocit z \u00fa\u017easn\u00fdch pretekov.\" \/>\n<meta property=\"og:url\" content=\"https:\/\/begamer.cz\/sk\/produkt\/grid-legends-sk\/\" \/>\n<meta property=\"og:site_name\" content=\"BeGamer.cz\" \/>\n<meta property=\"article:modified_time\" content=\"2026-03-18T01:40:58+00:00\" \/>\n<meta property=\"og:image\" content=\"https:\/\/begamer.cz\/wp-content\/uploads\/2026\/01\/grid-legends-10.webp\" \/>\n\t<meta property=\"og:image:width\" content=\"300\" \/>\n\t<meta property=\"og:image:height\" content=\"400\" \/>\n\t<meta property=\"og:image:type\" content=\"image\/webp\" \/>\n<meta name=\"twitter:card\" content=\"summary_large_image\" \/>\n<meta name=\"twitter:label1\" content=\"Predpokladan\u00fd \u010das \u010d\u00edtania\" \/>\n\t<meta name=\"twitter:data1\" content=\"1 min\u00fata\" \/>\n<script type=\"application\/ld+json\" class=\"yoast-schema-graph\">{\"@context\":\"https:\\\/\\\/schema.org\",\"@graph\":[{\"@type\":\"WebPage\",\"@id\":\"https:\\\/\\\/begamer.cz\\\/sk\\\/produkt\\\/grid-legends-sk\\\/\",\"url\":\"https:\\\/\\\/begamer.cz\\\/sk\\\/produkt\\\/grid-legends-sk\\\/\",\"name\":\"Grid Legends | BeGamer.cz\",\"isPartOf\":{\"@id\":\"https:\\\/\\\/begamer.cz\\\/sk\\\/#website\"},\"primaryImageOfPage\":{\"@id\":\"https:\\\/\\\/begamer.cz\\\/sk\\\/produkt\\\/grid-legends-sk\\\/#primaryimage\"},\"image\":{\"@id\":\"https:\\\/\\\/begamer.cz\\\/sk\\\/produkt\\\/grid-legends-sk\\\/#primaryimage\"},\"thumbnailUrl\":\"https:\\\/\\\/begamer.cz\\\/wp-content\\\/uploads\\\/2026\\\/01\\\/grid-legends-10.webp\",\"datePublished\":\"2026-01-30T14:49:42+00:00\",\"dateModified\":\"2026-03-18T01:40:58+00:00\",\"breadcrumb\":{\"@id\":\"https:\\\/\\\/begamer.cz\\\/sk\\\/produkt\\\/grid-legends-sk\\\/#breadcrumb\"},\"inLanguage\":\"sk-SK\",\"potentialAction\":[{\"@type\":\"ReadAction\",\"target\":[\"https:\\\/\\\/begamer.cz\\\/sk\\\/produkt\\\/grid-legends-sk\\\/\"]}]},{\"@type\":\"ImageObject\",\"inLanguage\":\"sk-SK\",\"@id\":\"https:\\\/\\\/begamer.cz\\\/sk\\\/produkt\\\/grid-legends-sk\\\/#primaryimage\",\"url\":\"https:\\\/\\\/begamer.cz\\\/wp-content\\\/uploads\\\/2026\\\/01\\\/grid-legends-10.webp\",\"contentUrl\":\"https:\\\/\\\/begamer.cz\\\/wp-content\\\/uploads\\\/2026\\\/01\\\/grid-legends-10.webp\",\"width\":300,\"height\":400},{\"@type\":\"BreadcrumbList\",\"@id\":\"https:\\\/\\\/begamer.cz\\\/sk\\\/produkt\\\/grid-legends-sk\\\/#breadcrumb\",\"itemListElement\":[{\"@type\":\"ListItem\",\"position\":1,\"name\":\"Domov\",\"item\":\"https:\\\/\\\/begamer.cz\\\/sk\\\/\"},{\"@type\":\"ListItem\",\"position\":2,\"name\":\"Obchod\",\"item\":\"https:\\\/\\\/begamer.cz\\\/obchod\\\/\"},{\"@type\":\"ListItem\",\"position\":3,\"name\":\"Grid Legends\"}]},{\"@type\":\"WebSite\",\"@id\":\"https:\\\/\\\/begamer.cz\\\/sk\\\/#website\",\"url\":\"https:\\\/\\\/begamer.cz\\\/sk\\\/\",\"name\":\"BeGamer.cz\",\"description\":\"\",\"publisher\":{\"@id\":\"https:\\\/\\\/begamer.cz\\\/sk\\\/#organization\"},\"potentialAction\":[{\"@type\":\"SearchAction\",\"target\":{\"@type\":\"EntryPoint\",\"urlTemplate\":\"https:\\\/\\\/begamer.cz\\\/sk\\\/?s={search_term_string}\"},\"query-input\":{\"@type\":\"PropertyValueSpecification\",\"valueRequired\":true,\"valueName\":\"search_term_string\"}}],\"inLanguage\":\"sk-SK\"},{\"@type\":\"Organization\",\"@id\":\"https:\\\/\\\/begamer.cz\\\/sk\\\/#organization\",\"name\":\"BeGamer.cz\",\"url\":\"https:\\\/\\\/begamer.cz\\\/sk\\\/\",\"logo\":{\"@type\":\"ImageObject\",\"inLanguage\":\"sk-SK\",\"@id\":\"https:\\\/\\\/begamer.cz\\\/sk\\\/#\\\/schema\\\/logo\\\/image\\\/\",\"url\":\"https:\\\/\\\/begamer.cz\\\/wp-content\\\/uploads\\\/2025\\\/07\\\/logo.svg\",\"contentUrl\":\"https:\\\/\\\/begamer.cz\\\/wp-content\\\/uploads\\\/2025\\\/07\\\/logo.svg\",\"caption\":\"BeGamer.cz\"},\"image\":{\"@id\":\"https:\\\/\\\/begamer.cz\\\/sk\\\/#\\\/schema\\\/logo\\\/image\\\/\"}}]}<\/script>\n<!-- \/ Yoast SEO plugin. -->","yoast_head_json":{"title":"Grid Legends | BeGamer.cz","robots":{"index":"index","follow":"follow","max-snippet":"max-snippet:-1","max-image-preview":"max-image-preview:large","max-video-preview":"max-video-preview:-1"},"canonical":"https:\/\/begamer.cz\/sk\/produkt\/grid-legends-sk\/","og_locale":"sk_SK","og_type":"article","og_title":"Grid Legends | BeGamer.cz","og_description":"GRID Legends prin\u00e1\u0161a vzru\u0161uj\u00facu akciu motoristick\u00e9ho \u0161portu, kde sa aut\u00e1 nah\u00e1\u0148aj\u00fa koleso na koleso. Vytvorte si vysn\u00edvan\u00e9 preteky, zapojte sa do \u017eiv\u00fdch pretekov, za\u017eite dramatick\u00fd virtu\u00e1lny pr\u00edbeh a vychutnajte si pocit z \u00fa\u017easn\u00fdch pretekov.","og_url":"https:\/\/begamer.cz\/sk\/produkt\/grid-legends-sk\/","og_site_name":"BeGamer.cz","article_modified_time":"2026-03-18T01:40:58+00:00","og_image":[{"width":300,"height":400,"url":"https:\/\/begamer.cz\/wp-content\/uploads\/2026\/01\/grid-legends-10.webp","type":"image\/webp"}],"twitter_card":"summary_large_image","twitter_misc":{"Predpokladan\u00fd \u010das \u010d\u00edtania":"1 min\u00fata"},"schema":{"@context":"https:\/\/schema.org","@graph":[{"@type":"WebPage","@id":"https:\/\/begamer.cz\/sk\/produkt\/grid-legends-sk\/","url":"https:\/\/begamer.cz\/sk\/produkt\/grid-legends-sk\/","name":"Grid Legends | BeGamer.cz","isPartOf":{"@id":"https:\/\/begamer.cz\/sk\/#website"},"primaryImageOfPage":{"@id":"https:\/\/begamer.cz\/sk\/produkt\/grid-legends-sk\/#primaryimage"},"image":{"@id":"https:\/\/begamer.cz\/sk\/produkt\/grid-legends-sk\/#primaryimage"},"thumbnailUrl":"https:\/\/begamer.cz\/wp-content\/uploads\/2026\/01\/grid-legends-10.webp","datePublished":"2026-01-30T14:49:42+00:00","dateModified":"2026-03-18T01:40:58+00:00","breadcrumb":{"@id":"https:\/\/begamer.cz\/sk\/produkt\/grid-legends-sk\/#breadcrumb"},"inLanguage":"sk-SK","potentialAction":[{"@type":"ReadAction","target":["https:\/\/begamer.cz\/sk\/produkt\/grid-legends-sk\/"]}]},{"@type":"ImageObject","inLanguage":"sk-SK","@id":"https:\/\/begamer.cz\/sk\/produkt\/grid-legends-sk\/#primaryimage","url":"https:\/\/begamer.cz\/wp-content\/uploads\/2026\/01\/grid-legends-10.webp","contentUrl":"https:\/\/begamer.cz\/wp-content\/uploads\/2026\/01\/grid-legends-10.webp","width":300,"height":400},{"@type":"BreadcrumbList","@id":"https:\/\/begamer.cz\/sk\/produkt\/grid-legends-sk\/#breadcrumb","itemListElement":[{"@type":"ListItem","position":1,"name":"Domov","item":"https:\/\/begamer.cz\/sk\/"},{"@type":"ListItem","position":2,"name":"Obchod","item":"https:\/\/begamer.cz\/obchod\/"},{"@type":"ListItem","position":3,"name":"Grid Legends"}]},{"@type":"WebSite","@id":"https:\/\/begamer.cz\/sk\/#website","url":"https:\/\/begamer.cz\/sk\/","name":"BeGamer.cz","description":"","publisher":{"@id":"https:\/\/begamer.cz\/sk\/#organization"},"potentialAction":[{"@type":"SearchAction","target":{"@type":"EntryPoint","urlTemplate":"https:\/\/begamer.cz\/sk\/?s={search_term_string}"},"query-input":{"@type":"PropertyValueSpecification","valueRequired":true,"valueName":"search_term_string"}}],"inLanguage":"sk-SK"},{"@type":"Organization","@id":"https:\/\/begamer.cz\/sk\/#organization","name":"BeGamer.cz","url":"https:\/\/begamer.cz\/sk\/","logo":{"@type":"ImageObject","inLanguage":"sk-SK","@id":"https:\/\/begamer.cz\/sk\/#\/schema\/logo\/image\/","url":"https:\/\/begamer.cz\/wp-content\/uploads\/2025\/07\/logo.svg","contentUrl":"https:\/\/begamer.cz\/wp-content\/uploads\/2025\/07\/logo.svg","caption":"BeGamer.cz"},"image":{"@id":"https:\/\/begamer.cz\/sk\/#\/schema\/logo\/image\/"}}]}},"acf":[],"_links":{"self":[{"href":"https:\/\/begamer.cz\/sk\/wp-json\/wp\/v2\/product\/93656","targetHints":{"allow":["GET"]}}],"collection":[{"href":"https:\/\/begamer.cz\/sk\/wp-json\/wp\/v2\/product"}],"about":[{"href":"https:\/\/begamer.cz\/sk\/wp-json\/wp\/v2\/types\/product"}],"replies":[{"embeddable":true,"href":"https:\/\/begamer.cz\/sk\/wp-json\/wp\/v2\/comments?post=93656"}],"wp:featuredmedia":[{"embeddable":true,"href":"https:\/\/begamer.cz\/sk\/wp-json\/wp\/v2\/media\/8607"}],"wp:attachment":[{"href":"https:\/\/begamer.cz\/sk\/wp-json\/wp\/v2\/media?parent=93656"}],"wp:term":[{"taxonomy":"product_brand","embeddable":true,"href":"https:\/\/begamer.cz\/sk\/wp-json\/wp\/v2\/product_brand?post=93656"},{"taxonomy":"product_cat","embeddable":true,"href":"https:\/\/begamer.cz\/sk\/wp-json\/wp\/v2\/product_cat?post=93656"},{"taxonomy":"product_tag","embeddable":true,"href":"https:\/\/begamer.cz\/sk\/wp-json\/wp\/v2\/product_tag?post=93656"}],"curies":[{"name":"wp","href":"https:\/\/api.w.org\/{rel}","templated":true}]}}