{"id":93599,"date":"2026-01-30T15:48:29","date_gmt":"2026-01-30T14:48:29","guid":{"rendered":"https:\/\/begamer.cz\/produkt\/stranger-of-paradise-final-fantasy-origin-sk\/"},"modified":"2026-03-18T02:37:04","modified_gmt":"2026-03-18T01:37:04","slug":"stranger-of-paradise-final-fantasy-origin-sk","status":"publish","type":"product","link":"https:\/\/begamer.cz\/sk\/produkt\/stranger-of-paradise-final-fantasy-origin-sk\/","title":{"rendered":"Stranger of Paradise: Final Fantasy Origin"},"content":{"rendered":"<h1>O hre<\/h1>\n<p>So spomienkami na ich boj hlboko zakorenen\u00fdmi v srdciach&#8230;<\/p>\n<p>Prebojujte sa cez divok\u00e9 bitky s r\u00f4znymi prostriedkami, aby ste porazili svojich nepriate\u013eov. V\u010faka viacer\u00fdm mo\u017enostiam obtia\u017enosti a \u0161irok\u00e9mu v\u00fdberu povolan\u00ed a zbran\u00ed, ktor\u00e9 m\u00f4\u017eete prisp\u00f4sobi\u0165 svojej skupine, si m\u00f4\u017eete vybra\u0165 presne tak\u00fd sp\u00f4sob hry, ak\u00fd chcete.<\/p>\n<p>Prinesie obnovenie svetla kry\u0161t\u00e1lov mier alebo nov\u00fa formu temnoty? &#8230;Alebo sn\u00e1\u010f nie\u010do \u00faplne in\u00e9?<\/p>\n<p>T\u00e1to hra obsahuje nezabudnute\u013en\u00e9 lokality z in\u00fdch dielov s\u00e9rie FINAL FANTASY.<\/p>\n<p>Pravoka Seagrot pripom\u00edna Sastashu z FINAL FANTASY XIV. Za mystickou krajinou jasne sfarben\u00fdch koralov v jaskyni sa nach\u00e1dza \u00fakryt pir\u00e1tov, kde kotv\u00ed ich lo\u010f.<\/p>\n<p>Hallowed Massif pripom\u00edna Mt. Gagazet z FINAL FANTASY X. Divok\u00e9 snehov\u00e9 b\u00farky a lav\u00edny br\u00e1nia cestovate\u013eom v postupe, zatia\u013e \u010do v hor\u00e1ch spia vyrez\u00e1van\u00e9 postavy.<\/p>\n<p>In\u00e9 oblasti a bojov\u00e1 hudba s\u00fa tie\u017e in\u0161pirovan\u00e9 hlavn\u00fdmi titulmi zo s\u00e9rie, \u010do fan\u00fa\u0161ikom FINAL FANTASY poskytuje mno\u017estvo zn\u00e1mych detailov, ktor\u00e9 podnecuj\u00fa nostalgiu a robia hru e\u0161te z\u00e1bavnej\u0161ou.<\/p>\n<p>*R\u00f4zne hern\u00e9 obsahy vy\u017eaduj\u00fa pripojenie k internetu.<\/p>\n","protected":false},"excerpt":{"rendered":"<p>Hra STRANGER OF PARADISE FINAL FANTASY ORIGIN, vyvinut\u00e1 v spolupr\u00e1ci medzi Square Enix a Team NINJA (Koei Tecmo Games), je hardcore ak\u010dn\u00e1 RPG hra, ktor\u00e1 pos\u00fava s\u00e9riu FINAL FANTASY nov\u00fdm smerom. Za\u017eite najodv\u00e1\u017enej\u0161ie a najnemilosrdnej\u0161ie bitky v hist\u00f3rii FINAL FANTASY.<\/p>\n","protected":false},"featured_media":8165,"comment_status":"open","ping_status":"closed","template":"","meta":{"_acf_changed":false},"product_brand":[],"product_cat":[461,452,398,438],"product_tag":[],"class_list":{"0":"post-93599","1":"product","2":"type-product","3":"status-publish","4":"has-post-thumbnail","6":"product_cat-dobrodruzne-xbox-series-x-s-sk","7":"product_cat-rpg-xbox-series-x-s-sk","8":"product_cat-xbox-hry-sk","9":"product_cat-xbox-series-x-s-sk","10":"pa_audio-en-us","11":"pa_audio-ja-jp","13":"pa_countries-at","14":"pa_countries-be","15":"pa_countries-bg","16":"pa_countries-cy","17":"pa_countries-cz","19":"pa_countries-de","20":"pa_countries-dk","21":"pa_countries-ee","22":"pa_countries-es","23":"pa_countries-fi","24":"pa_countries-fr","25":"pa_countries-gr","26":"pa_countries-hu","27":"pa_countries-ie","28":"pa_countries-it","29":"pa_countries-lt","30":"pa_countries-lu","31":"pa_countries-lv","32":"pa_countries-mt","33":"pa_countries-nl","34":"pa_countries-pl","35":"pa_countries-pt","36":"pa_countries-ro","37":"pa_countries-se","38":"pa_countries-si","39":"pa_countries-sk","40":"pa_developer-team-ninja","42":"pa_franchises-final-fantasy","44":"pa_game_type-main_game","46":"pa_genres-adventure","47":"pa_genres-role-playing-rpg","49":"pa_interface-de-de","50":"pa_interface-en-us","51":"pa_interface-es-es","52":"pa_interface-fr-fr","53":"pa_interface-it-it","54":"pa_interface-ja-jp","55":"pa_interface-ko-kr","57":"pa_interface-zh-cn","58":"pa_interface-zh-tw","59":"pa_modes-co-operative","60":"pa_modes-multiplayer","62":"pa_modes-single-player","63":"pa_pegi-956","64":"pa_pegi-13432","65":"pa_platform-xbox-one-xbox-series-x-s","67":"pa_player_perspectives-third-person","69":"pa_publisher-square-enix","71":"pa_rating-1357","72":"pa_rating-14510","73":"pa_region-europe","75":"pa_subtitles-de-de","77":"pa_subtitles-en-us","78":"pa_subtitles-es-es","79":"pa_subtitles-fr-fr","80":"pa_subtitles-it-it","81":"pa_subtitles-ja-jp","82":"pa_subtitles-ko-kr","83":"pa_subtitles-zh-cn","84":"pa_subtitles-zh-tw","85":"pa_themes-action","86":"pa_themes-fantasy","89":"first","90":"instock","91":"virtual","92":"taxable","93":"purchasable","94":"product-type-simple"},"yoast_head":"<!-- This site is optimized with the Yoast SEO plugin v27.3 - https:\/\/yoast.com\/product\/yoast-seo-wordpress\/ -->\n<title>Stranger of Paradise: Final Fantasy Origin | BeGamer.cz<\/title>\n<meta name=\"robots\" content=\"index, follow, max-snippet:-1, max-image-preview:large, max-video-preview:-1\" \/>\n<link rel=\"canonical\" href=\"https:\/\/begamer.cz\/sk\/produkt\/stranger-of-paradise-final-fantasy-origin-sk\/\" \/>\n<meta property=\"og:locale\" content=\"sk_SK\" \/>\n<meta property=\"og:type\" content=\"article\" \/>\n<meta property=\"og:title\" content=\"Stranger of Paradise: Final Fantasy Origin | BeGamer.cz\" \/>\n<meta property=\"og:description\" content=\"Hra STRANGER OF PARADISE FINAL FANTASY ORIGIN, vyvinut\u00e1 v spolupr\u00e1ci medzi Square Enix a Team NINJA (Koei Tecmo Games), je hardcore ak\u010dn\u00e1 RPG hra, ktor\u00e1 pos\u00fava s\u00e9riu FINAL FANTASY nov\u00fdm smerom. Za\u017eite najodv\u00e1\u017enej\u0161ie a najnemilosrdnej\u0161ie bitky v hist\u00f3rii FINAL FANTASY.\" \/>\n<meta property=\"og:url\" content=\"https:\/\/begamer.cz\/sk\/produkt\/stranger-of-paradise-final-fantasy-origin-sk\/\" \/>\n<meta property=\"og:site_name\" content=\"BeGamer.cz\" \/>\n<meta property=\"article:modified_time\" content=\"2026-03-18T01:37:04+00:00\" \/>\n<meta property=\"og:image\" content=\"https:\/\/begamer.cz\/wp-content\/uploads\/2026\/01\/stranger-of-paradise-final-fantasy-origin-7.webp\" \/>\n\t<meta property=\"og:image:width\" content=\"300\" \/>\n\t<meta property=\"og:image:height\" content=\"400\" \/>\n\t<meta property=\"og:image:type\" content=\"image\/webp\" \/>\n<meta name=\"twitter:card\" content=\"summary_large_image\" \/>\n<meta name=\"twitter:label1\" content=\"Predpokladan\u00fd \u010das \u010d\u00edtania\" \/>\n\t<meta name=\"twitter:data1\" content=\"1 min\u00fata\" \/>\n<script type=\"application\/ld+json\" class=\"yoast-schema-graph\">{\"@context\":\"https:\\\/\\\/schema.org\",\"@graph\":[{\"@type\":\"WebPage\",\"@id\":\"https:\\\/\\\/begamer.cz\\\/sk\\\/produkt\\\/stranger-of-paradise-final-fantasy-origin-sk\\\/\",\"url\":\"https:\\\/\\\/begamer.cz\\\/sk\\\/produkt\\\/stranger-of-paradise-final-fantasy-origin-sk\\\/\",\"name\":\"Stranger of Paradise: Final Fantasy Origin | BeGamer.cz\",\"isPartOf\":{\"@id\":\"https:\\\/\\\/begamer.cz\\\/sk\\\/#website\"},\"primaryImageOfPage\":{\"@id\":\"https:\\\/\\\/begamer.cz\\\/sk\\\/produkt\\\/stranger-of-paradise-final-fantasy-origin-sk\\\/#primaryimage\"},\"image\":{\"@id\":\"https:\\\/\\\/begamer.cz\\\/sk\\\/produkt\\\/stranger-of-paradise-final-fantasy-origin-sk\\\/#primaryimage\"},\"thumbnailUrl\":\"https:\\\/\\\/begamer.cz\\\/wp-content\\\/uploads\\\/2026\\\/01\\\/stranger-of-paradise-final-fantasy-origin-7.webp\",\"datePublished\":\"2026-01-30T14:48:29+00:00\",\"dateModified\":\"2026-03-18T01:37:04+00:00\",\"breadcrumb\":{\"@id\":\"https:\\\/\\\/begamer.cz\\\/sk\\\/produkt\\\/stranger-of-paradise-final-fantasy-origin-sk\\\/#breadcrumb\"},\"inLanguage\":\"sk-SK\",\"potentialAction\":[{\"@type\":\"ReadAction\",\"target\":[\"https:\\\/\\\/begamer.cz\\\/sk\\\/produkt\\\/stranger-of-paradise-final-fantasy-origin-sk\\\/\"]}]},{\"@type\":\"ImageObject\",\"inLanguage\":\"sk-SK\",\"@id\":\"https:\\\/\\\/begamer.cz\\\/sk\\\/produkt\\\/stranger-of-paradise-final-fantasy-origin-sk\\\/#primaryimage\",\"url\":\"https:\\\/\\\/begamer.cz\\\/wp-content\\\/uploads\\\/2026\\\/01\\\/stranger-of-paradise-final-fantasy-origin-7.webp\",\"contentUrl\":\"https:\\\/\\\/begamer.cz\\\/wp-content\\\/uploads\\\/2026\\\/01\\\/stranger-of-paradise-final-fantasy-origin-7.webp\",\"width\":300,\"height\":400},{\"@type\":\"BreadcrumbList\",\"@id\":\"https:\\\/\\\/begamer.cz\\\/sk\\\/produkt\\\/stranger-of-paradise-final-fantasy-origin-sk\\\/#breadcrumb\",\"itemListElement\":[{\"@type\":\"ListItem\",\"position\":1,\"name\":\"Domov\",\"item\":\"https:\\\/\\\/begamer.cz\\\/sk\\\/\"},{\"@type\":\"ListItem\",\"position\":2,\"name\":\"Obchod\",\"item\":\"https:\\\/\\\/begamer.cz\\\/obchod\\\/\"},{\"@type\":\"ListItem\",\"position\":3,\"name\":\"Stranger of Paradise: Final Fantasy Origin\"}]},{\"@type\":\"WebSite\",\"@id\":\"https:\\\/\\\/begamer.cz\\\/sk\\\/#website\",\"url\":\"https:\\\/\\\/begamer.cz\\\/sk\\\/\",\"name\":\"BeGamer.cz\",\"description\":\"\",\"publisher\":{\"@id\":\"https:\\\/\\\/begamer.cz\\\/sk\\\/#organization\"},\"potentialAction\":[{\"@type\":\"SearchAction\",\"target\":{\"@type\":\"EntryPoint\",\"urlTemplate\":\"https:\\\/\\\/begamer.cz\\\/sk\\\/?s={search_term_string}\"},\"query-input\":{\"@type\":\"PropertyValueSpecification\",\"valueRequired\":true,\"valueName\":\"search_term_string\"}}],\"inLanguage\":\"sk-SK\"},{\"@type\":\"Organization\",\"@id\":\"https:\\\/\\\/begamer.cz\\\/sk\\\/#organization\",\"name\":\"BeGamer.cz\",\"url\":\"https:\\\/\\\/begamer.cz\\\/sk\\\/\",\"logo\":{\"@type\":\"ImageObject\",\"inLanguage\":\"sk-SK\",\"@id\":\"https:\\\/\\\/begamer.cz\\\/sk\\\/#\\\/schema\\\/logo\\\/image\\\/\",\"url\":\"https:\\\/\\\/begamer.cz\\\/wp-content\\\/uploads\\\/2025\\\/07\\\/logo.svg\",\"contentUrl\":\"https:\\\/\\\/begamer.cz\\\/wp-content\\\/uploads\\\/2025\\\/07\\\/logo.svg\",\"caption\":\"BeGamer.cz\"},\"image\":{\"@id\":\"https:\\\/\\\/begamer.cz\\\/sk\\\/#\\\/schema\\\/logo\\\/image\\\/\"}}]}<\/script>\n<!-- \/ Yoast SEO plugin. -->","yoast_head_json":{"title":"Stranger of Paradise: Final Fantasy Origin | BeGamer.cz","robots":{"index":"index","follow":"follow","max-snippet":"max-snippet:-1","max-image-preview":"max-image-preview:large","max-video-preview":"max-video-preview:-1"},"canonical":"https:\/\/begamer.cz\/sk\/produkt\/stranger-of-paradise-final-fantasy-origin-sk\/","og_locale":"sk_SK","og_type":"article","og_title":"Stranger of Paradise: Final Fantasy Origin | BeGamer.cz","og_description":"Hra STRANGER OF PARADISE FINAL FANTASY ORIGIN, vyvinut\u00e1 v spolupr\u00e1ci medzi Square Enix a Team NINJA (Koei Tecmo Games), je hardcore ak\u010dn\u00e1 RPG hra, ktor\u00e1 pos\u00fava s\u00e9riu FINAL FANTASY nov\u00fdm smerom. Za\u017eite najodv\u00e1\u017enej\u0161ie a najnemilosrdnej\u0161ie bitky v hist\u00f3rii FINAL FANTASY.","og_url":"https:\/\/begamer.cz\/sk\/produkt\/stranger-of-paradise-final-fantasy-origin-sk\/","og_site_name":"BeGamer.cz","article_modified_time":"2026-03-18T01:37:04+00:00","og_image":[{"width":300,"height":400,"url":"https:\/\/begamer.cz\/wp-content\/uploads\/2026\/01\/stranger-of-paradise-final-fantasy-origin-7.webp","type":"image\/webp"}],"twitter_card":"summary_large_image","twitter_misc":{"Predpokladan\u00fd \u010das \u010d\u00edtania":"1 min\u00fata"},"schema":{"@context":"https:\/\/schema.org","@graph":[{"@type":"WebPage","@id":"https:\/\/begamer.cz\/sk\/produkt\/stranger-of-paradise-final-fantasy-origin-sk\/","url":"https:\/\/begamer.cz\/sk\/produkt\/stranger-of-paradise-final-fantasy-origin-sk\/","name":"Stranger of Paradise: Final Fantasy Origin | BeGamer.cz","isPartOf":{"@id":"https:\/\/begamer.cz\/sk\/#website"},"primaryImageOfPage":{"@id":"https:\/\/begamer.cz\/sk\/produkt\/stranger-of-paradise-final-fantasy-origin-sk\/#primaryimage"},"image":{"@id":"https:\/\/begamer.cz\/sk\/produkt\/stranger-of-paradise-final-fantasy-origin-sk\/#primaryimage"},"thumbnailUrl":"https:\/\/begamer.cz\/wp-content\/uploads\/2026\/01\/stranger-of-paradise-final-fantasy-origin-7.webp","datePublished":"2026-01-30T14:48:29+00:00","dateModified":"2026-03-18T01:37:04+00:00","breadcrumb":{"@id":"https:\/\/begamer.cz\/sk\/produkt\/stranger-of-paradise-final-fantasy-origin-sk\/#breadcrumb"},"inLanguage":"sk-SK","potentialAction":[{"@type":"ReadAction","target":["https:\/\/begamer.cz\/sk\/produkt\/stranger-of-paradise-final-fantasy-origin-sk\/"]}]},{"@type":"ImageObject","inLanguage":"sk-SK","@id":"https:\/\/begamer.cz\/sk\/produkt\/stranger-of-paradise-final-fantasy-origin-sk\/#primaryimage","url":"https:\/\/begamer.cz\/wp-content\/uploads\/2026\/01\/stranger-of-paradise-final-fantasy-origin-7.webp","contentUrl":"https:\/\/begamer.cz\/wp-content\/uploads\/2026\/01\/stranger-of-paradise-final-fantasy-origin-7.webp","width":300,"height":400},{"@type":"BreadcrumbList","@id":"https:\/\/begamer.cz\/sk\/produkt\/stranger-of-paradise-final-fantasy-origin-sk\/#breadcrumb","itemListElement":[{"@type":"ListItem","position":1,"name":"Domov","item":"https:\/\/begamer.cz\/sk\/"},{"@type":"ListItem","position":2,"name":"Obchod","item":"https:\/\/begamer.cz\/obchod\/"},{"@type":"ListItem","position":3,"name":"Stranger of Paradise: Final Fantasy Origin"}]},{"@type":"WebSite","@id":"https:\/\/begamer.cz\/sk\/#website","url":"https:\/\/begamer.cz\/sk\/","name":"BeGamer.cz","description":"","publisher":{"@id":"https:\/\/begamer.cz\/sk\/#organization"},"potentialAction":[{"@type":"SearchAction","target":{"@type":"EntryPoint","urlTemplate":"https:\/\/begamer.cz\/sk\/?s={search_term_string}"},"query-input":{"@type":"PropertyValueSpecification","valueRequired":true,"valueName":"search_term_string"}}],"inLanguage":"sk-SK"},{"@type":"Organization","@id":"https:\/\/begamer.cz\/sk\/#organization","name":"BeGamer.cz","url":"https:\/\/begamer.cz\/sk\/","logo":{"@type":"ImageObject","inLanguage":"sk-SK","@id":"https:\/\/begamer.cz\/sk\/#\/schema\/logo\/image\/","url":"https:\/\/begamer.cz\/wp-content\/uploads\/2025\/07\/logo.svg","contentUrl":"https:\/\/begamer.cz\/wp-content\/uploads\/2025\/07\/logo.svg","caption":"BeGamer.cz"},"image":{"@id":"https:\/\/begamer.cz\/sk\/#\/schema\/logo\/image\/"}}]}},"acf":[],"_links":{"self":[{"href":"https:\/\/begamer.cz\/sk\/wp-json\/wp\/v2\/product\/93599","targetHints":{"allow":["GET"]}}],"collection":[{"href":"https:\/\/begamer.cz\/sk\/wp-json\/wp\/v2\/product"}],"about":[{"href":"https:\/\/begamer.cz\/sk\/wp-json\/wp\/v2\/types\/product"}],"replies":[{"embeddable":true,"href":"https:\/\/begamer.cz\/sk\/wp-json\/wp\/v2\/comments?post=93599"}],"wp:featuredmedia":[{"embeddable":true,"href":"https:\/\/begamer.cz\/sk\/wp-json\/wp\/v2\/media\/8165"}],"wp:attachment":[{"href":"https:\/\/begamer.cz\/sk\/wp-json\/wp\/v2\/media?parent=93599"}],"wp:term":[{"taxonomy":"product_brand","embeddable":true,"href":"https:\/\/begamer.cz\/sk\/wp-json\/wp\/v2\/product_brand?post=93599"},{"taxonomy":"product_cat","embeddable":true,"href":"https:\/\/begamer.cz\/sk\/wp-json\/wp\/v2\/product_cat?post=93599"},{"taxonomy":"product_tag","embeddable":true,"href":"https:\/\/begamer.cz\/sk\/wp-json\/wp\/v2\/product_tag?post=93599"}],"curies":[{"name":"wp","href":"https:\/\/api.w.org\/{rel}","templated":true}]}}