{"id":93575,"date":"2026-01-30T15:48:06","date_gmt":"2026-01-30T14:48:06","guid":{"rendered":"https:\/\/begamer.cz\/produkt\/minecraft-java-bedrock-edition-sk\/"},"modified":"2026-03-18T02:35:23","modified_gmt":"2026-03-18T01:35:23","slug":"minecraft-java-bedrock-edition-sk","status":"publish","type":"product","link":"https:\/\/begamer.cz\/sk\/produkt\/minecraft-java-bedrock-edition-sk\/","title":{"rendered":"Minecraft: Java & Bedrock Edition"},"content":{"rendered":"<p>K\u00f3d uplatnite na ofici\u00e1lnej webovej str\u00e1nke Minecraft <strong>minecraft.net\/redeem<\/strong><\/p>\n<p>Hra Minecraft sa zameriava na to, aby hr\u00e1\u010d mohol presk\u00fama\u0165, interagova\u0165 a upravova\u0165 dynamicky generovan\u00fa mapu zlo\u017een\u00fa z blokov s rozmermi jeden kubick\u00fd meter. Okrem blokov sa v prostred\u00ed nach\u00e1dzaj\u00fa rastliny, moby a predmety. Niektor\u00e9 aktivity v hre zah\u0155\u0148aj\u00fa \u0165a\u017ebu rudy, boj s nepriate\u013esk\u00fdmi mobmi a v\u00fdrobu nov\u00fdch blokov a n\u00e1strojov zbieran\u00edm r\u00f4znych zdrojov, ktor\u00e9 sa nach\u00e1dzaj\u00fa v hre. Otvoren\u00fd model hry umo\u017e\u0148uje hr\u00e1\u010dom vytv\u00e1ra\u0165 \u0161trukt\u00fary, v\u00fdtvory a umeleck\u00e9 diela na r\u00f4znych multiplayerov\u00fdch serveroch alebo na ich singleplayerov\u00fdch map\u00e1ch. Medzi \u010fal\u0161ie funkcie patria redstone obvody pre logick\u00e9 v\u00fdpo\u010dty a dia\u013ekov\u00e9 akcie, voz\u00edky a ko\u013eajnice a tajomn\u00fd podsvet naz\u00fdvan\u00fd Nether. Ur\u010den\u00fdm, ale \u00faplne volite\u013en\u00fdm cie\u013eom hry je cestova\u0165 do dimenzie naz\u00fdvanej End a porazi\u0165 ender draka.<\/p>\n","protected":false},"excerpt":{"rendered":"<p>Minecraft sa zameriava na to, aby hr\u00e1\u010d mohol presk\u00fama\u0165, interagova\u0165 a upravova\u0165 dynamicky generovan\u00fa mapu zlo\u017een\u00fa z blokov s rozmermi jeden kubick\u00fd meter. Okrem blokov sa v prostred\u00ed nach\u00e1dzaj\u00fa aj rastliny, moby a predmety.<\/p>\n","protected":false},"featured_media":8066,"comment_status":"open","ping_status":"closed","template":"","meta":{"_acf_changed":false},"product_brand":[],"product_cat":[270,268,266,314,9078],"product_tag":[],"class_list":{"0":"post-93575","1":"product","2":"type-product","3":"status-publish","4":"has-post-thumbnail","6":"product_cat-adventury-pc-hry-sk","7":"product_cat-pc-sk","8":"product_cat-pc-hry-sk","9":"product_cat-simulatory-pc-hry-sk","10":"product_cat-windows-10","11":"pa_countries-at","12":"pa_countries-be","13":"pa_countries-bg","14":"pa_countries-cy","15":"pa_countries-cz","17":"pa_countries-de","18":"pa_countries-dk","19":"pa_countries-ee","20":"pa_countries-es","21":"pa_countries-fi","22":"pa_countries-fr","23":"pa_countries-gr","24":"pa_countries-hu","25":"pa_countries-ie","26":"pa_countries-it","27":"pa_countries-lt","28":"pa_countries-lu","29":"pa_countries-lv","30":"pa_countries-mt","31":"pa_countries-nl","32":"pa_countries-pl","33":"pa_countries-pt","34":"pa_countries-ro","35":"pa_countries-se","36":"pa_countries-si","37":"pa_countries-sk","38":"pa_developer-mojang-studios","40":"pa_engine-bedrock-engine","41":"pa_engine-lightweight-java-game-library","43":"pa_franchises-minecraft","45":"pa_game_type-bundle","47":"pa_genres-adventure","49":"pa_genres-simulator","50":"pa_interface-ar","51":"pa_interface-cs-cz","52":"pa_interface-da-dk","53":"pa_interface-de-de","54":"pa_interface-en-gb","55":"pa_interface-en-us","56":"pa_interface-es-es","57":"pa_interface-es-mx","58":"pa_interface-fi-fi","59":"pa_interface-fr-fr","60":"pa_interface-he-il","62":"pa_interface-it-it","63":"pa_interface-ja-jp","64":"pa_interface-ko-kr","65":"pa_interface-nb-no","66":"pa_interface-nl-nl","67":"pa_interface-pl-pl","68":"pa_interface-pt-br","69":"pa_interface-pt-pt","70":"pa_interface-ru-ru","71":"pa_interface-sv-se","72":"pa_interface-th-th","73":"pa_interface-tr-tr","74":"pa_interface-uk-ua","75":"pa_interface-zh-cn","76":"pa_interface-zh-tw","77":"pa_keywords-building","79":"pa_keywords-crafting","80":"pa_keywords-creative","81":"pa_keywords-mining","82":"pa_keywords-survival-management","83":"pa_keywords-survival-mode","84":"pa_modes-co-operative","85":"pa_modes-multiplayer","87":"pa_modes-single-player","88":"pa_pegi-13424","89":"pa_pegi-772","90":"pa_platform-windows-10","92":"pa_player_perspectives-first-person","94":"pa_player_perspectives-third-person","95":"pa_publisher-xbox-game-studios","97":"pa_rating-1394","98":"pa_rating-14518","99":"pa_region-europe","101":"pa_themes-4x-explore","102":"pa_themes-action","103":"pa_themes-and-exterminate","104":"pa_themes-expand","105":"pa_themes-exploit","106":"pa_themes-fantasy","107":"pa_themes-kids","109":"pa_themes-open-world","110":"pa_themes-sandbox","111":"pa_themes-survival","113":"first","114":"outofstock","115":"virtual","116":"taxable","117":"purchasable","118":"product-type-simple"},"yoast_head":"<!-- This site is optimized with the Yoast SEO plugin v27.4 - https:\/\/yoast.com\/product\/yoast-seo-wordpress\/ -->\n<title>Minecraft: Java &amp; Bedrock Edition | BeGamer.cz<\/title>\n<meta name=\"robots\" content=\"index, follow, max-snippet:-1, max-image-preview:large, max-video-preview:-1\" \/>\n<link rel=\"canonical\" href=\"https:\/\/begamer.cz\/sk\/produkt\/minecraft-java-bedrock-edition-sk\/\" \/>\n<meta property=\"og:locale\" content=\"sk_SK\" \/>\n<meta property=\"og:type\" content=\"article\" \/>\n<meta property=\"og:title\" content=\"Minecraft: Java &amp; Bedrock Edition | BeGamer.cz\" \/>\n<meta property=\"og:description\" content=\"Minecraft sa zameriava na to, aby hr\u00e1\u010d mohol presk\u00fama\u0165, interagova\u0165 a upravova\u0165 dynamicky generovan\u00fa mapu zlo\u017een\u00fa z blokov s rozmermi jeden kubick\u00fd meter. Okrem blokov sa v prostred\u00ed nach\u00e1dzaj\u00fa aj rastliny, moby a predmety.\" \/>\n<meta property=\"og:url\" content=\"https:\/\/begamer.cz\/sk\/produkt\/minecraft-java-bedrock-edition-sk\/\" \/>\n<meta property=\"og:site_name\" content=\"BeGamer.cz\" \/>\n<meta property=\"article:modified_time\" content=\"2026-03-18T01:35:23+00:00\" \/>\n<meta property=\"og:image\" content=\"https:\/\/begamer.cz\/wp-content\/uploads\/2026\/01\/minecraft-java-and-bedrock-edition-6.webp\" \/>\n\t<meta property=\"og:image:width\" content=\"300\" \/>\n\t<meta property=\"og:image:height\" content=\"400\" \/>\n\t<meta property=\"og:image:type\" content=\"image\/webp\" \/>\n<meta name=\"twitter:card\" content=\"summary_large_image\" \/>\n<meta name=\"twitter:label1\" content=\"Predpokladan\u00fd \u010das \u010d\u00edtania\" \/>\n\t<meta name=\"twitter:data1\" content=\"1 min\u00fata\" \/>\n<script type=\"application\/ld+json\" class=\"yoast-schema-graph\">{\"@context\":\"https:\\\/\\\/schema.org\",\"@graph\":[{\"@type\":\"WebPage\",\"@id\":\"https:\\\/\\\/begamer.cz\\\/sk\\\/produkt\\\/minecraft-java-bedrock-edition-sk\\\/\",\"url\":\"https:\\\/\\\/begamer.cz\\\/sk\\\/produkt\\\/minecraft-java-bedrock-edition-sk\\\/\",\"name\":\"Minecraft: Java & Bedrock Edition | BeGamer.cz\",\"isPartOf\":{\"@id\":\"https:\\\/\\\/begamer.cz\\\/sk\\\/#website\"},\"primaryImageOfPage\":{\"@id\":\"https:\\\/\\\/begamer.cz\\\/sk\\\/produkt\\\/minecraft-java-bedrock-edition-sk\\\/#primaryimage\"},\"image\":{\"@id\":\"https:\\\/\\\/begamer.cz\\\/sk\\\/produkt\\\/minecraft-java-bedrock-edition-sk\\\/#primaryimage\"},\"thumbnailUrl\":\"https:\\\/\\\/begamer.cz\\\/wp-content\\\/uploads\\\/2026\\\/01\\\/minecraft-java-and-bedrock-edition-6.webp\",\"datePublished\":\"2026-01-30T14:48:06+00:00\",\"dateModified\":\"2026-03-18T01:35:23+00:00\",\"breadcrumb\":{\"@id\":\"https:\\\/\\\/begamer.cz\\\/sk\\\/produkt\\\/minecraft-java-bedrock-edition-sk\\\/#breadcrumb\"},\"inLanguage\":\"sk-SK\",\"potentialAction\":[{\"@type\":\"ReadAction\",\"target\":[\"https:\\\/\\\/begamer.cz\\\/sk\\\/produkt\\\/minecraft-java-bedrock-edition-sk\\\/\"]}]},{\"@type\":\"ImageObject\",\"inLanguage\":\"sk-SK\",\"@id\":\"https:\\\/\\\/begamer.cz\\\/sk\\\/produkt\\\/minecraft-java-bedrock-edition-sk\\\/#primaryimage\",\"url\":\"https:\\\/\\\/begamer.cz\\\/wp-content\\\/uploads\\\/2026\\\/01\\\/minecraft-java-and-bedrock-edition-6.webp\",\"contentUrl\":\"https:\\\/\\\/begamer.cz\\\/wp-content\\\/uploads\\\/2026\\\/01\\\/minecraft-java-and-bedrock-edition-6.webp\",\"width\":300,\"height\":400},{\"@type\":\"BreadcrumbList\",\"@id\":\"https:\\\/\\\/begamer.cz\\\/sk\\\/produkt\\\/minecraft-java-bedrock-edition-sk\\\/#breadcrumb\",\"itemListElement\":[{\"@type\":\"ListItem\",\"position\":1,\"name\":\"Domov\",\"item\":\"https:\\\/\\\/begamer.cz\\\/sk\\\/\"},{\"@type\":\"ListItem\",\"position\":2,\"name\":\"Obchod\",\"item\":\"https:\\\/\\\/begamer.cz\\\/obchod\\\/\"},{\"@type\":\"ListItem\",\"position\":3,\"name\":\"Minecraft: Java &#038; Bedrock Edition\"}]},{\"@type\":\"WebSite\",\"@id\":\"https:\\\/\\\/begamer.cz\\\/sk\\\/#website\",\"url\":\"https:\\\/\\\/begamer.cz\\\/sk\\\/\",\"name\":\"BeGamer.cz\",\"description\":\"\",\"publisher\":{\"@id\":\"https:\\\/\\\/begamer.cz\\\/sk\\\/#organization\"},\"potentialAction\":[{\"@type\":\"SearchAction\",\"target\":{\"@type\":\"EntryPoint\",\"urlTemplate\":\"https:\\\/\\\/begamer.cz\\\/sk\\\/?s={search_term_string}\"},\"query-input\":{\"@type\":\"PropertyValueSpecification\",\"valueRequired\":true,\"valueName\":\"search_term_string\"}}],\"inLanguage\":\"sk-SK\"},{\"@type\":\"Organization\",\"@id\":\"https:\\\/\\\/begamer.cz\\\/sk\\\/#organization\",\"name\":\"BeGamer.cz\",\"url\":\"https:\\\/\\\/begamer.cz\\\/sk\\\/\",\"logo\":{\"@type\":\"ImageObject\",\"inLanguage\":\"sk-SK\",\"@id\":\"https:\\\/\\\/begamer.cz\\\/sk\\\/#\\\/schema\\\/logo\\\/image\\\/\",\"url\":\"https:\\\/\\\/begamer.cz\\\/wp-content\\\/uploads\\\/2025\\\/07\\\/logo.svg\",\"contentUrl\":\"https:\\\/\\\/begamer.cz\\\/wp-content\\\/uploads\\\/2025\\\/07\\\/logo.svg\",\"caption\":\"BeGamer.cz\"},\"image\":{\"@id\":\"https:\\\/\\\/begamer.cz\\\/sk\\\/#\\\/schema\\\/logo\\\/image\\\/\"}}]}<\/script>\n<!-- \/ Yoast SEO plugin. -->","yoast_head_json":{"title":"Minecraft: Java & Bedrock Edition | BeGamer.cz","robots":{"index":"index","follow":"follow","max-snippet":"max-snippet:-1","max-image-preview":"max-image-preview:large","max-video-preview":"max-video-preview:-1"},"canonical":"https:\/\/begamer.cz\/sk\/produkt\/minecraft-java-bedrock-edition-sk\/","og_locale":"sk_SK","og_type":"article","og_title":"Minecraft: Java & Bedrock Edition | BeGamer.cz","og_description":"Minecraft sa zameriava na to, aby hr\u00e1\u010d mohol presk\u00fama\u0165, interagova\u0165 a upravova\u0165 dynamicky generovan\u00fa mapu zlo\u017een\u00fa z blokov s rozmermi jeden kubick\u00fd meter. Okrem blokov sa v prostred\u00ed nach\u00e1dzaj\u00fa aj rastliny, moby a predmety.","og_url":"https:\/\/begamer.cz\/sk\/produkt\/minecraft-java-bedrock-edition-sk\/","og_site_name":"BeGamer.cz","article_modified_time":"2026-03-18T01:35:23+00:00","og_image":[{"width":300,"height":400,"url":"https:\/\/begamer.cz\/wp-content\/uploads\/2026\/01\/minecraft-java-and-bedrock-edition-6.webp","type":"image\/webp"}],"twitter_card":"summary_large_image","twitter_misc":{"Predpokladan\u00fd \u010das \u010d\u00edtania":"1 min\u00fata"},"schema":{"@context":"https:\/\/schema.org","@graph":[{"@type":"WebPage","@id":"https:\/\/begamer.cz\/sk\/produkt\/minecraft-java-bedrock-edition-sk\/","url":"https:\/\/begamer.cz\/sk\/produkt\/minecraft-java-bedrock-edition-sk\/","name":"Minecraft: Java & Bedrock Edition | BeGamer.cz","isPartOf":{"@id":"https:\/\/begamer.cz\/sk\/#website"},"primaryImageOfPage":{"@id":"https:\/\/begamer.cz\/sk\/produkt\/minecraft-java-bedrock-edition-sk\/#primaryimage"},"image":{"@id":"https:\/\/begamer.cz\/sk\/produkt\/minecraft-java-bedrock-edition-sk\/#primaryimage"},"thumbnailUrl":"https:\/\/begamer.cz\/wp-content\/uploads\/2026\/01\/minecraft-java-and-bedrock-edition-6.webp","datePublished":"2026-01-30T14:48:06+00:00","dateModified":"2026-03-18T01:35:23+00:00","breadcrumb":{"@id":"https:\/\/begamer.cz\/sk\/produkt\/minecraft-java-bedrock-edition-sk\/#breadcrumb"},"inLanguage":"sk-SK","potentialAction":[{"@type":"ReadAction","target":["https:\/\/begamer.cz\/sk\/produkt\/minecraft-java-bedrock-edition-sk\/"]}]},{"@type":"ImageObject","inLanguage":"sk-SK","@id":"https:\/\/begamer.cz\/sk\/produkt\/minecraft-java-bedrock-edition-sk\/#primaryimage","url":"https:\/\/begamer.cz\/wp-content\/uploads\/2026\/01\/minecraft-java-and-bedrock-edition-6.webp","contentUrl":"https:\/\/begamer.cz\/wp-content\/uploads\/2026\/01\/minecraft-java-and-bedrock-edition-6.webp","width":300,"height":400},{"@type":"BreadcrumbList","@id":"https:\/\/begamer.cz\/sk\/produkt\/minecraft-java-bedrock-edition-sk\/#breadcrumb","itemListElement":[{"@type":"ListItem","position":1,"name":"Domov","item":"https:\/\/begamer.cz\/sk\/"},{"@type":"ListItem","position":2,"name":"Obchod","item":"https:\/\/begamer.cz\/obchod\/"},{"@type":"ListItem","position":3,"name":"Minecraft: Java &#038; Bedrock Edition"}]},{"@type":"WebSite","@id":"https:\/\/begamer.cz\/sk\/#website","url":"https:\/\/begamer.cz\/sk\/","name":"BeGamer.cz","description":"","publisher":{"@id":"https:\/\/begamer.cz\/sk\/#organization"},"potentialAction":[{"@type":"SearchAction","target":{"@type":"EntryPoint","urlTemplate":"https:\/\/begamer.cz\/sk\/?s={search_term_string}"},"query-input":{"@type":"PropertyValueSpecification","valueRequired":true,"valueName":"search_term_string"}}],"inLanguage":"sk-SK"},{"@type":"Organization","@id":"https:\/\/begamer.cz\/sk\/#organization","name":"BeGamer.cz","url":"https:\/\/begamer.cz\/sk\/","logo":{"@type":"ImageObject","inLanguage":"sk-SK","@id":"https:\/\/begamer.cz\/sk\/#\/schema\/logo\/image\/","url":"https:\/\/begamer.cz\/wp-content\/uploads\/2025\/07\/logo.svg","contentUrl":"https:\/\/begamer.cz\/wp-content\/uploads\/2025\/07\/logo.svg","caption":"BeGamer.cz"},"image":{"@id":"https:\/\/begamer.cz\/sk\/#\/schema\/logo\/image\/"}}]}},"acf":[],"_links":{"self":[{"href":"https:\/\/begamer.cz\/sk\/wp-json\/wp\/v2\/product\/93575","targetHints":{"allow":["GET"]}}],"collection":[{"href":"https:\/\/begamer.cz\/sk\/wp-json\/wp\/v2\/product"}],"about":[{"href":"https:\/\/begamer.cz\/sk\/wp-json\/wp\/v2\/types\/product"}],"replies":[{"embeddable":true,"href":"https:\/\/begamer.cz\/sk\/wp-json\/wp\/v2\/comments?post=93575"}],"wp:featuredmedia":[{"embeddable":true,"href":"https:\/\/begamer.cz\/sk\/wp-json\/wp\/v2\/media\/8066"}],"wp:attachment":[{"href":"https:\/\/begamer.cz\/sk\/wp-json\/wp\/v2\/media?parent=93575"}],"wp:term":[{"taxonomy":"product_brand","embeddable":true,"href":"https:\/\/begamer.cz\/sk\/wp-json\/wp\/v2\/product_brand?post=93575"},{"taxonomy":"product_cat","embeddable":true,"href":"https:\/\/begamer.cz\/sk\/wp-json\/wp\/v2\/product_cat?post=93575"},{"taxonomy":"product_tag","embeddable":true,"href":"https:\/\/begamer.cz\/sk\/wp-json\/wp\/v2\/product_tag?post=93575"}],"curies":[{"name":"wp","href":"https:\/\/api.w.org\/{rel}","templated":true}]}}