{"id":93572,"date":"2026-01-30T15:48:04","date_gmt":"2026-01-30T14:48:04","guid":{"rendered":"https:\/\/begamer.cz\/produkt\/road-96-sk\/"},"modified":"2026-03-18T02:35:17","modified_gmt":"2026-03-18T01:35:17","slug":"road-96-sk","status":"publish","type":"product","link":"https:\/\/begamer.cz\/sk\/produkt\/road-96-sk\/","title":{"rendered":"Road 96"},"content":{"rendered":"<p>Leto 1996, dnes je ten de\u0148! Vyraz\u00edte na cestu. Dobrodru\u017estvo. Sloboda. \u00datek. Ute\u010dte. Ute\u010dte pred re\u017eimom. Pok\u00faste sa pre\u017ei\u0165.<\/p>\n<p>Na tejto riskantnej ceste k hraniciam stretnete neuverite\u013en\u00e9 postavy a objav\u00edte ich prepleten\u00e9 pr\u00edbehy a tajomstv\u00e1 v neust\u00e1le sa vyv\u00edjaj\u00facom dobrodru\u017estve.<br \/>Ale ka\u017ed\u00fd kilometer v\u00e1m pon\u00faka mo\u017enos\u0165 vo\u013eby. Va\u0161e rozhodnutia zmenia va\u0161e dobrodru\u017estvo, zmenia \u013eud\u00ed, ktor\u00fdch stretnete, mo\u017eno dokonca zmenia svet. Autorit\u00e1rskou<\/p>\n<p>krajinou Petria ved\u00fa tis\u00edce ciest.<br \/>Ktor\u00fa si vyberiete?<\/p>\n<p><span class=\"bb_img_ctn\"><video class=\"bb_img\" autoplay muted loop playsinline poster=\"https:\/\/shared.akamai.steamstatic.com\/store_item_assets\/steam\/apps\/1466640\/extras\/1af0d5e8fd6eef2e94491c7fa035f857.poster.avif?t=1758625538\" width=600 height=134 ><source src=\"https:\/\/shared.akamai.steamstatic.com\/store_item_assets\/steam\/apps\/1466640\/extras\/1af0d5e8fd6eef2e94491c7fa035f857.webm?t=1758625538\" type=\"video\/webm; codecs=vp9\"><source src=\"https:\/\/shared.akamai.steamstatic.com\/store_item_assets\/steam\/apps\/1466640\/extras\/1af0d5e8fd6eef2e94491c7fa035f857.mp4?t=1758625538\" type=\"video\/mp4\"><\/video><\/span><\/p>\n<p>Road 96 je bl\u00e1zniv\u00e1, kr\u00e1sna cesta. Objavovanie vzru\u0161uj\u00facich miest a nezvy\u010dajn\u00fdch \u013eud\u00ed na va\u0161ej osobnej ceste za slobodou. Neust\u00e1le<\/p>\n<p>sa vyv\u00edjaj\u00face dobrodru\u017estvo in\u0161pirovan\u00e9 Tarantinom, bratmi Coenovcami a Bong Joon-hom. Vytvoren\u00e9 ocenen\u00fdmi tvorcami hier Valiant Hearts a Memories Retold. Ozn\u00e1men\u00e9 ako s\u00fa\u010das\u0165 iniciat\u00edvy OMEN Presents od HP Inc.<\/p>\n<p>Momenty akcie, objavovania, kontemplat\u00edvnej melanch\u00f3lie, \u013eudsk\u00fdch stretnut\u00ed a bl\u00e1zniv\u00fdch situ\u00e1ci\u00ed. Na pozad\u00ed autorit\u00e1rskeho re\u017eimu a \u00fatlaku. Ohromuj\u00faci vizu\u00e1lny \u0161t\u00fdl, soundtrack pln\u00fd<\/p>\n<p>hitov z 90. rokov a tis\u00edce ciest v hre sa kombinuj\u00fa tak, aby si ka\u017ed\u00fd hr\u00e1\u010d mohol vytvori\u0165 svoje vlastn\u00e9 jedine\u010dn\u00e9 pr\u00edbehy na Road 96.<\/p>\n<p><span class=\"bb_img_ctn\"><video class=\"bb_img\" autoplay muted loop playsinline poster=\"https:\/\/shared.akamai.steamstatic.com\/store_item_assets\/steam\/apps\/1466640\/extras\/008f3d364d8f455486c0b5dee0100927.poster.avif?t=1758625538\" width=600 height=208 ><source src=\"https:\/\/shared.akamai.steamstatic.com\/store_item_assets\/steam\/apps\/1466640\/extras\/008f3d364d8f455486c0b5dee0100927.webm?t=1758625538\" type=\"video\/webm; codecs=vp9\"><source src=\"https:\/\/shared.akamai.steamstatic.com\/store_item_assets\/steam\/apps\/1466640\/extras\/008f3d364d8f455486c0b5dee0100927.mp4?t=1758625538\" type=\"video\/mp4\"><\/video><\/span><\/p>\n","protected":false},"excerpt":{"rendered":"<p>Road 96 je pr\u00edbehov\u00e1 advent\u00fara, v ktorej hr\u00e1\u010di stopuj\u00fa na ceste za slobodou cez fikt\u00edvnu krajinu na pokraji zmien. Va\u0161e rozhodnutia ovplyv\u0148uj\u00fa priebeh cesty, po\u010das ktorej stret\u00e1vate postavy, unik\u00e1te pred \u00faradmi a odha\u013eujete tajomstv\u00e1 v tejto epizodickej, procedur\u00e1lne generovanej hre o ceste autom.<\/p>\n","protected":false},"featured_media":8042,"comment_status":"open","ping_status":"closed","template":"","meta":{"_acf_changed":false},"product_brand":[],"product_cat":[457,461,398,438],"product_tag":[],"class_list":{"0":"post-93572","1":"product","2":"type-product","3":"status-publish","4":"has-post-thumbnail","6":"product_cat-adventury-xbox-series-x-s-sk","7":"product_cat-dobrodruzne-xbox-series-x-s-sk","8":"product_cat-xbox-hry-sk","9":"product_cat-xbox-series-x-s-sk","10":"pa_audio-en-gb","12":"pa_audio-en-us","13":"pa_developer-digixart","15":"pa_engine-unity","17":"pa_game_type-main_game","19":"pa_genres-adventure","20":"pa_genres-indie","21":"pa_genres-puzzle","23":"pa_interface-de-de","24":"pa_interface-en-gb","25":"pa_interface-en-us","26":"pa_interface-es-es","27":"pa_interface-fr-fr","28":"pa_interface-it-it","29":"pa_interface-ja-jp","30":"pa_interface-pl-pl","31":"pa_interface-pt-br","32":"pa_interface-pt-pt","34":"pa_interface-ru-ru","35":"pa_interface-zh-cn","36":"pa_interface-zh-tw","37":"pa_keywords-atmospheric","39":"pa_keywords-colorful","40":"pa_keywords-mature","41":"pa_keywords-story-rich","42":"pa_modes-single-player","44":"pa_pegi-956","45":"pa_pegi-13432","46":"pa_platform-xbox-one-xbox-series-x-s","48":"pa_player_perspectives-first-person","50":"pa_publisher-ravenscourt","52":"pa_rating-14537","53":"pa_rating-1663","54":"pa_region-europe","56":"pa_subtitles-de-de","58":"pa_subtitles-en-gb","59":"pa_subtitles-en-us","60":"pa_subtitles-es-es","61":"pa_subtitles-fr-fr","62":"pa_subtitles-it-it","63":"pa_subtitles-ja-jp","64":"pa_subtitles-pl-pl","65":"pa_subtitles-pt-br","66":"pa_subtitles-ru-ru","67":"pa_subtitles-zh-cn","68":"pa_subtitles-zh-tw","69":"pa_themes-action","70":"pa_themes-comedy","71":"pa_themes-mystery","74":"first","75":"instock","76":"virtual","77":"taxable","78":"purchasable","79":"product-type-simple"},"yoast_head":"<!-- This site is optimized with the Yoast SEO plugin v27.3 - https:\/\/yoast.com\/product\/yoast-seo-wordpress\/ -->\n<title>Road 96 | BeGamer.cz<\/title>\n<meta name=\"robots\" content=\"index, follow, max-snippet:-1, max-image-preview:large, max-video-preview:-1\" \/>\n<link rel=\"canonical\" href=\"https:\/\/begamer.cz\/sk\/produkt\/road-96-sk\/\" \/>\n<meta property=\"og:locale\" content=\"sk_SK\" \/>\n<meta property=\"og:type\" content=\"article\" \/>\n<meta property=\"og:title\" content=\"Road 96 | BeGamer.cz\" \/>\n<meta property=\"og:description\" content=\"Road 96 je pr\u00edbehov\u00e1 advent\u00fara, v ktorej hr\u00e1\u010di stopuj\u00fa na ceste za slobodou cez fikt\u00edvnu krajinu na pokraji zmien. Va\u0161e rozhodnutia ovplyv\u0148uj\u00fa priebeh cesty, po\u010das ktorej stret\u00e1vate postavy, unik\u00e1te pred \u00faradmi a odha\u013eujete tajomstv\u00e1 v tejto epizodickej, procedur\u00e1lne generovanej hre o ceste autom.\" \/>\n<meta property=\"og:url\" content=\"https:\/\/begamer.cz\/sk\/produkt\/road-96-sk\/\" \/>\n<meta property=\"og:site_name\" content=\"BeGamer.cz\" \/>\n<meta property=\"article:modified_time\" content=\"2026-03-18T01:35:17+00:00\" \/>\n<meta property=\"og:image\" content=\"https:\/\/begamer.cz\/wp-content\/uploads\/2026\/01\/road-96-8.webp\" \/>\n\t<meta property=\"og:image:width\" content=\"300\" \/>\n\t<meta property=\"og:image:height\" content=\"400\" \/>\n\t<meta property=\"og:image:type\" content=\"image\/webp\" \/>\n<meta name=\"twitter:card\" content=\"summary_large_image\" \/>\n<meta name=\"twitter:label1\" content=\"Predpokladan\u00fd \u010das \u010d\u00edtania\" \/>\n\t<meta name=\"twitter:data1\" content=\"1 min\u00fata\" \/>\n<script type=\"application\/ld+json\" class=\"yoast-schema-graph\">{\"@context\":\"https:\\\/\\\/schema.org\",\"@graph\":[{\"@type\":\"WebPage\",\"@id\":\"https:\\\/\\\/begamer.cz\\\/sk\\\/produkt\\\/road-96-sk\\\/\",\"url\":\"https:\\\/\\\/begamer.cz\\\/sk\\\/produkt\\\/road-96-sk\\\/\",\"name\":\"Road 96 | BeGamer.cz\",\"isPartOf\":{\"@id\":\"https:\\\/\\\/begamer.cz\\\/sk\\\/#website\"},\"primaryImageOfPage\":{\"@id\":\"https:\\\/\\\/begamer.cz\\\/sk\\\/produkt\\\/road-96-sk\\\/#primaryimage\"},\"image\":{\"@id\":\"https:\\\/\\\/begamer.cz\\\/sk\\\/produkt\\\/road-96-sk\\\/#primaryimage\"},\"thumbnailUrl\":\"https:\\\/\\\/begamer.cz\\\/wp-content\\\/uploads\\\/2026\\\/01\\\/road-96-8.webp\",\"datePublished\":\"2026-01-30T14:48:04+00:00\",\"dateModified\":\"2026-03-18T01:35:17+00:00\",\"breadcrumb\":{\"@id\":\"https:\\\/\\\/begamer.cz\\\/sk\\\/produkt\\\/road-96-sk\\\/#breadcrumb\"},\"inLanguage\":\"sk-SK\",\"potentialAction\":[{\"@type\":\"ReadAction\",\"target\":[\"https:\\\/\\\/begamer.cz\\\/sk\\\/produkt\\\/road-96-sk\\\/\"]}]},{\"@type\":\"ImageObject\",\"inLanguage\":\"sk-SK\",\"@id\":\"https:\\\/\\\/begamer.cz\\\/sk\\\/produkt\\\/road-96-sk\\\/#primaryimage\",\"url\":\"https:\\\/\\\/begamer.cz\\\/wp-content\\\/uploads\\\/2026\\\/01\\\/road-96-8.webp\",\"contentUrl\":\"https:\\\/\\\/begamer.cz\\\/wp-content\\\/uploads\\\/2026\\\/01\\\/road-96-8.webp\",\"width\":300,\"height\":400},{\"@type\":\"BreadcrumbList\",\"@id\":\"https:\\\/\\\/begamer.cz\\\/sk\\\/produkt\\\/road-96-sk\\\/#breadcrumb\",\"itemListElement\":[{\"@type\":\"ListItem\",\"position\":1,\"name\":\"Domov\",\"item\":\"https:\\\/\\\/begamer.cz\\\/sk\\\/\"},{\"@type\":\"ListItem\",\"position\":2,\"name\":\"Obchod\",\"item\":\"https:\\\/\\\/begamer.cz\\\/obchod\\\/\"},{\"@type\":\"ListItem\",\"position\":3,\"name\":\"Road 96\"}]},{\"@type\":\"WebSite\",\"@id\":\"https:\\\/\\\/begamer.cz\\\/sk\\\/#website\",\"url\":\"https:\\\/\\\/begamer.cz\\\/sk\\\/\",\"name\":\"BeGamer.cz\",\"description\":\"\",\"publisher\":{\"@id\":\"https:\\\/\\\/begamer.cz\\\/sk\\\/#organization\"},\"potentialAction\":[{\"@type\":\"SearchAction\",\"target\":{\"@type\":\"EntryPoint\",\"urlTemplate\":\"https:\\\/\\\/begamer.cz\\\/sk\\\/?s={search_term_string}\"},\"query-input\":{\"@type\":\"PropertyValueSpecification\",\"valueRequired\":true,\"valueName\":\"search_term_string\"}}],\"inLanguage\":\"sk-SK\"},{\"@type\":\"Organization\",\"@id\":\"https:\\\/\\\/begamer.cz\\\/sk\\\/#organization\",\"name\":\"BeGamer.cz\",\"url\":\"https:\\\/\\\/begamer.cz\\\/sk\\\/\",\"logo\":{\"@type\":\"ImageObject\",\"inLanguage\":\"sk-SK\",\"@id\":\"https:\\\/\\\/begamer.cz\\\/sk\\\/#\\\/schema\\\/logo\\\/image\\\/\",\"url\":\"https:\\\/\\\/begamer.cz\\\/wp-content\\\/uploads\\\/2025\\\/07\\\/logo.svg\",\"contentUrl\":\"https:\\\/\\\/begamer.cz\\\/wp-content\\\/uploads\\\/2025\\\/07\\\/logo.svg\",\"caption\":\"BeGamer.cz\"},\"image\":{\"@id\":\"https:\\\/\\\/begamer.cz\\\/sk\\\/#\\\/schema\\\/logo\\\/image\\\/\"}}]}<\/script>\n<!-- \/ Yoast SEO plugin. -->","yoast_head_json":{"title":"Road 96 | BeGamer.cz","robots":{"index":"index","follow":"follow","max-snippet":"max-snippet:-1","max-image-preview":"max-image-preview:large","max-video-preview":"max-video-preview:-1"},"canonical":"https:\/\/begamer.cz\/sk\/produkt\/road-96-sk\/","og_locale":"sk_SK","og_type":"article","og_title":"Road 96 | BeGamer.cz","og_description":"Road 96 je pr\u00edbehov\u00e1 advent\u00fara, v ktorej hr\u00e1\u010di stopuj\u00fa na ceste za slobodou cez fikt\u00edvnu krajinu na pokraji zmien. Va\u0161e rozhodnutia ovplyv\u0148uj\u00fa priebeh cesty, po\u010das ktorej stret\u00e1vate postavy, unik\u00e1te pred \u00faradmi a odha\u013eujete tajomstv\u00e1 v tejto epizodickej, procedur\u00e1lne generovanej hre o ceste autom.","og_url":"https:\/\/begamer.cz\/sk\/produkt\/road-96-sk\/","og_site_name":"BeGamer.cz","article_modified_time":"2026-03-18T01:35:17+00:00","og_image":[{"width":300,"height":400,"url":"https:\/\/begamer.cz\/wp-content\/uploads\/2026\/01\/road-96-8.webp","type":"image\/webp"}],"twitter_card":"summary_large_image","twitter_misc":{"Predpokladan\u00fd \u010das \u010d\u00edtania":"1 min\u00fata"},"schema":{"@context":"https:\/\/schema.org","@graph":[{"@type":"WebPage","@id":"https:\/\/begamer.cz\/sk\/produkt\/road-96-sk\/","url":"https:\/\/begamer.cz\/sk\/produkt\/road-96-sk\/","name":"Road 96 | BeGamer.cz","isPartOf":{"@id":"https:\/\/begamer.cz\/sk\/#website"},"primaryImageOfPage":{"@id":"https:\/\/begamer.cz\/sk\/produkt\/road-96-sk\/#primaryimage"},"image":{"@id":"https:\/\/begamer.cz\/sk\/produkt\/road-96-sk\/#primaryimage"},"thumbnailUrl":"https:\/\/begamer.cz\/wp-content\/uploads\/2026\/01\/road-96-8.webp","datePublished":"2026-01-30T14:48:04+00:00","dateModified":"2026-03-18T01:35:17+00:00","breadcrumb":{"@id":"https:\/\/begamer.cz\/sk\/produkt\/road-96-sk\/#breadcrumb"},"inLanguage":"sk-SK","potentialAction":[{"@type":"ReadAction","target":["https:\/\/begamer.cz\/sk\/produkt\/road-96-sk\/"]}]},{"@type":"ImageObject","inLanguage":"sk-SK","@id":"https:\/\/begamer.cz\/sk\/produkt\/road-96-sk\/#primaryimage","url":"https:\/\/begamer.cz\/wp-content\/uploads\/2026\/01\/road-96-8.webp","contentUrl":"https:\/\/begamer.cz\/wp-content\/uploads\/2026\/01\/road-96-8.webp","width":300,"height":400},{"@type":"BreadcrumbList","@id":"https:\/\/begamer.cz\/sk\/produkt\/road-96-sk\/#breadcrumb","itemListElement":[{"@type":"ListItem","position":1,"name":"Domov","item":"https:\/\/begamer.cz\/sk\/"},{"@type":"ListItem","position":2,"name":"Obchod","item":"https:\/\/begamer.cz\/obchod\/"},{"@type":"ListItem","position":3,"name":"Road 96"}]},{"@type":"WebSite","@id":"https:\/\/begamer.cz\/sk\/#website","url":"https:\/\/begamer.cz\/sk\/","name":"BeGamer.cz","description":"","publisher":{"@id":"https:\/\/begamer.cz\/sk\/#organization"},"potentialAction":[{"@type":"SearchAction","target":{"@type":"EntryPoint","urlTemplate":"https:\/\/begamer.cz\/sk\/?s={search_term_string}"},"query-input":{"@type":"PropertyValueSpecification","valueRequired":true,"valueName":"search_term_string"}}],"inLanguage":"sk-SK"},{"@type":"Organization","@id":"https:\/\/begamer.cz\/sk\/#organization","name":"BeGamer.cz","url":"https:\/\/begamer.cz\/sk\/","logo":{"@type":"ImageObject","inLanguage":"sk-SK","@id":"https:\/\/begamer.cz\/sk\/#\/schema\/logo\/image\/","url":"https:\/\/begamer.cz\/wp-content\/uploads\/2025\/07\/logo.svg","contentUrl":"https:\/\/begamer.cz\/wp-content\/uploads\/2025\/07\/logo.svg","caption":"BeGamer.cz"},"image":{"@id":"https:\/\/begamer.cz\/sk\/#\/schema\/logo\/image\/"}}]}},"acf":[],"_links":{"self":[{"href":"https:\/\/begamer.cz\/sk\/wp-json\/wp\/v2\/product\/93572","targetHints":{"allow":["GET"]}}],"collection":[{"href":"https:\/\/begamer.cz\/sk\/wp-json\/wp\/v2\/product"}],"about":[{"href":"https:\/\/begamer.cz\/sk\/wp-json\/wp\/v2\/types\/product"}],"replies":[{"embeddable":true,"href":"https:\/\/begamer.cz\/sk\/wp-json\/wp\/v2\/comments?post=93572"}],"wp:featuredmedia":[{"embeddable":true,"href":"https:\/\/begamer.cz\/sk\/wp-json\/wp\/v2\/media\/8042"}],"wp:attachment":[{"href":"https:\/\/begamer.cz\/sk\/wp-json\/wp\/v2\/media?parent=93572"}],"wp:term":[{"taxonomy":"product_brand","embeddable":true,"href":"https:\/\/begamer.cz\/sk\/wp-json\/wp\/v2\/product_brand?post=93572"},{"taxonomy":"product_cat","embeddable":true,"href":"https:\/\/begamer.cz\/sk\/wp-json\/wp\/v2\/product_cat?post=93572"},{"taxonomy":"product_tag","embeddable":true,"href":"https:\/\/begamer.cz\/sk\/wp-json\/wp\/v2\/product_tag?post=93572"}],"curies":[{"name":"wp","href":"https:\/\/api.w.org\/{rel}","templated":true}]}}