{"id":93557,"date":"2026-01-30T15:47:50","date_gmt":"2026-01-30T14:47:50","guid":{"rendered":"https:\/\/begamer.cz\/produkt\/forza-horizon-5-expansions-bundle-sk\/"},"modified":"2026-03-18T02:34:40","modified_gmt":"2026-03-18T01:34:40","slug":"forza-horizon-5-expansions-bundle-sk","status":"publish","type":"product","link":"https:\/\/begamer.cz\/sk\/produkt\/forza-horizon-5-expansions-bundle-sk\/","title":{"rendered":"Forza Horizon 5: Expansions Bundle"},"content":{"rendered":"<p>Z\u00edskajte dve roz\u0161\u00edrenia hry za jednu n\u00edzku cenu! Bal\u00edk roz\u0161\u00edren\u00ed Forza Horizon 5 obsahuje \u00faplne nov\u00e9 roz\u0161\u00edrenie FORZA HORIZON 5 RALLY ADVENTURE a okam\u017eit\u00fd pr\u00edstup k Forza Horizon 5: Hot Wheels.<\/p>\n<p>Objavte dve nov\u00e9 lokality stvoren\u00e9 pre extr\u00e9mnu jazdu, drsn\u00fa Sierra Nueva a vysokor\u00fdchlostn\u00fd Hot Wheels Park. Vydajte sa na vzru\u0161uj\u00face nov\u00e9 dobrodru\u017estv\u00e1 za volantom 20 neuverite\u013en\u00fdch vozidiel a sta\u0148te sa legendou Rally aj Hot Wheels.<\/p>\n<p>Obe roz\u0161\u00edrenia s\u00fa s\u00fa\u010das\u0165ou bal\u00edka Forza Horizon 5 Premium Edition a Premium Add-Ons Bundle. Toto roz\u0161\u00edrenie vy\u017eaduje hru Forza Horizon 5 (hra sa pred\u00e1va samostatne).<\/p>\n","protected":false},"excerpt":{"rendered":"<p>Z\u00edskajte dve roz\u0161\u00edrenia hry za jednu n\u00edzku cenu! Bal\u00edk roz\u0161\u00edren\u00ed Forza Horizon 5 obsahuje \u00faplne nov\u00e9 roz\u0161\u00edrenie FORZA HORIZON 5 RALLY ADVENTURE a okam\u017eit\u00fd pr\u00edstup k Forza Horizon 5: Hot Wheels. Objavte dve nov\u00e9 lokality stvoren\u00e9 pre extr\u00e9mnu jazdu, drsn\u00fa Sierra Nueva a vysokor\u00fdchlostn\u00fd Hot Wheels Park.<\/p>\n","protected":false},"featured_media":7943,"comment_status":"open","ping_status":"closed","template":"","meta":{"_acf_changed":false},"product_brand":[],"product_cat":[398,400,436],"product_tag":[],"class_list":{"0":"post-93557","1":"product","2":"type-product","3":"status-publish","4":"has-post-thumbnail","6":"product_cat-xbox-hry-sk","7":"product_cat-xbox-one-sk","8":"product_cat-zavodne-xbox-one-sk","9":"pa_audio-de-de","10":"pa_audio-en-us","11":"pa_audio-fr-fr","12":"pa_audio-pt-br","14":"pa_countries-at","15":"pa_countries-be","16":"pa_countries-bg","17":"pa_countries-cy","18":"pa_countries-cz","20":"pa_countries-de","21":"pa_countries-dk","22":"pa_countries-ee","23":"pa_countries-es","24":"pa_countries-fi","25":"pa_countries-fr","26":"pa_countries-gr","27":"pa_countries-hr","28":"pa_countries-hu","29":"pa_countries-ie","30":"pa_countries-it","31":"pa_countries-lt","32":"pa_countries-lu","33":"pa_countries-lv","34":"pa_countries-mt","35":"pa_countries-nl","36":"pa_countries-pl","37":"pa_countries-pt","38":"pa_countries-ro","39":"pa_countries-se","40":"pa_countries-si","41":"pa_countries-sk","42":"pa_developer-playground-games","44":"pa_franchises-forza","46":"pa_game_type-dlc","48":"pa_genres-racing","50":"pa_interface-cs-cz","51":"pa_interface-de-de","52":"pa_interface-en-us","53":"pa_interface-es-es","54":"pa_interface-fr-fr","55":"pa_interface-hu-hu","56":"pa_interface-it-it","57":"pa_interface-ja-jp","58":"pa_interface-ko-kr","59":"pa_interface-pl-pl","60":"pa_interface-pt-br","61":"pa_interface-ru-ru","63":"pa_interface-tr-tr","64":"pa_interface-zh-cn","65":"pa_interface-zh-tw","66":"pa_platform-xbox-series-x-s-xbox-one-windows-10","68":"pa_publisher-xbox-game-studios","70":"pa_rating-773","71":"pa_rating-14441","72":"pa_region-europe","74":"pa_subtitles-cs-cz","75":"pa_subtitles-en-us","76":"pa_subtitles-es-es","77":"pa_subtitles-hu-hu","78":"pa_subtitles-it-it","79":"pa_subtitles-ja-jp","80":"pa_subtitles-ko-kr","81":"pa_subtitles-pl-pl","82":"pa_subtitles-ru-ru","83":"pa_subtitles-tr-tr","85":"pa_subtitles-zh-cn","86":"pa_subtitles-zh-tw","88":"first","89":"instock","90":"virtual","91":"taxable","92":"purchasable","93":"product-type-simple"},"yoast_head":"<!-- This site is optimized with the Yoast SEO plugin v27.4 - https:\/\/yoast.com\/product\/yoast-seo-wordpress\/ -->\n<title>Forza Horizon 5: Expansions Bundle | BeGamer.cz<\/title>\n<meta name=\"robots\" content=\"index, follow, max-snippet:-1, max-image-preview:large, max-video-preview:-1\" \/>\n<link rel=\"canonical\" href=\"https:\/\/begamer.cz\/sk\/produkt\/forza-horizon-5-expansions-bundle-sk\/\" \/>\n<meta property=\"og:locale\" content=\"sk_SK\" \/>\n<meta property=\"og:type\" content=\"article\" \/>\n<meta property=\"og:title\" content=\"Forza Horizon 5: Expansions Bundle | BeGamer.cz\" \/>\n<meta property=\"og:description\" content=\"Z\u00edskajte dve roz\u0161\u00edrenia hry za jednu n\u00edzku cenu! Bal\u00edk roz\u0161\u00edren\u00ed Forza Horizon 5 obsahuje \u00faplne nov\u00e9 roz\u0161\u00edrenie FORZA HORIZON 5 RALLY ADVENTURE a okam\u017eit\u00fd pr\u00edstup k Forza Horizon 5: Hot Wheels. Objavte dve nov\u00e9 lokality stvoren\u00e9 pre extr\u00e9mnu jazdu, drsn\u00fa Sierra Nueva a vysokor\u00fdchlostn\u00fd Hot Wheels Park.\" \/>\n<meta property=\"og:url\" content=\"https:\/\/begamer.cz\/sk\/produkt\/forza-horizon-5-expansions-bundle-sk\/\" \/>\n<meta property=\"og:site_name\" content=\"BeGamer.cz\" \/>\n<meta property=\"article:modified_time\" content=\"2026-03-18T01:34:40+00:00\" \/>\n<meta property=\"og:image\" content=\"https:\/\/begamer.cz\/wp-content\/uploads\/2026\/01\/forza-horizon-5-expansions-bundle.webp\" \/>\n\t<meta property=\"og:image:width\" content=\"300\" \/>\n\t<meta property=\"og:image:height\" content=\"400\" \/>\n\t<meta property=\"og:image:type\" content=\"image\/webp\" \/>\n<meta name=\"twitter:card\" content=\"summary_large_image\" \/>\n<meta name=\"twitter:label1\" content=\"Predpokladan\u00fd \u010das \u010d\u00edtania\" \/>\n\t<meta name=\"twitter:data1\" content=\"1 min\u00fata\" \/>\n<script type=\"application\/ld+json\" class=\"yoast-schema-graph\">{\"@context\":\"https:\\\/\\\/schema.org\",\"@graph\":[{\"@type\":\"WebPage\",\"@id\":\"https:\\\/\\\/begamer.cz\\\/sk\\\/produkt\\\/forza-horizon-5-expansions-bundle-sk\\\/\",\"url\":\"https:\\\/\\\/begamer.cz\\\/sk\\\/produkt\\\/forza-horizon-5-expansions-bundle-sk\\\/\",\"name\":\"Forza Horizon 5: Expansions Bundle | BeGamer.cz\",\"isPartOf\":{\"@id\":\"https:\\\/\\\/begamer.cz\\\/sk\\\/#website\"},\"primaryImageOfPage\":{\"@id\":\"https:\\\/\\\/begamer.cz\\\/sk\\\/produkt\\\/forza-horizon-5-expansions-bundle-sk\\\/#primaryimage\"},\"image\":{\"@id\":\"https:\\\/\\\/begamer.cz\\\/sk\\\/produkt\\\/forza-horizon-5-expansions-bundle-sk\\\/#primaryimage\"},\"thumbnailUrl\":\"https:\\\/\\\/begamer.cz\\\/wp-content\\\/uploads\\\/2026\\\/01\\\/forza-horizon-5-expansions-bundle.webp\",\"datePublished\":\"2026-01-30T14:47:50+00:00\",\"dateModified\":\"2026-03-18T01:34:40+00:00\",\"breadcrumb\":{\"@id\":\"https:\\\/\\\/begamer.cz\\\/sk\\\/produkt\\\/forza-horizon-5-expansions-bundle-sk\\\/#breadcrumb\"},\"inLanguage\":\"sk-SK\",\"potentialAction\":[{\"@type\":\"ReadAction\",\"target\":[\"https:\\\/\\\/begamer.cz\\\/sk\\\/produkt\\\/forza-horizon-5-expansions-bundle-sk\\\/\"]}]},{\"@type\":\"ImageObject\",\"inLanguage\":\"sk-SK\",\"@id\":\"https:\\\/\\\/begamer.cz\\\/sk\\\/produkt\\\/forza-horizon-5-expansions-bundle-sk\\\/#primaryimage\",\"url\":\"https:\\\/\\\/begamer.cz\\\/wp-content\\\/uploads\\\/2026\\\/01\\\/forza-horizon-5-expansions-bundle.webp\",\"contentUrl\":\"https:\\\/\\\/begamer.cz\\\/wp-content\\\/uploads\\\/2026\\\/01\\\/forza-horizon-5-expansions-bundle.webp\",\"width\":300,\"height\":400},{\"@type\":\"BreadcrumbList\",\"@id\":\"https:\\\/\\\/begamer.cz\\\/sk\\\/produkt\\\/forza-horizon-5-expansions-bundle-sk\\\/#breadcrumb\",\"itemListElement\":[{\"@type\":\"ListItem\",\"position\":1,\"name\":\"Domov\",\"item\":\"https:\\\/\\\/begamer.cz\\\/sk\\\/\"},{\"@type\":\"ListItem\",\"position\":2,\"name\":\"Obchod\",\"item\":\"https:\\\/\\\/begamer.cz\\\/obchod\\\/\"},{\"@type\":\"ListItem\",\"position\":3,\"name\":\"Forza Horizon 5: Expansions Bundle\"}]},{\"@type\":\"WebSite\",\"@id\":\"https:\\\/\\\/begamer.cz\\\/sk\\\/#website\",\"url\":\"https:\\\/\\\/begamer.cz\\\/sk\\\/\",\"name\":\"BeGamer.cz\",\"description\":\"\",\"publisher\":{\"@id\":\"https:\\\/\\\/begamer.cz\\\/sk\\\/#organization\"},\"potentialAction\":[{\"@type\":\"SearchAction\",\"target\":{\"@type\":\"EntryPoint\",\"urlTemplate\":\"https:\\\/\\\/begamer.cz\\\/sk\\\/?s={search_term_string}\"},\"query-input\":{\"@type\":\"PropertyValueSpecification\",\"valueRequired\":true,\"valueName\":\"search_term_string\"}}],\"inLanguage\":\"sk-SK\"},{\"@type\":\"Organization\",\"@id\":\"https:\\\/\\\/begamer.cz\\\/sk\\\/#organization\",\"name\":\"BeGamer.cz\",\"url\":\"https:\\\/\\\/begamer.cz\\\/sk\\\/\",\"logo\":{\"@type\":\"ImageObject\",\"inLanguage\":\"sk-SK\",\"@id\":\"https:\\\/\\\/begamer.cz\\\/sk\\\/#\\\/schema\\\/logo\\\/image\\\/\",\"url\":\"https:\\\/\\\/begamer.cz\\\/wp-content\\\/uploads\\\/2025\\\/07\\\/logo.svg\",\"contentUrl\":\"https:\\\/\\\/begamer.cz\\\/wp-content\\\/uploads\\\/2025\\\/07\\\/logo.svg\",\"caption\":\"BeGamer.cz\"},\"image\":{\"@id\":\"https:\\\/\\\/begamer.cz\\\/sk\\\/#\\\/schema\\\/logo\\\/image\\\/\"}}]}<\/script>\n<!-- \/ Yoast SEO plugin. -->","yoast_head_json":{"title":"Forza Horizon 5: Expansions Bundle | BeGamer.cz","robots":{"index":"index","follow":"follow","max-snippet":"max-snippet:-1","max-image-preview":"max-image-preview:large","max-video-preview":"max-video-preview:-1"},"canonical":"https:\/\/begamer.cz\/sk\/produkt\/forza-horizon-5-expansions-bundle-sk\/","og_locale":"sk_SK","og_type":"article","og_title":"Forza Horizon 5: Expansions Bundle | BeGamer.cz","og_description":"Z\u00edskajte dve roz\u0161\u00edrenia hry za jednu n\u00edzku cenu! Bal\u00edk roz\u0161\u00edren\u00ed Forza Horizon 5 obsahuje \u00faplne nov\u00e9 roz\u0161\u00edrenie FORZA HORIZON 5 RALLY ADVENTURE a okam\u017eit\u00fd pr\u00edstup k Forza Horizon 5: Hot Wheels. Objavte dve nov\u00e9 lokality stvoren\u00e9 pre extr\u00e9mnu jazdu, drsn\u00fa Sierra Nueva a vysokor\u00fdchlostn\u00fd Hot Wheels Park.","og_url":"https:\/\/begamer.cz\/sk\/produkt\/forza-horizon-5-expansions-bundle-sk\/","og_site_name":"BeGamer.cz","article_modified_time":"2026-03-18T01:34:40+00:00","og_image":[{"width":300,"height":400,"url":"https:\/\/begamer.cz\/wp-content\/uploads\/2026\/01\/forza-horizon-5-expansions-bundle.webp","type":"image\/webp"}],"twitter_card":"summary_large_image","twitter_misc":{"Predpokladan\u00fd \u010das \u010d\u00edtania":"1 min\u00fata"},"schema":{"@context":"https:\/\/schema.org","@graph":[{"@type":"WebPage","@id":"https:\/\/begamer.cz\/sk\/produkt\/forza-horizon-5-expansions-bundle-sk\/","url":"https:\/\/begamer.cz\/sk\/produkt\/forza-horizon-5-expansions-bundle-sk\/","name":"Forza Horizon 5: Expansions Bundle | BeGamer.cz","isPartOf":{"@id":"https:\/\/begamer.cz\/sk\/#website"},"primaryImageOfPage":{"@id":"https:\/\/begamer.cz\/sk\/produkt\/forza-horizon-5-expansions-bundle-sk\/#primaryimage"},"image":{"@id":"https:\/\/begamer.cz\/sk\/produkt\/forza-horizon-5-expansions-bundle-sk\/#primaryimage"},"thumbnailUrl":"https:\/\/begamer.cz\/wp-content\/uploads\/2026\/01\/forza-horizon-5-expansions-bundle.webp","datePublished":"2026-01-30T14:47:50+00:00","dateModified":"2026-03-18T01:34:40+00:00","breadcrumb":{"@id":"https:\/\/begamer.cz\/sk\/produkt\/forza-horizon-5-expansions-bundle-sk\/#breadcrumb"},"inLanguage":"sk-SK","potentialAction":[{"@type":"ReadAction","target":["https:\/\/begamer.cz\/sk\/produkt\/forza-horizon-5-expansions-bundle-sk\/"]}]},{"@type":"ImageObject","inLanguage":"sk-SK","@id":"https:\/\/begamer.cz\/sk\/produkt\/forza-horizon-5-expansions-bundle-sk\/#primaryimage","url":"https:\/\/begamer.cz\/wp-content\/uploads\/2026\/01\/forza-horizon-5-expansions-bundle.webp","contentUrl":"https:\/\/begamer.cz\/wp-content\/uploads\/2026\/01\/forza-horizon-5-expansions-bundle.webp","width":300,"height":400},{"@type":"BreadcrumbList","@id":"https:\/\/begamer.cz\/sk\/produkt\/forza-horizon-5-expansions-bundle-sk\/#breadcrumb","itemListElement":[{"@type":"ListItem","position":1,"name":"Domov","item":"https:\/\/begamer.cz\/sk\/"},{"@type":"ListItem","position":2,"name":"Obchod","item":"https:\/\/begamer.cz\/obchod\/"},{"@type":"ListItem","position":3,"name":"Forza Horizon 5: Expansions Bundle"}]},{"@type":"WebSite","@id":"https:\/\/begamer.cz\/sk\/#website","url":"https:\/\/begamer.cz\/sk\/","name":"BeGamer.cz","description":"","publisher":{"@id":"https:\/\/begamer.cz\/sk\/#organization"},"potentialAction":[{"@type":"SearchAction","target":{"@type":"EntryPoint","urlTemplate":"https:\/\/begamer.cz\/sk\/?s={search_term_string}"},"query-input":{"@type":"PropertyValueSpecification","valueRequired":true,"valueName":"search_term_string"}}],"inLanguage":"sk-SK"},{"@type":"Organization","@id":"https:\/\/begamer.cz\/sk\/#organization","name":"BeGamer.cz","url":"https:\/\/begamer.cz\/sk\/","logo":{"@type":"ImageObject","inLanguage":"sk-SK","@id":"https:\/\/begamer.cz\/sk\/#\/schema\/logo\/image\/","url":"https:\/\/begamer.cz\/wp-content\/uploads\/2025\/07\/logo.svg","contentUrl":"https:\/\/begamer.cz\/wp-content\/uploads\/2025\/07\/logo.svg","caption":"BeGamer.cz"},"image":{"@id":"https:\/\/begamer.cz\/sk\/#\/schema\/logo\/image\/"}}]}},"acf":[],"_links":{"self":[{"href":"https:\/\/begamer.cz\/sk\/wp-json\/wp\/v2\/product\/93557","targetHints":{"allow":["GET"]}}],"collection":[{"href":"https:\/\/begamer.cz\/sk\/wp-json\/wp\/v2\/product"}],"about":[{"href":"https:\/\/begamer.cz\/sk\/wp-json\/wp\/v2\/types\/product"}],"replies":[{"embeddable":true,"href":"https:\/\/begamer.cz\/sk\/wp-json\/wp\/v2\/comments?post=93557"}],"wp:featuredmedia":[{"embeddable":true,"href":"https:\/\/begamer.cz\/sk\/wp-json\/wp\/v2\/media\/7943"}],"wp:attachment":[{"href":"https:\/\/begamer.cz\/sk\/wp-json\/wp\/v2\/media?parent=93557"}],"wp:term":[{"taxonomy":"product_brand","embeddable":true,"href":"https:\/\/begamer.cz\/sk\/wp-json\/wp\/v2\/product_brand?post=93557"},{"taxonomy":"product_cat","embeddable":true,"href":"https:\/\/begamer.cz\/sk\/wp-json\/wp\/v2\/product_cat?post=93557"},{"taxonomy":"product_tag","embeddable":true,"href":"https:\/\/begamer.cz\/sk\/wp-json\/wp\/v2\/product_tag?post=93557"}],"curies":[{"name":"wp","href":"https:\/\/api.w.org\/{rel}","templated":true}]}}