{"id":93545,"date":"2026-01-30T15:47:37","date_gmt":"2026-01-30T14:47:37","guid":{"rendered":"https:\/\/begamer.cz\/produkt\/garfield-kart-furious-racing-sk\/"},"modified":"2026-03-18T02:32:42","modified_gmt":"2026-03-18T01:32:42","slug":"garfield-kart-furious-racing-sk","status":"publish","type":"product","link":"https:\/\/begamer.cz\/sk\/produkt\/garfield-kart-furious-racing-sk\/","title":{"rendered":"Garfield Kart: Furious Racing"},"content":{"rendered":"<h1>O hre<\/h1>\n<p>Garfield, sl\u00e1vny ma\u010dac\u00ed milovn\u00edk lasagn\u00ed, sa vracia, aby sa postavil Jonovi, Odieovi a spolo\u010dnosti v pretekoch bez obmedzen\u00ed!<\/p>\n<p>Vyber si svoju postavu a motok\u00e1ru pod\u013ea ich vlastnost\u00ed a svojho \u0161t\u00fdlu jazdy, \u0161tartuj ako prv\u00fd a ovl\u00e1daj \u0161myk, aby si predbehol svojich s\u00faperov. Pou\u017ei bl\u00e1zniv\u00e9 bonusov\u00e9 predmety, ako je vank\u00fa\u0161 alebo \u010darovn\u00e1 pali\u010dka, aby si z\u00edskal v\u00fdhodu a prekro\u010dil cie\u013eov\u00fa \u010diaru ako prv\u00fd. Ste leniv\u00ed ako Garfield? Vyu\u017eite skratky, aby ste predbehli ostatn\u00fdch pretek\u00e1rov s pru\u017einou!<\/p>\n<p>S\u00fa\u0165a\u017ete so svojimi priate\u013emi v lok\u00e1lnom re\u017eime alebo online, s a\u017e \u00f4smimi hr\u00e1\u010dmi na 16 ikonick\u00fdch okruhoch zo sveta Garfielda.<\/p>\n<ul class=\"bb_ul\">\n<li>3 HRACIE RE\u017dIMY: Grand Prix, Jednotliv\u00e9 preteky, \u010casovka<\/li>\n<li>MULTIPLAYER a\u017e pre 4 hr\u00e1\u010dov v re\u017eime rozdelenej obrazovky a a\u017e pre 8 hr\u00e1\u010dov v online re\u017eime<\/li>\n<li>16 OKRUHOV: Bl\u00e1zniv\u00e9 preteky v \u00fa\u017easn\u00fdch prostrediach in\u0161pirovan\u00fdch svetom Garfielda, ako je Palerock Lake a Pastacosi Factory<\/li>\n<li>8 POSTAV: Garfield, Odie, Jon, Nermal, Arlene, Liz, Harry a Squeak<\/li>\n<li>9 BONUSOV NA \u00daTOK A OBRANU, ktor\u00e9 m\u00f4\u017eu zvr\u00e1ti\u0165 priebeh pretekov<\/li>\n<li>PRISP\u00d4SOBTE si svoju postavu a motok\u00e1ru pomocou desiatok doplnkov<\/li>\n<\/ul>\n","protected":false},"excerpt":{"rendered":"<p>Garfield Kart: Furious Racing je z\u00e1bavn\u00e1, r\u00fdchla kartov\u00e1 z\u00e1vodn\u00e1 hra s Garfieldom a jeho priate\u013emi. Z\u00e1vodte na \u017eiv\u00fdch tratiach, zbierajte bonusy a vyu\u017eite jedine\u010dn\u00e9 schopnosti, aby ste predbehli s\u00faperov. Ide\u00e1lne pre fan\u00fa\u0161ikov, ktor\u00ed h\u013eadaj\u00fa farebn\u00fa, rodinn\u00fa a s\u00fa\u0165a\u017en\u00fa z\u00e1vodn\u00fa akciu.<\/p>\n","protected":false},"featured_media":7868,"comment_status":"open","ping_status":"closed","template":"","meta":{"_acf_changed":false},"product_brand":[],"product_cat":[206,179,200,226,230],"product_tag":[],"class_list":{"0":"post-93545","1":"product","2":"type-product","3":"status-publish","4":"has-post-thumbnail","6":"product_cat-arkady-nintendo-switch-sk","7":"product_cat-nintendo-hry-sk","8":"product_cat-nintendo-switch-sk","9":"product_cat-sportove-nintendo-switch-sk","10":"product_cat-zavodne-nintendo-switch-sk","11":"pa_countries-at","12":"pa_countries-be","13":"pa_countries-bg","14":"pa_countries-cy","15":"pa_countries-cz","17":"pa_countries-de","18":"pa_countries-dk","19":"pa_countries-ee","20":"pa_countries-es","21":"pa_countries-fi","22":"pa_countries-fr","23":"pa_countries-gr","24":"pa_countries-hr","25":"pa_countries-hu","26":"pa_countries-ie","27":"pa_countries-it","28":"pa_countries-lt","29":"pa_countries-lu","30":"pa_countries-lv","31":"pa_countries-mt","32":"pa_countries-nl","33":"pa_countries-pl","34":"pa_countries-pt","35":"pa_countries-ro","36":"pa_countries-se","37":"pa_countries-si","38":"pa_countries-sk","39":"pa_franchises-garfield","41":"pa_game_type-main_game","43":"pa_genres-arcade","45":"pa_genres-racing","46":"pa_genres-sport","47":"pa_interface-de-de","48":"pa_interface-en-us","49":"pa_interface-es-es","50":"pa_interface-fr-fr","51":"pa_interface-it-it","52":"pa_interface-ru-ru","54":"pa_interface-zh-cn","55":"pa_keywords-achievements","56":"pa_keywords-cartoony","57":"pa_keywords-casual","58":"pa_keywords-cat","59":"pa_keywords-controller-recommendation","60":"pa_keywords-controller-support","61":"pa_keywords-digital-distribution","62":"pa_keywords-dog","63":"pa_keywords-dualsense-support-for-pc","64":"pa_keywords-dualshock-4-support-for-pc","65":"pa_keywords-family-friendly","66":"pa_keywords-gamersgate","67":"pa_keywords-human","68":"pa_keywords-kid-friendly","69":"pa_keywords-local-multiplayer","70":"pa_keywords-mouse","71":"pa_keywords-online","72":"pa_keywords-online-multiplayer","73":"pa_keywords-remote-play","74":"pa_keywords-steam","76":"pa_keywords-steam-achievements","77":"pa_keywords-steam-cloud","78":"pa_keywords-steam-families","79":"pa_keywords-vehicle-customization","80":"pa_keywords-xbox-controller-support-for-pc","81":"pa_modes-multiplayer","83":"pa_modes-single-player","84":"pa_pegi-943","85":"pa_pegi-13430","86":"pa_platform-nintendo-switch","88":"pa_player_perspectives-third-person","90":"pa_publisher-microids","92":"pa_rating-773","93":"pa_rating-14441","94":"pa_region-europe","96":"pa_subtitles-de-de","98":"pa_subtitles-en-us","99":"pa_subtitles-es-es","100":"pa_subtitles-fr-fr","101":"pa_subtitles-it-it","102":"pa_subtitles-ru-ru","103":"pa_subtitles-zh-cn","104":"pa_themes-comedy","105":"pa_themes-kids","108":"first","109":"instock","110":"virtual","111":"taxable","112":"purchasable","113":"product-type-simple"},"yoast_head":"<!-- This site is optimized with the Yoast SEO plugin v27.4 - https:\/\/yoast.com\/product\/yoast-seo-wordpress\/ -->\n<title>Garfield Kart: Furious Racing | BeGamer.cz<\/title>\n<meta name=\"robots\" content=\"index, follow, max-snippet:-1, max-image-preview:large, max-video-preview:-1\" \/>\n<link rel=\"canonical\" href=\"https:\/\/begamer.cz\/sk\/produkt\/garfield-kart-furious-racing-sk\/\" \/>\n<meta property=\"og:locale\" content=\"sk_SK\" \/>\n<meta property=\"og:type\" content=\"article\" \/>\n<meta property=\"og:title\" content=\"Garfield Kart: Furious Racing | BeGamer.cz\" \/>\n<meta property=\"og:description\" content=\"Garfield Kart: Furious Racing je z\u00e1bavn\u00e1, r\u00fdchla kartov\u00e1 z\u00e1vodn\u00e1 hra s Garfieldom a jeho priate\u013emi. Z\u00e1vodte na \u017eiv\u00fdch tratiach, zbierajte bonusy a vyu\u017eite jedine\u010dn\u00e9 schopnosti, aby ste predbehli s\u00faperov. Ide\u00e1lne pre fan\u00fa\u0161ikov, ktor\u00ed h\u013eadaj\u00fa farebn\u00fa, rodinn\u00fa a s\u00fa\u0165a\u017en\u00fa z\u00e1vodn\u00fa akciu.\" \/>\n<meta property=\"og:url\" content=\"https:\/\/begamer.cz\/sk\/produkt\/garfield-kart-furious-racing-sk\/\" \/>\n<meta property=\"og:site_name\" content=\"BeGamer.cz\" \/>\n<meta property=\"article:modified_time\" content=\"2026-03-18T01:32:42+00:00\" \/>\n<meta property=\"og:image\" content=\"https:\/\/begamer.cz\/wp-content\/uploads\/2026\/01\/garfield-kart-furious-racing-10.webp\" \/>\n\t<meta property=\"og:image:width\" content=\"300\" \/>\n\t<meta property=\"og:image:height\" content=\"400\" \/>\n\t<meta property=\"og:image:type\" content=\"image\/webp\" \/>\n<meta name=\"twitter:card\" content=\"summary_large_image\" \/>\n<meta name=\"twitter:label1\" content=\"Predpokladan\u00fd \u010das \u010d\u00edtania\" \/>\n\t<meta name=\"twitter:data1\" content=\"1 min\u00fata\" \/>\n<script type=\"application\/ld+json\" class=\"yoast-schema-graph\">{\"@context\":\"https:\\\/\\\/schema.org\",\"@graph\":[{\"@type\":\"WebPage\",\"@id\":\"https:\\\/\\\/begamer.cz\\\/sk\\\/produkt\\\/garfield-kart-furious-racing-sk\\\/\",\"url\":\"https:\\\/\\\/begamer.cz\\\/sk\\\/produkt\\\/garfield-kart-furious-racing-sk\\\/\",\"name\":\"Garfield Kart: Furious Racing | BeGamer.cz\",\"isPartOf\":{\"@id\":\"https:\\\/\\\/begamer.cz\\\/sk\\\/#website\"},\"primaryImageOfPage\":{\"@id\":\"https:\\\/\\\/begamer.cz\\\/sk\\\/produkt\\\/garfield-kart-furious-racing-sk\\\/#primaryimage\"},\"image\":{\"@id\":\"https:\\\/\\\/begamer.cz\\\/sk\\\/produkt\\\/garfield-kart-furious-racing-sk\\\/#primaryimage\"},\"thumbnailUrl\":\"https:\\\/\\\/begamer.cz\\\/wp-content\\\/uploads\\\/2026\\\/01\\\/garfield-kart-furious-racing-10.webp\",\"datePublished\":\"2026-01-30T14:47:37+00:00\",\"dateModified\":\"2026-03-18T01:32:42+00:00\",\"breadcrumb\":{\"@id\":\"https:\\\/\\\/begamer.cz\\\/sk\\\/produkt\\\/garfield-kart-furious-racing-sk\\\/#breadcrumb\"},\"inLanguage\":\"sk-SK\",\"potentialAction\":[{\"@type\":\"ReadAction\",\"target\":[\"https:\\\/\\\/begamer.cz\\\/sk\\\/produkt\\\/garfield-kart-furious-racing-sk\\\/\"]}]},{\"@type\":\"ImageObject\",\"inLanguage\":\"sk-SK\",\"@id\":\"https:\\\/\\\/begamer.cz\\\/sk\\\/produkt\\\/garfield-kart-furious-racing-sk\\\/#primaryimage\",\"url\":\"https:\\\/\\\/begamer.cz\\\/wp-content\\\/uploads\\\/2026\\\/01\\\/garfield-kart-furious-racing-10.webp\",\"contentUrl\":\"https:\\\/\\\/begamer.cz\\\/wp-content\\\/uploads\\\/2026\\\/01\\\/garfield-kart-furious-racing-10.webp\",\"width\":300,\"height\":400},{\"@type\":\"BreadcrumbList\",\"@id\":\"https:\\\/\\\/begamer.cz\\\/sk\\\/produkt\\\/garfield-kart-furious-racing-sk\\\/#breadcrumb\",\"itemListElement\":[{\"@type\":\"ListItem\",\"position\":1,\"name\":\"Domov\",\"item\":\"https:\\\/\\\/begamer.cz\\\/sk\\\/\"},{\"@type\":\"ListItem\",\"position\":2,\"name\":\"Obchod\",\"item\":\"https:\\\/\\\/begamer.cz\\\/obchod\\\/\"},{\"@type\":\"ListItem\",\"position\":3,\"name\":\"Garfield Kart: Furious Racing\"}]},{\"@type\":\"WebSite\",\"@id\":\"https:\\\/\\\/begamer.cz\\\/sk\\\/#website\",\"url\":\"https:\\\/\\\/begamer.cz\\\/sk\\\/\",\"name\":\"BeGamer.cz\",\"description\":\"\",\"publisher\":{\"@id\":\"https:\\\/\\\/begamer.cz\\\/sk\\\/#organization\"},\"potentialAction\":[{\"@type\":\"SearchAction\",\"target\":{\"@type\":\"EntryPoint\",\"urlTemplate\":\"https:\\\/\\\/begamer.cz\\\/sk\\\/?s={search_term_string}\"},\"query-input\":{\"@type\":\"PropertyValueSpecification\",\"valueRequired\":true,\"valueName\":\"search_term_string\"}}],\"inLanguage\":\"sk-SK\"},{\"@type\":\"Organization\",\"@id\":\"https:\\\/\\\/begamer.cz\\\/sk\\\/#organization\",\"name\":\"BeGamer.cz\",\"url\":\"https:\\\/\\\/begamer.cz\\\/sk\\\/\",\"logo\":{\"@type\":\"ImageObject\",\"inLanguage\":\"sk-SK\",\"@id\":\"https:\\\/\\\/begamer.cz\\\/sk\\\/#\\\/schema\\\/logo\\\/image\\\/\",\"url\":\"https:\\\/\\\/begamer.cz\\\/wp-content\\\/uploads\\\/2025\\\/07\\\/logo.svg\",\"contentUrl\":\"https:\\\/\\\/begamer.cz\\\/wp-content\\\/uploads\\\/2025\\\/07\\\/logo.svg\",\"caption\":\"BeGamer.cz\"},\"image\":{\"@id\":\"https:\\\/\\\/begamer.cz\\\/sk\\\/#\\\/schema\\\/logo\\\/image\\\/\"}}]}<\/script>\n<!-- \/ Yoast SEO plugin. -->","yoast_head_json":{"title":"Garfield Kart: Furious Racing | BeGamer.cz","robots":{"index":"index","follow":"follow","max-snippet":"max-snippet:-1","max-image-preview":"max-image-preview:large","max-video-preview":"max-video-preview:-1"},"canonical":"https:\/\/begamer.cz\/sk\/produkt\/garfield-kart-furious-racing-sk\/","og_locale":"sk_SK","og_type":"article","og_title":"Garfield Kart: Furious Racing | BeGamer.cz","og_description":"Garfield Kart: Furious Racing je z\u00e1bavn\u00e1, r\u00fdchla kartov\u00e1 z\u00e1vodn\u00e1 hra s Garfieldom a jeho priate\u013emi. Z\u00e1vodte na \u017eiv\u00fdch tratiach, zbierajte bonusy a vyu\u017eite jedine\u010dn\u00e9 schopnosti, aby ste predbehli s\u00faperov. Ide\u00e1lne pre fan\u00fa\u0161ikov, ktor\u00ed h\u013eadaj\u00fa farebn\u00fa, rodinn\u00fa a s\u00fa\u0165a\u017en\u00fa z\u00e1vodn\u00fa akciu.","og_url":"https:\/\/begamer.cz\/sk\/produkt\/garfield-kart-furious-racing-sk\/","og_site_name":"BeGamer.cz","article_modified_time":"2026-03-18T01:32:42+00:00","og_image":[{"width":300,"height":400,"url":"https:\/\/begamer.cz\/wp-content\/uploads\/2026\/01\/garfield-kart-furious-racing-10.webp","type":"image\/webp"}],"twitter_card":"summary_large_image","twitter_misc":{"Predpokladan\u00fd \u010das \u010d\u00edtania":"1 min\u00fata"},"schema":{"@context":"https:\/\/schema.org","@graph":[{"@type":"WebPage","@id":"https:\/\/begamer.cz\/sk\/produkt\/garfield-kart-furious-racing-sk\/","url":"https:\/\/begamer.cz\/sk\/produkt\/garfield-kart-furious-racing-sk\/","name":"Garfield Kart: Furious Racing | BeGamer.cz","isPartOf":{"@id":"https:\/\/begamer.cz\/sk\/#website"},"primaryImageOfPage":{"@id":"https:\/\/begamer.cz\/sk\/produkt\/garfield-kart-furious-racing-sk\/#primaryimage"},"image":{"@id":"https:\/\/begamer.cz\/sk\/produkt\/garfield-kart-furious-racing-sk\/#primaryimage"},"thumbnailUrl":"https:\/\/begamer.cz\/wp-content\/uploads\/2026\/01\/garfield-kart-furious-racing-10.webp","datePublished":"2026-01-30T14:47:37+00:00","dateModified":"2026-03-18T01:32:42+00:00","breadcrumb":{"@id":"https:\/\/begamer.cz\/sk\/produkt\/garfield-kart-furious-racing-sk\/#breadcrumb"},"inLanguage":"sk-SK","potentialAction":[{"@type":"ReadAction","target":["https:\/\/begamer.cz\/sk\/produkt\/garfield-kart-furious-racing-sk\/"]}]},{"@type":"ImageObject","inLanguage":"sk-SK","@id":"https:\/\/begamer.cz\/sk\/produkt\/garfield-kart-furious-racing-sk\/#primaryimage","url":"https:\/\/begamer.cz\/wp-content\/uploads\/2026\/01\/garfield-kart-furious-racing-10.webp","contentUrl":"https:\/\/begamer.cz\/wp-content\/uploads\/2026\/01\/garfield-kart-furious-racing-10.webp","width":300,"height":400},{"@type":"BreadcrumbList","@id":"https:\/\/begamer.cz\/sk\/produkt\/garfield-kart-furious-racing-sk\/#breadcrumb","itemListElement":[{"@type":"ListItem","position":1,"name":"Domov","item":"https:\/\/begamer.cz\/sk\/"},{"@type":"ListItem","position":2,"name":"Obchod","item":"https:\/\/begamer.cz\/obchod\/"},{"@type":"ListItem","position":3,"name":"Garfield Kart: Furious Racing"}]},{"@type":"WebSite","@id":"https:\/\/begamer.cz\/sk\/#website","url":"https:\/\/begamer.cz\/sk\/","name":"BeGamer.cz","description":"","publisher":{"@id":"https:\/\/begamer.cz\/sk\/#organization"},"potentialAction":[{"@type":"SearchAction","target":{"@type":"EntryPoint","urlTemplate":"https:\/\/begamer.cz\/sk\/?s={search_term_string}"},"query-input":{"@type":"PropertyValueSpecification","valueRequired":true,"valueName":"search_term_string"}}],"inLanguage":"sk-SK"},{"@type":"Organization","@id":"https:\/\/begamer.cz\/sk\/#organization","name":"BeGamer.cz","url":"https:\/\/begamer.cz\/sk\/","logo":{"@type":"ImageObject","inLanguage":"sk-SK","@id":"https:\/\/begamer.cz\/sk\/#\/schema\/logo\/image\/","url":"https:\/\/begamer.cz\/wp-content\/uploads\/2025\/07\/logo.svg","contentUrl":"https:\/\/begamer.cz\/wp-content\/uploads\/2025\/07\/logo.svg","caption":"BeGamer.cz"},"image":{"@id":"https:\/\/begamer.cz\/sk\/#\/schema\/logo\/image\/"}}]}},"acf":[],"_links":{"self":[{"href":"https:\/\/begamer.cz\/sk\/wp-json\/wp\/v2\/product\/93545","targetHints":{"allow":["GET"]}}],"collection":[{"href":"https:\/\/begamer.cz\/sk\/wp-json\/wp\/v2\/product"}],"about":[{"href":"https:\/\/begamer.cz\/sk\/wp-json\/wp\/v2\/types\/product"}],"replies":[{"embeddable":true,"href":"https:\/\/begamer.cz\/sk\/wp-json\/wp\/v2\/comments?post=93545"}],"wp:featuredmedia":[{"embeddable":true,"href":"https:\/\/begamer.cz\/sk\/wp-json\/wp\/v2\/media\/7868"}],"wp:attachment":[{"href":"https:\/\/begamer.cz\/sk\/wp-json\/wp\/v2\/media?parent=93545"}],"wp:term":[{"taxonomy":"product_brand","embeddable":true,"href":"https:\/\/begamer.cz\/sk\/wp-json\/wp\/v2\/product_brand?post=93545"},{"taxonomy":"product_cat","embeddable":true,"href":"https:\/\/begamer.cz\/sk\/wp-json\/wp\/v2\/product_cat?post=93545"},{"taxonomy":"product_tag","embeddable":true,"href":"https:\/\/begamer.cz\/sk\/wp-json\/wp\/v2\/product_tag?post=93545"}],"curies":[{"name":"wp","href":"https:\/\/api.w.org\/{rel}","templated":true}]}}