{"id":93500,"date":"2026-01-30T15:46:56","date_gmt":"2026-01-30T14:46:56","guid":{"rendered":"https:\/\/begamer.cz\/produkt\/the-sims-4-cats-dogs-sk\/"},"modified":"2026-03-18T02:28:29","modified_gmt":"2026-03-18T01:28:29","slug":"the-sims-4-cats-dogs-sk","status":"publish","type":"product","link":"https:\/\/begamer.cz\/sk\/produkt\/the-sims-4-cats-dogs-sk\/","title":{"rendered":"The Sims 4: Cats & Dogs"},"content":{"rendered":"<h1>O hre<\/h1>\n<p>Vytvorte r\u00f4zne ma\u010dky a psy, pridajte ich do domovov svojich Sim\u00edkov, aby ste nav\u017edy zmenili ich \u017eivoty, a starajte sa o dom\u00e1ce zvierat\u00e1 v susedstve ako veterin\u00e1r v hre The Sims\u2122 4 Cats &amp; Dogs. Nov\u00fd v\u00fdkonn\u00fd n\u00e1stroj Create A Pet v\u00e1m umo\u017e\u0148uje personalizova\u0165 ma\u010dky a psy, z ktor\u00fdch ka\u017ed\u00fd m\u00e1 svoj vlastn\u00fd jedine\u010dn\u00fd vzh\u013ead, odli\u0161n\u00e9 spr\u00e1vanie a \u2013 po prv\u00fdkr\u00e1t \u2013 v\u00fdrazn\u00e9 oble\u010denie! T\u00edto \u00fa\u017easn\u00ed celo\u017eivotn\u00ed spolo\u010dn\u00edci zmenia \u017eivoty va\u0161ich Sim\u00edkov nov\u00fdmi a \u0161peci\u00e1lnymi sp\u00f4sobmi. Lie\u010dte zvieracie choroby ako veterin\u00e1r a prev\u00e1dzkujte svoju vlastn\u00fa kliniku v kr\u00e1snom pobre\u017enom svete, kde je pre va\u0161ich Sim\u00edkov a ich dom\u00e1ce zvierat\u00e1 to\u013eko vec\u00ed na objavovanie.<\/p>\n<p><strong>K\u013e\u00fa\u010dov\u00e9 vlastnosti<\/strong><\/p>\n<ul class=\"bb_ul\">\n<li><strong>Vytvorte ma\u010dky a psov<\/strong> \u2013 Pou\u017eite v\u00fdkonn\u00fd n\u00e1stroj Create A Pet na prisp\u00f4sobenie dokonal\u00fdch ma\u010diek, psov, \u0161teniatok a ma\u010diatok va\u0161ich Sim\u00edkov. Vyberte si z r\u00f4znych plemien, dajte im odli\u0161n\u00e9 osobnosti a priamo manipulujte s ich vlastnos\u0165ami. Jednoducho prisp\u00f4sobte ich srs\u0165 jedine\u010dn\u00fdmi vzormi a vytvorte si dom\u00e1ce zvierat\u00e1 ako v re\u00e1lnom \u017eivote, zvierat\u00e1 zo svojich snov alebo nie\u010do e\u0161te fantazijnej\u0161ie. Po prv\u00fdkr\u00e1t m\u00f4\u017eete ich vzh\u013ead doplni\u0165 v\u00fdrazn\u00fdmi odevmi a doplnkami.\n<\/li>\n<li><strong>Vytvorte si puto so svojimi dom\u00e1cimi zvieratami<\/strong> \u2013 Za\u017eite spolo\u010dn\u00edctvo a z\u00e1bavu, ktor\u00fa va\u0161im Sim\u00edkom prin\u00e1\u0161aj\u00fa ich chlpat\u00ed priatelia. Ma\u010dky a psy maj\u00fa vlastn\u00fa myse\u013e a na z\u00e1klade ka\u017edodenn\u00fdch interakci\u00ed vytv\u00e1raj\u00fa so Sim\u00edkmi \u0161peci\u00e1lne vz\u0165ahy. Va\u0161i Sim\u00edci sa staraj\u00fa o svoje dom\u00e1ce zvierat\u00e1, tr\u00e9nuj\u00fa ich a hraj\u00fa sa s nimi, pri\u010dom v\u0161etky vykazuj\u00fa odli\u0161n\u00e9 a niekedy bizarn\u00e9 spr\u00e1vanie zvierat.\n<\/li>\n<li><strong>Sta\u0148te sa veterin\u00e1rom a prev\u00e1dzkujte kliniku<\/strong> \u2013 Postavte veterin\u00e1rnu kliniku, najmite oddan\u00fd person\u00e1l a rozv\u00edjajte svoju kari\u00e9ru ako najs\u013eubnej\u0161\u00ed veterin\u00e1r v meste. M\u00e1te pod kontrolou ka\u017edodenn\u00e9 oper\u00e1cie, od pon\u00fakan\u00fdch slu\u017eieb a\u017e po ceny. Va\u0161i Sim\u00edci m\u00f4\u017eu diagnostikova\u0165 a lie\u010di\u0165 dom\u00e1ce zvierat\u00e1 pomocou kritick\u00fdch oper\u00e1ci\u00ed alebo lie\u010di\u0165 blchy a in\u00e9 ochorenia jednoduch\u00fdmi liekmi.\n<\/li>\n<li><strong>Presk\u00famajte Brindleton Bay<\/strong> \u2013 Objavte pobre\u017eie Brindleton Bay, nov\u00fd svet, kde va\u0161i Sim\u00edci a ich dom\u00e1ce zvierat\u00e1 m\u00f4\u017eu \u017ei\u0165 a u\u017e\u00edva\u0165 si outdoorov\u00e9 aktivity. Hrajte sa na aportovanie v bl\u00edzkosti pr\u00edstavn\u00fdch dokov, prejdite sa k maj\u00e1ku alebo nav\u0161t\u00edvte park, kde si m\u00f4\u017eete postavi\u0165 prek\u00e1\u017ekov\u00fa dr\u00e1hu a stretn\u00fa\u0165 sa s in\u00fdmi miestnymi milovn\u00edkmi zvierat. D\u00e1vajte pozor na t\u00falav\u00e9 dom\u00e1ce zvierat\u00e1, ktor\u00e9 va\u0161i Sim\u00edci m\u00f4\u017eu prija\u0165 za svoje.<\/li>\n<\/ul>\n","protected":false},"excerpt":{"rendered":"<p>Vytvorte r\u00f4zne ma\u010dky a psy, pridajte ich do domovov svojich Sim\u00edkov, aby ste nav\u017edy zmenili ich \u017eivoty, a starajte sa o dom\u00e1ce zvierat\u00e1 v susedstve ako veterin\u00e1r s The Sims\u2122 4 Cats &amp; Dogs*.<\/p>\n","protected":false},"featured_media":7415,"comment_status":"open","ping_status":"closed","template":"","meta":{"_acf_changed":false},"product_brand":[],"product_cat":[280,9070,268,266,308,314],"product_tag":[],"class_list":{"0":"post-93500","1":"product","2":"type-product","3":"status-publish","4":"has-post-thumbnail","6":"product_cat-dobrodruzne-pc-hry-sk","7":"product_cat-ea-app","8":"product_cat-pc-sk","9":"product_cat-pc-hry-sk","10":"product_cat-rpg-pc-hry-sk","11":"product_cat-simulatory-pc-hry-sk","12":"pa_countries-ad","13":"pa_countries-ae","14":"pa_countries-af","15":"pa_countries-ag","16":"pa_countries-ai","17":"pa_countries-al","18":"pa_countries-am","19":"pa_countries-ao","20":"pa_countries-aq","21":"pa_countries-ar","22":"pa_countries-as","23":"pa_countries-at","24":"pa_countries-au","25":"pa_countries-aw","26":"pa_countries-ax","27":"pa_countries-az","28":"pa_countries-ba","29":"pa_countries-bb","30":"pa_countries-bd","31":"pa_countries-be","32":"pa_countries-bf","33":"pa_countries-bg","34":"pa_countries-bh","35":"pa_countries-bi","36":"pa_countries-bj","37":"pa_countries-bl","38":"pa_countries-bm","39":"pa_countries-bn","40":"pa_countries-bo","41":"pa_countries-bq","42":"pa_countries-br","43":"pa_countries-bs","44":"pa_countries-bt","45":"pa_countries-bv","46":"pa_countries-bw","47":"pa_countries-bz","48":"pa_countries-ca","49":"pa_countries-cc","50":"pa_countries-cd","51":"pa_countries-cf","52":"pa_countries-cg","53":"pa_countries-ch","54":"pa_countries-ci","55":"pa_countries-ck","56":"pa_countries-cl","57":"pa_countries-cm","58":"pa_countries-cn","59":"pa_countries-co","60":"pa_countries-cr","61":"pa_countries-cu","62":"pa_countries-cv","63":"pa_countries-cw","64":"pa_countries-cx","65":"pa_countries-cy","66":"pa_countries-cz","67":"pa_countries-de","68":"pa_countries-dj","69":"pa_countries-dk","70":"pa_countries-dm","71":"pa_countries-do","72":"pa_countries-dz","73":"pa_countries-ec","74":"pa_countries-ee","75":"pa_countries-eg","76":"pa_countries-eh","77":"pa_countries-er","78":"pa_countries-es","79":"pa_countries-et","80":"pa_countries-fi","81":"pa_countries-fj","82":"pa_countries-fk","83":"pa_countries-fm","84":"pa_countries-fo","85":"pa_countries-fr","86":"pa_countries-ga","87":"pa_countries-gb","88":"pa_countries-gd","89":"pa_countries-ge","90":"pa_countries-gf","91":"pa_countries-gg","92":"pa_countries-gh","93":"pa_countries-gi","94":"pa_countries-gl","95":"pa_countries-gm","96":"pa_countries-gn","97":"pa_countries-gp","98":"pa_countries-gq","99":"pa_countries-gr","100":"pa_countries-gs","101":"pa_countries-gt","102":"pa_countries-gu","103":"pa_countries-gw","104":"pa_countries-gy","105":"pa_countries-hk","106":"pa_countries-hm","107":"pa_countries-hn","108":"pa_countries-hr","109":"pa_countries-ht","110":"pa_countries-hu","111":"pa_countries-id","112":"pa_countries-ie","113":"pa_countries-il","114":"pa_countries-im","115":"pa_countries-in","116":"pa_countries-io","117":"pa_countries-iq","118":"pa_countries-ir","119":"pa_countries-is","120":"pa_countries-it","121":"pa_countries-je","122":"pa_countries-jm","123":"pa_countries-jo","124":"pa_countries-jp","125":"pa_countries-ke","126":"pa_countries-kg","127":"pa_countries-kh","128":"pa_countries-ki","129":"pa_countries-km","130":"pa_countries-kn","131":"pa_countries-kp","132":"pa_countries-kr","133":"pa_countries-kw","134":"pa_countries-ky","135":"pa_countries-kz","136":"pa_countries-la","137":"pa_countries-lb","138":"pa_countries-lc","139":"pa_countries-li","140":"pa_countries-lk","141":"pa_countries-lr","142":"pa_countries-ls","143":"pa_countries-lt","144":"pa_countries-lu","145":"pa_countries-lv","146":"pa_countries-ly","147":"pa_countries-ma","148":"pa_countries-mc","149":"pa_countries-md","150":"pa_countries-me","151":"pa_countries-mf","152":"pa_countries-mg","153":"pa_countries-mh","154":"pa_countries-mk","155":"pa_countries-ml","156":"pa_countries-mm","157":"pa_countries-mn","158":"pa_countries-mo","159":"pa_countries-mp","160":"pa_countries-mq","161":"pa_countries-mr","162":"pa_countries-ms","163":"pa_countries-mt","164":"pa_countries-mu","165":"pa_countries-mv","166":"pa_countries-mw","167":"pa_countries-mx","168":"pa_countries-my","169":"pa_countries-mz","170":"pa_countries-na","171":"pa_countries-nc","172":"pa_countries-ne","173":"pa_countries-nf","174":"pa_countries-ng","175":"pa_countries-ni","176":"pa_countries-nl","177":"pa_countries-no","178":"pa_countries-np","179":"pa_countries-nr","180":"pa_countries-nu","181":"pa_countries-nz","182":"pa_countries-om","183":"pa_countries-pa","184":"pa_countries-pe","185":"pa_countries-pf","186":"pa_countries-pg","187":"pa_countries-ph","188":"pa_countries-pk","189":"pa_countries-pl","190":"pa_countries-pm","191":"pa_countries-pn","192":"pa_countries-pr","193":"pa_countries-ps","194":"pa_countries-pt","195":"pa_countries-pw","196":"pa_countries-py","197":"pa_countries-qa","198":"pa_countries-re","199":"pa_countries-ro","200":"pa_countries-rs","201":"pa_countries-rw","202":"pa_countries-sa","203":"pa_countries-sb","204":"pa_countries-sc","205":"pa_countries-sd","206":"pa_countries-se","207":"pa_countries-sg","208":"pa_countries-sh","209":"pa_countries-si","210":"pa_countries-sj","211":"pa_countries-sk","212":"pa_countries-sl","213":"pa_countries-sm","214":"pa_countries-sn","215":"pa_countries-so","216":"pa_countries-sr","217":"pa_countries-ss","219":"pa_countries-st","220":"pa_countries-sv","221":"pa_countries-sx","222":"pa_countries-sy","223":"pa_countries-sz","224":"pa_countries-tc","225":"pa_countries-td","226":"pa_countries-tf","227":"pa_countries-tg","228":"pa_countries-th","229":"pa_countries-tj","230":"pa_countries-tk","231":"pa_countries-tl","232":"pa_countries-tm","233":"pa_countries-tn","234":"pa_countries-to","235":"pa_countries-tr","236":"pa_countries-tt","237":"pa_countries-tv","238":"pa_countries-tw","239":"pa_countries-tz","240":"pa_countries-ua","241":"pa_countries-ug","242":"pa_countries-um","243":"pa_countries-us","244":"pa_countries-uy","245":"pa_countries-uz","246":"pa_countries-va","247":"pa_countries-vc","248":"pa_countries-ve","249":"pa_countries-vg","250":"pa_countries-vi","251":"pa_countries-vn","252":"pa_countries-vu","253":"pa_countries-wf","254":"pa_countries-ws","255":"pa_countries-xk","257":"pa_countries-ye","258":"pa_countries-yt","259":"pa_countries-za","260":"pa_countries-zm","261":"pa_countries-zw","262":"pa_developer-maxis","264":"pa_engine-smartsim","266":"pa_franchises-the-sims","268":"pa_game_type-expansion","270":"pa_genres-adventure","272":"pa_genres-role-playing-rpg","274":"pa_genres-simulator","275":"pa_interface-cs-cz","276":"pa_interface-da-dk","277":"pa_interface-de-de","278":"pa_interface-en-us","279":"pa_interface-es-es","280":"pa_interface-fi-fi","282":"pa_interface-fr-fr","283":"pa_interface-it-it","284":"pa_interface-ja-jp","285":"pa_interface-ko-kr","286":"pa_interface-nb-no","288":"pa_interface-nl-nl","289":"pa_interface-pl-pl","290":"pa_interface-pt-br","291":"pa_interface-ru-ru","292":"pa_interface-sv-se","293":"pa_interface-zh-cn","294":"pa_interface-zh-tw","295":"pa_keywords-animals","296":"pa_keywords-building","297":"pa_keywords-cartoony","298":"pa_keywords-casual","299":"pa_keywords-cat","300":"pa_keywords-cats","301":"pa_keywords-character-customization","302":"pa_keywords-cute","303":"pa_keywords-dog","304":"pa_keywords-family-friendly","305":"pa_keywords-funny","306":"pa_keywords-immersive","308":"pa_keywords-lgbtq","310":"pa_keywords-life-simulation","311":"pa_keywords-realism","312":"pa_keywords-relaxing","313":"pa_modes-single-player","315":"pa_pegi-927","316":"pa_pegi-13428","317":"pa_platform-ea-app","319":"pa_player_perspectives-bird-view-isometric","321":"pa_player_perspectives-first-person","323":"pa_player_perspectives-third-person","324":"pa_publisher-electronic-arts","326":"pa_rating-14441","327":"pa_rating-773","328":"pa_region-global","330":"pa_themes-comedy","332":"pa_themes-fantasy","333":"pa_themes-romance","335":"pa_themes-sandbox","337":"first","338":"instock","339":"virtual","340":"taxable","341":"purchasable","342":"product-type-simple"},"yoast_head":"<!-- This site is optimized with the Yoast SEO plugin v27.3 - https:\/\/yoast.com\/product\/yoast-seo-wordpress\/ -->\n<title>The Sims 4: Cats &amp; Dogs | BeGamer.cz<\/title>\n<meta name=\"robots\" content=\"index, follow, max-snippet:-1, max-image-preview:large, max-video-preview:-1\" \/>\n<link rel=\"canonical\" href=\"https:\/\/begamer.cz\/sk\/produkt\/the-sims-4-cats-dogs-sk\/\" \/>\n<meta property=\"og:locale\" content=\"sk_SK\" \/>\n<meta property=\"og:type\" content=\"article\" \/>\n<meta property=\"og:title\" content=\"The Sims 4: Cats &amp; Dogs | BeGamer.cz\" \/>\n<meta property=\"og:description\" content=\"Vytvorte r\u00f4zne ma\u010dky a psy, pridajte ich do domovov svojich Sim\u00edkov, aby ste nav\u017edy zmenili ich \u017eivoty, a starajte sa o dom\u00e1ce zvierat\u00e1 v susedstve ako veterin\u00e1r s The Sims\u2122 4 Cats &amp; Dogs*.\" \/>\n<meta property=\"og:url\" content=\"https:\/\/begamer.cz\/sk\/produkt\/the-sims-4-cats-dogs-sk\/\" \/>\n<meta property=\"og:site_name\" content=\"BeGamer.cz\" \/>\n<meta property=\"article:modified_time\" content=\"2026-03-18T01:28:29+00:00\" \/>\n<meta property=\"og:image\" content=\"https:\/\/begamer.cz\/wp-content\/uploads\/2026\/01\/the-sims-4-cats-and-dogs-10.webp\" \/>\n\t<meta property=\"og:image:width\" content=\"300\" \/>\n\t<meta property=\"og:image:height\" content=\"400\" \/>\n\t<meta property=\"og:image:type\" content=\"image\/webp\" \/>\n<meta name=\"twitter:card\" content=\"summary_large_image\" \/>\n<meta name=\"twitter:label1\" content=\"Predpokladan\u00fd \u010das \u010d\u00edtania\" \/>\n\t<meta name=\"twitter:data1\" content=\"2 min\u00faty\" \/>\n<script type=\"application\/ld+json\" class=\"yoast-schema-graph\">{\"@context\":\"https:\\\/\\\/schema.org\",\"@graph\":[{\"@type\":\"WebPage\",\"@id\":\"https:\\\/\\\/begamer.cz\\\/sk\\\/produkt\\\/the-sims-4-cats-dogs-sk\\\/\",\"url\":\"https:\\\/\\\/begamer.cz\\\/sk\\\/produkt\\\/the-sims-4-cats-dogs-sk\\\/\",\"name\":\"The Sims 4: Cats & Dogs | BeGamer.cz\",\"isPartOf\":{\"@id\":\"https:\\\/\\\/begamer.cz\\\/sk\\\/#website\"},\"primaryImageOfPage\":{\"@id\":\"https:\\\/\\\/begamer.cz\\\/sk\\\/produkt\\\/the-sims-4-cats-dogs-sk\\\/#primaryimage\"},\"image\":{\"@id\":\"https:\\\/\\\/begamer.cz\\\/sk\\\/produkt\\\/the-sims-4-cats-dogs-sk\\\/#primaryimage\"},\"thumbnailUrl\":\"https:\\\/\\\/begamer.cz\\\/wp-content\\\/uploads\\\/2026\\\/01\\\/the-sims-4-cats-and-dogs-10.webp\",\"datePublished\":\"2026-01-30T14:46:56+00:00\",\"dateModified\":\"2026-03-18T01:28:29+00:00\",\"breadcrumb\":{\"@id\":\"https:\\\/\\\/begamer.cz\\\/sk\\\/produkt\\\/the-sims-4-cats-dogs-sk\\\/#breadcrumb\"},\"inLanguage\":\"sk-SK\",\"potentialAction\":[{\"@type\":\"ReadAction\",\"target\":[\"https:\\\/\\\/begamer.cz\\\/sk\\\/produkt\\\/the-sims-4-cats-dogs-sk\\\/\"]}]},{\"@type\":\"ImageObject\",\"inLanguage\":\"sk-SK\",\"@id\":\"https:\\\/\\\/begamer.cz\\\/sk\\\/produkt\\\/the-sims-4-cats-dogs-sk\\\/#primaryimage\",\"url\":\"https:\\\/\\\/begamer.cz\\\/wp-content\\\/uploads\\\/2026\\\/01\\\/the-sims-4-cats-and-dogs-10.webp\",\"contentUrl\":\"https:\\\/\\\/begamer.cz\\\/wp-content\\\/uploads\\\/2026\\\/01\\\/the-sims-4-cats-and-dogs-10.webp\",\"width\":300,\"height\":400},{\"@type\":\"BreadcrumbList\",\"@id\":\"https:\\\/\\\/begamer.cz\\\/sk\\\/produkt\\\/the-sims-4-cats-dogs-sk\\\/#breadcrumb\",\"itemListElement\":[{\"@type\":\"ListItem\",\"position\":1,\"name\":\"Domov\",\"item\":\"https:\\\/\\\/begamer.cz\\\/sk\\\/\"},{\"@type\":\"ListItem\",\"position\":2,\"name\":\"Obchod\",\"item\":\"https:\\\/\\\/begamer.cz\\\/obchod\\\/\"},{\"@type\":\"ListItem\",\"position\":3,\"name\":\"The Sims 4: Cats & Dogs\"}]},{\"@type\":\"WebSite\",\"@id\":\"https:\\\/\\\/begamer.cz\\\/sk\\\/#website\",\"url\":\"https:\\\/\\\/begamer.cz\\\/sk\\\/\",\"name\":\"BeGamer.cz\",\"description\":\"\",\"publisher\":{\"@id\":\"https:\\\/\\\/begamer.cz\\\/sk\\\/#organization\"},\"potentialAction\":[{\"@type\":\"SearchAction\",\"target\":{\"@type\":\"EntryPoint\",\"urlTemplate\":\"https:\\\/\\\/begamer.cz\\\/sk\\\/?s={search_term_string}\"},\"query-input\":{\"@type\":\"PropertyValueSpecification\",\"valueRequired\":true,\"valueName\":\"search_term_string\"}}],\"inLanguage\":\"sk-SK\"},{\"@type\":\"Organization\",\"@id\":\"https:\\\/\\\/begamer.cz\\\/sk\\\/#organization\",\"name\":\"BeGamer.cz\",\"url\":\"https:\\\/\\\/begamer.cz\\\/sk\\\/\",\"logo\":{\"@type\":\"ImageObject\",\"inLanguage\":\"sk-SK\",\"@id\":\"https:\\\/\\\/begamer.cz\\\/sk\\\/#\\\/schema\\\/logo\\\/image\\\/\",\"url\":\"https:\\\/\\\/begamer.cz\\\/wp-content\\\/uploads\\\/2025\\\/07\\\/logo.svg\",\"contentUrl\":\"https:\\\/\\\/begamer.cz\\\/wp-content\\\/uploads\\\/2025\\\/07\\\/logo.svg\",\"caption\":\"BeGamer.cz\"},\"image\":{\"@id\":\"https:\\\/\\\/begamer.cz\\\/sk\\\/#\\\/schema\\\/logo\\\/image\\\/\"}}]}<\/script>\n<!-- \/ Yoast SEO plugin. -->","yoast_head_json":{"title":"The Sims 4: Cats & Dogs | BeGamer.cz","robots":{"index":"index","follow":"follow","max-snippet":"max-snippet:-1","max-image-preview":"max-image-preview:large","max-video-preview":"max-video-preview:-1"},"canonical":"https:\/\/begamer.cz\/sk\/produkt\/the-sims-4-cats-dogs-sk\/","og_locale":"sk_SK","og_type":"article","og_title":"The Sims 4: Cats & Dogs | BeGamer.cz","og_description":"Vytvorte r\u00f4zne ma\u010dky a psy, pridajte ich do domovov svojich Sim\u00edkov, aby ste nav\u017edy zmenili ich \u017eivoty, a starajte sa o dom\u00e1ce zvierat\u00e1 v susedstve ako veterin\u00e1r s The Sims\u2122 4 Cats &amp; Dogs*.","og_url":"https:\/\/begamer.cz\/sk\/produkt\/the-sims-4-cats-dogs-sk\/","og_site_name":"BeGamer.cz","article_modified_time":"2026-03-18T01:28:29+00:00","og_image":[{"width":300,"height":400,"url":"https:\/\/begamer.cz\/wp-content\/uploads\/2026\/01\/the-sims-4-cats-and-dogs-10.webp","type":"image\/webp"}],"twitter_card":"summary_large_image","twitter_misc":{"Predpokladan\u00fd \u010das \u010d\u00edtania":"2 min\u00faty"},"schema":{"@context":"https:\/\/schema.org","@graph":[{"@type":"WebPage","@id":"https:\/\/begamer.cz\/sk\/produkt\/the-sims-4-cats-dogs-sk\/","url":"https:\/\/begamer.cz\/sk\/produkt\/the-sims-4-cats-dogs-sk\/","name":"The Sims 4: Cats & Dogs | BeGamer.cz","isPartOf":{"@id":"https:\/\/begamer.cz\/sk\/#website"},"primaryImageOfPage":{"@id":"https:\/\/begamer.cz\/sk\/produkt\/the-sims-4-cats-dogs-sk\/#primaryimage"},"image":{"@id":"https:\/\/begamer.cz\/sk\/produkt\/the-sims-4-cats-dogs-sk\/#primaryimage"},"thumbnailUrl":"https:\/\/begamer.cz\/wp-content\/uploads\/2026\/01\/the-sims-4-cats-and-dogs-10.webp","datePublished":"2026-01-30T14:46:56+00:00","dateModified":"2026-03-18T01:28:29+00:00","breadcrumb":{"@id":"https:\/\/begamer.cz\/sk\/produkt\/the-sims-4-cats-dogs-sk\/#breadcrumb"},"inLanguage":"sk-SK","potentialAction":[{"@type":"ReadAction","target":["https:\/\/begamer.cz\/sk\/produkt\/the-sims-4-cats-dogs-sk\/"]}]},{"@type":"ImageObject","inLanguage":"sk-SK","@id":"https:\/\/begamer.cz\/sk\/produkt\/the-sims-4-cats-dogs-sk\/#primaryimage","url":"https:\/\/begamer.cz\/wp-content\/uploads\/2026\/01\/the-sims-4-cats-and-dogs-10.webp","contentUrl":"https:\/\/begamer.cz\/wp-content\/uploads\/2026\/01\/the-sims-4-cats-and-dogs-10.webp","width":300,"height":400},{"@type":"BreadcrumbList","@id":"https:\/\/begamer.cz\/sk\/produkt\/the-sims-4-cats-dogs-sk\/#breadcrumb","itemListElement":[{"@type":"ListItem","position":1,"name":"Domov","item":"https:\/\/begamer.cz\/sk\/"},{"@type":"ListItem","position":2,"name":"Obchod","item":"https:\/\/begamer.cz\/obchod\/"},{"@type":"ListItem","position":3,"name":"The Sims 4: Cats & Dogs"}]},{"@type":"WebSite","@id":"https:\/\/begamer.cz\/sk\/#website","url":"https:\/\/begamer.cz\/sk\/","name":"BeGamer.cz","description":"","publisher":{"@id":"https:\/\/begamer.cz\/sk\/#organization"},"potentialAction":[{"@type":"SearchAction","target":{"@type":"EntryPoint","urlTemplate":"https:\/\/begamer.cz\/sk\/?s={search_term_string}"},"query-input":{"@type":"PropertyValueSpecification","valueRequired":true,"valueName":"search_term_string"}}],"inLanguage":"sk-SK"},{"@type":"Organization","@id":"https:\/\/begamer.cz\/sk\/#organization","name":"BeGamer.cz","url":"https:\/\/begamer.cz\/sk\/","logo":{"@type":"ImageObject","inLanguage":"sk-SK","@id":"https:\/\/begamer.cz\/sk\/#\/schema\/logo\/image\/","url":"https:\/\/begamer.cz\/wp-content\/uploads\/2025\/07\/logo.svg","contentUrl":"https:\/\/begamer.cz\/wp-content\/uploads\/2025\/07\/logo.svg","caption":"BeGamer.cz"},"image":{"@id":"https:\/\/begamer.cz\/sk\/#\/schema\/logo\/image\/"}}]}},"acf":[],"_links":{"self":[{"href":"https:\/\/begamer.cz\/sk\/wp-json\/wp\/v2\/product\/93500","targetHints":{"allow":["GET"]}}],"collection":[{"href":"https:\/\/begamer.cz\/sk\/wp-json\/wp\/v2\/product"}],"about":[{"href":"https:\/\/begamer.cz\/sk\/wp-json\/wp\/v2\/types\/product"}],"replies":[{"embeddable":true,"href":"https:\/\/begamer.cz\/sk\/wp-json\/wp\/v2\/comments?post=93500"}],"wp:featuredmedia":[{"embeddable":true,"href":"https:\/\/begamer.cz\/sk\/wp-json\/wp\/v2\/media\/7415"}],"wp:attachment":[{"href":"https:\/\/begamer.cz\/sk\/wp-json\/wp\/v2\/media?parent=93500"}],"wp:term":[{"taxonomy":"product_brand","embeddable":true,"href":"https:\/\/begamer.cz\/sk\/wp-json\/wp\/v2\/product_brand?post=93500"},{"taxonomy":"product_cat","embeddable":true,"href":"https:\/\/begamer.cz\/sk\/wp-json\/wp\/v2\/product_cat?post=93500"},{"taxonomy":"product_tag","embeddable":true,"href":"https:\/\/begamer.cz\/sk\/wp-json\/wp\/v2\/product_tag?post=93500"}],"curies":[{"name":"wp","href":"https:\/\/api.w.org\/{rel}","templated":true}]}}