{"id":93479,"date":"2026-01-30T15:46:37","date_gmt":"2026-01-30T14:46:37","guid":{"rendered":"https:\/\/begamer.cz\/produkt\/lego-batman-3-beyond-gotham-sk\/"},"modified":"2026-03-18T02:25:23","modified_gmt":"2026-03-18T01:25:23","slug":"lego-batman-3-beyond-gotham-sk","status":"publish","type":"product","link":"https:\/\/begamer.cz\/sk\/produkt\/lego-batman-3-beyond-gotham-sk\/","title":{"rendered":"LEGO Batman 3: Beyond Gotham"},"content":{"rendered":"<p>Najpred\u00e1vanej\u0161ia s\u00e9ria videohier LEGO Batman sa vracia v mimoriadnom dobrodru\u017estve plnom akcie!  V hre LEGO Batman\u2122 3: Beyond Gotham sa Caped Crusader spoj\u00ed so superhrdinami z vesm\u00edru DC Comics a vyraz\u00ed do vesm\u00edru, aby zabr\u00e1nil zl\u00e9mu Brainiacovi zni\u010di\u0165 Zem.  Pomocou sily Lantern Rings Brainiac zmen\u0161uje svety, aby ich pridal do svojej pokrivenej zbierky miniat\u00farnych miest z cel\u00e9ho vesm\u00edru. Teraz sa najv\u00e4\u010d\u0161\u00ed superhrdinovia a najpref\u00edkanej\u0161\u00ed zloduchovia musia spoji\u0165 a vyda\u0165 sa na cestu do r\u00f4znych Lantern Worlds, aby nazbierali Lantern Rings a zastavili Brainiaca, k\u00fdm nie je neskoro.  <\/p>\n<p>\u2022 <strong>Vzru\u0161uj\u00face vesm\u00edrne boje<\/strong> \u2013 Po prv\u00fdkr\u00e1t v hist\u00f3rii bojujte s Batmanom a jeho spojencami vo vesm\u00edre a v r\u00f4znych svetoch Lantern, vr\u00e1tane Zamaronu a Odymu.<br \/>\u2022 Bohat\u00fd v\u00fdber hrdinov a zloduchov z DC Comics \u2013 Hrajte a odomknite viac ako 150 jedine\u010dn\u00fdch post\u00e1v s \u00fa\u017easn\u00fdmi silami a schopnos\u0165ami, vr\u00e1tane \u010dlenov Justice League a ve\u013ek\u00fdch LEGO post\u00e1v, ako s\u00fa Cyborg, Solomon Grundy a \u010fal\u0161\u00ed.<br \/>\u2022 Jedine\u010dn\u00fd pr\u00edbeh s nov\u00fdmi z\u00e1pletkami a zvratmi \u2013 Prekvapiv\u00e9 masky, Brainiacova schopnos\u0165 ovl\u00e1da\u0165 myse\u013e a sila prste\u0148ov Lantern prin\u00e1\u0161aj\u00fa \u00faplne nov\u00fd zvrat post\u00e1vam, ktor\u00e9 ste si mysleli, \u017ee pozn\u00e1te.<br \/>\u2022 Hacknite po\u010d\u00edta\u010dov\u00e9 termin\u00e1ly \u2013 Vst\u00fapte do virtu\u00e1lneho sveta, aby ste unikli z blud\u00edsk, bojovali v ar\u00e9nach a s\u00fa\u0165a\u017eili v h\u013eadan\u00ed k\u00f3du.<br \/>\u2022 Bat-tastic Gadget Wheel \u2013 Jednoduch\u00fdm stla\u010den\u00edm tla\u010didla vyberte a vylep\u0161ite obleky a schopnosti vybran\u00fdch post\u00e1v.<br \/>\u2022 Rozmanitos\u0165 ikonick\u00fdch lokal\u00edt \u2013 Nav\u0161t\u00edvte Hall of Justice, Batcave a Justice League Watchtower, aby ste z\u00edskali pr\u00edstup do obchodov, miestnost\u00ed s trofejami a n\u00e1strojov na prisp\u00f4sobenie hrdinov a vozidiel.<\/p>\n","protected":false},"excerpt":{"rendered":"<p>Caped Crusader spoj\u00ed sily so superhrdinami z vesm\u00edru DC Comics a vyraz\u00ed do vesm\u00edru, aby zabr\u00e1nil zl\u00e9mu Brainiacovi zni\u010di\u0165 Zem.<\/p>\n","protected":false},"featured_media":7223,"comment_status":"open","ping_status":"closed","template":"","meta":{"_acf_changed":false},"product_brand":[],"product_cat":[270,280,294,268,266,312],"product_tag":[],"class_list":{"0":"post-93479","1":"product","2":"type-product","3":"status-publish","4":"has-post-thumbnail","6":"product_cat-adventury-pc-hry-sk","7":"product_cat-dobrodruzne-pc-hry-sk","8":"product_cat-logicke-pc-hry-sk","9":"product_cat-pc-sk","10":"product_cat-pc-hry-sk","11":"product_cat-steam-pc-sk","12":"pa_audio-de-de","13":"pa_audio-en-us","14":"pa_audio-es-es","15":"pa_audio-es-mx","16":"pa_audio-fr-fr","17":"pa_audio-it-it","18":"pa_audio-pt-br","19":"pa_audio-pt-pt","21":"pa_countries-ad","22":"pa_countries-ae","23":"pa_countries-af","24":"pa_countries-ag","25":"pa_countries-ai","26":"pa_countries-al","27":"pa_countries-am","28":"pa_countries-ao","29":"pa_countries-aq","30":"pa_countries-ar","31":"pa_countries-as","32":"pa_countries-at","33":"pa_countries-au","34":"pa_countries-aw","35":"pa_countries-ax","36":"pa_countries-az","37":"pa_countries-ba","38":"pa_countries-bb","39":"pa_countries-bd","40":"pa_countries-be","41":"pa_countries-bf","42":"pa_countries-bg","43":"pa_countries-bh","44":"pa_countries-bi","45":"pa_countries-bj","46":"pa_countries-bl","47":"pa_countries-bm","48":"pa_countries-bn","49":"pa_countries-bo","50":"pa_countries-bq","51":"pa_countries-br","52":"pa_countries-bs","53":"pa_countries-bt","54":"pa_countries-bv","55":"pa_countries-bw","56":"pa_countries-bz","57":"pa_countries-ca","58":"pa_countries-cc","59":"pa_countries-cd","60":"pa_countries-cf","61":"pa_countries-cg","62":"pa_countries-ch","63":"pa_countries-ci","64":"pa_countries-ck","65":"pa_countries-cl","66":"pa_countries-cm","67":"pa_countries-cn","68":"pa_countries-co","69":"pa_countries-cr","70":"pa_countries-cu","71":"pa_countries-cv","72":"pa_countries-cw","73":"pa_countries-cx","74":"pa_countries-cy","75":"pa_countries-cz","76":"pa_countries-de","77":"pa_countries-dj","78":"pa_countries-dk","79":"pa_countries-dm","80":"pa_countries-do","81":"pa_countries-dz","82":"pa_countries-ec","83":"pa_countries-ee","84":"pa_countries-eg","85":"pa_countries-eh","86":"pa_countries-er","87":"pa_countries-es","88":"pa_countries-et","89":"pa_countries-fi","90":"pa_countries-fj","91":"pa_countries-fk","92":"pa_countries-fm","93":"pa_countries-fo","94":"pa_countries-fr","95":"pa_countries-ga","96":"pa_countries-gb","97":"pa_countries-gd","98":"pa_countries-ge","99":"pa_countries-gf","100":"pa_countries-gg","101":"pa_countries-gh","102":"pa_countries-gi","103":"pa_countries-gl","104":"pa_countries-gm","105":"pa_countries-gn","106":"pa_countries-gp","107":"pa_countries-gq","108":"pa_countries-gr","109":"pa_countries-gs","110":"pa_countries-gt","111":"pa_countries-gu","112":"pa_countries-gw","113":"pa_countries-gy","114":"pa_countries-hk","115":"pa_countries-hm","116":"pa_countries-hn","117":"pa_countries-hr","118":"pa_countries-ht","119":"pa_countries-hu","120":"pa_countries-id","121":"pa_countries-ie","122":"pa_countries-il","123":"pa_countries-im","124":"pa_countries-in","125":"pa_countries-io","126":"pa_countries-iq","127":"pa_countries-ir","128":"pa_countries-is","129":"pa_countries-it","130":"pa_countries-je","131":"pa_countries-jm","132":"pa_countries-jo","133":"pa_countries-jp","134":"pa_countries-ke","135":"pa_countries-kg","136":"pa_countries-kh","137":"pa_countries-ki","138":"pa_countries-km","139":"pa_countries-kn","140":"pa_countries-kp","141":"pa_countries-kr","142":"pa_countries-kw","143":"pa_countries-ky","144":"pa_countries-kz","145":"pa_countries-la","146":"pa_countries-lb","147":"pa_countries-lc","148":"pa_countries-li","149":"pa_countries-lk","150":"pa_countries-lr","151":"pa_countries-ls","152":"pa_countries-lt","153":"pa_countries-lu","154":"pa_countries-lv","155":"pa_countries-ly","156":"pa_countries-ma","157":"pa_countries-mc","158":"pa_countries-md","159":"pa_countries-me","160":"pa_countries-mf","161":"pa_countries-mg","162":"pa_countries-mh","163":"pa_countries-mk","164":"pa_countries-ml","165":"pa_countries-mm","166":"pa_countries-mn","167":"pa_countries-mo","168":"pa_countries-mp","169":"pa_countries-mq","170":"pa_countries-mr","171":"pa_countries-ms","172":"pa_countries-mt","173":"pa_countries-mu","174":"pa_countries-mv","175":"pa_countries-mw","176":"pa_countries-mx","177":"pa_countries-my","178":"pa_countries-mz","179":"pa_countries-na","180":"pa_countries-nc","181":"pa_countries-ne","182":"pa_countries-nf","183":"pa_countries-ng","184":"pa_countries-ni","185":"pa_countries-nl","186":"pa_countries-no","187":"pa_countries-np","188":"pa_countries-nr","189":"pa_countries-nu","190":"pa_countries-nz","191":"pa_countries-om","192":"pa_countries-pa","193":"pa_countries-pe","194":"pa_countries-pf","195":"pa_countries-pg","196":"pa_countries-ph","197":"pa_countries-pk","198":"pa_countries-pl","199":"pa_countries-pm","200":"pa_countries-pn","201":"pa_countries-pr","202":"pa_countries-ps","203":"pa_countries-pt","204":"pa_countries-pw","205":"pa_countries-py","206":"pa_countries-qa","207":"pa_countries-re","208":"pa_countries-ro","209":"pa_countries-rs","210":"pa_countries-rw","211":"pa_countries-sa","212":"pa_countries-sb","213":"pa_countries-sc","214":"pa_countries-sd","215":"pa_countries-se","216":"pa_countries-sg","217":"pa_countries-sh","218":"pa_countries-si","219":"pa_countries-sj","220":"pa_countries-sk","221":"pa_countries-sl","222":"pa_countries-sm","223":"pa_countries-sn","224":"pa_countries-so","225":"pa_countries-sr","226":"pa_countries-ss","228":"pa_countries-st","229":"pa_countries-sv","230":"pa_countries-sx","231":"pa_countries-sy","232":"pa_countries-sz","233":"pa_countries-tc","234":"pa_countries-td","235":"pa_countries-tf","236":"pa_countries-tg","237":"pa_countries-th","238":"pa_countries-tj","239":"pa_countries-tk","240":"pa_countries-tl","241":"pa_countries-tm","242":"pa_countries-tn","243":"pa_countries-to","244":"pa_countries-tr","245":"pa_countries-tt","246":"pa_countries-tv","247":"pa_countries-tw","248":"pa_countries-tz","249":"pa_countries-ua","250":"pa_countries-ug","251":"pa_countries-um","252":"pa_countries-us","253":"pa_countries-uy","254":"pa_countries-uz","255":"pa_countries-va","256":"pa_countries-vc","257":"pa_countries-ve","258":"pa_countries-vg","259":"pa_countries-vi","260":"pa_countries-vn","261":"pa_countries-vu","262":"pa_countries-wf","263":"pa_countries-ws","264":"pa_countries-xk","265":"pa_countries-ye","266":"pa_countries-yt","267":"pa_countries-za","268":"pa_countries-zm","269":"pa_countries-zw","270":"pa_developer-travellers-tales","272":"pa_franchises-batman","273":"pa_franchises-dc-comics","274":"pa_franchises-green-lantern","275":"pa_franchises-justice-league","277":"pa_franchises-lego","278":"pa_franchises-superman","279":"pa_franchises-the-flash","280":"pa_franchises-wonder-woman","281":"pa_game_type-main_game","283":"pa_genres-adventure","284":"pa_genres-platform","286":"pa_genres-puzzle","287":"pa_interface-da-dk","288":"pa_interface-de-de","289":"pa_interface-en-us","290":"pa_interface-es-es","291":"pa_interface-es-mx","292":"pa_interface-fr-fr","293":"pa_interface-it-it","294":"pa_interface-nb-no","296":"pa_interface-nl-nl","297":"pa_interface-pl-pl","298":"pa_interface-pt-br","299":"pa_interface-pt-pt","300":"pa_interface-ru-ru","301":"pa_keywords-achievements","302":"pa_keywords-action-adventure","303":"pa_keywords-based-on-brand","304":"pa_keywords-clowns","305":"pa_keywords-comic-book","306":"pa_keywords-digital-distribution","307":"pa_keywords-gamescom-2014","308":"pa_keywords-lego-bricks","309":"pa_keywords-licensed-game","310":"pa_keywords-monkey","311":"pa_keywords-playstation-trophies","313":"pa_keywords-previously-on-xbox-gamepass","314":"pa_keywords-sequel","315":"pa_keywords-superhero","316":"pa_keywords-superman","317":"pa_modes-co-operative","318":"pa_modes-multiplayer","319":"pa_modes-single-player","320":"pa_modes-split-screen","322":"pa_pegi-772","323":"pa_pegi-13424","324":"pa_platform-pc-steam","326":"pa_player_perspectives-third-person","328":"pa_publisher-dc-comics","330":"pa_publisher-wb-games","331":"pa_rating-1093","332":"pa_rating-14476","333":"pa_region-global","335":"pa_subtitles-da-dk","336":"pa_subtitles-de-de","337":"pa_subtitles-en-us","338":"pa_subtitles-es-es","339":"pa_subtitles-es-mx","340":"pa_subtitles-fr-fr","341":"pa_subtitles-it-it","342":"pa_subtitles-nb-no","344":"pa_subtitles-nl-nl","345":"pa_subtitles-pl-pl","346":"pa_subtitles-pt-br","347":"pa_subtitles-pt-pt","348":"pa_subtitles-ru-ru","349":"pa_themes-action","350":"pa_themes-comedy","352":"pa_themes-open-world","353":"pa_themes-science-fiction","355":"first","356":"outofstock","357":"virtual","358":"taxable","359":"purchasable","360":"product-type-simple"},"yoast_head":"<!-- This site is optimized with the Yoast SEO plugin v27.3 - https:\/\/yoast.com\/product\/yoast-seo-wordpress\/ -->\n<title>LEGO Batman 3: Beyond Gotham | BeGamer.cz<\/title>\n<meta name=\"robots\" content=\"index, follow, max-snippet:-1, max-image-preview:large, max-video-preview:-1\" \/>\n<link rel=\"canonical\" href=\"https:\/\/begamer.cz\/sk\/produkt\/lego-batman-3-beyond-gotham-sk\/\" \/>\n<meta property=\"og:locale\" content=\"sk_SK\" \/>\n<meta property=\"og:type\" content=\"article\" \/>\n<meta property=\"og:title\" content=\"LEGO Batman 3: Beyond Gotham | BeGamer.cz\" \/>\n<meta property=\"og:description\" content=\"Caped Crusader spoj\u00ed sily so superhrdinami z vesm\u00edru DC Comics a vyraz\u00ed do vesm\u00edru, aby zabr\u00e1nil zl\u00e9mu Brainiacovi zni\u010di\u0165 Zem.\" \/>\n<meta property=\"og:url\" content=\"https:\/\/begamer.cz\/sk\/produkt\/lego-batman-3-beyond-gotham-sk\/\" \/>\n<meta property=\"og:site_name\" content=\"BeGamer.cz\" \/>\n<meta property=\"article:modified_time\" content=\"2026-03-18T01:25:23+00:00\" \/>\n<meta property=\"og:image\" content=\"https:\/\/begamer.cz\/wp-content\/uploads\/2026\/01\/lego-batman-3-beyond-gotham-12.webp\" \/>\n\t<meta property=\"og:image:width\" content=\"300\" \/>\n\t<meta property=\"og:image:height\" content=\"400\" \/>\n\t<meta property=\"og:image:type\" content=\"image\/webp\" \/>\n<meta name=\"twitter:card\" content=\"summary_large_image\" \/>\n<meta name=\"twitter:label1\" content=\"Predpokladan\u00fd \u010das \u010d\u00edtania\" \/>\n\t<meta name=\"twitter:data1\" content=\"2 min\u00faty\" \/>\n<script type=\"application\/ld+json\" class=\"yoast-schema-graph\">{\"@context\":\"https:\\\/\\\/schema.org\",\"@graph\":[{\"@type\":\"WebPage\",\"@id\":\"https:\\\/\\\/begamer.cz\\\/sk\\\/produkt\\\/lego-batman-3-beyond-gotham-sk\\\/\",\"url\":\"https:\\\/\\\/begamer.cz\\\/sk\\\/produkt\\\/lego-batman-3-beyond-gotham-sk\\\/\",\"name\":\"LEGO Batman 3: Beyond Gotham | BeGamer.cz\",\"isPartOf\":{\"@id\":\"https:\\\/\\\/begamer.cz\\\/sk\\\/#website\"},\"primaryImageOfPage\":{\"@id\":\"https:\\\/\\\/begamer.cz\\\/sk\\\/produkt\\\/lego-batman-3-beyond-gotham-sk\\\/#primaryimage\"},\"image\":{\"@id\":\"https:\\\/\\\/begamer.cz\\\/sk\\\/produkt\\\/lego-batman-3-beyond-gotham-sk\\\/#primaryimage\"},\"thumbnailUrl\":\"https:\\\/\\\/begamer.cz\\\/wp-content\\\/uploads\\\/2026\\\/01\\\/lego-batman-3-beyond-gotham-12.webp\",\"datePublished\":\"2026-01-30T14:46:37+00:00\",\"dateModified\":\"2026-03-18T01:25:23+00:00\",\"breadcrumb\":{\"@id\":\"https:\\\/\\\/begamer.cz\\\/sk\\\/produkt\\\/lego-batman-3-beyond-gotham-sk\\\/#breadcrumb\"},\"inLanguage\":\"sk-SK\",\"potentialAction\":[{\"@type\":\"ReadAction\",\"target\":[\"https:\\\/\\\/begamer.cz\\\/sk\\\/produkt\\\/lego-batman-3-beyond-gotham-sk\\\/\"]}]},{\"@type\":\"ImageObject\",\"inLanguage\":\"sk-SK\",\"@id\":\"https:\\\/\\\/begamer.cz\\\/sk\\\/produkt\\\/lego-batman-3-beyond-gotham-sk\\\/#primaryimage\",\"url\":\"https:\\\/\\\/begamer.cz\\\/wp-content\\\/uploads\\\/2026\\\/01\\\/lego-batman-3-beyond-gotham-12.webp\",\"contentUrl\":\"https:\\\/\\\/begamer.cz\\\/wp-content\\\/uploads\\\/2026\\\/01\\\/lego-batman-3-beyond-gotham-12.webp\",\"width\":300,\"height\":400},{\"@type\":\"BreadcrumbList\",\"@id\":\"https:\\\/\\\/begamer.cz\\\/sk\\\/produkt\\\/lego-batman-3-beyond-gotham-sk\\\/#breadcrumb\",\"itemListElement\":[{\"@type\":\"ListItem\",\"position\":1,\"name\":\"Domov\",\"item\":\"https:\\\/\\\/begamer.cz\\\/sk\\\/\"},{\"@type\":\"ListItem\",\"position\":2,\"name\":\"Obchod\",\"item\":\"https:\\\/\\\/begamer.cz\\\/obchod\\\/\"},{\"@type\":\"ListItem\",\"position\":3,\"name\":\"LEGO Batman 3: Beyond Gotham\"}]},{\"@type\":\"WebSite\",\"@id\":\"https:\\\/\\\/begamer.cz\\\/sk\\\/#website\",\"url\":\"https:\\\/\\\/begamer.cz\\\/sk\\\/\",\"name\":\"BeGamer.cz\",\"description\":\"\",\"publisher\":{\"@id\":\"https:\\\/\\\/begamer.cz\\\/sk\\\/#organization\"},\"potentialAction\":[{\"@type\":\"SearchAction\",\"target\":{\"@type\":\"EntryPoint\",\"urlTemplate\":\"https:\\\/\\\/begamer.cz\\\/sk\\\/?s={search_term_string}\"},\"query-input\":{\"@type\":\"PropertyValueSpecification\",\"valueRequired\":true,\"valueName\":\"search_term_string\"}}],\"inLanguage\":\"sk-SK\"},{\"@type\":\"Organization\",\"@id\":\"https:\\\/\\\/begamer.cz\\\/sk\\\/#organization\",\"name\":\"BeGamer.cz\",\"url\":\"https:\\\/\\\/begamer.cz\\\/sk\\\/\",\"logo\":{\"@type\":\"ImageObject\",\"inLanguage\":\"sk-SK\",\"@id\":\"https:\\\/\\\/begamer.cz\\\/sk\\\/#\\\/schema\\\/logo\\\/image\\\/\",\"url\":\"https:\\\/\\\/begamer.cz\\\/wp-content\\\/uploads\\\/2025\\\/07\\\/logo.svg\",\"contentUrl\":\"https:\\\/\\\/begamer.cz\\\/wp-content\\\/uploads\\\/2025\\\/07\\\/logo.svg\",\"caption\":\"BeGamer.cz\"},\"image\":{\"@id\":\"https:\\\/\\\/begamer.cz\\\/sk\\\/#\\\/schema\\\/logo\\\/image\\\/\"}}]}<\/script>\n<!-- \/ Yoast SEO plugin. -->","yoast_head_json":{"title":"LEGO Batman 3: Beyond Gotham | BeGamer.cz","robots":{"index":"index","follow":"follow","max-snippet":"max-snippet:-1","max-image-preview":"max-image-preview:large","max-video-preview":"max-video-preview:-1"},"canonical":"https:\/\/begamer.cz\/sk\/produkt\/lego-batman-3-beyond-gotham-sk\/","og_locale":"sk_SK","og_type":"article","og_title":"LEGO Batman 3: Beyond Gotham | BeGamer.cz","og_description":"Caped Crusader spoj\u00ed sily so superhrdinami z vesm\u00edru DC Comics a vyraz\u00ed do vesm\u00edru, aby zabr\u00e1nil zl\u00e9mu Brainiacovi zni\u010di\u0165 Zem.","og_url":"https:\/\/begamer.cz\/sk\/produkt\/lego-batman-3-beyond-gotham-sk\/","og_site_name":"BeGamer.cz","article_modified_time":"2026-03-18T01:25:23+00:00","og_image":[{"width":300,"height":400,"url":"https:\/\/begamer.cz\/wp-content\/uploads\/2026\/01\/lego-batman-3-beyond-gotham-12.webp","type":"image\/webp"}],"twitter_card":"summary_large_image","twitter_misc":{"Predpokladan\u00fd \u010das \u010d\u00edtania":"2 min\u00faty"},"schema":{"@context":"https:\/\/schema.org","@graph":[{"@type":"WebPage","@id":"https:\/\/begamer.cz\/sk\/produkt\/lego-batman-3-beyond-gotham-sk\/","url":"https:\/\/begamer.cz\/sk\/produkt\/lego-batman-3-beyond-gotham-sk\/","name":"LEGO Batman 3: Beyond Gotham | BeGamer.cz","isPartOf":{"@id":"https:\/\/begamer.cz\/sk\/#website"},"primaryImageOfPage":{"@id":"https:\/\/begamer.cz\/sk\/produkt\/lego-batman-3-beyond-gotham-sk\/#primaryimage"},"image":{"@id":"https:\/\/begamer.cz\/sk\/produkt\/lego-batman-3-beyond-gotham-sk\/#primaryimage"},"thumbnailUrl":"https:\/\/begamer.cz\/wp-content\/uploads\/2026\/01\/lego-batman-3-beyond-gotham-12.webp","datePublished":"2026-01-30T14:46:37+00:00","dateModified":"2026-03-18T01:25:23+00:00","breadcrumb":{"@id":"https:\/\/begamer.cz\/sk\/produkt\/lego-batman-3-beyond-gotham-sk\/#breadcrumb"},"inLanguage":"sk-SK","potentialAction":[{"@type":"ReadAction","target":["https:\/\/begamer.cz\/sk\/produkt\/lego-batman-3-beyond-gotham-sk\/"]}]},{"@type":"ImageObject","inLanguage":"sk-SK","@id":"https:\/\/begamer.cz\/sk\/produkt\/lego-batman-3-beyond-gotham-sk\/#primaryimage","url":"https:\/\/begamer.cz\/wp-content\/uploads\/2026\/01\/lego-batman-3-beyond-gotham-12.webp","contentUrl":"https:\/\/begamer.cz\/wp-content\/uploads\/2026\/01\/lego-batman-3-beyond-gotham-12.webp","width":300,"height":400},{"@type":"BreadcrumbList","@id":"https:\/\/begamer.cz\/sk\/produkt\/lego-batman-3-beyond-gotham-sk\/#breadcrumb","itemListElement":[{"@type":"ListItem","position":1,"name":"Domov","item":"https:\/\/begamer.cz\/sk\/"},{"@type":"ListItem","position":2,"name":"Obchod","item":"https:\/\/begamer.cz\/obchod\/"},{"@type":"ListItem","position":3,"name":"LEGO Batman 3: Beyond Gotham"}]},{"@type":"WebSite","@id":"https:\/\/begamer.cz\/sk\/#website","url":"https:\/\/begamer.cz\/sk\/","name":"BeGamer.cz","description":"","publisher":{"@id":"https:\/\/begamer.cz\/sk\/#organization"},"potentialAction":[{"@type":"SearchAction","target":{"@type":"EntryPoint","urlTemplate":"https:\/\/begamer.cz\/sk\/?s={search_term_string}"},"query-input":{"@type":"PropertyValueSpecification","valueRequired":true,"valueName":"search_term_string"}}],"inLanguage":"sk-SK"},{"@type":"Organization","@id":"https:\/\/begamer.cz\/sk\/#organization","name":"BeGamer.cz","url":"https:\/\/begamer.cz\/sk\/","logo":{"@type":"ImageObject","inLanguage":"sk-SK","@id":"https:\/\/begamer.cz\/sk\/#\/schema\/logo\/image\/","url":"https:\/\/begamer.cz\/wp-content\/uploads\/2025\/07\/logo.svg","contentUrl":"https:\/\/begamer.cz\/wp-content\/uploads\/2025\/07\/logo.svg","caption":"BeGamer.cz"},"image":{"@id":"https:\/\/begamer.cz\/sk\/#\/schema\/logo\/image\/"}}]}},"acf":[],"_links":{"self":[{"href":"https:\/\/begamer.cz\/sk\/wp-json\/wp\/v2\/product\/93479","targetHints":{"allow":["GET"]}}],"collection":[{"href":"https:\/\/begamer.cz\/sk\/wp-json\/wp\/v2\/product"}],"about":[{"href":"https:\/\/begamer.cz\/sk\/wp-json\/wp\/v2\/types\/product"}],"replies":[{"embeddable":true,"href":"https:\/\/begamer.cz\/sk\/wp-json\/wp\/v2\/comments?post=93479"}],"wp:featuredmedia":[{"embeddable":true,"href":"https:\/\/begamer.cz\/sk\/wp-json\/wp\/v2\/media\/7223"}],"wp:attachment":[{"href":"https:\/\/begamer.cz\/sk\/wp-json\/wp\/v2\/media?parent=93479"}],"wp:term":[{"taxonomy":"product_brand","embeddable":true,"href":"https:\/\/begamer.cz\/sk\/wp-json\/wp\/v2\/product_brand?post=93479"},{"taxonomy":"product_cat","embeddable":true,"href":"https:\/\/begamer.cz\/sk\/wp-json\/wp\/v2\/product_cat?post=93479"},{"taxonomy":"product_tag","embeddable":true,"href":"https:\/\/begamer.cz\/sk\/wp-json\/wp\/v2\/product_tag?post=93479"}],"curies":[{"name":"wp","href":"https:\/\/api.w.org\/{rel}","templated":true}]}}