{"id":93443,"date":"2026-01-30T15:46:02","date_gmt":"2026-01-30T14:46:02","guid":{"rendered":"https:\/\/begamer.cz\/produkt\/pizza-connection-3-sk\/"},"modified":"2026-03-18T02:22:58","modified_gmt":"2026-03-18T01:22:58","slug":"pizza-connection-3-sk","status":"publish","type":"product","link":"https:\/\/begamer.cz\/sk\/produkt\/pizza-connection-3-sk\/","title":{"rendered":"Pizza Connection 3"},"content":{"rendered":"<p><span class=\"bb_img_ctn\"><img decoding=\"async\" class=\"bb_img\" src=\"https:\/\/shared.akamai.steamstatic.com\/store_item_assets\/steam\/apps\/588160\/extras\/f26cc1b0f8eaed7826be5801b6bc4af9.avif?t=1573225375\" width=616 height=108 \/><\/span><\/p>\n<p>Mamma mia&#8230; Dlho o\u010dak\u00e1van\u00e9 pokra\u010dovanie kultovej s\u00e9rie \u201ePizza Connection\u201c sa vracia na PC s e\u0161te v\u00e4\u010d\u0161ou chu\u0165ou a extra syrom.<br \/>Urobte im pizzu, ktor\u00fa nem\u00f4\u017eu odmietnu\u0165!<\/p>\n<p>Okrem osved\u010den\u00fdch z\u00e1kladn\u00fdch ingredienci\u00ed s\u00e9rie pon\u00faka ekonomick\u00e1 simul\u00e1cia Pizza Connection 3 mno\u017estvo nov\u00fdch hor\u00facich pr\u00edsad! Prebojujte sa n\u00e1ro\u010dnou kampa\u0148ou a vypracujte sa z jednoduch\u00e9ho pek\u00e1ra pizze v uliciach R\u00edma na majite\u013ea naj\u00faspe\u0161nej\u0161ej siete pizzeri\u00ed na svete! Pou\u017eite sl\u00e1vny Pizza Creator na vytvorenie vlastn\u00fdch origin\u00e1lnych pizze.<\/p>\n<p>Uk\u00e1\u017ete svojim konkurentom, ako pred\u00e1va\u0165 pizzu, a vytvorte pre svojich z\u00e1kazn\u00edkov jedine\u010dn\u00fd z\u00e1\u017eitok z chuti pri ka\u017edej n\u00e1v\u0161teve jednej z va\u0161ich re\u0161taur\u00e1ci\u00ed. \u010ci tak urob\u00edte prostredn\u00edctvom reklamy zameranej na cie\u013eov\u00fa skupinu a skvel\u00fdch pizz v \u0161t\u00fdlov\u00fdch re\u0161taur\u00e1ci\u00e1ch, alebo balansovan\u00edm na hrane z\u00e1konnosti prostredn\u00edctvom pr\u00edle\u017eitostn\u00e9ho pou\u017e\u00edvania sabot\u00e1\u017ee a n\u00e1silia, je \u00faplne na v\u00e1s.<br \/>Je \u010das op\u00e4\u0165 obohati\u0165 svet chutn\u00fdmi pizzami a redefinova\u0165 dobr\u00fd vkus.<\/p>\n<p><span class=\"bb_img_ctn\"><img decoding=\"async\" class=\"bb_img\" src=\"https:\/\/shared.akamai.steamstatic.com\/store_item_assets\/steam\/apps\/588160\/extras\/53886cd7134b04cb7c9df8e081542e22.avif?t=1573225375\" width=616 height=108 \/><\/span><\/p>\n<ul class=\"bb_ul\">\n<li>Nikto e\u0161te nevymyslel va\u0161u ob\u013e\u00faben\u00fa pizzu? Veg\u00e1nska, vegetari\u00e1nska alebo s m\u00e4som a pridan\u00fdm m\u00e4som? Vytvorte si vlastn\u00e9 pizze pomocou legend\u00e1rneho Pizza Creator a viac ako 75 r\u00f4znych ingredienci\u00ed!<\/li>\n<li>Kampa\u0148 pre jedn\u00e9ho hr\u00e1\u010da s 12 misiami v\u00e1m umo\u017en\u00ed postupne sa vypracova\u0165 z jednoduch\u00e9ho pek\u00e1ra pizze v R\u00edme na najv\u00e4\u010d\u0161ieho svetov\u00e9ho magn\u00e1ta v oblasti pizze.<\/li>\n<li>Od Sydney cez Berl\u00edn a\u017e po Washington DC: dobyjte najv\u00e4\u010d\u0161ie metropoly sveta so svojou vlastnou sie\u0165ou pizzeri\u00ed a objavte ich jedine\u010dn\u00e9 chute!<\/li>\n<li>Prisp\u00f4sobte si svoje re\u0161taur\u00e1cie pod\u013ea svojich predst\u00e1v: p\u00f4dorys, n\u00e1bytok, person\u00e1l, interi\u00e9rov\u00e1 v\u00fdzdoba. V ka\u017edom pizzeri je mal\u00fd interi\u00e9rov\u00fd dekorat\u00e9r.<\/li>\n<li>Vyu\u017eite anal\u00fdzy trhu a sofistikovan\u00e9 marketingov\u00e9 strat\u00e9gie, aby ste oslovili svojich z\u00e1kazn\u00edkov cielenou reklamou.<\/li>\n<li>Zbavte sa konkurencie pomocou obzvl\u00e1\u0161\u0165 pikantn\u00fdch ingredienci\u00ed, ako je sabot\u00e1\u017e a \u00faplatky.<\/li>\n<li>Bezplatn\u00fd hern\u00fd re\u017eim pon\u00faka alternat\u00edvu k kampani bohatej na rozmanitos\u0165. Sami m\u00f4\u017eete ur\u010di\u0165 \u0161irok\u00fa \u0161k\u00e1lu parametrov, ako je po\u010diato\u010dn\u00fd kapit\u00e1l, po\u010det obyvate\u013eov, konkurenti a mnoho \u010fal\u0161ieho, \u010do v\u00e1m umo\u017en\u00ed vytvori\u0165 si vlastn\u00e9 v\u00fdzvy.<\/li>\n<\/ul>\n","protected":false},"excerpt":{"rendered":"<p>Mamma mia&#8230; Dlho o\u010dak\u00e1van\u00e9 pokra\u010dovanie kultovej s\u00e9rie \u201ePizza Connection\u201c sa vracia na PC s e\u0161te v\u00e4\u010d\u0161ou chu\u0165ou a extra syrom. Urobte im pizzu, ktor\u00fa nem\u00f4\u017eu odmietnu\u0165!<\/p>\n","protected":false},"featured_media":6977,"comment_status":"open","ping_status":"closed","template":"","meta":{"_acf_changed":false},"product_brand":[],"product_cat":[268,266,314,312,318],"product_tag":[],"class_list":{"0":"post-93443","1":"product","2":"type-product","3":"status-publish","4":"has-post-thumbnail","6":"product_cat-pc-sk","7":"product_cat-pc-hry-sk","8":"product_cat-simulatory-pc-hry-sk","9":"product_cat-steam-pc-sk","10":"product_cat-strategie-pc-hry-sk","11":"pa_audio-de-de","12":"pa_audio-en-us","14":"pa_audio-zh-cn","15":"pa_countries-ad","16":"pa_countries-ae","17":"pa_countries-af","18":"pa_countries-ag","19":"pa_countries-ai","20":"pa_countries-al","21":"pa_countries-am","22":"pa_countries-ao","23":"pa_countries-aq","24":"pa_countries-ar","25":"pa_countries-as","26":"pa_countries-at","27":"pa_countries-au","28":"pa_countries-aw","29":"pa_countries-ax","30":"pa_countries-az","31":"pa_countries-ba","32":"pa_countries-bb","33":"pa_countries-bd","34":"pa_countries-be","35":"pa_countries-bf","36":"pa_countries-bg","37":"pa_countries-bh","38":"pa_countries-bi","39":"pa_countries-bj","40":"pa_countries-bl","41":"pa_countries-bm","42":"pa_countries-bn","43":"pa_countries-bo","44":"pa_countries-bq","45":"pa_countries-br","46":"pa_countries-bs","47":"pa_countries-bt","48":"pa_countries-bv","49":"pa_countries-bw","50":"pa_countries-bz","51":"pa_countries-ca","52":"pa_countries-cc","53":"pa_countries-cd","54":"pa_countries-cf","55":"pa_countries-cg","56":"pa_countries-ch","57":"pa_countries-ci","58":"pa_countries-ck","59":"pa_countries-cl","60":"pa_countries-cm","61":"pa_countries-cn","62":"pa_countries-co","63":"pa_countries-cr","64":"pa_countries-cu","65":"pa_countries-cv","66":"pa_countries-cw","67":"pa_countries-cx","68":"pa_countries-cy","69":"pa_countries-cz","70":"pa_countries-de","71":"pa_countries-dj","72":"pa_countries-dk","73":"pa_countries-dm","74":"pa_countries-do","75":"pa_countries-dz","76":"pa_countries-ec","77":"pa_countries-ee","78":"pa_countries-eg","79":"pa_countries-eh","80":"pa_countries-er","81":"pa_countries-es","82":"pa_countries-et","83":"pa_countries-fi","84":"pa_countries-fj","85":"pa_countries-fk","86":"pa_countries-fm","87":"pa_countries-fo","88":"pa_countries-fr","89":"pa_countries-ga","90":"pa_countries-gb","91":"pa_countries-gd","92":"pa_countries-ge","93":"pa_countries-gf","94":"pa_countries-gg","95":"pa_countries-gh","96":"pa_countries-gi","97":"pa_countries-gl","98":"pa_countries-gm","99":"pa_countries-gn","100":"pa_countries-gp","101":"pa_countries-gq","102":"pa_countries-gr","103":"pa_countries-gs","104":"pa_countries-gt","105":"pa_countries-gu","106":"pa_countries-gw","107":"pa_countries-gy","108":"pa_countries-hk","109":"pa_countries-hm","110":"pa_countries-hn","111":"pa_countries-hr","112":"pa_countries-ht","113":"pa_countries-hu","114":"pa_countries-id","115":"pa_countries-ie","116":"pa_countries-il","117":"pa_countries-im","118":"pa_countries-in","119":"pa_countries-io","120":"pa_countries-iq","121":"pa_countries-ir","122":"pa_countries-is","123":"pa_countries-it","124":"pa_countries-je","125":"pa_countries-jm","126":"pa_countries-jo","127":"pa_countries-jp","128":"pa_countries-ke","129":"pa_countries-kg","130":"pa_countries-kh","131":"pa_countries-ki","132":"pa_countries-km","133":"pa_countries-kn","134":"pa_countries-kp","135":"pa_countries-kr","136":"pa_countries-kw","137":"pa_countries-ky","138":"pa_countries-kz","139":"pa_countries-la","140":"pa_countries-lb","141":"pa_countries-lc","142":"pa_countries-li","143":"pa_countries-lk","144":"pa_countries-lr","145":"pa_countries-ls","146":"pa_countries-lt","147":"pa_countries-lu","148":"pa_countries-lv","149":"pa_countries-ly","150":"pa_countries-ma","151":"pa_countries-mc","152":"pa_countries-md","153":"pa_countries-me","154":"pa_countries-mf","155":"pa_countries-mg","156":"pa_countries-mh","157":"pa_countries-mk","158":"pa_countries-ml","159":"pa_countries-mm","160":"pa_countries-mn","161":"pa_countries-mo","162":"pa_countries-mp","163":"pa_countries-mq","164":"pa_countries-mr","165":"pa_countries-ms","166":"pa_countries-mt","167":"pa_countries-mu","168":"pa_countries-mv","169":"pa_countries-mw","170":"pa_countries-mx","171":"pa_countries-my","172":"pa_countries-mz","173":"pa_countries-na","174":"pa_countries-nc","175":"pa_countries-ne","176":"pa_countries-nf","177":"pa_countries-ng","178":"pa_countries-ni","179":"pa_countries-nl","180":"pa_countries-no","181":"pa_countries-np","182":"pa_countries-nr","183":"pa_countries-nu","184":"pa_countries-nz","185":"pa_countries-om","186":"pa_countries-pa","187":"pa_countries-pe","188":"pa_countries-pf","189":"pa_countries-pg","190":"pa_countries-ph","191":"pa_countries-pk","192":"pa_countries-pl","193":"pa_countries-pm","194":"pa_countries-pn","195":"pa_countries-pr","196":"pa_countries-ps","197":"pa_countries-pt","198":"pa_countries-pw","199":"pa_countries-py","200":"pa_countries-qa","201":"pa_countries-re","202":"pa_countries-ro","203":"pa_countries-rs","204":"pa_countries-rw","205":"pa_countries-sa","206":"pa_countries-sb","207":"pa_countries-sc","208":"pa_countries-sd","209":"pa_countries-se","210":"pa_countries-sg","211":"pa_countries-sh","212":"pa_countries-si","213":"pa_countries-sj","214":"pa_countries-sk","215":"pa_countries-sl","216":"pa_countries-sm","217":"pa_countries-sn","218":"pa_countries-so","219":"pa_countries-sr","220":"pa_countries-ss","222":"pa_countries-st","223":"pa_countries-sv","224":"pa_countries-sx","225":"pa_countries-sy","226":"pa_countries-sz","227":"pa_countries-tc","228":"pa_countries-td","229":"pa_countries-tf","230":"pa_countries-tg","231":"pa_countries-th","232":"pa_countries-tj","233":"pa_countries-tk","234":"pa_countries-tl","235":"pa_countries-tm","236":"pa_countries-tn","237":"pa_countries-to","238":"pa_countries-tr","239":"pa_countries-tt","240":"pa_countries-tv","241":"pa_countries-tw","242":"pa_countries-tz","243":"pa_countries-ua","244":"pa_countries-ug","245":"pa_countries-um","246":"pa_countries-us","247":"pa_countries-uy","248":"pa_countries-uz","249":"pa_countries-va","250":"pa_countries-vc","251":"pa_countries-ve","252":"pa_countries-vg","253":"pa_countries-vi","254":"pa_countries-vn","255":"pa_countries-vu","256":"pa_countries-wf","257":"pa_countries-ws","258":"pa_countries-xk","259":"pa_countries-ye","260":"pa_countries-yt","261":"pa_countries-za","262":"pa_countries-zm","263":"pa_countries-zw","264":"pa_developer-gentlymad-studios","266":"pa_game_type-main_game","268":"pa_genres-simulator","269":"pa_genres-strategy","271":"pa_interface-de-de","272":"pa_interface-en-us","273":"pa_interface-es-es","274":"pa_interface-fr-fr","275":"pa_interface-it-it","276":"pa_interface-pl-pl","277":"pa_interface-pt-br","278":"pa_interface-ru-ru","280":"pa_interface-zh-cn","281":"pa_modes-single-player","283":"pa_pegi-943","284":"pa_pegi-13430","285":"pa_platform-pc-steam","287":"pa_publisher-assemble-entertainment","289":"pa_rating-2681","290":"pa_region-global","292":"pa_subtitles-de-de","294":"pa_subtitles-en-us","295":"pa_subtitles-es-es","296":"pa_subtitles-fr-fr","297":"pa_subtitles-it-it","298":"pa_subtitles-pl-pl","299":"pa_subtitles-pt-br","300":"pa_subtitles-ru-ru","301":"pa_subtitles-zh-cn","302":"pa_themes-sandbox","305":"first","306":"instock","307":"virtual","308":"taxable","309":"purchasable","310":"product-type-simple"},"yoast_head":"<!-- This site is optimized with the Yoast SEO plugin v27.3 - https:\/\/yoast.com\/product\/yoast-seo-wordpress\/ -->\n<title>Pizza Connection 3 | BeGamer.cz<\/title>\n<meta name=\"robots\" content=\"index, follow, max-snippet:-1, max-image-preview:large, max-video-preview:-1\" \/>\n<link rel=\"canonical\" href=\"https:\/\/begamer.cz\/sk\/produkt\/pizza-connection-3-sk\/\" \/>\n<meta property=\"og:locale\" content=\"sk_SK\" \/>\n<meta property=\"og:type\" content=\"article\" \/>\n<meta property=\"og:title\" content=\"Pizza Connection 3 | BeGamer.cz\" \/>\n<meta property=\"og:description\" content=\"Mamma mia... Dlho o\u010dak\u00e1van\u00e9 pokra\u010dovanie kultovej s\u00e9rie \u201ePizza Connection\u201c sa vracia na PC s e\u0161te v\u00e4\u010d\u0161ou chu\u0165ou a extra syrom. Urobte im pizzu, ktor\u00fa nem\u00f4\u017eu odmietnu\u0165!\" \/>\n<meta property=\"og:url\" content=\"https:\/\/begamer.cz\/sk\/produkt\/pizza-connection-3-sk\/\" \/>\n<meta property=\"og:site_name\" content=\"BeGamer.cz\" \/>\n<meta property=\"article:modified_time\" content=\"2026-03-18T01:22:58+00:00\" \/>\n<meta property=\"og:image\" content=\"https:\/\/begamer.cz\/wp-content\/uploads\/2026\/01\/pizza-connection-3-5.webp\" \/>\n\t<meta property=\"og:image:width\" content=\"300\" \/>\n\t<meta property=\"og:image:height\" content=\"400\" \/>\n\t<meta property=\"og:image:type\" content=\"image\/webp\" \/>\n<meta name=\"twitter:card\" content=\"summary_large_image\" \/>\n<meta name=\"twitter:label1\" content=\"Predpokladan\u00fd \u010das \u010d\u00edtania\" \/>\n\t<meta name=\"twitter:data1\" content=\"2 min\u00faty\" \/>\n<script type=\"application\/ld+json\" class=\"yoast-schema-graph\">{\"@context\":\"https:\\\/\\\/schema.org\",\"@graph\":[{\"@type\":\"WebPage\",\"@id\":\"https:\\\/\\\/begamer.cz\\\/sk\\\/produkt\\\/pizza-connection-3-sk\\\/\",\"url\":\"https:\\\/\\\/begamer.cz\\\/sk\\\/produkt\\\/pizza-connection-3-sk\\\/\",\"name\":\"Pizza Connection 3 | BeGamer.cz\",\"isPartOf\":{\"@id\":\"https:\\\/\\\/begamer.cz\\\/sk\\\/#website\"},\"primaryImageOfPage\":{\"@id\":\"https:\\\/\\\/begamer.cz\\\/sk\\\/produkt\\\/pizza-connection-3-sk\\\/#primaryimage\"},\"image\":{\"@id\":\"https:\\\/\\\/begamer.cz\\\/sk\\\/produkt\\\/pizza-connection-3-sk\\\/#primaryimage\"},\"thumbnailUrl\":\"https:\\\/\\\/begamer.cz\\\/wp-content\\\/uploads\\\/2026\\\/01\\\/pizza-connection-3-5.webp\",\"datePublished\":\"2026-01-30T14:46:02+00:00\",\"dateModified\":\"2026-03-18T01:22:58+00:00\",\"breadcrumb\":{\"@id\":\"https:\\\/\\\/begamer.cz\\\/sk\\\/produkt\\\/pizza-connection-3-sk\\\/#breadcrumb\"},\"inLanguage\":\"sk-SK\",\"potentialAction\":[{\"@type\":\"ReadAction\",\"target\":[\"https:\\\/\\\/begamer.cz\\\/sk\\\/produkt\\\/pizza-connection-3-sk\\\/\"]}]},{\"@type\":\"ImageObject\",\"inLanguage\":\"sk-SK\",\"@id\":\"https:\\\/\\\/begamer.cz\\\/sk\\\/produkt\\\/pizza-connection-3-sk\\\/#primaryimage\",\"url\":\"https:\\\/\\\/begamer.cz\\\/wp-content\\\/uploads\\\/2026\\\/01\\\/pizza-connection-3-5.webp\",\"contentUrl\":\"https:\\\/\\\/begamer.cz\\\/wp-content\\\/uploads\\\/2026\\\/01\\\/pizza-connection-3-5.webp\",\"width\":300,\"height\":400},{\"@type\":\"BreadcrumbList\",\"@id\":\"https:\\\/\\\/begamer.cz\\\/sk\\\/produkt\\\/pizza-connection-3-sk\\\/#breadcrumb\",\"itemListElement\":[{\"@type\":\"ListItem\",\"position\":1,\"name\":\"Domov\",\"item\":\"https:\\\/\\\/begamer.cz\\\/sk\\\/\"},{\"@type\":\"ListItem\",\"position\":2,\"name\":\"Obchod\",\"item\":\"https:\\\/\\\/begamer.cz\\\/obchod\\\/\"},{\"@type\":\"ListItem\",\"position\":3,\"name\":\"Pizza Connection 3\"}]},{\"@type\":\"WebSite\",\"@id\":\"https:\\\/\\\/begamer.cz\\\/sk\\\/#website\",\"url\":\"https:\\\/\\\/begamer.cz\\\/sk\\\/\",\"name\":\"BeGamer.cz\",\"description\":\"\",\"publisher\":{\"@id\":\"https:\\\/\\\/begamer.cz\\\/sk\\\/#organization\"},\"potentialAction\":[{\"@type\":\"SearchAction\",\"target\":{\"@type\":\"EntryPoint\",\"urlTemplate\":\"https:\\\/\\\/begamer.cz\\\/sk\\\/?s={search_term_string}\"},\"query-input\":{\"@type\":\"PropertyValueSpecification\",\"valueRequired\":true,\"valueName\":\"search_term_string\"}}],\"inLanguage\":\"sk-SK\"},{\"@type\":\"Organization\",\"@id\":\"https:\\\/\\\/begamer.cz\\\/sk\\\/#organization\",\"name\":\"BeGamer.cz\",\"url\":\"https:\\\/\\\/begamer.cz\\\/sk\\\/\",\"logo\":{\"@type\":\"ImageObject\",\"inLanguage\":\"sk-SK\",\"@id\":\"https:\\\/\\\/begamer.cz\\\/sk\\\/#\\\/schema\\\/logo\\\/image\\\/\",\"url\":\"https:\\\/\\\/begamer.cz\\\/wp-content\\\/uploads\\\/2025\\\/07\\\/logo.svg\",\"contentUrl\":\"https:\\\/\\\/begamer.cz\\\/wp-content\\\/uploads\\\/2025\\\/07\\\/logo.svg\",\"caption\":\"BeGamer.cz\"},\"image\":{\"@id\":\"https:\\\/\\\/begamer.cz\\\/sk\\\/#\\\/schema\\\/logo\\\/image\\\/\"}}]}<\/script>\n<!-- \/ Yoast SEO plugin. -->","yoast_head_json":{"title":"Pizza Connection 3 | BeGamer.cz","robots":{"index":"index","follow":"follow","max-snippet":"max-snippet:-1","max-image-preview":"max-image-preview:large","max-video-preview":"max-video-preview:-1"},"canonical":"https:\/\/begamer.cz\/sk\/produkt\/pizza-connection-3-sk\/","og_locale":"sk_SK","og_type":"article","og_title":"Pizza Connection 3 | BeGamer.cz","og_description":"Mamma mia... Dlho o\u010dak\u00e1van\u00e9 pokra\u010dovanie kultovej s\u00e9rie \u201ePizza Connection\u201c sa vracia na PC s e\u0161te v\u00e4\u010d\u0161ou chu\u0165ou a extra syrom. Urobte im pizzu, ktor\u00fa nem\u00f4\u017eu odmietnu\u0165!","og_url":"https:\/\/begamer.cz\/sk\/produkt\/pizza-connection-3-sk\/","og_site_name":"BeGamer.cz","article_modified_time":"2026-03-18T01:22:58+00:00","og_image":[{"width":300,"height":400,"url":"https:\/\/begamer.cz\/wp-content\/uploads\/2026\/01\/pizza-connection-3-5.webp","type":"image\/webp"}],"twitter_card":"summary_large_image","twitter_misc":{"Predpokladan\u00fd \u010das \u010d\u00edtania":"2 min\u00faty"},"schema":{"@context":"https:\/\/schema.org","@graph":[{"@type":"WebPage","@id":"https:\/\/begamer.cz\/sk\/produkt\/pizza-connection-3-sk\/","url":"https:\/\/begamer.cz\/sk\/produkt\/pizza-connection-3-sk\/","name":"Pizza Connection 3 | BeGamer.cz","isPartOf":{"@id":"https:\/\/begamer.cz\/sk\/#website"},"primaryImageOfPage":{"@id":"https:\/\/begamer.cz\/sk\/produkt\/pizza-connection-3-sk\/#primaryimage"},"image":{"@id":"https:\/\/begamer.cz\/sk\/produkt\/pizza-connection-3-sk\/#primaryimage"},"thumbnailUrl":"https:\/\/begamer.cz\/wp-content\/uploads\/2026\/01\/pizza-connection-3-5.webp","datePublished":"2026-01-30T14:46:02+00:00","dateModified":"2026-03-18T01:22:58+00:00","breadcrumb":{"@id":"https:\/\/begamer.cz\/sk\/produkt\/pizza-connection-3-sk\/#breadcrumb"},"inLanguage":"sk-SK","potentialAction":[{"@type":"ReadAction","target":["https:\/\/begamer.cz\/sk\/produkt\/pizza-connection-3-sk\/"]}]},{"@type":"ImageObject","inLanguage":"sk-SK","@id":"https:\/\/begamer.cz\/sk\/produkt\/pizza-connection-3-sk\/#primaryimage","url":"https:\/\/begamer.cz\/wp-content\/uploads\/2026\/01\/pizza-connection-3-5.webp","contentUrl":"https:\/\/begamer.cz\/wp-content\/uploads\/2026\/01\/pizza-connection-3-5.webp","width":300,"height":400},{"@type":"BreadcrumbList","@id":"https:\/\/begamer.cz\/sk\/produkt\/pizza-connection-3-sk\/#breadcrumb","itemListElement":[{"@type":"ListItem","position":1,"name":"Domov","item":"https:\/\/begamer.cz\/sk\/"},{"@type":"ListItem","position":2,"name":"Obchod","item":"https:\/\/begamer.cz\/obchod\/"},{"@type":"ListItem","position":3,"name":"Pizza Connection 3"}]},{"@type":"WebSite","@id":"https:\/\/begamer.cz\/sk\/#website","url":"https:\/\/begamer.cz\/sk\/","name":"BeGamer.cz","description":"","publisher":{"@id":"https:\/\/begamer.cz\/sk\/#organization"},"potentialAction":[{"@type":"SearchAction","target":{"@type":"EntryPoint","urlTemplate":"https:\/\/begamer.cz\/sk\/?s={search_term_string}"},"query-input":{"@type":"PropertyValueSpecification","valueRequired":true,"valueName":"search_term_string"}}],"inLanguage":"sk-SK"},{"@type":"Organization","@id":"https:\/\/begamer.cz\/sk\/#organization","name":"BeGamer.cz","url":"https:\/\/begamer.cz\/sk\/","logo":{"@type":"ImageObject","inLanguage":"sk-SK","@id":"https:\/\/begamer.cz\/sk\/#\/schema\/logo\/image\/","url":"https:\/\/begamer.cz\/wp-content\/uploads\/2025\/07\/logo.svg","contentUrl":"https:\/\/begamer.cz\/wp-content\/uploads\/2025\/07\/logo.svg","caption":"BeGamer.cz"},"image":{"@id":"https:\/\/begamer.cz\/sk\/#\/schema\/logo\/image\/"}}]}},"acf":[],"_links":{"self":[{"href":"https:\/\/begamer.cz\/sk\/wp-json\/wp\/v2\/product\/93443","targetHints":{"allow":["GET"]}}],"collection":[{"href":"https:\/\/begamer.cz\/sk\/wp-json\/wp\/v2\/product"}],"about":[{"href":"https:\/\/begamer.cz\/sk\/wp-json\/wp\/v2\/types\/product"}],"replies":[{"embeddable":true,"href":"https:\/\/begamer.cz\/sk\/wp-json\/wp\/v2\/comments?post=93443"}],"wp:featuredmedia":[{"embeddable":true,"href":"https:\/\/begamer.cz\/sk\/wp-json\/wp\/v2\/media\/6977"}],"wp:attachment":[{"href":"https:\/\/begamer.cz\/sk\/wp-json\/wp\/v2\/media?parent=93443"}],"wp:term":[{"taxonomy":"product_brand","embeddable":true,"href":"https:\/\/begamer.cz\/sk\/wp-json\/wp\/v2\/product_brand?post=93443"},{"taxonomy":"product_cat","embeddable":true,"href":"https:\/\/begamer.cz\/sk\/wp-json\/wp\/v2\/product_cat?post=93443"},{"taxonomy":"product_tag","embeddable":true,"href":"https:\/\/begamer.cz\/sk\/wp-json\/wp\/v2\/product_tag?post=93443"}],"curies":[{"name":"wp","href":"https:\/\/api.w.org\/{rel}","templated":true}]}}