{"id":93263,"date":"2026-01-30T15:43:16","date_gmt":"2026-01-30T14:43:16","guid":{"rendered":"https:\/\/begamer.cz\/produkt\/forza-motorsport-and-forza-horizon-5-premium-add-ons-bundle-sk\/"},"modified":"2026-03-18T02:13:22","modified_gmt":"2026-03-18T01:13:22","slug":"forza-motorsport-and-forza-horizon-5-premium-add-ons-bundle-sk","status":"publish","type":"product","link":"https:\/\/begamer.cz\/sk\/produkt\/forza-motorsport-and-forza-horizon-5-premium-add-ons-bundle-sk\/","title":{"rendered":"Forza Horizon 5 \u2013 Premium Add-Ons Bundle"},"content":{"rendered":"<div>\n<h2>Forza Horizon 5 \u2013 bal\u00edk pr\u00e9miov\u00fdch doplnkov<\/h2>\n<p>Vst\u00fapte do \u017eiv\u00e9ho a rozsiahleho otvoren\u00e9ho sveta <strong>Forza Horizon 5<\/strong> s bal\u00edkom pr\u00e9miov\u00fdch doplnkov, ktor\u00fd v\u00e1m prin\u00e1\u0161a mno\u017estvo exkluz\u00edvneho obsahu navrhnut\u00e9ho tak, aby vylep\u0161il a spestril v\u00e1\u0161 z\u00e1\u017eitok z pretekania.<\/p>\n<p><strong>Bal\u00edk obsahuje:<\/strong><\/p>\n<ul>\n<li><strong>Exkluz\u00edvna kolekcia \u00e1ut:<\/strong> Pridajte do svojej gar\u00e1\u017ee jedine\u010dn\u00e9, vysoko v\u00fdkonn\u00e9 vozidl\u00e1, ktor\u00e9 v z\u00e1kladnej hre nen\u00e1jdete, a ktor\u00e9 v\u00e1m pon\u00fakaj\u00fa jedine\u010dn\u00e9 jazdn\u00e9 vlastnosti a r\u00fdchlos\u0165, v\u010faka \u010domu bud\u00fa va\u0161e preteky e\u0161te nap\u00ednavej\u0161ie.<\/li>\n<li><strong>Nov\u00e9 misie a v\u00fdzvy:<\/strong> Zapojte sa do nov\u00fdch hern\u00fdch scen\u00e1rov, ktor\u00e9 otestuj\u00fa va\u0161e zru\u010dnosti a posun\u00fa hranice va\u0161ich vodi\u010dsk\u00fdch schopnost\u00ed v n\u00e1dhernej krajine Mexika.<\/li>\n<li><strong>Roz\u0161\u00edren\u00e9 mo\u017enosti prisp\u00f4sobenia:<\/strong> E\u0161te viac si prisp\u00f4sobte svoje aut\u00e1 a postavy pomocou nov\u00fdch vylep\u0161en\u00ed, farieb a \u0161t\u00fdlov, ktor\u00e9 odr\u00e1\u017eaj\u00fa va\u0161e jedine\u010dn\u00e9 preferencie.<\/li>\n<li><strong>Skor\u00fd pr\u00edstup k pr\u00e9miov\u00e9mu obsahu:<\/strong> Z\u00edskajte ako prv\u00fd pr\u00edstup k nadch\u00e1dzaj\u00facim aktualiz\u00e1ci\u00e1m, \u0161peci\u00e1lnym udalostiam a \u010dasovo obmedzen\u00fdm ponuk\u00e1m exkluz\u00edvne pre majite\u013eov bal\u00edka pr\u00e9miov\u00fdch doplnkov.<\/li>\n<\/ul>\n<p>Prejdite rozmanit\u00fdm a dychber\u00facim prostred\u00edm Mexika \u2013 od slnkom zaliatych pl\u00e1\u017e\u00ed a pulzuj\u00facich miest po drsn\u00e9 hory a hust\u00e9 d\u017eungle \u2013 v\u0161etko vykreslen\u00e9 s ohromuj\u00facim realizmom a vylep\u0161en\u00e9 dynamick\u00fdm po\u010das\u00edm a sez\u00f3nnymi zmenami.<\/p>\n<p>Nech u\u017e s\u00fa\u0165a\u017e\u00edte v r\u00fdchlych pouli\u010dn\u00fdch pretekoch, ter\u00e9nnych pretekoch alebo multiplayerov\u00fdch s\u00fabojoch, tento bal\u00edk obohat\u00ed va\u0161u hru o nov\u00fd obsah a pohlcuj\u00facu festivalov\u00fa atmosf\u00e9ru, ktor\u00e1 udr\u017e\u00ed rivalitu na\u017eive.<\/p>\n<p><strong>Pre\u010do si vybra\u0165 bal\u00edk pr\u00e9miov\u00fdch doplnkov?<\/strong><\/p>\n<ul>\n<li>Vynikaj\u00faca hodnota kombinuj\u00faca v\u0161etok pr\u00e9miov\u00fd obsah v jednom n\u00e1kupe.<\/li>\n<li>Konkuren\u010dn\u00e1 v\u00fdhoda v\u010faka exkluz\u00edvnym vozidl\u00e1m a mo\u017enostiam vylep\u0161enia.<\/li>\n<li>Trval\u00e9 vlastn\u00edctvo obsahu bez opakovan\u00fdch poplatkov alebo \u010dasov\u00fdch obmedzen\u00ed.<\/li>\n<\/ul>\n<p>Vylep\u0161ite svoj z\u00e1\u017eitok z hry Forza Horizon 5 a posu\u0148te svoje limity na ceste s <strong>bal\u00edkom<\/strong> <strong>pr\u00e9miov\u00fdch doplnkov<\/strong> \u2013 najlep\u0161\u00edm sp\u00f4sobom, ako roz\u0161\u00edri\u0165 svoj pretek\u00e1rsky svet.<\/p>\n<p><small>Niektor\u00e9 texty boli prelo\u017een\u00e9 strojovo.<\/small><\/div>\n","protected":false},"excerpt":{"rendered":"<p>Objavujte Mexiko ako nikdy predt\u00fdm s bal\u00edkom pr\u00e9miov\u00fdch doplnkov Forza Horizon 5. Odomknite exkluz\u00edvne aut\u00e1, nov\u00e9 misie a pr\u00e9miov\u00fd obsah, ktor\u00e9 roz\u0161\u00edria va\u0161e pretek\u00e1rske dobrodru\u017estvo a ponoria v\u00e1s hlb\u0161ie do dynamick\u00e9ho sveta jednej z najsl\u00e1vnej\u0161\u00edch pretek\u00e1rskych hier.<\/p>\n","protected":false},"featured_media":108389,"comment_status":"open","ping_status":"closed","template":"","meta":{"_acf_changed":false},"product_brand":[],"product_cat":[398,400],"product_tag":[],"class_list":{"0":"post-93263","1":"product","2":"type-product","3":"status-publish","4":"has-post-thumbnail","6":"product_cat-xbox-hry-sk","7":"product_cat-xbox-one-sk","8":"pa_countries-at","9":"pa_countries-be","10":"pa_countries-bg","11":"pa_countries-cy","12":"pa_countries-cz","14":"pa_countries-de","15":"pa_countries-dk","16":"pa_countries-ee","17":"pa_countries-es","18":"pa_countries-fi","19":"pa_countries-fr","20":"pa_countries-gr","21":"pa_countries-hu","22":"pa_countries-ie","23":"pa_countries-it","24":"pa_countries-lt","25":"pa_countries-lu","26":"pa_countries-lv","27":"pa_countries-mt","28":"pa_countries-nl","29":"pa_countries-pl","30":"pa_countries-pt","31":"pa_countries-ro","32":"pa_countries-se","33":"pa_countries-si","34":"pa_countries-sk","35":"pa_developer-playground-games","37":"pa_game_type-dlc","39":"pa_platform-xbox-series-x-s-xbox-one-windows-10","41":"pa_publisher-xbox-game-studios","43":"pa_region-europe","46":"first","47":"instock","48":"virtual","49":"taxable","50":"purchasable","51":"product-type-simple"},"yoast_head":"<!-- This site is optimized with the Yoast SEO plugin v27.4 - https:\/\/yoast.com\/product\/yoast-seo-wordpress\/ -->\n<title>Forza Horizon 5 - Premium Add-Ons Bundle | BeGamer.cz<\/title>\n<meta name=\"robots\" content=\"index, follow, max-snippet:-1, max-image-preview:large, max-video-preview:-1\" \/>\n<link rel=\"canonical\" href=\"https:\/\/begamer.cz\/sk\/produkt\/forza-motorsport-and-forza-horizon-5-premium-add-ons-bundle-sk\/\" \/>\n<meta property=\"og:locale\" content=\"sk_SK\" \/>\n<meta property=\"og:type\" content=\"article\" \/>\n<meta property=\"og:title\" content=\"Forza Horizon 5 - Premium Add-Ons Bundle | BeGamer.cz\" \/>\n<meta property=\"og:description\" content=\"Objavujte Mexiko ako nikdy predt\u00fdm s bal\u00edkom pr\u00e9miov\u00fdch doplnkov Forza Horizon 5. Odomknite exkluz\u00edvne aut\u00e1, nov\u00e9 misie a pr\u00e9miov\u00fd obsah, ktor\u00e9 roz\u0161\u00edria va\u0161e pretek\u00e1rske dobrodru\u017estvo a ponoria v\u00e1s hlb\u0161ie do dynamick\u00e9ho sveta jednej z najsl\u00e1vnej\u0161\u00edch pretek\u00e1rskych hier.\" \/>\n<meta property=\"og:url\" content=\"https:\/\/begamer.cz\/sk\/produkt\/forza-motorsport-and-forza-horizon-5-premium-add-ons-bundle-sk\/\" \/>\n<meta property=\"og:site_name\" content=\"BeGamer.cz\" \/>\n<meta property=\"article:modified_time\" content=\"2026-03-18T01:13:22+00:00\" \/>\n<meta property=\"og:image\" content=\"https:\/\/begamer.cz\/wp-content\/uploads\/2026\/01\/forza-horizon-5-premium-add-ons-bundle-2.webp\" \/>\n\t<meta property=\"og:image:width\" content=\"300\" \/>\n\t<meta property=\"og:image:height\" content=\"400\" \/>\n\t<meta property=\"og:image:type\" content=\"image\/webp\" \/>\n<meta name=\"twitter:card\" content=\"summary_large_image\" \/>\n<meta name=\"twitter:label1\" content=\"Predpokladan\u00fd \u010das \u010d\u00edtania\" \/>\n\t<meta name=\"twitter:data1\" content=\"2 min\u00faty\" \/>\n<script type=\"application\/ld+json\" class=\"yoast-schema-graph\">{\"@context\":\"https:\\\/\\\/schema.org\",\"@graph\":[{\"@type\":\"WebPage\",\"@id\":\"https:\\\/\\\/begamer.cz\\\/sk\\\/produkt\\\/forza-motorsport-and-forza-horizon-5-premium-add-ons-bundle-sk\\\/\",\"url\":\"https:\\\/\\\/begamer.cz\\\/sk\\\/produkt\\\/forza-motorsport-and-forza-horizon-5-premium-add-ons-bundle-sk\\\/\",\"name\":\"Forza Horizon 5 - Premium Add-Ons Bundle | BeGamer.cz\",\"isPartOf\":{\"@id\":\"https:\\\/\\\/begamer.cz\\\/sk\\\/#website\"},\"primaryImageOfPage\":{\"@id\":\"https:\\\/\\\/begamer.cz\\\/sk\\\/produkt\\\/forza-motorsport-and-forza-horizon-5-premium-add-ons-bundle-sk\\\/#primaryimage\"},\"image\":{\"@id\":\"https:\\\/\\\/begamer.cz\\\/sk\\\/produkt\\\/forza-motorsport-and-forza-horizon-5-premium-add-ons-bundle-sk\\\/#primaryimage\"},\"thumbnailUrl\":\"https:\\\/\\\/begamer.cz\\\/wp-content\\\/uploads\\\/2026\\\/01\\\/forza-horizon-5-premium-add-ons-bundle-2.webp\",\"datePublished\":\"2026-01-30T14:43:16+00:00\",\"dateModified\":\"2026-03-18T01:13:22+00:00\",\"breadcrumb\":{\"@id\":\"https:\\\/\\\/begamer.cz\\\/sk\\\/produkt\\\/forza-motorsport-and-forza-horizon-5-premium-add-ons-bundle-sk\\\/#breadcrumb\"},\"inLanguage\":\"sk-SK\",\"potentialAction\":[{\"@type\":\"ReadAction\",\"target\":[\"https:\\\/\\\/begamer.cz\\\/sk\\\/produkt\\\/forza-motorsport-and-forza-horizon-5-premium-add-ons-bundle-sk\\\/\"]}]},{\"@type\":\"ImageObject\",\"inLanguage\":\"sk-SK\",\"@id\":\"https:\\\/\\\/begamer.cz\\\/sk\\\/produkt\\\/forza-motorsport-and-forza-horizon-5-premium-add-ons-bundle-sk\\\/#primaryimage\",\"url\":\"https:\\\/\\\/begamer.cz\\\/wp-content\\\/uploads\\\/2026\\\/01\\\/forza-horizon-5-premium-add-ons-bundle-2.webp\",\"contentUrl\":\"https:\\\/\\\/begamer.cz\\\/wp-content\\\/uploads\\\/2026\\\/01\\\/forza-horizon-5-premium-add-ons-bundle-2.webp\",\"width\":300,\"height\":400},{\"@type\":\"BreadcrumbList\",\"@id\":\"https:\\\/\\\/begamer.cz\\\/sk\\\/produkt\\\/forza-motorsport-and-forza-horizon-5-premium-add-ons-bundle-sk\\\/#breadcrumb\",\"itemListElement\":[{\"@type\":\"ListItem\",\"position\":1,\"name\":\"Domov\",\"item\":\"https:\\\/\\\/begamer.cz\\\/sk\\\/\"},{\"@type\":\"ListItem\",\"position\":2,\"name\":\"Obchod\",\"item\":\"https:\\\/\\\/begamer.cz\\\/obchod\\\/\"},{\"@type\":\"ListItem\",\"position\":3,\"name\":\"Forza Horizon 5 &#8211; Premium Add-Ons Bundle\"}]},{\"@type\":\"WebSite\",\"@id\":\"https:\\\/\\\/begamer.cz\\\/sk\\\/#website\",\"url\":\"https:\\\/\\\/begamer.cz\\\/sk\\\/\",\"name\":\"BeGamer.cz\",\"description\":\"\",\"publisher\":{\"@id\":\"https:\\\/\\\/begamer.cz\\\/sk\\\/#organization\"},\"potentialAction\":[{\"@type\":\"SearchAction\",\"target\":{\"@type\":\"EntryPoint\",\"urlTemplate\":\"https:\\\/\\\/begamer.cz\\\/sk\\\/?s={search_term_string}\"},\"query-input\":{\"@type\":\"PropertyValueSpecification\",\"valueRequired\":true,\"valueName\":\"search_term_string\"}}],\"inLanguage\":\"sk-SK\"},{\"@type\":\"Organization\",\"@id\":\"https:\\\/\\\/begamer.cz\\\/sk\\\/#organization\",\"name\":\"BeGamer.cz\",\"url\":\"https:\\\/\\\/begamer.cz\\\/sk\\\/\",\"logo\":{\"@type\":\"ImageObject\",\"inLanguage\":\"sk-SK\",\"@id\":\"https:\\\/\\\/begamer.cz\\\/sk\\\/#\\\/schema\\\/logo\\\/image\\\/\",\"url\":\"https:\\\/\\\/begamer.cz\\\/wp-content\\\/uploads\\\/2025\\\/07\\\/logo.svg\",\"contentUrl\":\"https:\\\/\\\/begamer.cz\\\/wp-content\\\/uploads\\\/2025\\\/07\\\/logo.svg\",\"caption\":\"BeGamer.cz\"},\"image\":{\"@id\":\"https:\\\/\\\/begamer.cz\\\/sk\\\/#\\\/schema\\\/logo\\\/image\\\/\"}}]}<\/script>\n<!-- \/ Yoast SEO plugin. -->","yoast_head_json":{"title":"Forza Horizon 5 - Premium Add-Ons Bundle | BeGamer.cz","robots":{"index":"index","follow":"follow","max-snippet":"max-snippet:-1","max-image-preview":"max-image-preview:large","max-video-preview":"max-video-preview:-1"},"canonical":"https:\/\/begamer.cz\/sk\/produkt\/forza-motorsport-and-forza-horizon-5-premium-add-ons-bundle-sk\/","og_locale":"sk_SK","og_type":"article","og_title":"Forza Horizon 5 - Premium Add-Ons Bundle | BeGamer.cz","og_description":"Objavujte Mexiko ako nikdy predt\u00fdm s bal\u00edkom pr\u00e9miov\u00fdch doplnkov Forza Horizon 5. Odomknite exkluz\u00edvne aut\u00e1, nov\u00e9 misie a pr\u00e9miov\u00fd obsah, ktor\u00e9 roz\u0161\u00edria va\u0161e pretek\u00e1rske dobrodru\u017estvo a ponoria v\u00e1s hlb\u0161ie do dynamick\u00e9ho sveta jednej z najsl\u00e1vnej\u0161\u00edch pretek\u00e1rskych hier.","og_url":"https:\/\/begamer.cz\/sk\/produkt\/forza-motorsport-and-forza-horizon-5-premium-add-ons-bundle-sk\/","og_site_name":"BeGamer.cz","article_modified_time":"2026-03-18T01:13:22+00:00","og_image":[{"width":300,"height":400,"url":"https:\/\/begamer.cz\/wp-content\/uploads\/2026\/01\/forza-horizon-5-premium-add-ons-bundle-2.webp","type":"image\/webp"}],"twitter_card":"summary_large_image","twitter_misc":{"Predpokladan\u00fd \u010das \u010d\u00edtania":"2 min\u00faty"},"schema":{"@context":"https:\/\/schema.org","@graph":[{"@type":"WebPage","@id":"https:\/\/begamer.cz\/sk\/produkt\/forza-motorsport-and-forza-horizon-5-premium-add-ons-bundle-sk\/","url":"https:\/\/begamer.cz\/sk\/produkt\/forza-motorsport-and-forza-horizon-5-premium-add-ons-bundle-sk\/","name":"Forza Horizon 5 - Premium Add-Ons Bundle | BeGamer.cz","isPartOf":{"@id":"https:\/\/begamer.cz\/sk\/#website"},"primaryImageOfPage":{"@id":"https:\/\/begamer.cz\/sk\/produkt\/forza-motorsport-and-forza-horizon-5-premium-add-ons-bundle-sk\/#primaryimage"},"image":{"@id":"https:\/\/begamer.cz\/sk\/produkt\/forza-motorsport-and-forza-horizon-5-premium-add-ons-bundle-sk\/#primaryimage"},"thumbnailUrl":"https:\/\/begamer.cz\/wp-content\/uploads\/2026\/01\/forza-horizon-5-premium-add-ons-bundle-2.webp","datePublished":"2026-01-30T14:43:16+00:00","dateModified":"2026-03-18T01:13:22+00:00","breadcrumb":{"@id":"https:\/\/begamer.cz\/sk\/produkt\/forza-motorsport-and-forza-horizon-5-premium-add-ons-bundle-sk\/#breadcrumb"},"inLanguage":"sk-SK","potentialAction":[{"@type":"ReadAction","target":["https:\/\/begamer.cz\/sk\/produkt\/forza-motorsport-and-forza-horizon-5-premium-add-ons-bundle-sk\/"]}]},{"@type":"ImageObject","inLanguage":"sk-SK","@id":"https:\/\/begamer.cz\/sk\/produkt\/forza-motorsport-and-forza-horizon-5-premium-add-ons-bundle-sk\/#primaryimage","url":"https:\/\/begamer.cz\/wp-content\/uploads\/2026\/01\/forza-horizon-5-premium-add-ons-bundle-2.webp","contentUrl":"https:\/\/begamer.cz\/wp-content\/uploads\/2026\/01\/forza-horizon-5-premium-add-ons-bundle-2.webp","width":300,"height":400},{"@type":"BreadcrumbList","@id":"https:\/\/begamer.cz\/sk\/produkt\/forza-motorsport-and-forza-horizon-5-premium-add-ons-bundle-sk\/#breadcrumb","itemListElement":[{"@type":"ListItem","position":1,"name":"Domov","item":"https:\/\/begamer.cz\/sk\/"},{"@type":"ListItem","position":2,"name":"Obchod","item":"https:\/\/begamer.cz\/obchod\/"},{"@type":"ListItem","position":3,"name":"Forza Horizon 5 &#8211; Premium Add-Ons Bundle"}]},{"@type":"WebSite","@id":"https:\/\/begamer.cz\/sk\/#website","url":"https:\/\/begamer.cz\/sk\/","name":"BeGamer.cz","description":"","publisher":{"@id":"https:\/\/begamer.cz\/sk\/#organization"},"potentialAction":[{"@type":"SearchAction","target":{"@type":"EntryPoint","urlTemplate":"https:\/\/begamer.cz\/sk\/?s={search_term_string}"},"query-input":{"@type":"PropertyValueSpecification","valueRequired":true,"valueName":"search_term_string"}}],"inLanguage":"sk-SK"},{"@type":"Organization","@id":"https:\/\/begamer.cz\/sk\/#organization","name":"BeGamer.cz","url":"https:\/\/begamer.cz\/sk\/","logo":{"@type":"ImageObject","inLanguage":"sk-SK","@id":"https:\/\/begamer.cz\/sk\/#\/schema\/logo\/image\/","url":"https:\/\/begamer.cz\/wp-content\/uploads\/2025\/07\/logo.svg","contentUrl":"https:\/\/begamer.cz\/wp-content\/uploads\/2025\/07\/logo.svg","caption":"BeGamer.cz"},"image":{"@id":"https:\/\/begamer.cz\/sk\/#\/schema\/logo\/image\/"}}]}},"acf":[],"_links":{"self":[{"href":"https:\/\/begamer.cz\/sk\/wp-json\/wp\/v2\/product\/93263","targetHints":{"allow":["GET"]}}],"collection":[{"href":"https:\/\/begamer.cz\/sk\/wp-json\/wp\/v2\/product"}],"about":[{"href":"https:\/\/begamer.cz\/sk\/wp-json\/wp\/v2\/types\/product"}],"replies":[{"embeddable":true,"href":"https:\/\/begamer.cz\/sk\/wp-json\/wp\/v2\/comments?post=93263"}],"wp:featuredmedia":[{"embeddable":true,"href":"https:\/\/begamer.cz\/sk\/wp-json\/wp\/v2\/media\/108389"}],"wp:attachment":[{"href":"https:\/\/begamer.cz\/sk\/wp-json\/wp\/v2\/media?parent=93263"}],"wp:term":[{"taxonomy":"product_brand","embeddable":true,"href":"https:\/\/begamer.cz\/sk\/wp-json\/wp\/v2\/product_brand?post=93263"},{"taxonomy":"product_cat","embeddable":true,"href":"https:\/\/begamer.cz\/sk\/wp-json\/wp\/v2\/product_cat?post=93263"},{"taxonomy":"product_tag","embeddable":true,"href":"https:\/\/begamer.cz\/sk\/wp-json\/wp\/v2\/product_tag?post=93263"}],"curies":[{"name":"wp","href":"https:\/\/api.w.org\/{rel}","templated":true}]}}