{"id":93236,"date":"2026-01-30T15:42:49","date_gmt":"2026-01-30T14:42:49","guid":{"rendered":"https:\/\/begamer.cz\/produkt\/minecraft-starter-collection-sk\/"},"modified":"2026-03-18T02:11:54","modified_gmt":"2026-03-18T01:11:54","slug":"minecraft-starter-collection-sk","status":"publish","type":"product","link":"https:\/\/begamer.cz\/sk\/produkt\/minecraft-starter-collection-sk\/","title":{"rendered":"Minecraft Starter Collection"},"content":{"rendered":"<p>Vytvorte \u010doko\u013evek, \u010do si dok\u00e1\u017eete predstavi\u0165. Presk\u00famajte n\u00e1hodne generovan\u00e9 svety. Pre\u017eite nebezpe\u010dn\u00e9 moby v noci.<br \/>\nT\u00e1to kolekcia obsahuje z\u00e1kladn\u00fa hru Minecraft a kompil\u00e1ciu Starter Pack: Greek Mythology Mash-up, Plastic Texture Pack, Skin Pack 1 a Villains Skin Pack. Z\u00edskajte tie\u017e 700 Minecoins, ktor\u00e9 m\u00f4\u017eete pou\u017ei\u0165 v hernom obchode!<\/p>\n","protected":false},"excerpt":{"rendered":"<p>Minecraft Starter Collection pon\u00faka z\u00e1kladn\u00e9 hern\u00e9 bal\u00ed\u010dky, vr\u00e1tane Minecraftu, Super Duper Graphics Packu a bonusov\u00fdch skinov. Je ide\u00e1lny pre nov\u00fdch hr\u00e1\u010dov a pon\u00faka kreat\u00edvne stavanie, dobrodru\u017estvo a vylep\u0161en\u00fa grafiku, v\u010faka \u010domu m\u00f4\u017eete za\u010da\u0165 s hrou Minecraft. Kompatibiln\u00fd s Xbox One a Windows 10.<\/p>\n","protected":false},"featured_media":5734,"comment_status":"open","ping_status":"closed","template":"","meta":{"_acf_changed":false},"product_brand":[],"product_cat":[270,268,266,314,9078],"product_tag":[],"class_list":{"0":"post-93236","1":"product","2":"type-product","3":"status-publish","4":"has-post-thumbnail","6":"product_cat-adventury-pc-hry-sk","7":"product_cat-pc-sk","8":"product_cat-pc-hry-sk","9":"product_cat-simulatory-pc-hry-sk","10":"product_cat-windows-10","11":"pa_developer-mojang-studios","13":"pa_franchises-minecraft","15":"pa_game_type-bundle","17":"pa_genres-adventure","19":"pa_genres-simulator","20":"pa_interface-cs-cz","21":"pa_interface-da-dk","22":"pa_interface-de-de","23":"pa_interface-en-gb","24":"pa_interface-en-us","25":"pa_interface-es-es","26":"pa_interface-es-mx","27":"pa_interface-fi-fi","28":"pa_interface-fr-fr","29":"pa_interface-hu-hu","30":"pa_interface-it-it","31":"pa_interface-ja-jp","32":"pa_interface-ko-kr","33":"pa_interface-nb-no","35":"pa_interface-nl-nl","36":"pa_interface-pl-pl","37":"pa_interface-pt-br","38":"pa_interface-pt-pt","39":"pa_interface-ru-ru","40":"pa_interface-sv-se","41":"pa_interface-tr-tr","42":"pa_interface-zh-cn","43":"pa_interface-zh-tw","44":"pa_modes-co-operative","45":"pa_modes-multiplayer","46":"pa_modes-single-player","47":"pa_modes-split-screen","49":"pa_platform-windows-10","51":"pa_player_perspectives-first-person","52":"pa_player_perspectives-third-person","53":"pa_player_perspectives-virtual-reality","55":"pa_publisher-xbox-game-studios","57":"pa_rating-773","58":"pa_rating-14441","59":"pa_region-europe","61":"pa_themes-action","62":"pa_themes-fantasy","64":"pa_themes-open-world","65":"pa_themes-sandbox","67":"first","68":"outofstock","69":"virtual","70":"taxable","71":"purchasable","72":"product-type-simple"},"yoast_head":"<!-- This site is optimized with the Yoast SEO plugin v27.3 - https:\/\/yoast.com\/product\/yoast-seo-wordpress\/ -->\n<title>Minecraft Starter Collection | BeGamer.cz<\/title>\n<meta name=\"robots\" content=\"index, follow, max-snippet:-1, max-image-preview:large, max-video-preview:-1\" \/>\n<link rel=\"canonical\" href=\"https:\/\/begamer.cz\/sk\/produkt\/minecraft-starter-collection-sk\/\" \/>\n<meta property=\"og:locale\" content=\"sk_SK\" \/>\n<meta property=\"og:type\" content=\"article\" \/>\n<meta property=\"og:title\" content=\"Minecraft Starter Collection | BeGamer.cz\" \/>\n<meta property=\"og:description\" content=\"Minecraft Starter Collection pon\u00faka z\u00e1kladn\u00e9 hern\u00e9 bal\u00ed\u010dky, vr\u00e1tane Minecraftu, Super Duper Graphics Packu a bonusov\u00fdch skinov. Je ide\u00e1lny pre nov\u00fdch hr\u00e1\u010dov a pon\u00faka kreat\u00edvne stavanie, dobrodru\u017estvo a vylep\u0161en\u00fa grafiku, v\u010faka \u010domu m\u00f4\u017eete za\u010da\u0165 s hrou Minecraft. Kompatibiln\u00fd s Xbox One a Windows 10.\" \/>\n<meta property=\"og:url\" content=\"https:\/\/begamer.cz\/sk\/produkt\/minecraft-starter-collection-sk\/\" \/>\n<meta property=\"og:site_name\" content=\"BeGamer.cz\" \/>\n<meta property=\"article:modified_time\" content=\"2026-03-18T01:11:54+00:00\" \/>\n<meta property=\"og:image\" content=\"https:\/\/begamer.cz\/wp-content\/uploads\/2026\/01\/minecraft-starter-collection-12.webp\" \/>\n\t<meta property=\"og:image:width\" content=\"300\" \/>\n\t<meta property=\"og:image:height\" content=\"400\" \/>\n\t<meta property=\"og:image:type\" content=\"image\/webp\" \/>\n<meta name=\"twitter:card\" content=\"summary_large_image\" \/>\n<script type=\"application\/ld+json\" class=\"yoast-schema-graph\">{\"@context\":\"https:\\\/\\\/schema.org\",\"@graph\":[{\"@type\":\"WebPage\",\"@id\":\"https:\\\/\\\/begamer.cz\\\/sk\\\/produkt\\\/minecraft-starter-collection-sk\\\/\",\"url\":\"https:\\\/\\\/begamer.cz\\\/sk\\\/produkt\\\/minecraft-starter-collection-sk\\\/\",\"name\":\"Minecraft Starter Collection | BeGamer.cz\",\"isPartOf\":{\"@id\":\"https:\\\/\\\/begamer.cz\\\/sk\\\/#website\"},\"primaryImageOfPage\":{\"@id\":\"https:\\\/\\\/begamer.cz\\\/sk\\\/produkt\\\/minecraft-starter-collection-sk\\\/#primaryimage\"},\"image\":{\"@id\":\"https:\\\/\\\/begamer.cz\\\/sk\\\/produkt\\\/minecraft-starter-collection-sk\\\/#primaryimage\"},\"thumbnailUrl\":\"https:\\\/\\\/begamer.cz\\\/wp-content\\\/uploads\\\/2026\\\/01\\\/minecraft-starter-collection-12.webp\",\"datePublished\":\"2026-01-30T14:42:49+00:00\",\"dateModified\":\"2026-03-18T01:11:54+00:00\",\"breadcrumb\":{\"@id\":\"https:\\\/\\\/begamer.cz\\\/sk\\\/produkt\\\/minecraft-starter-collection-sk\\\/#breadcrumb\"},\"inLanguage\":\"sk-SK\",\"potentialAction\":[{\"@type\":\"ReadAction\",\"target\":[\"https:\\\/\\\/begamer.cz\\\/sk\\\/produkt\\\/minecraft-starter-collection-sk\\\/\"]}]},{\"@type\":\"ImageObject\",\"inLanguage\":\"sk-SK\",\"@id\":\"https:\\\/\\\/begamer.cz\\\/sk\\\/produkt\\\/minecraft-starter-collection-sk\\\/#primaryimage\",\"url\":\"https:\\\/\\\/begamer.cz\\\/wp-content\\\/uploads\\\/2026\\\/01\\\/minecraft-starter-collection-12.webp\",\"contentUrl\":\"https:\\\/\\\/begamer.cz\\\/wp-content\\\/uploads\\\/2026\\\/01\\\/minecraft-starter-collection-12.webp\",\"width\":300,\"height\":400},{\"@type\":\"BreadcrumbList\",\"@id\":\"https:\\\/\\\/begamer.cz\\\/sk\\\/produkt\\\/minecraft-starter-collection-sk\\\/#breadcrumb\",\"itemListElement\":[{\"@type\":\"ListItem\",\"position\":1,\"name\":\"Domov\",\"item\":\"https:\\\/\\\/begamer.cz\\\/sk\\\/\"},{\"@type\":\"ListItem\",\"position\":2,\"name\":\"Obchod\",\"item\":\"https:\\\/\\\/begamer.cz\\\/obchod\\\/\"},{\"@type\":\"ListItem\",\"position\":3,\"name\":\"Minecraft Starter Collection\"}]},{\"@type\":\"WebSite\",\"@id\":\"https:\\\/\\\/begamer.cz\\\/sk\\\/#website\",\"url\":\"https:\\\/\\\/begamer.cz\\\/sk\\\/\",\"name\":\"BeGamer.cz\",\"description\":\"\",\"publisher\":{\"@id\":\"https:\\\/\\\/begamer.cz\\\/sk\\\/#organization\"},\"potentialAction\":[{\"@type\":\"SearchAction\",\"target\":{\"@type\":\"EntryPoint\",\"urlTemplate\":\"https:\\\/\\\/begamer.cz\\\/sk\\\/?s={search_term_string}\"},\"query-input\":{\"@type\":\"PropertyValueSpecification\",\"valueRequired\":true,\"valueName\":\"search_term_string\"}}],\"inLanguage\":\"sk-SK\"},{\"@type\":\"Organization\",\"@id\":\"https:\\\/\\\/begamer.cz\\\/sk\\\/#organization\",\"name\":\"BeGamer.cz\",\"url\":\"https:\\\/\\\/begamer.cz\\\/sk\\\/\",\"logo\":{\"@type\":\"ImageObject\",\"inLanguage\":\"sk-SK\",\"@id\":\"https:\\\/\\\/begamer.cz\\\/sk\\\/#\\\/schema\\\/logo\\\/image\\\/\",\"url\":\"https:\\\/\\\/begamer.cz\\\/wp-content\\\/uploads\\\/2025\\\/07\\\/logo.svg\",\"contentUrl\":\"https:\\\/\\\/begamer.cz\\\/wp-content\\\/uploads\\\/2025\\\/07\\\/logo.svg\",\"caption\":\"BeGamer.cz\"},\"image\":{\"@id\":\"https:\\\/\\\/begamer.cz\\\/sk\\\/#\\\/schema\\\/logo\\\/image\\\/\"}}]}<\/script>\n<!-- \/ Yoast SEO plugin. -->","yoast_head_json":{"title":"Minecraft Starter Collection | BeGamer.cz","robots":{"index":"index","follow":"follow","max-snippet":"max-snippet:-1","max-image-preview":"max-image-preview:large","max-video-preview":"max-video-preview:-1"},"canonical":"https:\/\/begamer.cz\/sk\/produkt\/minecraft-starter-collection-sk\/","og_locale":"sk_SK","og_type":"article","og_title":"Minecraft Starter Collection | BeGamer.cz","og_description":"Minecraft Starter Collection pon\u00faka z\u00e1kladn\u00e9 hern\u00e9 bal\u00ed\u010dky, vr\u00e1tane Minecraftu, Super Duper Graphics Packu a bonusov\u00fdch skinov. Je ide\u00e1lny pre nov\u00fdch hr\u00e1\u010dov a pon\u00faka kreat\u00edvne stavanie, dobrodru\u017estvo a vylep\u0161en\u00fa grafiku, v\u010faka \u010domu m\u00f4\u017eete za\u010da\u0165 s hrou Minecraft. Kompatibiln\u00fd s Xbox One a Windows 10.","og_url":"https:\/\/begamer.cz\/sk\/produkt\/minecraft-starter-collection-sk\/","og_site_name":"BeGamer.cz","article_modified_time":"2026-03-18T01:11:54+00:00","og_image":[{"width":300,"height":400,"url":"https:\/\/begamer.cz\/wp-content\/uploads\/2026\/01\/minecraft-starter-collection-12.webp","type":"image\/webp"}],"twitter_card":"summary_large_image","schema":{"@context":"https:\/\/schema.org","@graph":[{"@type":"WebPage","@id":"https:\/\/begamer.cz\/sk\/produkt\/minecraft-starter-collection-sk\/","url":"https:\/\/begamer.cz\/sk\/produkt\/minecraft-starter-collection-sk\/","name":"Minecraft Starter Collection | BeGamer.cz","isPartOf":{"@id":"https:\/\/begamer.cz\/sk\/#website"},"primaryImageOfPage":{"@id":"https:\/\/begamer.cz\/sk\/produkt\/minecraft-starter-collection-sk\/#primaryimage"},"image":{"@id":"https:\/\/begamer.cz\/sk\/produkt\/minecraft-starter-collection-sk\/#primaryimage"},"thumbnailUrl":"https:\/\/begamer.cz\/wp-content\/uploads\/2026\/01\/minecraft-starter-collection-12.webp","datePublished":"2026-01-30T14:42:49+00:00","dateModified":"2026-03-18T01:11:54+00:00","breadcrumb":{"@id":"https:\/\/begamer.cz\/sk\/produkt\/minecraft-starter-collection-sk\/#breadcrumb"},"inLanguage":"sk-SK","potentialAction":[{"@type":"ReadAction","target":["https:\/\/begamer.cz\/sk\/produkt\/minecraft-starter-collection-sk\/"]}]},{"@type":"ImageObject","inLanguage":"sk-SK","@id":"https:\/\/begamer.cz\/sk\/produkt\/minecraft-starter-collection-sk\/#primaryimage","url":"https:\/\/begamer.cz\/wp-content\/uploads\/2026\/01\/minecraft-starter-collection-12.webp","contentUrl":"https:\/\/begamer.cz\/wp-content\/uploads\/2026\/01\/minecraft-starter-collection-12.webp","width":300,"height":400},{"@type":"BreadcrumbList","@id":"https:\/\/begamer.cz\/sk\/produkt\/minecraft-starter-collection-sk\/#breadcrumb","itemListElement":[{"@type":"ListItem","position":1,"name":"Domov","item":"https:\/\/begamer.cz\/sk\/"},{"@type":"ListItem","position":2,"name":"Obchod","item":"https:\/\/begamer.cz\/obchod\/"},{"@type":"ListItem","position":3,"name":"Minecraft Starter Collection"}]},{"@type":"WebSite","@id":"https:\/\/begamer.cz\/sk\/#website","url":"https:\/\/begamer.cz\/sk\/","name":"BeGamer.cz","description":"","publisher":{"@id":"https:\/\/begamer.cz\/sk\/#organization"},"potentialAction":[{"@type":"SearchAction","target":{"@type":"EntryPoint","urlTemplate":"https:\/\/begamer.cz\/sk\/?s={search_term_string}"},"query-input":{"@type":"PropertyValueSpecification","valueRequired":true,"valueName":"search_term_string"}}],"inLanguage":"sk-SK"},{"@type":"Organization","@id":"https:\/\/begamer.cz\/sk\/#organization","name":"BeGamer.cz","url":"https:\/\/begamer.cz\/sk\/","logo":{"@type":"ImageObject","inLanguage":"sk-SK","@id":"https:\/\/begamer.cz\/sk\/#\/schema\/logo\/image\/","url":"https:\/\/begamer.cz\/wp-content\/uploads\/2025\/07\/logo.svg","contentUrl":"https:\/\/begamer.cz\/wp-content\/uploads\/2025\/07\/logo.svg","caption":"BeGamer.cz"},"image":{"@id":"https:\/\/begamer.cz\/sk\/#\/schema\/logo\/image\/"}}]}},"acf":[],"_links":{"self":[{"href":"https:\/\/begamer.cz\/sk\/wp-json\/wp\/v2\/product\/93236","targetHints":{"allow":["GET"]}}],"collection":[{"href":"https:\/\/begamer.cz\/sk\/wp-json\/wp\/v2\/product"}],"about":[{"href":"https:\/\/begamer.cz\/sk\/wp-json\/wp\/v2\/types\/product"}],"replies":[{"embeddable":true,"href":"https:\/\/begamer.cz\/sk\/wp-json\/wp\/v2\/comments?post=93236"}],"wp:featuredmedia":[{"embeddable":true,"href":"https:\/\/begamer.cz\/sk\/wp-json\/wp\/v2\/media\/5734"}],"wp:attachment":[{"href":"https:\/\/begamer.cz\/sk\/wp-json\/wp\/v2\/media?parent=93236"}],"wp:term":[{"taxonomy":"product_brand","embeddable":true,"href":"https:\/\/begamer.cz\/sk\/wp-json\/wp\/v2\/product_brand?post=93236"},{"taxonomy":"product_cat","embeddable":true,"href":"https:\/\/begamer.cz\/sk\/wp-json\/wp\/v2\/product_cat?post=93236"},{"taxonomy":"product_tag","embeddable":true,"href":"https:\/\/begamer.cz\/sk\/wp-json\/wp\/v2\/product_tag?post=93236"}],"curies":[{"name":"wp","href":"https:\/\/api.w.org\/{rel}","templated":true}]}}