{"id":93218,"date":"2026-01-30T15:42:29","date_gmt":"2026-01-30T14:42:29","guid":{"rendered":"https:\/\/begamer.cz\/produkt\/super-luckys-tale-sk\/"},"modified":"2026-03-18T02:10:53","modified_gmt":"2026-03-18T01:10:53","slug":"super-luckys-tale-sk","status":"publish","type":"product","link":"https:\/\/begamer.cz\/sk\/produkt\/super-luckys-tale-sk\/","title":{"rendered":"Super Lucky\u2019s Tale"},"content":{"rendered":"<h1>O hre<\/h1>\n<p>Vitajte v dobrodru\u017estve!<\/p>\n<p>Super Lucky\u2019s Tale je z\u00e1bavn\u00e1 plo\u0161inovka pre v\u0161etky vekov\u00e9 kateg\u00f3rie, v ktorej sledujete Luckyho, ve\u010dne optimistick\u00e9ho, energick\u00e9ho a mil\u00e9ho hrdinu, na jeho ceste za h\u013eadan\u00edm svojej vn\u00fatornej sily a pomocou svojej sestre pri z\u00e1chrane Knihy vekov pred Jinxom. Jinx je intrig\u00e1nsky a tajomn\u00fd zloduch, ktor\u00fd sa sna\u017e\u00ed pretvori\u0165 svet, ale z ak\u00e9ho d\u00f4vodu?<\/p>\n<p>Po ceste stretnete z\u00e1bavn\u00fdch ved\u013eaj\u0161\u00edch hrdinov, priate\u013eov a nepriate\u013eov.  Lucky sa mus\u00ed postavi\u0165 proti zlomyse\u013en\u00fdm Kitty Litter, Jinxov\u00fdm nezbedn\u00fdm de\u0165om \u2013 samoukom, ktor\u00ed mo\u017eno celkom nerozumej\u00fa Jinxov\u00fdm pl\u00e1nom.  Lucky po ceste stret\u00e1va aj priate\u013eov a spojencov.  Stret\u00e1va sa s Yeti, Kookie Spookies, dedinou farm\u00e1rskych \u010derv\u00edkov a \u010fal\u0161\u00edmi farebn\u00fdmi priate\u013emi, ktor\u00ed ob\u00fdvaj\u00fa Knihu vekov.<\/p>\n<p>Otestujte svoje zru\u010dnosti v h\u00e1dank\u00e1ch a nervy dr\u00e1saj\u00facich prek\u00e1\u017ekov\u00fdch dr\u00e1hach.  Presk\u00famajte skryt\u00e9 tajomstv\u00e1 nov\u00fdch svetov s Luckyho charakteristick\u00fdm pohybom \u201eburrow\u201c.  Ponorte sa do nepredv\u00eddate\u013en\u00fdch okopov alebo vysk\u00fa\u0161ajte diabolsk\u00e9 \u00farovne s bo\u010dn\u00fdm pos\u00favan\u00edm, aby ste odomkli \u010fal\u0161ie odmeny.<\/p>\n<p>Vr\u00e1\u0165te sa do \u00e9ry klasick\u00fdch plo\u0161inov\u00fdch hier s v\u00fdzvami, ktor\u00e9 si m\u00f4\u017eu u\u017ei\u0165 hr\u00e1\u010di v\u0161etk\u00fdch \u00farovn\u00ed zru\u010dnost\u00ed a v\u0161etk\u00fdch vekov\u00fdch kateg\u00f3ri\u00ed.<\/p>\n","protected":false},"excerpt":{"rendered":"<p>P\u00f4vabn\u00e1 plo\u0161inovka pre v\u0161etky vekov\u00e9 kateg\u00f3rie, v ktorej sledujete Luckyho, ve\u010dne optimistick\u00e9ho, energick\u00e9ho a mil\u00e9ho hrdinu, na jeho ceste za h\u013eadan\u00edm svojej vn\u00fatornej sily a pomocou svojej sestre pri z\u00e1chrane Knihy vekov pred Jinxom. Jinx je intrig\u00e1nsky a tajomn\u00fd zloduch, ktor\u00fd sa sna\u017e\u00ed pretvori\u0165 svet, ale z ak\u00e9ho d\u00f4vodu?<\/p>\n","protected":false},"featured_media":5617,"comment_status":"open","ping_status":"closed","template":"","meta":{"_acf_changed":false},"product_brand":[],"product_cat":[419,423,268,266,9078,398,400],"product_tag":[],"class_list":{"0":"post-93218","1":"product","2":"type-product","3":"status-publish","4":"has-post-thumbnail","6":"product_cat-adventury-xbox-one-sk","7":"product_cat-dobrodruzne-xbox-one-sk","8":"product_cat-pc-sk","9":"product_cat-pc-hry-sk","10":"product_cat-windows-10","11":"product_cat-xbox-hry-sk","12":"product_cat-xbox-one-sk","13":"pa_audio-de-de","14":"pa_audio-en-us","15":"pa_audio-es-es","16":"pa_audio-es-mx","17":"pa_audio-fr-fr","18":"pa_audio-it-it","19":"pa_audio-pt-br","20":"pa_audio-pt-pt","22":"pa_audio-ru-ru","23":"pa_developer-playful-corporation","25":"pa_game_type-main_game","27":"pa_genres-adventure","28":"pa_genres-platform","30":"pa_interface-cs-cz","31":"pa_interface-da-dk","32":"pa_interface-de-de","33":"pa_interface-en-us","34":"pa_interface-es-es","35":"pa_interface-es-mx","36":"pa_interface-fi-fi","37":"pa_interface-fr-fr","38":"pa_interface-hu-hu","39":"pa_interface-it-it","40":"pa_interface-ja-jp","41":"pa_interface-ko-kr","42":"pa_interface-nb-no","44":"pa_interface-nl-nl","45":"pa_interface-pl-pl","46":"pa_interface-pt-br","47":"pa_interface-pt-pt","48":"pa_interface-ru-ru","49":"pa_interface-sv-se","50":"pa_interface-tr-tr","51":"pa_interface-zh-cn","52":"pa_interface-zh-tw","53":"pa_keywords-4k-ultra-hd","54":"pa_keywords-family-friendly","55":"pa_keywords-pax-west-2017","56":"pa_keywords-xbox-live","58":"pa_keywords-xbox-live-achievements","59":"pa_keywords-xbox-one-x-enhanced","60":"pa_keywords-xbox-play-anywhere","61":"pa_modes-single-player","63":"pa_pegi-943","64":"pa_pegi-13430","65":"pa_platform-xbox-one-windows-10","67":"pa_player_perspectives-third-person","69":"pa_publisher-microsoft-studios","71":"pa_rating-2320","72":"pa_rating-14588","73":"pa_region-europe","75":"pa_subtitles-cs-cz","76":"pa_subtitles-da-dk","77":"pa_subtitles-de-de","78":"pa_subtitles-en-us","79":"pa_subtitles-es-es","80":"pa_subtitles-es-mx","81":"pa_subtitles-fi-fi","82":"pa_subtitles-fr-fr","83":"pa_subtitles-hu-hu","84":"pa_subtitles-it-it","85":"pa_subtitles-ja-jp","86":"pa_subtitles-ko-kr","87":"pa_subtitles-nb-no","89":"pa_subtitles-nl-nl","90":"pa_subtitles-pl-pl","91":"pa_subtitles-pt-br","92":"pa_subtitles-pt-pt","93":"pa_subtitles-ru-ru","94":"pa_subtitles-sv-se","95":"pa_subtitles-tr-tr","96":"pa_subtitles-zh-cn","97":"pa_subtitles-zh-tw","98":"pa_themes-action","99":"pa_themes-fantasy","102":"first","103":"instock","104":"virtual","105":"taxable","106":"purchasable","107":"product-type-simple"},"yoast_head":"<!-- This site is optimized with the Yoast SEO plugin v27.3 - https:\/\/yoast.com\/product\/yoast-seo-wordpress\/ -->\n<title>Super Lucky&#039;s Tale | BeGamer.cz<\/title>\n<meta name=\"robots\" content=\"index, follow, max-snippet:-1, max-image-preview:large, max-video-preview:-1\" \/>\n<link rel=\"canonical\" href=\"https:\/\/begamer.cz\/sk\/produkt\/super-luckys-tale-sk\/\" \/>\n<meta property=\"og:locale\" content=\"sk_SK\" \/>\n<meta property=\"og:type\" content=\"article\" \/>\n<meta property=\"og:title\" content=\"Super Lucky&#039;s Tale | BeGamer.cz\" \/>\n<meta property=\"og:description\" content=\"P\u00f4vabn\u00e1 plo\u0161inovka pre v\u0161etky vekov\u00e9 kateg\u00f3rie, v ktorej sledujete Luckyho, ve\u010dne optimistick\u00e9ho, energick\u00e9ho a mil\u00e9ho hrdinu, na jeho ceste za h\u013eadan\u00edm svojej vn\u00fatornej sily a pomocou svojej sestre pri z\u00e1chrane Knihy vekov pred Jinxom. Jinx je intrig\u00e1nsky a tajomn\u00fd zloduch, ktor\u00fd sa sna\u017e\u00ed pretvori\u0165 svet, ale z ak\u00e9ho d\u00f4vodu?\" \/>\n<meta property=\"og:url\" content=\"https:\/\/begamer.cz\/sk\/produkt\/super-luckys-tale-sk\/\" \/>\n<meta property=\"og:site_name\" content=\"BeGamer.cz\" \/>\n<meta property=\"article:modified_time\" content=\"2026-03-18T01:10:53+00:00\" \/>\n<meta property=\"og:image\" content=\"https:\/\/begamer.cz\/wp-content\/uploads\/2026\/01\/super-luckys-tale-5.webp\" \/>\n\t<meta property=\"og:image:width\" content=\"300\" \/>\n\t<meta property=\"og:image:height\" content=\"400\" \/>\n\t<meta property=\"og:image:type\" content=\"image\/webp\" \/>\n<meta name=\"twitter:card\" content=\"summary_large_image\" \/>\n<meta name=\"twitter:label1\" content=\"Predpokladan\u00fd \u010das \u010d\u00edtania\" \/>\n\t<meta name=\"twitter:data1\" content=\"1 min\u00fata\" \/>\n<script type=\"application\/ld+json\" class=\"yoast-schema-graph\">{\"@context\":\"https:\\\/\\\/schema.org\",\"@graph\":[{\"@type\":\"WebPage\",\"@id\":\"https:\\\/\\\/begamer.cz\\\/sk\\\/produkt\\\/super-luckys-tale-sk\\\/\",\"url\":\"https:\\\/\\\/begamer.cz\\\/sk\\\/produkt\\\/super-luckys-tale-sk\\\/\",\"name\":\"Super Lucky's Tale | BeGamer.cz\",\"isPartOf\":{\"@id\":\"https:\\\/\\\/begamer.cz\\\/sk\\\/#website\"},\"primaryImageOfPage\":{\"@id\":\"https:\\\/\\\/begamer.cz\\\/sk\\\/produkt\\\/super-luckys-tale-sk\\\/#primaryimage\"},\"image\":{\"@id\":\"https:\\\/\\\/begamer.cz\\\/sk\\\/produkt\\\/super-luckys-tale-sk\\\/#primaryimage\"},\"thumbnailUrl\":\"https:\\\/\\\/begamer.cz\\\/wp-content\\\/uploads\\\/2026\\\/01\\\/super-luckys-tale-5.webp\",\"datePublished\":\"2026-01-30T14:42:29+00:00\",\"dateModified\":\"2026-03-18T01:10:53+00:00\",\"breadcrumb\":{\"@id\":\"https:\\\/\\\/begamer.cz\\\/sk\\\/produkt\\\/super-luckys-tale-sk\\\/#breadcrumb\"},\"inLanguage\":\"sk-SK\",\"potentialAction\":[{\"@type\":\"ReadAction\",\"target\":[\"https:\\\/\\\/begamer.cz\\\/sk\\\/produkt\\\/super-luckys-tale-sk\\\/\"]}]},{\"@type\":\"ImageObject\",\"inLanguage\":\"sk-SK\",\"@id\":\"https:\\\/\\\/begamer.cz\\\/sk\\\/produkt\\\/super-luckys-tale-sk\\\/#primaryimage\",\"url\":\"https:\\\/\\\/begamer.cz\\\/wp-content\\\/uploads\\\/2026\\\/01\\\/super-luckys-tale-5.webp\",\"contentUrl\":\"https:\\\/\\\/begamer.cz\\\/wp-content\\\/uploads\\\/2026\\\/01\\\/super-luckys-tale-5.webp\",\"width\":300,\"height\":400},{\"@type\":\"BreadcrumbList\",\"@id\":\"https:\\\/\\\/begamer.cz\\\/sk\\\/produkt\\\/super-luckys-tale-sk\\\/#breadcrumb\",\"itemListElement\":[{\"@type\":\"ListItem\",\"position\":1,\"name\":\"Domov\",\"item\":\"https:\\\/\\\/begamer.cz\\\/sk\\\/\"},{\"@type\":\"ListItem\",\"position\":2,\"name\":\"Obchod\",\"item\":\"https:\\\/\\\/begamer.cz\\\/obchod\\\/\"},{\"@type\":\"ListItem\",\"position\":3,\"name\":\"Super Lucky&#8217;s Tale\"}]},{\"@type\":\"WebSite\",\"@id\":\"https:\\\/\\\/begamer.cz\\\/sk\\\/#website\",\"url\":\"https:\\\/\\\/begamer.cz\\\/sk\\\/\",\"name\":\"BeGamer.cz\",\"description\":\"\",\"publisher\":{\"@id\":\"https:\\\/\\\/begamer.cz\\\/sk\\\/#organization\"},\"potentialAction\":[{\"@type\":\"SearchAction\",\"target\":{\"@type\":\"EntryPoint\",\"urlTemplate\":\"https:\\\/\\\/begamer.cz\\\/sk\\\/?s={search_term_string}\"},\"query-input\":{\"@type\":\"PropertyValueSpecification\",\"valueRequired\":true,\"valueName\":\"search_term_string\"}}],\"inLanguage\":\"sk-SK\"},{\"@type\":\"Organization\",\"@id\":\"https:\\\/\\\/begamer.cz\\\/sk\\\/#organization\",\"name\":\"BeGamer.cz\",\"url\":\"https:\\\/\\\/begamer.cz\\\/sk\\\/\",\"logo\":{\"@type\":\"ImageObject\",\"inLanguage\":\"sk-SK\",\"@id\":\"https:\\\/\\\/begamer.cz\\\/sk\\\/#\\\/schema\\\/logo\\\/image\\\/\",\"url\":\"https:\\\/\\\/begamer.cz\\\/wp-content\\\/uploads\\\/2025\\\/07\\\/logo.svg\",\"contentUrl\":\"https:\\\/\\\/begamer.cz\\\/wp-content\\\/uploads\\\/2025\\\/07\\\/logo.svg\",\"caption\":\"BeGamer.cz\"},\"image\":{\"@id\":\"https:\\\/\\\/begamer.cz\\\/sk\\\/#\\\/schema\\\/logo\\\/image\\\/\"}}]}<\/script>\n<!-- \/ Yoast SEO plugin. -->","yoast_head_json":{"title":"Super Lucky's Tale | BeGamer.cz","robots":{"index":"index","follow":"follow","max-snippet":"max-snippet:-1","max-image-preview":"max-image-preview:large","max-video-preview":"max-video-preview:-1"},"canonical":"https:\/\/begamer.cz\/sk\/produkt\/super-luckys-tale-sk\/","og_locale":"sk_SK","og_type":"article","og_title":"Super Lucky's Tale | BeGamer.cz","og_description":"P\u00f4vabn\u00e1 plo\u0161inovka pre v\u0161etky vekov\u00e9 kateg\u00f3rie, v ktorej sledujete Luckyho, ve\u010dne optimistick\u00e9ho, energick\u00e9ho a mil\u00e9ho hrdinu, na jeho ceste za h\u013eadan\u00edm svojej vn\u00fatornej sily a pomocou svojej sestre pri z\u00e1chrane Knihy vekov pred Jinxom. Jinx je intrig\u00e1nsky a tajomn\u00fd zloduch, ktor\u00fd sa sna\u017e\u00ed pretvori\u0165 svet, ale z ak\u00e9ho d\u00f4vodu?","og_url":"https:\/\/begamer.cz\/sk\/produkt\/super-luckys-tale-sk\/","og_site_name":"BeGamer.cz","article_modified_time":"2026-03-18T01:10:53+00:00","og_image":[{"width":300,"height":400,"url":"https:\/\/begamer.cz\/wp-content\/uploads\/2026\/01\/super-luckys-tale-5.webp","type":"image\/webp"}],"twitter_card":"summary_large_image","twitter_misc":{"Predpokladan\u00fd \u010das \u010d\u00edtania":"1 min\u00fata"},"schema":{"@context":"https:\/\/schema.org","@graph":[{"@type":"WebPage","@id":"https:\/\/begamer.cz\/sk\/produkt\/super-luckys-tale-sk\/","url":"https:\/\/begamer.cz\/sk\/produkt\/super-luckys-tale-sk\/","name":"Super Lucky's Tale | BeGamer.cz","isPartOf":{"@id":"https:\/\/begamer.cz\/sk\/#website"},"primaryImageOfPage":{"@id":"https:\/\/begamer.cz\/sk\/produkt\/super-luckys-tale-sk\/#primaryimage"},"image":{"@id":"https:\/\/begamer.cz\/sk\/produkt\/super-luckys-tale-sk\/#primaryimage"},"thumbnailUrl":"https:\/\/begamer.cz\/wp-content\/uploads\/2026\/01\/super-luckys-tale-5.webp","datePublished":"2026-01-30T14:42:29+00:00","dateModified":"2026-03-18T01:10:53+00:00","breadcrumb":{"@id":"https:\/\/begamer.cz\/sk\/produkt\/super-luckys-tale-sk\/#breadcrumb"},"inLanguage":"sk-SK","potentialAction":[{"@type":"ReadAction","target":["https:\/\/begamer.cz\/sk\/produkt\/super-luckys-tale-sk\/"]}]},{"@type":"ImageObject","inLanguage":"sk-SK","@id":"https:\/\/begamer.cz\/sk\/produkt\/super-luckys-tale-sk\/#primaryimage","url":"https:\/\/begamer.cz\/wp-content\/uploads\/2026\/01\/super-luckys-tale-5.webp","contentUrl":"https:\/\/begamer.cz\/wp-content\/uploads\/2026\/01\/super-luckys-tale-5.webp","width":300,"height":400},{"@type":"BreadcrumbList","@id":"https:\/\/begamer.cz\/sk\/produkt\/super-luckys-tale-sk\/#breadcrumb","itemListElement":[{"@type":"ListItem","position":1,"name":"Domov","item":"https:\/\/begamer.cz\/sk\/"},{"@type":"ListItem","position":2,"name":"Obchod","item":"https:\/\/begamer.cz\/obchod\/"},{"@type":"ListItem","position":3,"name":"Super Lucky&#8217;s Tale"}]},{"@type":"WebSite","@id":"https:\/\/begamer.cz\/sk\/#website","url":"https:\/\/begamer.cz\/sk\/","name":"BeGamer.cz","description":"","publisher":{"@id":"https:\/\/begamer.cz\/sk\/#organization"},"potentialAction":[{"@type":"SearchAction","target":{"@type":"EntryPoint","urlTemplate":"https:\/\/begamer.cz\/sk\/?s={search_term_string}"},"query-input":{"@type":"PropertyValueSpecification","valueRequired":true,"valueName":"search_term_string"}}],"inLanguage":"sk-SK"},{"@type":"Organization","@id":"https:\/\/begamer.cz\/sk\/#organization","name":"BeGamer.cz","url":"https:\/\/begamer.cz\/sk\/","logo":{"@type":"ImageObject","inLanguage":"sk-SK","@id":"https:\/\/begamer.cz\/sk\/#\/schema\/logo\/image\/","url":"https:\/\/begamer.cz\/wp-content\/uploads\/2025\/07\/logo.svg","contentUrl":"https:\/\/begamer.cz\/wp-content\/uploads\/2025\/07\/logo.svg","caption":"BeGamer.cz"},"image":{"@id":"https:\/\/begamer.cz\/sk\/#\/schema\/logo\/image\/"}}]}},"acf":[],"_links":{"self":[{"href":"https:\/\/begamer.cz\/sk\/wp-json\/wp\/v2\/product\/93218","targetHints":{"allow":["GET"]}}],"collection":[{"href":"https:\/\/begamer.cz\/sk\/wp-json\/wp\/v2\/product"}],"about":[{"href":"https:\/\/begamer.cz\/sk\/wp-json\/wp\/v2\/types\/product"}],"replies":[{"embeddable":true,"href":"https:\/\/begamer.cz\/sk\/wp-json\/wp\/v2\/comments?post=93218"}],"wp:featuredmedia":[{"embeddable":true,"href":"https:\/\/begamer.cz\/sk\/wp-json\/wp\/v2\/media\/5617"}],"wp:attachment":[{"href":"https:\/\/begamer.cz\/sk\/wp-json\/wp\/v2\/media?parent=93218"}],"wp:term":[{"taxonomy":"product_brand","embeddable":true,"href":"https:\/\/begamer.cz\/sk\/wp-json\/wp\/v2\/product_brand?post=93218"},{"taxonomy":"product_cat","embeddable":true,"href":"https:\/\/begamer.cz\/sk\/wp-json\/wp\/v2\/product_cat?post=93218"},{"taxonomy":"product_tag","embeddable":true,"href":"https:\/\/begamer.cz\/sk\/wp-json\/wp\/v2\/product_tag?post=93218"}],"curies":[{"name":"wp","href":"https:\/\/api.w.org\/{rel}","templated":true}]}}