{"id":93203,"date":"2026-01-30T15:42:14","date_gmt":"2026-01-30T14:42:14","guid":{"rendered":"https:\/\/begamer.cz\/produkt\/forza-horizon-5-vip-membership-dlc-sk\/"},"modified":"2026-03-18T02:10:18","modified_gmt":"2026-03-18T01:10:18","slug":"forza-horizon-5-vip-membership-dlc-sk","status":"publish","type":"product","link":"https:\/\/begamer.cz\/sk\/produkt\/forza-horizon-5-vip-membership-dlc-sk\/","title":{"rendered":"Forza Horizon 5 VIP"},"content":{"rendered":"<p>VIP \u010dlenstvo v hre Forza Horizon 5 pon\u00faka exkluz\u00edvne odmeny, ktor\u00e9 v\u00e1m pom\u00f4\u017eu vylep\u0161i\u0165 hru a vynikn\u00fa\u0165 na festivale Horizon.  VIP \u010dlenovia z\u00edskaj\u00fa 3 exkluz\u00edvne aut\u00e1 Forza Edition, Crown Flair, kozmetick\u00e9 predmety, em\u00f3cie a klaks\u00f3n, dar\u010dekov\u00fd hr\u00e1\u010dsky dom, dvojn\u00e1sobn\u00e9 odmeny za preteky, t\u00fd\u017edenn\u00e9 bonusov\u00e9 Super Wheelspins a \u010fal\u0161ie v\u00fdhody. VIP \u010dlenstvo je mo\u017en\u00e9 zak\u00fapi\u0165 samostatne a je s\u00fa\u010das\u0165ou bal\u00edka Premium Edition a Premium Add-Ons Bundle.<br \/>\nSta\u0148te sa VIP e\u0161te dnes!<\/p>\n","protected":false},"excerpt":{"rendered":"<p>VIP \u010dlenstvo v hre Forza Horizon 5 pon\u00faka exkluz\u00edvne odmeny, ktor\u00e9 v\u00e1m pom\u00f4\u017eu vylep\u0161i\u0165 hru a vynikn\u00fa\u0165 na festivale Horizon.<\/p>\n","protected":false},"featured_media":108380,"comment_status":"open","ping_status":"closed","template":"","meta":{"_acf_changed":false},"product_brand":[],"product_cat":[398,438],"product_tag":[],"class_list":{"0":"post-93203","1":"product","2":"type-product","3":"status-publish","4":"has-post-thumbnail","6":"product_cat-xbox-hry-sk","7":"product_cat-xbox-series-x-s-sk","8":"pa_countries-at","9":"pa_countries-be","10":"pa_countries-bg","11":"pa_countries-cy","12":"pa_countries-cz","14":"pa_countries-de","15":"pa_countries-dk","16":"pa_countries-ee","17":"pa_countries-es","18":"pa_countries-fi","19":"pa_countries-fr","20":"pa_countries-gr","21":"pa_countries-hu","22":"pa_countries-ie","23":"pa_countries-it","24":"pa_countries-lt","25":"pa_countries-lu","26":"pa_countries-lv","27":"pa_countries-mt","28":"pa_countries-nl","29":"pa_countries-pl","30":"pa_countries-pt","31":"pa_countries-ro","32":"pa_countries-se","33":"pa_countries-si","34":"pa_countries-sk","35":"pa_developer-playground-games","37":"pa_game_type-dlc","39":"pa_platform-xbox-series-x-s-windows","41":"pa_publisher-xbox-game-studios","43":"pa_region-europe","46":"first","47":"instock","48":"virtual","49":"taxable","50":"purchasable","51":"product-type-simple"},"yoast_head":"<!-- This site is optimized with the Yoast SEO plugin v27.4 - https:\/\/yoast.com\/product\/yoast-seo-wordpress\/ -->\n<title>Forza Horizon 5 VIP | BeGamer.cz<\/title>\n<meta name=\"robots\" content=\"index, follow, max-snippet:-1, max-image-preview:large, max-video-preview:-1\" \/>\n<link rel=\"canonical\" href=\"https:\/\/begamer.cz\/sk\/produkt\/forza-horizon-5-vip-membership-dlc-sk\/\" \/>\n<meta property=\"og:locale\" content=\"sk_SK\" \/>\n<meta property=\"og:type\" content=\"article\" \/>\n<meta property=\"og:title\" content=\"Forza Horizon 5 VIP | BeGamer.cz\" \/>\n<meta property=\"og:description\" content=\"VIP \u010dlenstvo v hre Forza Horizon 5 pon\u00faka exkluz\u00edvne odmeny, ktor\u00e9 v\u00e1m pom\u00f4\u017eu vylep\u0161i\u0165 hru a vynikn\u00fa\u0165 na festivale Horizon.\" \/>\n<meta property=\"og:url\" content=\"https:\/\/begamer.cz\/sk\/produkt\/forza-horizon-5-vip-membership-dlc-sk\/\" \/>\n<meta property=\"og:site_name\" content=\"BeGamer.cz\" \/>\n<meta property=\"article:modified_time\" content=\"2026-03-18T01:10:18+00:00\" \/>\n<meta property=\"og:image\" content=\"https:\/\/begamer.cz\/wp-content\/uploads\/2026\/01\/forza-horizon-5-vip-1.webp\" \/>\n\t<meta property=\"og:image:width\" content=\"300\" \/>\n\t<meta property=\"og:image:height\" content=\"400\" \/>\n\t<meta property=\"og:image:type\" content=\"image\/webp\" \/>\n<meta name=\"twitter:card\" content=\"summary_large_image\" \/>\n<script type=\"application\/ld+json\" class=\"yoast-schema-graph\">{\"@context\":\"https:\\\/\\\/schema.org\",\"@graph\":[{\"@type\":\"WebPage\",\"@id\":\"https:\\\/\\\/begamer.cz\\\/sk\\\/produkt\\\/forza-horizon-5-vip-membership-dlc-sk\\\/\",\"url\":\"https:\\\/\\\/begamer.cz\\\/sk\\\/produkt\\\/forza-horizon-5-vip-membership-dlc-sk\\\/\",\"name\":\"Forza Horizon 5 VIP | BeGamer.cz\",\"isPartOf\":{\"@id\":\"https:\\\/\\\/begamer.cz\\\/sk\\\/#website\"},\"primaryImageOfPage\":{\"@id\":\"https:\\\/\\\/begamer.cz\\\/sk\\\/produkt\\\/forza-horizon-5-vip-membership-dlc-sk\\\/#primaryimage\"},\"image\":{\"@id\":\"https:\\\/\\\/begamer.cz\\\/sk\\\/produkt\\\/forza-horizon-5-vip-membership-dlc-sk\\\/#primaryimage\"},\"thumbnailUrl\":\"https:\\\/\\\/begamer.cz\\\/wp-content\\\/uploads\\\/2026\\\/01\\\/forza-horizon-5-vip-1.webp\",\"datePublished\":\"2026-01-30T14:42:14+00:00\",\"dateModified\":\"2026-03-18T01:10:18+00:00\",\"breadcrumb\":{\"@id\":\"https:\\\/\\\/begamer.cz\\\/sk\\\/produkt\\\/forza-horizon-5-vip-membership-dlc-sk\\\/#breadcrumb\"},\"inLanguage\":\"sk-SK\",\"potentialAction\":[{\"@type\":\"ReadAction\",\"target\":[\"https:\\\/\\\/begamer.cz\\\/sk\\\/produkt\\\/forza-horizon-5-vip-membership-dlc-sk\\\/\"]}]},{\"@type\":\"ImageObject\",\"inLanguage\":\"sk-SK\",\"@id\":\"https:\\\/\\\/begamer.cz\\\/sk\\\/produkt\\\/forza-horizon-5-vip-membership-dlc-sk\\\/#primaryimage\",\"url\":\"https:\\\/\\\/begamer.cz\\\/wp-content\\\/uploads\\\/2026\\\/01\\\/forza-horizon-5-vip-1.webp\",\"contentUrl\":\"https:\\\/\\\/begamer.cz\\\/wp-content\\\/uploads\\\/2026\\\/01\\\/forza-horizon-5-vip-1.webp\",\"width\":300,\"height\":400},{\"@type\":\"BreadcrumbList\",\"@id\":\"https:\\\/\\\/begamer.cz\\\/sk\\\/produkt\\\/forza-horizon-5-vip-membership-dlc-sk\\\/#breadcrumb\",\"itemListElement\":[{\"@type\":\"ListItem\",\"position\":1,\"name\":\"Domov\",\"item\":\"https:\\\/\\\/begamer.cz\\\/sk\\\/\"},{\"@type\":\"ListItem\",\"position\":2,\"name\":\"Obchod\",\"item\":\"https:\\\/\\\/begamer.cz\\\/obchod\\\/\"},{\"@type\":\"ListItem\",\"position\":3,\"name\":\"Forza Horizon 5 VIP\"}]},{\"@type\":\"WebSite\",\"@id\":\"https:\\\/\\\/begamer.cz\\\/sk\\\/#website\",\"url\":\"https:\\\/\\\/begamer.cz\\\/sk\\\/\",\"name\":\"BeGamer.cz\",\"description\":\"\",\"publisher\":{\"@id\":\"https:\\\/\\\/begamer.cz\\\/sk\\\/#organization\"},\"potentialAction\":[{\"@type\":\"SearchAction\",\"target\":{\"@type\":\"EntryPoint\",\"urlTemplate\":\"https:\\\/\\\/begamer.cz\\\/sk\\\/?s={search_term_string}\"},\"query-input\":{\"@type\":\"PropertyValueSpecification\",\"valueRequired\":true,\"valueName\":\"search_term_string\"}}],\"inLanguage\":\"sk-SK\"},{\"@type\":\"Organization\",\"@id\":\"https:\\\/\\\/begamer.cz\\\/sk\\\/#organization\",\"name\":\"BeGamer.cz\",\"url\":\"https:\\\/\\\/begamer.cz\\\/sk\\\/\",\"logo\":{\"@type\":\"ImageObject\",\"inLanguage\":\"sk-SK\",\"@id\":\"https:\\\/\\\/begamer.cz\\\/sk\\\/#\\\/schema\\\/logo\\\/image\\\/\",\"url\":\"https:\\\/\\\/begamer.cz\\\/wp-content\\\/uploads\\\/2025\\\/07\\\/logo.svg\",\"contentUrl\":\"https:\\\/\\\/begamer.cz\\\/wp-content\\\/uploads\\\/2025\\\/07\\\/logo.svg\",\"caption\":\"BeGamer.cz\"},\"image\":{\"@id\":\"https:\\\/\\\/begamer.cz\\\/sk\\\/#\\\/schema\\\/logo\\\/image\\\/\"}}]}<\/script>\n<!-- \/ Yoast SEO plugin. -->","yoast_head_json":{"title":"Forza Horizon 5 VIP | BeGamer.cz","robots":{"index":"index","follow":"follow","max-snippet":"max-snippet:-1","max-image-preview":"max-image-preview:large","max-video-preview":"max-video-preview:-1"},"canonical":"https:\/\/begamer.cz\/sk\/produkt\/forza-horizon-5-vip-membership-dlc-sk\/","og_locale":"sk_SK","og_type":"article","og_title":"Forza Horizon 5 VIP | BeGamer.cz","og_description":"VIP \u010dlenstvo v hre Forza Horizon 5 pon\u00faka exkluz\u00edvne odmeny, ktor\u00e9 v\u00e1m pom\u00f4\u017eu vylep\u0161i\u0165 hru a vynikn\u00fa\u0165 na festivale Horizon.","og_url":"https:\/\/begamer.cz\/sk\/produkt\/forza-horizon-5-vip-membership-dlc-sk\/","og_site_name":"BeGamer.cz","article_modified_time":"2026-03-18T01:10:18+00:00","og_image":[{"width":300,"height":400,"url":"https:\/\/begamer.cz\/wp-content\/uploads\/2026\/01\/forza-horizon-5-vip-1.webp","type":"image\/webp"}],"twitter_card":"summary_large_image","schema":{"@context":"https:\/\/schema.org","@graph":[{"@type":"WebPage","@id":"https:\/\/begamer.cz\/sk\/produkt\/forza-horizon-5-vip-membership-dlc-sk\/","url":"https:\/\/begamer.cz\/sk\/produkt\/forza-horizon-5-vip-membership-dlc-sk\/","name":"Forza Horizon 5 VIP | BeGamer.cz","isPartOf":{"@id":"https:\/\/begamer.cz\/sk\/#website"},"primaryImageOfPage":{"@id":"https:\/\/begamer.cz\/sk\/produkt\/forza-horizon-5-vip-membership-dlc-sk\/#primaryimage"},"image":{"@id":"https:\/\/begamer.cz\/sk\/produkt\/forza-horizon-5-vip-membership-dlc-sk\/#primaryimage"},"thumbnailUrl":"https:\/\/begamer.cz\/wp-content\/uploads\/2026\/01\/forza-horizon-5-vip-1.webp","datePublished":"2026-01-30T14:42:14+00:00","dateModified":"2026-03-18T01:10:18+00:00","breadcrumb":{"@id":"https:\/\/begamer.cz\/sk\/produkt\/forza-horizon-5-vip-membership-dlc-sk\/#breadcrumb"},"inLanguage":"sk-SK","potentialAction":[{"@type":"ReadAction","target":["https:\/\/begamer.cz\/sk\/produkt\/forza-horizon-5-vip-membership-dlc-sk\/"]}]},{"@type":"ImageObject","inLanguage":"sk-SK","@id":"https:\/\/begamer.cz\/sk\/produkt\/forza-horizon-5-vip-membership-dlc-sk\/#primaryimage","url":"https:\/\/begamer.cz\/wp-content\/uploads\/2026\/01\/forza-horizon-5-vip-1.webp","contentUrl":"https:\/\/begamer.cz\/wp-content\/uploads\/2026\/01\/forza-horizon-5-vip-1.webp","width":300,"height":400},{"@type":"BreadcrumbList","@id":"https:\/\/begamer.cz\/sk\/produkt\/forza-horizon-5-vip-membership-dlc-sk\/#breadcrumb","itemListElement":[{"@type":"ListItem","position":1,"name":"Domov","item":"https:\/\/begamer.cz\/sk\/"},{"@type":"ListItem","position":2,"name":"Obchod","item":"https:\/\/begamer.cz\/obchod\/"},{"@type":"ListItem","position":3,"name":"Forza Horizon 5 VIP"}]},{"@type":"WebSite","@id":"https:\/\/begamer.cz\/sk\/#website","url":"https:\/\/begamer.cz\/sk\/","name":"BeGamer.cz","description":"","publisher":{"@id":"https:\/\/begamer.cz\/sk\/#organization"},"potentialAction":[{"@type":"SearchAction","target":{"@type":"EntryPoint","urlTemplate":"https:\/\/begamer.cz\/sk\/?s={search_term_string}"},"query-input":{"@type":"PropertyValueSpecification","valueRequired":true,"valueName":"search_term_string"}}],"inLanguage":"sk-SK"},{"@type":"Organization","@id":"https:\/\/begamer.cz\/sk\/#organization","name":"BeGamer.cz","url":"https:\/\/begamer.cz\/sk\/","logo":{"@type":"ImageObject","inLanguage":"sk-SK","@id":"https:\/\/begamer.cz\/sk\/#\/schema\/logo\/image\/","url":"https:\/\/begamer.cz\/wp-content\/uploads\/2025\/07\/logo.svg","contentUrl":"https:\/\/begamer.cz\/wp-content\/uploads\/2025\/07\/logo.svg","caption":"BeGamer.cz"},"image":{"@id":"https:\/\/begamer.cz\/sk\/#\/schema\/logo\/image\/"}}]}},"acf":[],"_links":{"self":[{"href":"https:\/\/begamer.cz\/sk\/wp-json\/wp\/v2\/product\/93203","targetHints":{"allow":["GET"]}}],"collection":[{"href":"https:\/\/begamer.cz\/sk\/wp-json\/wp\/v2\/product"}],"about":[{"href":"https:\/\/begamer.cz\/sk\/wp-json\/wp\/v2\/types\/product"}],"replies":[{"embeddable":true,"href":"https:\/\/begamer.cz\/sk\/wp-json\/wp\/v2\/comments?post=93203"}],"wp:featuredmedia":[{"embeddable":true,"href":"https:\/\/begamer.cz\/sk\/wp-json\/wp\/v2\/media\/108380"}],"wp:attachment":[{"href":"https:\/\/begamer.cz\/sk\/wp-json\/wp\/v2\/media?parent=93203"}],"wp:term":[{"taxonomy":"product_brand","embeddable":true,"href":"https:\/\/begamer.cz\/sk\/wp-json\/wp\/v2\/product_brand?post=93203"},{"taxonomy":"product_cat","embeddable":true,"href":"https:\/\/begamer.cz\/sk\/wp-json\/wp\/v2\/product_cat?post=93203"},{"taxonomy":"product_tag","embeddable":true,"href":"https:\/\/begamer.cz\/sk\/wp-json\/wp\/v2\/product_tag?post=93203"}],"curies":[{"name":"wp","href":"https:\/\/api.w.org\/{rel}","templated":true}]}}