{"id":93128,"date":"2026-01-30T15:41:03","date_gmt":"2026-01-30T14:41:03","guid":{"rendered":"https:\/\/begamer.cz\/produkt\/interstellar-rift-sk\/"},"modified":"2026-03-18T02:02:47","modified_gmt":"2026-03-18T01:02:47","slug":"interstellar-rift-sk","status":"publish","type":"product","link":"https:\/\/begamer.cz\/sk\/produkt\/interstellar-rift-sk\/","title":{"rendered":"Interstellar Rift"},"content":{"rendered":"<p><strong>Interstellar Rift<\/strong> je simul\u00e1tor vesm\u00edrnej lode s otvoren\u00fdm svetom, ktor\u00fd kladie d\u00f4raz na kon\u0161trukciu lod\u00ed a interakciu viacer\u00fdch hr\u00e1\u010dov. Hr\u00e1\u010di m\u00f4\u017eu presk\u00fama\u0165 a doby\u0165 galaxiu pomocou vlastnej vesm\u00edrnej lode, ktor\u00fa si sami navrhli a postavili. Vesm\u00edr je obrovsk\u00fd, ale nemus\u00edte ho \u010deli\u0165 sami, ostatn\u00ed hr\u00e1\u010di sa m\u00f4\u017eu pripoji\u0165 k va\u0161ej pos\u00e1dke a pom\u00e1ha\u0165 v\u00e1m, alebo si postavi\u0165 vlastn\u00fa konkuren\u010dn\u00fa flotilu a bojova\u0165 s vami po celej galaxii.<\/p>\n<p><span class=\"bb_img_ctn\"><img decoding=\"async\" class=\"bb_img\" src=\"https:\/\/shared.akamai.steamstatic.com\/store_item_assets\/steam\/apps\/363360\/extras\/4d7d88c9374f75b2171b82b313b487cd.webp?t=1725029706\" width=640 height=40 \/><\/span><br \/><span class=\"bb_img_ctn\"><video class=\"bb_img\" autoplay muted loop playsinline poster=\"https:\/\/shared.akamai.steamstatic.com\/store_item_assets\/steam\/apps\/363360\/extras\/f537d7a99a2ff08581a8aff709e57c0e.poster.avif?t=1725029706\" width=640 height=360 ><source src=\"https:\/\/shared.akamai.steamstatic.com\/store_item_assets\/steam\/apps\/363360\/extras\/f537d7a99a2ff08581a8aff709e57c0e.webm?t=1725029706\" type=\"video\/webm; codecs=vp9\"><source src=\"https:\/\/shared.akamai.steamstatic.com\/store_item_assets\/steam\/apps\/363360\/extras\/f537d7a99a2ff08581a8aff709e57c0e.mp4?t=1725029706\" type=\"video\/mp4\"><\/video><\/span><br \/><strong>Pripravte<\/strong> <strong>sa<\/strong>, \u017ee tieto vlastnoru\u010dne postaven\u00e9 vesm\u00edrne lode sa stan\u00fa va\u0161\u00edm domovom pri presk\u00famavan\u00ed galaxie! Pomocou editora lod\u00ed navrhnite lo\u010f pod\u013ea svojich predst\u00e1v, od mal\u00fdch prieskumn\u00fdch plavidiel po ve\u013ek\u00e9 n\u00e1kladn\u00e9 lode alebo dokonca obrovsk\u00e9 bojov\u00e9 lode. Pomocou editora postav\u00edte svoju lo\u010f paluba po palube, zvn\u00fatra aj zvonku. Ak chcete za\u010da\u0165 ihne\u010f, v\u017edy m\u00f4\u017eete prehliada\u0165 diel\u0148u a h\u013eada\u0165 lode, ktor\u00e9 vytvorili ostatn\u00ed hr\u00e1\u010di, alebo m\u00f4\u017eete nahra\u0165 svoje vlastn\u00e9 pl\u00e1ny.<\/p>\n<p><span class=\"bb_img_ctn\"><img decoding=\"async\" class=\"bb_img\" src=\"https:\/\/shared.akamai.steamstatic.com\/store_item_assets\/steam\/apps\/363360\/extras\/7f534968d3598db0577e16e124657ca0.webp?t=1725029706\" width=640 height=40 \/><\/span><br \/><span class=\"bb_img_ctn\"><video class=\"bb_img\" autoplay muted loop playsinline poster=\"https:\/\/shared.akamai.steamstatic.com\/store_item_assets\/steam\/apps\/363360\/extras\/9c8a74f24301178a4b6af3165b1bea0b.poster.avif?t=1725029706\" width=640 height=360 ><source src=\"https:\/\/shared.akamai.steamstatic.com\/store_item_assets\/steam\/apps\/363360\/extras\/9c8a74f24301178a4b6af3165b1bea0b.webm?t=1725029706\" type=\"video\/webm; codecs=vp9\"><source src=\"https:\/\/shared.akamai.steamstatic.com\/store_item_assets\/steam\/apps\/363360\/extras\/9c8a74f24301178a4b6af3165b1bea0b.mp4?t=1725029706\" type=\"video\/mp4\"><\/video><\/span><br \/><strong>Galaxia<\/strong> m\u00f4\u017ee by\u0165 nebezpe\u010dn\u00e9 miesto, aj ke\u010f hr\u00e1te s\u00f3lo. Otvorili sa podivn\u00e9 trhliny, ktor\u00e9 uvo\u013enili nepriate\u013esk\u00fa rasu mimozemsk\u00fdch tvorov naz\u00fdvan\u00fa Skrill. Ak ich nenech\u00e1te bez pov\u0161imnutia, ovl\u00e1dnu slne\u010dn\u00e9 s\u00fastavy a sp\u00f4sobia chaos vo va\u0161om podnikan\u00ed. M\u00f4\u017eete s nimi bojova\u0165 sami alebo po\u017eiada\u0165 o pomoc svojich priate\u013eov a spolo\u010dne obsadi\u0165 lo\u010f. Ale nie v\u0161etci piloti bud\u00fa bojova\u0165 za dobr\u00fa vec, pir\u00e1ti a nepriate\u013esk\u00e9 flotily v\u00e1s m\u00f4\u017eu kedyko\u013evek prenasledova\u0165 a ukradn\u00fa\u0165 v\u00e1m n\u00e1klad. Bojujte proti nim lo\u010f proti lodi alebo sa nab\u00farajte na palubu ich plavidiel a bojujte s nimi v stre\u013eb\u00e1ch zbl\u00edzka.<\/p>\n<p><span class=\"bb_img_ctn\"><img decoding=\"async\" class=\"bb_img\" src=\"https:\/\/shared.akamai.steamstatic.com\/store_item_assets\/steam\/apps\/363360\/extras\/05d68b3150a7c2489f3228835f9bba4c.webp?t=1725029706\" width=640 height=40 \/><\/span><br \/><span class=\"bb_img_ctn\"><video class=\"bb_img\" autoplay muted loop playsinline poster=\"https:\/\/shared.akamai.steamstatic.com\/store_item_assets\/steam\/apps\/363360\/extras\/75c169f5982667228b98265d2474e0bb.poster.avif?t=1725029706\" width=640 height=360 ><source src=\"https:\/\/shared.akamai.steamstatic.com\/store_item_assets\/steam\/apps\/363360\/extras\/75c169f5982667228b98265d2474e0bb.webm?t=1725029706\" type=\"video\/webm; codecs=vp9\"><source src=\"https:\/\/shared.akamai.steamstatic.com\/store_item_assets\/steam\/apps\/363360\/extras\/75c169f5982667228b98265d2474e0bb.mp4?t=1725029706\" type=\"video\/mp4\"><\/video><\/span><br \/><strong>Ekonomika<\/strong> hry Interstellar Rift funguje na zdrojoch, ktor\u00e9 sa daj\u00fa z\u00edska\u0165 v galaxii. Obrovsk\u00e9 asteroidov\u00e9 p\u00e1sy obiehaj\u00fa plan\u00e9ty a slne\u010dn\u00e9 s\u00fastavy a s\u00fa pln\u00e9 vz\u00e1cnych r\u00fad a miner\u00e1lov. Spustite svoje \u0165a\u017eobn\u00e9 zariadenia alebo po\u0161lite vlnu \u0165a\u017eobn\u00fdch dronov, aby za v\u00e1s vykonali \u0165a\u017ek\u00fa pr\u00e1cu. Nav\u0161t\u00edvte obchody LogiCorp a Galactic Trade alebo tvrdohlavo vyjedn\u00e1vajte s uviaznut\u00fdmi pilotmi, ke\u010f im dod\u00e1vate palivo. Automatizujte v\u00fdrobn\u00e9 linky pomocou ACTR (automatizovan\u00e9ho rel\u00e9 na prenos n\u00e1kladu) a zria\u010fte si vlastn\u00fd obchod, aby ste mohli obchodova\u0165 s in\u00fdmi hr\u00e1\u010dmi alebo s ak\u00fdmiko\u013evek obchodn\u00fdmi dronmi, ktor\u00e9 sa m\u00f4\u017eu nach\u00e1dza\u0165 v bl\u00edzkosti.<\/p>\n<p><span class=\"bb_img_ctn\"><img decoding=\"async\" class=\"bb_img\" src=\"https:\/\/shared.akamai.steamstatic.com\/store_item_assets\/steam\/apps\/363360\/extras\/f44fd0e7c688607f9c387768d6df9f5e.webp?t=1725029706\" width=640 height=40 \/><\/span><br \/><span class=\"bb_img_ctn\"><video class=\"bb_img\" autoplay muted loop playsinline poster=\"https:\/\/shared.akamai.steamstatic.com\/store_item_assets\/steam\/apps\/363360\/extras\/44b12991b331f5e98aff3cbd4baee4b0.poster.avif?t=1725029706\" width=640 height=360 ><source src=\"https:\/\/shared.akamai.steamstatic.com\/store_item_assets\/steam\/apps\/363360\/extras\/44b12991b331f5e98aff3cbd4baee4b0.webm?t=1725029706\" type=\"video\/webm; codecs=vp9\"><source src=\"https:\/\/shared.akamai.steamstatic.com\/store_item_assets\/steam\/apps\/363360\/extras\/44b12991b331f5e98aff3cbd4baee4b0.mp4?t=1725029706\" type=\"video\/mp4\"><\/video><\/span><br \/><strong>Po<\/strong> v\u00fdbere frakcie, s ktorou sa spoj\u00edte, je galaxia otvoren\u00e1 na va\u0161e presk\u00famanie. Pou\u017eite gener\u00e1tory trhl\u00edn, aby ste otvorili priestorov\u00e9 trhliny, ktor\u00e9 v\u00e1s prenes\u00fa do nov\u00fdch syst\u00e9mov. Presk\u00faman\u00edm syst\u00e9mu si pom\u00f4\u017eete zmapova\u0165 galaxiu a ur\u010di\u0165 polohu syst\u00e9mov so \u0161peci\u00e1lnymi zdrojmi, ktor\u00e9 by ste mohli potrebova\u0165. Postavte nov\u00e9 obchodn\u00e9 stanice pre spolo\u010dnosti a frakcie, ktor\u00e9 chc\u00fa roz\u0161\u00edri\u0165 svoj vplyv, a pom\u00f4\u017ete im zriadi\u0165 bezpe\u010dn\u00e9 stanice a sektory. Prijmite misie pre U-nits alebo n\u00e1jdite v\u00fdhodn\u00e9 obchody v r\u00f4znych syst\u00e9moch, aby ste dosiahli zisk.<\/p>\n","protected":false},"excerpt":{"rendered":"<p>Interstellar Rift je simul\u00e1tor vesm\u00edrnej lode s otvoren\u00fdm svetom, ktor\u00fd kladie d\u00f4raz na kon\u0161trukciu lod\u00ed a interakciu viacer\u00fdch hr\u00e1\u010dov. Pre\u017eite v nepriate\u013eskej galaxii s vlastnou vesm\u00edrnou lo\u010fou, ktor\u00fa ste si sami navrhli a postavili. Pozvite ostatn\u00fdch hr\u00e1\u010dov, aby sa pridali k va\u0161ej pos\u00e1dke, alebo s nimi bojujte po celej galaxii!<\/p>\n","protected":false},"featured_media":4827,"comment_status":"open","ping_status":"closed","template":"","meta":{"_acf_changed":false},"product_brand":[],"product_cat":[290,268,266,314,312],"product_tag":[],"class_list":{"0":"post-93128","1":"product","2":"type-product","3":"status-publish","4":"has-post-thumbnail","6":"product_cat-indie-hry-pc-sk","7":"product_cat-pc-sk","8":"product_cat-pc-hry-sk","9":"product_cat-simulatory-pc-hry-sk","10":"product_cat-steam-pc-sk","11":"pa_countries-ad","12":"pa_countries-ae","13":"pa_countries-af","14":"pa_countries-ag","15":"pa_countries-ai","16":"pa_countries-al","17":"pa_countries-am","18":"pa_countries-ao","19":"pa_countries-aq","20":"pa_countries-ar","21":"pa_countries-as","22":"pa_countries-at","23":"pa_countries-au","24":"pa_countries-aw","25":"pa_countries-ax","26":"pa_countries-az","27":"pa_countries-ba","28":"pa_countries-bb","29":"pa_countries-bd","30":"pa_countries-be","31":"pa_countries-bf","32":"pa_countries-bg","33":"pa_countries-bh","34":"pa_countries-bi","35":"pa_countries-bj","36":"pa_countries-bl","37":"pa_countries-bm","38":"pa_countries-bn","39":"pa_countries-bo","40":"pa_countries-bq","41":"pa_countries-br","42":"pa_countries-bs","43":"pa_countries-bt","44":"pa_countries-bv","45":"pa_countries-bw","46":"pa_countries-bz","47":"pa_countries-ca","48":"pa_countries-cc","49":"pa_countries-cd","50":"pa_countries-cf","51":"pa_countries-cg","52":"pa_countries-ch","53":"pa_countries-ci","54":"pa_countries-ck","55":"pa_countries-cl","56":"pa_countries-cm","57":"pa_countries-cn","58":"pa_countries-co","59":"pa_countries-cr","60":"pa_countries-cu","61":"pa_countries-cv","62":"pa_countries-cw","63":"pa_countries-cx","64":"pa_countries-cy","65":"pa_countries-cz","66":"pa_countries-de","67":"pa_countries-dj","68":"pa_countries-dk","69":"pa_countries-dm","70":"pa_countries-do","71":"pa_countries-dz","72":"pa_countries-ec","73":"pa_countries-ee","74":"pa_countries-eg","75":"pa_countries-eh","76":"pa_countries-er","77":"pa_countries-es","78":"pa_countries-et","79":"pa_countries-fi","80":"pa_countries-fj","81":"pa_countries-fk","82":"pa_countries-fm","83":"pa_countries-fo","84":"pa_countries-fr","85":"pa_countries-ga","86":"pa_countries-gb","87":"pa_countries-gd","88":"pa_countries-ge","89":"pa_countries-gf","90":"pa_countries-gg","91":"pa_countries-gh","92":"pa_countries-gi","93":"pa_countries-gl","94":"pa_countries-gm","95":"pa_countries-gn","96":"pa_countries-gp","97":"pa_countries-gq","98":"pa_countries-gr","99":"pa_countries-gs","100":"pa_countries-gt","101":"pa_countries-gu","102":"pa_countries-gw","103":"pa_countries-gy","104":"pa_countries-hk","105":"pa_countries-hm","106":"pa_countries-hn","107":"pa_countries-hr","108":"pa_countries-ht","109":"pa_countries-hu","110":"pa_countries-id","111":"pa_countries-ie","112":"pa_countries-il","113":"pa_countries-im","114":"pa_countries-in","115":"pa_countries-io","116":"pa_countries-iq","117":"pa_countries-ir","118":"pa_countries-is","119":"pa_countries-it","120":"pa_countries-je","121":"pa_countries-jm","122":"pa_countries-jo","123":"pa_countries-jp","124":"pa_countries-ke","125":"pa_countries-kg","126":"pa_countries-kh","127":"pa_countries-ki","128":"pa_countries-km","129":"pa_countries-kn","130":"pa_countries-kp","131":"pa_countries-kr","132":"pa_countries-kw","133":"pa_countries-ky","134":"pa_countries-kz","135":"pa_countries-la","136":"pa_countries-lb","137":"pa_countries-lc","138":"pa_countries-li","139":"pa_countries-lk","140":"pa_countries-lr","141":"pa_countries-ls","142":"pa_countries-lt","143":"pa_countries-lu","144":"pa_countries-lv","145":"pa_countries-ly","146":"pa_countries-ma","147":"pa_countries-mc","148":"pa_countries-md","149":"pa_countries-me","150":"pa_countries-mf","151":"pa_countries-mg","152":"pa_countries-mh","153":"pa_countries-mk","154":"pa_countries-ml","155":"pa_countries-mm","156":"pa_countries-mn","157":"pa_countries-mo","158":"pa_countries-mp","159":"pa_countries-mq","160":"pa_countries-mr","161":"pa_countries-ms","162":"pa_countries-mt","163":"pa_countries-mu","164":"pa_countries-mv","165":"pa_countries-mw","166":"pa_countries-mx","167":"pa_countries-my","168":"pa_countries-mz","169":"pa_countries-na","170":"pa_countries-nc","171":"pa_countries-ne","172":"pa_countries-nf","173":"pa_countries-ng","174":"pa_countries-ni","175":"pa_countries-nl","176":"pa_countries-no","177":"pa_countries-np","178":"pa_countries-nr","179":"pa_countries-nu","180":"pa_countries-nz","181":"pa_countries-om","182":"pa_countries-pa","183":"pa_countries-pe","184":"pa_countries-pf","185":"pa_countries-pg","186":"pa_countries-ph","187":"pa_countries-pk","188":"pa_countries-pl","189":"pa_countries-pm","190":"pa_countries-pn","191":"pa_countries-pr","192":"pa_countries-ps","193":"pa_countries-pt","194":"pa_countries-pw","195":"pa_countries-py","196":"pa_countries-qa","197":"pa_countries-re","198":"pa_countries-ro","199":"pa_countries-rs","200":"pa_countries-rw","201":"pa_countries-sa","202":"pa_countries-sb","203":"pa_countries-sc","204":"pa_countries-sd","205":"pa_countries-se","206":"pa_countries-sg","207":"pa_countries-sh","208":"pa_countries-si","209":"pa_countries-sj","210":"pa_countries-sk","211":"pa_countries-sl","212":"pa_countries-sm","213":"pa_countries-sn","214":"pa_countries-so","215":"pa_countries-sr","216":"pa_countries-ss","218":"pa_countries-st","219":"pa_countries-sv","220":"pa_countries-sx","221":"pa_countries-sy","222":"pa_countries-sz","223":"pa_countries-tc","224":"pa_countries-td","225":"pa_countries-tf","226":"pa_countries-tg","227":"pa_countries-th","228":"pa_countries-tj","229":"pa_countries-tk","230":"pa_countries-tl","231":"pa_countries-tm","232":"pa_countries-tn","233":"pa_countries-to","234":"pa_countries-tr","235":"pa_countries-tt","236":"pa_countries-tv","237":"pa_countries-tw","238":"pa_countries-tz","239":"pa_countries-ua","240":"pa_countries-ug","241":"pa_countries-um","242":"pa_countries-us","243":"pa_countries-uy","244":"pa_countries-uz","245":"pa_countries-va","246":"pa_countries-vc","247":"pa_countries-ve","248":"pa_countries-vg","249":"pa_countries-vi","250":"pa_countries-vn","251":"pa_countries-vu","252":"pa_countries-wf","253":"pa_countries-ws","254":"pa_countries-xk","255":"pa_countries-ye","256":"pa_countries-yt","257":"pa_countries-za","258":"pa_countries-zm","259":"pa_countries-zw","260":"pa_game_type-main_game","262":"pa_genres-indie","264":"pa_genres-simulator","265":"pa_interface-de-de","266":"pa_interface-en-us","267":"pa_interface-es-es","268":"pa_interface-fr-fr","269":"pa_interface-ja-jp","270":"pa_interface-ru-ru","272":"pa_interface-zh-cn","273":"pa_modes-co-operative","274":"pa_modes-multiplayer","276":"pa_modes-single-player","277":"pa_platform-pc-steam","279":"pa_rating-14441","280":"pa_rating-773","281":"pa_region-global","283":"pa_themes-action","286":"first","287":"instock","288":"virtual","289":"taxable","290":"purchasable","291":"product-type-simple"},"yoast_head":"<!-- This site is optimized with the Yoast SEO plugin v27.4 - https:\/\/yoast.com\/product\/yoast-seo-wordpress\/ -->\n<title>Interstellar Rift | BeGamer.cz<\/title>\n<meta name=\"robots\" content=\"index, follow, max-snippet:-1, max-image-preview:large, max-video-preview:-1\" \/>\n<link rel=\"canonical\" href=\"https:\/\/begamer.cz\/sk\/produkt\/interstellar-rift-sk\/\" \/>\n<meta property=\"og:locale\" content=\"sk_SK\" \/>\n<meta property=\"og:type\" content=\"article\" \/>\n<meta property=\"og:title\" content=\"Interstellar Rift | BeGamer.cz\" \/>\n<meta property=\"og:description\" content=\"Interstellar Rift je simul\u00e1tor vesm\u00edrnej lode s otvoren\u00fdm svetom, ktor\u00fd kladie d\u00f4raz na kon\u0161trukciu lod\u00ed a interakciu viacer\u00fdch hr\u00e1\u010dov. Pre\u017eite v nepriate\u013eskej galaxii s vlastnou vesm\u00edrnou lo\u010fou, ktor\u00fa ste si sami navrhli a postavili. Pozvite ostatn\u00fdch hr\u00e1\u010dov, aby sa pridali k va\u0161ej pos\u00e1dke, alebo s nimi bojujte po celej galaxii!\" \/>\n<meta property=\"og:url\" content=\"https:\/\/begamer.cz\/sk\/produkt\/interstellar-rift-sk\/\" \/>\n<meta property=\"og:site_name\" content=\"BeGamer.cz\" \/>\n<meta property=\"article:modified_time\" content=\"2026-03-18T01:02:47+00:00\" \/>\n<meta property=\"og:image\" content=\"https:\/\/begamer.cz\/wp-content\/uploads\/2026\/01\/interstellar-rift-5.webp\" \/>\n\t<meta property=\"og:image:width\" content=\"300\" \/>\n\t<meta property=\"og:image:height\" content=\"400\" \/>\n\t<meta property=\"og:image:type\" content=\"image\/webp\" \/>\n<meta name=\"twitter:card\" content=\"summary_large_image\" \/>\n<meta name=\"twitter:label1\" content=\"Predpokladan\u00fd \u010das \u010d\u00edtania\" \/>\n\t<meta name=\"twitter:data1\" content=\"3 min\u00faty\" \/>\n<script type=\"application\/ld+json\" class=\"yoast-schema-graph\">{\"@context\":\"https:\\\/\\\/schema.org\",\"@graph\":[{\"@type\":\"WebPage\",\"@id\":\"https:\\\/\\\/begamer.cz\\\/sk\\\/produkt\\\/interstellar-rift-sk\\\/\",\"url\":\"https:\\\/\\\/begamer.cz\\\/sk\\\/produkt\\\/interstellar-rift-sk\\\/\",\"name\":\"Interstellar Rift | BeGamer.cz\",\"isPartOf\":{\"@id\":\"https:\\\/\\\/begamer.cz\\\/sk\\\/#website\"},\"primaryImageOfPage\":{\"@id\":\"https:\\\/\\\/begamer.cz\\\/sk\\\/produkt\\\/interstellar-rift-sk\\\/#primaryimage\"},\"image\":{\"@id\":\"https:\\\/\\\/begamer.cz\\\/sk\\\/produkt\\\/interstellar-rift-sk\\\/#primaryimage\"},\"thumbnailUrl\":\"https:\\\/\\\/begamer.cz\\\/wp-content\\\/uploads\\\/2026\\\/01\\\/interstellar-rift-5.webp\",\"datePublished\":\"2026-01-30T14:41:03+00:00\",\"dateModified\":\"2026-03-18T01:02:47+00:00\",\"breadcrumb\":{\"@id\":\"https:\\\/\\\/begamer.cz\\\/sk\\\/produkt\\\/interstellar-rift-sk\\\/#breadcrumb\"},\"inLanguage\":\"sk-SK\",\"potentialAction\":[{\"@type\":\"ReadAction\",\"target\":[\"https:\\\/\\\/begamer.cz\\\/sk\\\/produkt\\\/interstellar-rift-sk\\\/\"]}]},{\"@type\":\"ImageObject\",\"inLanguage\":\"sk-SK\",\"@id\":\"https:\\\/\\\/begamer.cz\\\/sk\\\/produkt\\\/interstellar-rift-sk\\\/#primaryimage\",\"url\":\"https:\\\/\\\/begamer.cz\\\/wp-content\\\/uploads\\\/2026\\\/01\\\/interstellar-rift-5.webp\",\"contentUrl\":\"https:\\\/\\\/begamer.cz\\\/wp-content\\\/uploads\\\/2026\\\/01\\\/interstellar-rift-5.webp\",\"width\":300,\"height\":400},{\"@type\":\"BreadcrumbList\",\"@id\":\"https:\\\/\\\/begamer.cz\\\/sk\\\/produkt\\\/interstellar-rift-sk\\\/#breadcrumb\",\"itemListElement\":[{\"@type\":\"ListItem\",\"position\":1,\"name\":\"Domov\",\"item\":\"https:\\\/\\\/begamer.cz\\\/sk\\\/\"},{\"@type\":\"ListItem\",\"position\":2,\"name\":\"Obchod\",\"item\":\"https:\\\/\\\/begamer.cz\\\/obchod\\\/\"},{\"@type\":\"ListItem\",\"position\":3,\"name\":\"Interstellar Rift\"}]},{\"@type\":\"WebSite\",\"@id\":\"https:\\\/\\\/begamer.cz\\\/sk\\\/#website\",\"url\":\"https:\\\/\\\/begamer.cz\\\/sk\\\/\",\"name\":\"BeGamer.cz\",\"description\":\"\",\"publisher\":{\"@id\":\"https:\\\/\\\/begamer.cz\\\/sk\\\/#organization\"},\"potentialAction\":[{\"@type\":\"SearchAction\",\"target\":{\"@type\":\"EntryPoint\",\"urlTemplate\":\"https:\\\/\\\/begamer.cz\\\/sk\\\/?s={search_term_string}\"},\"query-input\":{\"@type\":\"PropertyValueSpecification\",\"valueRequired\":true,\"valueName\":\"search_term_string\"}}],\"inLanguage\":\"sk-SK\"},{\"@type\":\"Organization\",\"@id\":\"https:\\\/\\\/begamer.cz\\\/sk\\\/#organization\",\"name\":\"BeGamer.cz\",\"url\":\"https:\\\/\\\/begamer.cz\\\/sk\\\/\",\"logo\":{\"@type\":\"ImageObject\",\"inLanguage\":\"sk-SK\",\"@id\":\"https:\\\/\\\/begamer.cz\\\/sk\\\/#\\\/schema\\\/logo\\\/image\\\/\",\"url\":\"https:\\\/\\\/begamer.cz\\\/wp-content\\\/uploads\\\/2025\\\/07\\\/logo.svg\",\"contentUrl\":\"https:\\\/\\\/begamer.cz\\\/wp-content\\\/uploads\\\/2025\\\/07\\\/logo.svg\",\"caption\":\"BeGamer.cz\"},\"image\":{\"@id\":\"https:\\\/\\\/begamer.cz\\\/sk\\\/#\\\/schema\\\/logo\\\/image\\\/\"}}]}<\/script>\n<!-- \/ Yoast SEO plugin. -->","yoast_head_json":{"title":"Interstellar Rift | BeGamer.cz","robots":{"index":"index","follow":"follow","max-snippet":"max-snippet:-1","max-image-preview":"max-image-preview:large","max-video-preview":"max-video-preview:-1"},"canonical":"https:\/\/begamer.cz\/sk\/produkt\/interstellar-rift-sk\/","og_locale":"sk_SK","og_type":"article","og_title":"Interstellar Rift | BeGamer.cz","og_description":"Interstellar Rift je simul\u00e1tor vesm\u00edrnej lode s otvoren\u00fdm svetom, ktor\u00fd kladie d\u00f4raz na kon\u0161trukciu lod\u00ed a interakciu viacer\u00fdch hr\u00e1\u010dov. Pre\u017eite v nepriate\u013eskej galaxii s vlastnou vesm\u00edrnou lo\u010fou, ktor\u00fa ste si sami navrhli a postavili. Pozvite ostatn\u00fdch hr\u00e1\u010dov, aby sa pridali k va\u0161ej pos\u00e1dke, alebo s nimi bojujte po celej galaxii!","og_url":"https:\/\/begamer.cz\/sk\/produkt\/interstellar-rift-sk\/","og_site_name":"BeGamer.cz","article_modified_time":"2026-03-18T01:02:47+00:00","og_image":[{"width":300,"height":400,"url":"https:\/\/begamer.cz\/wp-content\/uploads\/2026\/01\/interstellar-rift-5.webp","type":"image\/webp"}],"twitter_card":"summary_large_image","twitter_misc":{"Predpokladan\u00fd \u010das \u010d\u00edtania":"3 min\u00faty"},"schema":{"@context":"https:\/\/schema.org","@graph":[{"@type":"WebPage","@id":"https:\/\/begamer.cz\/sk\/produkt\/interstellar-rift-sk\/","url":"https:\/\/begamer.cz\/sk\/produkt\/interstellar-rift-sk\/","name":"Interstellar Rift | BeGamer.cz","isPartOf":{"@id":"https:\/\/begamer.cz\/sk\/#website"},"primaryImageOfPage":{"@id":"https:\/\/begamer.cz\/sk\/produkt\/interstellar-rift-sk\/#primaryimage"},"image":{"@id":"https:\/\/begamer.cz\/sk\/produkt\/interstellar-rift-sk\/#primaryimage"},"thumbnailUrl":"https:\/\/begamer.cz\/wp-content\/uploads\/2026\/01\/interstellar-rift-5.webp","datePublished":"2026-01-30T14:41:03+00:00","dateModified":"2026-03-18T01:02:47+00:00","breadcrumb":{"@id":"https:\/\/begamer.cz\/sk\/produkt\/interstellar-rift-sk\/#breadcrumb"},"inLanguage":"sk-SK","potentialAction":[{"@type":"ReadAction","target":["https:\/\/begamer.cz\/sk\/produkt\/interstellar-rift-sk\/"]}]},{"@type":"ImageObject","inLanguage":"sk-SK","@id":"https:\/\/begamer.cz\/sk\/produkt\/interstellar-rift-sk\/#primaryimage","url":"https:\/\/begamer.cz\/wp-content\/uploads\/2026\/01\/interstellar-rift-5.webp","contentUrl":"https:\/\/begamer.cz\/wp-content\/uploads\/2026\/01\/interstellar-rift-5.webp","width":300,"height":400},{"@type":"BreadcrumbList","@id":"https:\/\/begamer.cz\/sk\/produkt\/interstellar-rift-sk\/#breadcrumb","itemListElement":[{"@type":"ListItem","position":1,"name":"Domov","item":"https:\/\/begamer.cz\/sk\/"},{"@type":"ListItem","position":2,"name":"Obchod","item":"https:\/\/begamer.cz\/obchod\/"},{"@type":"ListItem","position":3,"name":"Interstellar Rift"}]},{"@type":"WebSite","@id":"https:\/\/begamer.cz\/sk\/#website","url":"https:\/\/begamer.cz\/sk\/","name":"BeGamer.cz","description":"","publisher":{"@id":"https:\/\/begamer.cz\/sk\/#organization"},"potentialAction":[{"@type":"SearchAction","target":{"@type":"EntryPoint","urlTemplate":"https:\/\/begamer.cz\/sk\/?s={search_term_string}"},"query-input":{"@type":"PropertyValueSpecification","valueRequired":true,"valueName":"search_term_string"}}],"inLanguage":"sk-SK"},{"@type":"Organization","@id":"https:\/\/begamer.cz\/sk\/#organization","name":"BeGamer.cz","url":"https:\/\/begamer.cz\/sk\/","logo":{"@type":"ImageObject","inLanguage":"sk-SK","@id":"https:\/\/begamer.cz\/sk\/#\/schema\/logo\/image\/","url":"https:\/\/begamer.cz\/wp-content\/uploads\/2025\/07\/logo.svg","contentUrl":"https:\/\/begamer.cz\/wp-content\/uploads\/2025\/07\/logo.svg","caption":"BeGamer.cz"},"image":{"@id":"https:\/\/begamer.cz\/sk\/#\/schema\/logo\/image\/"}}]}},"acf":[],"_links":{"self":[{"href":"https:\/\/begamer.cz\/sk\/wp-json\/wp\/v2\/product\/93128","targetHints":{"allow":["GET"]}}],"collection":[{"href":"https:\/\/begamer.cz\/sk\/wp-json\/wp\/v2\/product"}],"about":[{"href":"https:\/\/begamer.cz\/sk\/wp-json\/wp\/v2\/types\/product"}],"replies":[{"embeddable":true,"href":"https:\/\/begamer.cz\/sk\/wp-json\/wp\/v2\/comments?post=93128"}],"wp:featuredmedia":[{"embeddable":true,"href":"https:\/\/begamer.cz\/sk\/wp-json\/wp\/v2\/media\/4827"}],"wp:attachment":[{"href":"https:\/\/begamer.cz\/sk\/wp-json\/wp\/v2\/media?parent=93128"}],"wp:term":[{"taxonomy":"product_brand","embeddable":true,"href":"https:\/\/begamer.cz\/sk\/wp-json\/wp\/v2\/product_brand?post=93128"},{"taxonomy":"product_cat","embeddable":true,"href":"https:\/\/begamer.cz\/sk\/wp-json\/wp\/v2\/product_cat?post=93128"},{"taxonomy":"product_tag","embeddable":true,"href":"https:\/\/begamer.cz\/sk\/wp-json\/wp\/v2\/product_tag?post=93128"}],"curies":[{"name":"wp","href":"https:\/\/api.w.org\/{rel}","templated":true}]}}