{"id":93110,"date":"2026-01-30T15:40:43","date_gmt":"2026-01-30T14:40:43","guid":{"rendered":"https:\/\/begamer.cz\/produkt\/fallout-76-sk\/"},"modified":"2026-03-18T02:01:10","modified_gmt":"2026-03-18T01:01:10","slug":"fallout-76-sk","status":"publish","type":"product","link":"https:\/\/begamer.cz\/sk\/produkt\/fallout-76-sk\/","title":{"rendered":"Fallout 76"},"content":{"rendered":"<h1>O hre<\/h1>\n<p class=\"bb_paragraph\" >Bethesda Game Studios, ocenen\u00fd tvorca hier Skyrim a Fallout 4, v\u00e1s v\u00edta vo Fallout 76. Dvadsa\u0165p\u00e4\u0165 rokov po p\u00e1de b\u00f4mb sa vy a va\u0161i spolubojovn\u00edci z Vaultu \u2013 vybran\u00ed z najlep\u0161\u00edch a najschopnej\u0161\u00edch \u013eud\u00ed n\u00e1roda \u2013 ocitnete v postnukle\u00e1rnej Amerike v de\u0148 Reclamation Day v roku 2102. Hrajte s\u00f3lo alebo sa pridajte k ostatn\u00fdm a spolo\u010dne presk\u00famajte, pl\u0148te \u00falohy, stavajte a zv\u00ed\u0165azte nad najv\u00e4\u010d\u0161\u00edmi hrozbami pustatiny. Presk\u00famajte rozsiahlu pustinu, zni\u010den\u00fa jadrovou vojnou, v tomto multiplayerovom dodatku k pr\u00edbehu Fallout s otvoren\u00fdm svetom. Za\u017eite najv\u00e4\u010d\u0161\u00ed a najdynamickej\u0161\u00ed svet, ak\u00fd kedy bol vytvoren\u00fd v legend\u00e1rnom vesm\u00edre Fallout.  <\/p>\n<h2 class=\"bb_tag\" >Pohlcuj\u00face questy a zauj\u00edmav\u00e9 postavy<\/h2>\n<p class=\"bb_paragraph\" >Odha\u013ete tajomstv\u00e1 Z\u00e1padnej Virg\u00ednie prostredn\u00edctvom pohlcuj\u00facej hlavnej \u00falohy, ktor\u00e1 za\u010d\u00edna v momente, ke\u010f opust\u00edte Vault 76. Spriate\u013ete sa alebo zra\u010fte nov\u00fdch susedov, ktor\u00ed pri\u0161li obnovi\u0165 krajinu, a za\u017eite Appala\u010die o\u010dami ich obyvate\u013eov. <\/p>\n<h2 class=\"bb_tag\" >Sez\u00f3ny<\/h2>\n<p class=\"bb_paragraph\" >Postupujte cez ka\u017ed\u00e9 ro\u010dn\u00e9 obdobie a odomknite bezplatn\u00e9 odmeny, ako s\u00fa spotrebn\u00e9 predmety, predmety C.A.M.P. a \u010fal\u0161ie, splnen\u00edm \u010dasovo obmedzen\u00fdch v\u00fdziev. <\/p>\n<h2 class=\"bb_tag\" >Multiplayerov\u00e9 hranie rol\u00ed<\/h2>\n<p class=\"bb_paragraph\" >Vytvorte si svoju postavu pomocou syst\u00e9mu S.P.E.C.I.A.L a vybudujte si vlastn\u00fa cestu a reput\u00e1ciu v novej a divokej pustatine so stovkami lokal\u00edt. \u010ci u\u017e cestujete sami alebo s priate\u013emi, \u010dak\u00e1 v\u00e1s nov\u00e9 a jedine\u010dn\u00e9 dobrodru\u017estvo Fallout.   <\/p>\n<h2 class=\"bb_tag\" >Horsk\u00e1 krajina Splendorland <\/h2>\n<p class=\"bb_paragraph\" >Pr\u00edbeh o\u017e\u00edva a d\u00fdcha vo svete Fallout 76, ktor\u00fd o\u017eivuje \u0161es\u0165 odli\u0161n\u00fdch regi\u00f3nov Z\u00e1padnej Virg\u00ednie. Od lesov Appala\u010dsk\u00fdch vrchov po jedovat\u00e9 karm\u00ednov\u00e9 rozlohy Cranberry Bog, ka\u017ed\u00e1 oblas\u0165 pon\u00faka svoje vlastn\u00e9 rizik\u00e1 a odmeny.  <\/p>\n<h2 class=\"bb_tag\" >Nov\u00fd americk\u00fd sen<\/h2>\n<p class=\"bb_paragraph\" >Pou\u017eite \u00faplne nov\u00fa mobiln\u00fa platformu Construction and Assembly Mobile Platform (C.A.M.P.), aby ste mohli stava\u0165 a vyr\u00e1ba\u0165 kdeko\u013evek na svete. Va\u0161a C.A.M.P. v\u00e1m poskytne to\u013eko potrebn\u00e9 \u00fato\u010disko, z\u00e1soby a bezpe\u010die. M\u00f4\u017eete si dokonca zriadi\u0165 obchod, aby ste mohli obchodova\u0165 s ostatn\u00fdmi pre\u017eiv\u0161\u00edmi. <\/p>\n<h2 class=\"bb_tag\" >Fallout Worlds<\/h2>\n<p class=\"bb_paragraph\" >Za\u017eite jedine\u010dn\u00e9 dobrodru\u017estv\u00e1 v Apala\u010dsk\u00fdch vrchoch s Fallout Worlds, \u010do je s\u00fabor funkci\u00ed, ktor\u00e9 sa neust\u00e1le vyv\u00edjaj\u00fa a d\u00e1vaj\u00fa hr\u00e1\u010dom mo\u017enos\u0165 hra\u0165 Fallout 76 jedine\u010dn\u00fdm sp\u00f4sobom s prisp\u00f4sobite\u013en\u00fdmi nastaveniami.<\/p>\n","protected":false},"excerpt":{"rendered":"<p>Bethesda Game Studios v\u00e1s v\u00edta vo Fallout 76. Dvadsa\u0165p\u00e4\u0165 rokov po p\u00e1de b\u00f4mb sa vy a va\u0161i spolub\u00fdvaj\u00faci z Vaultu ocitnete v postnukle\u00e1rnej Amerike. Presk\u00famajte rozsiahlu pustinu v tomto multiplayerovom dodatku k pr\u00edbehu Fallout s otvoren\u00fdm svetom.<\/p>\n","protected":false},"featured_media":4704,"comment_status":"open","ping_status":"closed","template":"","meta":{"_acf_changed":false},"product_brand":[],"product_cat":[268,266,308,312,9064],"product_tag":[],"class_list":{"0":"post-93110","1":"product","2":"type-product","3":"status-publish","4":"has-post-thumbnail","6":"product_cat-pc-sk","7":"product_cat-pc-hry-sk","8":"product_cat-rpg-pc-hry-sk","9":"product_cat-steam-pc-sk","10":"product_cat-strielacky-3","11":"pa_audio-de-de","12":"pa_audio-en-us","13":"pa_audio-es-es","14":"pa_audio-fr-fr","15":"pa_audio-it-it","16":"pa_audio-ja-jp","18":"pa_countries-ad","19":"pa_countries-ae","20":"pa_countries-af","21":"pa_countries-ag","22":"pa_countries-ai","23":"pa_countries-al","24":"pa_countries-am","25":"pa_countries-an","26":"pa_countries-ao","27":"pa_countries-aq","28":"pa_countries-ar","29":"pa_countries-as","30":"pa_countries-at","31":"pa_countries-au","32":"pa_countries-aw","33":"pa_countries-ax","34":"pa_countries-az","35":"pa_countries-ba","36":"pa_countries-bb","37":"pa_countries-bd","38":"pa_countries-be","39":"pa_countries-bf","40":"pa_countries-bg","41":"pa_countries-bh","42":"pa_countries-bi","43":"pa_countries-bj","44":"pa_countries-bl","45":"pa_countries-bm","46":"pa_countries-bn","47":"pa_countries-bo","48":"pa_countries-br","49":"pa_countries-bs","50":"pa_countries-bt","51":"pa_countries-bv","52":"pa_countries-bw","53":"pa_countries-bz","54":"pa_countries-ca","55":"pa_countries-cc","56":"pa_countries-cd","57":"pa_countries-cf","58":"pa_countries-cg","59":"pa_countries-ch","60":"pa_countries-ci","61":"pa_countries-ck","62":"pa_countries-cl","63":"pa_countries-cm","64":"pa_countries-cn","65":"pa_countries-co","66":"pa_countries-cr","67":"pa_countries-cs","69":"pa_countries-cu","70":"pa_countries-cv","71":"pa_countries-cx","72":"pa_countries-cy","73":"pa_countries-cz","74":"pa_countries-de","75":"pa_countries-dj","76":"pa_countries-dk","77":"pa_countries-dm","78":"pa_countries-do","79":"pa_countries-dz","80":"pa_countries-ec","81":"pa_countries-ee","82":"pa_countries-eg","83":"pa_countries-eh","84":"pa_countries-er","85":"pa_countries-es","86":"pa_countries-et","87":"pa_countries-fi","88":"pa_countries-fj","89":"pa_countries-fk","90":"pa_countries-fm","91":"pa_countries-fo","92":"pa_countries-fr","93":"pa_countries-ga","94":"pa_countries-gb","95":"pa_countries-gd","96":"pa_countries-ge","97":"pa_countries-gf","98":"pa_countries-gg","99":"pa_countries-gh","100":"pa_countries-gi","101":"pa_countries-gl","102":"pa_countries-gm","103":"pa_countries-gn","104":"pa_countries-gp","105":"pa_countries-gq","106":"pa_countries-gr","107":"pa_countries-gs","108":"pa_countries-gt","109":"pa_countries-gu","110":"pa_countries-gw","111":"pa_countries-gy","112":"pa_countries-hk","113":"pa_countries-hm","114":"pa_countries-hn","115":"pa_countries-hr","116":"pa_countries-ht","117":"pa_countries-hu","118":"pa_countries-id","119":"pa_countries-ie","120":"pa_countries-il","121":"pa_countries-im","122":"pa_countries-in","123":"pa_countries-io","124":"pa_countries-iq","125":"pa_countries-ir","126":"pa_countries-is","127":"pa_countries-it","128":"pa_countries-je","129":"pa_countries-jm","130":"pa_countries-jo","131":"pa_countries-jp","132":"pa_countries-ke","133":"pa_countries-kg","134":"pa_countries-kh","135":"pa_countries-ki","136":"pa_countries-km","137":"pa_countries-kn","138":"pa_countries-kp","139":"pa_countries-kr","140":"pa_countries-kw","141":"pa_countries-ky","142":"pa_countries-kz","143":"pa_countries-la","144":"pa_countries-lb","145":"pa_countries-lc","146":"pa_countries-li","147":"pa_countries-lk","148":"pa_countries-lr","149":"pa_countries-ls","150":"pa_countries-lt","151":"pa_countries-lu","152":"pa_countries-lv","153":"pa_countries-ly","154":"pa_countries-ma","155":"pa_countries-mc","156":"pa_countries-md","157":"pa_countries-me","158":"pa_countries-mf","159":"pa_countries-mg","160":"pa_countries-mh","161":"pa_countries-mk","162":"pa_countries-ml","163":"pa_countries-mm","164":"pa_countries-mn","165":"pa_countries-mo","166":"pa_countries-mp","167":"pa_countries-mq","168":"pa_countries-mr","169":"pa_countries-ms","170":"pa_countries-mt","171":"pa_countries-mu","172":"pa_countries-mv","173":"pa_countries-mw","174":"pa_countries-mx","175":"pa_countries-my","176":"pa_countries-mz","177":"pa_countries-na","178":"pa_countries-nc","179":"pa_countries-ne","180":"pa_countries-nf","181":"pa_countries-ng","182":"pa_countries-ni","183":"pa_countries-nl","184":"pa_countries-no","185":"pa_countries-np","186":"pa_countries-nr","187":"pa_countries-nu","188":"pa_countries-nz","189":"pa_countries-om","190":"pa_countries-pa","191":"pa_countries-pe","192":"pa_countries-pf","193":"pa_countries-pg","194":"pa_countries-ph","195":"pa_countries-pk","196":"pa_countries-pl","197":"pa_countries-pm","198":"pa_countries-pn","199":"pa_countries-pr","200":"pa_countries-ps","201":"pa_countries-pt","202":"pa_countries-pw","203":"pa_countries-py","204":"pa_countries-qa","205":"pa_countries-re","206":"pa_countries-ro","207":"pa_countries-rs","208":"pa_countries-rw","209":"pa_countries-sa","210":"pa_countries-sb","211":"pa_countries-sc","212":"pa_countries-sd","213":"pa_countries-se","214":"pa_countries-sg","215":"pa_countries-sh","216":"pa_countries-si","217":"pa_countries-sj","218":"pa_countries-sk","219":"pa_countries-sl","220":"pa_countries-sm","221":"pa_countries-sn","222":"pa_countries-so","223":"pa_countries-sr","224":"pa_countries-st","225":"pa_countries-sv","226":"pa_countries-sy","227":"pa_countries-sz","228":"pa_countries-tc","229":"pa_countries-td","230":"pa_countries-tf","231":"pa_countries-tg","232":"pa_countries-th","233":"pa_countries-tj","234":"pa_countries-tk","235":"pa_countries-tl","236":"pa_countries-tm","237":"pa_countries-tn","238":"pa_countries-to","239":"pa_countries-tr","240":"pa_countries-tt","241":"pa_countries-tv","242":"pa_countries-tw","243":"pa_countries-tz","244":"pa_countries-ua","245":"pa_countries-ug","246":"pa_countries-um","247":"pa_countries-us","248":"pa_countries-uy","249":"pa_countries-uz","250":"pa_countries-va","251":"pa_countries-vc","252":"pa_countries-ve","253":"pa_countries-vg","254":"pa_countries-vi","255":"pa_countries-vn","256":"pa_countries-vu","257":"pa_countries-wf","258":"pa_countries-ws","259":"pa_countries-ye","260":"pa_countries-yt","261":"pa_countries-za","262":"pa_countries-zm","263":"pa_countries-zw","264":"pa_countries-zz","265":"pa_developer-bethesda-game-studios","267":"pa_engine-creation-engine","269":"pa_franchises-fallout","271":"pa_game_type-main_game","273":"pa_genres-role-playing-rpg","275":"pa_genres-shooter","276":"pa_interface-de-de","277":"pa_interface-en-us","278":"pa_interface-es-es","279":"pa_interface-es-mx","280":"pa_interface-fr-fr","281":"pa_interface-it-it","282":"pa_interface-ja-jp","283":"pa_interface-ko-kr","284":"pa_interface-pl-pl","285":"pa_interface-pt-br","286":"pa_interface-ru-ru","288":"pa_interface-zh-cn","289":"pa_interface-zh-tw","290":"pa_keywords-always-online","291":"pa_keywords-bees","292":"pa_keywords-controversial","293":"pa_keywords-controversy","294":"pa_keywords-mutants","295":"pa_keywords-nuclear-fallout","296":"pa_keywords-online","297":"pa_keywords-post-apocalyptic","299":"pa_modes-co-operative","300":"pa_modes-massively-multiplayer-online-mmo","302":"pa_modes-multiplayer","303":"pa_pegi-794","304":"pa_pegi-13426","305":"pa_platform-pc-steam","307":"pa_player_perspectives-first-person","309":"pa_player_perspectives-third-person","310":"pa_publisher-bethesda-softworks","312":"pa_rating-2132","313":"pa_rating-14573","314":"pa_region-row","316":"pa_subtitles-de-de","318":"pa_subtitles-en-us","319":"pa_subtitles-es-es","320":"pa_subtitles-es-mx","321":"pa_subtitles-fr-fr","322":"pa_subtitles-it-it","323":"pa_subtitles-ja-jp","324":"pa_subtitles-ko-kr","325":"pa_subtitles-pl-pl","326":"pa_subtitles-pt-br","327":"pa_subtitles-ru-ru","328":"pa_subtitles-zh-cn","329":"pa_subtitles-zh-tw","330":"pa_themes-action","331":"pa_themes-open-world","332":"pa_themes-science-fiction","333":"pa_themes-survival","336":"first","337":"instock","338":"virtual","339":"taxable","340":"purchasable","341":"product-type-simple"},"yoast_head":"<!-- This site is optimized with the Yoast SEO plugin v27.3 - https:\/\/yoast.com\/product\/yoast-seo-wordpress\/ -->\n<title>Fallout 76 | BeGamer.cz<\/title>\n<meta name=\"robots\" content=\"index, follow, max-snippet:-1, max-image-preview:large, max-video-preview:-1\" \/>\n<link rel=\"canonical\" href=\"https:\/\/begamer.cz\/sk\/produkt\/fallout-76-sk\/\" \/>\n<meta property=\"og:locale\" content=\"sk_SK\" \/>\n<meta property=\"og:type\" content=\"article\" \/>\n<meta property=\"og:title\" content=\"Fallout 76 | BeGamer.cz\" \/>\n<meta property=\"og:description\" content=\"Bethesda Game Studios v\u00e1s v\u00edta vo Fallout 76. Dvadsa\u0165p\u00e4\u0165 rokov po p\u00e1de b\u00f4mb sa vy a va\u0161i spolub\u00fdvaj\u00faci z Vaultu ocitnete v postnukle\u00e1rnej Amerike. Presk\u00famajte rozsiahlu pustinu v tomto multiplayerovom dodatku k pr\u00edbehu Fallout s otvoren\u00fdm svetom.\" \/>\n<meta property=\"og:url\" content=\"https:\/\/begamer.cz\/sk\/produkt\/fallout-76-sk\/\" \/>\n<meta property=\"og:site_name\" content=\"BeGamer.cz\" \/>\n<meta property=\"article:modified_time\" content=\"2026-03-18T01:01:10+00:00\" \/>\n<meta property=\"og:image\" content=\"https:\/\/begamer.cz\/wp-content\/uploads\/2026\/01\/fallout-76-12.webp\" \/>\n\t<meta property=\"og:image:width\" content=\"300\" \/>\n\t<meta property=\"og:image:height\" content=\"400\" \/>\n\t<meta property=\"og:image:type\" content=\"image\/webp\" \/>\n<meta name=\"twitter:card\" content=\"summary_large_image\" \/>\n<meta name=\"twitter:label1\" content=\"Predpokladan\u00fd \u010das \u010d\u00edtania\" \/>\n\t<meta name=\"twitter:data1\" content=\"2 min\u00faty\" \/>\n<script type=\"application\/ld+json\" class=\"yoast-schema-graph\">{\"@context\":\"https:\\\/\\\/schema.org\",\"@graph\":[{\"@type\":\"WebPage\",\"@id\":\"https:\\\/\\\/begamer.cz\\\/sk\\\/produkt\\\/fallout-76-sk\\\/\",\"url\":\"https:\\\/\\\/begamer.cz\\\/sk\\\/produkt\\\/fallout-76-sk\\\/\",\"name\":\"Fallout 76 | BeGamer.cz\",\"isPartOf\":{\"@id\":\"https:\\\/\\\/begamer.cz\\\/sk\\\/#website\"},\"primaryImageOfPage\":{\"@id\":\"https:\\\/\\\/begamer.cz\\\/sk\\\/produkt\\\/fallout-76-sk\\\/#primaryimage\"},\"image\":{\"@id\":\"https:\\\/\\\/begamer.cz\\\/sk\\\/produkt\\\/fallout-76-sk\\\/#primaryimage\"},\"thumbnailUrl\":\"https:\\\/\\\/begamer.cz\\\/wp-content\\\/uploads\\\/2026\\\/01\\\/fallout-76-12.webp\",\"datePublished\":\"2026-01-30T14:40:43+00:00\",\"dateModified\":\"2026-03-18T01:01:10+00:00\",\"breadcrumb\":{\"@id\":\"https:\\\/\\\/begamer.cz\\\/sk\\\/produkt\\\/fallout-76-sk\\\/#breadcrumb\"},\"inLanguage\":\"sk-SK\",\"potentialAction\":[{\"@type\":\"ReadAction\",\"target\":[\"https:\\\/\\\/begamer.cz\\\/sk\\\/produkt\\\/fallout-76-sk\\\/\"]}]},{\"@type\":\"ImageObject\",\"inLanguage\":\"sk-SK\",\"@id\":\"https:\\\/\\\/begamer.cz\\\/sk\\\/produkt\\\/fallout-76-sk\\\/#primaryimage\",\"url\":\"https:\\\/\\\/begamer.cz\\\/wp-content\\\/uploads\\\/2026\\\/01\\\/fallout-76-12.webp\",\"contentUrl\":\"https:\\\/\\\/begamer.cz\\\/wp-content\\\/uploads\\\/2026\\\/01\\\/fallout-76-12.webp\",\"width\":300,\"height\":400},{\"@type\":\"BreadcrumbList\",\"@id\":\"https:\\\/\\\/begamer.cz\\\/sk\\\/produkt\\\/fallout-76-sk\\\/#breadcrumb\",\"itemListElement\":[{\"@type\":\"ListItem\",\"position\":1,\"name\":\"Domov\",\"item\":\"https:\\\/\\\/begamer.cz\\\/sk\\\/\"},{\"@type\":\"ListItem\",\"position\":2,\"name\":\"Obchod\",\"item\":\"https:\\\/\\\/begamer.cz\\\/obchod\\\/\"},{\"@type\":\"ListItem\",\"position\":3,\"name\":\"Fallout 76\"}]},{\"@type\":\"WebSite\",\"@id\":\"https:\\\/\\\/begamer.cz\\\/sk\\\/#website\",\"url\":\"https:\\\/\\\/begamer.cz\\\/sk\\\/\",\"name\":\"BeGamer.cz\",\"description\":\"\",\"publisher\":{\"@id\":\"https:\\\/\\\/begamer.cz\\\/sk\\\/#organization\"},\"potentialAction\":[{\"@type\":\"SearchAction\",\"target\":{\"@type\":\"EntryPoint\",\"urlTemplate\":\"https:\\\/\\\/begamer.cz\\\/sk\\\/?s={search_term_string}\"},\"query-input\":{\"@type\":\"PropertyValueSpecification\",\"valueRequired\":true,\"valueName\":\"search_term_string\"}}],\"inLanguage\":\"sk-SK\"},{\"@type\":\"Organization\",\"@id\":\"https:\\\/\\\/begamer.cz\\\/sk\\\/#organization\",\"name\":\"BeGamer.cz\",\"url\":\"https:\\\/\\\/begamer.cz\\\/sk\\\/\",\"logo\":{\"@type\":\"ImageObject\",\"inLanguage\":\"sk-SK\",\"@id\":\"https:\\\/\\\/begamer.cz\\\/sk\\\/#\\\/schema\\\/logo\\\/image\\\/\",\"url\":\"https:\\\/\\\/begamer.cz\\\/wp-content\\\/uploads\\\/2025\\\/07\\\/logo.svg\",\"contentUrl\":\"https:\\\/\\\/begamer.cz\\\/wp-content\\\/uploads\\\/2025\\\/07\\\/logo.svg\",\"caption\":\"BeGamer.cz\"},\"image\":{\"@id\":\"https:\\\/\\\/begamer.cz\\\/sk\\\/#\\\/schema\\\/logo\\\/image\\\/\"}}]}<\/script>\n<!-- \/ Yoast SEO plugin. -->","yoast_head_json":{"title":"Fallout 76 | BeGamer.cz","robots":{"index":"index","follow":"follow","max-snippet":"max-snippet:-1","max-image-preview":"max-image-preview:large","max-video-preview":"max-video-preview:-1"},"canonical":"https:\/\/begamer.cz\/sk\/produkt\/fallout-76-sk\/","og_locale":"sk_SK","og_type":"article","og_title":"Fallout 76 | BeGamer.cz","og_description":"Bethesda Game Studios v\u00e1s v\u00edta vo Fallout 76. Dvadsa\u0165p\u00e4\u0165 rokov po p\u00e1de b\u00f4mb sa vy a va\u0161i spolub\u00fdvaj\u00faci z Vaultu ocitnete v postnukle\u00e1rnej Amerike. Presk\u00famajte rozsiahlu pustinu v tomto multiplayerovom dodatku k pr\u00edbehu Fallout s otvoren\u00fdm svetom.","og_url":"https:\/\/begamer.cz\/sk\/produkt\/fallout-76-sk\/","og_site_name":"BeGamer.cz","article_modified_time":"2026-03-18T01:01:10+00:00","og_image":[{"width":300,"height":400,"url":"https:\/\/begamer.cz\/wp-content\/uploads\/2026\/01\/fallout-76-12.webp","type":"image\/webp"}],"twitter_card":"summary_large_image","twitter_misc":{"Predpokladan\u00fd \u010das \u010d\u00edtania":"2 min\u00faty"},"schema":{"@context":"https:\/\/schema.org","@graph":[{"@type":"WebPage","@id":"https:\/\/begamer.cz\/sk\/produkt\/fallout-76-sk\/","url":"https:\/\/begamer.cz\/sk\/produkt\/fallout-76-sk\/","name":"Fallout 76 | BeGamer.cz","isPartOf":{"@id":"https:\/\/begamer.cz\/sk\/#website"},"primaryImageOfPage":{"@id":"https:\/\/begamer.cz\/sk\/produkt\/fallout-76-sk\/#primaryimage"},"image":{"@id":"https:\/\/begamer.cz\/sk\/produkt\/fallout-76-sk\/#primaryimage"},"thumbnailUrl":"https:\/\/begamer.cz\/wp-content\/uploads\/2026\/01\/fallout-76-12.webp","datePublished":"2026-01-30T14:40:43+00:00","dateModified":"2026-03-18T01:01:10+00:00","breadcrumb":{"@id":"https:\/\/begamer.cz\/sk\/produkt\/fallout-76-sk\/#breadcrumb"},"inLanguage":"sk-SK","potentialAction":[{"@type":"ReadAction","target":["https:\/\/begamer.cz\/sk\/produkt\/fallout-76-sk\/"]}]},{"@type":"ImageObject","inLanguage":"sk-SK","@id":"https:\/\/begamer.cz\/sk\/produkt\/fallout-76-sk\/#primaryimage","url":"https:\/\/begamer.cz\/wp-content\/uploads\/2026\/01\/fallout-76-12.webp","contentUrl":"https:\/\/begamer.cz\/wp-content\/uploads\/2026\/01\/fallout-76-12.webp","width":300,"height":400},{"@type":"BreadcrumbList","@id":"https:\/\/begamer.cz\/sk\/produkt\/fallout-76-sk\/#breadcrumb","itemListElement":[{"@type":"ListItem","position":1,"name":"Domov","item":"https:\/\/begamer.cz\/sk\/"},{"@type":"ListItem","position":2,"name":"Obchod","item":"https:\/\/begamer.cz\/obchod\/"},{"@type":"ListItem","position":3,"name":"Fallout 76"}]},{"@type":"WebSite","@id":"https:\/\/begamer.cz\/sk\/#website","url":"https:\/\/begamer.cz\/sk\/","name":"BeGamer.cz","description":"","publisher":{"@id":"https:\/\/begamer.cz\/sk\/#organization"},"potentialAction":[{"@type":"SearchAction","target":{"@type":"EntryPoint","urlTemplate":"https:\/\/begamer.cz\/sk\/?s={search_term_string}"},"query-input":{"@type":"PropertyValueSpecification","valueRequired":true,"valueName":"search_term_string"}}],"inLanguage":"sk-SK"},{"@type":"Organization","@id":"https:\/\/begamer.cz\/sk\/#organization","name":"BeGamer.cz","url":"https:\/\/begamer.cz\/sk\/","logo":{"@type":"ImageObject","inLanguage":"sk-SK","@id":"https:\/\/begamer.cz\/sk\/#\/schema\/logo\/image\/","url":"https:\/\/begamer.cz\/wp-content\/uploads\/2025\/07\/logo.svg","contentUrl":"https:\/\/begamer.cz\/wp-content\/uploads\/2025\/07\/logo.svg","caption":"BeGamer.cz"},"image":{"@id":"https:\/\/begamer.cz\/sk\/#\/schema\/logo\/image\/"}}]}},"acf":[],"_links":{"self":[{"href":"https:\/\/begamer.cz\/sk\/wp-json\/wp\/v2\/product\/93110","targetHints":{"allow":["GET"]}}],"collection":[{"href":"https:\/\/begamer.cz\/sk\/wp-json\/wp\/v2\/product"}],"about":[{"href":"https:\/\/begamer.cz\/sk\/wp-json\/wp\/v2\/types\/product"}],"replies":[{"embeddable":true,"href":"https:\/\/begamer.cz\/sk\/wp-json\/wp\/v2\/comments?post=93110"}],"wp:featuredmedia":[{"embeddable":true,"href":"https:\/\/begamer.cz\/sk\/wp-json\/wp\/v2\/media\/4704"}],"wp:attachment":[{"href":"https:\/\/begamer.cz\/sk\/wp-json\/wp\/v2\/media?parent=93110"}],"wp:term":[{"taxonomy":"product_brand","embeddable":true,"href":"https:\/\/begamer.cz\/sk\/wp-json\/wp\/v2\/product_brand?post=93110"},{"taxonomy":"product_cat","embeddable":true,"href":"https:\/\/begamer.cz\/sk\/wp-json\/wp\/v2\/product_cat?post=93110"},{"taxonomy":"product_tag","embeddable":true,"href":"https:\/\/begamer.cz\/sk\/wp-json\/wp\/v2\/product_tag?post=93110"}],"curies":[{"name":"wp","href":"https:\/\/api.w.org\/{rel}","templated":true}]}}