{"id":93104,"date":"2026-01-30T15:40:38","date_gmt":"2026-01-30T14:40:38","guid":{"rendered":"https:\/\/begamer.cz\/produkt\/tom-clancys-ghost-recon-breakpoint-sk\/"},"modified":"2026-03-18T02:00:41","modified_gmt":"2026-03-18T01:00:41","slug":"tom-clancys-ghost-recon-breakpoint-sk","status":"publish","type":"product","link":"https:\/\/begamer.cz\/sk\/produkt\/tom-clancys-ghost-recon-breakpoint-sk\/","title":{"rendered":"Tom Clancy\u2019s Ghost Recon: Breakpoint"},"content":{"rendered":"<h1>O hre<\/h1>\n<p>Presk\u00famajte zradn\u00fd s\u00faostrovie<br \/>Presk\u00famajte Auroa, domov gigantu Skell Technology zo Silicon Valley, zo vzduchu, zeme aj mora. Ponorte sa do tajomn\u00e9ho ostrova, kde sa architektonicky pokrokov\u00e9 budovy mie\u0161aj\u00fa s divokou, nezkrotnou pr\u00edrodou. Od zasne\u017een\u00fdch vrcholkov po najhlb\u0161ie mo\u010dariny, \u010dak\u00e1 na v\u00e1s v\u0161etko mo\u017en\u00e9 ter\u00e9n.<\/p>\n<p>Porazte smrtiaceho nepriate\u013ea zo svojej minulosti<br \/>Wolves s\u00fa smrtiaca b\u00fdval\u00e1 vojensk\u00e1 jednotka USA, ktor\u00e1 sa dala na zlo\u010dineck\u00fa dr\u00e1hu a je pripraven\u00e1 pou\u017ei\u0165 naj\u00fa\u010dinnej\u0161ie zab\u00edjacie stroje, aby v\u00e1s porazila. Navy\u0161e, kedysi boli ako vy \u2013 \u010derpaj\u00fa z rovnak\u00e9ho v\u00fdcviku a sk\u00fasenost\u00ed. Wolves obsadili Auroa a prevzali kontrolu nad najd\u00f4le\u017eitej\u0161\u00edmi zdrojmi ostrova: dronmi. Ich vodcom je v\u00e1\u0161 b\u00fdval\u00fd spolubojovn\u00edk, plukovn\u00edk Cole D. Walker, a vy ho budete musie\u0165 porazi\u0165.<\/p>\n<p>Prisp\u00f4sobte si svojho Ghost<br \/>Vytvorte si vlastn\u00fa postavu a vyberte si z tis\u00edcov kombin\u00e1ci\u00ed prisp\u00f4sobenia, aby ste vytvorili perfektn\u00e9ho Ghost. Z\u00edskavajte materi\u00e1ly zo sveta, vyr\u00e1bajte a vylep\u0161ujte svoje zbrane a prisp\u00f4sobujte si v\u00fdbavu, aby ste svojho Ghost prisp\u00f4sobili svojmu \u0161t\u00fdlu hry. Tom Clancy&#x27;s Ghost Recon Breakpoint je o vo\u013ebe.<\/p>\n<p>Spojte sa s priate\u013emi<br \/>Spojte sa s priate\u013emi a za\u017eite spolo\u010dn\u00fd postup od hlavnej kampane po PvP. Presk\u00famajte bohat\u00fd obsah koncovej hry, vr\u00e1tane n\u00e1jazdov pre \u0161tyroch hr\u00e1\u010dov. Nech sa rozhodnete hra\u0165 akoko\u013evek, v Tom Clancy&#x27;s Ghost Recon Breakpoint budete ma\u0165 v\u017edy rovnak\u00fa postavu: rovnak\u00e9 prisp\u00f4sobenia, rovnak\u00e9 zru\u010dnosti a rovnak\u00e9 zbrane.<\/p>\n","protected":false},"excerpt":{"rendered":"<p>Tom Clancy&#x27;s Ghost Recon: Breakpoint je taktick\u00e1 strie\u013ea\u010dka s otvoren\u00fdm svetom, v ktorej hr\u00e1\u010di ako elitn\u00ed agenti prekon\u00e1vaj\u00fa nepriate\u013esk\u00e9 ter\u00e9ny. Za\u017eite intenz\u00edvne boje, pokro\u010dil\u00e9 stealth mechaniky, dynamick\u00e9 misie a kooperat\u00edvnu hru na od\u013eahlom ostrove, kde v\u00e1s \u010dakaj\u00fa nepriate\u013esk\u00ed vojaci. Prisp\u00f4sobte sa, pre\u017eite a spl\u0148te svoje ciele.<\/p>\n","protected":false},"featured_media":4623,"comment_status":"open","ping_status":"closed","template":"","meta":{"_acf_changed":false},"product_brand":[],"product_cat":[280,268,266,9064,9082,9076],"product_tag":[],"class_list":{"0":"post-93104","1":"product","2":"type-product","3":"status-publish","4":"has-post-thumbnail","6":"product_cat-dobrodruzne-pc-hry-sk","7":"product_cat-pc-sk","8":"product_cat-pc-hry-sk","9":"product_cat-strielacky-3","10":"product_cat-takticke-3","11":"product_cat-ubisoft-connect","12":"pa_audio-de-de","13":"pa_audio-en-gb","14":"pa_audio-en-us","15":"pa_audio-es-es","16":"pa_audio-es-mx","18":"pa_audio-fr-fr","19":"pa_audio-it-it","20":"pa_audio-ja-jp","21":"pa_audio-pt-br","22":"pa_audio-ru-ru","23":"pa_countries-ad","24":"pa_countries-ae","25":"pa_countries-al","26":"pa_countries-ao","27":"pa_countries-at","28":"pa_countries-ba","29":"pa_countries-be","30":"pa_countries-bf","31":"pa_countries-bg","32":"pa_countries-bh","33":"pa_countries-bi","34":"pa_countries-bj","35":"pa_countries-bw","36":"pa_countries-cd","37":"pa_countries-cf","38":"pa_countries-cg","39":"pa_countries-ch","40":"pa_countries-ci","41":"pa_countries-cm","42":"pa_countries-cv","43":"pa_countries-cy","44":"pa_countries-cz","45":"pa_countries-de","46":"pa_countries-dj","47":"pa_countries-dk","48":"pa_countries-dz","49":"pa_countries-ee","50":"pa_countries-eg","51":"pa_countries-eh","52":"pa_countries-er","53":"pa_countries-es","54":"pa_countries-et","55":"pa_countries-fi","56":"pa_countries-fo","57":"pa_countries-fr","58":"pa_countries-ga","59":"pa_countries-gb","60":"pa_countries-gh","61":"pa_countries-gi","62":"pa_countries-gm","63":"pa_countries-gn","64":"pa_countries-gq","65":"pa_countries-gr","66":"pa_countries-hr","67":"pa_countries-hu","68":"pa_countries-ie","69":"pa_countries-il","70":"pa_countries-im","71":"pa_countries-iq","72":"pa_countries-ir","73":"pa_countries-is","74":"pa_countries-it","75":"pa_countries-jo","76":"pa_countries-ke","77":"pa_countries-km","78":"pa_countries-kw","79":"pa_countries-lb","80":"pa_countries-li","81":"pa_countries-lr","82":"pa_countries-ls","83":"pa_countries-lt","84":"pa_countries-lu","85":"pa_countries-lv","86":"pa_countries-ly","87":"pa_countries-ma","88":"pa_countries-mc","89":"pa_countries-md","90":"pa_countries-me","91":"pa_countries-mg","92":"pa_countries-ml","93":"pa_countries-mr","94":"pa_countries-mt","95":"pa_countries-mu","96":"pa_countries-mw","97":"pa_countries-mz","98":"pa_countries-na","99":"pa_countries-ne","100":"pa_countries-ng","101":"pa_countries-nl","102":"pa_countries-no","103":"pa_countries-om","104":"pa_countries-pl","105":"pa_countries-ps","106":"pa_countries-pt","107":"pa_countries-qa","108":"pa_countries-re","109":"pa_countries-ro","110":"pa_countries-rs","111":"pa_countries-rw","112":"pa_countries-sa","113":"pa_countries-sc","114":"pa_countries-sd","115":"pa_countries-se","116":"pa_countries-si","117":"pa_countries-sk","118":"pa_countries-sl","119":"pa_countries-sm","120":"pa_countries-sn","121":"pa_countries-so","122":"pa_countries-sy","123":"pa_countries-td","124":"pa_countries-tg","125":"pa_countries-tn","126":"pa_countries-tr","127":"pa_countries-tz","128":"pa_countries-ua","129":"pa_countries-ug","130":"pa_countries-va","132":"pa_countries-ye","133":"pa_countries-yt","134":"pa_countries-za","135":"pa_countries-zm","136":"pa_countries-zw","137":"pa_developer-ubisoft-paris","139":"pa_franchises-tom-clancys","141":"pa_game_type-main_game","143":"pa_genres-adventure","144":"pa_genres-shooter","145":"pa_genres-tactical","147":"pa_interface-ar","148":"pa_interface-cs-cz","149":"pa_interface-de-de","150":"pa_interface-en-gb","151":"pa_interface-en-us","152":"pa_interface-es-es","153":"pa_interface-es-mx","154":"pa_interface-fr-fr","155":"pa_interface-it-it","156":"pa_interface-ja-jp","157":"pa_interface-ko-kr","158":"pa_interface-nl-nl","160":"pa_interface-pl-pl","161":"pa_interface-pt-br","162":"pa_interface-ru-ru","163":"pa_interface-th-th","164":"pa_interface-zh-cn","165":"pa_interface-zh-tw","166":"pa_keywords-character-creation","167":"pa_keywords-character-customization","169":"pa_keywords-customizable-characters","170":"pa_keywords-party-customization","171":"pa_modes-co-operative","172":"pa_modes-multiplayer","174":"pa_modes-single-player","175":"pa_pegi-13426","176":"pa_pegi-794","177":"pa_platform-ubisoft-connect","179":"pa_player_perspectives-third-person","181":"pa_publisher-ubisoft-entertainment","183":"pa_rating-14570","184":"pa_rating-2124","185":"pa_region-europe","187":"pa_subtitles-ar","188":"pa_subtitles-cs-cz","189":"pa_subtitles-de-de","190":"pa_subtitles-en-gb","191":"pa_subtitles-en-us","192":"pa_subtitles-es-es","193":"pa_subtitles-fr-fr","194":"pa_subtitles-it-it","195":"pa_subtitles-ja-jp","196":"pa_subtitles-ko-kr","197":"pa_subtitles-nl-nl","199":"pa_subtitles-pl-pl","200":"pa_subtitles-pt-br","201":"pa_subtitles-ru-ru","202":"pa_subtitles-th-th","203":"pa_subtitles-zh-cn","204":"pa_subtitles-zh-tw","205":"pa_themes-action","206":"pa_themes-open-world","207":"pa_themes-stealth","208":"pa_themes-warfare","211":"first","212":"instock","213":"virtual","214":"taxable","215":"purchasable","216":"product-type-simple"},"yoast_head":"<!-- This site is optimized with the Yoast SEO plugin v27.3 - https:\/\/yoast.com\/product\/yoast-seo-wordpress\/ -->\n<title>Tom Clancy&#039;s Ghost Recon: Breakpoint | BeGamer.cz<\/title>\n<meta name=\"robots\" content=\"index, follow, max-snippet:-1, max-image-preview:large, max-video-preview:-1\" \/>\n<link rel=\"canonical\" href=\"https:\/\/begamer.cz\/sk\/produkt\/tom-clancys-ghost-recon-breakpoint-sk\/\" \/>\n<meta property=\"og:locale\" content=\"sk_SK\" \/>\n<meta property=\"og:type\" content=\"article\" \/>\n<meta property=\"og:title\" content=\"Tom Clancy&#039;s Ghost Recon: Breakpoint | BeGamer.cz\" \/>\n<meta property=\"og:description\" content=\"Tom Clancy&#x27;s Ghost Recon: Breakpoint je taktick\u00e1 strie\u013ea\u010dka s otvoren\u00fdm svetom, v ktorej hr\u00e1\u010di ako elitn\u00ed agenti prekon\u00e1vaj\u00fa nepriate\u013esk\u00e9 ter\u00e9ny. Za\u017eite intenz\u00edvne boje, pokro\u010dil\u00e9 stealth mechaniky, dynamick\u00e9 misie a kooperat\u00edvnu hru na od\u013eahlom ostrove, kde v\u00e1s \u010dakaj\u00fa nepriate\u013esk\u00ed vojaci. Prisp\u00f4sobte sa, pre\u017eite a spl\u0148te svoje ciele.\" \/>\n<meta property=\"og:url\" content=\"https:\/\/begamer.cz\/sk\/produkt\/tom-clancys-ghost-recon-breakpoint-sk\/\" \/>\n<meta property=\"og:site_name\" content=\"BeGamer.cz\" \/>\n<meta property=\"article:modified_time\" content=\"2026-03-18T01:00:41+00:00\" \/>\n<meta property=\"og:image\" content=\"https:\/\/begamer.cz\/wp-content\/uploads\/2026\/01\/tom-clancys-ghost-recon-breakpoint-13.webp\" \/>\n\t<meta property=\"og:image:width\" content=\"300\" \/>\n\t<meta property=\"og:image:height\" content=\"400\" \/>\n\t<meta property=\"og:image:type\" content=\"image\/webp\" \/>\n<meta name=\"twitter:card\" content=\"summary_large_image\" \/>\n<meta name=\"twitter:label1\" content=\"Predpokladan\u00fd \u010das \u010d\u00edtania\" \/>\n\t<meta name=\"twitter:data1\" content=\"1 min\u00fata\" \/>\n<script type=\"application\/ld+json\" class=\"yoast-schema-graph\">{\"@context\":\"https:\\\/\\\/schema.org\",\"@graph\":[{\"@type\":\"WebPage\",\"@id\":\"https:\\\/\\\/begamer.cz\\\/sk\\\/produkt\\\/tom-clancys-ghost-recon-breakpoint-sk\\\/\",\"url\":\"https:\\\/\\\/begamer.cz\\\/sk\\\/produkt\\\/tom-clancys-ghost-recon-breakpoint-sk\\\/\",\"name\":\"Tom Clancy's Ghost Recon: Breakpoint | BeGamer.cz\",\"isPartOf\":{\"@id\":\"https:\\\/\\\/begamer.cz\\\/sk\\\/#website\"},\"primaryImageOfPage\":{\"@id\":\"https:\\\/\\\/begamer.cz\\\/sk\\\/produkt\\\/tom-clancys-ghost-recon-breakpoint-sk\\\/#primaryimage\"},\"image\":{\"@id\":\"https:\\\/\\\/begamer.cz\\\/sk\\\/produkt\\\/tom-clancys-ghost-recon-breakpoint-sk\\\/#primaryimage\"},\"thumbnailUrl\":\"https:\\\/\\\/begamer.cz\\\/wp-content\\\/uploads\\\/2026\\\/01\\\/tom-clancys-ghost-recon-breakpoint-13.webp\",\"datePublished\":\"2026-01-30T14:40:38+00:00\",\"dateModified\":\"2026-03-18T01:00:41+00:00\",\"breadcrumb\":{\"@id\":\"https:\\\/\\\/begamer.cz\\\/sk\\\/produkt\\\/tom-clancys-ghost-recon-breakpoint-sk\\\/#breadcrumb\"},\"inLanguage\":\"sk-SK\",\"potentialAction\":[{\"@type\":\"ReadAction\",\"target\":[\"https:\\\/\\\/begamer.cz\\\/sk\\\/produkt\\\/tom-clancys-ghost-recon-breakpoint-sk\\\/\"]}]},{\"@type\":\"ImageObject\",\"inLanguage\":\"sk-SK\",\"@id\":\"https:\\\/\\\/begamer.cz\\\/sk\\\/produkt\\\/tom-clancys-ghost-recon-breakpoint-sk\\\/#primaryimage\",\"url\":\"https:\\\/\\\/begamer.cz\\\/wp-content\\\/uploads\\\/2026\\\/01\\\/tom-clancys-ghost-recon-breakpoint-13.webp\",\"contentUrl\":\"https:\\\/\\\/begamer.cz\\\/wp-content\\\/uploads\\\/2026\\\/01\\\/tom-clancys-ghost-recon-breakpoint-13.webp\",\"width\":300,\"height\":400},{\"@type\":\"BreadcrumbList\",\"@id\":\"https:\\\/\\\/begamer.cz\\\/sk\\\/produkt\\\/tom-clancys-ghost-recon-breakpoint-sk\\\/#breadcrumb\",\"itemListElement\":[{\"@type\":\"ListItem\",\"position\":1,\"name\":\"Domov\",\"item\":\"https:\\\/\\\/begamer.cz\\\/sk\\\/\"},{\"@type\":\"ListItem\",\"position\":2,\"name\":\"Obchod\",\"item\":\"https:\\\/\\\/begamer.cz\\\/obchod\\\/\"},{\"@type\":\"ListItem\",\"position\":3,\"name\":\"Tom Clancy\u2019s Ghost Recon: Breakpoint\"}]},{\"@type\":\"WebSite\",\"@id\":\"https:\\\/\\\/begamer.cz\\\/sk\\\/#website\",\"url\":\"https:\\\/\\\/begamer.cz\\\/sk\\\/\",\"name\":\"BeGamer.cz\",\"description\":\"\",\"publisher\":{\"@id\":\"https:\\\/\\\/begamer.cz\\\/sk\\\/#organization\"},\"potentialAction\":[{\"@type\":\"SearchAction\",\"target\":{\"@type\":\"EntryPoint\",\"urlTemplate\":\"https:\\\/\\\/begamer.cz\\\/sk\\\/?s={search_term_string}\"},\"query-input\":{\"@type\":\"PropertyValueSpecification\",\"valueRequired\":true,\"valueName\":\"search_term_string\"}}],\"inLanguage\":\"sk-SK\"},{\"@type\":\"Organization\",\"@id\":\"https:\\\/\\\/begamer.cz\\\/sk\\\/#organization\",\"name\":\"BeGamer.cz\",\"url\":\"https:\\\/\\\/begamer.cz\\\/sk\\\/\",\"logo\":{\"@type\":\"ImageObject\",\"inLanguage\":\"sk-SK\",\"@id\":\"https:\\\/\\\/begamer.cz\\\/sk\\\/#\\\/schema\\\/logo\\\/image\\\/\",\"url\":\"https:\\\/\\\/begamer.cz\\\/wp-content\\\/uploads\\\/2025\\\/07\\\/logo.svg\",\"contentUrl\":\"https:\\\/\\\/begamer.cz\\\/wp-content\\\/uploads\\\/2025\\\/07\\\/logo.svg\",\"caption\":\"BeGamer.cz\"},\"image\":{\"@id\":\"https:\\\/\\\/begamer.cz\\\/sk\\\/#\\\/schema\\\/logo\\\/image\\\/\"}}]}<\/script>\n<!-- \/ Yoast SEO plugin. -->","yoast_head_json":{"title":"Tom Clancy's Ghost Recon: Breakpoint | BeGamer.cz","robots":{"index":"index","follow":"follow","max-snippet":"max-snippet:-1","max-image-preview":"max-image-preview:large","max-video-preview":"max-video-preview:-1"},"canonical":"https:\/\/begamer.cz\/sk\/produkt\/tom-clancys-ghost-recon-breakpoint-sk\/","og_locale":"sk_SK","og_type":"article","og_title":"Tom Clancy's Ghost Recon: Breakpoint | BeGamer.cz","og_description":"Tom Clancy&#x27;s Ghost Recon: Breakpoint je taktick\u00e1 strie\u013ea\u010dka s otvoren\u00fdm svetom, v ktorej hr\u00e1\u010di ako elitn\u00ed agenti prekon\u00e1vaj\u00fa nepriate\u013esk\u00e9 ter\u00e9ny. Za\u017eite intenz\u00edvne boje, pokro\u010dil\u00e9 stealth mechaniky, dynamick\u00e9 misie a kooperat\u00edvnu hru na od\u013eahlom ostrove, kde v\u00e1s \u010dakaj\u00fa nepriate\u013esk\u00ed vojaci. Prisp\u00f4sobte sa, pre\u017eite a spl\u0148te svoje ciele.","og_url":"https:\/\/begamer.cz\/sk\/produkt\/tom-clancys-ghost-recon-breakpoint-sk\/","og_site_name":"BeGamer.cz","article_modified_time":"2026-03-18T01:00:41+00:00","og_image":[{"width":300,"height":400,"url":"https:\/\/begamer.cz\/wp-content\/uploads\/2026\/01\/tom-clancys-ghost-recon-breakpoint-13.webp","type":"image\/webp"}],"twitter_card":"summary_large_image","twitter_misc":{"Predpokladan\u00fd \u010das \u010d\u00edtania":"1 min\u00fata"},"schema":{"@context":"https:\/\/schema.org","@graph":[{"@type":"WebPage","@id":"https:\/\/begamer.cz\/sk\/produkt\/tom-clancys-ghost-recon-breakpoint-sk\/","url":"https:\/\/begamer.cz\/sk\/produkt\/tom-clancys-ghost-recon-breakpoint-sk\/","name":"Tom Clancy's Ghost Recon: Breakpoint | BeGamer.cz","isPartOf":{"@id":"https:\/\/begamer.cz\/sk\/#website"},"primaryImageOfPage":{"@id":"https:\/\/begamer.cz\/sk\/produkt\/tom-clancys-ghost-recon-breakpoint-sk\/#primaryimage"},"image":{"@id":"https:\/\/begamer.cz\/sk\/produkt\/tom-clancys-ghost-recon-breakpoint-sk\/#primaryimage"},"thumbnailUrl":"https:\/\/begamer.cz\/wp-content\/uploads\/2026\/01\/tom-clancys-ghost-recon-breakpoint-13.webp","datePublished":"2026-01-30T14:40:38+00:00","dateModified":"2026-03-18T01:00:41+00:00","breadcrumb":{"@id":"https:\/\/begamer.cz\/sk\/produkt\/tom-clancys-ghost-recon-breakpoint-sk\/#breadcrumb"},"inLanguage":"sk-SK","potentialAction":[{"@type":"ReadAction","target":["https:\/\/begamer.cz\/sk\/produkt\/tom-clancys-ghost-recon-breakpoint-sk\/"]}]},{"@type":"ImageObject","inLanguage":"sk-SK","@id":"https:\/\/begamer.cz\/sk\/produkt\/tom-clancys-ghost-recon-breakpoint-sk\/#primaryimage","url":"https:\/\/begamer.cz\/wp-content\/uploads\/2026\/01\/tom-clancys-ghost-recon-breakpoint-13.webp","contentUrl":"https:\/\/begamer.cz\/wp-content\/uploads\/2026\/01\/tom-clancys-ghost-recon-breakpoint-13.webp","width":300,"height":400},{"@type":"BreadcrumbList","@id":"https:\/\/begamer.cz\/sk\/produkt\/tom-clancys-ghost-recon-breakpoint-sk\/#breadcrumb","itemListElement":[{"@type":"ListItem","position":1,"name":"Domov","item":"https:\/\/begamer.cz\/sk\/"},{"@type":"ListItem","position":2,"name":"Obchod","item":"https:\/\/begamer.cz\/obchod\/"},{"@type":"ListItem","position":3,"name":"Tom Clancy\u2019s Ghost Recon: Breakpoint"}]},{"@type":"WebSite","@id":"https:\/\/begamer.cz\/sk\/#website","url":"https:\/\/begamer.cz\/sk\/","name":"BeGamer.cz","description":"","publisher":{"@id":"https:\/\/begamer.cz\/sk\/#organization"},"potentialAction":[{"@type":"SearchAction","target":{"@type":"EntryPoint","urlTemplate":"https:\/\/begamer.cz\/sk\/?s={search_term_string}"},"query-input":{"@type":"PropertyValueSpecification","valueRequired":true,"valueName":"search_term_string"}}],"inLanguage":"sk-SK"},{"@type":"Organization","@id":"https:\/\/begamer.cz\/sk\/#organization","name":"BeGamer.cz","url":"https:\/\/begamer.cz\/sk\/","logo":{"@type":"ImageObject","inLanguage":"sk-SK","@id":"https:\/\/begamer.cz\/sk\/#\/schema\/logo\/image\/","url":"https:\/\/begamer.cz\/wp-content\/uploads\/2025\/07\/logo.svg","contentUrl":"https:\/\/begamer.cz\/wp-content\/uploads\/2025\/07\/logo.svg","caption":"BeGamer.cz"},"image":{"@id":"https:\/\/begamer.cz\/sk\/#\/schema\/logo\/image\/"}}]}},"acf":[],"_links":{"self":[{"href":"https:\/\/begamer.cz\/sk\/wp-json\/wp\/v2\/product\/93104","targetHints":{"allow":["GET"]}}],"collection":[{"href":"https:\/\/begamer.cz\/sk\/wp-json\/wp\/v2\/product"}],"about":[{"href":"https:\/\/begamer.cz\/sk\/wp-json\/wp\/v2\/types\/product"}],"replies":[{"embeddable":true,"href":"https:\/\/begamer.cz\/sk\/wp-json\/wp\/v2\/comments?post=93104"}],"wp:featuredmedia":[{"embeddable":true,"href":"https:\/\/begamer.cz\/sk\/wp-json\/wp\/v2\/media\/4623"}],"wp:attachment":[{"href":"https:\/\/begamer.cz\/sk\/wp-json\/wp\/v2\/media?parent=93104"}],"wp:term":[{"taxonomy":"product_brand","embeddable":true,"href":"https:\/\/begamer.cz\/sk\/wp-json\/wp\/v2\/product_brand?post=93104"},{"taxonomy":"product_cat","embeddable":true,"href":"https:\/\/begamer.cz\/sk\/wp-json\/wp\/v2\/product_cat?post=93104"},{"taxonomy":"product_tag","embeddable":true,"href":"https:\/\/begamer.cz\/sk\/wp-json\/wp\/v2\/product_tag?post=93104"}],"curies":[{"name":"wp","href":"https:\/\/api.w.org\/{rel}","templated":true}]}}