{"id":93101,"date":"2026-01-30T15:40:36","date_gmt":"2026-01-30T14:40:36","guid":{"rendered":"https:\/\/begamer.cz\/produkt\/men-of-war-assault-squad-2-sk\/"},"modified":"2026-03-18T02:00:25","modified_gmt":"2026-03-18T01:00:25","slug":"men-of-war-assault-squad-2-sk","status":"publish","type":"product","link":"https:\/\/begamer.cz\/sk\/produkt\/men-of-war-assault-squad-2-sk\/","title":{"rendered":"Men of War: Assault Squad 2"},"content":{"rendered":"<h1>O hre<\/h1>\n<p><strong>Men of War: Assault Squad 2<\/strong> pon\u00faka nov\u00e9 re\u017eimy pre jedn\u00e9ho hr\u00e1\u010da, ktor\u00e9 hr\u00e1\u010dov zaved\u00fa od extr\u00e9mnych tankov\u00fdch bojov a\u017e po smrtiace tajn\u00e9 misie ostre\u013eova\u010dov. Velitelia sa teraz m\u00f4\u017eu postavi\u0165 proti s\u00faperom na r\u00f4znych nov\u00fdch map\u00e1ch pre viacer\u00fdch hr\u00e1\u010dov 1v1 \u2013 8v8. Aby boli bitky naozaj \u017eiv\u00e9, je tu nov\u00fd extr\u00e9mny hern\u00fd re\u017eim ur\u010den\u00fd pre ve\u013ek\u00e9 bitky na spektakul\u00e1rnych map\u00e1ch.<\/p>\n<p>T\u00e1to nov\u00e1 hra Assault Squad prin\u00e1\u0161a aj v\u00fdznamn\u00e9 vylep\u0161enia hern\u00e9ho enginu a grafiky, pri\u010dom osobitn\u00e1 pozornos\u0165 bola venovan\u00e1 t\u00fdm, ktor\u00e9 boli hr\u00e1\u010dmi ve\u013emi \u017eiadan\u00e9.<\/p>\n<h2 class=\"bb_tag\" >K\u013e\u00fa\u010dov\u00e9 vlastnosti:<\/h2>\n<ul class=\"bb_ul\">\n<li>pokro\u010dil\u00e1 podpora viacer\u00fdch jadier<\/li>\n<li>pokro\u010dil\u00e1 technol\u00f3gia shaderov<\/li>\n<li>priame ovl\u00e1danie ka\u017edej jednotky, ako keby ste hrali strie\u013ea\u010dku z poh\u013eadu tretej osoby<\/li>\n<li>vylep\u0161enia rozhrania a umelej inteligencie, vr\u00e1tane po\u010dtu zabit\u00fdch jednotiek a inform\u00e1ci\u00ed o ikon\u00e1ch oddielov<\/li>\n<li>nov\u00e9 rozhranie pre viacer\u00fdch hr\u00e1\u010dov<\/li>\n<li>kamufl\u00e1\u017e v z\u00e1vislosti od ro\u010dn\u00e9ho obdobia<\/li>\n<li>plne aktualizovan\u00e9 polo\u017eky invent\u00e1ra s novou grafikou a aktualizovan\u00fdmi vozidlami<\/li>\n<li>vylep\u0161enia zvuku, vr\u00e1tane dabingu<\/li>\n<li>Funkcie Steam, vr\u00e1tane multiplayeru Steam, matchmakingu, \u00faspechov, cloudu, \u0161tatist\u00edk hr\u00e1\u010dov, rebr\u00ed\u010dkov, hlasov\u00e9ho chatu, Valve anti-cheatu, poz\u00fdvania priate\u013eov a workshopu<\/li>\n<li>syst\u00e9m \u00farovn\u00ed a rebr\u00ed\u010dka hr\u00e1\u010dov<\/li>\n<li>nahr\u00e1vanie vide\u00ed v hre a mnoho \u010fal\u0161ieho.<\/li>\n<\/ul>\n<h2 class=\"bb_tag\" >Obsah:<\/h2>\n<ul class=\"bb_ul\">\n<li>15 nov\u00fdch s\u00fabojov pre jedn\u00e9ho hr\u00e1\u010da a 25 prepracovan\u00fdch s\u00fabojov z p\u00f4vodnej hry Assault Squad<\/li>\n<li>podpora kooperat\u00edvnej hry pre osem hr\u00e1\u010dov a \u00faplne nov\u00fd extr\u00e9mny hern\u00fd re\u017eim pre viacer\u00fdch hr\u00e1\u010dov<\/li>\n<li>65 multiplayerov\u00fdch m\u00e1p a p\u00e4\u0165 hern\u00fdch re\u017eimov<\/li>\n<li>viac ako 250 vozidiel k dispoz\u00edcii<\/li>\n<li>viac ako 200 vojakov s unik\u00e1tnym vybaven\u00edm<\/li>\n<li>p\u00e4\u0165 frakci\u00ed a r\u00f4zne bojisk\u00e1 v Eur\u00f3pe, v\u00fdchodnej Eur\u00f3pe, severnej Afrike a Tichomor\u00ed<\/li>\n<li>v\u00fdvoj\u00e1rske n\u00e1stroje, ako napr\u00edklad export\u00e9r 3D modelov a editor m\u00e1p\/mis\u00ed, a mnoho \u010fal\u0161ieho.<\/li>\n<\/ul>\n<h2 class=\"bb_tag\" >Deluxe Edition:<\/h2>\n<p>Deluxe Edition hry Men of War: Assault Squad 2 je najprest\u00ed\u017enej\u0161ia verzia hry. Preuk\u00e1\u017ete svoju oddan\u00fa podporu ako jeden z najv\u00e4\u010d\u0161\u00edch online velite\u013eov s jedine\u010dn\u00fdmi prvkami rozhrania a r\u00fdchlej\u0161\u00edm zbieran\u00edm sk\u00fasenost\u00ed.<\/p>\n<ul class=\"bb_ul\">\n<li>Z\u00edskajte p\u00e4\u0165hviezdi\u010dkov\u00fa gener\u00e1lsku stuhu pre svoj odznak v hlavnom menu<\/li>\n<li>Z\u00edskajte jedine\u010dn\u00e9 ocenenie p\u00e4\u0165hviezdi\u010dkov\u00e9ho gener\u00e1la<\/li>\n<li>Z\u00edskajte \u0161peci\u00e1lnu ikonu pre svoj hr\u00e1\u010dsky avatar, vidite\u013en\u00fa pre v\u0161etk\u00fdch po\u010das z\u00e1pasu<\/li>\n<li>Z\u00edskajte vynikaj\u00faci prvok HUD, ktor\u00fd je vidite\u013en\u00fd po\u010das hrania a nahr\u00e1vania z\u00e1pasov.<\/li>\n<li>Z\u00edskajte mierne zv\u00fd\u0161enie XP pre v\u0161etky frakcie v multiplayeri, aby ste mohli r\u00fdchlej\u0161ie odomkn\u00fa\u0165 jednotky<\/li>\n<\/ul>\n","protected":false},"excerpt":{"rendered":"<p>Men of War: Assault Squad 2 pon\u00faka nov\u00e9 re\u017eimy pre jedn\u00e9ho hr\u00e1\u010da, ktor\u00e9 hr\u00e1\u010dov zaved\u00fa od extr\u00e9mnych tankov\u00fdch bojov a\u017e po smrtiace tajn\u00e9 misie ostre\u013eova\u010dov. Velitelia sa teraz m\u00f4\u017eu postavi\u0165 proti s\u00faperom na r\u00f4znych nov\u00fdch map\u00e1ch pre viacer\u00fdch hr\u00e1\u010dov 1v1 \u2013 8v8.<\/p>\n","protected":false},"featured_media":4578,"comment_status":"open","ping_status":"closed","template":"","meta":{"_acf_changed":false},"product_brand":[],"product_cat":[268,266,314,312,318,9082],"product_tag":[],"class_list":{"0":"post-93101","1":"product","2":"type-product","3":"status-publish","4":"has-post-thumbnail","6":"product_cat-pc-sk","7":"product_cat-pc-hry-sk","8":"product_cat-simulatory-pc-hry-sk","9":"product_cat-steam-pc-sk","10":"product_cat-strategie-pc-hry-sk","11":"product_cat-takticke-3","12":"pa_audio-en-us","13":"pa_audio-ru-ru","15":"pa_countries-ad","16":"pa_countries-ae","17":"pa_countries-af","18":"pa_countries-ag","19":"pa_countries-ai","20":"pa_countries-al","21":"pa_countries-am","22":"pa_countries-ao","23":"pa_countries-aq","24":"pa_countries-ar","25":"pa_countries-as","26":"pa_countries-at","27":"pa_countries-au","28":"pa_countries-aw","29":"pa_countries-ax","30":"pa_countries-az","31":"pa_countries-ba","32":"pa_countries-bb","33":"pa_countries-bd","34":"pa_countries-be","35":"pa_countries-bf","36":"pa_countries-bg","37":"pa_countries-bh","38":"pa_countries-bi","39":"pa_countries-bj","40":"pa_countries-bl","41":"pa_countries-bm","42":"pa_countries-bn","43":"pa_countries-bo","44":"pa_countries-bq","45":"pa_countries-br","46":"pa_countries-bs","47":"pa_countries-bt","48":"pa_countries-bv","49":"pa_countries-bw","50":"pa_countries-bz","51":"pa_countries-ca","52":"pa_countries-cc","53":"pa_countries-cd","54":"pa_countries-cf","55":"pa_countries-cg","56":"pa_countries-ch","57":"pa_countries-ci","58":"pa_countries-ck","59":"pa_countries-cl","60":"pa_countries-cm","61":"pa_countries-cn","62":"pa_countries-co","63":"pa_countries-cr","64":"pa_countries-cu","65":"pa_countries-cv","66":"pa_countries-cw","67":"pa_countries-cx","68":"pa_countries-cy","69":"pa_countries-cz","70":"pa_countries-de","71":"pa_countries-dj","72":"pa_countries-dk","73":"pa_countries-dm","74":"pa_countries-do","75":"pa_countries-dz","76":"pa_countries-ec","77":"pa_countries-ee","78":"pa_countries-eg","79":"pa_countries-eh","80":"pa_countries-er","81":"pa_countries-es","82":"pa_countries-et","83":"pa_countries-fi","84":"pa_countries-fj","85":"pa_countries-fk","86":"pa_countries-fm","87":"pa_countries-fo","88":"pa_countries-fr","89":"pa_countries-ga","90":"pa_countries-gb","91":"pa_countries-gd","92":"pa_countries-ge","93":"pa_countries-gf","94":"pa_countries-gg","95":"pa_countries-gh","96":"pa_countries-gi","97":"pa_countries-gl","98":"pa_countries-gm","99":"pa_countries-gn","100":"pa_countries-gp","101":"pa_countries-gq","102":"pa_countries-gr","103":"pa_countries-gs","104":"pa_countries-gt","105":"pa_countries-gu","106":"pa_countries-gw","107":"pa_countries-gy","108":"pa_countries-hk","109":"pa_countries-hm","110":"pa_countries-hn","111":"pa_countries-hr","112":"pa_countries-ht","113":"pa_countries-hu","114":"pa_countries-id","115":"pa_countries-ie","116":"pa_countries-il","117":"pa_countries-im","118":"pa_countries-in","119":"pa_countries-io","120":"pa_countries-iq","121":"pa_countries-ir","122":"pa_countries-is","123":"pa_countries-it","124":"pa_countries-je","125":"pa_countries-jm","126":"pa_countries-jo","127":"pa_countries-jp","128":"pa_countries-ke","129":"pa_countries-kg","130":"pa_countries-kh","131":"pa_countries-ki","132":"pa_countries-km","133":"pa_countries-kn","134":"pa_countries-kp","135":"pa_countries-kr","136":"pa_countries-kw","137":"pa_countries-ky","138":"pa_countries-kz","139":"pa_countries-la","140":"pa_countries-lb","141":"pa_countries-lc","142":"pa_countries-li","143":"pa_countries-lk","144":"pa_countries-lr","145":"pa_countries-ls","146":"pa_countries-lt","147":"pa_countries-lu","148":"pa_countries-lv","149":"pa_countries-ly","150":"pa_countries-ma","151":"pa_countries-mc","152":"pa_countries-md","153":"pa_countries-me","154":"pa_countries-mf","155":"pa_countries-mg","156":"pa_countries-mh","157":"pa_countries-mk","158":"pa_countries-ml","159":"pa_countries-mm","160":"pa_countries-mn","161":"pa_countries-mo","162":"pa_countries-mp","163":"pa_countries-mq","164":"pa_countries-mr","165":"pa_countries-ms","166":"pa_countries-mt","167":"pa_countries-mu","168":"pa_countries-mv","169":"pa_countries-mw","170":"pa_countries-mx","171":"pa_countries-my","172":"pa_countries-mz","173":"pa_countries-na","174":"pa_countries-nc","175":"pa_countries-ne","176":"pa_countries-nf","177":"pa_countries-ng","178":"pa_countries-ni","179":"pa_countries-nl","180":"pa_countries-no","181":"pa_countries-np","182":"pa_countries-nr","183":"pa_countries-nu","184":"pa_countries-nz","185":"pa_countries-om","186":"pa_countries-pa","187":"pa_countries-pe","188":"pa_countries-pf","189":"pa_countries-pg","190":"pa_countries-ph","191":"pa_countries-pk","192":"pa_countries-pl","193":"pa_countries-pm","194":"pa_countries-pn","195":"pa_countries-pr","196":"pa_countries-ps","197":"pa_countries-pt","198":"pa_countries-pw","199":"pa_countries-py","200":"pa_countries-qa","201":"pa_countries-re","202":"pa_countries-ro","203":"pa_countries-rs","204":"pa_countries-rw","205":"pa_countries-sa","206":"pa_countries-sb","207":"pa_countries-sc","208":"pa_countries-sd","209":"pa_countries-se","210":"pa_countries-sg","211":"pa_countries-sh","212":"pa_countries-si","213":"pa_countries-sj","214":"pa_countries-sk","215":"pa_countries-sl","216":"pa_countries-sm","217":"pa_countries-sn","218":"pa_countries-so","219":"pa_countries-sr","220":"pa_countries-ss","222":"pa_countries-st","223":"pa_countries-sv","224":"pa_countries-sx","225":"pa_countries-sy","226":"pa_countries-sz","227":"pa_countries-tc","228":"pa_countries-td","229":"pa_countries-tf","230":"pa_countries-tg","231":"pa_countries-th","232":"pa_countries-tj","233":"pa_countries-tk","234":"pa_countries-tl","235":"pa_countries-tm","236":"pa_countries-tn","237":"pa_countries-to","238":"pa_countries-tr","239":"pa_countries-tt","240":"pa_countries-tv","241":"pa_countries-tw","242":"pa_countries-tz","243":"pa_countries-ua","244":"pa_countries-ug","245":"pa_countries-um","246":"pa_countries-us","247":"pa_countries-uy","248":"pa_countries-uz","249":"pa_countries-va","250":"pa_countries-vc","251":"pa_countries-ve","252":"pa_countries-vg","253":"pa_countries-vi","254":"pa_countries-vn","255":"pa_countries-vu","256":"pa_countries-wf","257":"pa_countries-ws","258":"pa_countries-xk","259":"pa_countries-ye","260":"pa_countries-yt","261":"pa_countries-za","262":"pa_countries-zm","263":"pa_countries-zw","264":"pa_developer-digitalmindsoft","266":"pa_game_type-main_game","268":"pa_genres-real-time-strategy-rts","270":"pa_genres-simulator","271":"pa_genres-strategy","272":"pa_genres-tactical","273":"pa_interface-de-de","274":"pa_interface-en-us","275":"pa_interface-es-es","276":"pa_interface-fr-fr","277":"pa_interface-it-it","278":"pa_interface-pl-pl","279":"pa_interface-ru-ru","281":"pa_interface-tr-tr","282":"pa_interface-zh-cn","283":"pa_keywords-1940s","284":"pa_keywords-destruction","285":"pa_keywords-in-game-map-editor","286":"pa_keywords-mission-editor","287":"pa_keywords-real-time-tactics","288":"pa_keywords-steam-trading-cards","290":"pa_keywords-vehicular-combat","291":"pa_keywords-world-war-ii-ww2","292":"pa_modes-co-operative","293":"pa_modes-multiplayer","295":"pa_modes-single-player","296":"pa_pegi-956","297":"pa_pegi-13432","298":"pa_platform-pc-steam","300":"pa_player_perspectives-bird-view-isometric","302":"pa_player_perspectives-third-person","303":"pa_rating-14566","304":"pa_rating-2115","305":"pa_region-global","307":"pa_subtitles-zh-cn","309":"pa_themes-action","310":"pa_themes-historical","311":"pa_themes-warfare","314":"first","315":"instock","316":"virtual","317":"taxable","318":"purchasable","319":"product-type-simple"},"yoast_head":"<!-- This site is optimized with the Yoast SEO plugin v27.3 - https:\/\/yoast.com\/product\/yoast-seo-wordpress\/ -->\n<title>Men of War: Assault Squad 2 | BeGamer.cz<\/title>\n<meta name=\"robots\" content=\"index, follow, max-snippet:-1, max-image-preview:large, max-video-preview:-1\" \/>\n<link rel=\"canonical\" href=\"https:\/\/begamer.cz\/sk\/produkt\/men-of-war-assault-squad-2-sk\/\" \/>\n<meta property=\"og:locale\" content=\"sk_SK\" \/>\n<meta property=\"og:type\" content=\"article\" \/>\n<meta property=\"og:title\" content=\"Men of War: Assault Squad 2 | BeGamer.cz\" \/>\n<meta property=\"og:description\" content=\"Men of War: Assault Squad 2 pon\u00faka nov\u00e9 re\u017eimy pre jedn\u00e9ho hr\u00e1\u010da, ktor\u00e9 hr\u00e1\u010dov zaved\u00fa od extr\u00e9mnych tankov\u00fdch bojov a\u017e po smrtiace tajn\u00e9 misie ostre\u013eova\u010dov. Velitelia sa teraz m\u00f4\u017eu postavi\u0165 proti s\u00faperom na r\u00f4znych nov\u00fdch map\u00e1ch pre viacer\u00fdch hr\u00e1\u010dov 1v1 \u2013 8v8.\" \/>\n<meta property=\"og:url\" content=\"https:\/\/begamer.cz\/sk\/produkt\/men-of-war-assault-squad-2-sk\/\" \/>\n<meta property=\"og:site_name\" content=\"BeGamer.cz\" \/>\n<meta property=\"article:modified_time\" content=\"2026-03-18T01:00:25+00:00\" \/>\n<meta property=\"og:image\" content=\"https:\/\/begamer.cz\/wp-content\/uploads\/2026\/01\/men-of-war-assault-squad-2-5.webp\" \/>\n\t<meta property=\"og:image:width\" content=\"300\" \/>\n\t<meta property=\"og:image:height\" content=\"400\" \/>\n\t<meta property=\"og:image:type\" content=\"image\/webp\" \/>\n<meta name=\"twitter:card\" content=\"summary_large_image\" \/>\n<meta name=\"twitter:label1\" content=\"Predpokladan\u00fd \u010das \u010d\u00edtania\" \/>\n\t<meta name=\"twitter:data1\" content=\"2 min\u00faty\" \/>\n<script type=\"application\/ld+json\" class=\"yoast-schema-graph\">{\"@context\":\"https:\\\/\\\/schema.org\",\"@graph\":[{\"@type\":\"WebPage\",\"@id\":\"https:\\\/\\\/begamer.cz\\\/sk\\\/produkt\\\/men-of-war-assault-squad-2-sk\\\/\",\"url\":\"https:\\\/\\\/begamer.cz\\\/sk\\\/produkt\\\/men-of-war-assault-squad-2-sk\\\/\",\"name\":\"Men of War: Assault Squad 2 | BeGamer.cz\",\"isPartOf\":{\"@id\":\"https:\\\/\\\/begamer.cz\\\/sk\\\/#website\"},\"primaryImageOfPage\":{\"@id\":\"https:\\\/\\\/begamer.cz\\\/sk\\\/produkt\\\/men-of-war-assault-squad-2-sk\\\/#primaryimage\"},\"image\":{\"@id\":\"https:\\\/\\\/begamer.cz\\\/sk\\\/produkt\\\/men-of-war-assault-squad-2-sk\\\/#primaryimage\"},\"thumbnailUrl\":\"https:\\\/\\\/begamer.cz\\\/wp-content\\\/uploads\\\/2026\\\/01\\\/men-of-war-assault-squad-2-5.webp\",\"datePublished\":\"2026-01-30T14:40:36+00:00\",\"dateModified\":\"2026-03-18T01:00:25+00:00\",\"breadcrumb\":{\"@id\":\"https:\\\/\\\/begamer.cz\\\/sk\\\/produkt\\\/men-of-war-assault-squad-2-sk\\\/#breadcrumb\"},\"inLanguage\":\"sk-SK\",\"potentialAction\":[{\"@type\":\"ReadAction\",\"target\":[\"https:\\\/\\\/begamer.cz\\\/sk\\\/produkt\\\/men-of-war-assault-squad-2-sk\\\/\"]}]},{\"@type\":\"ImageObject\",\"inLanguage\":\"sk-SK\",\"@id\":\"https:\\\/\\\/begamer.cz\\\/sk\\\/produkt\\\/men-of-war-assault-squad-2-sk\\\/#primaryimage\",\"url\":\"https:\\\/\\\/begamer.cz\\\/wp-content\\\/uploads\\\/2026\\\/01\\\/men-of-war-assault-squad-2-5.webp\",\"contentUrl\":\"https:\\\/\\\/begamer.cz\\\/wp-content\\\/uploads\\\/2026\\\/01\\\/men-of-war-assault-squad-2-5.webp\",\"width\":300,\"height\":400},{\"@type\":\"BreadcrumbList\",\"@id\":\"https:\\\/\\\/begamer.cz\\\/sk\\\/produkt\\\/men-of-war-assault-squad-2-sk\\\/#breadcrumb\",\"itemListElement\":[{\"@type\":\"ListItem\",\"position\":1,\"name\":\"Domov\",\"item\":\"https:\\\/\\\/begamer.cz\\\/sk\\\/\"},{\"@type\":\"ListItem\",\"position\":2,\"name\":\"Obchod\",\"item\":\"https:\\\/\\\/begamer.cz\\\/obchod\\\/\"},{\"@type\":\"ListItem\",\"position\":3,\"name\":\"Men of War: Assault Squad 2\"}]},{\"@type\":\"WebSite\",\"@id\":\"https:\\\/\\\/begamer.cz\\\/sk\\\/#website\",\"url\":\"https:\\\/\\\/begamer.cz\\\/sk\\\/\",\"name\":\"BeGamer.cz\",\"description\":\"\",\"publisher\":{\"@id\":\"https:\\\/\\\/begamer.cz\\\/sk\\\/#organization\"},\"potentialAction\":[{\"@type\":\"SearchAction\",\"target\":{\"@type\":\"EntryPoint\",\"urlTemplate\":\"https:\\\/\\\/begamer.cz\\\/sk\\\/?s={search_term_string}\"},\"query-input\":{\"@type\":\"PropertyValueSpecification\",\"valueRequired\":true,\"valueName\":\"search_term_string\"}}],\"inLanguage\":\"sk-SK\"},{\"@type\":\"Organization\",\"@id\":\"https:\\\/\\\/begamer.cz\\\/sk\\\/#organization\",\"name\":\"BeGamer.cz\",\"url\":\"https:\\\/\\\/begamer.cz\\\/sk\\\/\",\"logo\":{\"@type\":\"ImageObject\",\"inLanguage\":\"sk-SK\",\"@id\":\"https:\\\/\\\/begamer.cz\\\/sk\\\/#\\\/schema\\\/logo\\\/image\\\/\",\"url\":\"https:\\\/\\\/begamer.cz\\\/wp-content\\\/uploads\\\/2025\\\/07\\\/logo.svg\",\"contentUrl\":\"https:\\\/\\\/begamer.cz\\\/wp-content\\\/uploads\\\/2025\\\/07\\\/logo.svg\",\"caption\":\"BeGamer.cz\"},\"image\":{\"@id\":\"https:\\\/\\\/begamer.cz\\\/sk\\\/#\\\/schema\\\/logo\\\/image\\\/\"}}]}<\/script>\n<!-- \/ Yoast SEO plugin. -->","yoast_head_json":{"title":"Men of War: Assault Squad 2 | BeGamer.cz","robots":{"index":"index","follow":"follow","max-snippet":"max-snippet:-1","max-image-preview":"max-image-preview:large","max-video-preview":"max-video-preview:-1"},"canonical":"https:\/\/begamer.cz\/sk\/produkt\/men-of-war-assault-squad-2-sk\/","og_locale":"sk_SK","og_type":"article","og_title":"Men of War: Assault Squad 2 | BeGamer.cz","og_description":"Men of War: Assault Squad 2 pon\u00faka nov\u00e9 re\u017eimy pre jedn\u00e9ho hr\u00e1\u010da, ktor\u00e9 hr\u00e1\u010dov zaved\u00fa od extr\u00e9mnych tankov\u00fdch bojov a\u017e po smrtiace tajn\u00e9 misie ostre\u013eova\u010dov. Velitelia sa teraz m\u00f4\u017eu postavi\u0165 proti s\u00faperom na r\u00f4znych nov\u00fdch map\u00e1ch pre viacer\u00fdch hr\u00e1\u010dov 1v1 \u2013 8v8.","og_url":"https:\/\/begamer.cz\/sk\/produkt\/men-of-war-assault-squad-2-sk\/","og_site_name":"BeGamer.cz","article_modified_time":"2026-03-18T01:00:25+00:00","og_image":[{"width":300,"height":400,"url":"https:\/\/begamer.cz\/wp-content\/uploads\/2026\/01\/men-of-war-assault-squad-2-5.webp","type":"image\/webp"}],"twitter_card":"summary_large_image","twitter_misc":{"Predpokladan\u00fd \u010das \u010d\u00edtania":"2 min\u00faty"},"schema":{"@context":"https:\/\/schema.org","@graph":[{"@type":"WebPage","@id":"https:\/\/begamer.cz\/sk\/produkt\/men-of-war-assault-squad-2-sk\/","url":"https:\/\/begamer.cz\/sk\/produkt\/men-of-war-assault-squad-2-sk\/","name":"Men of War: Assault Squad 2 | BeGamer.cz","isPartOf":{"@id":"https:\/\/begamer.cz\/sk\/#website"},"primaryImageOfPage":{"@id":"https:\/\/begamer.cz\/sk\/produkt\/men-of-war-assault-squad-2-sk\/#primaryimage"},"image":{"@id":"https:\/\/begamer.cz\/sk\/produkt\/men-of-war-assault-squad-2-sk\/#primaryimage"},"thumbnailUrl":"https:\/\/begamer.cz\/wp-content\/uploads\/2026\/01\/men-of-war-assault-squad-2-5.webp","datePublished":"2026-01-30T14:40:36+00:00","dateModified":"2026-03-18T01:00:25+00:00","breadcrumb":{"@id":"https:\/\/begamer.cz\/sk\/produkt\/men-of-war-assault-squad-2-sk\/#breadcrumb"},"inLanguage":"sk-SK","potentialAction":[{"@type":"ReadAction","target":["https:\/\/begamer.cz\/sk\/produkt\/men-of-war-assault-squad-2-sk\/"]}]},{"@type":"ImageObject","inLanguage":"sk-SK","@id":"https:\/\/begamer.cz\/sk\/produkt\/men-of-war-assault-squad-2-sk\/#primaryimage","url":"https:\/\/begamer.cz\/wp-content\/uploads\/2026\/01\/men-of-war-assault-squad-2-5.webp","contentUrl":"https:\/\/begamer.cz\/wp-content\/uploads\/2026\/01\/men-of-war-assault-squad-2-5.webp","width":300,"height":400},{"@type":"BreadcrumbList","@id":"https:\/\/begamer.cz\/sk\/produkt\/men-of-war-assault-squad-2-sk\/#breadcrumb","itemListElement":[{"@type":"ListItem","position":1,"name":"Domov","item":"https:\/\/begamer.cz\/sk\/"},{"@type":"ListItem","position":2,"name":"Obchod","item":"https:\/\/begamer.cz\/obchod\/"},{"@type":"ListItem","position":3,"name":"Men of War: Assault Squad 2"}]},{"@type":"WebSite","@id":"https:\/\/begamer.cz\/sk\/#website","url":"https:\/\/begamer.cz\/sk\/","name":"BeGamer.cz","description":"","publisher":{"@id":"https:\/\/begamer.cz\/sk\/#organization"},"potentialAction":[{"@type":"SearchAction","target":{"@type":"EntryPoint","urlTemplate":"https:\/\/begamer.cz\/sk\/?s={search_term_string}"},"query-input":{"@type":"PropertyValueSpecification","valueRequired":true,"valueName":"search_term_string"}}],"inLanguage":"sk-SK"},{"@type":"Organization","@id":"https:\/\/begamer.cz\/sk\/#organization","name":"BeGamer.cz","url":"https:\/\/begamer.cz\/sk\/","logo":{"@type":"ImageObject","inLanguage":"sk-SK","@id":"https:\/\/begamer.cz\/sk\/#\/schema\/logo\/image\/","url":"https:\/\/begamer.cz\/wp-content\/uploads\/2025\/07\/logo.svg","contentUrl":"https:\/\/begamer.cz\/wp-content\/uploads\/2025\/07\/logo.svg","caption":"BeGamer.cz"},"image":{"@id":"https:\/\/begamer.cz\/sk\/#\/schema\/logo\/image\/"}}]}},"acf":[],"_links":{"self":[{"href":"https:\/\/begamer.cz\/sk\/wp-json\/wp\/v2\/product\/93101","targetHints":{"allow":["GET"]}}],"collection":[{"href":"https:\/\/begamer.cz\/sk\/wp-json\/wp\/v2\/product"}],"about":[{"href":"https:\/\/begamer.cz\/sk\/wp-json\/wp\/v2\/types\/product"}],"replies":[{"embeddable":true,"href":"https:\/\/begamer.cz\/sk\/wp-json\/wp\/v2\/comments?post=93101"}],"wp:featuredmedia":[{"embeddable":true,"href":"https:\/\/begamer.cz\/sk\/wp-json\/wp\/v2\/media\/4578"}],"wp:attachment":[{"href":"https:\/\/begamer.cz\/sk\/wp-json\/wp\/v2\/media?parent=93101"}],"wp:term":[{"taxonomy":"product_brand","embeddable":true,"href":"https:\/\/begamer.cz\/sk\/wp-json\/wp\/v2\/product_brand?post=93101"},{"taxonomy":"product_cat","embeddable":true,"href":"https:\/\/begamer.cz\/sk\/wp-json\/wp\/v2\/product_cat?post=93101"},{"taxonomy":"product_tag","embeddable":true,"href":"https:\/\/begamer.cz\/sk\/wp-json\/wp\/v2\/product_tag?post=93101"}],"curies":[{"name":"wp","href":"https:\/\/api.w.org\/{rel}","templated":true}]}}