{"id":93089,"date":"2026-01-30T15:40:25","date_gmt":"2026-01-30T14:40:25","guid":{"rendered":"https:\/\/begamer.cz\/produkt\/nba-2k22-sk\/"},"modified":"2026-03-18T01:59:14","modified_gmt":"2026-03-18T00:59:14","slug":"nba-2k22-sk","status":"publish","type":"product","link":"https:\/\/begamer.cz\/sk\/produkt\/nba-2k22-sk\/","title":{"rendered":"NBA 2K22"},"content":{"rendered":"<h1>O hre<\/h1>\n<p><i>POZN\u00c1MKA: V\u0161etky multiplayerov\u00e9 servery pre NBA 2K22 bud\u00fa vypnut\u00e9 k 31. 12. 2023. Po tomto d\u00e1tume nebud\u00fa fungova\u0165 v\u0161etky funkcie hry, ktor\u00e9 vy\u017eaduj\u00fa online servery.<\/i><\/p>\n<h2 class=\"bb_tag\" >SVET BASKETBALU<\/h2>\n<p>NBA 2K22 v\u00e1m d\u00e1va cel\u00fd basketbalov\u00fd svet do r\u00fak. HRAJTE TERAZ v re\u00e1lnom prostred\u00ed NBA a WNBA proti autentick\u00fdm t\u00edmom a hr\u00e1\u010dom. Vytvorte si v MyTEAM svoj vlastn\u00fd vysn\u00edvan\u00fd t\u00edm s dne\u0161n\u00fdmi hviezdami a legendami minulosti. Pre\u017eite svoju vlastn\u00fa profesion\u00e1lnu cestu v MyCAREER a za\u017eite svoj osobn\u00fd vzostup do NBA. Preuk\u00e1\u017ete svoje mana\u017e\u00e9rske schopnosti ako mocn\u00fd v\u00fdkonn\u00fd riadite\u013e v MyGM a MyLEAGUE. V NBA 2K22 m\u00f4\u017ee hra\u0165 ka\u017ed\u00fd a kdeko\u013evek.<\/p>\n<h2 class=\"bb_tag\" >ZLEP\u0160ITE SVOJU HRU<\/h2>\n<p>Nov\u00e1 taktick\u00e1 ofenz\u00edva sa stret\u00e1va s prepracovanou obranou pre e\u0161te konkuren\u010dnej\u0161iu a pohlcuj\u00facej\u0161iu hru NBA 2K22. Pridajte do svojho reperto\u00e1ru pohybov driblovanie, stre\u013ebu, sme\u010dovanie a alley-oops zalo\u017een\u00e9 na zru\u010dnostiach a proti nim bojujte divok\u00fdmi nov\u00fdmi blokmi a s\u00fabojmi na druhej strane ihriska.<\/p>\n<h2 class=\"bb_tag\" >V\u0160ETCI NA PALUBU<\/h2>\n<p>Vypl\u00e1vajte na otvoren\u00e9 more v \u00faplne novej 2K22 Neighborhood, vytvorenej pre PC. Vytvorte si svojho dokonal\u00e9ho MyPLAYER, z\u00edskavajte odmeny za postup na vy\u0161\u0161iu \u00farove\u0148 a vyjadrite sa prostredn\u00edctvom svojej hry aj \u0161t\u00fdlu.<\/p>\n<h2 class=\"bb_tag\" >V\u00c1\u0160 VYSNEN\u00dd T\u00cdM<\/h2>\n<p>Zbierajte, tvorte a hrajte v ultim\u00e1tnej fantasy s\u00fa\u0165a\u017ei NBA: NBA 2K22 MyTEAM. Vytvorte si vysn\u00edvan\u00fa zostavu hviezd a legiend NBA z akejko\u013evek \u00e9ry a objavujte revolu\u010dn\u00e9 zmeny v z\u00e1\u017eitku MyTEAM \u2013 ka\u017ed\u00e9 vylep\u0161enie je zav\u00e1dzan\u00e9 sez\u00f3nu za sez\u00f3nou.<\/p>\n","protected":false},"excerpt":{"rendered":"<p>POZN\u00c1MKA: V\u0161etky multiplayerov\u00e9 servery pre NBA 2K22 bud\u00fa vypnut\u00e9 k 31. 12. 2023. Po tomto d\u00e1tume nebud\u00fa fungova\u0165 v\u0161etky funkcie hry, ktor\u00e9 vy\u017eaduj\u00fa online servery.<\/p>\n","protected":false},"featured_media":4509,"comment_status":"open","ping_status":"closed","template":"","meta":{"_acf_changed":false},"product_brand":[],"product_cat":[179,200,224,226],"product_tag":[],"class_list":{"0":"post-93089","1":"product","2":"type-product","3":"status-publish","4":"has-post-thumbnail","6":"product_cat-nintendo-hry-sk","7":"product_cat-nintendo-switch-sk","8":"product_cat-simulatory-nintendo-switch-sk","9":"product_cat-sportove-nintendo-switch-sk","10":"pa_audio-de-de","11":"pa_audio-en-gb","12":"pa_audio-en-us","13":"pa_audio-es-es","14":"pa_audio-fr-fr","15":"pa_audio-zh-cn","16":"pa_audio-zh-tw","18":"pa_countries-at","19":"pa_countries-be","20":"pa_countries-bg","21":"pa_countries-cy","22":"pa_countries-cz","24":"pa_countries-de","25":"pa_countries-dk","26":"pa_countries-ee","27":"pa_countries-es","28":"pa_countries-fi","29":"pa_countries-fr","30":"pa_countries-gr","31":"pa_countries-hr","32":"pa_countries-hu","33":"pa_countries-ie","34":"pa_countries-it","35":"pa_countries-lt","36":"pa_countries-lu","37":"pa_countries-lv","38":"pa_countries-mt","39":"pa_countries-nl","40":"pa_countries-pl","41":"pa_countries-pt","42":"pa_countries-ro","43":"pa_countries-se","44":"pa_countries-si","45":"pa_countries-sk","46":"pa_developer-visual-concepts","48":"pa_franchises-nba","50":"pa_game_type-main_game","52":"pa_genres-simulator","53":"pa_genres-sport","55":"pa_interface-de-de","56":"pa_interface-en-gb","57":"pa_interface-en-us","58":"pa_interface-es-es","59":"pa_interface-fr-fr","60":"pa_interface-it-it","61":"pa_interface-ja-jp","62":"pa_interface-ko-kr","64":"pa_interface-zh-cn","65":"pa_interface-zh-tw","66":"pa_keywords-basketball","67":"pa_keywords-esports","68":"pa_keywords-management","69":"pa_keywords-previously-on-xbox-gamepass","71":"pa_keywords-team-based","72":"pa_modes-co-operative","73":"pa_modes-multiplayer","75":"pa_modes-single-player","76":"pa_pegi-943","77":"pa_pegi-13430","78":"pa_platform-nintendo-switch","80":"pa_player_perspectives-third-person","82":"pa_publisher-2k","84":"pa_rating-14454","85":"pa_rating-928","86":"pa_region-europe","88":"pa_subtitles-de-de","90":"pa_subtitles-en-gb","91":"pa_subtitles-en-us","92":"pa_subtitles-es-es","93":"pa_subtitles-fr-fr","94":"pa_subtitles-it-it","95":"pa_subtitles-ja-jp","96":"pa_subtitles-ko-kr","97":"pa_subtitles-zh-cn","98":"pa_subtitles-zh-tw","99":"pa_themes-action","100":"pa_themes-business","101":"pa_themes-non-fiction","104":"first","105":"instock","106":"virtual","107":"taxable","108":"purchasable","109":"product-type-simple"},"yoast_head":"<!-- This site is optimized with the Yoast SEO plugin v27.3 - https:\/\/yoast.com\/product\/yoast-seo-wordpress\/ -->\n<title>NBA 2K22 | BeGamer.cz<\/title>\n<meta name=\"robots\" content=\"index, follow, max-snippet:-1, max-image-preview:large, max-video-preview:-1\" \/>\n<link rel=\"canonical\" href=\"https:\/\/begamer.cz\/sk\/produkt\/nba-2k22-sk\/\" \/>\n<meta property=\"og:locale\" content=\"sk_SK\" \/>\n<meta property=\"og:type\" content=\"article\" \/>\n<meta property=\"og:title\" content=\"NBA 2K22 | BeGamer.cz\" \/>\n<meta property=\"og:description\" content=\"POZN\u00c1MKA: V\u0161etky multiplayerov\u00e9 servery pre NBA 2K22 bud\u00fa vypnut\u00e9 k 31. 12. 2023. Po tomto d\u00e1tume nebud\u00fa fungova\u0165 v\u0161etky funkcie hry, ktor\u00e9 vy\u017eaduj\u00fa online servery.\" \/>\n<meta property=\"og:url\" content=\"https:\/\/begamer.cz\/sk\/produkt\/nba-2k22-sk\/\" \/>\n<meta property=\"og:site_name\" content=\"BeGamer.cz\" \/>\n<meta property=\"article:modified_time\" content=\"2026-03-18T00:59:14+00:00\" \/>\n<meta property=\"og:image\" content=\"https:\/\/begamer.cz\/wp-content\/uploads\/2026\/01\/nba-2k22-4.webp\" \/>\n\t<meta property=\"og:image:width\" content=\"300\" \/>\n\t<meta property=\"og:image:height\" content=\"400\" \/>\n\t<meta property=\"og:image:type\" content=\"image\/webp\" \/>\n<meta name=\"twitter:card\" content=\"summary_large_image\" \/>\n<meta name=\"twitter:label1\" content=\"Predpokladan\u00fd \u010das \u010d\u00edtania\" \/>\n\t<meta name=\"twitter:data1\" content=\"1 min\u00fata\" \/>\n<script type=\"application\/ld+json\" class=\"yoast-schema-graph\">{\"@context\":\"https:\\\/\\\/schema.org\",\"@graph\":[{\"@type\":\"WebPage\",\"@id\":\"https:\\\/\\\/begamer.cz\\\/sk\\\/produkt\\\/nba-2k22-sk\\\/\",\"url\":\"https:\\\/\\\/begamer.cz\\\/sk\\\/produkt\\\/nba-2k22-sk\\\/\",\"name\":\"NBA 2K22 | BeGamer.cz\",\"isPartOf\":{\"@id\":\"https:\\\/\\\/begamer.cz\\\/sk\\\/#website\"},\"primaryImageOfPage\":{\"@id\":\"https:\\\/\\\/begamer.cz\\\/sk\\\/produkt\\\/nba-2k22-sk\\\/#primaryimage\"},\"image\":{\"@id\":\"https:\\\/\\\/begamer.cz\\\/sk\\\/produkt\\\/nba-2k22-sk\\\/#primaryimage\"},\"thumbnailUrl\":\"https:\\\/\\\/begamer.cz\\\/wp-content\\\/uploads\\\/2026\\\/01\\\/nba-2k22-4.webp\",\"datePublished\":\"2026-01-30T14:40:25+00:00\",\"dateModified\":\"2026-03-18T00:59:14+00:00\",\"breadcrumb\":{\"@id\":\"https:\\\/\\\/begamer.cz\\\/sk\\\/produkt\\\/nba-2k22-sk\\\/#breadcrumb\"},\"inLanguage\":\"sk-SK\",\"potentialAction\":[{\"@type\":\"ReadAction\",\"target\":[\"https:\\\/\\\/begamer.cz\\\/sk\\\/produkt\\\/nba-2k22-sk\\\/\"]}]},{\"@type\":\"ImageObject\",\"inLanguage\":\"sk-SK\",\"@id\":\"https:\\\/\\\/begamer.cz\\\/sk\\\/produkt\\\/nba-2k22-sk\\\/#primaryimage\",\"url\":\"https:\\\/\\\/begamer.cz\\\/wp-content\\\/uploads\\\/2026\\\/01\\\/nba-2k22-4.webp\",\"contentUrl\":\"https:\\\/\\\/begamer.cz\\\/wp-content\\\/uploads\\\/2026\\\/01\\\/nba-2k22-4.webp\",\"width\":300,\"height\":400},{\"@type\":\"BreadcrumbList\",\"@id\":\"https:\\\/\\\/begamer.cz\\\/sk\\\/produkt\\\/nba-2k22-sk\\\/#breadcrumb\",\"itemListElement\":[{\"@type\":\"ListItem\",\"position\":1,\"name\":\"Domov\",\"item\":\"https:\\\/\\\/begamer.cz\\\/sk\\\/\"},{\"@type\":\"ListItem\",\"position\":2,\"name\":\"Obchod\",\"item\":\"https:\\\/\\\/begamer.cz\\\/obchod\\\/\"},{\"@type\":\"ListItem\",\"position\":3,\"name\":\"NBA 2K22\"}]},{\"@type\":\"WebSite\",\"@id\":\"https:\\\/\\\/begamer.cz\\\/sk\\\/#website\",\"url\":\"https:\\\/\\\/begamer.cz\\\/sk\\\/\",\"name\":\"BeGamer.cz\",\"description\":\"\",\"publisher\":{\"@id\":\"https:\\\/\\\/begamer.cz\\\/sk\\\/#organization\"},\"potentialAction\":[{\"@type\":\"SearchAction\",\"target\":{\"@type\":\"EntryPoint\",\"urlTemplate\":\"https:\\\/\\\/begamer.cz\\\/sk\\\/?s={search_term_string}\"},\"query-input\":{\"@type\":\"PropertyValueSpecification\",\"valueRequired\":true,\"valueName\":\"search_term_string\"}}],\"inLanguage\":\"sk-SK\"},{\"@type\":\"Organization\",\"@id\":\"https:\\\/\\\/begamer.cz\\\/sk\\\/#organization\",\"name\":\"BeGamer.cz\",\"url\":\"https:\\\/\\\/begamer.cz\\\/sk\\\/\",\"logo\":{\"@type\":\"ImageObject\",\"inLanguage\":\"sk-SK\",\"@id\":\"https:\\\/\\\/begamer.cz\\\/sk\\\/#\\\/schema\\\/logo\\\/image\\\/\",\"url\":\"https:\\\/\\\/begamer.cz\\\/wp-content\\\/uploads\\\/2025\\\/07\\\/logo.svg\",\"contentUrl\":\"https:\\\/\\\/begamer.cz\\\/wp-content\\\/uploads\\\/2025\\\/07\\\/logo.svg\",\"caption\":\"BeGamer.cz\"},\"image\":{\"@id\":\"https:\\\/\\\/begamer.cz\\\/sk\\\/#\\\/schema\\\/logo\\\/image\\\/\"}}]}<\/script>\n<!-- \/ Yoast SEO plugin. -->","yoast_head_json":{"title":"NBA 2K22 | BeGamer.cz","robots":{"index":"index","follow":"follow","max-snippet":"max-snippet:-1","max-image-preview":"max-image-preview:large","max-video-preview":"max-video-preview:-1"},"canonical":"https:\/\/begamer.cz\/sk\/produkt\/nba-2k22-sk\/","og_locale":"sk_SK","og_type":"article","og_title":"NBA 2K22 | BeGamer.cz","og_description":"POZN\u00c1MKA: V\u0161etky multiplayerov\u00e9 servery pre NBA 2K22 bud\u00fa vypnut\u00e9 k 31. 12. 2023. Po tomto d\u00e1tume nebud\u00fa fungova\u0165 v\u0161etky funkcie hry, ktor\u00e9 vy\u017eaduj\u00fa online servery.","og_url":"https:\/\/begamer.cz\/sk\/produkt\/nba-2k22-sk\/","og_site_name":"BeGamer.cz","article_modified_time":"2026-03-18T00:59:14+00:00","og_image":[{"width":300,"height":400,"url":"https:\/\/begamer.cz\/wp-content\/uploads\/2026\/01\/nba-2k22-4.webp","type":"image\/webp"}],"twitter_card":"summary_large_image","twitter_misc":{"Predpokladan\u00fd \u010das \u010d\u00edtania":"1 min\u00fata"},"schema":{"@context":"https:\/\/schema.org","@graph":[{"@type":"WebPage","@id":"https:\/\/begamer.cz\/sk\/produkt\/nba-2k22-sk\/","url":"https:\/\/begamer.cz\/sk\/produkt\/nba-2k22-sk\/","name":"NBA 2K22 | BeGamer.cz","isPartOf":{"@id":"https:\/\/begamer.cz\/sk\/#website"},"primaryImageOfPage":{"@id":"https:\/\/begamer.cz\/sk\/produkt\/nba-2k22-sk\/#primaryimage"},"image":{"@id":"https:\/\/begamer.cz\/sk\/produkt\/nba-2k22-sk\/#primaryimage"},"thumbnailUrl":"https:\/\/begamer.cz\/wp-content\/uploads\/2026\/01\/nba-2k22-4.webp","datePublished":"2026-01-30T14:40:25+00:00","dateModified":"2026-03-18T00:59:14+00:00","breadcrumb":{"@id":"https:\/\/begamer.cz\/sk\/produkt\/nba-2k22-sk\/#breadcrumb"},"inLanguage":"sk-SK","potentialAction":[{"@type":"ReadAction","target":["https:\/\/begamer.cz\/sk\/produkt\/nba-2k22-sk\/"]}]},{"@type":"ImageObject","inLanguage":"sk-SK","@id":"https:\/\/begamer.cz\/sk\/produkt\/nba-2k22-sk\/#primaryimage","url":"https:\/\/begamer.cz\/wp-content\/uploads\/2026\/01\/nba-2k22-4.webp","contentUrl":"https:\/\/begamer.cz\/wp-content\/uploads\/2026\/01\/nba-2k22-4.webp","width":300,"height":400},{"@type":"BreadcrumbList","@id":"https:\/\/begamer.cz\/sk\/produkt\/nba-2k22-sk\/#breadcrumb","itemListElement":[{"@type":"ListItem","position":1,"name":"Domov","item":"https:\/\/begamer.cz\/sk\/"},{"@type":"ListItem","position":2,"name":"Obchod","item":"https:\/\/begamer.cz\/obchod\/"},{"@type":"ListItem","position":3,"name":"NBA 2K22"}]},{"@type":"WebSite","@id":"https:\/\/begamer.cz\/sk\/#website","url":"https:\/\/begamer.cz\/sk\/","name":"BeGamer.cz","description":"","publisher":{"@id":"https:\/\/begamer.cz\/sk\/#organization"},"potentialAction":[{"@type":"SearchAction","target":{"@type":"EntryPoint","urlTemplate":"https:\/\/begamer.cz\/sk\/?s={search_term_string}"},"query-input":{"@type":"PropertyValueSpecification","valueRequired":true,"valueName":"search_term_string"}}],"inLanguage":"sk-SK"},{"@type":"Organization","@id":"https:\/\/begamer.cz\/sk\/#organization","name":"BeGamer.cz","url":"https:\/\/begamer.cz\/sk\/","logo":{"@type":"ImageObject","inLanguage":"sk-SK","@id":"https:\/\/begamer.cz\/sk\/#\/schema\/logo\/image\/","url":"https:\/\/begamer.cz\/wp-content\/uploads\/2025\/07\/logo.svg","contentUrl":"https:\/\/begamer.cz\/wp-content\/uploads\/2025\/07\/logo.svg","caption":"BeGamer.cz"},"image":{"@id":"https:\/\/begamer.cz\/sk\/#\/schema\/logo\/image\/"}}]}},"acf":[],"_links":{"self":[{"href":"https:\/\/begamer.cz\/sk\/wp-json\/wp\/v2\/product\/93089","targetHints":{"allow":["GET"]}}],"collection":[{"href":"https:\/\/begamer.cz\/sk\/wp-json\/wp\/v2\/product"}],"about":[{"href":"https:\/\/begamer.cz\/sk\/wp-json\/wp\/v2\/types\/product"}],"replies":[{"embeddable":true,"href":"https:\/\/begamer.cz\/sk\/wp-json\/wp\/v2\/comments?post=93089"}],"wp:featuredmedia":[{"embeddable":true,"href":"https:\/\/begamer.cz\/sk\/wp-json\/wp\/v2\/media\/4509"}],"wp:attachment":[{"href":"https:\/\/begamer.cz\/sk\/wp-json\/wp\/v2\/media?parent=93089"}],"wp:term":[{"taxonomy":"product_brand","embeddable":true,"href":"https:\/\/begamer.cz\/sk\/wp-json\/wp\/v2\/product_brand?post=93089"},{"taxonomy":"product_cat","embeddable":true,"href":"https:\/\/begamer.cz\/sk\/wp-json\/wp\/v2\/product_cat?post=93089"},{"taxonomy":"product_tag","embeddable":true,"href":"https:\/\/begamer.cz\/sk\/wp-json\/wp\/v2\/product_tag?post=93089"}],"curies":[{"name":"wp","href":"https:\/\/api.w.org\/{rel}","templated":true}]}}