{"id":93053,"date":"2026-01-30T15:39:47","date_gmt":"2026-01-30T14:39:47","guid":{"rendered":"https:\/\/begamer.cz\/produkt\/tekken-7-sk-1769783990\/"},"modified":"2026-03-18T01:56:50","modified_gmt":"2026-03-18T00:56:50","slug":"tekken-7-sk-2","status":"publish","type":"product","link":"https:\/\/begamer.cz\/sk\/produkt\/tekken-7-sk-2\/","title":{"rendered":"Tekken 7"},"content":{"rendered":"<h1>O hre<\/h1>\n<p><span class=\"bb_img_ctn\"><video class=\"bb_img\" autoplay muted loop playsinline poster=\"https:\/\/shared.akamai.steamstatic.com\/store_item_assets\/steam\/apps\/389730\/extras\/3c2434762395ed445f006d52734bf6f2.poster.avif?t=1737674502\" width=616 height=346 ><source src=\"https:\/\/shared.akamai.steamstatic.com\/store_item_assets\/steam\/apps\/389730\/extras\/3c2434762395ed445f006d52734bf6f2.webm?t=1737674502\" type=\"video\/webm; codecs=vp9\"><source src=\"https:\/\/shared.akamai.steamstatic.com\/store_item_assets\/steam\/apps\/389730\/extras\/3c2434762395ed445f006d52734bf6f2.mp4?t=1737674502\" type=\"video\/mp4\"><\/video><\/span><\/p>\n<p>Objavte epick\u00e9 vyvrcholenie klanu Mishima a odha\u013ete d\u00f4vody, ktor\u00e9 stoja za ka\u017ed\u00fdm krokom ich ne\u00fanavn\u00e9ho boja. Hra TEKKEN 7, poh\u00e1\u0148an\u00e1 enginom Unreal Engine 4, pon\u00faka ohromuj\u00face filmov\u00e9 s\u00faboje zalo\u017een\u00e9 na pr\u00edbehu a intenz\u00edvne duely, ktor\u00e9 si m\u00f4\u017eete vychutna\u0165 s priate\u013emi aj s\u00fapermi v\u010faka inovat\u00edvnej bojovej mechanike.<\/p>\n<p>L\u00e1ska, pomsta, hrdos\u0165. Ka\u017ed\u00fd m\u00e1 d\u00f4vod bojova\u0165. Hodnoty s\u00fa to, \u010do n\u00e1s definuje a rob\u00ed n\u00e1s \u013eu\u010fmi, bez oh\u013eadu na na\u0161e siln\u00e9 a slab\u00e9 str\u00e1nky. Neexistuj\u00fa nespr\u00e1vne motiv\u00e1cie, len cesta, ktor\u00fa sa rozhodneme nasledova\u0165.<\/p>\n<p>Roz\u0161\u00edrte cestu svojho bojovn\u00edka zak\u00fapen\u00edm sez\u00f3nneho l\u00edstka Tekken 7 a z\u00edskajte pr\u00edstup k \u00fa\u017easn\u00e9mu dodato\u010dn\u00e9mu obsahu.<\/p>\n","protected":false},"excerpt":{"rendered":"<p>Objavte epick\u00e9 vyvrcholenie dlhotrvaj\u00facej vojny medzi \u010dlenmi klanu Mishima. Legend\u00e1rna s\u00e9ria bojov\u00fdch hier, poh\u00e1\u0148an\u00e1 Unreal Engine 4, sa vracia s ohromuj\u00facimi filmov\u00fdmi bitkami a intenz\u00edvnymi duelmi, ktor\u00e9 si m\u00f4\u017eete vychutna\u0165 s priate\u013emi a s\u00fapermi.<\/p>\n","protected":false},"featured_media":4250,"comment_status":"open","ping_status":"closed","template":"","meta":{"_acf_changed":false},"product_brand":[],"product_cat":[278,268,266,312],"product_tag":[],"class_list":{"0":"post-93053","1":"product","2":"type-product","3":"status-publish","4":"has-post-thumbnail","6":"product_cat-bojove-pc-hry-sk","7":"product_cat-pc-sk","8":"product_cat-pc-hry-sk","9":"product_cat-steam-pc-sk","10":"pa_audio-en-us","11":"pa_audio-ja-jp","13":"pa_countries-at","14":"pa_countries-be","15":"pa_countries-bg","16":"pa_countries-cy","17":"pa_countries-cz","19":"pa_countries-de","20":"pa_countries-dk","21":"pa_countries-ee","22":"pa_countries-es","23":"pa_countries-fi","24":"pa_countries-fr","25":"pa_countries-gr","26":"pa_countries-hr","27":"pa_countries-hu","28":"pa_countries-ie","29":"pa_countries-it","30":"pa_countries-lt","31":"pa_countries-lu","32":"pa_countries-lv","33":"pa_countries-mt","34":"pa_countries-nl","35":"pa_countries-pl","36":"pa_countries-pt","37":"pa_countries-ro","38":"pa_countries-se","39":"pa_countries-si","40":"pa_countries-sk","41":"pa_developer-bandai-namco-studios","43":"pa_engine-unreal-engine-4","45":"pa_franchises-tekken","47":"pa_game_type-main_game","49":"pa_genres-fighting","51":"pa_interface-ar","52":"pa_interface-de-de","53":"pa_interface-en-us","54":"pa_interface-es-es","55":"pa_interface-es-mx","56":"pa_interface-fr-fr","57":"pa_interface-it-it","58":"pa_interface-ja-jp","59":"pa_interface-ko-kr","60":"pa_interface-pt-br","61":"pa_interface-ru-ru","63":"pa_interface-zh-tw","64":"pa_keywords-anti-hero","66":"pa_keywords-anti-villain","67":"pa_keywords-bad-parents","68":"pa_keywords-customizable-characters","69":"pa_keywords-descendants-of-other-characters","70":"pa_keywords-evo-championship-series","71":"pa_keywords-islam","72":"pa_keywords-j-pop","73":"pa_keywords-martial-arts","74":"pa_keywords-mercenary","75":"pa_keywords-polygonal-3d","76":"pa_keywords-religion","77":"pa_keywords-sequel","78":"pa_keywords-spiky-haired-protagonist","79":"pa_keywords-the-game-awards-best-fighting-game-nominee","80":"pa_keywords-the-game-awards-nominee","81":"pa_keywords-the-game-awards-2017","82":"pa_modes-multiplayer","84":"pa_modes-single-player","85":"pa_pegi-13432","86":"pa_pegi-956","87":"pa_platform-pc-steam","89":"pa_player_perspectives-side-view","91":"pa_publisher-bandai-namco-entertainment","93":"pa_rating-1009","94":"pa_rating-14464","95":"pa_region-europe","97":"pa_subtitles-ar","98":"pa_subtitles-de-de","100":"pa_subtitles-en-us","101":"pa_subtitles-es-es","102":"pa_subtitles-es-mx","103":"pa_subtitles-fr-fr","104":"pa_subtitles-it-it","105":"pa_subtitles-ja-jp","106":"pa_subtitles-ko-kr","107":"pa_subtitles-pt-br","108":"pa_subtitles-ru-ru","109":"pa_subtitles-zh-tw","110":"pa_themes-action","113":"first","114":"outofstock","115":"virtual","116":"taxable","117":"purchasable","118":"product-type-simple"},"yoast_head":"<!-- This site is optimized with the Yoast SEO plugin v27.3 - https:\/\/yoast.com\/product\/yoast-seo-wordpress\/ -->\n<title>Tekken 7 | BeGamer.cz<\/title>\n<meta name=\"robots\" content=\"index, follow, max-snippet:-1, max-image-preview:large, max-video-preview:-1\" \/>\n<link rel=\"canonical\" href=\"https:\/\/begamer.cz\/sk\/produkt\/tekken-7-sk-2\/\" \/>\n<meta property=\"og:locale\" content=\"sk_SK\" \/>\n<meta property=\"og:type\" content=\"article\" \/>\n<meta property=\"og:title\" content=\"Tekken 7 | BeGamer.cz\" \/>\n<meta property=\"og:description\" content=\"Objavte epick\u00e9 vyvrcholenie dlhotrvaj\u00facej vojny medzi \u010dlenmi klanu Mishima. Legend\u00e1rna s\u00e9ria bojov\u00fdch hier, poh\u00e1\u0148an\u00e1 Unreal Engine 4, sa vracia s ohromuj\u00facimi filmov\u00fdmi bitkami a intenz\u00edvnymi duelmi, ktor\u00e9 si m\u00f4\u017eete vychutna\u0165 s priate\u013emi a s\u00fapermi.\" \/>\n<meta property=\"og:url\" content=\"https:\/\/begamer.cz\/sk\/produkt\/tekken-7-sk-2\/\" \/>\n<meta property=\"og:site_name\" content=\"BeGamer.cz\" \/>\n<meta property=\"article:modified_time\" content=\"2026-03-18T00:56:50+00:00\" \/>\n<meta property=\"og:image\" content=\"https:\/\/begamer.cz\/wp-content\/uploads\/2026\/01\/tekken-7-12.webp\" \/>\n\t<meta property=\"og:image:width\" content=\"300\" \/>\n\t<meta property=\"og:image:height\" content=\"400\" \/>\n\t<meta property=\"og:image:type\" content=\"image\/webp\" \/>\n<meta name=\"twitter:card\" content=\"summary_large_image\" \/>\n<meta name=\"twitter:label1\" content=\"Predpokladan\u00fd \u010das \u010d\u00edtania\" \/>\n\t<meta name=\"twitter:data1\" content=\"1 min\u00fata\" \/>\n<script type=\"application\/ld+json\" class=\"yoast-schema-graph\">{\"@context\":\"https:\\\/\\\/schema.org\",\"@graph\":[{\"@type\":\"WebPage\",\"@id\":\"https:\\\/\\\/begamer.cz\\\/sk\\\/produkt\\\/tekken-7-sk-2\\\/\",\"url\":\"https:\\\/\\\/begamer.cz\\\/sk\\\/produkt\\\/tekken-7-sk-2\\\/\",\"name\":\"Tekken 7 | BeGamer.cz\",\"isPartOf\":{\"@id\":\"https:\\\/\\\/begamer.cz\\\/sk\\\/#website\"},\"primaryImageOfPage\":{\"@id\":\"https:\\\/\\\/begamer.cz\\\/sk\\\/produkt\\\/tekken-7-sk-2\\\/#primaryimage\"},\"image\":{\"@id\":\"https:\\\/\\\/begamer.cz\\\/sk\\\/produkt\\\/tekken-7-sk-2\\\/#primaryimage\"},\"thumbnailUrl\":\"https:\\\/\\\/begamer.cz\\\/wp-content\\\/uploads\\\/2026\\\/01\\\/tekken-7-12.webp\",\"datePublished\":\"2026-01-30T14:39:47+00:00\",\"dateModified\":\"2026-03-18T00:56:50+00:00\",\"breadcrumb\":{\"@id\":\"https:\\\/\\\/begamer.cz\\\/sk\\\/produkt\\\/tekken-7-sk-2\\\/#breadcrumb\"},\"inLanguage\":\"sk-SK\",\"potentialAction\":[{\"@type\":\"ReadAction\",\"target\":[\"https:\\\/\\\/begamer.cz\\\/sk\\\/produkt\\\/tekken-7-sk-2\\\/\"]}]},{\"@type\":\"ImageObject\",\"inLanguage\":\"sk-SK\",\"@id\":\"https:\\\/\\\/begamer.cz\\\/sk\\\/produkt\\\/tekken-7-sk-2\\\/#primaryimage\",\"url\":\"https:\\\/\\\/begamer.cz\\\/wp-content\\\/uploads\\\/2026\\\/01\\\/tekken-7-12.webp\",\"contentUrl\":\"https:\\\/\\\/begamer.cz\\\/wp-content\\\/uploads\\\/2026\\\/01\\\/tekken-7-12.webp\",\"width\":300,\"height\":400},{\"@type\":\"BreadcrumbList\",\"@id\":\"https:\\\/\\\/begamer.cz\\\/sk\\\/produkt\\\/tekken-7-sk-2\\\/#breadcrumb\",\"itemListElement\":[{\"@type\":\"ListItem\",\"position\":1,\"name\":\"Domov\",\"item\":\"https:\\\/\\\/begamer.cz\\\/sk\\\/\"},{\"@type\":\"ListItem\",\"position\":2,\"name\":\"Obchod\",\"item\":\"https:\\\/\\\/begamer.cz\\\/obchod\\\/\"},{\"@type\":\"ListItem\",\"position\":3,\"name\":\"Tekken 7\"}]},{\"@type\":\"WebSite\",\"@id\":\"https:\\\/\\\/begamer.cz\\\/sk\\\/#website\",\"url\":\"https:\\\/\\\/begamer.cz\\\/sk\\\/\",\"name\":\"BeGamer.cz\",\"description\":\"\",\"publisher\":{\"@id\":\"https:\\\/\\\/begamer.cz\\\/sk\\\/#organization\"},\"potentialAction\":[{\"@type\":\"SearchAction\",\"target\":{\"@type\":\"EntryPoint\",\"urlTemplate\":\"https:\\\/\\\/begamer.cz\\\/sk\\\/?s={search_term_string}\"},\"query-input\":{\"@type\":\"PropertyValueSpecification\",\"valueRequired\":true,\"valueName\":\"search_term_string\"}}],\"inLanguage\":\"sk-SK\"},{\"@type\":\"Organization\",\"@id\":\"https:\\\/\\\/begamer.cz\\\/sk\\\/#organization\",\"name\":\"BeGamer.cz\",\"url\":\"https:\\\/\\\/begamer.cz\\\/sk\\\/\",\"logo\":{\"@type\":\"ImageObject\",\"inLanguage\":\"sk-SK\",\"@id\":\"https:\\\/\\\/begamer.cz\\\/sk\\\/#\\\/schema\\\/logo\\\/image\\\/\",\"url\":\"https:\\\/\\\/begamer.cz\\\/wp-content\\\/uploads\\\/2025\\\/07\\\/logo.svg\",\"contentUrl\":\"https:\\\/\\\/begamer.cz\\\/wp-content\\\/uploads\\\/2025\\\/07\\\/logo.svg\",\"caption\":\"BeGamer.cz\"},\"image\":{\"@id\":\"https:\\\/\\\/begamer.cz\\\/sk\\\/#\\\/schema\\\/logo\\\/image\\\/\"}}]}<\/script>\n<!-- \/ Yoast SEO plugin. -->","yoast_head_json":{"title":"Tekken 7 | BeGamer.cz","robots":{"index":"index","follow":"follow","max-snippet":"max-snippet:-1","max-image-preview":"max-image-preview:large","max-video-preview":"max-video-preview:-1"},"canonical":"https:\/\/begamer.cz\/sk\/produkt\/tekken-7-sk-2\/","og_locale":"sk_SK","og_type":"article","og_title":"Tekken 7 | BeGamer.cz","og_description":"Objavte epick\u00e9 vyvrcholenie dlhotrvaj\u00facej vojny medzi \u010dlenmi klanu Mishima. Legend\u00e1rna s\u00e9ria bojov\u00fdch hier, poh\u00e1\u0148an\u00e1 Unreal Engine 4, sa vracia s ohromuj\u00facimi filmov\u00fdmi bitkami a intenz\u00edvnymi duelmi, ktor\u00e9 si m\u00f4\u017eete vychutna\u0165 s priate\u013emi a s\u00fapermi.","og_url":"https:\/\/begamer.cz\/sk\/produkt\/tekken-7-sk-2\/","og_site_name":"BeGamer.cz","article_modified_time":"2026-03-18T00:56:50+00:00","og_image":[{"width":300,"height":400,"url":"https:\/\/begamer.cz\/wp-content\/uploads\/2026\/01\/tekken-7-12.webp","type":"image\/webp"}],"twitter_card":"summary_large_image","twitter_misc":{"Predpokladan\u00fd \u010das \u010d\u00edtania":"1 min\u00fata"},"schema":{"@context":"https:\/\/schema.org","@graph":[{"@type":"WebPage","@id":"https:\/\/begamer.cz\/sk\/produkt\/tekken-7-sk-2\/","url":"https:\/\/begamer.cz\/sk\/produkt\/tekken-7-sk-2\/","name":"Tekken 7 | BeGamer.cz","isPartOf":{"@id":"https:\/\/begamer.cz\/sk\/#website"},"primaryImageOfPage":{"@id":"https:\/\/begamer.cz\/sk\/produkt\/tekken-7-sk-2\/#primaryimage"},"image":{"@id":"https:\/\/begamer.cz\/sk\/produkt\/tekken-7-sk-2\/#primaryimage"},"thumbnailUrl":"https:\/\/begamer.cz\/wp-content\/uploads\/2026\/01\/tekken-7-12.webp","datePublished":"2026-01-30T14:39:47+00:00","dateModified":"2026-03-18T00:56:50+00:00","breadcrumb":{"@id":"https:\/\/begamer.cz\/sk\/produkt\/tekken-7-sk-2\/#breadcrumb"},"inLanguage":"sk-SK","potentialAction":[{"@type":"ReadAction","target":["https:\/\/begamer.cz\/sk\/produkt\/tekken-7-sk-2\/"]}]},{"@type":"ImageObject","inLanguage":"sk-SK","@id":"https:\/\/begamer.cz\/sk\/produkt\/tekken-7-sk-2\/#primaryimage","url":"https:\/\/begamer.cz\/wp-content\/uploads\/2026\/01\/tekken-7-12.webp","contentUrl":"https:\/\/begamer.cz\/wp-content\/uploads\/2026\/01\/tekken-7-12.webp","width":300,"height":400},{"@type":"BreadcrumbList","@id":"https:\/\/begamer.cz\/sk\/produkt\/tekken-7-sk-2\/#breadcrumb","itemListElement":[{"@type":"ListItem","position":1,"name":"Domov","item":"https:\/\/begamer.cz\/sk\/"},{"@type":"ListItem","position":2,"name":"Obchod","item":"https:\/\/begamer.cz\/obchod\/"},{"@type":"ListItem","position":3,"name":"Tekken 7"}]},{"@type":"WebSite","@id":"https:\/\/begamer.cz\/sk\/#website","url":"https:\/\/begamer.cz\/sk\/","name":"BeGamer.cz","description":"","publisher":{"@id":"https:\/\/begamer.cz\/sk\/#organization"},"potentialAction":[{"@type":"SearchAction","target":{"@type":"EntryPoint","urlTemplate":"https:\/\/begamer.cz\/sk\/?s={search_term_string}"},"query-input":{"@type":"PropertyValueSpecification","valueRequired":true,"valueName":"search_term_string"}}],"inLanguage":"sk-SK"},{"@type":"Organization","@id":"https:\/\/begamer.cz\/sk\/#organization","name":"BeGamer.cz","url":"https:\/\/begamer.cz\/sk\/","logo":{"@type":"ImageObject","inLanguage":"sk-SK","@id":"https:\/\/begamer.cz\/sk\/#\/schema\/logo\/image\/","url":"https:\/\/begamer.cz\/wp-content\/uploads\/2025\/07\/logo.svg","contentUrl":"https:\/\/begamer.cz\/wp-content\/uploads\/2025\/07\/logo.svg","caption":"BeGamer.cz"},"image":{"@id":"https:\/\/begamer.cz\/sk\/#\/schema\/logo\/image\/"}}]}},"acf":[],"_links":{"self":[{"href":"https:\/\/begamer.cz\/sk\/wp-json\/wp\/v2\/product\/93053","targetHints":{"allow":["GET"]}}],"collection":[{"href":"https:\/\/begamer.cz\/sk\/wp-json\/wp\/v2\/product"}],"about":[{"href":"https:\/\/begamer.cz\/sk\/wp-json\/wp\/v2\/types\/product"}],"replies":[{"embeddable":true,"href":"https:\/\/begamer.cz\/sk\/wp-json\/wp\/v2\/comments?post=93053"}],"wp:featuredmedia":[{"embeddable":true,"href":"https:\/\/begamer.cz\/sk\/wp-json\/wp\/v2\/media\/4250"}],"wp:attachment":[{"href":"https:\/\/begamer.cz\/sk\/wp-json\/wp\/v2\/media?parent=93053"}],"wp:term":[{"taxonomy":"product_brand","embeddable":true,"href":"https:\/\/begamer.cz\/sk\/wp-json\/wp\/v2\/product_brand?post=93053"},{"taxonomy":"product_cat","embeddable":true,"href":"https:\/\/begamer.cz\/sk\/wp-json\/wp\/v2\/product_cat?post=93053"},{"taxonomy":"product_tag","embeddable":true,"href":"https:\/\/begamer.cz\/sk\/wp-json\/wp\/v2\/product_tag?post=93053"}],"curies":[{"name":"wp","href":"https:\/\/api.w.org\/{rel}","templated":true}]}}