{"id":92954,"date":"2026-01-30T15:38:15","date_gmt":"2026-01-30T14:38:15","guid":{"rendered":"https:\/\/begamer.cz\/produkt\/it-takes-two-sk\/"},"modified":"2026-03-18T01:50:27","modified_gmt":"2026-03-18T00:50:27","slug":"it-takes-two-sk","status":"publish","type":"product","link":"https:\/\/begamer.cz\/sk\/produkt\/it-takes-two-sk\/","title":{"rendered":"It Takes Two"},"content":{"rendered":"<p>Vydajte sa na najbl\u00e1znivej\u0161iu cestu svojho \u017eivota v hre It Takes Two, \u017e\u00e1nrovo prelomovej plo\u0161inovke vytvorenej v\u00fdhradne pre kooperat\u00edvnu hru. Pozvite priate\u013ea, aby sa pripojil zadarmo s Friend&#x27;s Pass, a spolupracujte na prekon\u00e1van\u00ed \u0161irokej \u0161k\u00e1ly z\u00e1bavn\u00fdch a ru\u0161iv\u00fdch hern\u00fdch v\u00fdziev. Hrajte za konfliktn\u00fd p\u00e1r Cody a May, dvoch \u013eud\u00ed, ktor\u00fdch k\u00fazlo premenilo na b\u00e1biky. Spolo\u010dne uviazli vo fantastickom svete, kde za ka\u017ed\u00fdm rohom \u010d\u00edha nie\u010do nepredv\u00eddate\u013en\u00e9, a neochotne sa musia pok\u00fasi\u0165 zachr\u00e1ni\u0165 svoj rozpadaj\u00faci sa vz\u0165ah.<\/p>\n<p>Ovl\u00e1dnite jedine\u010dn\u00e9 a prepojen\u00e9 schopnosti post\u00e1v v ka\u017edej novej \u00farovni. Pom\u00e1hajte si navz\u00e1jom prekona\u0165 mno\u017estvo neo\u010dak\u00e1van\u00fdch prek\u00e1\u017eok a smie\u0161nych situ\u00e1ci\u00ed. Kopte do chvost\u00edkov gangstersk\u00fdch veveri\u010diek, pilotujte nohavice, hrajte ako DJ v ru\u0161nom no\u010dnom klube a zla\u0148ujte sa na boboch cez magick\u00fa snehov\u00fa gu\u013eu. Vychutnajte si \u00faprimn\u00fd a vtipn\u00fd pr\u00edbeh, v ktorom sa rozpr\u00e1vanie a hrate\u013enos\u0165 prepletaj\u00fa do jedine\u010dn\u00e9ho metaforick\u00e9ho z\u00e1\u017eitku.<\/p>\n<p>Hru It Takes Two vyvinulo ocenen\u00e9 \u0161t\u00fadio Hazelight, l\u00edder v oblasti kooperat\u00edvnej hry. Chystaj\u00fa sa v\u00e1s vzia\u0165 na divok\u00fa a \u00fa\u017easn\u00fa jazdu, kde je ist\u00e9 len jedno: spolu sme lep\u0161\u00ed.<\/p>\n<h2 class=\"bb_tag\" ><strong>K\u013d\u00da\u010cOV\u00c9 VLASTNOSTI<\/strong><\/h2>\n<p><\/p>\n<ul class=\"bb_ul\">\n<li><strong>\u010cist\u00e1 kooperat\u00edvna dokonalos\u0165<\/strong> \u2013 Pozvite priate\u013ea, aby sa pripojil zadarmo prostredn\u00edctvom Remote Play Together**, a za\u017eite vzru\u0161uj\u00face dobrodru\u017estvo vytvoren\u00e9 v\u00fdlu\u010dne pre dvoch. Vyberte si kooperat\u00edvnu hru na gau\u010di alebo online s rozdelenou obrazovkou a \u010delite neust\u00e1le sa meniacim v\u00fdzvam, kde spolupr\u00e1ca je jedin\u00e1 cesta vpred.\n<\/li>\n<li><strong>Radostne ru\u0161iv\u00e1 hrate\u013enos\u0165<\/strong> \u2014 Od besniacich vys\u00e1va\u010dov po elegantn\u00fdch guru l\u00e1sky, nikdy neviete, \u010domu budete \u010deli\u0165 \u010falej. V ka\u017edej \u00farovni v\u00e1s \u010dakaj\u00fa v\u00fdzvy, ktor\u00e9 prekra\u010duj\u00fa hranice \u017e\u00e1nru, a nov\u00e9 schopnosti post\u00e1v, ktor\u00e9 mus\u00edte zvl\u00e1dnu\u0165. Za\u017eite metaforick\u00e9 spojenie hrate\u013enosti a pr\u00edbehu, ktor\u00e9 pos\u00fava hranice interakt\u00edvneho rozpr\u00e1vania.\n<\/li>\n<li><strong>Univerz\u00e1lny pr\u00edbeh o vz\u0165ahoch<\/strong> \u2013 Objavte doj\u00edmav\u00fd a \u00faprimn\u00fd pr\u00edbeh o v\u00fdzvach, ktor\u00e9 prin\u00e1\u0161a vz\u00e1jomn\u00e9 vych\u00e1dzanie. Pom\u00f4\u017ete Codymu a May nau\u010di\u0165 sa prekon\u00e1va\u0165 svoje rozdiely. Spoznajte rozmanit\u00fa skupinu podivn\u00fdch a mil\u00fdch post\u00e1v. Spojte sily a vydajte sa na dobrodru\u017estvo, na ktor\u00e9 budete spom\u00edna\u0165 \u2013 spolo\u010dne!<\/li>\n<\/ul>\n<p><span class=\"bb_img_ctn\"><video class=\"bb_img\" autoplay muted loop playsinline poster=\"https:\/\/shared.akamai.steamstatic.com\/store_item_assets\/steam\/apps\/1426210\/extras\/e1515de7ad4b1a8cbf28df3cbb5dc716.poster.avif?t=1749142249\" width=610 height=342 ><source src=\"https:\/\/shared.akamai.steamstatic.com\/store_item_assets\/steam\/apps\/1426210\/extras\/e1515de7ad4b1a8cbf28df3cbb5dc716.webm?t=1749142249\" type=\"video\/webm; codecs=vp9\"><source src=\"https:\/\/shared.akamai.steamstatic.com\/store_item_assets\/steam\/apps\/1426210\/extras\/e1515de7ad4b1a8cbf28df3cbb5dc716.mp4?t=1749142249\" type=\"video\/mp4\"><\/video><\/span><\/p>\n<h2 class=\"bb_tag\" ><strong>O HAZELIGHT<\/strong><\/h2>\n<p>Hazelight je ocenen\u00e9 nez\u00e1visl\u00e9 \u0161t\u00fadio na v\u00fdvoj hier so s\u00eddlom v \u0160tokholme vo \u0160v\u00e9dsku. Spolo\u010dnos\u0165 Hazelight bola zalo\u017een\u00e1 v roku 2014 Josefom Faresom (filmov\u00fdm re\u017eis\u00e9rom a tvorcom ocenen\u00e9ho titulu Brothers: A Tale of Two Sons) a venuje sa pos\u00favaniu kreat\u00edvnych hran\u00edc toho, \u010do je mo\u017en\u00e9 v hr\u00e1ch dosiahnu\u0165. V roku 2018 vydalo Hazelight v r\u00e1mci programu EA Originals ocenen\u00fa hru A Way Out, ktor\u00e1 z\u00edskala cenu BAFTA a je prvou kooperat\u00edvnou ak\u010dnou advent\u00farou z poh\u013eadu tretej osoby.<\/p>\n<h2 class=\"bb_tag\" ><strong>O EA ORIGINALS<\/strong><\/h2>\n<p>EA Originals pom\u00e1ha zvidite\u013eni\u0165 niektor\u00e9 z najv\u00e1\u0161nivej\u0161\u00edch, nez\u00e1visl\u00fdch a talentovan\u00fdch hern\u00fdch \u0161t\u00fadi\u00ed po celom svete. Objavte inovat\u00edvne a nezabudnute\u013en\u00e9 hern\u00e9 z\u00e1\u017eitky od vysoko kreat\u00edvnych tvorcov hier, ktor\u00ed miluj\u00fa o\u010darova\u0165 a in\u0161pirova\u0165.<\/p>\n","protected":false},"excerpt":{"rendered":"<p>Vydajte sa na najbl\u00e1znivej\u0161iu cestu svojho \u017eivota v hre It Takes Two. Pozvite priate\u013ea, aby sa pripojil zadarmo s Friend&#x27;s Pass, a spolupracujte na rie\u0161en\u00ed \u0161irokej \u0161k\u00e1ly z\u00e1bavn\u00fdch a ru\u0161iv\u00fdch hern\u00fdch v\u00fdziev. V\u00ed\u0165az ocenenia HRA ROKA na Game Awards 2021.<\/p>\n","protected":false},"featured_media":3350,"comment_status":"open","ping_status":"closed","template":"","meta":{"_acf_changed":false},"product_brand":[],"product_cat":[270,272,9070,294,268,266],"product_tag":[],"class_list":{"0":"post-92954","1":"product","2":"type-product","3":"status-publish","4":"has-post-thumbnail","6":"product_cat-adventury-pc-hry-sk","7":"product_cat-akcni-pc-sk","8":"product_cat-ea-app","9":"product_cat-logicke-pc-hry-sk","10":"product_cat-pc-sk","11":"product_cat-pc-hry-sk","12":"pa_audio-en-us","14":"pa_countries-ad","15":"pa_countries-ae","16":"pa_countries-af","17":"pa_countries-ag","18":"pa_countries-ai","19":"pa_countries-al","20":"pa_countries-am","21":"pa_countries-ao","22":"pa_countries-aq","23":"pa_countries-ar","24":"pa_countries-as","25":"pa_countries-at","26":"pa_countries-au","27":"pa_countries-aw","28":"pa_countries-ax","29":"pa_countries-az","30":"pa_countries-ba","31":"pa_countries-bb","32":"pa_countries-bd","33":"pa_countries-be","34":"pa_countries-bf","35":"pa_countries-bg","36":"pa_countries-bh","37":"pa_countries-bi","38":"pa_countries-bj","39":"pa_countries-bl","40":"pa_countries-bm","41":"pa_countries-bn","42":"pa_countries-bo","43":"pa_countries-bq","44":"pa_countries-br","45":"pa_countries-bs","46":"pa_countries-bt","47":"pa_countries-bv","48":"pa_countries-bw","49":"pa_countries-bz","50":"pa_countries-ca","51":"pa_countries-cc","52":"pa_countries-cd","53":"pa_countries-cf","54":"pa_countries-cg","55":"pa_countries-ch","56":"pa_countries-ci","57":"pa_countries-ck","58":"pa_countries-cl","59":"pa_countries-cm","60":"pa_countries-cn","61":"pa_countries-co","62":"pa_countries-cr","63":"pa_countries-cu","64":"pa_countries-cv","65":"pa_countries-cw","66":"pa_countries-cx","67":"pa_countries-cy","68":"pa_countries-cz","69":"pa_countries-de","70":"pa_countries-dj","71":"pa_countries-dk","72":"pa_countries-dm","73":"pa_countries-do","74":"pa_countries-dz","75":"pa_countries-ec","76":"pa_countries-ee","77":"pa_countries-eg","78":"pa_countries-eh","79":"pa_countries-er","80":"pa_countries-es","81":"pa_countries-et","82":"pa_countries-fi","83":"pa_countries-fj","84":"pa_countries-fk","85":"pa_countries-fm","86":"pa_countries-fo","87":"pa_countries-fr","88":"pa_countries-ga","89":"pa_countries-gb","90":"pa_countries-gd","91":"pa_countries-ge","92":"pa_countries-gf","93":"pa_countries-gg","94":"pa_countries-gh","95":"pa_countries-gi","96":"pa_countries-gl","97":"pa_countries-gm","98":"pa_countries-gn","99":"pa_countries-gp","100":"pa_countries-gq","101":"pa_countries-gr","102":"pa_countries-gs","103":"pa_countries-gt","104":"pa_countries-gu","105":"pa_countries-gw","106":"pa_countries-gy","107":"pa_countries-hk","108":"pa_countries-hm","109":"pa_countries-hn","110":"pa_countries-hr","111":"pa_countries-ht","112":"pa_countries-hu","113":"pa_countries-id","114":"pa_countries-ie","115":"pa_countries-il","116":"pa_countries-im","117":"pa_countries-in","118":"pa_countries-io","119":"pa_countries-iq","120":"pa_countries-ir","121":"pa_countries-is","122":"pa_countries-it","123":"pa_countries-je","124":"pa_countries-jm","125":"pa_countries-jo","126":"pa_countries-jp","127":"pa_countries-ke","128":"pa_countries-kg","129":"pa_countries-kh","130":"pa_countries-ki","131":"pa_countries-km","132":"pa_countries-kn","133":"pa_countries-kp","134":"pa_countries-kr","135":"pa_countries-kw","136":"pa_countries-ky","137":"pa_countries-kz","138":"pa_countries-la","139":"pa_countries-lb","140":"pa_countries-lc","141":"pa_countries-li","142":"pa_countries-lk","143":"pa_countries-lr","144":"pa_countries-ls","145":"pa_countries-lt","146":"pa_countries-lu","147":"pa_countries-lv","148":"pa_countries-ly","149":"pa_countries-ma","150":"pa_countries-mc","151":"pa_countries-md","152":"pa_countries-me","153":"pa_countries-mf","154":"pa_countries-mg","155":"pa_countries-mh","156":"pa_countries-mk","157":"pa_countries-ml","158":"pa_countries-mm","159":"pa_countries-mn","160":"pa_countries-mo","161":"pa_countries-mp","162":"pa_countries-mq","163":"pa_countries-mr","164":"pa_countries-ms","165":"pa_countries-mt","166":"pa_countries-mu","167":"pa_countries-mv","168":"pa_countries-mw","169":"pa_countries-mx","170":"pa_countries-my","171":"pa_countries-mz","172":"pa_countries-na","173":"pa_countries-nc","174":"pa_countries-ne","175":"pa_countries-nf","176":"pa_countries-ng","177":"pa_countries-ni","178":"pa_countries-nl","179":"pa_countries-no","180":"pa_countries-np","181":"pa_countries-nr","182":"pa_countries-nu","183":"pa_countries-nz","184":"pa_countries-om","185":"pa_countries-pa","186":"pa_countries-pe","187":"pa_countries-pf","188":"pa_countries-pg","189":"pa_countries-ph","190":"pa_countries-pk","191":"pa_countries-pl","192":"pa_countries-pm","193":"pa_countries-pn","194":"pa_countries-pr","195":"pa_countries-ps","196":"pa_countries-pt","197":"pa_countries-pw","198":"pa_countries-py","199":"pa_countries-qa","200":"pa_countries-re","201":"pa_countries-ro","202":"pa_countries-rs","203":"pa_countries-rw","204":"pa_countries-sa","205":"pa_countries-sb","206":"pa_countries-sc","207":"pa_countries-sd","208":"pa_countries-se","209":"pa_countries-sg","210":"pa_countries-sh","211":"pa_countries-si","212":"pa_countries-sj","213":"pa_countries-sk","214":"pa_countries-sl","215":"pa_countries-sm","216":"pa_countries-sn","217":"pa_countries-so","218":"pa_countries-sr","219":"pa_countries-ss","221":"pa_countries-st","222":"pa_countries-sv","223":"pa_countries-sx","224":"pa_countries-sy","225":"pa_countries-sz","226":"pa_countries-tc","227":"pa_countries-td","228":"pa_countries-tf","229":"pa_countries-tg","230":"pa_countries-th","231":"pa_countries-tj","232":"pa_countries-tk","233":"pa_countries-tl","234":"pa_countries-tm","235":"pa_countries-tn","236":"pa_countries-to","237":"pa_countries-tr","238":"pa_countries-tt","239":"pa_countries-tv","240":"pa_countries-tw","241":"pa_countries-tz","242":"pa_countries-ua","243":"pa_countries-ug","244":"pa_countries-um","245":"pa_countries-us","246":"pa_countries-uy","247":"pa_countries-uz","248":"pa_countries-va","249":"pa_countries-vc","250":"pa_countries-ve","251":"pa_countries-vg","252":"pa_countries-vi","253":"pa_countries-vn","254":"pa_countries-vu","255":"pa_countries-wf","256":"pa_countries-ws","257":"pa_countries-xk","258":"pa_countries-ye","259":"pa_countries-yt","260":"pa_countries-za","261":"pa_countries-zm","262":"pa_countries-zw","263":"pa_developer-hazelight-studios","265":"pa_engine-unreal-engine-4","267":"pa_game_type-main_game","269":"pa_genres-adventure","270":"pa_genres-platform","272":"pa_genres-puzzle","273":"pa_interface-de-de","274":"pa_interface-en-us","275":"pa_interface-es-es","276":"pa_interface-fr-fr","277":"pa_interface-it-it","278":"pa_interface-ja-jp","279":"pa_interface-ko-kr","280":"pa_interface-pl-pl","281":"pa_interface-pt-br","282":"pa_interface-pt-pt","284":"pa_interface-ru-ru","285":"pa_interface-zh-cn","286":"pa_interface-zh-tw","287":"pa_keywords-3d-platformer","288":"pa_keywords-bees","289":"pa_keywords-cinematic","290":"pa_keywords-collecting","291":"pa_keywords-cute","292":"pa_keywords-emotional","293":"pa_keywords-exploration","294":"pa_keywords-family-friendly","295":"pa_keywords-funny","296":"pa_keywords-narrative","297":"pa_keywords-puzzle-platformer","298":"pa_keywords-skill-based","300":"pa_keywords-split-screen-multiplayer","301":"pa_keywords-story-driven","302":"pa_keywords-the-game-awards-best-game-direction-nominee","303":"pa_keywords-the-game-awards-best-game-direction-winner","304":"pa_keywords-the-game-awards-best-multiplayer-game-winner","305":"pa_keywords-the-game-awards-best-narrative-nominee","306":"pa_keywords-the-game-awards-game-of-the-year-winner","307":"pa_modes-co-operative","308":"pa_modes-multiplayer","309":"pa_modes-split-screen","311":"pa_pegi-13428","312":"pa_pegi-927","313":"pa_platform-ea-app","315":"pa_player_perspectives-third-person","317":"pa_publisher-electronic-arts","319":"pa_rating-14522","320":"pa_rating-1449","321":"pa_region-global","323":"pa_subtitles-de-de","325":"pa_subtitles-en-us","326":"pa_subtitles-es-es","327":"pa_subtitles-fr-fr","328":"pa_subtitles-it-it","329":"pa_subtitles-ja-jp","330":"pa_subtitles-ko-kr","331":"pa_subtitles-pl-pl","332":"pa_subtitles-pt-br","333":"pa_subtitles-ru-ru","334":"pa_subtitles-zh-cn","335":"pa_subtitles-zh-tw","336":"pa_themes-action","339":"first","340":"instock","341":"virtual","342":"taxable","343":"purchasable","344":"product-type-simple"},"yoast_head":"<!-- This site is optimized with the Yoast SEO plugin v27.4 - https:\/\/yoast.com\/product\/yoast-seo-wordpress\/ -->\n<title>It Takes Two | BeGamer.cz<\/title>\n<meta name=\"robots\" content=\"index, follow, max-snippet:-1, max-image-preview:large, max-video-preview:-1\" \/>\n<link rel=\"canonical\" href=\"https:\/\/begamer.cz\/sk\/produkt\/it-takes-two-sk\/\" \/>\n<meta property=\"og:locale\" content=\"sk_SK\" \/>\n<meta property=\"og:type\" content=\"article\" \/>\n<meta property=\"og:title\" content=\"It Takes Two | BeGamer.cz\" \/>\n<meta property=\"og:description\" content=\"Vydajte sa na najbl\u00e1znivej\u0161iu cestu svojho \u017eivota v hre It Takes Two. Pozvite priate\u013ea, aby sa pripojil zadarmo s Friend&#x27;s Pass, a spolupracujte na rie\u0161en\u00ed \u0161irokej \u0161k\u00e1ly z\u00e1bavn\u00fdch a ru\u0161iv\u00fdch hern\u00fdch v\u00fdziev. V\u00ed\u0165az ocenenia HRA ROKA na Game Awards 2021.\" \/>\n<meta property=\"og:url\" content=\"https:\/\/begamer.cz\/sk\/produkt\/it-takes-two-sk\/\" \/>\n<meta property=\"og:site_name\" content=\"BeGamer.cz\" \/>\n<meta property=\"article:modified_time\" content=\"2026-03-18T00:50:27+00:00\" \/>\n<meta property=\"og:image\" content=\"https:\/\/begamer.cz\/wp-content\/uploads\/2026\/01\/it-takes-two-4.webp\" \/>\n\t<meta property=\"og:image:width\" content=\"300\" \/>\n\t<meta property=\"og:image:height\" content=\"400\" \/>\n\t<meta property=\"og:image:type\" content=\"image\/webp\" \/>\n<meta name=\"twitter:card\" content=\"summary_large_image\" \/>\n<meta name=\"twitter:label1\" content=\"Predpokladan\u00fd \u010das \u010d\u00edtania\" \/>\n\t<meta name=\"twitter:data1\" content=\"3 min\u00faty\" \/>\n<script type=\"application\/ld+json\" class=\"yoast-schema-graph\">{\"@context\":\"https:\\\/\\\/schema.org\",\"@graph\":[{\"@type\":\"WebPage\",\"@id\":\"https:\\\/\\\/begamer.cz\\\/sk\\\/produkt\\\/it-takes-two-sk\\\/\",\"url\":\"https:\\\/\\\/begamer.cz\\\/sk\\\/produkt\\\/it-takes-two-sk\\\/\",\"name\":\"It Takes Two | BeGamer.cz\",\"isPartOf\":{\"@id\":\"https:\\\/\\\/begamer.cz\\\/sk\\\/#website\"},\"primaryImageOfPage\":{\"@id\":\"https:\\\/\\\/begamer.cz\\\/sk\\\/produkt\\\/it-takes-two-sk\\\/#primaryimage\"},\"image\":{\"@id\":\"https:\\\/\\\/begamer.cz\\\/sk\\\/produkt\\\/it-takes-two-sk\\\/#primaryimage\"},\"thumbnailUrl\":\"https:\\\/\\\/begamer.cz\\\/wp-content\\\/uploads\\\/2026\\\/01\\\/it-takes-two-4.webp\",\"datePublished\":\"2026-01-30T14:38:15+00:00\",\"dateModified\":\"2026-03-18T00:50:27+00:00\",\"breadcrumb\":{\"@id\":\"https:\\\/\\\/begamer.cz\\\/sk\\\/produkt\\\/it-takes-two-sk\\\/#breadcrumb\"},\"inLanguage\":\"sk-SK\",\"potentialAction\":[{\"@type\":\"ReadAction\",\"target\":[\"https:\\\/\\\/begamer.cz\\\/sk\\\/produkt\\\/it-takes-two-sk\\\/\"]}]},{\"@type\":\"ImageObject\",\"inLanguage\":\"sk-SK\",\"@id\":\"https:\\\/\\\/begamer.cz\\\/sk\\\/produkt\\\/it-takes-two-sk\\\/#primaryimage\",\"url\":\"https:\\\/\\\/begamer.cz\\\/wp-content\\\/uploads\\\/2026\\\/01\\\/it-takes-two-4.webp\",\"contentUrl\":\"https:\\\/\\\/begamer.cz\\\/wp-content\\\/uploads\\\/2026\\\/01\\\/it-takes-two-4.webp\",\"width\":300,\"height\":400},{\"@type\":\"BreadcrumbList\",\"@id\":\"https:\\\/\\\/begamer.cz\\\/sk\\\/produkt\\\/it-takes-two-sk\\\/#breadcrumb\",\"itemListElement\":[{\"@type\":\"ListItem\",\"position\":1,\"name\":\"Domov\",\"item\":\"https:\\\/\\\/begamer.cz\\\/sk\\\/\"},{\"@type\":\"ListItem\",\"position\":2,\"name\":\"Obchod\",\"item\":\"https:\\\/\\\/begamer.cz\\\/obchod\\\/\"},{\"@type\":\"ListItem\",\"position\":3,\"name\":\"It Takes Two\"}]},{\"@type\":\"WebSite\",\"@id\":\"https:\\\/\\\/begamer.cz\\\/sk\\\/#website\",\"url\":\"https:\\\/\\\/begamer.cz\\\/sk\\\/\",\"name\":\"BeGamer.cz\",\"description\":\"\",\"publisher\":{\"@id\":\"https:\\\/\\\/begamer.cz\\\/sk\\\/#organization\"},\"potentialAction\":[{\"@type\":\"SearchAction\",\"target\":{\"@type\":\"EntryPoint\",\"urlTemplate\":\"https:\\\/\\\/begamer.cz\\\/sk\\\/?s={search_term_string}\"},\"query-input\":{\"@type\":\"PropertyValueSpecification\",\"valueRequired\":true,\"valueName\":\"search_term_string\"}}],\"inLanguage\":\"sk-SK\"},{\"@type\":\"Organization\",\"@id\":\"https:\\\/\\\/begamer.cz\\\/sk\\\/#organization\",\"name\":\"BeGamer.cz\",\"url\":\"https:\\\/\\\/begamer.cz\\\/sk\\\/\",\"logo\":{\"@type\":\"ImageObject\",\"inLanguage\":\"sk-SK\",\"@id\":\"https:\\\/\\\/begamer.cz\\\/sk\\\/#\\\/schema\\\/logo\\\/image\\\/\",\"url\":\"https:\\\/\\\/begamer.cz\\\/wp-content\\\/uploads\\\/2025\\\/07\\\/logo.svg\",\"contentUrl\":\"https:\\\/\\\/begamer.cz\\\/wp-content\\\/uploads\\\/2025\\\/07\\\/logo.svg\",\"caption\":\"BeGamer.cz\"},\"image\":{\"@id\":\"https:\\\/\\\/begamer.cz\\\/sk\\\/#\\\/schema\\\/logo\\\/image\\\/\"}}]}<\/script>\n<!-- \/ Yoast SEO plugin. -->","yoast_head_json":{"title":"It Takes Two | BeGamer.cz","robots":{"index":"index","follow":"follow","max-snippet":"max-snippet:-1","max-image-preview":"max-image-preview:large","max-video-preview":"max-video-preview:-1"},"canonical":"https:\/\/begamer.cz\/sk\/produkt\/it-takes-two-sk\/","og_locale":"sk_SK","og_type":"article","og_title":"It Takes Two | BeGamer.cz","og_description":"Vydajte sa na najbl\u00e1znivej\u0161iu cestu svojho \u017eivota v hre It Takes Two. Pozvite priate\u013ea, aby sa pripojil zadarmo s Friend&#x27;s Pass, a spolupracujte na rie\u0161en\u00ed \u0161irokej \u0161k\u00e1ly z\u00e1bavn\u00fdch a ru\u0161iv\u00fdch hern\u00fdch v\u00fdziev. V\u00ed\u0165az ocenenia HRA ROKA na Game Awards 2021.","og_url":"https:\/\/begamer.cz\/sk\/produkt\/it-takes-two-sk\/","og_site_name":"BeGamer.cz","article_modified_time":"2026-03-18T00:50:27+00:00","og_image":[{"width":300,"height":400,"url":"https:\/\/begamer.cz\/wp-content\/uploads\/2026\/01\/it-takes-two-4.webp","type":"image\/webp"}],"twitter_card":"summary_large_image","twitter_misc":{"Predpokladan\u00fd \u010das \u010d\u00edtania":"3 min\u00faty"},"schema":{"@context":"https:\/\/schema.org","@graph":[{"@type":"WebPage","@id":"https:\/\/begamer.cz\/sk\/produkt\/it-takes-two-sk\/","url":"https:\/\/begamer.cz\/sk\/produkt\/it-takes-two-sk\/","name":"It Takes Two | BeGamer.cz","isPartOf":{"@id":"https:\/\/begamer.cz\/sk\/#website"},"primaryImageOfPage":{"@id":"https:\/\/begamer.cz\/sk\/produkt\/it-takes-two-sk\/#primaryimage"},"image":{"@id":"https:\/\/begamer.cz\/sk\/produkt\/it-takes-two-sk\/#primaryimage"},"thumbnailUrl":"https:\/\/begamer.cz\/wp-content\/uploads\/2026\/01\/it-takes-two-4.webp","datePublished":"2026-01-30T14:38:15+00:00","dateModified":"2026-03-18T00:50:27+00:00","breadcrumb":{"@id":"https:\/\/begamer.cz\/sk\/produkt\/it-takes-two-sk\/#breadcrumb"},"inLanguage":"sk-SK","potentialAction":[{"@type":"ReadAction","target":["https:\/\/begamer.cz\/sk\/produkt\/it-takes-two-sk\/"]}]},{"@type":"ImageObject","inLanguage":"sk-SK","@id":"https:\/\/begamer.cz\/sk\/produkt\/it-takes-two-sk\/#primaryimage","url":"https:\/\/begamer.cz\/wp-content\/uploads\/2026\/01\/it-takes-two-4.webp","contentUrl":"https:\/\/begamer.cz\/wp-content\/uploads\/2026\/01\/it-takes-two-4.webp","width":300,"height":400},{"@type":"BreadcrumbList","@id":"https:\/\/begamer.cz\/sk\/produkt\/it-takes-two-sk\/#breadcrumb","itemListElement":[{"@type":"ListItem","position":1,"name":"Domov","item":"https:\/\/begamer.cz\/sk\/"},{"@type":"ListItem","position":2,"name":"Obchod","item":"https:\/\/begamer.cz\/obchod\/"},{"@type":"ListItem","position":3,"name":"It Takes Two"}]},{"@type":"WebSite","@id":"https:\/\/begamer.cz\/sk\/#website","url":"https:\/\/begamer.cz\/sk\/","name":"BeGamer.cz","description":"","publisher":{"@id":"https:\/\/begamer.cz\/sk\/#organization"},"potentialAction":[{"@type":"SearchAction","target":{"@type":"EntryPoint","urlTemplate":"https:\/\/begamer.cz\/sk\/?s={search_term_string}"},"query-input":{"@type":"PropertyValueSpecification","valueRequired":true,"valueName":"search_term_string"}}],"inLanguage":"sk-SK"},{"@type":"Organization","@id":"https:\/\/begamer.cz\/sk\/#organization","name":"BeGamer.cz","url":"https:\/\/begamer.cz\/sk\/","logo":{"@type":"ImageObject","inLanguage":"sk-SK","@id":"https:\/\/begamer.cz\/sk\/#\/schema\/logo\/image\/","url":"https:\/\/begamer.cz\/wp-content\/uploads\/2025\/07\/logo.svg","contentUrl":"https:\/\/begamer.cz\/wp-content\/uploads\/2025\/07\/logo.svg","caption":"BeGamer.cz"},"image":{"@id":"https:\/\/begamer.cz\/sk\/#\/schema\/logo\/image\/"}}]}},"acf":[],"_links":{"self":[{"href":"https:\/\/begamer.cz\/sk\/wp-json\/wp\/v2\/product\/92954","targetHints":{"allow":["GET"]}}],"collection":[{"href":"https:\/\/begamer.cz\/sk\/wp-json\/wp\/v2\/product"}],"about":[{"href":"https:\/\/begamer.cz\/sk\/wp-json\/wp\/v2\/types\/product"}],"replies":[{"embeddable":true,"href":"https:\/\/begamer.cz\/sk\/wp-json\/wp\/v2\/comments?post=92954"}],"wp:featuredmedia":[{"embeddable":true,"href":"https:\/\/begamer.cz\/sk\/wp-json\/wp\/v2\/media\/3350"}],"wp:attachment":[{"href":"https:\/\/begamer.cz\/sk\/wp-json\/wp\/v2\/media?parent=92954"}],"wp:term":[{"taxonomy":"product_brand","embeddable":true,"href":"https:\/\/begamer.cz\/sk\/wp-json\/wp\/v2\/product_brand?post=92954"},{"taxonomy":"product_cat","embeddable":true,"href":"https:\/\/begamer.cz\/sk\/wp-json\/wp\/v2\/product_cat?post=92954"},{"taxonomy":"product_tag","embeddable":true,"href":"https:\/\/begamer.cz\/sk\/wp-json\/wp\/v2\/product_tag?post=92954"}],"curies":[{"name":"wp","href":"https:\/\/api.w.org\/{rel}","templated":true}]}}