{"id":92897,"date":"2026-01-30T15:37:18","date_gmt":"2026-01-30T14:37:18","guid":{"rendered":"https:\/\/begamer.cz\/produkt\/the-sims-4-snowy-escape-sk\/"},"modified":"2026-03-18T01:47:30","modified_gmt":"2026-03-18T00:47:30","slug":"the-sims-4-snowy-escape-sk","status":"publish","type":"product","link":"https:\/\/begamer.cz\/sk\/produkt\/the-sims-4-snowy-escape-sk\/","title":{"rendered":"The Sims 4: Snowy Escape"},"content":{"rendered":"<h1>O hre<\/h1>\n<p>Pripravte sa na vzru\u0161uj\u00face zimn\u00e9 \u0161porty, relaxujte v pr\u00edrodn\u00fdch hor\u00facich prame\u0148och a navrhnite si dom v japonskom \u0161t\u00fdle v roz\u0161\u00edren\u00ed The Sims\u2122 4 Snowy Escape*. Objavte nov\u00e9 sp\u00f4soby dobrodru\u017estva \u2013 vyz\u00fdvajte svojich Sim\u00edkov, aby vyliezli na vrchol a spriatelili sa s ostatn\u00fdmi vo svete Mt. Komorebi. Od s\u00e1nkovania a snowboardingu a\u017e po hor\u00faci kotl\u00edk okolo stola kotatsu, ka\u017ed\u00fd si tu n\u00e1jde nie\u010do pre seba.<\/p>\n<p><strong>K\u013d\u00da\u010cOV\u00c9 VLASTNOSTI<\/strong><\/p>\n<ul class=\"bb_ul\">\n<li><strong>Za\u017eite vzru\u0161enie<\/strong> \u2013 otestujte zru\u010dnosti a vytrvalos\u0165 svojich Sim\u00edkov pri aktivit\u00e1ch na horskom svahu. Vezmite si ly\u017ee a vyrazte na zjazdovku, nasadnite si snowboard a vyrazte na svah alebo sa zababu\u0161te na saniach s in\u00fdm Sim\u00edkom. Rad\u0161ej st\u00fapate nahor? Rozv\u00edjajte ich lezeck\u00e9 zru\u010dnosti a vyz\u00fdvajte svojich Sim\u00edkov, aby dosiahli vrchol hory po\u010das odv\u00e1\u017enych, niekedy aj nebezpe\u010dn\u00fdch v\u00fdletov.\n<\/li>\n<li><strong>N\u00e1jdite svoj zen<\/strong> \u2013 Nechajte starosti svojho Sim\u00edka odpl\u00e1va\u0165 v pr\u00edrodn\u00fdch hor\u00facich prame\u0148och, potom si odd\u00fdchnite pri hor\u00facom kotl\u00edku okolo stola kotatsu alebo sa zab\u00e1vajte pri t\u00farach bambusov\u00fdmi lesmi a zasne\u017een\u00fdm ter\u00e9nom. Vychutnajte si pokojn\u00e9 prech\u00e1dzky a upokojuj\u00facu hudbu, aby ste z\u00edskali kontrolu nad svojimi em\u00f3ciami a objavili svoj vn\u00fatorn\u00fd zen.\n<\/li>\n<li><strong>Vytvorte si svoje \u00fato\u010disko<\/strong> \u2014 \u010di u\u017e preferujete tradi\u010dn\u00e9 detaily alebo modern\u00e9 prvky n\u00e1bytku a dekor\u00e1ci\u00ed in\u0161pirovan\u00fdch Japonskom, m\u00f4\u017eete do svojho domova, ktor\u00fd dop\u013a\u0148a v\u00e1\u0161 \u017eivot, za\u010dleni\u0165 dvere, okn\u00e1 a parav\u00e1ny shoji, tatami roho\u017ee a \u010fal\u0161ie prvky. Zujte si top\u00e1nky vo vstupnej hale genkan v jemnom svetle papierov\u00fdch lucerien nad hlavou alebo si vonku vytvorte vlastn\u00fa skalku.\n<\/li>\n<li><strong>Definujte svoj \u017eivotn\u00fd \u0161t\u00fdl<\/strong> \u2014 Odomknite nov\u00e9 osobnostn\u00e9 a vz\u0165ahov\u00e9 efekty s uveden\u00edm \u017eivotn\u00fdch \u0161t\u00fdlov a pocitov. \u017divotn\u00e9 \u0161t\u00fdly sa prejavuj\u00fa v reakcii na \u010diny a zvyky va\u0161ich Sim\u00edkov a primerane menia ich spr\u00e1vanie. Podobne, spolo\u010dn\u00e9 z\u00e1\u017eitky in\u0161piruj\u00fa pocity a maj\u00fa trval\u00fd vplyv na vz\u0165ahy Sim\u00edkov medzi sebou, \u010do ovplyv\u0148uje ich soci\u00e1lne interakcie.<\/li>\n<\/ul>\n<p>*VY\u017dADUJE HRU THE SIMS 4 (PREDAJ SA SAMOSTATNE) A V\u0160ETKY AKTUALIZ\u00c1CIE HRY. MINIM\u00c1LNE SYST\u00c9MOV\u00c9 PO\u017dIADAVKY NA BAL\u00cd\u010cEK N\u00c1JDETE TU.<\/p>\n","protected":false},"excerpt":{"rendered":"<p>Pripravte sa na vzru\u0161uj\u00face zimn\u00e9 \u0161porty, relaxujte v pr\u00edrodn\u00fdch hor\u00facich prame\u0148och a navrhnite si svoj dom in\u0161pirovan\u00fd Japonskom v roz\u0161\u00edren\u00ed The Sims\u2122 4 Snowy Escape*. Objavte nov\u00e9 sp\u00f4soby dobrodru\u017estva \u2013 od s\u00e1nkovania a snowboardingu a\u017e po hor\u00face k\u00fapele a t\u00fary, ka\u017ed\u00fd si tu n\u00e1jde nie\u010do pre seba.<\/p>\n","protected":false},"featured_media":2987,"comment_status":"open","ping_status":"closed","template":"","meta":{"_acf_changed":false},"product_brand":[],"product_cat":[270,9070,268,266,308,314,316],"product_tag":[],"class_list":{"0":"post-92897","1":"product","2":"type-product","3":"status-publish","4":"has-post-thumbnail","6":"product_cat-adventury-pc-hry-sk","7":"product_cat-ea-app","8":"product_cat-pc-sk","9":"product_cat-pc-hry-sk","10":"product_cat-rpg-pc-hry-sk","11":"product_cat-simulatory-pc-hry-sk","12":"product_cat-sportove-pc","13":"pa_countries-ad","14":"pa_countries-ae","15":"pa_countries-af","16":"pa_countries-ag","17":"pa_countries-ai","18":"pa_countries-al","19":"pa_countries-am","20":"pa_countries-ao","21":"pa_countries-aq","22":"pa_countries-ar","23":"pa_countries-as","24":"pa_countries-at","25":"pa_countries-au","26":"pa_countries-aw","27":"pa_countries-ax","28":"pa_countries-az","29":"pa_countries-ba","30":"pa_countries-bb","31":"pa_countries-bd","32":"pa_countries-be","33":"pa_countries-bf","34":"pa_countries-bg","35":"pa_countries-bh","36":"pa_countries-bi","37":"pa_countries-bj","38":"pa_countries-bl","39":"pa_countries-bm","40":"pa_countries-bn","41":"pa_countries-bo","42":"pa_countries-bq","43":"pa_countries-br","44":"pa_countries-bs","45":"pa_countries-bt","46":"pa_countries-bv","47":"pa_countries-bw","48":"pa_countries-bz","49":"pa_countries-ca","50":"pa_countries-cc","51":"pa_countries-cd","52":"pa_countries-cf","53":"pa_countries-cg","54":"pa_countries-ch","55":"pa_countries-ci","56":"pa_countries-ck","57":"pa_countries-cl","58":"pa_countries-cm","59":"pa_countries-cn","60":"pa_countries-co","61":"pa_countries-cr","62":"pa_countries-cu","63":"pa_countries-cv","64":"pa_countries-cw","65":"pa_countries-cx","66":"pa_countries-cy","67":"pa_countries-cz","68":"pa_countries-de","69":"pa_countries-dj","70":"pa_countries-dk","71":"pa_countries-dm","72":"pa_countries-do","73":"pa_countries-dz","74":"pa_countries-ec","75":"pa_countries-ee","76":"pa_countries-eg","77":"pa_countries-eh","78":"pa_countries-er","79":"pa_countries-es","80":"pa_countries-et","81":"pa_countries-fi","82":"pa_countries-fj","83":"pa_countries-fk","84":"pa_countries-fm","85":"pa_countries-fo","86":"pa_countries-fr","87":"pa_countries-ga","88":"pa_countries-gb","89":"pa_countries-gd","90":"pa_countries-ge","91":"pa_countries-gf","92":"pa_countries-gg","93":"pa_countries-gh","94":"pa_countries-gi","95":"pa_countries-gl","96":"pa_countries-gm","97":"pa_countries-gn","98":"pa_countries-gp","99":"pa_countries-gq","100":"pa_countries-gr","101":"pa_countries-gs","102":"pa_countries-gt","103":"pa_countries-gu","104":"pa_countries-gw","105":"pa_countries-gy","106":"pa_countries-hk","107":"pa_countries-hm","108":"pa_countries-hn","109":"pa_countries-hr","110":"pa_countries-ht","111":"pa_countries-hu","112":"pa_countries-id","113":"pa_countries-ie","114":"pa_countries-il","115":"pa_countries-im","116":"pa_countries-in","117":"pa_countries-io","118":"pa_countries-iq","119":"pa_countries-ir","120":"pa_countries-is","121":"pa_countries-it","122":"pa_countries-je","123":"pa_countries-jm","124":"pa_countries-jo","125":"pa_countries-jp","126":"pa_countries-ke","127":"pa_countries-kg","128":"pa_countries-kh","129":"pa_countries-ki","130":"pa_countries-km","131":"pa_countries-kn","132":"pa_countries-kp","133":"pa_countries-kr","134":"pa_countries-kw","135":"pa_countries-ky","136":"pa_countries-kz","137":"pa_countries-la","138":"pa_countries-lb","139":"pa_countries-lc","140":"pa_countries-li","141":"pa_countries-lk","142":"pa_countries-lr","143":"pa_countries-ls","144":"pa_countries-lt","145":"pa_countries-lu","146":"pa_countries-lv","147":"pa_countries-ly","148":"pa_countries-ma","149":"pa_countries-mc","150":"pa_countries-md","151":"pa_countries-me","152":"pa_countries-mf","153":"pa_countries-mg","154":"pa_countries-mh","155":"pa_countries-mk","156":"pa_countries-ml","157":"pa_countries-mm","158":"pa_countries-mn","159":"pa_countries-mo","160":"pa_countries-mp","161":"pa_countries-mq","162":"pa_countries-mr","163":"pa_countries-ms","164":"pa_countries-mt","165":"pa_countries-mu","166":"pa_countries-mv","167":"pa_countries-mw","168":"pa_countries-mx","169":"pa_countries-my","170":"pa_countries-mz","171":"pa_countries-na","172":"pa_countries-nc","173":"pa_countries-ne","174":"pa_countries-nf","175":"pa_countries-ng","176":"pa_countries-ni","177":"pa_countries-nl","178":"pa_countries-no","179":"pa_countries-np","180":"pa_countries-nr","181":"pa_countries-nu","182":"pa_countries-nz","183":"pa_countries-om","184":"pa_countries-pa","185":"pa_countries-pe","186":"pa_countries-pf","187":"pa_countries-pg","188":"pa_countries-ph","189":"pa_countries-pk","190":"pa_countries-pl","191":"pa_countries-pm","192":"pa_countries-pn","193":"pa_countries-pr","194":"pa_countries-ps","195":"pa_countries-pt","196":"pa_countries-pw","197":"pa_countries-py","198":"pa_countries-qa","199":"pa_countries-re","200":"pa_countries-ro","201":"pa_countries-rs","202":"pa_countries-rw","203":"pa_countries-sa","204":"pa_countries-sb","205":"pa_countries-sc","206":"pa_countries-sd","207":"pa_countries-se","208":"pa_countries-sg","209":"pa_countries-sh","210":"pa_countries-si","211":"pa_countries-sj","212":"pa_countries-sk","213":"pa_countries-sl","214":"pa_countries-sm","215":"pa_countries-sn","216":"pa_countries-so","217":"pa_countries-sr","218":"pa_countries-ss","220":"pa_countries-st","221":"pa_countries-sv","222":"pa_countries-sx","223":"pa_countries-sy","224":"pa_countries-sz","225":"pa_countries-tc","226":"pa_countries-td","227":"pa_countries-tf","228":"pa_countries-tg","229":"pa_countries-th","230":"pa_countries-tj","231":"pa_countries-tk","232":"pa_countries-tl","233":"pa_countries-tm","234":"pa_countries-tn","235":"pa_countries-to","236":"pa_countries-tr","237":"pa_countries-tt","238":"pa_countries-tv","239":"pa_countries-tw","240":"pa_countries-tz","241":"pa_countries-ua","242":"pa_countries-ug","243":"pa_countries-um","244":"pa_countries-us","245":"pa_countries-uy","246":"pa_countries-uz","247":"pa_countries-va","248":"pa_countries-vc","249":"pa_countries-ve","250":"pa_countries-vg","251":"pa_countries-vi","252":"pa_countries-vn","253":"pa_countries-vu","254":"pa_countries-wf","255":"pa_countries-ws","256":"pa_countries-xk","257":"pa_countries-ye","258":"pa_countries-yt","259":"pa_countries-za","260":"pa_countries-zm","261":"pa_countries-zw","262":"pa_developer-maxis","264":"pa_engine-smartsim","266":"pa_franchises-the-sims","268":"pa_game_type-expansion","270":"pa_genres-adventure","271":"pa_genres-role-playing-rpg","272":"pa_genres-simulator","273":"pa_genres-sport","275":"pa_interface-cs-cz","276":"pa_interface-da-dk","277":"pa_interface-de-de","278":"pa_interface-en-us","279":"pa_interface-es-es","280":"pa_interface-fi-fi","281":"pa_interface-fr-fr","282":"pa_interface-it-it","283":"pa_interface-ja-jp","284":"pa_interface-ko-kr","285":"pa_interface-nb-no","287":"pa_interface-nl-nl","288":"pa_interface-pl-pl","289":"pa_interface-pt-br","290":"pa_interface-ru-ru","291":"pa_interface-sv-se","292":"pa_interface-zh-cn","293":"pa_interface-zh-tw","294":"pa_keywords-building","295":"pa_keywords-cartoony","296":"pa_keywords-casual","297":"pa_keywords-character-customization","298":"pa_keywords-cute","299":"pa_keywords-family-friendly","300":"pa_keywords-funny","301":"pa_keywords-immersive","302":"pa_keywords-japan","303":"pa_keywords-lgbtq","304":"pa_keywords-life-simulation","305":"pa_keywords-realism","306":"pa_keywords-relaxing","307":"pa_keywords-snow","308":"pa_keywords-snowboarding","310":"pa_modes-single-player","312":"pa_pegi-13428","313":"pa_pegi-927","314":"pa_platform-ea-app","316":"pa_player_perspectives-bird-view-isometric","318":"pa_player_perspectives-first-person","319":"pa_player_perspectives-third-person","320":"pa_publisher-electronic-arts","322":"pa_rating-14441","323":"pa_rating-773","324":"pa_region-global","326":"pa_themes-comedy","327":"pa_themes-fantasy","328":"pa_themes-romance","330":"pa_themes-sandbox","332":"first","333":"instock","334":"virtual","335":"taxable","336":"purchasable","337":"product-type-simple"},"yoast_head":"<!-- This site is optimized with the Yoast SEO plugin v27.4 - https:\/\/yoast.com\/product\/yoast-seo-wordpress\/ -->\n<title>The Sims 4: Snowy Escape | BeGamer.cz<\/title>\n<meta name=\"robots\" content=\"index, follow, max-snippet:-1, max-image-preview:large, max-video-preview:-1\" \/>\n<link rel=\"canonical\" href=\"https:\/\/begamer.cz\/sk\/produkt\/the-sims-4-snowy-escape-sk\/\" \/>\n<meta property=\"og:locale\" content=\"sk_SK\" \/>\n<meta property=\"og:type\" content=\"article\" \/>\n<meta property=\"og:title\" content=\"The Sims 4: Snowy Escape | BeGamer.cz\" \/>\n<meta property=\"og:description\" content=\"Pripravte sa na vzru\u0161uj\u00face zimn\u00e9 \u0161porty, relaxujte v pr\u00edrodn\u00fdch hor\u00facich prame\u0148och a navrhnite si svoj dom in\u0161pirovan\u00fd Japonskom v roz\u0161\u00edren\u00ed The Sims\u2122 4 Snowy Escape*. Objavte nov\u00e9 sp\u00f4soby dobrodru\u017estva \u2013 od s\u00e1nkovania a snowboardingu a\u017e po hor\u00face k\u00fapele a t\u00fary, ka\u017ed\u00fd si tu n\u00e1jde nie\u010do pre seba.\" \/>\n<meta property=\"og:url\" content=\"https:\/\/begamer.cz\/sk\/produkt\/the-sims-4-snowy-escape-sk\/\" \/>\n<meta property=\"og:site_name\" content=\"BeGamer.cz\" \/>\n<meta property=\"article:modified_time\" content=\"2026-03-18T00:47:30+00:00\" \/>\n<meta property=\"og:image\" content=\"https:\/\/begamer.cz\/wp-content\/uploads\/2026\/01\/the-sims-4-snowy-escape-5.webp\" \/>\n\t<meta property=\"og:image:width\" content=\"300\" \/>\n\t<meta property=\"og:image:height\" content=\"400\" \/>\n\t<meta property=\"og:image:type\" content=\"image\/webp\" \/>\n<meta name=\"twitter:card\" content=\"summary_large_image\" \/>\n<meta name=\"twitter:label1\" content=\"Predpokladan\u00fd \u010das \u010d\u00edtania\" \/>\n\t<meta name=\"twitter:data1\" content=\"2 min\u00faty\" \/>\n<script type=\"application\/ld+json\" class=\"yoast-schema-graph\">{\"@context\":\"https:\\\/\\\/schema.org\",\"@graph\":[{\"@type\":\"WebPage\",\"@id\":\"https:\\\/\\\/begamer.cz\\\/sk\\\/produkt\\\/the-sims-4-snowy-escape-sk\\\/\",\"url\":\"https:\\\/\\\/begamer.cz\\\/sk\\\/produkt\\\/the-sims-4-snowy-escape-sk\\\/\",\"name\":\"The Sims 4: Snowy Escape | BeGamer.cz\",\"isPartOf\":{\"@id\":\"https:\\\/\\\/begamer.cz\\\/sk\\\/#website\"},\"primaryImageOfPage\":{\"@id\":\"https:\\\/\\\/begamer.cz\\\/sk\\\/produkt\\\/the-sims-4-snowy-escape-sk\\\/#primaryimage\"},\"image\":{\"@id\":\"https:\\\/\\\/begamer.cz\\\/sk\\\/produkt\\\/the-sims-4-snowy-escape-sk\\\/#primaryimage\"},\"thumbnailUrl\":\"https:\\\/\\\/begamer.cz\\\/wp-content\\\/uploads\\\/2026\\\/01\\\/the-sims-4-snowy-escape-5.webp\",\"datePublished\":\"2026-01-30T14:37:18+00:00\",\"dateModified\":\"2026-03-18T00:47:30+00:00\",\"breadcrumb\":{\"@id\":\"https:\\\/\\\/begamer.cz\\\/sk\\\/produkt\\\/the-sims-4-snowy-escape-sk\\\/#breadcrumb\"},\"inLanguage\":\"sk-SK\",\"potentialAction\":[{\"@type\":\"ReadAction\",\"target\":[\"https:\\\/\\\/begamer.cz\\\/sk\\\/produkt\\\/the-sims-4-snowy-escape-sk\\\/\"]}]},{\"@type\":\"ImageObject\",\"inLanguage\":\"sk-SK\",\"@id\":\"https:\\\/\\\/begamer.cz\\\/sk\\\/produkt\\\/the-sims-4-snowy-escape-sk\\\/#primaryimage\",\"url\":\"https:\\\/\\\/begamer.cz\\\/wp-content\\\/uploads\\\/2026\\\/01\\\/the-sims-4-snowy-escape-5.webp\",\"contentUrl\":\"https:\\\/\\\/begamer.cz\\\/wp-content\\\/uploads\\\/2026\\\/01\\\/the-sims-4-snowy-escape-5.webp\",\"width\":300,\"height\":400},{\"@type\":\"BreadcrumbList\",\"@id\":\"https:\\\/\\\/begamer.cz\\\/sk\\\/produkt\\\/the-sims-4-snowy-escape-sk\\\/#breadcrumb\",\"itemListElement\":[{\"@type\":\"ListItem\",\"position\":1,\"name\":\"Domov\",\"item\":\"https:\\\/\\\/begamer.cz\\\/sk\\\/\"},{\"@type\":\"ListItem\",\"position\":2,\"name\":\"Obchod\",\"item\":\"https:\\\/\\\/begamer.cz\\\/obchod\\\/\"},{\"@type\":\"ListItem\",\"position\":3,\"name\":\"The Sims 4: Snowy Escape\"}]},{\"@type\":\"WebSite\",\"@id\":\"https:\\\/\\\/begamer.cz\\\/sk\\\/#website\",\"url\":\"https:\\\/\\\/begamer.cz\\\/sk\\\/\",\"name\":\"BeGamer.cz\",\"description\":\"\",\"publisher\":{\"@id\":\"https:\\\/\\\/begamer.cz\\\/sk\\\/#organization\"},\"potentialAction\":[{\"@type\":\"SearchAction\",\"target\":{\"@type\":\"EntryPoint\",\"urlTemplate\":\"https:\\\/\\\/begamer.cz\\\/sk\\\/?s={search_term_string}\"},\"query-input\":{\"@type\":\"PropertyValueSpecification\",\"valueRequired\":true,\"valueName\":\"search_term_string\"}}],\"inLanguage\":\"sk-SK\"},{\"@type\":\"Organization\",\"@id\":\"https:\\\/\\\/begamer.cz\\\/sk\\\/#organization\",\"name\":\"BeGamer.cz\",\"url\":\"https:\\\/\\\/begamer.cz\\\/sk\\\/\",\"logo\":{\"@type\":\"ImageObject\",\"inLanguage\":\"sk-SK\",\"@id\":\"https:\\\/\\\/begamer.cz\\\/sk\\\/#\\\/schema\\\/logo\\\/image\\\/\",\"url\":\"https:\\\/\\\/begamer.cz\\\/wp-content\\\/uploads\\\/2025\\\/07\\\/logo.svg\",\"contentUrl\":\"https:\\\/\\\/begamer.cz\\\/wp-content\\\/uploads\\\/2025\\\/07\\\/logo.svg\",\"caption\":\"BeGamer.cz\"},\"image\":{\"@id\":\"https:\\\/\\\/begamer.cz\\\/sk\\\/#\\\/schema\\\/logo\\\/image\\\/\"}}]}<\/script>\n<!-- \/ Yoast SEO plugin. -->","yoast_head_json":{"title":"The Sims 4: Snowy Escape | BeGamer.cz","robots":{"index":"index","follow":"follow","max-snippet":"max-snippet:-1","max-image-preview":"max-image-preview:large","max-video-preview":"max-video-preview:-1"},"canonical":"https:\/\/begamer.cz\/sk\/produkt\/the-sims-4-snowy-escape-sk\/","og_locale":"sk_SK","og_type":"article","og_title":"The Sims 4: Snowy Escape | BeGamer.cz","og_description":"Pripravte sa na vzru\u0161uj\u00face zimn\u00e9 \u0161porty, relaxujte v pr\u00edrodn\u00fdch hor\u00facich prame\u0148och a navrhnite si svoj dom in\u0161pirovan\u00fd Japonskom v roz\u0161\u00edren\u00ed The Sims\u2122 4 Snowy Escape*. Objavte nov\u00e9 sp\u00f4soby dobrodru\u017estva \u2013 od s\u00e1nkovania a snowboardingu a\u017e po hor\u00face k\u00fapele a t\u00fary, ka\u017ed\u00fd si tu n\u00e1jde nie\u010do pre seba.","og_url":"https:\/\/begamer.cz\/sk\/produkt\/the-sims-4-snowy-escape-sk\/","og_site_name":"BeGamer.cz","article_modified_time":"2026-03-18T00:47:30+00:00","og_image":[{"width":300,"height":400,"url":"https:\/\/begamer.cz\/wp-content\/uploads\/2026\/01\/the-sims-4-snowy-escape-5.webp","type":"image\/webp"}],"twitter_card":"summary_large_image","twitter_misc":{"Predpokladan\u00fd \u010das \u010d\u00edtania":"2 min\u00faty"},"schema":{"@context":"https:\/\/schema.org","@graph":[{"@type":"WebPage","@id":"https:\/\/begamer.cz\/sk\/produkt\/the-sims-4-snowy-escape-sk\/","url":"https:\/\/begamer.cz\/sk\/produkt\/the-sims-4-snowy-escape-sk\/","name":"The Sims 4: Snowy Escape | BeGamer.cz","isPartOf":{"@id":"https:\/\/begamer.cz\/sk\/#website"},"primaryImageOfPage":{"@id":"https:\/\/begamer.cz\/sk\/produkt\/the-sims-4-snowy-escape-sk\/#primaryimage"},"image":{"@id":"https:\/\/begamer.cz\/sk\/produkt\/the-sims-4-snowy-escape-sk\/#primaryimage"},"thumbnailUrl":"https:\/\/begamer.cz\/wp-content\/uploads\/2026\/01\/the-sims-4-snowy-escape-5.webp","datePublished":"2026-01-30T14:37:18+00:00","dateModified":"2026-03-18T00:47:30+00:00","breadcrumb":{"@id":"https:\/\/begamer.cz\/sk\/produkt\/the-sims-4-snowy-escape-sk\/#breadcrumb"},"inLanguage":"sk-SK","potentialAction":[{"@type":"ReadAction","target":["https:\/\/begamer.cz\/sk\/produkt\/the-sims-4-snowy-escape-sk\/"]}]},{"@type":"ImageObject","inLanguage":"sk-SK","@id":"https:\/\/begamer.cz\/sk\/produkt\/the-sims-4-snowy-escape-sk\/#primaryimage","url":"https:\/\/begamer.cz\/wp-content\/uploads\/2026\/01\/the-sims-4-snowy-escape-5.webp","contentUrl":"https:\/\/begamer.cz\/wp-content\/uploads\/2026\/01\/the-sims-4-snowy-escape-5.webp","width":300,"height":400},{"@type":"BreadcrumbList","@id":"https:\/\/begamer.cz\/sk\/produkt\/the-sims-4-snowy-escape-sk\/#breadcrumb","itemListElement":[{"@type":"ListItem","position":1,"name":"Domov","item":"https:\/\/begamer.cz\/sk\/"},{"@type":"ListItem","position":2,"name":"Obchod","item":"https:\/\/begamer.cz\/obchod\/"},{"@type":"ListItem","position":3,"name":"The Sims 4: Snowy Escape"}]},{"@type":"WebSite","@id":"https:\/\/begamer.cz\/sk\/#website","url":"https:\/\/begamer.cz\/sk\/","name":"BeGamer.cz","description":"","publisher":{"@id":"https:\/\/begamer.cz\/sk\/#organization"},"potentialAction":[{"@type":"SearchAction","target":{"@type":"EntryPoint","urlTemplate":"https:\/\/begamer.cz\/sk\/?s={search_term_string}"},"query-input":{"@type":"PropertyValueSpecification","valueRequired":true,"valueName":"search_term_string"}}],"inLanguage":"sk-SK"},{"@type":"Organization","@id":"https:\/\/begamer.cz\/sk\/#organization","name":"BeGamer.cz","url":"https:\/\/begamer.cz\/sk\/","logo":{"@type":"ImageObject","inLanguage":"sk-SK","@id":"https:\/\/begamer.cz\/sk\/#\/schema\/logo\/image\/","url":"https:\/\/begamer.cz\/wp-content\/uploads\/2025\/07\/logo.svg","contentUrl":"https:\/\/begamer.cz\/wp-content\/uploads\/2025\/07\/logo.svg","caption":"BeGamer.cz"},"image":{"@id":"https:\/\/begamer.cz\/sk\/#\/schema\/logo\/image\/"}}]}},"acf":[],"_links":{"self":[{"href":"https:\/\/begamer.cz\/sk\/wp-json\/wp\/v2\/product\/92897","targetHints":{"allow":["GET"]}}],"collection":[{"href":"https:\/\/begamer.cz\/sk\/wp-json\/wp\/v2\/product"}],"about":[{"href":"https:\/\/begamer.cz\/sk\/wp-json\/wp\/v2\/types\/product"}],"replies":[{"embeddable":true,"href":"https:\/\/begamer.cz\/sk\/wp-json\/wp\/v2\/comments?post=92897"}],"wp:featuredmedia":[{"embeddable":true,"href":"https:\/\/begamer.cz\/sk\/wp-json\/wp\/v2\/media\/2987"}],"wp:attachment":[{"href":"https:\/\/begamer.cz\/sk\/wp-json\/wp\/v2\/media?parent=92897"}],"wp:term":[{"taxonomy":"product_brand","embeddable":true,"href":"https:\/\/begamer.cz\/sk\/wp-json\/wp\/v2\/product_brand?post=92897"},{"taxonomy":"product_cat","embeddable":true,"href":"https:\/\/begamer.cz\/sk\/wp-json\/wp\/v2\/product_cat?post=92897"},{"taxonomy":"product_tag","embeddable":true,"href":"https:\/\/begamer.cz\/sk\/wp-json\/wp\/v2\/product_tag?post=92897"}],"curies":[{"name":"wp","href":"https:\/\/api.w.org\/{rel}","templated":true}]}}