{"id":92741,"date":"2026-01-30T15:34:50","date_gmt":"2026-01-30T14:34:50","guid":{"rendered":"https:\/\/begamer.cz\/produkt\/sid-meiers-civilization-vi-sk\/"},"modified":"2026-03-18T01:37:57","modified_gmt":"2026-03-18T00:37:57","slug":"sid-meiers-civilization-vi-sk","status":"publish","type":"product","link":"https:\/\/begamer.cz\/sk\/produkt\/sid-meiers-civilization-vi-sk\/","title":{"rendered":"Sid Meier\u2019s Civilization VI"},"content":{"rendered":"<h1>O hre<\/h1>\n<p><span class=\"bb_img_ctn\"><img decoding=\"async\" class=\"bb_img\" src=\"https:\/\/shared.akamai.steamstatic.com\/store_item_assets\/steam\/apps\/289070\/extras\/364f0f826055e9128552d92b1e2aab74.avif?t=1740607040\" width=616 height=1234 \/><\/span><br \/><i>Civilization VI<\/i> pon\u00faka nov\u00e9 sp\u00f4soby, ako sa zapoji\u0165 do sveta: mest\u00e1 sa teraz fyzicky roz\u0161iruj\u00fa po mape, akt\u00edvny v\u00fdskum v oblasti technol\u00f3gi\u00ed a kult\u00fary odomyk\u00e1 nov\u00fd potenci\u00e1l a s\u00fa\u0165a\u017eiaci vodcovia bud\u00fa sledova\u0165 svoje vlastn\u00e9 ciele na z\u00e1klade svojich historick\u00fdch vlastnost\u00ed, zatia\u013e \u010do vy budete s\u00fa\u0165a\u017ei\u0165 o jeden z piatich sp\u00f4sobov, ako dosiahnu\u0165 v\u00ed\u0165azstvo v hre.<\/p>\n<p><span class=\"bb_img_ctn\"><video class=\"bb_img\" autoplay muted loop playsinline poster=\"https:\/\/shared.akamai.steamstatic.com\/store_item_assets\/steam\/apps\/289070\/extras\/542fcd340aa40f2fa4204440d4a721f9.poster.avif?t=1740607040\" width=614 height=300 ><source src=\"https:\/\/shared.akamai.steamstatic.com\/store_item_assets\/steam\/apps\/289070\/extras\/542fcd340aa40f2fa4204440d4a721f9.webm?t=1740607040\" type=\"video\/webm; codecs=vp9\"><source src=\"https:\/\/shared.akamai.steamstatic.com\/store_item_assets\/steam\/apps\/289070\/extras\/542fcd340aa40f2fa4204440d4a721f9.mp4?t=1740607040\" type=\"video\/mp4\"><\/video><\/span><br \/><span class=\"bb_img_ctn\"><img decoding=\"async\" class=\"bb_img\" src=\"https:\/\/shared.akamai.steamstatic.com\/store_item_assets\/steam\/apps\/289070\/extras\/d801cbadac208f46de7e35134970afb6.webp?t=1740607040\" width=616 height=21 \/><\/span><\/p>\n<ul class=\"bb_ul\">\n<li>Pozrite sa, ako sa z\u00e1zraky va\u0161ej r\u00ed\u0161e rozprestieraj\u00fa po mape ako nikdy predt\u00fdm. Ka\u017ed\u00e1 \u0161tvr\u0165, z\u00e1zrak a vylep\u0161enie je postaven\u00e9 na vlastnom hexagone, \u010do v\u00e1m umo\u017e\u0148uje prisp\u00f4sobi\u0165 si mesto pod\u013ea svojich predst\u00e1v.<\/li>\n<li>Od obchodn\u00e9ho centra po kozmodr\u00f3m, ka\u017ed\u00e1 \u0161tvr\u0165 poskytuje jedine\u010dn\u00e9 a siln\u00e9 bonusy. Vyberte si, ktor\u00e9 \u0161tvrte chcete postavi\u0165, aby vyhovovali va\u0161im potreb\u00e1m!<\/li>\n<li>Stavajte lep\u0161ie ako va\u0161i s\u00faperi, umiestnite sa strategicky pre svojich spojencov a sta\u0148te sa najlep\u0161ou civiliz\u00e1ciou na Zemi.<\/li>\n<\/ul>\n<p><span class=\"bb_img_ctn\"><video class=\"bb_img\" autoplay muted loop playsinline poster=\"https:\/\/shared.akamai.steamstatic.com\/store_item_assets\/steam\/apps\/289070\/extras\/707bc424c2ed02de5e1fbe93f92fbbf4.poster.avif?t=1740607040\" width=614 height=300 ><source src=\"https:\/\/shared.akamai.steamstatic.com\/store_item_assets\/steam\/apps\/289070\/extras\/707bc424c2ed02de5e1fbe93f92fbbf4.webm?t=1740607040\" type=\"video\/webm; codecs=vp9\"><source src=\"https:\/\/shared.akamai.steamstatic.com\/store_item_assets\/steam\/apps\/289070\/extras\/707bc424c2ed02de5e1fbe93f92fbbf4.mp4?t=1740607040\" type=\"video\/mp4\"><\/video><\/span><br \/><span class=\"bb_img_ctn\"><img decoding=\"async\" class=\"bb_img\" src=\"https:\/\/shared.akamai.steamstatic.com\/store_item_assets\/steam\/apps\/289070\/extras\/333946a2e66e0c1a3f44a3f66bbf8333.webp?t=1740607040\" width=616 height=21 \/><\/span><\/p>\n<ul class=\"bb_ul\">\n<li>Podporte pokrok svojej civiliz\u00e1cie v priebehu hist\u00f3rie a odomknite siln\u00e9 bonusy sk\u00f4r ako ktoko\u013evek in\u00fd! Ak chcete postupova\u0165 r\u00fdchlej\u0161ie, pou\u017eite svoje jednotky na akt\u00edvne presk\u00famavanie, rozvoj svojho prostredia a objavovanie nov\u00fdch kult\u00far.<\/li>\n<li>V\u00fdskum sa neobmedzuje len na vedu. Presk\u00famajte strom Civics a odomknite nov\u00e9 mocn\u00e9 vl\u00e1dy a kult\u00farne politiky.<\/li>\n<li>Rozv\u00edjajte civiliz\u00e1ciu, ktor\u00e1 vyhovuje tvojmu \u0161t\u00fdlu hry, alebo ju zme\u0148 zaka\u017ed\u00fdm, ke\u010f hr\u00e1\u0161!<\/li>\n<\/ul>\n<p><span class=\"bb_img_ctn\"><video class=\"bb_img\" autoplay muted loop playsinline poster=\"https:\/\/shared.akamai.steamstatic.com\/store_item_assets\/steam\/apps\/289070\/extras\/df6f7a770da9e680063cf76e3fe13425.poster.avif?t=1740607040\" width=614 height=300 ><source src=\"https:\/\/shared.akamai.steamstatic.com\/store_item_assets\/steam\/apps\/289070\/extras\/df6f7a770da9e680063cf76e3fe13425.webm?t=1740607040\" type=\"video\/webm; codecs=vp9\"><source src=\"https:\/\/shared.akamai.steamstatic.com\/store_item_assets\/steam\/apps\/289070\/extras\/df6f7a770da9e680063cf76e3fe13425.mp4?t=1740607040\" type=\"video\/mp4\"><\/video><\/span><br \/><span class=\"bb_img_ctn\"><img decoding=\"async\" class=\"bb_img\" src=\"https:\/\/shared.akamai.steamstatic.com\/store_item_assets\/steam\/apps\/289070\/extras\/a250aaad26b26c1ae5cd8410f1652374.webp?t=1740607040\" width=616 height=21 \/><\/span><\/p>\n<ul class=\"bb_ul\">\n<li>Ako hra postupuje, tak aj va\u0161e diplomatick\u00e9 vz\u0165ahy. Od primit\u00edvnych prv\u00fdch interakci\u00ed, kde s\u00fa konflikty samozrejmos\u0165ou, a\u017e po neskor\u00e9 aliancie a rokovania.<\/li>\n<li>Vyu\u017e\u00edva\u0165 vplyv na susedn\u00e9 mestsk\u00e9 \u0161t\u00e1ty, aby ste z\u00edskali ich diplomatick\u00fa lojalitu a bonusy, ktor\u00e9 m\u00f4\u017eu zmeni\u0165 hru.<\/li>\n<li>Najmite \u0161pi\u00f3nov, aby zhroma\u017e\u010fovali d\u00f4le\u017eit\u00e9 inform\u00e1cie o konkuren\u010dn\u00fdch civiliz\u00e1ci\u00e1ch, kradli vz\u00e1cne zdroje a dokonca zvrhli vl\u00e1dy.<\/li>\n<\/ul>\n","protected":false},"excerpt":{"rendered":"<p>Roz\u0161irujte svoju r\u00ed\u0161u, rozv\u00edjajte svoju kult\u00faru a postavte sa proti najv\u00e4\u010d\u0161\u00edm vodcom hist\u00f3rie. Pre\u017eije va\u0161a civiliz\u00e1cia sk\u00fa\u0161ku \u010dasu?<\/p>\n","protected":false},"featured_media":2089,"comment_status":"open","ping_status":"closed","template":"","meta":{"_acf_changed":false},"product_brand":[],"product_cat":[268,266,314,312,318],"product_tag":[],"class_list":{"0":"post-92741","1":"product","2":"type-product","3":"status-publish","4":"has-post-thumbnail","6":"product_cat-pc-sk","7":"product_cat-pc-hry-sk","8":"product_cat-simulatory-pc-hry-sk","9":"product_cat-steam-pc-sk","10":"product_cat-strategie-pc-hry-sk","11":"pa_audio-de-de","12":"pa_audio-en-us","13":"pa_audio-es-es","14":"pa_audio-fr-fr","15":"pa_audio-it-it","16":"pa_audio-ja-jp","17":"pa_audio-ko-kr","18":"pa_audio-pl-pl","19":"pa_audio-ru-ru","20":"pa_audio-zh-cn","21":"pa_audio-zh-tw","23":"pa_countries-ad","24":"pa_countries-al","25":"pa_countries-at","26":"pa_countries-ba","27":"pa_countries-be","28":"pa_countries-bg","29":"pa_countries-by","31":"pa_countries-ch","32":"pa_countries-cy","33":"pa_countries-cz","34":"pa_countries-de","35":"pa_countries-dk","36":"pa_countries-ee","37":"pa_countries-es","38":"pa_countries-fi","39":"pa_countries-fr","40":"pa_countries-gb","41":"pa_countries-ge","42":"pa_countries-gr","43":"pa_countries-hr","44":"pa_countries-hu","45":"pa_countries-ie","46":"pa_countries-is","47":"pa_countries-it","48":"pa_countries-li","49":"pa_countries-lt","50":"pa_countries-lu","51":"pa_countries-lv","52":"pa_countries-mc","53":"pa_countries-md","54":"pa_countries-me","55":"pa_countries-mk","56":"pa_countries-mt","57":"pa_countries-nl","58":"pa_countries-no","59":"pa_countries-pl","60":"pa_countries-pt","61":"pa_countries-ro","62":"pa_countries-rs","63":"pa_countries-se","64":"pa_countries-si","65":"pa_countries-sk","66":"pa_countries-sm","67":"pa_countries-va","68":"pa_developer-firaxis-games","70":"pa_engine-firaxis-lore","72":"pa_franchises-sid-meier","74":"pa_game_type-main_game","76":"pa_genres-simulator","77":"pa_genres-strategy","78":"pa_genres-turn-based-strategy-tbs","80":"pa_interface-de-de","81":"pa_interface-en-us","82":"pa_interface-es-es","83":"pa_interface-fr-fr","84":"pa_interface-it-it","85":"pa_interface-ja-jp","86":"pa_interface-ko-kr","87":"pa_interface-pl-pl","88":"pa_interface-pt-br","89":"pa_interface-pt-pt","91":"pa_interface-ru-ru","92":"pa_interface-zh-cn","93":"pa_interface-zh-tw","94":"pa_keywords-barbarians","95":"pa_keywords-bink-video","96":"pa_keywords-d-i-c-e-awards-2017","97":"pa_keywords-digital-distribution","98":"pa_keywords-game-critics-awards","99":"pa_keywords-management","100":"pa_keywords-steam-achievements","101":"pa_keywords-steam-cloud","102":"pa_keywords-steam-trading-cards","103":"pa_keywords-steam-workshop","104":"pa_keywords-the-game-awards-best-strategy-game-nominee","105":"pa_keywords-the-game-awards-best-strategy-game-winner","106":"pa_keywords-the-game-awards-nominee","108":"pa_keywords-the-game-awards-2016","109":"pa_keywords-turn-based","110":"pa_modes-multiplayer","112":"pa_modes-single-player","113":"pa_pegi-13428","114":"pa_pegi-927","115":"pa_platform-pc-steam","117":"pa_player_perspectives-bird-view-isometric","119":"pa_publisher-2k-games","121":"pa_rating-1233","122":"pa_rating-14487","123":"pa_region-europe","125":"pa_subtitles-de-de","127":"pa_subtitles-en-us","128":"pa_subtitles-es-es","129":"pa_subtitles-fr-fr","130":"pa_subtitles-it-it","131":"pa_subtitles-ja-jp","132":"pa_subtitles-ko-kr","133":"pa_subtitles-pl-pl","134":"pa_subtitles-pt-br","135":"pa_subtitles-ru-ru","136":"pa_subtitles-zh-cn","137":"pa_subtitles-zh-tw","138":"pa_themes-4x-explore","139":"pa_themes-and-exterminate","141":"pa_themes-expand","142":"pa_themes-exploit","143":"pa_themes-fantasy","144":"pa_themes-historical","146":"first","147":"outofstock","148":"virtual","149":"taxable","150":"purchasable","151":"product-type-simple"},"yoast_head":"<!-- This site is optimized with the Yoast SEO plugin v27.3 - https:\/\/yoast.com\/product\/yoast-seo-wordpress\/ -->\n<title>Sid Meier&#039;s Civilization VI | BeGamer.cz<\/title>\n<meta name=\"robots\" content=\"index, follow, max-snippet:-1, max-image-preview:large, max-video-preview:-1\" \/>\n<link rel=\"canonical\" href=\"https:\/\/begamer.cz\/sk\/produkt\/sid-meiers-civilization-vi-sk\/\" \/>\n<meta property=\"og:locale\" content=\"sk_SK\" \/>\n<meta property=\"og:type\" content=\"article\" \/>\n<meta property=\"og:title\" content=\"Sid Meier&#039;s Civilization VI | BeGamer.cz\" \/>\n<meta property=\"og:description\" content=\"Roz\u0161irujte svoju r\u00ed\u0161u, rozv\u00edjajte svoju kult\u00faru a postavte sa proti najv\u00e4\u010d\u0161\u00edm vodcom hist\u00f3rie. Pre\u017eije va\u0161a civiliz\u00e1cia sk\u00fa\u0161ku \u010dasu?\" \/>\n<meta property=\"og:url\" content=\"https:\/\/begamer.cz\/sk\/produkt\/sid-meiers-civilization-vi-sk\/\" \/>\n<meta property=\"og:site_name\" content=\"BeGamer.cz\" \/>\n<meta property=\"article:modified_time\" content=\"2026-03-18T00:37:57+00:00\" \/>\n<meta property=\"og:image\" content=\"https:\/\/begamer.cz\/wp-content\/uploads\/2026\/01\/sid-meiers-civilization-vi-5.webp\" \/>\n\t<meta property=\"og:image:width\" content=\"300\" \/>\n\t<meta property=\"og:image:height\" content=\"400\" \/>\n\t<meta property=\"og:image:type\" content=\"image\/webp\" \/>\n<meta name=\"twitter:card\" content=\"summary_large_image\" \/>\n<meta name=\"twitter:label1\" content=\"Predpokladan\u00fd \u010das \u010d\u00edtania\" \/>\n\t<meta name=\"twitter:data1\" content=\"2 min\u00faty\" \/>\n<script type=\"application\/ld+json\" class=\"yoast-schema-graph\">{\"@context\":\"https:\\\/\\\/schema.org\",\"@graph\":[{\"@type\":\"WebPage\",\"@id\":\"https:\\\/\\\/begamer.cz\\\/sk\\\/produkt\\\/sid-meiers-civilization-vi-sk\\\/\",\"url\":\"https:\\\/\\\/begamer.cz\\\/sk\\\/produkt\\\/sid-meiers-civilization-vi-sk\\\/\",\"name\":\"Sid Meier's Civilization VI | BeGamer.cz\",\"isPartOf\":{\"@id\":\"https:\\\/\\\/begamer.cz\\\/sk\\\/#website\"},\"primaryImageOfPage\":{\"@id\":\"https:\\\/\\\/begamer.cz\\\/sk\\\/produkt\\\/sid-meiers-civilization-vi-sk\\\/#primaryimage\"},\"image\":{\"@id\":\"https:\\\/\\\/begamer.cz\\\/sk\\\/produkt\\\/sid-meiers-civilization-vi-sk\\\/#primaryimage\"},\"thumbnailUrl\":\"https:\\\/\\\/begamer.cz\\\/wp-content\\\/uploads\\\/2026\\\/01\\\/sid-meiers-civilization-vi-5.webp\",\"datePublished\":\"2026-01-30T14:34:50+00:00\",\"dateModified\":\"2026-03-18T00:37:57+00:00\",\"breadcrumb\":{\"@id\":\"https:\\\/\\\/begamer.cz\\\/sk\\\/produkt\\\/sid-meiers-civilization-vi-sk\\\/#breadcrumb\"},\"inLanguage\":\"sk-SK\",\"potentialAction\":[{\"@type\":\"ReadAction\",\"target\":[\"https:\\\/\\\/begamer.cz\\\/sk\\\/produkt\\\/sid-meiers-civilization-vi-sk\\\/\"]}]},{\"@type\":\"ImageObject\",\"inLanguage\":\"sk-SK\",\"@id\":\"https:\\\/\\\/begamer.cz\\\/sk\\\/produkt\\\/sid-meiers-civilization-vi-sk\\\/#primaryimage\",\"url\":\"https:\\\/\\\/begamer.cz\\\/wp-content\\\/uploads\\\/2026\\\/01\\\/sid-meiers-civilization-vi-5.webp\",\"contentUrl\":\"https:\\\/\\\/begamer.cz\\\/wp-content\\\/uploads\\\/2026\\\/01\\\/sid-meiers-civilization-vi-5.webp\",\"width\":300,\"height\":400},{\"@type\":\"BreadcrumbList\",\"@id\":\"https:\\\/\\\/begamer.cz\\\/sk\\\/produkt\\\/sid-meiers-civilization-vi-sk\\\/#breadcrumb\",\"itemListElement\":[{\"@type\":\"ListItem\",\"position\":1,\"name\":\"Domov\",\"item\":\"https:\\\/\\\/begamer.cz\\\/sk\\\/\"},{\"@type\":\"ListItem\",\"position\":2,\"name\":\"Obchod\",\"item\":\"https:\\\/\\\/begamer.cz\\\/obchod\\\/\"},{\"@type\":\"ListItem\",\"position\":3,\"name\":\"Sid Meier&#8217;s Civilization VI\"}]},{\"@type\":\"WebSite\",\"@id\":\"https:\\\/\\\/begamer.cz\\\/sk\\\/#website\",\"url\":\"https:\\\/\\\/begamer.cz\\\/sk\\\/\",\"name\":\"BeGamer.cz\",\"description\":\"\",\"publisher\":{\"@id\":\"https:\\\/\\\/begamer.cz\\\/sk\\\/#organization\"},\"potentialAction\":[{\"@type\":\"SearchAction\",\"target\":{\"@type\":\"EntryPoint\",\"urlTemplate\":\"https:\\\/\\\/begamer.cz\\\/sk\\\/?s={search_term_string}\"},\"query-input\":{\"@type\":\"PropertyValueSpecification\",\"valueRequired\":true,\"valueName\":\"search_term_string\"}}],\"inLanguage\":\"sk-SK\"},{\"@type\":\"Organization\",\"@id\":\"https:\\\/\\\/begamer.cz\\\/sk\\\/#organization\",\"name\":\"BeGamer.cz\",\"url\":\"https:\\\/\\\/begamer.cz\\\/sk\\\/\",\"logo\":{\"@type\":\"ImageObject\",\"inLanguage\":\"sk-SK\",\"@id\":\"https:\\\/\\\/begamer.cz\\\/sk\\\/#\\\/schema\\\/logo\\\/image\\\/\",\"url\":\"https:\\\/\\\/begamer.cz\\\/wp-content\\\/uploads\\\/2025\\\/07\\\/logo.svg\",\"contentUrl\":\"https:\\\/\\\/begamer.cz\\\/wp-content\\\/uploads\\\/2025\\\/07\\\/logo.svg\",\"caption\":\"BeGamer.cz\"},\"image\":{\"@id\":\"https:\\\/\\\/begamer.cz\\\/sk\\\/#\\\/schema\\\/logo\\\/image\\\/\"}}]}<\/script>\n<!-- \/ Yoast SEO plugin. -->","yoast_head_json":{"title":"Sid Meier's Civilization VI | BeGamer.cz","robots":{"index":"index","follow":"follow","max-snippet":"max-snippet:-1","max-image-preview":"max-image-preview:large","max-video-preview":"max-video-preview:-1"},"canonical":"https:\/\/begamer.cz\/sk\/produkt\/sid-meiers-civilization-vi-sk\/","og_locale":"sk_SK","og_type":"article","og_title":"Sid Meier's Civilization VI | BeGamer.cz","og_description":"Roz\u0161irujte svoju r\u00ed\u0161u, rozv\u00edjajte svoju kult\u00faru a postavte sa proti najv\u00e4\u010d\u0161\u00edm vodcom hist\u00f3rie. Pre\u017eije va\u0161a civiliz\u00e1cia sk\u00fa\u0161ku \u010dasu?","og_url":"https:\/\/begamer.cz\/sk\/produkt\/sid-meiers-civilization-vi-sk\/","og_site_name":"BeGamer.cz","article_modified_time":"2026-03-18T00:37:57+00:00","og_image":[{"width":300,"height":400,"url":"https:\/\/begamer.cz\/wp-content\/uploads\/2026\/01\/sid-meiers-civilization-vi-5.webp","type":"image\/webp"}],"twitter_card":"summary_large_image","twitter_misc":{"Predpokladan\u00fd \u010das \u010d\u00edtania":"2 min\u00faty"},"schema":{"@context":"https:\/\/schema.org","@graph":[{"@type":"WebPage","@id":"https:\/\/begamer.cz\/sk\/produkt\/sid-meiers-civilization-vi-sk\/","url":"https:\/\/begamer.cz\/sk\/produkt\/sid-meiers-civilization-vi-sk\/","name":"Sid Meier's Civilization VI | BeGamer.cz","isPartOf":{"@id":"https:\/\/begamer.cz\/sk\/#website"},"primaryImageOfPage":{"@id":"https:\/\/begamer.cz\/sk\/produkt\/sid-meiers-civilization-vi-sk\/#primaryimage"},"image":{"@id":"https:\/\/begamer.cz\/sk\/produkt\/sid-meiers-civilization-vi-sk\/#primaryimage"},"thumbnailUrl":"https:\/\/begamer.cz\/wp-content\/uploads\/2026\/01\/sid-meiers-civilization-vi-5.webp","datePublished":"2026-01-30T14:34:50+00:00","dateModified":"2026-03-18T00:37:57+00:00","breadcrumb":{"@id":"https:\/\/begamer.cz\/sk\/produkt\/sid-meiers-civilization-vi-sk\/#breadcrumb"},"inLanguage":"sk-SK","potentialAction":[{"@type":"ReadAction","target":["https:\/\/begamer.cz\/sk\/produkt\/sid-meiers-civilization-vi-sk\/"]}]},{"@type":"ImageObject","inLanguage":"sk-SK","@id":"https:\/\/begamer.cz\/sk\/produkt\/sid-meiers-civilization-vi-sk\/#primaryimage","url":"https:\/\/begamer.cz\/wp-content\/uploads\/2026\/01\/sid-meiers-civilization-vi-5.webp","contentUrl":"https:\/\/begamer.cz\/wp-content\/uploads\/2026\/01\/sid-meiers-civilization-vi-5.webp","width":300,"height":400},{"@type":"BreadcrumbList","@id":"https:\/\/begamer.cz\/sk\/produkt\/sid-meiers-civilization-vi-sk\/#breadcrumb","itemListElement":[{"@type":"ListItem","position":1,"name":"Domov","item":"https:\/\/begamer.cz\/sk\/"},{"@type":"ListItem","position":2,"name":"Obchod","item":"https:\/\/begamer.cz\/obchod\/"},{"@type":"ListItem","position":3,"name":"Sid Meier&#8217;s Civilization VI"}]},{"@type":"WebSite","@id":"https:\/\/begamer.cz\/sk\/#website","url":"https:\/\/begamer.cz\/sk\/","name":"BeGamer.cz","description":"","publisher":{"@id":"https:\/\/begamer.cz\/sk\/#organization"},"potentialAction":[{"@type":"SearchAction","target":{"@type":"EntryPoint","urlTemplate":"https:\/\/begamer.cz\/sk\/?s={search_term_string}"},"query-input":{"@type":"PropertyValueSpecification","valueRequired":true,"valueName":"search_term_string"}}],"inLanguage":"sk-SK"},{"@type":"Organization","@id":"https:\/\/begamer.cz\/sk\/#organization","name":"BeGamer.cz","url":"https:\/\/begamer.cz\/sk\/","logo":{"@type":"ImageObject","inLanguage":"sk-SK","@id":"https:\/\/begamer.cz\/sk\/#\/schema\/logo\/image\/","url":"https:\/\/begamer.cz\/wp-content\/uploads\/2025\/07\/logo.svg","contentUrl":"https:\/\/begamer.cz\/wp-content\/uploads\/2025\/07\/logo.svg","caption":"BeGamer.cz"},"image":{"@id":"https:\/\/begamer.cz\/sk\/#\/schema\/logo\/image\/"}}]}},"acf":[],"_links":{"self":[{"href":"https:\/\/begamer.cz\/sk\/wp-json\/wp\/v2\/product\/92741","targetHints":{"allow":["GET"]}}],"collection":[{"href":"https:\/\/begamer.cz\/sk\/wp-json\/wp\/v2\/product"}],"about":[{"href":"https:\/\/begamer.cz\/sk\/wp-json\/wp\/v2\/types\/product"}],"replies":[{"embeddable":true,"href":"https:\/\/begamer.cz\/sk\/wp-json\/wp\/v2\/comments?post=92741"}],"wp:featuredmedia":[{"embeddable":true,"href":"https:\/\/begamer.cz\/sk\/wp-json\/wp\/v2\/media\/2089"}],"wp:attachment":[{"href":"https:\/\/begamer.cz\/sk\/wp-json\/wp\/v2\/media?parent=92741"}],"wp:term":[{"taxonomy":"product_brand","embeddable":true,"href":"https:\/\/begamer.cz\/sk\/wp-json\/wp\/v2\/product_brand?post=92741"},{"taxonomy":"product_cat","embeddable":true,"href":"https:\/\/begamer.cz\/sk\/wp-json\/wp\/v2\/product_cat?post=92741"},{"taxonomy":"product_tag","embeddable":true,"href":"https:\/\/begamer.cz\/sk\/wp-json\/wp\/v2\/product_tag?post=92741"}],"curies":[{"name":"wp","href":"https:\/\/api.w.org\/{rel}","templated":true}]}}