{"id":92726,"date":"2026-01-30T15:34:34","date_gmt":"2026-01-30T14:34:34","guid":{"rendered":"https:\/\/begamer.cz\/produkt\/resident-evil-biohazard-hd-remaster-sk\/"},"modified":"2026-03-18T01:35:51","modified_gmt":"2026-03-18T00:35:51","slug":"resident-evil-biohazard-hd-remaster-sk","status":"publish","type":"product","link":"https:\/\/begamer.cz\/sk\/produkt\/resident-evil-biohazard-hd-remaster-sk\/","title":{"rendered":"Resident Evil \/ biohazard HD REMASTER"},"content":{"rendered":"<p>Hra, ktor\u00e1 definovala \u017e\u00e1ner survival hororu, je sp\u00e4\u0165! Pozrite si remastrovan\u00fa HD verziu hry Resident Evil.<\/p>\n<p>V roku 1998 je t\u00edm \u0161peci\u00e1lnych s\u00edl vyslan\u00fd vy\u0161etrova\u0165 bizarn\u00e9 vra\u017edy na okraji mesta Raccoon City. Po pr\u00edchode s\u00fa napadnut\u00ed svorou krvila\u010dn\u00fdch psov a s\u00fa n\u00faten\u00ed ukry\u0165 sa v ne\u010falekom s\u00eddle. Vzduchom v\u0161ak vis\u00ed v\u00f4\u0148a smrti. Z\u00e1soby s\u00fa vz\u00e1cne, zatia\u013e \u010do sa sna\u017eia pre\u017ei\u0165.<\/p>\n<p><u>Grafika<\/u><\/p>\n<ul class=\"bb_ul\">\n<li>Podrobnej\u0161ia grafika, ktor\u00e1 zachov\u00e1va hororov\u00fd charakter.<\/li>\n<li>Prostredie o\u017e\u00edva v\u010faka vylep\u0161en\u00e9mu rozl\u00ed\u0161eniu a nestatick\u00fdm 3D modelom.<\/li>\n<li>Post-processingov\u00e9 efekty, ako napr\u00edklad Bloom filtre, ktor\u00e9 neboli v \u010dase p\u00f4vodn\u00e9ho vydania \u013eahko realizovate\u013en\u00e9, boli pridan\u00e9, aby HD grafika bola e\u0161te realistickej\u0161ia.<\/li>\n<li>Prostredia s vysok\u00fdm rozl\u00ed\u0161en\u00edm &#8211; Zv\u00fd\u0161ili sme rozl\u00ed\u0161enie prostred\u00ed pozadia t\u00fdm, \u017ee sme ich znovu vytvorili kombin\u00e1ciou statick\u00fdch obr\u00e1zkov s vysok\u00fdm rozl\u00ed\u0161en\u00edm a animovan\u00fdch 3D modelov.<\/li>\n<\/ul>\n<p><u>Podpora \u0161irokouhl\u00e9ho zobrazenia<\/u><\/p>\n<ul class=\"bb_ul\">\n<li>\u0160irokouhl\u00fd displej (16:9) je podporovan\u00fd, tak\u017ee hr\u00e1\u010di m\u00f4\u017eu za\u017ei\u0165 v\u00e4\u010d\u0161\u00ed pocit ponorenia sa do hry.<\/li>\n<li>V re\u017eime \u0161irokouhl\u00e9ho displeja sa obrazovka pos\u00fava. \u010casti obrazovky, ktor\u00e9 s\u00fa v hornej a dolnej \u010dasti odrezan\u00e9, sa automaticky pos\u00favaj\u00fa do zobrazenia v z\u00e1vislosti od polohy postavy.<\/li>\n<li>Re\u017eim zobrazenia m\u00f4\u017eete po\u010das hry prep\u00edna\u0165 v re\u00e1lnom \u010dase.<\/li>\n<\/ul>\n<p><u>Zvuk a nov\u00e9 ovl\u00e1dacie prvky<\/u><\/p>\n<ul class=\"bb_ul\">\n<li>Vysokokvalitn\u00fd zvuk \u2013 zvuk bol remastrovan\u00fd s cie\u013eom zv\u00fd\u0161i\u0165 vzorkovaciu frekvenciu a samozrejme je teraz podporovan\u00fd aj v\u00fdstup 5.1ch.<\/li>\n<li>Nov\u00e9 ovl\u00e1dacie prvky<\/li>\n<li>M\u00f4\u017eete hra\u0165 pomocou p\u00f4vodn\u00e9ho sch\u00e9matu ovl\u00e1dania alebo alternat\u00edvneho sch\u00e9matu ovl\u00e1dania, ktor\u00e9 v\u00e1m umo\u017e\u0148uje jednoducho stla\u010di\u0165 anal\u00f3gov\u00fa p\u00e1\u010dku a pohybova\u0165 sa v po\u017eadovanom smere.<\/li>\n<li>Ovl\u00e1danie m\u00f4\u017eete po\u010das hry prep\u00edna\u0165 v re\u00e1lnom \u010dase.<\/li>\n<\/ul>\n","protected":false},"excerpt":{"rendered":"<p>Za\u017eite klasick\u00fd survival horror v hre Resident Evil \/ biohazard HD REMASTER. Vylep\u0161en\u00e1 grafika a zdokonalen\u00e1 hrate\u013enos\u0165 v\u00e1m umo\u017enia odhali\u0165 tajomstvo smrtiacej epid\u00e9mie v s\u00eddle Spencerovcov. Fan\u00fa\u0161ikovia aj nov\u00e1\u010dikovia sa m\u00f4\u017eu te\u0161i\u0165 na nap\u00ednav\u00e9 h\u00e1danky, desiv\u00e9 postavy a pohlcuj\u00facu atmosf\u00e9ru.<\/p>\n","protected":false},"featured_media":1979,"comment_status":"open","ping_status":"closed","template":"","meta":{"_acf_changed":false},"product_brand":[],"product_cat":[268,266,312],"product_tag":[],"class_list":{"0":"post-92726","1":"product","2":"type-product","3":"status-publish","4":"has-post-thumbnail","6":"product_cat-pc-sk","7":"product_cat-pc-hry-sk","8":"product_cat-steam-pc-sk","9":"pa_countries-ad","10":"pa_countries-ae","11":"pa_countries-af","12":"pa_countries-ag","13":"pa_countries-ai","14":"pa_countries-al","15":"pa_countries-am","16":"pa_countries-an","17":"pa_countries-ao","18":"pa_countries-aq","19":"pa_countries-ar","20":"pa_countries-as","21":"pa_countries-at","22":"pa_countries-au","23":"pa_countries-aw","24":"pa_countries-ax","25":"pa_countries-az","26":"pa_countries-ba","27":"pa_countries-bb","28":"pa_countries-bd","29":"pa_countries-be","30":"pa_countries-bf","31":"pa_countries-bg","32":"pa_countries-bh","33":"pa_countries-bi","34":"pa_countries-bj","35":"pa_countries-bl","36":"pa_countries-bm","37":"pa_countries-bn","38":"pa_countries-bo","39":"pa_countries-bq","40":"pa_countries-br","41":"pa_countries-bs","42":"pa_countries-bt","43":"pa_countries-bv","44":"pa_countries-bw","45":"pa_countries-by","46":"pa_countries-bz","47":"pa_countries-ca","48":"pa_countries-cc","49":"pa_countries-cd","50":"pa_countries-cf","51":"pa_countries-cg","52":"pa_countries-ch","53":"pa_countries-ci","54":"pa_countries-ck","55":"pa_countries-cl","56":"pa_countries-cm","57":"pa_countries-cn","58":"pa_countries-co","59":"pa_countries-cr","60":"pa_countries-cs","62":"pa_countries-cu","63":"pa_countries-cv","64":"pa_countries-cw","65":"pa_countries-cx","66":"pa_countries-cy","67":"pa_countries-cz","68":"pa_countries-de","69":"pa_countries-dj","70":"pa_countries-dk","71":"pa_countries-dm","72":"pa_countries-do","73":"pa_countries-dz","74":"pa_countries-ec","75":"pa_countries-ee","76":"pa_countries-eg","77":"pa_countries-eh","78":"pa_countries-er","79":"pa_countries-es","80":"pa_countries-et","81":"pa_countries-fi","82":"pa_countries-fj","83":"pa_countries-fk","84":"pa_countries-fm","85":"pa_countries-fo","86":"pa_countries-fr","87":"pa_countries-ga","88":"pa_countries-gb","89":"pa_countries-gd","90":"pa_countries-ge","91":"pa_countries-gf","92":"pa_countries-gg","93":"pa_countries-gh","94":"pa_countries-gi","95":"pa_countries-gl","96":"pa_countries-gm","97":"pa_countries-gn","98":"pa_countries-gp","99":"pa_countries-gq","100":"pa_countries-gr","101":"pa_countries-gs","102":"pa_countries-gt","103":"pa_countries-gu","104":"pa_countries-gw","105":"pa_countries-gy","106":"pa_countries-hk","107":"pa_countries-hm","108":"pa_countries-hn","109":"pa_countries-hr","110":"pa_countries-ht","111":"pa_countries-hu","112":"pa_countries-id","113":"pa_countries-ie","114":"pa_countries-il","115":"pa_countries-im","116":"pa_countries-in","117":"pa_countries-io","118":"pa_countries-iq","119":"pa_countries-ir","120":"pa_countries-is","121":"pa_countries-it","122":"pa_countries-je","123":"pa_countries-jm","124":"pa_countries-jo","125":"pa_countries-ke","126":"pa_countries-kg","127":"pa_countries-kh","128":"pa_countries-ki","129":"pa_countries-km","130":"pa_countries-kn","131":"pa_countries-kp","132":"pa_countries-kr","133":"pa_countries-kw","134":"pa_countries-ky","135":"pa_countries-kz","136":"pa_countries-la","137":"pa_countries-lb","138":"pa_countries-lc","139":"pa_countries-li","140":"pa_countries-lk","141":"pa_countries-lr","142":"pa_countries-ls","143":"pa_countries-lt","144":"pa_countries-lu","145":"pa_countries-lv","146":"pa_countries-ly","147":"pa_countries-ma","148":"pa_countries-mc","149":"pa_countries-md","150":"pa_countries-me","151":"pa_countries-mf","152":"pa_countries-mg","153":"pa_countries-mh","154":"pa_countries-mk","155":"pa_countries-ml","156":"pa_countries-mm","157":"pa_countries-mn","158":"pa_countries-mo","159":"pa_countries-mp","160":"pa_countries-mq","161":"pa_countries-mr","162":"pa_countries-ms","163":"pa_countries-mt","164":"pa_countries-mu","165":"pa_countries-mv","166":"pa_countries-mw","167":"pa_countries-mx","168":"pa_countries-my","169":"pa_countries-mz","170":"pa_countries-na","171":"pa_countries-nc","172":"pa_countries-ne","173":"pa_countries-nf","174":"pa_countries-ng","175":"pa_countries-ni","176":"pa_countries-nl","177":"pa_countries-no","178":"pa_countries-np","179":"pa_countries-nr","180":"pa_countries-nu","181":"pa_countries-nz","182":"pa_countries-om","183":"pa_countries-pa","184":"pa_countries-pe","185":"pa_countries-pf","186":"pa_countries-pg","187":"pa_countries-ph","188":"pa_countries-pk","189":"pa_countries-pl","190":"pa_countries-pm","191":"pa_countries-pn","192":"pa_countries-pr","193":"pa_countries-ps","194":"pa_countries-pt","195":"pa_countries-pw","196":"pa_countries-py","197":"pa_countries-qa","198":"pa_countries-re","199":"pa_countries-ro","200":"pa_countries-rs","201":"pa_countries-rw","202":"pa_countries-sa","203":"pa_countries-sb","204":"pa_countries-sc","205":"pa_countries-sd","206":"pa_countries-se","207":"pa_countries-sg","208":"pa_countries-sh","209":"pa_countries-si","210":"pa_countries-sj","211":"pa_countries-sk","212":"pa_countries-sl","213":"pa_countries-sm","214":"pa_countries-sn","215":"pa_countries-so","216":"pa_countries-sr","217":"pa_countries-ss","218":"pa_countries-st","219":"pa_countries-sv","220":"pa_countries-sx","221":"pa_countries-sy","222":"pa_countries-sz","223":"pa_countries-tc","224":"pa_countries-td","225":"pa_countries-tf","226":"pa_countries-tg","227":"pa_countries-th","228":"pa_countries-tj","229":"pa_countries-tk","230":"pa_countries-tl","231":"pa_countries-tm","232":"pa_countries-tn","233":"pa_countries-to","234":"pa_countries-tr","235":"pa_countries-tt","236":"pa_countries-tv","237":"pa_countries-tw","238":"pa_countries-tz","239":"pa_countries-ua","240":"pa_countries-ug","241":"pa_countries-um","242":"pa_countries-us","243":"pa_countries-uy","244":"pa_countries-uz","245":"pa_countries-va","246":"pa_countries-vc","247":"pa_countries-ve","248":"pa_countries-vg","249":"pa_countries-vi","250":"pa_countries-vn","251":"pa_countries-vu","252":"pa_countries-wf","253":"pa_countries-ws","254":"pa_countries-xk","255":"pa_countries-ye","256":"pa_countries-yt","257":"pa_countries-za","258":"pa_countries-zm","259":"pa_countries-zw","260":"pa_countries-zz","262":"pa_game_type-main_game","264":"pa_pegi-13434","265":"pa_pegi-1097","266":"pa_platform-pc-steam","268":"pa_rating-1009","269":"pa_rating-14464","270":"pa_region-global","273":"first","274":"outofstock","275":"virtual","276":"taxable","277":"purchasable","278":"product-type-simple"},"yoast_head":"<!-- This site is optimized with the Yoast SEO plugin v27.3 - https:\/\/yoast.com\/product\/yoast-seo-wordpress\/ -->\n<title>Resident Evil \/ biohazard HD REMASTER | BeGamer.cz<\/title>\n<meta name=\"robots\" content=\"index, follow, max-snippet:-1, max-image-preview:large, max-video-preview:-1\" \/>\n<link rel=\"canonical\" href=\"https:\/\/begamer.cz\/sk\/produkt\/resident-evil-biohazard-hd-remaster-sk\/\" \/>\n<meta property=\"og:locale\" content=\"sk_SK\" \/>\n<meta property=\"og:type\" content=\"article\" \/>\n<meta property=\"og:title\" content=\"Resident Evil \/ biohazard HD REMASTER | BeGamer.cz\" \/>\n<meta property=\"og:description\" content=\"Za\u017eite klasick\u00fd survival horror v hre Resident Evil \/ biohazard HD REMASTER. Vylep\u0161en\u00e1 grafika a zdokonalen\u00e1 hrate\u013enos\u0165 v\u00e1m umo\u017enia odhali\u0165 tajomstvo smrtiacej epid\u00e9mie v s\u00eddle Spencerovcov. Fan\u00fa\u0161ikovia aj nov\u00e1\u010dikovia sa m\u00f4\u017eu te\u0161i\u0165 na nap\u00ednav\u00e9 h\u00e1danky, desiv\u00e9 postavy a pohlcuj\u00facu atmosf\u00e9ru.\" \/>\n<meta property=\"og:url\" content=\"https:\/\/begamer.cz\/sk\/produkt\/resident-evil-biohazard-hd-remaster-sk\/\" \/>\n<meta property=\"og:site_name\" content=\"BeGamer.cz\" \/>\n<meta property=\"article:modified_time\" content=\"2026-03-18T00:35:51+00:00\" \/>\n<meta property=\"og:image\" content=\"https:\/\/begamer.cz\/wp-content\/uploads\/2026\/01\/resident-evil-biohazard-hd-remaster.webp\" \/>\n\t<meta property=\"og:image:width\" content=\"300\" \/>\n\t<meta property=\"og:image:height\" content=\"400\" \/>\n\t<meta property=\"og:image:type\" content=\"image\/webp\" \/>\n<meta name=\"twitter:card\" content=\"summary_large_image\" \/>\n<meta name=\"twitter:label1\" content=\"Predpokladan\u00fd \u010das \u010d\u00edtania\" \/>\n\t<meta name=\"twitter:data1\" content=\"2 min\u00faty\" \/>\n<script type=\"application\/ld+json\" class=\"yoast-schema-graph\">{\"@context\":\"https:\\\/\\\/schema.org\",\"@graph\":[{\"@type\":\"WebPage\",\"@id\":\"https:\\\/\\\/begamer.cz\\\/sk\\\/produkt\\\/resident-evil-biohazard-hd-remaster-sk\\\/\",\"url\":\"https:\\\/\\\/begamer.cz\\\/sk\\\/produkt\\\/resident-evil-biohazard-hd-remaster-sk\\\/\",\"name\":\"Resident Evil \\\/ biohazard HD REMASTER | BeGamer.cz\",\"isPartOf\":{\"@id\":\"https:\\\/\\\/begamer.cz\\\/sk\\\/#website\"},\"primaryImageOfPage\":{\"@id\":\"https:\\\/\\\/begamer.cz\\\/sk\\\/produkt\\\/resident-evil-biohazard-hd-remaster-sk\\\/#primaryimage\"},\"image\":{\"@id\":\"https:\\\/\\\/begamer.cz\\\/sk\\\/produkt\\\/resident-evil-biohazard-hd-remaster-sk\\\/#primaryimage\"},\"thumbnailUrl\":\"https:\\\/\\\/begamer.cz\\\/wp-content\\\/uploads\\\/2026\\\/01\\\/resident-evil-biohazard-hd-remaster.webp\",\"datePublished\":\"2026-01-30T14:34:34+00:00\",\"dateModified\":\"2026-03-18T00:35:51+00:00\",\"breadcrumb\":{\"@id\":\"https:\\\/\\\/begamer.cz\\\/sk\\\/produkt\\\/resident-evil-biohazard-hd-remaster-sk\\\/#breadcrumb\"},\"inLanguage\":\"sk-SK\",\"potentialAction\":[{\"@type\":\"ReadAction\",\"target\":[\"https:\\\/\\\/begamer.cz\\\/sk\\\/produkt\\\/resident-evil-biohazard-hd-remaster-sk\\\/\"]}]},{\"@type\":\"ImageObject\",\"inLanguage\":\"sk-SK\",\"@id\":\"https:\\\/\\\/begamer.cz\\\/sk\\\/produkt\\\/resident-evil-biohazard-hd-remaster-sk\\\/#primaryimage\",\"url\":\"https:\\\/\\\/begamer.cz\\\/wp-content\\\/uploads\\\/2026\\\/01\\\/resident-evil-biohazard-hd-remaster.webp\",\"contentUrl\":\"https:\\\/\\\/begamer.cz\\\/wp-content\\\/uploads\\\/2026\\\/01\\\/resident-evil-biohazard-hd-remaster.webp\",\"width\":300,\"height\":400},{\"@type\":\"BreadcrumbList\",\"@id\":\"https:\\\/\\\/begamer.cz\\\/sk\\\/produkt\\\/resident-evil-biohazard-hd-remaster-sk\\\/#breadcrumb\",\"itemListElement\":[{\"@type\":\"ListItem\",\"position\":1,\"name\":\"Domov\",\"item\":\"https:\\\/\\\/begamer.cz\\\/sk\\\/\"},{\"@type\":\"ListItem\",\"position\":2,\"name\":\"Obchod\",\"item\":\"https:\\\/\\\/begamer.cz\\\/obchod\\\/\"},{\"@type\":\"ListItem\",\"position\":3,\"name\":\"Resident Evil \\\/ biohazard HD REMASTER\"}]},{\"@type\":\"WebSite\",\"@id\":\"https:\\\/\\\/begamer.cz\\\/sk\\\/#website\",\"url\":\"https:\\\/\\\/begamer.cz\\\/sk\\\/\",\"name\":\"BeGamer.cz\",\"description\":\"\",\"publisher\":{\"@id\":\"https:\\\/\\\/begamer.cz\\\/sk\\\/#organization\"},\"potentialAction\":[{\"@type\":\"SearchAction\",\"target\":{\"@type\":\"EntryPoint\",\"urlTemplate\":\"https:\\\/\\\/begamer.cz\\\/sk\\\/?s={search_term_string}\"},\"query-input\":{\"@type\":\"PropertyValueSpecification\",\"valueRequired\":true,\"valueName\":\"search_term_string\"}}],\"inLanguage\":\"sk-SK\"},{\"@type\":\"Organization\",\"@id\":\"https:\\\/\\\/begamer.cz\\\/sk\\\/#organization\",\"name\":\"BeGamer.cz\",\"url\":\"https:\\\/\\\/begamer.cz\\\/sk\\\/\",\"logo\":{\"@type\":\"ImageObject\",\"inLanguage\":\"sk-SK\",\"@id\":\"https:\\\/\\\/begamer.cz\\\/sk\\\/#\\\/schema\\\/logo\\\/image\\\/\",\"url\":\"https:\\\/\\\/begamer.cz\\\/wp-content\\\/uploads\\\/2025\\\/07\\\/logo.svg\",\"contentUrl\":\"https:\\\/\\\/begamer.cz\\\/wp-content\\\/uploads\\\/2025\\\/07\\\/logo.svg\",\"caption\":\"BeGamer.cz\"},\"image\":{\"@id\":\"https:\\\/\\\/begamer.cz\\\/sk\\\/#\\\/schema\\\/logo\\\/image\\\/\"}}]}<\/script>\n<!-- \/ Yoast SEO plugin. -->","yoast_head_json":{"title":"Resident Evil \/ biohazard HD REMASTER | BeGamer.cz","robots":{"index":"index","follow":"follow","max-snippet":"max-snippet:-1","max-image-preview":"max-image-preview:large","max-video-preview":"max-video-preview:-1"},"canonical":"https:\/\/begamer.cz\/sk\/produkt\/resident-evil-biohazard-hd-remaster-sk\/","og_locale":"sk_SK","og_type":"article","og_title":"Resident Evil \/ biohazard HD REMASTER | BeGamer.cz","og_description":"Za\u017eite klasick\u00fd survival horror v hre Resident Evil \/ biohazard HD REMASTER. Vylep\u0161en\u00e1 grafika a zdokonalen\u00e1 hrate\u013enos\u0165 v\u00e1m umo\u017enia odhali\u0165 tajomstvo smrtiacej epid\u00e9mie v s\u00eddle Spencerovcov. Fan\u00fa\u0161ikovia aj nov\u00e1\u010dikovia sa m\u00f4\u017eu te\u0161i\u0165 na nap\u00ednav\u00e9 h\u00e1danky, desiv\u00e9 postavy a pohlcuj\u00facu atmosf\u00e9ru.","og_url":"https:\/\/begamer.cz\/sk\/produkt\/resident-evil-biohazard-hd-remaster-sk\/","og_site_name":"BeGamer.cz","article_modified_time":"2026-03-18T00:35:51+00:00","og_image":[{"width":300,"height":400,"url":"https:\/\/begamer.cz\/wp-content\/uploads\/2026\/01\/resident-evil-biohazard-hd-remaster.webp","type":"image\/webp"}],"twitter_card":"summary_large_image","twitter_misc":{"Predpokladan\u00fd \u010das \u010d\u00edtania":"2 min\u00faty"},"schema":{"@context":"https:\/\/schema.org","@graph":[{"@type":"WebPage","@id":"https:\/\/begamer.cz\/sk\/produkt\/resident-evil-biohazard-hd-remaster-sk\/","url":"https:\/\/begamer.cz\/sk\/produkt\/resident-evil-biohazard-hd-remaster-sk\/","name":"Resident Evil \/ biohazard HD REMASTER | BeGamer.cz","isPartOf":{"@id":"https:\/\/begamer.cz\/sk\/#website"},"primaryImageOfPage":{"@id":"https:\/\/begamer.cz\/sk\/produkt\/resident-evil-biohazard-hd-remaster-sk\/#primaryimage"},"image":{"@id":"https:\/\/begamer.cz\/sk\/produkt\/resident-evil-biohazard-hd-remaster-sk\/#primaryimage"},"thumbnailUrl":"https:\/\/begamer.cz\/wp-content\/uploads\/2026\/01\/resident-evil-biohazard-hd-remaster.webp","datePublished":"2026-01-30T14:34:34+00:00","dateModified":"2026-03-18T00:35:51+00:00","breadcrumb":{"@id":"https:\/\/begamer.cz\/sk\/produkt\/resident-evil-biohazard-hd-remaster-sk\/#breadcrumb"},"inLanguage":"sk-SK","potentialAction":[{"@type":"ReadAction","target":["https:\/\/begamer.cz\/sk\/produkt\/resident-evil-biohazard-hd-remaster-sk\/"]}]},{"@type":"ImageObject","inLanguage":"sk-SK","@id":"https:\/\/begamer.cz\/sk\/produkt\/resident-evil-biohazard-hd-remaster-sk\/#primaryimage","url":"https:\/\/begamer.cz\/wp-content\/uploads\/2026\/01\/resident-evil-biohazard-hd-remaster.webp","contentUrl":"https:\/\/begamer.cz\/wp-content\/uploads\/2026\/01\/resident-evil-biohazard-hd-remaster.webp","width":300,"height":400},{"@type":"BreadcrumbList","@id":"https:\/\/begamer.cz\/sk\/produkt\/resident-evil-biohazard-hd-remaster-sk\/#breadcrumb","itemListElement":[{"@type":"ListItem","position":1,"name":"Domov","item":"https:\/\/begamer.cz\/sk\/"},{"@type":"ListItem","position":2,"name":"Obchod","item":"https:\/\/begamer.cz\/obchod\/"},{"@type":"ListItem","position":3,"name":"Resident Evil \/ biohazard HD REMASTER"}]},{"@type":"WebSite","@id":"https:\/\/begamer.cz\/sk\/#website","url":"https:\/\/begamer.cz\/sk\/","name":"BeGamer.cz","description":"","publisher":{"@id":"https:\/\/begamer.cz\/sk\/#organization"},"potentialAction":[{"@type":"SearchAction","target":{"@type":"EntryPoint","urlTemplate":"https:\/\/begamer.cz\/sk\/?s={search_term_string}"},"query-input":{"@type":"PropertyValueSpecification","valueRequired":true,"valueName":"search_term_string"}}],"inLanguage":"sk-SK"},{"@type":"Organization","@id":"https:\/\/begamer.cz\/sk\/#organization","name":"BeGamer.cz","url":"https:\/\/begamer.cz\/sk\/","logo":{"@type":"ImageObject","inLanguage":"sk-SK","@id":"https:\/\/begamer.cz\/sk\/#\/schema\/logo\/image\/","url":"https:\/\/begamer.cz\/wp-content\/uploads\/2025\/07\/logo.svg","contentUrl":"https:\/\/begamer.cz\/wp-content\/uploads\/2025\/07\/logo.svg","caption":"BeGamer.cz"},"image":{"@id":"https:\/\/begamer.cz\/sk\/#\/schema\/logo\/image\/"}}]}},"acf":[],"_links":{"self":[{"href":"https:\/\/begamer.cz\/sk\/wp-json\/wp\/v2\/product\/92726","targetHints":{"allow":["GET"]}}],"collection":[{"href":"https:\/\/begamer.cz\/sk\/wp-json\/wp\/v2\/product"}],"about":[{"href":"https:\/\/begamer.cz\/sk\/wp-json\/wp\/v2\/types\/product"}],"replies":[{"embeddable":true,"href":"https:\/\/begamer.cz\/sk\/wp-json\/wp\/v2\/comments?post=92726"}],"wp:featuredmedia":[{"embeddable":true,"href":"https:\/\/begamer.cz\/sk\/wp-json\/wp\/v2\/media\/1979"}],"wp:attachment":[{"href":"https:\/\/begamer.cz\/sk\/wp-json\/wp\/v2\/media?parent=92726"}],"wp:term":[{"taxonomy":"product_brand","embeddable":true,"href":"https:\/\/begamer.cz\/sk\/wp-json\/wp\/v2\/product_brand?post=92726"},{"taxonomy":"product_cat","embeddable":true,"href":"https:\/\/begamer.cz\/sk\/wp-json\/wp\/v2\/product_cat?post=92726"},{"taxonomy":"product_tag","embeddable":true,"href":"https:\/\/begamer.cz\/sk\/wp-json\/wp\/v2\/product_tag?post=92726"}],"curies":[{"name":"wp","href":"https:\/\/api.w.org\/{rel}","templated":true}]}}