{"id":113181,"date":"2026-03-30T09:28:49","date_gmt":"2026-03-30T07:28:49","guid":{"rendered":"https:\/\/begamer.cz\/produkt\/frostpunk-the-last-autumn-sk\/"},"modified":"2026-03-30T09:28:49","modified_gmt":"2026-03-30T07:28:49","slug":"frostpunk-the-last-autumn-sk","status":"publish","type":"product","link":"https:\/\/begamer.cz\/sk\/produkt\/frostpunk-the-last-autumn-sk\/","title":{"rendered":"Frostpunk: The Last Autumn"},"content":{"rendered":"<p><span class=\"bb_img_ctn\"><img decoding=\"async\" class=\"bb_img\" src=\"https:\/\/shared.akamai.steamstatic.com\/store_item_assets\/steam\/apps\/1146960\/extras\/296425c2ed2758e55dc7cd7381fc321a.avif?t=1727865885\" width=620 height=176 \/><\/span><\/p>\n<p>V predch\u00e1dzaj\u00facom roz\u0161\u00edren\u00ed s n\u00e1zvom The Last Autumn sa dozviete o tragickom zvrate udalost\u00ed, ktor\u00fd viedol k vzniku pochm\u00farneho sveta hry Frostpunk. Toto roz\u0161\u00edrenie v\u00fdrazne roz\u0161iruje vesm\u00edr hry Frostpunk o \u00faplne nov\u00fd scen\u00e1r a prin\u00e1\u0161a z\u00e1rove\u0148 nov\u00e9 hern\u00e9 mechaniky, ktor\u00e9 menia hru, jedine\u010dn\u00fa architekt\u00faru a prehlbuje bohat\u00fa mytol\u00f3giu a pr\u00edbeh hry.<\/p>\n<p><span class=\"bb_img_ctn\"><video class=\"bb_img\" autoplay muted loop playsinline poster=\"https:\/\/shared.akamai.steamstatic.com\/store_item_assets\/steam\/apps\/1146960\/extras\/bae2c05af34fc6c3c40231c2a2917c2f.poster.avif?t=1727865885\" width=616 height=176 ><source src=\"https:\/\/shared.akamai.steamstatic.com\/store_item_assets\/steam\/apps\/1146960\/extras\/bae2c05af34fc6c3c40231c2a2917c2f.webm?t=1727865885\" type=\"video\/webm; codecs=vp9\"><source src=\"https:\/\/shared.akamai.steamstatic.com\/store_item_assets\/steam\/apps\/1146960\/extras\/bae2c05af34fc6c3c40231c2a2917c2f.mp4?t=1727865885\" type=\"video\/mp4\"><\/video><\/span><\/p>\n<h2 class=\"bb_tag\" >O roz\u0161\u00edren\u00ed:<\/h2>\n<p>The Last Autumn je zlomov\u00fdm bodom vo svete hry Frostpunk. Toto predch\u00e1dzaj\u00face roz\u0161\u00edrenie odha\u013euje nepokojn\u00e9 udalosti na mieste 113 a jeho boj o vybudovanie gener\u00e1tora sk\u00f4r, ne\u017e Zem zahal\u00ed mraziv\u00fd z\u00e1voj. Roz\u0161iruje svet hry Frostpunk zaveden\u00edm nov\u00e9ho prostredia, nov\u00fdch Kn\u00edh z\u00e1konov a jedine\u010dn\u00fdch technol\u00f3gi\u00ed a pon\u00faka cel\u00fd rad nov\u00fdch budov \u2013 to v\u0161etko v\u00e1m umo\u017en\u00ed formova\u0165 spolo\u010dnos\u0165 a mesto netradi\u010dn\u00fdmi sp\u00f4sobmi. Vedenie skupiny in\u017einierov pracuj\u00facich na jednom z najv\u00e4\u010d\u0161\u00edch technologick\u00fdch z\u00e1zrakov sveta \u2013 gener\u00e1tore \u2013 si bude vy\u017eadova\u0165 prisp\u00f4sobenie va\u0161ej strat\u00e9gie mimoriadnym situ\u00e1ci\u00e1m. Ako vodca lokality 113 d\u00fafajte v to najlep\u0161ie, ale pripravte sa na to najhor\u0161ie. Za kr\u00e1\u013eovn\u00fa a vlas\u0165!<\/p>\n<p><span class=\"bb_img_ctn\"><video class=\"bb_img\" autoplay muted loop playsinline poster=\"https:\/\/shared.akamai.steamstatic.com\/store_item_assets\/steam\/apps\/1146960\/extras\/c613ca1519b37218624fdf20e5555096.poster.avif?t=1727865885\" width=616 height=176 ><source src=\"https:\/\/shared.akamai.steamstatic.com\/store_item_assets\/steam\/apps\/1146960\/extras\/c613ca1519b37218624fdf20e5555096.webm?t=1727865885\" type=\"video\/webm; codecs=vp9\"><source src=\"https:\/\/shared.akamai.steamstatic.com\/store_item_assets\/steam\/apps\/1146960\/extras\/c613ca1519b37218624fdf20e5555096.mp4?t=1727865885\" type=\"video\/mp4\"><\/video><\/span><\/p>\n<h2 class=\"bb_tag\" >The Last Autumn \u2013 vlastnosti:<\/h2>\n<ul class=\"bb_ul\">\n<li>Predch\u00e1dzaj\u00faci pr\u00edbeh zasaden\u00fd do nov\u00e9ho prostredia, ktor\u00e9 e\u0161te nie je pokryt\u00e9 snehom, umo\u017e\u0148uje hr\u00e1\u010dom postavi\u0165 gener\u00e1tor od z\u00e1kladov, aby pripravili svoju spolo\u010dnos\u0165 na nadch\u00e1dzaj\u00facu zimu.<\/li>\n<li>Nov\u00e1 varianta nekone\u010dn\u00e9ho re\u017eimu \u2013 Builders \u2013 ktor\u00e1 redefinuje v\u00fdzvy, ktor\u00fdm bud\u00fa hr\u00e1\u010di \u010deli\u0165, t\u00fdm, \u017ee pon\u00faka r\u00f4zne nastavenia a rie\u0161enia.<\/li>\n<li>Dve nov\u00e9 Knihy z\u00e1konov, ktor\u00e9 hr\u00e1\u010dom umo\u017e\u0148uj\u00fa formova\u0165 svoju spolo\u010dnos\u0165 doteraz nepoznan\u00fdmi sp\u00f4sobmi.<\/li>\n<li>Nov\u00e9 hrozby a probl\u00e9my, s ktor\u00fdmi sa treba vysporiada\u0165, ako s\u00fa toxick\u00e9 plyny a \u0161trajkuj\u00faci robotn\u00edci.<\/li>\n<li>Ovplyv\u0148ujte spolo\u010dnos\u0165 kreat\u00edvnymi nov\u00fdmi sp\u00f4sobmi, od zakladania odborov a\u017e po otvoren\u00fa manipul\u00e1ciu.<\/li>\n<li>Nov\u00fd technologick\u00fd strom, vyn\u00e1lezy, ktor\u00e9 treba objavi\u0165, a zdroje, ktor\u00e9 treba z\u00edska\u0165.<\/li>\n<li>25 nov\u00fdch budov na v\u00fdstavbu, ako s\u00fa doky, telegrafn\u00e1 stanica, budova odborov a \u010fal\u0161ie.<\/li>\n<li>Nov\u00e9 soci\u00e1lne triedy vr\u00e1tane trestancov \u2013 lacnej a poslu\u0161nej pracovnej sily.<\/li>\n<\/ul>\n<p><span class=\"bb_img_ctn\"><video class=\"bb_img\" autoplay muted loop playsinline poster=\"https:\/\/shared.akamai.steamstatic.com\/store_item_assets\/steam\/apps\/1146960\/extras\/986b15546bb93b7a60876826f8e5f26a.poster.avif?t=1727865885\" width=616 height=176 ><source src=\"https:\/\/shared.akamai.steamstatic.com\/store_item_assets\/steam\/apps\/1146960\/extras\/986b15546bb93b7a60876826f8e5f26a.webm?t=1727865885\" type=\"video\/webm; codecs=vp9\"><source src=\"https:\/\/shared.akamai.steamstatic.com\/store_item_assets\/steam\/apps\/1146960\/extras\/986b15546bb93b7a60876826f8e5f26a.mp4?t=1727865885\" type=\"video\/mp4\"><\/video><\/span><\/p>\n<p><strong>TOTO ROZ\u0160\u00cdRENIE JE S\u00da\u010cAS\u0164OU OFICI\u00c1LNEHO SEZ\u00d3NNEHO PREUKAZU FROSTPUNK<\/strong> Ofici\u00e1lny<\/p>\n<p><strong>sez\u00f3nny preukaz<\/strong> pre hru Frostpunk je u\u017e k dispoz\u00edcii a je kompletn\u00fd! Poskytuje v\u00e1m pr\u00edstup ku v\u0161etk\u00e9mu dodato\u010dn\u00e9mu obsahu, ktor\u00fd bol pre hru vydan\u00fd od jej premi\u00e9ry, vr\u00e1tane troch roz\u0161\u00edren\u00ed (<strong>The Last Autumn<\/strong>, <strong>On The Edge<\/strong> a <strong>The Rifts<\/strong>), ktor\u00e9 v\u00fdrazne roz\u0161iruj\u00fa hlavn\u00fd pr\u00edbeh a vypl\u0148uj\u00fa mnoh\u00e9 medzery vo svete hry. A \u010do viac, ke\u010f hru dohr\u00e1te, budete si m\u00f4c\u0165 odd\u00fdchnu\u0165 pri po\u010d\u00favan\u00ed <strong>digit\u00e1lneho soundtracku<\/strong> s orchestr\u00e1lnou hudbou alebo sa dozvedie\u0165 viac o svete v exkluz\u00edvnej <strong>digit\u00e1lnej knihe umenia<\/strong>.<\/p>\n","protected":false},"excerpt":{"rendered":"<p>Doplnok \u201eThe Last Autumn\u201c v\u00fdrazne roz\u0161iruje svet hry Frostpunk o \u00faplne nov\u00fd scen\u00e1r, revolu\u010dn\u00e9 hern\u00e9 mechaniky a jedine\u010dn\u00fa architekt\u00faru, pri\u010dom z\u00e1rove\u0148 obohacuje pr\u00edbeh a pozadie hry.<\/p>\n","protected":false},"featured_media":113178,"comment_status":"open","ping_status":"closed","template":"","meta":{"_acf_changed":false},"product_brand":[],"product_cat":[268,266,314,312,318],"product_tag":[],"class_list":{"0":"post-113181","1":"product","2":"type-product","3":"status-publish","4":"has-post-thumbnail","6":"product_cat-pc-sk","7":"product_cat-pc-hry-sk","8":"product_cat-simulatory-pc-hry-sk","9":"product_cat-steam-pc-sk","10":"product_cat-strategie-pc-hry-sk","11":"pa_audio-en-us","13":"pa_countries-ad","14":"pa_countries-ae","15":"pa_countries-af","16":"pa_countries-ag","17":"pa_countries-ai","18":"pa_countries-al","19":"pa_countries-am","20":"pa_countries-ao","21":"pa_countries-aq","22":"pa_countries-ar","23":"pa_countries-as","24":"pa_countries-at","25":"pa_countries-au","26":"pa_countries-aw","27":"pa_countries-ax","28":"pa_countries-az","29":"pa_countries-ba","30":"pa_countries-bb","31":"pa_countries-bd","32":"pa_countries-be","33":"pa_countries-bf","34":"pa_countries-bg","35":"pa_countries-bh","36":"pa_countries-bi","37":"pa_countries-bj","38":"pa_countries-bl","39":"pa_countries-bm","40":"pa_countries-bn","41":"pa_countries-bo","42":"pa_countries-bq","43":"pa_countries-br","44":"pa_countries-bs","45":"pa_countries-bt","46":"pa_countries-bv","47":"pa_countries-bw","48":"pa_countries-bz","49":"pa_countries-ca","50":"pa_countries-cc","51":"pa_countries-cd","52":"pa_countries-cf","53":"pa_countries-cg","54":"pa_countries-ch","55":"pa_countries-ci","56":"pa_countries-ck","57":"pa_countries-cl","58":"pa_countries-cm","59":"pa_countries-cn","60":"pa_countries-co","61":"pa_countries-cr","62":"pa_countries-cu","63":"pa_countries-cv","64":"pa_countries-cw","65":"pa_countries-cx","66":"pa_countries-cy","67":"pa_countries-cz","68":"pa_countries-de","69":"pa_countries-dj","70":"pa_countries-dk","71":"pa_countries-dm","72":"pa_countries-do","73":"pa_countries-dz","74":"pa_countries-ec","75":"pa_countries-ee","76":"pa_countries-eg","77":"pa_countries-eh","78":"pa_countries-er","79":"pa_countries-es","80":"pa_countries-et","81":"pa_countries-fi","82":"pa_countries-fj","83":"pa_countries-fk","84":"pa_countries-fm","85":"pa_countries-fo","86":"pa_countries-fr","87":"pa_countries-ga","88":"pa_countries-gb","89":"pa_countries-gd","90":"pa_countries-ge","91":"pa_countries-gf","92":"pa_countries-gg","93":"pa_countries-gh","94":"pa_countries-gi","95":"pa_countries-gl","96":"pa_countries-gm","97":"pa_countries-gn","98":"pa_countries-gp","99":"pa_countries-gq","100":"pa_countries-gr","101":"pa_countries-gs","102":"pa_countries-gt","103":"pa_countries-gu","104":"pa_countries-gw","105":"pa_countries-gy","106":"pa_countries-hk","107":"pa_countries-hm","108":"pa_countries-hn","109":"pa_countries-hr","110":"pa_countries-ht","111":"pa_countries-hu","112":"pa_countries-id","113":"pa_countries-ie","114":"pa_countries-il","115":"pa_countries-im","116":"pa_countries-in","117":"pa_countries-io","118":"pa_countries-iq","119":"pa_countries-ir","120":"pa_countries-is","121":"pa_countries-it","122":"pa_countries-je","123":"pa_countries-jm","124":"pa_countries-jo","125":"pa_countries-jp","126":"pa_countries-ke","127":"pa_countries-kg","128":"pa_countries-kh","129":"pa_countries-ki","130":"pa_countries-km","131":"pa_countries-kn","132":"pa_countries-kp","133":"pa_countries-kr","134":"pa_countries-kw","135":"pa_countries-ky","136":"pa_countries-kz","137":"pa_countries-la","138":"pa_countries-lb","139":"pa_countries-lc","140":"pa_countries-li","141":"pa_countries-lk","142":"pa_countries-lr","143":"pa_countries-ls","144":"pa_countries-lt","145":"pa_countries-lu","146":"pa_countries-lv","147":"pa_countries-ly","148":"pa_countries-ma","149":"pa_countries-mc","150":"pa_countries-md","151":"pa_countries-me","152":"pa_countries-mf","153":"pa_countries-mg","154":"pa_countries-mh","155":"pa_countries-mk","156":"pa_countries-ml","157":"pa_countries-mm","158":"pa_countries-mn","159":"pa_countries-mo","160":"pa_countries-mp","161":"pa_countries-mq","162":"pa_countries-mr","163":"pa_countries-ms","164":"pa_countries-mt","165":"pa_countries-mu","166":"pa_countries-mv","167":"pa_countries-mw","168":"pa_countries-mx","169":"pa_countries-my","170":"pa_countries-mz","171":"pa_countries-na","172":"pa_countries-nc","173":"pa_countries-ne","174":"pa_countries-nf","175":"pa_countries-ng","176":"pa_countries-ni","177":"pa_countries-nl","178":"pa_countries-no","179":"pa_countries-np","180":"pa_countries-nr","181":"pa_countries-nu","182":"pa_countries-nz","183":"pa_countries-om","184":"pa_countries-pa","185":"pa_countries-pe","186":"pa_countries-pf","187":"pa_countries-pg","188":"pa_countries-ph","189":"pa_countries-pk","190":"pa_countries-pl","191":"pa_countries-pm","192":"pa_countries-pn","193":"pa_countries-pr","194":"pa_countries-ps","195":"pa_countries-pt","196":"pa_countries-pw","197":"pa_countries-py","198":"pa_countries-qa","199":"pa_countries-re","200":"pa_countries-ro","201":"pa_countries-rs","202":"pa_countries-rw","203":"pa_countries-sa","204":"pa_countries-sb","205":"pa_countries-sc","206":"pa_countries-sd","207":"pa_countries-se","208":"pa_countries-sg","209":"pa_countries-sh","210":"pa_countries-si","211":"pa_countries-sj","212":"pa_countries-sk","213":"pa_countries-sl","214":"pa_countries-sm","215":"pa_countries-sn","216":"pa_countries-so","217":"pa_countries-sr","218":"pa_countries-ss","220":"pa_countries-st","221":"pa_countries-sv","222":"pa_countries-sx","223":"pa_countries-sy","224":"pa_countries-sz","225":"pa_countries-tc","226":"pa_countries-td","227":"pa_countries-tf","228":"pa_countries-tg","229":"pa_countries-th","230":"pa_countries-tj","231":"pa_countries-tk","232":"pa_countries-tl","233":"pa_countries-tm","234":"pa_countries-tn","235":"pa_countries-to","236":"pa_countries-tr","237":"pa_countries-tt","238":"pa_countries-tv","239":"pa_countries-tw","240":"pa_countries-tz","241":"pa_countries-ua","242":"pa_countries-ug","243":"pa_countries-um","244":"pa_countries-us","245":"pa_countries-uy","246":"pa_countries-uz","247":"pa_countries-va","248":"pa_countries-vc","249":"pa_countries-ve","250":"pa_countries-vg","251":"pa_countries-vi","252":"pa_countries-vn","253":"pa_countries-vu","254":"pa_countries-wf","255":"pa_countries-ws","256":"pa_countries-xk","257":"pa_countries-ye","258":"pa_countries-yt","259":"pa_countries-za","260":"pa_countries-zm","261":"pa_countries-zw","262":"pa_developer-11-bit-studios","264":"pa_game_type-dlc","266":"pa_genres-simulator","267":"pa_genres-strategy","269":"pa_interface-de-de","270":"pa_interface-en-us","271":"pa_interface-es-es","272":"pa_interface-fr-fr","273":"pa_interface-it-it","274":"pa_interface-ja-jp","275":"pa_interface-ko-kr","276":"pa_interface-pl-pl","277":"pa_interface-pt-br","278":"pa_interface-ru-ru","280":"pa_interface-tr-tr","281":"pa_interface-zh-cn","282":"pa_modes-single-player","284":"pa_pegi-956","285":"pa_pegi-13432","286":"pa_platform-pc-steam","288":"pa_publisher-11-bit-studios","290":"pa_rating-14441","291":"pa_rating-773","292":"pa_region-global","294":"pa_subtitles-de-de","296":"pa_subtitles-en-us","297":"pa_subtitles-es-es","298":"pa_subtitles-fr-fr","299":"pa_subtitles-it-it","300":"pa_subtitles-ja-jp","301":"pa_subtitles-ko-kr","302":"pa_subtitles-pl-pl","303":"pa_subtitles-pt-br","304":"pa_subtitles-ru-ru","305":"pa_subtitles-tr-tr","306":"pa_subtitles-zh-cn","307":"pa_themes-survival","310":"first","311":"instock","312":"virtual","313":"taxable","314":"purchasable","315":"product-type-simple"},"yoast_head":"<!-- This site is optimized with the Yoast SEO plugin v27.3 - https:\/\/yoast.com\/product\/yoast-seo-wordpress\/ -->\n<title>Frostpunk: The Last Autumn | BeGamer.cz<\/title>\n<meta name=\"robots\" content=\"index, follow, max-snippet:-1, max-image-preview:large, max-video-preview:-1\" \/>\n<link rel=\"canonical\" href=\"https:\/\/begamer.cz\/sk\/produkt\/frostpunk-the-last-autumn-sk\/\" \/>\n<meta property=\"og:locale\" content=\"sk_SK\" \/>\n<meta property=\"og:type\" content=\"article\" \/>\n<meta property=\"og:title\" content=\"Frostpunk: The Last Autumn | BeGamer.cz\" \/>\n<meta property=\"og:description\" content=\"Doplnok \u201eThe Last Autumn\u201c v\u00fdrazne roz\u0161iruje svet hry Frostpunk o \u00faplne nov\u00fd scen\u00e1r, revolu\u010dn\u00e9 hern\u00e9 mechaniky a jedine\u010dn\u00fa architekt\u00faru, pri\u010dom z\u00e1rove\u0148 obohacuje pr\u00edbeh a pozadie hry.\" \/>\n<meta property=\"og:url\" content=\"https:\/\/begamer.cz\/sk\/produkt\/frostpunk-the-last-autumn-sk\/\" \/>\n<meta property=\"og:site_name\" content=\"BeGamer.cz\" \/>\n<meta property=\"og:image\" content=\"https:\/\/begamer.cz\/wp-content\/uploads\/2026\/03\/frostpunk-the-last-autumn-11.webp\" \/>\n\t<meta property=\"og:image:width\" content=\"300\" \/>\n\t<meta property=\"og:image:height\" content=\"400\" \/>\n\t<meta property=\"og:image:type\" content=\"image\/webp\" \/>\n<meta name=\"twitter:card\" content=\"summary_large_image\" \/>\n<meta name=\"twitter:label1\" content=\"Predpokladan\u00fd \u010das \u010d\u00edtania\" \/>\n\t<meta name=\"twitter:data1\" content=\"2 min\u00faty\" \/>\n<script type=\"application\/ld+json\" class=\"yoast-schema-graph\">{\"@context\":\"https:\\\/\\\/schema.org\",\"@graph\":[{\"@type\":\"WebPage\",\"@id\":\"https:\\\/\\\/begamer.cz\\\/sk\\\/produkt\\\/frostpunk-the-last-autumn-sk\\\/\",\"url\":\"https:\\\/\\\/begamer.cz\\\/sk\\\/produkt\\\/frostpunk-the-last-autumn-sk\\\/\",\"name\":\"Frostpunk: The Last Autumn | BeGamer.cz\",\"isPartOf\":{\"@id\":\"https:\\\/\\\/begamer.cz\\\/sk\\\/#website\"},\"primaryImageOfPage\":{\"@id\":\"https:\\\/\\\/begamer.cz\\\/sk\\\/produkt\\\/frostpunk-the-last-autumn-sk\\\/#primaryimage\"},\"image\":{\"@id\":\"https:\\\/\\\/begamer.cz\\\/sk\\\/produkt\\\/frostpunk-the-last-autumn-sk\\\/#primaryimage\"},\"thumbnailUrl\":\"https:\\\/\\\/begamer.cz\\\/wp-content\\\/uploads\\\/2026\\\/03\\\/frostpunk-the-last-autumn-11.webp\",\"datePublished\":\"2026-03-30T07:28:49+00:00\",\"breadcrumb\":{\"@id\":\"https:\\\/\\\/begamer.cz\\\/sk\\\/produkt\\\/frostpunk-the-last-autumn-sk\\\/#breadcrumb\"},\"inLanguage\":\"sk-SK\",\"potentialAction\":[{\"@type\":\"ReadAction\",\"target\":[\"https:\\\/\\\/begamer.cz\\\/sk\\\/produkt\\\/frostpunk-the-last-autumn-sk\\\/\"]}]},{\"@type\":\"ImageObject\",\"inLanguage\":\"sk-SK\",\"@id\":\"https:\\\/\\\/begamer.cz\\\/sk\\\/produkt\\\/frostpunk-the-last-autumn-sk\\\/#primaryimage\",\"url\":\"https:\\\/\\\/begamer.cz\\\/wp-content\\\/uploads\\\/2026\\\/03\\\/frostpunk-the-last-autumn-11.webp\",\"contentUrl\":\"https:\\\/\\\/begamer.cz\\\/wp-content\\\/uploads\\\/2026\\\/03\\\/frostpunk-the-last-autumn-11.webp\",\"width\":300,\"height\":400},{\"@type\":\"BreadcrumbList\",\"@id\":\"https:\\\/\\\/begamer.cz\\\/sk\\\/produkt\\\/frostpunk-the-last-autumn-sk\\\/#breadcrumb\",\"itemListElement\":[{\"@type\":\"ListItem\",\"position\":1,\"name\":\"Domov\",\"item\":\"https:\\\/\\\/begamer.cz\\\/sk\\\/\"},{\"@type\":\"ListItem\",\"position\":2,\"name\":\"Obchod\",\"item\":\"https:\\\/\\\/begamer.cz\\\/obchod\\\/\"},{\"@type\":\"ListItem\",\"position\":3,\"name\":\"Frostpunk: The Last Autumn\"}]},{\"@type\":\"WebSite\",\"@id\":\"https:\\\/\\\/begamer.cz\\\/sk\\\/#website\",\"url\":\"https:\\\/\\\/begamer.cz\\\/sk\\\/\",\"name\":\"BeGamer.cz\",\"description\":\"\",\"publisher\":{\"@id\":\"https:\\\/\\\/begamer.cz\\\/sk\\\/#organization\"},\"potentialAction\":[{\"@type\":\"SearchAction\",\"target\":{\"@type\":\"EntryPoint\",\"urlTemplate\":\"https:\\\/\\\/begamer.cz\\\/sk\\\/?s={search_term_string}\"},\"query-input\":{\"@type\":\"PropertyValueSpecification\",\"valueRequired\":true,\"valueName\":\"search_term_string\"}}],\"inLanguage\":\"sk-SK\"},{\"@type\":\"Organization\",\"@id\":\"https:\\\/\\\/begamer.cz\\\/sk\\\/#organization\",\"name\":\"BeGamer.cz\",\"url\":\"https:\\\/\\\/begamer.cz\\\/sk\\\/\",\"logo\":{\"@type\":\"ImageObject\",\"inLanguage\":\"sk-SK\",\"@id\":\"https:\\\/\\\/begamer.cz\\\/sk\\\/#\\\/schema\\\/logo\\\/image\\\/\",\"url\":\"https:\\\/\\\/begamer.cz\\\/wp-content\\\/uploads\\\/2025\\\/07\\\/logo.svg\",\"contentUrl\":\"https:\\\/\\\/begamer.cz\\\/wp-content\\\/uploads\\\/2025\\\/07\\\/logo.svg\",\"caption\":\"BeGamer.cz\"},\"image\":{\"@id\":\"https:\\\/\\\/begamer.cz\\\/sk\\\/#\\\/schema\\\/logo\\\/image\\\/\"}}]}<\/script>\n<!-- \/ Yoast SEO plugin. -->","yoast_head_json":{"title":"Frostpunk: The Last Autumn | BeGamer.cz","robots":{"index":"index","follow":"follow","max-snippet":"max-snippet:-1","max-image-preview":"max-image-preview:large","max-video-preview":"max-video-preview:-1"},"canonical":"https:\/\/begamer.cz\/sk\/produkt\/frostpunk-the-last-autumn-sk\/","og_locale":"sk_SK","og_type":"article","og_title":"Frostpunk: The Last Autumn | BeGamer.cz","og_description":"Doplnok \u201eThe Last Autumn\u201c v\u00fdrazne roz\u0161iruje svet hry Frostpunk o \u00faplne nov\u00fd scen\u00e1r, revolu\u010dn\u00e9 hern\u00e9 mechaniky a jedine\u010dn\u00fa architekt\u00faru, pri\u010dom z\u00e1rove\u0148 obohacuje pr\u00edbeh a pozadie hry.","og_url":"https:\/\/begamer.cz\/sk\/produkt\/frostpunk-the-last-autumn-sk\/","og_site_name":"BeGamer.cz","og_image":[{"width":300,"height":400,"url":"https:\/\/begamer.cz\/wp-content\/uploads\/2026\/03\/frostpunk-the-last-autumn-11.webp","type":"image\/webp"}],"twitter_card":"summary_large_image","twitter_misc":{"Predpokladan\u00fd \u010das \u010d\u00edtania":"2 min\u00faty"},"schema":{"@context":"https:\/\/schema.org","@graph":[{"@type":"WebPage","@id":"https:\/\/begamer.cz\/sk\/produkt\/frostpunk-the-last-autumn-sk\/","url":"https:\/\/begamer.cz\/sk\/produkt\/frostpunk-the-last-autumn-sk\/","name":"Frostpunk: The Last Autumn | BeGamer.cz","isPartOf":{"@id":"https:\/\/begamer.cz\/sk\/#website"},"primaryImageOfPage":{"@id":"https:\/\/begamer.cz\/sk\/produkt\/frostpunk-the-last-autumn-sk\/#primaryimage"},"image":{"@id":"https:\/\/begamer.cz\/sk\/produkt\/frostpunk-the-last-autumn-sk\/#primaryimage"},"thumbnailUrl":"https:\/\/begamer.cz\/wp-content\/uploads\/2026\/03\/frostpunk-the-last-autumn-11.webp","datePublished":"2026-03-30T07:28:49+00:00","breadcrumb":{"@id":"https:\/\/begamer.cz\/sk\/produkt\/frostpunk-the-last-autumn-sk\/#breadcrumb"},"inLanguage":"sk-SK","potentialAction":[{"@type":"ReadAction","target":["https:\/\/begamer.cz\/sk\/produkt\/frostpunk-the-last-autumn-sk\/"]}]},{"@type":"ImageObject","inLanguage":"sk-SK","@id":"https:\/\/begamer.cz\/sk\/produkt\/frostpunk-the-last-autumn-sk\/#primaryimage","url":"https:\/\/begamer.cz\/wp-content\/uploads\/2026\/03\/frostpunk-the-last-autumn-11.webp","contentUrl":"https:\/\/begamer.cz\/wp-content\/uploads\/2026\/03\/frostpunk-the-last-autumn-11.webp","width":300,"height":400},{"@type":"BreadcrumbList","@id":"https:\/\/begamer.cz\/sk\/produkt\/frostpunk-the-last-autumn-sk\/#breadcrumb","itemListElement":[{"@type":"ListItem","position":1,"name":"Domov","item":"https:\/\/begamer.cz\/sk\/"},{"@type":"ListItem","position":2,"name":"Obchod","item":"https:\/\/begamer.cz\/obchod\/"},{"@type":"ListItem","position":3,"name":"Frostpunk: The Last Autumn"}]},{"@type":"WebSite","@id":"https:\/\/begamer.cz\/sk\/#website","url":"https:\/\/begamer.cz\/sk\/","name":"BeGamer.cz","description":"","publisher":{"@id":"https:\/\/begamer.cz\/sk\/#organization"},"potentialAction":[{"@type":"SearchAction","target":{"@type":"EntryPoint","urlTemplate":"https:\/\/begamer.cz\/sk\/?s={search_term_string}"},"query-input":{"@type":"PropertyValueSpecification","valueRequired":true,"valueName":"search_term_string"}}],"inLanguage":"sk-SK"},{"@type":"Organization","@id":"https:\/\/begamer.cz\/sk\/#organization","name":"BeGamer.cz","url":"https:\/\/begamer.cz\/sk\/","logo":{"@type":"ImageObject","inLanguage":"sk-SK","@id":"https:\/\/begamer.cz\/sk\/#\/schema\/logo\/image\/","url":"https:\/\/begamer.cz\/wp-content\/uploads\/2025\/07\/logo.svg","contentUrl":"https:\/\/begamer.cz\/wp-content\/uploads\/2025\/07\/logo.svg","caption":"BeGamer.cz"},"image":{"@id":"https:\/\/begamer.cz\/sk\/#\/schema\/logo\/image\/"}}]}},"acf":[],"_links":{"self":[{"href":"https:\/\/begamer.cz\/sk\/wp-json\/wp\/v2\/product\/113181","targetHints":{"allow":["GET"]}}],"collection":[{"href":"https:\/\/begamer.cz\/sk\/wp-json\/wp\/v2\/product"}],"about":[{"href":"https:\/\/begamer.cz\/sk\/wp-json\/wp\/v2\/types\/product"}],"replies":[{"embeddable":true,"href":"https:\/\/begamer.cz\/sk\/wp-json\/wp\/v2\/comments?post=113181"}],"wp:featuredmedia":[{"embeddable":true,"href":"https:\/\/begamer.cz\/sk\/wp-json\/wp\/v2\/media\/113178"}],"wp:attachment":[{"href":"https:\/\/begamer.cz\/sk\/wp-json\/wp\/v2\/media?parent=113181"}],"wp:term":[{"taxonomy":"product_brand","embeddable":true,"href":"https:\/\/begamer.cz\/sk\/wp-json\/wp\/v2\/product_brand?post=113181"},{"taxonomy":"product_cat","embeddable":true,"href":"https:\/\/begamer.cz\/sk\/wp-json\/wp\/v2\/product_cat?post=113181"},{"taxonomy":"product_tag","embeddable":true,"href":"https:\/\/begamer.cz\/sk\/wp-json\/wp\/v2\/product_tag?post=113181"}],"curies":[{"name":"wp","href":"https:\/\/api.w.org\/{rel}","templated":true}]}}