{"id":108948,"date":"2026-02-18T23:59:16","date_gmt":"2026-02-18T22:59:16","guid":{"rendered":"https:\/\/begamer.cz\/produkt\/ghost-of-tsushima-directors-cut-sk\/"},"modified":"2026-03-13T09:01:06","modified_gmt":"2026-03-13T08:01:06","slug":"ghost-of-tsushima-directors-cut-sk","status":"publish","type":"product","link":"https:\/\/begamer.cz\/sk\/produkt\/ghost-of-tsushima-directors-cut-sk\/","title":{"rendered":"Ghost of Tsushima: Director\u2019s Cut"},"content":{"rendered":"<h1>O hre<\/h1>\n<p><i>Po prv\u00fdkr\u00e1t na PC si zahrajte cestu Jin Sakaiho a objavte kompletn\u00fd z\u00e1\u017eitok z Ghost of Tsushima v tejto re\u017eis\u00e9rskej verzii.<\/i><\/p>\n<p>Na konci 13. storo\u010dia mongolsk\u00e1 r\u00ed\u0161a zni\u010dila cel\u00e9 n\u00e1rody po\u010das svojej kampane na dobytie V\u00fdchodu. Ostrov Tsushima je jedinou prek\u00e1\u017ekou medzi japonskou pevninou a obrovskou mongolskou inv\u00e1znou flotilou pod veden\u00edm nemilosrdn\u00e9ho a pref\u00edkan\u00e9ho gener\u00e1la Khotuna Khana.<\/p>\n<p>Ke\u010f ostrov hor\u00ed v d\u00f4sledku prvej vlny mongolsk\u00e9ho \u00fatoku, odv\u00e1\u017eny samurajsk\u00fd bojovn\u00edk Jin Sakai zost\u00e1va neochvejn\u00fd. Ako jeden z posledn\u00fdch pre\u017eiv\u0161\u00edch \u010dlenov svojho klanu je Jin odhodlan\u00fd urobi\u0165 \u010doko\u013evek, za ka\u017ed\u00fa cenu, aby ochr\u00e1nil svoj \u013eud a z\u00edskal sp\u00e4\u0165 svoj domov. Mus\u00ed odlo\u017ei\u0165 trad\u00edcie, ktor\u00e9 ho formovali ako bojovn\u00edka, aby vytvoril nov\u00fa cestu, cestu Ducha, a viedol nekonven\u010dn\u00fa vojnu za slobodu Tsushimy.<\/p>\n<ul class=\"bb_ul\">\n<li>Za\u017eite Ghost of Tsushima s odomknut\u00fdmi sn\u00edmkov\u00fdmi frekvenciami a r\u00f4znymi grafick\u00fdmi mo\u017enos\u0165ami prisp\u00f4soben\u00fdmi \u0161irokej \u0161k\u00e1le hardv\u00e9ru, od high-endov\u00fdch PC a\u017e po prenosn\u00e9 hern\u00e9 zariadenia.*<\/li>\n<li>Z\u00edskajte e\u0161te lep\u0161\u00ed preh\u013ead o dian\u00ed v\u010faka podpore form\u00e1tov Ultrawide (21:9), Super Ultrawide (32:9) a dokonca aj 48:9 Triple Monitor.*<\/li>\n<li>Zv\u00fd\u0161te v\u00fdkon pomocou technol\u00f3gi\u00ed upscalingu a generovania sn\u00edmok, ako s\u00fa NVIDIA DLSS 3, AMD FSR 3 a Intel XeSS. Podporovan\u00e9 s\u00fa aj NVIDIA Reflex a NVIDIA DLAA, ktor\u00e9 zlep\u0161uj\u00fa kvalitu obrazu.<\/li>\n<li>Synchroniz\u00e1cia japonsk\u00fdch pier \u2013 vychutnajte si autentickej\u0161\u00ed z\u00e1\u017eitok v\u010faka synchroniz\u00e1cii pier pre japonsk\u00fd dabing, ktor\u00fd je mo\u017en\u00fd v\u010faka renderovaniu filmov\u00fdch sekvenci\u00ed v re\u00e1lnom \u010dase na va\u0161om PC.<\/li>\n<li>Vyberte si, ako budete ovl\u00e1da\u0165 akciu: za\u017eite haptick\u00fa odozvu a adapt\u00edvne sp\u00fa\u0161\u0165a\u010de prostredn\u00edctvom k\u00e1blov\u00e9ho ovl\u00e1da\u010da DualSense\u2122&#8230;***<\/li>\n<li>&#8230;alebo pou\u017eite my\u0161 a kl\u00e1vesnicu s plne prisp\u00f4sobite\u013en\u00fdmi ovl\u00e1dac\u00edmi prvkami.<\/li>\n<li>Haptick\u00e1 odozva \u2013 ovl\u00e1dajte svoj me\u010d prostredn\u00edctvom pohlcuj\u00facej haptickej odozvy ovl\u00e1da\u010da DualSense\u2122.***<\/li>\n<li>Adapt\u00edvne sp\u00fa\u0161te \u2013 zv\u00fd\u0161te svoju presnos\u0165 s lukom pomocou adapt\u00edvneho odporu sp\u00fa\u0161te.***<\/li>\n<\/ul>\n<p><i>* Vy\u017eaduje kompatibiln\u00fd po\u010d\u00edta\u010d a zobrazovacie zariadenie.<br \/>** Vy\u017eaduje kompatibiln\u00fd po\u010d\u00edta\u010d a grafick\u00fa kartu.<br \/>*** Na vyu\u017e\u00edvanie v\u0161etk\u00fdch funkci\u00ed ovl\u00e1da\u010da v hre je potrebn\u00e9 k\u00e1blov\u00e9 pripojenie.<\/i><\/p>\n","protected":false},"excerpt":{"rendered":"<p>Bl\u00ed\u017ei sa b\u00farka. Vydajte sa na dobrodru\u017estvo v kompletnej hre Ghost of Tsushima DIRECTOR\u2019S CUT na PC, vytvorte si vlastn\u00fa cestu v tejto ak\u010dnej advent\u00fare s otvoren\u00fdm svetom a odha\u013ete jej skryt\u00e9 divy. Prin\u00e1\u0161aj\u00fa v\u00e1m ju Sucker Punch Productions, Nixxes Software a PlayStation Studios.<\/p>\n","protected":false},"featured_media":108945,"comment_status":"open","ping_status":"closed","template":"","meta":{"_acf_changed":false},"product_brand":[],"product_cat":[270,268,266,308,312],"product_tag":[],"class_list":{"0":"post-108948","1":"product","2":"type-product","3":"status-publish","4":"has-post-thumbnail","6":"product_cat-adventury-pc-hry-sk","7":"product_cat-pc-sk","8":"product_cat-pc-hry-sk","9":"product_cat-rpg-pc-hry-sk","10":"product_cat-steam-pc-sk","11":"pa_audio-de-de","12":"pa_audio-en-us","13":"pa_audio-es-es","14":"pa_audio-es-mx","15":"pa_audio-fr-fr","16":"pa_audio-it-it","17":"pa_audio-ja-jp","18":"pa_audio-pl-pl","19":"pa_audio-pt-br","20":"pa_audio-pt-pt","22":"pa_audio-ru-ru","23":"pa_countries-at","24":"pa_countries-be","25":"pa_countries-bg","26":"pa_countries-cy","27":"pa_countries-cz","29":"pa_countries-de","30":"pa_countries-dk","31":"pa_countries-es","32":"pa_countries-fi","33":"pa_countries-fr","34":"pa_countries-gr","35":"pa_countries-hr","36":"pa_countries-hu","37":"pa_countries-ie","38":"pa_countries-it","39":"pa_countries-lu","40":"pa_countries-mt","41":"pa_countries-nl","42":"pa_countries-pl","43":"pa_countries-pt","44":"pa_countries-ro","45":"pa_countries-se","46":"pa_countries-si","47":"pa_countries-sk","48":"pa_developer-sucker-punch-productions","49":"pa_engine-proprietary-engine","51":"pa_game_type-expanded_game","53":"pa_genres-adventure","54":"pa_genres-role-playing-rpg","56":"pa_interface-ar","57":"pa_interface-cs-cz","58":"pa_interface-da-dk","59":"pa_interface-de-de","60":"pa_interface-en-us","61":"pa_interface-es-es","62":"pa_interface-es-mx","63":"pa_interface-fi-fi","64":"pa_interface-fr-fr","65":"pa_interface-hu-hu","66":"pa_interface-it-it","67":"pa_interface-ja-jp","68":"pa_interface-ko-kr","69":"pa_interface-nb-no","71":"pa_interface-nl-nl","72":"pa_interface-pl-pl","73":"pa_interface-pt-br","74":"pa_interface-pt-pt","75":"pa_interface-ru-ru","76":"pa_interface-sv-se","77":"pa_interface-th-th","78":"pa_interface-tr-tr","79":"pa_interface-zh-cn","80":"pa_interface-zh-tw","81":"pa_keywords-deer","82":"pa_keywords-fox","83":"pa_keywords-islands","84":"pa_keywords-japan","86":"pa_keywords-samurai","87":"pa_modes-co-operative","88":"pa_modes-multiplayer","90":"pa_modes-single-player","91":"pa_pegi-13426","92":"pa_pegi-794","93":"pa_platform-pc-steam","95":"pa_player_perspectives-third-person","97":"pa_publisher-sony-interactive-entertainment","99":"pa_rating-2513","100":"pa_rating-14592","101":"pa_region-europe","103":"pa_subtitles-ar","104":"pa_subtitles-cs-cz","105":"pa_subtitles-da-dk","106":"pa_subtitles-de-de","107":"pa_subtitles-en-us","108":"pa_subtitles-es-es","109":"pa_subtitles-fi-fi","110":"pa_subtitles-fr-fr","111":"pa_subtitles-hu-hu","112":"pa_subtitles-it-it","113":"pa_subtitles-ja-jp","114":"pa_subtitles-ko-kr","115":"pa_subtitles-nb-no","117":"pa_subtitles-nl-nl","118":"pa_subtitles-pl-pl","119":"pa_subtitles-pt-br","120":"pa_subtitles-pt-pt","121":"pa_subtitles-ru-ru","122":"pa_subtitles-sv-se","123":"pa_subtitles-th-th","124":"pa_subtitles-tr-tr","125":"pa_subtitles-zh-cn","126":"pa_subtitles-zh-tw","127":"pa_themes-action","128":"pa_themes-drama","130":"pa_themes-historical","131":"pa_themes-open-world","132":"pa_themes-stealth","134":"first","135":"instock","136":"virtual","137":"taxable","138":"purchasable","139":"product-type-simple"},"yoast_head":"<!-- This site is optimized with the Yoast SEO plugin v27.4 - https:\/\/yoast.com\/product\/yoast-seo-wordpress\/ -->\n<title>Ghost of Tsushima: Director&#039;s Cut | BeGamer.cz<\/title>\n<meta name=\"robots\" content=\"index, follow, max-snippet:-1, max-image-preview:large, max-video-preview:-1\" \/>\n<link rel=\"canonical\" href=\"https:\/\/begamer.cz\/sk\/produkt\/ghost-of-tsushima-directors-cut-sk\/\" \/>\n<meta property=\"og:locale\" content=\"sk_SK\" \/>\n<meta property=\"og:type\" content=\"article\" \/>\n<meta property=\"og:title\" content=\"Ghost of Tsushima: Director&#039;s Cut | BeGamer.cz\" \/>\n<meta property=\"og:description\" content=\"Bl\u00ed\u017ei sa b\u00farka. Vydajte sa na dobrodru\u017estvo v kompletnej hre Ghost of Tsushima DIRECTOR\u2019S CUT na PC, vytvorte si vlastn\u00fa cestu v tejto ak\u010dnej advent\u00fare s otvoren\u00fdm svetom a odha\u013ete jej skryt\u00e9 divy. Prin\u00e1\u0161aj\u00fa v\u00e1m ju Sucker Punch Productions, Nixxes Software a PlayStation Studios.\" \/>\n<meta property=\"og:url\" content=\"https:\/\/begamer.cz\/sk\/produkt\/ghost-of-tsushima-directors-cut-sk\/\" \/>\n<meta property=\"og:site_name\" content=\"BeGamer.cz\" \/>\n<meta property=\"article:modified_time\" content=\"2026-03-13T08:01:06+00:00\" \/>\n<meta property=\"og:image\" content=\"https:\/\/begamer.cz\/wp-content\/uploads\/2026\/02\/ghost-of-tsushima-directors-cut-10.webp\" \/>\n\t<meta property=\"og:image:width\" content=\"300\" \/>\n\t<meta property=\"og:image:height\" content=\"400\" \/>\n\t<meta property=\"og:image:type\" content=\"image\/webp\" \/>\n<meta name=\"twitter:card\" content=\"summary_large_image\" \/>\n<meta name=\"twitter:label1\" content=\"Predpokladan\u00fd \u010das \u010d\u00edtania\" \/>\n\t<meta name=\"twitter:data1\" content=\"2 min\u00faty\" \/>\n<script type=\"application\/ld+json\" class=\"yoast-schema-graph\">{\"@context\":\"https:\\\/\\\/schema.org\",\"@graph\":[{\"@type\":\"WebPage\",\"@id\":\"https:\\\/\\\/begamer.cz\\\/sk\\\/produkt\\\/ghost-of-tsushima-directors-cut-sk\\\/\",\"url\":\"https:\\\/\\\/begamer.cz\\\/sk\\\/produkt\\\/ghost-of-tsushima-directors-cut-sk\\\/\",\"name\":\"Ghost of Tsushima: Director's Cut | BeGamer.cz\",\"isPartOf\":{\"@id\":\"https:\\\/\\\/begamer.cz\\\/sk\\\/#website\"},\"primaryImageOfPage\":{\"@id\":\"https:\\\/\\\/begamer.cz\\\/sk\\\/produkt\\\/ghost-of-tsushima-directors-cut-sk\\\/#primaryimage\"},\"image\":{\"@id\":\"https:\\\/\\\/begamer.cz\\\/sk\\\/produkt\\\/ghost-of-tsushima-directors-cut-sk\\\/#primaryimage\"},\"thumbnailUrl\":\"https:\\\/\\\/begamer.cz\\\/wp-content\\\/uploads\\\/2026\\\/02\\\/ghost-of-tsushima-directors-cut-10.webp\",\"datePublished\":\"2026-02-18T22:59:16+00:00\",\"dateModified\":\"2026-03-13T08:01:06+00:00\",\"breadcrumb\":{\"@id\":\"https:\\\/\\\/begamer.cz\\\/sk\\\/produkt\\\/ghost-of-tsushima-directors-cut-sk\\\/#breadcrumb\"},\"inLanguage\":\"sk-SK\",\"potentialAction\":[{\"@type\":\"ReadAction\",\"target\":[\"https:\\\/\\\/begamer.cz\\\/sk\\\/produkt\\\/ghost-of-tsushima-directors-cut-sk\\\/\"]}]},{\"@type\":\"ImageObject\",\"inLanguage\":\"sk-SK\",\"@id\":\"https:\\\/\\\/begamer.cz\\\/sk\\\/produkt\\\/ghost-of-tsushima-directors-cut-sk\\\/#primaryimage\",\"url\":\"https:\\\/\\\/begamer.cz\\\/wp-content\\\/uploads\\\/2026\\\/02\\\/ghost-of-tsushima-directors-cut-10.webp\",\"contentUrl\":\"https:\\\/\\\/begamer.cz\\\/wp-content\\\/uploads\\\/2026\\\/02\\\/ghost-of-tsushima-directors-cut-10.webp\",\"width\":300,\"height\":400},{\"@type\":\"BreadcrumbList\",\"@id\":\"https:\\\/\\\/begamer.cz\\\/sk\\\/produkt\\\/ghost-of-tsushima-directors-cut-sk\\\/#breadcrumb\",\"itemListElement\":[{\"@type\":\"ListItem\",\"position\":1,\"name\":\"Domov\",\"item\":\"https:\\\/\\\/begamer.cz\\\/sk\\\/\"},{\"@type\":\"ListItem\",\"position\":2,\"name\":\"Obchod\",\"item\":\"https:\\\/\\\/begamer.cz\\\/obchod\\\/\"},{\"@type\":\"ListItem\",\"position\":3,\"name\":\"Ghost of Tsushima: Director\u2019s Cut\"}]},{\"@type\":\"WebSite\",\"@id\":\"https:\\\/\\\/begamer.cz\\\/sk\\\/#website\",\"url\":\"https:\\\/\\\/begamer.cz\\\/sk\\\/\",\"name\":\"BeGamer.cz\",\"description\":\"\",\"publisher\":{\"@id\":\"https:\\\/\\\/begamer.cz\\\/sk\\\/#organization\"},\"potentialAction\":[{\"@type\":\"SearchAction\",\"target\":{\"@type\":\"EntryPoint\",\"urlTemplate\":\"https:\\\/\\\/begamer.cz\\\/sk\\\/?s={search_term_string}\"},\"query-input\":{\"@type\":\"PropertyValueSpecification\",\"valueRequired\":true,\"valueName\":\"search_term_string\"}}],\"inLanguage\":\"sk-SK\"},{\"@type\":\"Organization\",\"@id\":\"https:\\\/\\\/begamer.cz\\\/sk\\\/#organization\",\"name\":\"BeGamer.cz\",\"url\":\"https:\\\/\\\/begamer.cz\\\/sk\\\/\",\"logo\":{\"@type\":\"ImageObject\",\"inLanguage\":\"sk-SK\",\"@id\":\"https:\\\/\\\/begamer.cz\\\/sk\\\/#\\\/schema\\\/logo\\\/image\\\/\",\"url\":\"https:\\\/\\\/begamer.cz\\\/wp-content\\\/uploads\\\/2025\\\/07\\\/logo.svg\",\"contentUrl\":\"https:\\\/\\\/begamer.cz\\\/wp-content\\\/uploads\\\/2025\\\/07\\\/logo.svg\",\"caption\":\"BeGamer.cz\"},\"image\":{\"@id\":\"https:\\\/\\\/begamer.cz\\\/sk\\\/#\\\/schema\\\/logo\\\/image\\\/\"}}]}<\/script>\n<!-- \/ Yoast SEO plugin. -->","yoast_head_json":{"title":"Ghost of Tsushima: Director's Cut | BeGamer.cz","robots":{"index":"index","follow":"follow","max-snippet":"max-snippet:-1","max-image-preview":"max-image-preview:large","max-video-preview":"max-video-preview:-1"},"canonical":"https:\/\/begamer.cz\/sk\/produkt\/ghost-of-tsushima-directors-cut-sk\/","og_locale":"sk_SK","og_type":"article","og_title":"Ghost of Tsushima: Director's Cut | BeGamer.cz","og_description":"Bl\u00ed\u017ei sa b\u00farka. Vydajte sa na dobrodru\u017estvo v kompletnej hre Ghost of Tsushima DIRECTOR\u2019S CUT na PC, vytvorte si vlastn\u00fa cestu v tejto ak\u010dnej advent\u00fare s otvoren\u00fdm svetom a odha\u013ete jej skryt\u00e9 divy. Prin\u00e1\u0161aj\u00fa v\u00e1m ju Sucker Punch Productions, Nixxes Software a PlayStation Studios.","og_url":"https:\/\/begamer.cz\/sk\/produkt\/ghost-of-tsushima-directors-cut-sk\/","og_site_name":"BeGamer.cz","article_modified_time":"2026-03-13T08:01:06+00:00","og_image":[{"width":300,"height":400,"url":"https:\/\/begamer.cz\/wp-content\/uploads\/2026\/02\/ghost-of-tsushima-directors-cut-10.webp","type":"image\/webp"}],"twitter_card":"summary_large_image","twitter_misc":{"Predpokladan\u00fd \u010das \u010d\u00edtania":"2 min\u00faty"},"schema":{"@context":"https:\/\/schema.org","@graph":[{"@type":"WebPage","@id":"https:\/\/begamer.cz\/sk\/produkt\/ghost-of-tsushima-directors-cut-sk\/","url":"https:\/\/begamer.cz\/sk\/produkt\/ghost-of-tsushima-directors-cut-sk\/","name":"Ghost of Tsushima: Director's Cut | BeGamer.cz","isPartOf":{"@id":"https:\/\/begamer.cz\/sk\/#website"},"primaryImageOfPage":{"@id":"https:\/\/begamer.cz\/sk\/produkt\/ghost-of-tsushima-directors-cut-sk\/#primaryimage"},"image":{"@id":"https:\/\/begamer.cz\/sk\/produkt\/ghost-of-tsushima-directors-cut-sk\/#primaryimage"},"thumbnailUrl":"https:\/\/begamer.cz\/wp-content\/uploads\/2026\/02\/ghost-of-tsushima-directors-cut-10.webp","datePublished":"2026-02-18T22:59:16+00:00","dateModified":"2026-03-13T08:01:06+00:00","breadcrumb":{"@id":"https:\/\/begamer.cz\/sk\/produkt\/ghost-of-tsushima-directors-cut-sk\/#breadcrumb"},"inLanguage":"sk-SK","potentialAction":[{"@type":"ReadAction","target":["https:\/\/begamer.cz\/sk\/produkt\/ghost-of-tsushima-directors-cut-sk\/"]}]},{"@type":"ImageObject","inLanguage":"sk-SK","@id":"https:\/\/begamer.cz\/sk\/produkt\/ghost-of-tsushima-directors-cut-sk\/#primaryimage","url":"https:\/\/begamer.cz\/wp-content\/uploads\/2026\/02\/ghost-of-tsushima-directors-cut-10.webp","contentUrl":"https:\/\/begamer.cz\/wp-content\/uploads\/2026\/02\/ghost-of-tsushima-directors-cut-10.webp","width":300,"height":400},{"@type":"BreadcrumbList","@id":"https:\/\/begamer.cz\/sk\/produkt\/ghost-of-tsushima-directors-cut-sk\/#breadcrumb","itemListElement":[{"@type":"ListItem","position":1,"name":"Domov","item":"https:\/\/begamer.cz\/sk\/"},{"@type":"ListItem","position":2,"name":"Obchod","item":"https:\/\/begamer.cz\/obchod\/"},{"@type":"ListItem","position":3,"name":"Ghost of Tsushima: Director\u2019s Cut"}]},{"@type":"WebSite","@id":"https:\/\/begamer.cz\/sk\/#website","url":"https:\/\/begamer.cz\/sk\/","name":"BeGamer.cz","description":"","publisher":{"@id":"https:\/\/begamer.cz\/sk\/#organization"},"potentialAction":[{"@type":"SearchAction","target":{"@type":"EntryPoint","urlTemplate":"https:\/\/begamer.cz\/sk\/?s={search_term_string}"},"query-input":{"@type":"PropertyValueSpecification","valueRequired":true,"valueName":"search_term_string"}}],"inLanguage":"sk-SK"},{"@type":"Organization","@id":"https:\/\/begamer.cz\/sk\/#organization","name":"BeGamer.cz","url":"https:\/\/begamer.cz\/sk\/","logo":{"@type":"ImageObject","inLanguage":"sk-SK","@id":"https:\/\/begamer.cz\/sk\/#\/schema\/logo\/image\/","url":"https:\/\/begamer.cz\/wp-content\/uploads\/2025\/07\/logo.svg","contentUrl":"https:\/\/begamer.cz\/wp-content\/uploads\/2025\/07\/logo.svg","caption":"BeGamer.cz"},"image":{"@id":"https:\/\/begamer.cz\/sk\/#\/schema\/logo\/image\/"}}]}},"acf":[],"_links":{"self":[{"href":"https:\/\/begamer.cz\/sk\/wp-json\/wp\/v2\/product\/108948","targetHints":{"allow":["GET"]}}],"collection":[{"href":"https:\/\/begamer.cz\/sk\/wp-json\/wp\/v2\/product"}],"about":[{"href":"https:\/\/begamer.cz\/sk\/wp-json\/wp\/v2\/types\/product"}],"replies":[{"embeddable":true,"href":"https:\/\/begamer.cz\/sk\/wp-json\/wp\/v2\/comments?post=108948"}],"wp:featuredmedia":[{"embeddable":true,"href":"https:\/\/begamer.cz\/sk\/wp-json\/wp\/v2\/media\/108945"}],"wp:attachment":[{"href":"https:\/\/begamer.cz\/sk\/wp-json\/wp\/v2\/media?parent=108948"}],"wp:term":[{"taxonomy":"product_brand","embeddable":true,"href":"https:\/\/begamer.cz\/sk\/wp-json\/wp\/v2\/product_brand?post=108948"},{"taxonomy":"product_cat","embeddable":true,"href":"https:\/\/begamer.cz\/sk\/wp-json\/wp\/v2\/product_cat?post=108948"},{"taxonomy":"product_tag","embeddable":true,"href":"https:\/\/begamer.cz\/sk\/wp-json\/wp\/v2\/product_tag?post=108948"}],"curies":[{"name":"wp","href":"https:\/\/api.w.org\/{rel}","templated":true}]}}