{"id":107928,"date":"2026-02-08T07:39:20","date_gmt":"2026-02-08T06:39:20","guid":{"rendered":"https:\/\/begamer.cz\/produkt\/helldivers-dive-harder-sk\/"},"modified":"2026-03-11T21:59:42","modified_gmt":"2026-03-11T20:59:42","slug":"helldivers-dive-harder-sk","status":"publish","type":"product","link":"https:\/\/begamer.cz\/sk\/produkt\/helldivers-dive-harder-sk\/","title":{"rendered":"Helldivers: Dive Harder"},"content":{"rendered":"<p>Helldivers: Dive Harder je bezplatn\u00e1 aktualiz\u00e1cia pre v\u0161etk\u00fdch existuj\u00facich vlastn\u00edkov a obsahuje:<br \/>\nNov\u00fd hern\u00fd re\u017eim: \u201eProving Grounds\u201c. Prijmite n\u00e1ro\u010dn\u00e9 misie s jedine\u010dn\u00fdmi modifik\u00e1tormi.<br \/>\nNov\u00fd syst\u00e9m v\u00fdstroja s mo\u017enos\u0165ou n\u00e1hodn\u00e9ho a ob\u013e\u00faben\u00e9ho v\u00fdstroja.<br \/>\nV\u0161etky predch\u00e1dzaj\u00face roz\u0161\u00edrenia (A New Hell, Masters of the Galaxy, Turning Up The Heat a Democracy Strikes Back).<br \/>\nLok\u00e1lna a online kooper\u00e1cia a\u017e pre 4 hr\u00e1\u010dov.<br \/>\nPln\u00e1 priate\u013esk\u00e1 pa\u013eba \u2013 \u201en\u00e1hodne\u201c zab\u00edjajte svojich priate\u013eov, znova a znova.<br \/>\nRiadi\u0165 pln\u00fa silu arm\u00e1dy s \u0161irokou \u0161k\u00e1lou podporn\u00fdch strat\u00e9gi\u00ed.<br \/>\nKomunitn\u00e1 galaktick\u00e1 kampa\u0148.<br \/>\nVesm\u00edr svetov, ktor\u00e9 treba oslobodi\u0165.<br \/>\nViac ako 100 hod\u00edn hrania<\/p>\n","protected":false},"excerpt":{"rendered":"<p>Helldivers: Dive Harder je intenz\u00edvna kooperat\u00edvna strie\u013ea\u010dka z poh\u013eadu zhora, v ktorej je k\u013e\u00fa\u010dov\u00e1 t\u00edmov\u00e1 pr\u00e1ca a strat\u00e9gia. Bojujte proti mimozemsk\u00fdm hrozb\u00e1m na nepriate\u013esk\u00fdch plan\u00e9tach, odomknite si mocn\u00e9 zbrane a prisp\u00f4sobte si svoju v\u00fdbavu. Ponorte sa do chaotick\u00fdch misi\u00ed sami alebo s priate\u013emi a zachr\u00e1\u0148te Super Zem!<\/p>\n","protected":false},"featured_media":107925,"comment_status":"open","ping_status":"closed","template":"","meta":{"_acf_changed":false},"product_brand":[],"product_cat":[268,266,312,9064,9082],"product_tag":[],"class_list":{"0":"post-107928","1":"product","2":"type-product","3":"status-publish","4":"has-post-thumbnail","6":"product_cat-pc-sk","7":"product_cat-pc-hry-sk","8":"product_cat-steam-pc-sk","9":"product_cat-strielacky-3","10":"product_cat-takticke-3","11":"pa_countries-at","12":"pa_countries-be","13":"pa_countries-bg","14":"pa_countries-cy","15":"pa_countries-cz","17":"pa_countries-de","18":"pa_countries-dk","19":"pa_countries-ee","20":"pa_countries-es","21":"pa_countries-fi","22":"pa_countries-fr","23":"pa_countries-gr","24":"pa_countries-hr","25":"pa_countries-hu","26":"pa_countries-ie","27":"pa_countries-it","28":"pa_countries-lt","29":"pa_countries-lu","30":"pa_countries-lv","31":"pa_countries-mt","32":"pa_countries-nl","33":"pa_countries-pl","34":"pa_countries-pt","35":"pa_countries-ro","36":"pa_countries-se","37":"pa_countries-si","38":"pa_countries-sk","39":"pa_developer-arrowhead-game-studios","41":"pa_game_type-update","43":"pa_genres-shooter","44":"pa_genres-tactical","46":"pa_modes-co-operative","48":"pa_modes-single-player","49":"pa_platform-pc-steam","51":"pa_player_perspectives-bird-view-isometric","53":"pa_publisher-sony-interactive-entertainment","55":"pa_rating-14441","56":"pa_rating-773","57":"pa_region-europe","59":"pa_themes-science-fiction","62":"first","63":"instock","64":"virtual","65":"taxable","66":"purchasable","67":"product-type-simple"},"yoast_head":"<!-- This site is optimized with the Yoast SEO plugin v27.3 - https:\/\/yoast.com\/product\/yoast-seo-wordpress\/ -->\n<title>Helldivers: Dive Harder | BeGamer.cz<\/title>\n<meta name=\"robots\" content=\"index, follow, max-snippet:-1, max-image-preview:large, max-video-preview:-1\" \/>\n<link rel=\"canonical\" href=\"https:\/\/begamer.cz\/sk\/produkt\/helldivers-dive-harder-sk\/\" \/>\n<meta property=\"og:locale\" content=\"sk_SK\" \/>\n<meta property=\"og:type\" content=\"article\" \/>\n<meta property=\"og:title\" content=\"Helldivers: Dive Harder | BeGamer.cz\" \/>\n<meta property=\"og:description\" content=\"Helldivers: Dive Harder je intenz\u00edvna kooperat\u00edvna strie\u013ea\u010dka z poh\u013eadu zhora, v ktorej je k\u013e\u00fa\u010dov\u00e1 t\u00edmov\u00e1 pr\u00e1ca a strat\u00e9gia. Bojujte proti mimozemsk\u00fdm hrozb\u00e1m na nepriate\u013esk\u00fdch plan\u00e9tach, odomknite si mocn\u00e9 zbrane a prisp\u00f4sobte si svoju v\u00fdbavu. Ponorte sa do chaotick\u00fdch misi\u00ed sami alebo s priate\u013emi a zachr\u00e1\u0148te Super Zem!\" \/>\n<meta property=\"og:url\" content=\"https:\/\/begamer.cz\/sk\/produkt\/helldivers-dive-harder-sk\/\" \/>\n<meta property=\"og:site_name\" content=\"BeGamer.cz\" \/>\n<meta property=\"article:modified_time\" content=\"2026-03-11T20:59:42+00:00\" \/>\n<meta property=\"og:image\" content=\"https:\/\/begamer.cz\/wp-content\/uploads\/2026\/02\/helldivers-dive-harder-3.webp\" \/>\n\t<meta property=\"og:image:width\" content=\"300\" \/>\n\t<meta property=\"og:image:height\" content=\"400\" \/>\n\t<meta property=\"og:image:type\" content=\"image\/webp\" \/>\n<meta name=\"twitter:card\" content=\"summary_large_image\" \/>\n<meta name=\"twitter:label1\" content=\"Predpokladan\u00fd \u010das \u010d\u00edtania\" \/>\n\t<meta name=\"twitter:data1\" content=\"1 min\u00fata\" \/>\n<script type=\"application\/ld+json\" class=\"yoast-schema-graph\">{\"@context\":\"https:\\\/\\\/schema.org\",\"@graph\":[{\"@type\":\"WebPage\",\"@id\":\"https:\\\/\\\/begamer.cz\\\/sk\\\/produkt\\\/helldivers-dive-harder-sk\\\/\",\"url\":\"https:\\\/\\\/begamer.cz\\\/sk\\\/produkt\\\/helldivers-dive-harder-sk\\\/\",\"name\":\"Helldivers: Dive Harder | BeGamer.cz\",\"isPartOf\":{\"@id\":\"https:\\\/\\\/begamer.cz\\\/sk\\\/#website\"},\"primaryImageOfPage\":{\"@id\":\"https:\\\/\\\/begamer.cz\\\/sk\\\/produkt\\\/helldivers-dive-harder-sk\\\/#primaryimage\"},\"image\":{\"@id\":\"https:\\\/\\\/begamer.cz\\\/sk\\\/produkt\\\/helldivers-dive-harder-sk\\\/#primaryimage\"},\"thumbnailUrl\":\"https:\\\/\\\/begamer.cz\\\/wp-content\\\/uploads\\\/2026\\\/02\\\/helldivers-dive-harder-3.webp\",\"datePublished\":\"2026-02-08T06:39:20+00:00\",\"dateModified\":\"2026-03-11T20:59:42+00:00\",\"breadcrumb\":{\"@id\":\"https:\\\/\\\/begamer.cz\\\/sk\\\/produkt\\\/helldivers-dive-harder-sk\\\/#breadcrumb\"},\"inLanguage\":\"sk-SK\",\"potentialAction\":[{\"@type\":\"ReadAction\",\"target\":[\"https:\\\/\\\/begamer.cz\\\/sk\\\/produkt\\\/helldivers-dive-harder-sk\\\/\"]}]},{\"@type\":\"ImageObject\",\"inLanguage\":\"sk-SK\",\"@id\":\"https:\\\/\\\/begamer.cz\\\/sk\\\/produkt\\\/helldivers-dive-harder-sk\\\/#primaryimage\",\"url\":\"https:\\\/\\\/begamer.cz\\\/wp-content\\\/uploads\\\/2026\\\/02\\\/helldivers-dive-harder-3.webp\",\"contentUrl\":\"https:\\\/\\\/begamer.cz\\\/wp-content\\\/uploads\\\/2026\\\/02\\\/helldivers-dive-harder-3.webp\",\"width\":300,\"height\":400},{\"@type\":\"BreadcrumbList\",\"@id\":\"https:\\\/\\\/begamer.cz\\\/sk\\\/produkt\\\/helldivers-dive-harder-sk\\\/#breadcrumb\",\"itemListElement\":[{\"@type\":\"ListItem\",\"position\":1,\"name\":\"Domov\",\"item\":\"https:\\\/\\\/begamer.cz\\\/sk\\\/\"},{\"@type\":\"ListItem\",\"position\":2,\"name\":\"Obchod\",\"item\":\"https:\\\/\\\/begamer.cz\\\/obchod\\\/\"},{\"@type\":\"ListItem\",\"position\":3,\"name\":\"Helldivers: Dive Harder\"}]},{\"@type\":\"WebSite\",\"@id\":\"https:\\\/\\\/begamer.cz\\\/sk\\\/#website\",\"url\":\"https:\\\/\\\/begamer.cz\\\/sk\\\/\",\"name\":\"BeGamer.cz\",\"description\":\"\",\"publisher\":{\"@id\":\"https:\\\/\\\/begamer.cz\\\/sk\\\/#organization\"},\"potentialAction\":[{\"@type\":\"SearchAction\",\"target\":{\"@type\":\"EntryPoint\",\"urlTemplate\":\"https:\\\/\\\/begamer.cz\\\/sk\\\/?s={search_term_string}\"},\"query-input\":{\"@type\":\"PropertyValueSpecification\",\"valueRequired\":true,\"valueName\":\"search_term_string\"}}],\"inLanguage\":\"sk-SK\"},{\"@type\":\"Organization\",\"@id\":\"https:\\\/\\\/begamer.cz\\\/sk\\\/#organization\",\"name\":\"BeGamer.cz\",\"url\":\"https:\\\/\\\/begamer.cz\\\/sk\\\/\",\"logo\":{\"@type\":\"ImageObject\",\"inLanguage\":\"sk-SK\",\"@id\":\"https:\\\/\\\/begamer.cz\\\/sk\\\/#\\\/schema\\\/logo\\\/image\\\/\",\"url\":\"https:\\\/\\\/begamer.cz\\\/wp-content\\\/uploads\\\/2025\\\/07\\\/logo.svg\",\"contentUrl\":\"https:\\\/\\\/begamer.cz\\\/wp-content\\\/uploads\\\/2025\\\/07\\\/logo.svg\",\"caption\":\"BeGamer.cz\"},\"image\":{\"@id\":\"https:\\\/\\\/begamer.cz\\\/sk\\\/#\\\/schema\\\/logo\\\/image\\\/\"}}]}<\/script>\n<!-- \/ Yoast SEO plugin. -->","yoast_head_json":{"title":"Helldivers: Dive Harder | BeGamer.cz","robots":{"index":"index","follow":"follow","max-snippet":"max-snippet:-1","max-image-preview":"max-image-preview:large","max-video-preview":"max-video-preview:-1"},"canonical":"https:\/\/begamer.cz\/sk\/produkt\/helldivers-dive-harder-sk\/","og_locale":"sk_SK","og_type":"article","og_title":"Helldivers: Dive Harder | BeGamer.cz","og_description":"Helldivers: Dive Harder je intenz\u00edvna kooperat\u00edvna strie\u013ea\u010dka z poh\u013eadu zhora, v ktorej je k\u013e\u00fa\u010dov\u00e1 t\u00edmov\u00e1 pr\u00e1ca a strat\u00e9gia. Bojujte proti mimozemsk\u00fdm hrozb\u00e1m na nepriate\u013esk\u00fdch plan\u00e9tach, odomknite si mocn\u00e9 zbrane a prisp\u00f4sobte si svoju v\u00fdbavu. Ponorte sa do chaotick\u00fdch misi\u00ed sami alebo s priate\u013emi a zachr\u00e1\u0148te Super Zem!","og_url":"https:\/\/begamer.cz\/sk\/produkt\/helldivers-dive-harder-sk\/","og_site_name":"BeGamer.cz","article_modified_time":"2026-03-11T20:59:42+00:00","og_image":[{"width":300,"height":400,"url":"https:\/\/begamer.cz\/wp-content\/uploads\/2026\/02\/helldivers-dive-harder-3.webp","type":"image\/webp"}],"twitter_card":"summary_large_image","twitter_misc":{"Predpokladan\u00fd \u010das \u010d\u00edtania":"1 min\u00fata"},"schema":{"@context":"https:\/\/schema.org","@graph":[{"@type":"WebPage","@id":"https:\/\/begamer.cz\/sk\/produkt\/helldivers-dive-harder-sk\/","url":"https:\/\/begamer.cz\/sk\/produkt\/helldivers-dive-harder-sk\/","name":"Helldivers: Dive Harder | BeGamer.cz","isPartOf":{"@id":"https:\/\/begamer.cz\/sk\/#website"},"primaryImageOfPage":{"@id":"https:\/\/begamer.cz\/sk\/produkt\/helldivers-dive-harder-sk\/#primaryimage"},"image":{"@id":"https:\/\/begamer.cz\/sk\/produkt\/helldivers-dive-harder-sk\/#primaryimage"},"thumbnailUrl":"https:\/\/begamer.cz\/wp-content\/uploads\/2026\/02\/helldivers-dive-harder-3.webp","datePublished":"2026-02-08T06:39:20+00:00","dateModified":"2026-03-11T20:59:42+00:00","breadcrumb":{"@id":"https:\/\/begamer.cz\/sk\/produkt\/helldivers-dive-harder-sk\/#breadcrumb"},"inLanguage":"sk-SK","potentialAction":[{"@type":"ReadAction","target":["https:\/\/begamer.cz\/sk\/produkt\/helldivers-dive-harder-sk\/"]}]},{"@type":"ImageObject","inLanguage":"sk-SK","@id":"https:\/\/begamer.cz\/sk\/produkt\/helldivers-dive-harder-sk\/#primaryimage","url":"https:\/\/begamer.cz\/wp-content\/uploads\/2026\/02\/helldivers-dive-harder-3.webp","contentUrl":"https:\/\/begamer.cz\/wp-content\/uploads\/2026\/02\/helldivers-dive-harder-3.webp","width":300,"height":400},{"@type":"BreadcrumbList","@id":"https:\/\/begamer.cz\/sk\/produkt\/helldivers-dive-harder-sk\/#breadcrumb","itemListElement":[{"@type":"ListItem","position":1,"name":"Domov","item":"https:\/\/begamer.cz\/sk\/"},{"@type":"ListItem","position":2,"name":"Obchod","item":"https:\/\/begamer.cz\/obchod\/"},{"@type":"ListItem","position":3,"name":"Helldivers: Dive Harder"}]},{"@type":"WebSite","@id":"https:\/\/begamer.cz\/sk\/#website","url":"https:\/\/begamer.cz\/sk\/","name":"BeGamer.cz","description":"","publisher":{"@id":"https:\/\/begamer.cz\/sk\/#organization"},"potentialAction":[{"@type":"SearchAction","target":{"@type":"EntryPoint","urlTemplate":"https:\/\/begamer.cz\/sk\/?s={search_term_string}"},"query-input":{"@type":"PropertyValueSpecification","valueRequired":true,"valueName":"search_term_string"}}],"inLanguage":"sk-SK"},{"@type":"Organization","@id":"https:\/\/begamer.cz\/sk\/#organization","name":"BeGamer.cz","url":"https:\/\/begamer.cz\/sk\/","logo":{"@type":"ImageObject","inLanguage":"sk-SK","@id":"https:\/\/begamer.cz\/sk\/#\/schema\/logo\/image\/","url":"https:\/\/begamer.cz\/wp-content\/uploads\/2025\/07\/logo.svg","contentUrl":"https:\/\/begamer.cz\/wp-content\/uploads\/2025\/07\/logo.svg","caption":"BeGamer.cz"},"image":{"@id":"https:\/\/begamer.cz\/sk\/#\/schema\/logo\/image\/"}}]}},"acf":[],"_links":{"self":[{"href":"https:\/\/begamer.cz\/sk\/wp-json\/wp\/v2\/product\/107928","targetHints":{"allow":["GET"]}}],"collection":[{"href":"https:\/\/begamer.cz\/sk\/wp-json\/wp\/v2\/product"}],"about":[{"href":"https:\/\/begamer.cz\/sk\/wp-json\/wp\/v2\/types\/product"}],"replies":[{"embeddable":true,"href":"https:\/\/begamer.cz\/sk\/wp-json\/wp\/v2\/comments?post=107928"}],"wp:featuredmedia":[{"embeddable":true,"href":"https:\/\/begamer.cz\/sk\/wp-json\/wp\/v2\/media\/107925"}],"wp:attachment":[{"href":"https:\/\/begamer.cz\/sk\/wp-json\/wp\/v2\/media?parent=107928"}],"wp:term":[{"taxonomy":"product_brand","embeddable":true,"href":"https:\/\/begamer.cz\/sk\/wp-json\/wp\/v2\/product_brand?post=107928"},{"taxonomy":"product_cat","embeddable":true,"href":"https:\/\/begamer.cz\/sk\/wp-json\/wp\/v2\/product_cat?post=107928"},{"taxonomy":"product_tag","embeddable":true,"href":"https:\/\/begamer.cz\/sk\/wp-json\/wp\/v2\/product_tag?post=107928"}],"curies":[{"name":"wp","href":"https:\/\/api.w.org\/{rel}","templated":true}]}}