{"id":107889,"date":"2026-02-08T07:39:06","date_gmt":"2026-02-08T06:39:06","guid":{"rendered":"https:\/\/begamer.cz\/produkt\/lies-of-p-sk-1770532752\/"},"modified":"2026-03-11T21:59:00","modified_gmt":"2026-03-11T20:59:00","slug":"lies-of-p-sk-2","status":"publish","type":"product","link":"https:\/\/begamer.cz\/sk\/produkt\/lies-of-p-sk-2\/","title":{"rendered":"Lies of P"},"content":{"rendered":"<p><strong><span class=\"bb_img_ctn\"><video class=\"bb_img\" autoplay muted loop playsinline poster=\"https:\/\/shared.akamai.steamstatic.com\/store_item_assets\/steam\/apps\/1627720\/extras\/118b759967563c7ff05b70d793589208.poster.avif?t=1754552654\" width=616 height=250 ><source src=\"https:\/\/shared.akamai.steamstatic.com\/store_item_assets\/steam\/apps\/1627720\/extras\/118b759967563c7ff05b70d793589208.webm?t=1754552654\" type=\"video\/webm; codecs=vp9\"><source src=\"https:\/\/shared.akamai.steamstatic.com\/store_item_assets\/steam\/apps\/1627720\/extras\/118b759967563c7ff05b70d793589208.mp4?t=1754552654\" type=\"video\/mp4\"><\/video><\/span><\/strong><br \/>Si b\u00e1bka vytvoren\u00e1 Geppettom, ktor\u00e1 uviazla v sieti l\u017e\u00ed s nepredstavite\u013en\u00fdmi mon\u0161trami a ned\u00f4veryhodn\u00fdmi postavami stojacimi medzi tebou a udalos\u0165ami, ktor\u00e9 postihli svet Lies of P.<\/p>\n<p>Prebud\u00ed \u0165a tajomn\u00fd hlas, ktor\u00fd \u0165a prevedie su\u017eovan\u00fdm mestom Krat \u2013 kedysi \u017eiv\u00fdm miestom, ktor\u00e9 bolo otr\u00e1ven\u00e9 \u0161ialenstvom a krvila\u010dnos\u0165ou. V na\u0161ej hre typu soulslike sa mus\u00edte prisp\u00f4sobi\u0165 a  svoje zbrane, aby ste \u010delili nepredstavite\u013en\u00fdm hr\u00f4zam, rozl\u00faskli nepochopite\u013en\u00e9 tajomstv\u00e1 el\u00edt mesta a rozhodli sa, \u010di budete \u010deli\u0165 \u0165a\u017ekostiam pravdou, alebo budete tka\u0165 l\u017ei, aby ste ich prekonali na ceste k n\u00e1jdeniu seba sam\u00e9ho.<\/p>\n<p><strong><span class=\"bb_img_ctn\"><video class=\"bb_img\" autoplay muted loop playsinline poster=\"https:\/\/shared.akamai.steamstatic.com\/store_item_assets\/steam\/apps\/1627720\/extras\/0c56417d1079b7b08ff2751d73edd270.poster.avif?t=1754552654\" width=616 height=348 ><source src=\"https:\/\/shared.akamai.steamstatic.com\/store_item_assets\/steam\/apps\/1627720\/extras\/0c56417d1079b7b08ff2751d73edd270.webm?t=1754552654\" type=\"video\/webm; codecs=vp9\"><source src=\"https:\/\/shared.akamai.steamstatic.com\/store_item_assets\/steam\/apps\/1627720\/extras\/0c56417d1079b7b08ff2751d73edd270.mp4?t=1754552654\" type=\"video\/mp4\"><\/video><\/span><\/strong><\/p>\n<h2 class=\"bb_tag\" ><strong>\u30fb TEMN\u00dd, ELEGANTN\u00dd A KRUT\u00dd SVET<\/strong><\/h2>\n<p>Odha\u013ete tajomstv\u00e1 mesta Krat \u2013 miesta presiaknut\u00e9ho \u0161t\u00fdlom Belle Epoque, ktor\u00e9 kedysi prosperovalo v\u010faka svojmu b\u00e1bkov\u00e9mu priemyslu a teraz s\u00fa jeho ulice pokryt\u00e9 krvou.<\/p>\n<h2 class=\"bb_tag\" ><strong>\u30fbBOJ S PERVERZN\u00ddMI N\u00c1STROJMI<\/strong><\/h2>\n<p>Vytvorte si jedine\u010dn\u00fd bojov\u00fd \u0161t\u00fdl, aby ste mohli \u010deli\u0165 krut\u00fdm nepriate\u013eom a ter\u00e9nu, a to kombinovan\u00edm dynamick\u00fdch zbran\u00ed, vyu\u017e\u00edvan\u00edm Legion Arms a aktivovan\u00edm nov\u00fdch schopnost\u00ed.<\/p>\n<h2 class=\"bb_tag\" ><strong>\u30fb\u010cO JE V L\u017dI?<\/strong><\/h2>\n<p>Bud\u00fa situ\u00e1cie, ke\u010f budete musie\u0165 \u010deli\u0165 vo\u013eb\u00e1m, \u010di m\u00f4\u017eete ute\u0161i\u0165 druh\u00fdch v sm\u00fatku alebo z\u00fafalstve l\u017eou&#8230; alebo sa rozhodnete poveda\u0165 pravdu.<\/p>\n<p>Vytvorte si svoju vlastn\u00fa cestu.<\/p>\n<h2 class=\"bb_tag\" ><strong>\u30fbKLASIKA V NOVOM \u0160AT\u00c1CH<\/strong><\/h2>\n<p>Za\u017eite ob\u013e\u00faben\u00fa rozpr\u00e1vku o Pinocchiovi v novej interpret\u00e1cii ako temn\u00fd, pochm\u00farny pr\u00edbeh, ktor\u00fd hr\u00e1\u010dom umo\u017e\u0148uje odhali\u0165 tajomstv\u00e1 a symboly skryt\u00e9 vo svete Lies of P.<\/p>\n","protected":false},"excerpt":{"rendered":"<p>Lies of P je nap\u00ednav\u00e1 hra podobn\u00e1 Soulslike, ktor\u00e1 prevracia pr\u00edbeh Pinocchia naruby a zasadzuje ho do temne elegantn\u00e9ho prostredia \u00e9ry Belle Epoque.<\/p>\n","protected":false},"featured_media":107886,"comment_status":"open","ping_status":"closed","template":"","meta":{"_acf_changed":false},"product_brand":[],"product_cat":[270,268,266,308,312],"product_tag":[],"class_list":{"0":"post-107889","1":"product","2":"type-product","3":"status-publish","4":"has-post-thumbnail","6":"product_cat-adventury-pc-hry-sk","7":"product_cat-pc-sk","8":"product_cat-pc-hry-sk","9":"product_cat-rpg-pc-hry-sk","10":"product_cat-steam-pc-sk","11":"pa_audio-en-us","13":"pa_countries-ad","14":"pa_countries-ae","15":"pa_countries-af","16":"pa_countries-ag","17":"pa_countries-ai","18":"pa_countries-al","19":"pa_countries-am","20":"pa_countries-an","22":"pa_countries-ao","23":"pa_countries-aq","24":"pa_countries-ar","25":"pa_countries-as","26":"pa_countries-at","27":"pa_countries-au","28":"pa_countries-aw","29":"pa_countries-az","30":"pa_countries-ba","31":"pa_countries-bb","32":"pa_countries-bd","33":"pa_countries-be","34":"pa_countries-bf","35":"pa_countries-bg","36":"pa_countries-bh","37":"pa_countries-bi","38":"pa_countries-bj","39":"pa_countries-bl","40":"pa_countries-bm","41":"pa_countries-bn","42":"pa_countries-bo","43":"pa_countries-bq","44":"pa_countries-br","45":"pa_countries-bs","46":"pa_countries-bt","47":"pa_countries-bv","48":"pa_countries-bw","49":"pa_countries-by","50":"pa_countries-bz","51":"pa_countries-ca","52":"pa_countries-cc","53":"pa_countries-cd","54":"pa_countries-cf","55":"pa_countries-cg","56":"pa_countries-ch","57":"pa_countries-ci","58":"pa_countries-ck","59":"pa_countries-cl","60":"pa_countries-cm","61":"pa_countries-cn","62":"pa_countries-co","63":"pa_countries-cr","64":"pa_countries-cu","65":"pa_countries-cv","66":"pa_countries-cw","67":"pa_countries-cx","68":"pa_countries-cy","69":"pa_countries-cz","70":"pa_countries-de","71":"pa_countries-dj","72":"pa_countries-dk","73":"pa_countries-dm","74":"pa_countries-do","75":"pa_countries-dz","76":"pa_countries-ec","77":"pa_countries-ee","78":"pa_countries-eg","79":"pa_countries-eh","80":"pa_countries-er","81":"pa_countries-es","82":"pa_countries-et","83":"pa_countries-fi","84":"pa_countries-fj","85":"pa_countries-fk","86":"pa_countries-fo","87":"pa_countries-fr","88":"pa_countries-ga","89":"pa_countries-gb","90":"pa_countries-gd","91":"pa_countries-ge","92":"pa_countries-gf","93":"pa_countries-gg","94":"pa_countries-gh","95":"pa_countries-gi","96":"pa_countries-gl","97":"pa_countries-gm","98":"pa_countries-gn","99":"pa_countries-gp","100":"pa_countries-gq","101":"pa_countries-gr","102":"pa_countries-gs","103":"pa_countries-gt","104":"pa_countries-gu","105":"pa_countries-gw","106":"pa_countries-gy","107":"pa_countries-hk","108":"pa_countries-hm","109":"pa_countries-hn","110":"pa_countries-hr","111":"pa_countries-ht","112":"pa_countries-hu","113":"pa_countries-id","114":"pa_countries-ie","115":"pa_countries-il","116":"pa_countries-im","117":"pa_countries-in","118":"pa_countries-iq","119":"pa_countries-ir","120":"pa_countries-is","121":"pa_countries-it","122":"pa_countries-je","123":"pa_countries-jm","124":"pa_countries-jo","125":"pa_countries-jp","126":"pa_countries-ke","127":"pa_countries-kg","128":"pa_countries-kh","129":"pa_countries-ki","130":"pa_countries-km","131":"pa_countries-kn","132":"pa_countries-kp","133":"pa_countries-kr","134":"pa_countries-kw","135":"pa_countries-ky","136":"pa_countries-kz","137":"pa_countries-la","138":"pa_countries-lb","139":"pa_countries-lc","140":"pa_countries-li","141":"pa_countries-lk","142":"pa_countries-lr","143":"pa_countries-ls","144":"pa_countries-lt","145":"pa_countries-lu","146":"pa_countries-lv","147":"pa_countries-ly","148":"pa_countries-ma","149":"pa_countries-mc","150":"pa_countries-md","151":"pa_countries-me","152":"pa_countries-mf","153":"pa_countries-mg","154":"pa_countries-mh","155":"pa_countries-mk","156":"pa_countries-ml","157":"pa_countries-mm","158":"pa_countries-mn","159":"pa_countries-mo","160":"pa_countries-mp","161":"pa_countries-mq","162":"pa_countries-mr","163":"pa_countries-ms","164":"pa_countries-mt","165":"pa_countries-mu","166":"pa_countries-mv","167":"pa_countries-mw","168":"pa_countries-mx","169":"pa_countries-my","170":"pa_countries-mz","171":"pa_countries-na","172":"pa_countries-nc","173":"pa_countries-ne","174":"pa_countries-nf","175":"pa_countries-ng","176":"pa_countries-ni","177":"pa_countries-nl","178":"pa_countries-no","179":"pa_countries-np","180":"pa_countries-nr","181":"pa_countries-nu","182":"pa_countries-nz","183":"pa_countries-om","184":"pa_countries-pa","185":"pa_countries-pe","186":"pa_countries-pf","187":"pa_countries-pg","188":"pa_countries-ph","189":"pa_countries-pk","190":"pa_countries-pl","191":"pa_countries-pm","192":"pa_countries-pn","193":"pa_countries-pr","194":"pa_countries-ps","195":"pa_countries-pt","196":"pa_countries-pw","197":"pa_countries-py","198":"pa_countries-qa","199":"pa_countries-ro","200":"pa_countries-rs","201":"pa_countries-ru","203":"pa_countries-rw","204":"pa_countries-sa","205":"pa_countries-sb","206":"pa_countries-sc","207":"pa_countries-sd","208":"pa_countries-se","209":"pa_countries-sg","210":"pa_countries-sh","211":"pa_countries-si","212":"pa_countries-sj","213":"pa_countries-sk","214":"pa_countries-sl","215":"pa_countries-sm","216":"pa_countries-sn","217":"pa_countries-so","218":"pa_countries-sr","219":"pa_countries-ss","220":"pa_countries-st","221":"pa_countries-sv","222":"pa_countries-sx","223":"pa_countries-sy","224":"pa_countries-sz","225":"pa_countries-tc","226":"pa_countries-td","227":"pa_countries-tg","228":"pa_countries-th","229":"pa_countries-tj","230":"pa_countries-tk","231":"pa_countries-tl","232":"pa_countries-tm","233":"pa_countries-tn","234":"pa_countries-to","235":"pa_countries-tr","236":"pa_countries-tt","237":"pa_countries-tv","238":"pa_countries-tw","239":"pa_countries-tz","240":"pa_countries-ua","241":"pa_countries-ug","242":"pa_countries-um","243":"pa_countries-us","244":"pa_countries-uy","245":"pa_countries-uz","246":"pa_countries-va","247":"pa_countries-vc","248":"pa_countries-ve","249":"pa_countries-vg","250":"pa_countries-vi","251":"pa_countries-vn","252":"pa_countries-vu","253":"pa_countries-wf","254":"pa_countries-ws","255":"pa_countries-xk","256":"pa_countries-ye","257":"pa_countries-yt","258":"pa_countries-za","259":"pa_countries-zm","260":"pa_countries-zw","261":"pa_developer-round8-studio","263":"pa_engine-unreal-engine-4","265":"pa_game_type-main_game","267":"pa_genres-adventure","269":"pa_genres-role-playing-rpg","271":"pa_interface-de-de","272":"pa_interface-en-us","273":"pa_interface-es-es","274":"pa_interface-fr-fr","275":"pa_interface-it-it","276":"pa_interface-ja-jp","277":"pa_interface-ko-kr","278":"pa_interface-pl-pl","279":"pa_interface-pt-br","281":"pa_interface-ru-ru","283":"pa_interface-zh-cn","284":"pa_interface-zh-tw","285":"pa_keywords-atmospheric","287":"pa_keywords-male-protagonist","289":"pa_keywords-soulslike","290":"pa_keywords-steampunk","291":"pa_keywords-story-rich","292":"pa_modes-single-player","294":"pa_pegi-13432","295":"pa_pegi-956","296":"pa_platform-pc-steam","298":"pa_player_perspectives-third-person","300":"pa_publisher-neowiz","302":"pa_rating-14494","303":"pa_rating-1292","304":"pa_region-global","306":"pa_subtitles-de-de","308":"pa_subtitles-en-us","309":"pa_subtitles-es-es","310":"pa_subtitles-fr-fr","311":"pa_subtitles-it-it","312":"pa_subtitles-ja-jp","313":"pa_subtitles-ko-kr","314":"pa_subtitles-pl-pl","315":"pa_subtitles-pt-br","316":"pa_subtitles-ru-ru","318":"pa_subtitles-zh-cn","319":"pa_subtitles-zh-tw","320":"pa_themes-action","321":"pa_themes-horror","323":"pa_themes-open-world","326":"first","327":"instock","328":"virtual","329":"taxable","330":"purchasable","331":"product-type-simple"},"yoast_head":"<!-- This site is optimized with the Yoast SEO plugin v27.3 - https:\/\/yoast.com\/product\/yoast-seo-wordpress\/ -->\n<title>Lies of P | BeGamer.cz<\/title>\n<meta name=\"robots\" content=\"index, follow, max-snippet:-1, max-image-preview:large, max-video-preview:-1\" \/>\n<link rel=\"canonical\" href=\"https:\/\/begamer.cz\/sk\/produkt\/lies-of-p-sk-2\/\" \/>\n<meta property=\"og:locale\" content=\"sk_SK\" \/>\n<meta property=\"og:type\" content=\"article\" \/>\n<meta property=\"og:title\" content=\"Lies of P | BeGamer.cz\" \/>\n<meta property=\"og:description\" content=\"Lies of P je nap\u00ednav\u00e1 hra podobn\u00e1 Soulslike, ktor\u00e1 prevracia pr\u00edbeh Pinocchia naruby a zasadzuje ho do temne elegantn\u00e9ho prostredia \u00e9ry Belle Epoque.\" \/>\n<meta property=\"og:url\" content=\"https:\/\/begamer.cz\/sk\/produkt\/lies-of-p-sk-2\/\" \/>\n<meta property=\"og:site_name\" content=\"BeGamer.cz\" \/>\n<meta property=\"article:modified_time\" content=\"2026-03-11T20:59:00+00:00\" \/>\n<meta property=\"og:image\" content=\"https:\/\/begamer.cz\/wp-content\/uploads\/2026\/02\/lies-of-p-5.webp\" \/>\n\t<meta property=\"og:image:width\" content=\"300\" \/>\n\t<meta property=\"og:image:height\" content=\"400\" \/>\n\t<meta property=\"og:image:type\" content=\"image\/webp\" \/>\n<meta name=\"twitter:card\" content=\"summary_large_image\" \/>\n<meta name=\"twitter:label1\" content=\"Predpokladan\u00fd \u010das \u010d\u00edtania\" \/>\n\t<meta name=\"twitter:data1\" content=\"1 min\u00fata\" \/>\n<script type=\"application\/ld+json\" class=\"yoast-schema-graph\">{\"@context\":\"https:\\\/\\\/schema.org\",\"@graph\":[{\"@type\":\"WebPage\",\"@id\":\"https:\\\/\\\/begamer.cz\\\/sk\\\/produkt\\\/lies-of-p-sk-2\\\/\",\"url\":\"https:\\\/\\\/begamer.cz\\\/sk\\\/produkt\\\/lies-of-p-sk-2\\\/\",\"name\":\"Lies of P | BeGamer.cz\",\"isPartOf\":{\"@id\":\"https:\\\/\\\/begamer.cz\\\/sk\\\/#website\"},\"primaryImageOfPage\":{\"@id\":\"https:\\\/\\\/begamer.cz\\\/sk\\\/produkt\\\/lies-of-p-sk-2\\\/#primaryimage\"},\"image\":{\"@id\":\"https:\\\/\\\/begamer.cz\\\/sk\\\/produkt\\\/lies-of-p-sk-2\\\/#primaryimage\"},\"thumbnailUrl\":\"https:\\\/\\\/begamer.cz\\\/wp-content\\\/uploads\\\/2026\\\/02\\\/lies-of-p-5.webp\",\"datePublished\":\"2026-02-08T06:39:06+00:00\",\"dateModified\":\"2026-03-11T20:59:00+00:00\",\"breadcrumb\":{\"@id\":\"https:\\\/\\\/begamer.cz\\\/sk\\\/produkt\\\/lies-of-p-sk-2\\\/#breadcrumb\"},\"inLanguage\":\"sk-SK\",\"potentialAction\":[{\"@type\":\"ReadAction\",\"target\":[\"https:\\\/\\\/begamer.cz\\\/sk\\\/produkt\\\/lies-of-p-sk-2\\\/\"]}]},{\"@type\":\"ImageObject\",\"inLanguage\":\"sk-SK\",\"@id\":\"https:\\\/\\\/begamer.cz\\\/sk\\\/produkt\\\/lies-of-p-sk-2\\\/#primaryimage\",\"url\":\"https:\\\/\\\/begamer.cz\\\/wp-content\\\/uploads\\\/2026\\\/02\\\/lies-of-p-5.webp\",\"contentUrl\":\"https:\\\/\\\/begamer.cz\\\/wp-content\\\/uploads\\\/2026\\\/02\\\/lies-of-p-5.webp\",\"width\":300,\"height\":400},{\"@type\":\"BreadcrumbList\",\"@id\":\"https:\\\/\\\/begamer.cz\\\/sk\\\/produkt\\\/lies-of-p-sk-2\\\/#breadcrumb\",\"itemListElement\":[{\"@type\":\"ListItem\",\"position\":1,\"name\":\"Domov\",\"item\":\"https:\\\/\\\/begamer.cz\\\/sk\\\/\"},{\"@type\":\"ListItem\",\"position\":2,\"name\":\"Obchod\",\"item\":\"https:\\\/\\\/begamer.cz\\\/obchod\\\/\"},{\"@type\":\"ListItem\",\"position\":3,\"name\":\"Lies of P\"}]},{\"@type\":\"WebSite\",\"@id\":\"https:\\\/\\\/begamer.cz\\\/sk\\\/#website\",\"url\":\"https:\\\/\\\/begamer.cz\\\/sk\\\/\",\"name\":\"BeGamer.cz\",\"description\":\"\",\"publisher\":{\"@id\":\"https:\\\/\\\/begamer.cz\\\/sk\\\/#organization\"},\"potentialAction\":[{\"@type\":\"SearchAction\",\"target\":{\"@type\":\"EntryPoint\",\"urlTemplate\":\"https:\\\/\\\/begamer.cz\\\/sk\\\/?s={search_term_string}\"},\"query-input\":{\"@type\":\"PropertyValueSpecification\",\"valueRequired\":true,\"valueName\":\"search_term_string\"}}],\"inLanguage\":\"sk-SK\"},{\"@type\":\"Organization\",\"@id\":\"https:\\\/\\\/begamer.cz\\\/sk\\\/#organization\",\"name\":\"BeGamer.cz\",\"url\":\"https:\\\/\\\/begamer.cz\\\/sk\\\/\",\"logo\":{\"@type\":\"ImageObject\",\"inLanguage\":\"sk-SK\",\"@id\":\"https:\\\/\\\/begamer.cz\\\/sk\\\/#\\\/schema\\\/logo\\\/image\\\/\",\"url\":\"https:\\\/\\\/begamer.cz\\\/wp-content\\\/uploads\\\/2025\\\/07\\\/logo.svg\",\"contentUrl\":\"https:\\\/\\\/begamer.cz\\\/wp-content\\\/uploads\\\/2025\\\/07\\\/logo.svg\",\"caption\":\"BeGamer.cz\"},\"image\":{\"@id\":\"https:\\\/\\\/begamer.cz\\\/sk\\\/#\\\/schema\\\/logo\\\/image\\\/\"}}]}<\/script>\n<!-- \/ Yoast SEO plugin. -->","yoast_head_json":{"title":"Lies of P | BeGamer.cz","robots":{"index":"index","follow":"follow","max-snippet":"max-snippet:-1","max-image-preview":"max-image-preview:large","max-video-preview":"max-video-preview:-1"},"canonical":"https:\/\/begamer.cz\/sk\/produkt\/lies-of-p-sk-2\/","og_locale":"sk_SK","og_type":"article","og_title":"Lies of P | BeGamer.cz","og_description":"Lies of P je nap\u00ednav\u00e1 hra podobn\u00e1 Soulslike, ktor\u00e1 prevracia pr\u00edbeh Pinocchia naruby a zasadzuje ho do temne elegantn\u00e9ho prostredia \u00e9ry Belle Epoque.","og_url":"https:\/\/begamer.cz\/sk\/produkt\/lies-of-p-sk-2\/","og_site_name":"BeGamer.cz","article_modified_time":"2026-03-11T20:59:00+00:00","og_image":[{"width":300,"height":400,"url":"https:\/\/begamer.cz\/wp-content\/uploads\/2026\/02\/lies-of-p-5.webp","type":"image\/webp"}],"twitter_card":"summary_large_image","twitter_misc":{"Predpokladan\u00fd \u010das \u010d\u00edtania":"1 min\u00fata"},"schema":{"@context":"https:\/\/schema.org","@graph":[{"@type":"WebPage","@id":"https:\/\/begamer.cz\/sk\/produkt\/lies-of-p-sk-2\/","url":"https:\/\/begamer.cz\/sk\/produkt\/lies-of-p-sk-2\/","name":"Lies of P | BeGamer.cz","isPartOf":{"@id":"https:\/\/begamer.cz\/sk\/#website"},"primaryImageOfPage":{"@id":"https:\/\/begamer.cz\/sk\/produkt\/lies-of-p-sk-2\/#primaryimage"},"image":{"@id":"https:\/\/begamer.cz\/sk\/produkt\/lies-of-p-sk-2\/#primaryimage"},"thumbnailUrl":"https:\/\/begamer.cz\/wp-content\/uploads\/2026\/02\/lies-of-p-5.webp","datePublished":"2026-02-08T06:39:06+00:00","dateModified":"2026-03-11T20:59:00+00:00","breadcrumb":{"@id":"https:\/\/begamer.cz\/sk\/produkt\/lies-of-p-sk-2\/#breadcrumb"},"inLanguage":"sk-SK","potentialAction":[{"@type":"ReadAction","target":["https:\/\/begamer.cz\/sk\/produkt\/lies-of-p-sk-2\/"]}]},{"@type":"ImageObject","inLanguage":"sk-SK","@id":"https:\/\/begamer.cz\/sk\/produkt\/lies-of-p-sk-2\/#primaryimage","url":"https:\/\/begamer.cz\/wp-content\/uploads\/2026\/02\/lies-of-p-5.webp","contentUrl":"https:\/\/begamer.cz\/wp-content\/uploads\/2026\/02\/lies-of-p-5.webp","width":300,"height":400},{"@type":"BreadcrumbList","@id":"https:\/\/begamer.cz\/sk\/produkt\/lies-of-p-sk-2\/#breadcrumb","itemListElement":[{"@type":"ListItem","position":1,"name":"Domov","item":"https:\/\/begamer.cz\/sk\/"},{"@type":"ListItem","position":2,"name":"Obchod","item":"https:\/\/begamer.cz\/obchod\/"},{"@type":"ListItem","position":3,"name":"Lies of P"}]},{"@type":"WebSite","@id":"https:\/\/begamer.cz\/sk\/#website","url":"https:\/\/begamer.cz\/sk\/","name":"BeGamer.cz","description":"","publisher":{"@id":"https:\/\/begamer.cz\/sk\/#organization"},"potentialAction":[{"@type":"SearchAction","target":{"@type":"EntryPoint","urlTemplate":"https:\/\/begamer.cz\/sk\/?s={search_term_string}"},"query-input":{"@type":"PropertyValueSpecification","valueRequired":true,"valueName":"search_term_string"}}],"inLanguage":"sk-SK"},{"@type":"Organization","@id":"https:\/\/begamer.cz\/sk\/#organization","name":"BeGamer.cz","url":"https:\/\/begamer.cz\/sk\/","logo":{"@type":"ImageObject","inLanguage":"sk-SK","@id":"https:\/\/begamer.cz\/sk\/#\/schema\/logo\/image\/","url":"https:\/\/begamer.cz\/wp-content\/uploads\/2025\/07\/logo.svg","contentUrl":"https:\/\/begamer.cz\/wp-content\/uploads\/2025\/07\/logo.svg","caption":"BeGamer.cz"},"image":{"@id":"https:\/\/begamer.cz\/sk\/#\/schema\/logo\/image\/"}}]}},"acf":[],"_links":{"self":[{"href":"https:\/\/begamer.cz\/sk\/wp-json\/wp\/v2\/product\/107889","targetHints":{"allow":["GET"]}}],"collection":[{"href":"https:\/\/begamer.cz\/sk\/wp-json\/wp\/v2\/product"}],"about":[{"href":"https:\/\/begamer.cz\/sk\/wp-json\/wp\/v2\/types\/product"}],"replies":[{"embeddable":true,"href":"https:\/\/begamer.cz\/sk\/wp-json\/wp\/v2\/comments?post=107889"}],"wp:featuredmedia":[{"embeddable":true,"href":"https:\/\/begamer.cz\/sk\/wp-json\/wp\/v2\/media\/107886"}],"wp:attachment":[{"href":"https:\/\/begamer.cz\/sk\/wp-json\/wp\/v2\/media?parent=107889"}],"wp:term":[{"taxonomy":"product_brand","embeddable":true,"href":"https:\/\/begamer.cz\/sk\/wp-json\/wp\/v2\/product_brand?post=107889"},{"taxonomy":"product_cat","embeddable":true,"href":"https:\/\/begamer.cz\/sk\/wp-json\/wp\/v2\/product_cat?post=107889"},{"taxonomy":"product_tag","embeddable":true,"href":"https:\/\/begamer.cz\/sk\/wp-json\/wp\/v2\/product_tag?post=107889"}],"curies":[{"name":"wp","href":"https:\/\/api.w.org\/{rel}","templated":true}]}}