{"id":107868,"date":"2026-02-08T07:38:58","date_gmt":"2026-02-08T06:38:58","guid":{"rendered":"https:\/\/begamer.cz\/produkt\/project-hospital-sk\/"},"modified":"2026-03-11T21:58:39","modified_gmt":"2026-03-11T20:58:39","slug":"project-hospital-sk","status":"publish","type":"product","link":"https:\/\/begamer.cz\/sk\/produkt\/project-hospital-sk\/","title":{"rendered":"Project Hospital"},"content":{"rendered":"<p>Sta\u0148te sa \u0161pi\u010dkov\u00fdm lek\u00e1rom, ambici\u00f3znym architektom a \u00faspe\u0161n\u00fdm mana\u017e\u00e9rom z\u00e1rove\u0148. Navrhnite si svoju vlastn\u00fa nemocnicu, vyladte ka\u017ed\u00fd detail alebo si vyberte jeden z predpripraven\u00fdch scen\u00e1rov a jednoducho sa vrhajte do lek\u00e1rskej praxe.<\/p>\n<p>Uzavrite zmluvy s r\u00f4znymi pois\u0165ov\u0148ami, aby ste z\u00edskali pr\u00edstup k pacientom so zauj\u00edmav\u00fdmi zdravotn\u00fdmi probl\u00e9mami, vykon\u00e1vajte vy\u0161etrenia, laborat\u00f3rne testy a pou\u017e\u00edvajte r\u00f4zne zariadenia na rie\u0161enie diagnostick\u00fdch h\u00e1daniek. Hospitalizujte svojich pacientov, vykon\u00e1vajte oper\u00e1cie a ove\u013ea viac!<\/p>\n<p><span class=\"bb_img_ctn\"><img decoding=\"async\" class=\"bb_img\" src=\"https:\/\/shared.akamai.steamstatic.com\/store_item_assets\/steam\/apps\/868360\/extras\/a3377b675179eed363c33af21cdb0cd0.avif?t=1743684210\" width=624 height=172 \/><\/span><br \/>Pou\u017eite zbierku r\u00f4znych predmetov, materi\u00e1lov a farieb, aby ste si ju skuto\u010dne prisp\u00f4sobili, alebo u\u0161etrite \u010das a pou\u017eite jeden z mnoh\u00fdch r\u00f4znych prefabrik\u00e1tov.<\/p>\n<p><span class=\"bb_img_ctn\"><img decoding=\"async\" class=\"bb_img\" src=\"https:\/\/shared.akamai.steamstatic.com\/store_item_assets\/steam\/apps\/868360\/extras\/f80b64a5daec470b3209ca0235f4b08e.avif?t=1743684210\" width=624 height=172 \/><\/span><br \/>Od n\u00e1boru po \u0161pecializ\u00e1cie, od lek\u00e1rov po upratova\u010dov, uistite sa, \u017ee v\u0161etci odv\u00e1dzaj\u00fa skvel\u00fa pr\u00e1cu a nach\u00e1dzaj\u00fa uspokojenie vo svojej pr\u00e1ci.<\/p>\n<p><span class=\"bb_img_ctn\"><img decoding=\"async\" class=\"bb_img\" src=\"https:\/\/shared.akamai.steamstatic.com\/store_item_assets\/steam\/apps\/868360\/extras\/34e4cb033f613f48bbc6f75c86fb0071.avif?t=1743684210\" width=624 height=172 \/><\/span><br \/>Pom\u00e1hajte svojim lek\u00e1rom a sprev\u00e1dzajte ich pri najkomplikovanej\u0161\u00edch pr\u00edpadoch alebo jednoducho sledujte svojich ob\u013e\u00faben\u00fdch pacientov.<\/p>\n<p>V hre Project Hospital je nieko\u013eko r\u00f4znych re\u017eimov:<\/p>\n<ul class=\"bb_ul\">\n<li> \u00darovne tutori\u00e1lu v\u00e1s preved\u00fa z\u00e1kladmi lie\u010denia pacientov a riadenia nemocn\u00edc.<\/li>\n<li> Re\u017eim Sandbox pon\u00faka nekone\u010dn\u00e9 hodiny obsahu, budovanie \u010dohoko\u013evek od mal\u00fdch klin\u00edk po obrovsk\u00e9 viacposchodov\u00e9 nemocnice, za\u010d\u00ednaj\u00fac od nuly alebo v jednej z vopred postaven\u00fdch nemocn\u00edc alebo klin\u00edk, ak sa chcete vrhn\u00fa\u0165 priamo do riadenia. Prev\u00e1dzkujte vlastn\u00fa z\u00e1chrann\u00fa slu\u017ebu a pom\u00e1hajte rie\u0161i\u0165 udalosti a n\u00fadzov\u00e9 situ\u00e1cie.<\/li>\n<li> Kampa\u0148 v\u00e1s postav\u00ed do role kr\u00edzov\u00e9ho mana\u017e\u00e9ra, ktor\u00fd sa sna\u017e\u00ed zachr\u00e1ni\u0165 nieko\u013eko nemocn\u00edc v kritickom stave.<\/li>\n<li> 6 \u00farovn\u00ed v\u00fdziev otestuje va\u0161e zru\u010dnosti a umo\u017en\u00ed v\u00e1m s\u00fastredi\u0165 sa na zlo\u017eit\u00e9 detaily jednotliv\u00fdch \u0161pecializovan\u00fdch oddelen\u00ed.<\/li>\n<\/ul>\n<p><span class=\"bb_img_ctn\"><img decoding=\"async\" class=\"bb_img\" src=\"https:\/\/shared.akamai.steamstatic.com\/store_item_assets\/steam\/apps\/868360\/extras\/4b31443f971f87614656fc7357957050.avif?t=1743684210\" width=624 height=172 \/><\/span><\/p>\n<p><strong>Jazyky \u2013 pozn\u00e1mky<\/strong><\/p>\n<ul class=\"bb_ul\">\n<li> Project Hospital m\u00e1 aj thajsk\u00fd preklad, ktor\u00fd je k dispoz\u00edcii prostredn\u00edctvom \u0161peci\u00e1lnej verzie hry, prejdite do Vlastnosti -&gt; BETAS -&gt; vyberte thai-language-support<\/li>\n<li> Pre \u00e1zijsk\u00e9 jazyky a Steam Deck spustite hru pomocou Proton (Vlastnosti -&gt; Kompatibilita), aby sa fonty zobrazovali spr\u00e1vne.<\/li>\n<\/ul>\n","protected":false},"excerpt":{"rendered":"<p>Sta\u0148te sa \u0161pi\u010dkov\u00fdm lek\u00e1rom, ambici\u00f3znym architektom a \u00faspe\u0161n\u00fdm mana\u017e\u00e9rom z\u00e1rove\u0148. Navrhnite si svoju vlastn\u00fa nemocnicu, vyladte ka\u017ed\u00fd detail alebo si vyberte jeden z predpripraven\u00fdch scen\u00e1rov a jednoducho sa vrhni do lek\u00e1rskej praxe.<\/p>\n","protected":false},"featured_media":107865,"comment_status":"open","ping_status":"closed","template":"","meta":{"_acf_changed":false},"product_brand":[],"product_cat":[290,268,266,314,312,318],"product_tag":[],"class_list":{"0":"post-107868","1":"product","2":"type-product","3":"status-publish","4":"has-post-thumbnail","6":"product_cat-indie-hry-pc-sk","7":"product_cat-pc-sk","8":"product_cat-pc-hry-sk","9":"product_cat-simulatory-pc-hry-sk","10":"product_cat-steam-pc-sk","11":"product_cat-strategie-pc-hry-sk","12":"pa_countries-ad","13":"pa_countries-ae","14":"pa_countries-af","15":"pa_countries-ag","16":"pa_countries-ai","17":"pa_countries-al","18":"pa_countries-am","19":"pa_countries-ao","20":"pa_countries-aq","21":"pa_countries-ar","22":"pa_countries-as","23":"pa_countries-at","24":"pa_countries-au","25":"pa_countries-aw","26":"pa_countries-ax","27":"pa_countries-az","28":"pa_countries-ba","29":"pa_countries-bb","30":"pa_countries-bd","31":"pa_countries-be","32":"pa_countries-bf","33":"pa_countries-bg","34":"pa_countries-bh","35":"pa_countries-bi","36":"pa_countries-bj","37":"pa_countries-bl","38":"pa_countries-bm","39":"pa_countries-bn","40":"pa_countries-bo","41":"pa_countries-bq","42":"pa_countries-br","43":"pa_countries-bs","44":"pa_countries-bt","45":"pa_countries-bv","46":"pa_countries-bw","47":"pa_countries-bz","48":"pa_countries-ca","49":"pa_countries-cc","50":"pa_countries-cd","51":"pa_countries-cf","52":"pa_countries-cg","53":"pa_countries-ch","54":"pa_countries-ci","55":"pa_countries-ck","56":"pa_countries-cl","57":"pa_countries-cm","58":"pa_countries-cn","59":"pa_countries-co","60":"pa_countries-cr","61":"pa_countries-cu","62":"pa_countries-cv","63":"pa_countries-cw","64":"pa_countries-cx","65":"pa_countries-cy","66":"pa_countries-cz","67":"pa_countries-de","68":"pa_countries-dj","69":"pa_countries-dk","70":"pa_countries-dm","71":"pa_countries-do","72":"pa_countries-dz","73":"pa_countries-ec","74":"pa_countries-ee","75":"pa_countries-eg","76":"pa_countries-eh","77":"pa_countries-er","78":"pa_countries-es","79":"pa_countries-et","80":"pa_countries-fi","81":"pa_countries-fj","82":"pa_countries-fk","83":"pa_countries-fm","84":"pa_countries-fo","85":"pa_countries-fr","86":"pa_countries-ga","87":"pa_countries-gb","88":"pa_countries-gd","89":"pa_countries-ge","90":"pa_countries-gf","91":"pa_countries-gg","92":"pa_countries-gh","93":"pa_countries-gi","94":"pa_countries-gl","95":"pa_countries-gm","96":"pa_countries-gn","97":"pa_countries-gp","98":"pa_countries-gq","99":"pa_countries-gr","100":"pa_countries-gs","101":"pa_countries-gt","102":"pa_countries-gu","103":"pa_countries-gw","104":"pa_countries-gy","105":"pa_countries-hk","106":"pa_countries-hm","107":"pa_countries-hn","108":"pa_countries-hr","109":"pa_countries-ht","110":"pa_countries-hu","111":"pa_countries-id","112":"pa_countries-ie","113":"pa_countries-il","114":"pa_countries-im","115":"pa_countries-in","116":"pa_countries-io","117":"pa_countries-iq","118":"pa_countries-ir","119":"pa_countries-is","120":"pa_countries-it","121":"pa_countries-je","122":"pa_countries-jm","123":"pa_countries-jo","124":"pa_countries-jp","125":"pa_countries-ke","126":"pa_countries-kg","127":"pa_countries-kh","128":"pa_countries-ki","129":"pa_countries-km","130":"pa_countries-kn","131":"pa_countries-kp","132":"pa_countries-kr","133":"pa_countries-kw","134":"pa_countries-ky","135":"pa_countries-kz","136":"pa_countries-la","137":"pa_countries-lb","138":"pa_countries-lc","139":"pa_countries-li","140":"pa_countries-lk","141":"pa_countries-lr","142":"pa_countries-ls","143":"pa_countries-lt","144":"pa_countries-lu","145":"pa_countries-lv","146":"pa_countries-ly","147":"pa_countries-ma","148":"pa_countries-mc","149":"pa_countries-md","150":"pa_countries-me","151":"pa_countries-mf","152":"pa_countries-mg","153":"pa_countries-mh","154":"pa_countries-mk","155":"pa_countries-ml","156":"pa_countries-mm","157":"pa_countries-mn","158":"pa_countries-mo","159":"pa_countries-mp","160":"pa_countries-mq","161":"pa_countries-mr","162":"pa_countries-ms","163":"pa_countries-mt","164":"pa_countries-mu","165":"pa_countries-mv","166":"pa_countries-mw","167":"pa_countries-mx","168":"pa_countries-my","169":"pa_countries-mz","170":"pa_countries-na","171":"pa_countries-nc","172":"pa_countries-ne","173":"pa_countries-nf","174":"pa_countries-ng","175":"pa_countries-ni","176":"pa_countries-nl","177":"pa_countries-no","178":"pa_countries-np","179":"pa_countries-nr","180":"pa_countries-nu","181":"pa_countries-nz","182":"pa_countries-om","183":"pa_countries-pa","184":"pa_countries-pe","185":"pa_countries-pf","186":"pa_countries-pg","187":"pa_countries-ph","188":"pa_countries-pk","189":"pa_countries-pl","190":"pa_countries-pm","191":"pa_countries-pn","192":"pa_countries-pr","193":"pa_countries-ps","194":"pa_countries-pt","195":"pa_countries-pw","196":"pa_countries-py","197":"pa_countries-qa","198":"pa_countries-re","199":"pa_countries-ro","200":"pa_countries-rs","201":"pa_countries-rw","202":"pa_countries-sa","203":"pa_countries-sb","204":"pa_countries-sc","205":"pa_countries-sd","206":"pa_countries-se","207":"pa_countries-sg","208":"pa_countries-sh","209":"pa_countries-si","210":"pa_countries-sj","211":"pa_countries-sk","212":"pa_countries-sl","213":"pa_countries-sm","214":"pa_countries-sn","215":"pa_countries-so","216":"pa_countries-sr","217":"pa_countries-ss","219":"pa_countries-st","220":"pa_countries-sv","221":"pa_countries-sx","222":"pa_countries-sy","223":"pa_countries-sz","224":"pa_countries-tc","225":"pa_countries-td","226":"pa_countries-tf","227":"pa_countries-tg","228":"pa_countries-th","229":"pa_countries-tj","230":"pa_countries-tk","231":"pa_countries-tl","232":"pa_countries-tm","233":"pa_countries-tn","234":"pa_countries-to","235":"pa_countries-tr","236":"pa_countries-tt","237":"pa_countries-tv","238":"pa_countries-tw","239":"pa_countries-tz","240":"pa_countries-ua","241":"pa_countries-ug","242":"pa_countries-um","243":"pa_countries-us","244":"pa_countries-uy","245":"pa_countries-uz","246":"pa_countries-va","247":"pa_countries-vc","248":"pa_countries-ve","249":"pa_countries-vg","250":"pa_countries-vi","251":"pa_countries-vn","252":"pa_countries-vu","253":"pa_countries-wf","254":"pa_countries-ws","255":"pa_countries-xk","257":"pa_countries-ye","258":"pa_countries-yt","259":"pa_countries-za","260":"pa_countries-zm","261":"pa_countries-zw","262":"pa_developer-oxymoron-games","263":"pa_game_type-main_game","265":"pa_genres-indie","267":"pa_genres-simulator","268":"pa_genres-strategy","270":"pa_interface-cs-cz","271":"pa_interface-de-de","272":"pa_interface-en-us","273":"pa_interface-es-es","274":"pa_interface-fr-fr","275":"pa_interface-hu-hu","276":"pa_interface-it-it","277":"pa_interface-ja-jp","278":"pa_interface-ko-kr","279":"pa_interface-nl-nl","281":"pa_interface-pl-pl","282":"pa_interface-pt-br","283":"pa_interface-ru-ru","284":"pa_interface-sv-se","286":"pa_interface-tr-tr","287":"pa_interface-uk-ua","288":"pa_interface-zh-cn","289":"pa_interface-zh-tw","290":"pa_modes-single-player","292":"pa_platform-pc-steam","294":"pa_publisher-oxymoron-games","296":"pa_rating-14476","297":"pa_rating-1093","298":"pa_region-global","301":"first","302":"instock","303":"virtual","304":"taxable","305":"purchasable","306":"product-type-simple"},"yoast_head":"<!-- This site is optimized with the Yoast SEO plugin v27.3 - https:\/\/yoast.com\/product\/yoast-seo-wordpress\/ -->\n<title>Project Hospital | BeGamer.cz<\/title>\n<meta name=\"robots\" content=\"index, follow, max-snippet:-1, max-image-preview:large, max-video-preview:-1\" \/>\n<link rel=\"canonical\" href=\"https:\/\/begamer.cz\/sk\/produkt\/project-hospital-sk\/\" \/>\n<meta property=\"og:locale\" content=\"sk_SK\" \/>\n<meta property=\"og:type\" content=\"article\" \/>\n<meta property=\"og:title\" content=\"Project Hospital | BeGamer.cz\" \/>\n<meta property=\"og:description\" content=\"Sta\u0148te sa \u0161pi\u010dkov\u00fdm lek\u00e1rom, ambici\u00f3znym architektom a \u00faspe\u0161n\u00fdm mana\u017e\u00e9rom z\u00e1rove\u0148. Navrhnite si svoju vlastn\u00fa nemocnicu, vyladte ka\u017ed\u00fd detail alebo si vyberte jeden z predpripraven\u00fdch scen\u00e1rov a jednoducho sa vrhni do lek\u00e1rskej praxe.\" \/>\n<meta property=\"og:url\" content=\"https:\/\/begamer.cz\/sk\/produkt\/project-hospital-sk\/\" \/>\n<meta property=\"og:site_name\" content=\"BeGamer.cz\" \/>\n<meta property=\"article:modified_time\" content=\"2026-03-11T20:58:39+00:00\" \/>\n<meta property=\"og:image\" content=\"https:\/\/begamer.cz\/wp-content\/uploads\/2026\/02\/project-hospital-4.webp\" \/>\n\t<meta property=\"og:image:width\" content=\"300\" \/>\n\t<meta property=\"og:image:height\" content=\"400\" \/>\n\t<meta property=\"og:image:type\" content=\"image\/webp\" \/>\n<meta name=\"twitter:card\" content=\"summary_large_image\" \/>\n<meta name=\"twitter:label1\" content=\"Predpokladan\u00fd \u010das \u010d\u00edtania\" \/>\n\t<meta name=\"twitter:data1\" content=\"2 min\u00faty\" \/>\n<script type=\"application\/ld+json\" class=\"yoast-schema-graph\">{\"@context\":\"https:\\\/\\\/schema.org\",\"@graph\":[{\"@type\":\"WebPage\",\"@id\":\"https:\\\/\\\/begamer.cz\\\/sk\\\/produkt\\\/project-hospital-sk\\\/\",\"url\":\"https:\\\/\\\/begamer.cz\\\/sk\\\/produkt\\\/project-hospital-sk\\\/\",\"name\":\"Project Hospital | BeGamer.cz\",\"isPartOf\":{\"@id\":\"https:\\\/\\\/begamer.cz\\\/sk\\\/#website\"},\"primaryImageOfPage\":{\"@id\":\"https:\\\/\\\/begamer.cz\\\/sk\\\/produkt\\\/project-hospital-sk\\\/#primaryimage\"},\"image\":{\"@id\":\"https:\\\/\\\/begamer.cz\\\/sk\\\/produkt\\\/project-hospital-sk\\\/#primaryimage\"},\"thumbnailUrl\":\"https:\\\/\\\/begamer.cz\\\/wp-content\\\/uploads\\\/2026\\\/02\\\/project-hospital-4.webp\",\"datePublished\":\"2026-02-08T06:38:58+00:00\",\"dateModified\":\"2026-03-11T20:58:39+00:00\",\"breadcrumb\":{\"@id\":\"https:\\\/\\\/begamer.cz\\\/sk\\\/produkt\\\/project-hospital-sk\\\/#breadcrumb\"},\"inLanguage\":\"sk-SK\",\"potentialAction\":[{\"@type\":\"ReadAction\",\"target\":[\"https:\\\/\\\/begamer.cz\\\/sk\\\/produkt\\\/project-hospital-sk\\\/\"]}]},{\"@type\":\"ImageObject\",\"inLanguage\":\"sk-SK\",\"@id\":\"https:\\\/\\\/begamer.cz\\\/sk\\\/produkt\\\/project-hospital-sk\\\/#primaryimage\",\"url\":\"https:\\\/\\\/begamer.cz\\\/wp-content\\\/uploads\\\/2026\\\/02\\\/project-hospital-4.webp\",\"contentUrl\":\"https:\\\/\\\/begamer.cz\\\/wp-content\\\/uploads\\\/2026\\\/02\\\/project-hospital-4.webp\",\"width\":300,\"height\":400},{\"@type\":\"BreadcrumbList\",\"@id\":\"https:\\\/\\\/begamer.cz\\\/sk\\\/produkt\\\/project-hospital-sk\\\/#breadcrumb\",\"itemListElement\":[{\"@type\":\"ListItem\",\"position\":1,\"name\":\"Domov\",\"item\":\"https:\\\/\\\/begamer.cz\\\/sk\\\/\"},{\"@type\":\"ListItem\",\"position\":2,\"name\":\"Obchod\",\"item\":\"https:\\\/\\\/begamer.cz\\\/obchod\\\/\"},{\"@type\":\"ListItem\",\"position\":3,\"name\":\"Project Hospital\"}]},{\"@type\":\"WebSite\",\"@id\":\"https:\\\/\\\/begamer.cz\\\/sk\\\/#website\",\"url\":\"https:\\\/\\\/begamer.cz\\\/sk\\\/\",\"name\":\"BeGamer.cz\",\"description\":\"\",\"publisher\":{\"@id\":\"https:\\\/\\\/begamer.cz\\\/sk\\\/#organization\"},\"potentialAction\":[{\"@type\":\"SearchAction\",\"target\":{\"@type\":\"EntryPoint\",\"urlTemplate\":\"https:\\\/\\\/begamer.cz\\\/sk\\\/?s={search_term_string}\"},\"query-input\":{\"@type\":\"PropertyValueSpecification\",\"valueRequired\":true,\"valueName\":\"search_term_string\"}}],\"inLanguage\":\"sk-SK\"},{\"@type\":\"Organization\",\"@id\":\"https:\\\/\\\/begamer.cz\\\/sk\\\/#organization\",\"name\":\"BeGamer.cz\",\"url\":\"https:\\\/\\\/begamer.cz\\\/sk\\\/\",\"logo\":{\"@type\":\"ImageObject\",\"inLanguage\":\"sk-SK\",\"@id\":\"https:\\\/\\\/begamer.cz\\\/sk\\\/#\\\/schema\\\/logo\\\/image\\\/\",\"url\":\"https:\\\/\\\/begamer.cz\\\/wp-content\\\/uploads\\\/2025\\\/07\\\/logo.svg\",\"contentUrl\":\"https:\\\/\\\/begamer.cz\\\/wp-content\\\/uploads\\\/2025\\\/07\\\/logo.svg\",\"caption\":\"BeGamer.cz\"},\"image\":{\"@id\":\"https:\\\/\\\/begamer.cz\\\/sk\\\/#\\\/schema\\\/logo\\\/image\\\/\"}}]}<\/script>\n<!-- \/ Yoast SEO plugin. -->","yoast_head_json":{"title":"Project Hospital | BeGamer.cz","robots":{"index":"index","follow":"follow","max-snippet":"max-snippet:-1","max-image-preview":"max-image-preview:large","max-video-preview":"max-video-preview:-1"},"canonical":"https:\/\/begamer.cz\/sk\/produkt\/project-hospital-sk\/","og_locale":"sk_SK","og_type":"article","og_title":"Project Hospital | BeGamer.cz","og_description":"Sta\u0148te sa \u0161pi\u010dkov\u00fdm lek\u00e1rom, ambici\u00f3znym architektom a \u00faspe\u0161n\u00fdm mana\u017e\u00e9rom z\u00e1rove\u0148. Navrhnite si svoju vlastn\u00fa nemocnicu, vyladte ka\u017ed\u00fd detail alebo si vyberte jeden z predpripraven\u00fdch scen\u00e1rov a jednoducho sa vrhni do lek\u00e1rskej praxe.","og_url":"https:\/\/begamer.cz\/sk\/produkt\/project-hospital-sk\/","og_site_name":"BeGamer.cz","article_modified_time":"2026-03-11T20:58:39+00:00","og_image":[{"width":300,"height":400,"url":"https:\/\/begamer.cz\/wp-content\/uploads\/2026\/02\/project-hospital-4.webp","type":"image\/webp"}],"twitter_card":"summary_large_image","twitter_misc":{"Predpokladan\u00fd \u010das \u010d\u00edtania":"2 min\u00faty"},"schema":{"@context":"https:\/\/schema.org","@graph":[{"@type":"WebPage","@id":"https:\/\/begamer.cz\/sk\/produkt\/project-hospital-sk\/","url":"https:\/\/begamer.cz\/sk\/produkt\/project-hospital-sk\/","name":"Project Hospital | BeGamer.cz","isPartOf":{"@id":"https:\/\/begamer.cz\/sk\/#website"},"primaryImageOfPage":{"@id":"https:\/\/begamer.cz\/sk\/produkt\/project-hospital-sk\/#primaryimage"},"image":{"@id":"https:\/\/begamer.cz\/sk\/produkt\/project-hospital-sk\/#primaryimage"},"thumbnailUrl":"https:\/\/begamer.cz\/wp-content\/uploads\/2026\/02\/project-hospital-4.webp","datePublished":"2026-02-08T06:38:58+00:00","dateModified":"2026-03-11T20:58:39+00:00","breadcrumb":{"@id":"https:\/\/begamer.cz\/sk\/produkt\/project-hospital-sk\/#breadcrumb"},"inLanguage":"sk-SK","potentialAction":[{"@type":"ReadAction","target":["https:\/\/begamer.cz\/sk\/produkt\/project-hospital-sk\/"]}]},{"@type":"ImageObject","inLanguage":"sk-SK","@id":"https:\/\/begamer.cz\/sk\/produkt\/project-hospital-sk\/#primaryimage","url":"https:\/\/begamer.cz\/wp-content\/uploads\/2026\/02\/project-hospital-4.webp","contentUrl":"https:\/\/begamer.cz\/wp-content\/uploads\/2026\/02\/project-hospital-4.webp","width":300,"height":400},{"@type":"BreadcrumbList","@id":"https:\/\/begamer.cz\/sk\/produkt\/project-hospital-sk\/#breadcrumb","itemListElement":[{"@type":"ListItem","position":1,"name":"Domov","item":"https:\/\/begamer.cz\/sk\/"},{"@type":"ListItem","position":2,"name":"Obchod","item":"https:\/\/begamer.cz\/obchod\/"},{"@type":"ListItem","position":3,"name":"Project Hospital"}]},{"@type":"WebSite","@id":"https:\/\/begamer.cz\/sk\/#website","url":"https:\/\/begamer.cz\/sk\/","name":"BeGamer.cz","description":"","publisher":{"@id":"https:\/\/begamer.cz\/sk\/#organization"},"potentialAction":[{"@type":"SearchAction","target":{"@type":"EntryPoint","urlTemplate":"https:\/\/begamer.cz\/sk\/?s={search_term_string}"},"query-input":{"@type":"PropertyValueSpecification","valueRequired":true,"valueName":"search_term_string"}}],"inLanguage":"sk-SK"},{"@type":"Organization","@id":"https:\/\/begamer.cz\/sk\/#organization","name":"BeGamer.cz","url":"https:\/\/begamer.cz\/sk\/","logo":{"@type":"ImageObject","inLanguage":"sk-SK","@id":"https:\/\/begamer.cz\/sk\/#\/schema\/logo\/image\/","url":"https:\/\/begamer.cz\/wp-content\/uploads\/2025\/07\/logo.svg","contentUrl":"https:\/\/begamer.cz\/wp-content\/uploads\/2025\/07\/logo.svg","caption":"BeGamer.cz"},"image":{"@id":"https:\/\/begamer.cz\/sk\/#\/schema\/logo\/image\/"}}]}},"acf":[],"_links":{"self":[{"href":"https:\/\/begamer.cz\/sk\/wp-json\/wp\/v2\/product\/107868","targetHints":{"allow":["GET"]}}],"collection":[{"href":"https:\/\/begamer.cz\/sk\/wp-json\/wp\/v2\/product"}],"about":[{"href":"https:\/\/begamer.cz\/sk\/wp-json\/wp\/v2\/types\/product"}],"replies":[{"embeddable":true,"href":"https:\/\/begamer.cz\/sk\/wp-json\/wp\/v2\/comments?post=107868"}],"wp:featuredmedia":[{"embeddable":true,"href":"https:\/\/begamer.cz\/sk\/wp-json\/wp\/v2\/media\/107865"}],"wp:attachment":[{"href":"https:\/\/begamer.cz\/sk\/wp-json\/wp\/v2\/media?parent=107868"}],"wp:term":[{"taxonomy":"product_brand","embeddable":true,"href":"https:\/\/begamer.cz\/sk\/wp-json\/wp\/v2\/product_brand?post=107868"},{"taxonomy":"product_cat","embeddable":true,"href":"https:\/\/begamer.cz\/sk\/wp-json\/wp\/v2\/product_cat?post=107868"},{"taxonomy":"product_tag","embeddable":true,"href":"https:\/\/begamer.cz\/sk\/wp-json\/wp\/v2\/product_tag?post=107868"}],"curies":[{"name":"wp","href":"https:\/\/api.w.org\/{rel}","templated":true}]}}