{"id":104231,"date":"2026-01-30T19:28:23","date_gmt":"2026-01-30T18:28:23","guid":{"rendered":"https:\/\/begamer.cz\/produkt\/nba-2k26-superstar-edition-sk-1769797705\/"},"modified":"2026-04-03T06:28:38","modified_gmt":"2026-04-03T04:28:38","slug":"nba-2k26-superstar-edition-sk-2","status":"publish","type":"product","link":"https:\/\/begamer.cz\/sk\/produkt\/nba-2k26-superstar-edition-sk-2\/","title":{"rendered":"NBA 2K26: Superstar Edition"},"content":{"rendered":"<h1>NBA 2K26 Superstar Edition<\/h1>\n<\/p>\n<p><img loading=\"lazy\" decoding=\"async\" src=\"https:\/\/shared.akamai.steamstatic.com\/store_item_assets\/steam\/apps\/3472040\/extras\/e5d6d80a518d23fa7d740058b5c3459f.avif?t=1761580807\" width=\"800\" height=\"458\"><\/p>\n<p>T\u00e1to ed\u00edcia obsahuje virtu\u00e1lnu menu, obsah pre MyTEAM, obsah pre MyCAREER a \u010fal\u0161ie:<\/p>\n<ul>\n<li>\n<p>100 000 VC<\/p>\n<\/li>\n<\/ul>\n<h2>MyTEAM<\/h2>\n<p>V\u00fdber t\u00edmu zo s\u00e9rie 1<\/p>\n<p>Bal\u00ed\u010dek vo\u013en\u00fdch hr\u00e1\u010dov Triple Threat Park<\/p>\n<p>5 bal\u00ed\u010dkov s\u00e9rie 1<\/p>\n<p>2-hodinov\u00e1 minca 2XP<\/p>\n<h2>Moja kari\u00e9ra<\/h2>\n<p>25x 6 typov vylep\u0161en\u00ed zru\u010dnost\u00ed<\/p>\n<p>25x 3 druhy vylep\u0161en\u00ed Gatorade<\/p>\n<p>2-hodinov\u00e1 minca 2XP<\/p>\n<p>Dres s Shaiom Gilgeousom-Alexanderom na ob\u00e1lke<\/p>\n<\/p>\n<p>V re\u017eimoch MyCAREER, MyTEAM, MyNBA, The W a Play Now ide o pr\u00e1vo na chv\u00e1lenie sa \u2013 nenechajte nikoho na pochyb\u00e1ch, \u017ee koruna patr\u00ed v\u00e1m.<\/p>\n<\/p>\n<p><em>*Na uplatnenie a pou\u017e\u00edvanie bonusov\u00e9ho obsahu je potrebn\u00e9 internetov\u00e9 pripojenie a \u00fa\u010det NBA 2K. Platia podmienky.<\/em><\/p>\n<\/p>\n<p><\/p>\n<h1><\/h1>\n<p><\/p>\n<h1>O hre<\/h1>\n<\/p>\n<p><img loading=\"lazy\" decoding=\"async\" src=\"https:\/\/shared.akamai.steamstatic.com\/store_item_assets\/steam\/apps\/3472040\/extras\/2738cc57fc11c688429b85b0ad8c33a9.avif?t=1761580807\" width=\"800\" height=\"458\"><\/p>\n<p>V re\u017eimoch MyCAREER*, MyTEAM, MyNBA, The W a Play Now je v st\u00e1vke pr\u00e1vo na chv\u00e1lenie sa. Predve\u010fte svoje zru\u010dnosti s hyperrealistickou grafikou, poh\u00e1\u0148anou technol\u00f3giou ProPLAY\u2122, a vyz\u00fdvajte svojich priate\u013eov alebo rivalov v s\u00fa\u0165a\u017en\u00fdch re\u017eimoch NBA 2K26 \u2013 a nenechajte nikoho na pochyb\u00e1ch, \u017ee koruna patr\u00ed v\u00e1m.<\/p>\n<h2><strong>POWERED BY ProPLAY\u2122<\/strong><\/h2>\n<p>Ovl\u00e1dnite ka\u017ed\u00fa akciu v\u010faka technol\u00f3gii, ktor\u00e1 priamo premie\u0148a z\u00e1bery z NBA na realistick\u00fa hru. C\u00ed\u0165te sa viac prepojen\u00ed s ka\u017ed\u00fdm driblingom a crossoverom v\u010faka vylep\u0161en\u00fdm size-upom a za\u017eite r\u00fdchle a dynamick\u00e9 pohyby s \u00faplne nov\u00fdmi funkciami ProPLAY.<\/p>\n<h2><strong>ZOSTAVTE T\u00cdM V MESTE<\/strong><\/h2>\n<p>Vytvorte si v\u00fdnimo\u010dn\u00e9ho MyPLAYERA a st\u00fapajte v rebr\u00ed\u010dku, aby ste dosiahli vrchol sl\u00e1vy v NBA v \u00faplne novej ceste MyCAREER. Spojte sa s priate\u013emi v \u00fa\u017easnom, vylep\u0161enom meste, z\u00edskajte uznanie a zv\u00fd\u0161te si reput\u00e1ciu a bojujte s konkuren\u010dn\u00fdmi t\u00edmami o nadvl\u00e1du v Parku.<\/p>\n<h2><strong>ZJEDNOTITE HVIEZDY V MyTEAM<\/strong><\/h2>\n<p>Zbierajte a s\u00fa\u0165a\u017ete s hviezdami NBA a WNBA v MyTEAM. Zostavte si t\u00edm pln\u00fd hviezd, otestujte svoj vysn\u00edvan\u00fd t\u00edm v nov\u00fdch re\u017eimoch pre jedn\u00e9ho hr\u00e1\u010da a pre viacer\u00fdch hr\u00e1\u010dov a z\u00edskajte nov\u00e9 karty, aby sa va\u0161a fant\u00e1zia v MyTEAM stala skuto\u010dnos\u0165ou.<\/p>\n<h2><strong>V\u00c1\u0160 T\u00cdM, V\u00c1\u0160 PR\u00cdBEH<\/strong><\/h2>\n<p>V MyNBA vediete fran\u0161\u00edzu NBA ako gener\u00e1lny mana\u017e\u00e9r. Vyberte si z v\u0161etk\u00fdch 30 t\u00edmov, za\u017eite 30 jedine\u010dn\u00fdch pr\u00edbehov MyGM in\u0161pirovan\u00fdch skuto\u010dn\u00fdm svetom a sna\u017ete sa dosiahnu\u0165 kone\u010dn\u00fd cie\u013e: vyhra\u0165 majstrovsk\u00fd titul. Ovplyv\u0148ujte bud\u00facnos\u0165 tohto \u0161portu a zanechajte v lige nezmazate\u013en\u00fa stopu.<\/p>\n<p>*Na uplatnenie a pou\u017e\u00edvanie bonusov\u00e9ho obsahu je potrebn\u00e9 internetov\u00e9 pripojenie a \u00fa\u010det NBA 2K. Platia podmienky.<\/p>\n<p>Re\u017eimy Play Now, MyNBA a The W s\u00fa dostupn\u00e9 offline. V\u0161etky ostatn\u00e9 hern\u00e9 re\u017eimy a funkcie vy\u017eaduj\u00fa pripojenie k internetu a m\u00f4\u017eu vy\u017eadova\u0165 registr\u00e1ciu online \u00fa\u010dtu (od 13 rokov).<\/p>\n","protected":false},"excerpt":{"rendered":"<p>V re\u017eimoch MyCAREER, MyTEAM, MyNBA, The W a Play Now ide o to, kto sa m\u00f4\u017ee pochv\u00e1li\u0165. Predve\u010fte svoje zru\u010dnosti v hyperrealistickom prostred\u00ed s technol\u00f3giou ProPLAY\u2122 a vyz\u00fdvajte svojich priate\u013eov \u010di s\u00faperov v s\u00fa\u0165a\u017en\u00fdch re\u017eimoch hry NBA 2K26 \u2013 a nedajte nikomu pochybova\u0165 o tom, \u017ee koruna patr\u00ed pr\u00e1ve v\u00e1m.<\/p>\n","protected":false},"featured_media":112124,"comment_status":"open","ping_status":"closed","template":"","meta":{"_acf_changed":false},"product_brand":[],"product_cat":[398,438],"product_tag":[],"class_list":{"0":"post-104231","1":"product","2":"type-product","3":"status-publish","4":"has-post-thumbnail","6":"product_cat-xbox-hry-sk","7":"product_cat-xbox-series-x-s-sk","8":"pa_countries-ad","9":"pa_countries-ae","10":"pa_countries-af","11":"pa_countries-ag","12":"pa_countries-ai","13":"pa_countries-al","14":"pa_countries-am","15":"pa_countries-ao","16":"pa_countries-aq","17":"pa_countries-ar","18":"pa_countries-as","19":"pa_countries-at","20":"pa_countries-au","21":"pa_countries-aw","22":"pa_countries-ax","23":"pa_countries-az","24":"pa_countries-ba","25":"pa_countries-bb","26":"pa_countries-bd","27":"pa_countries-be","28":"pa_countries-bf","29":"pa_countries-bg","30":"pa_countries-bh","31":"pa_countries-bi","32":"pa_countries-bj","33":"pa_countries-bl","34":"pa_countries-bm","35":"pa_countries-bn","36":"pa_countries-bo","37":"pa_countries-bq","38":"pa_countries-br","39":"pa_countries-bs","40":"pa_countries-bt","41":"pa_countries-bv","42":"pa_countries-bw","43":"pa_countries-bz","44":"pa_countries-ca","45":"pa_countries-cc","46":"pa_countries-cd","47":"pa_countries-cf","48":"pa_countries-cg","49":"pa_countries-ch","50":"pa_countries-ci","51":"pa_countries-ck","52":"pa_countries-cl","53":"pa_countries-cm","54":"pa_countries-cn","55":"pa_countries-co","56":"pa_countries-cr","57":"pa_countries-cu","58":"pa_countries-cv","59":"pa_countries-cw","60":"pa_countries-cx","61":"pa_countries-cy","62":"pa_countries-cz","63":"pa_countries-de","64":"pa_countries-dj","65":"pa_countries-dk","66":"pa_countries-dm","67":"pa_countries-do","68":"pa_countries-dz","69":"pa_countries-ec","70":"pa_countries-ee","71":"pa_countries-eg","72":"pa_countries-eh","73":"pa_countries-er","74":"pa_countries-es","75":"pa_countries-et","76":"pa_countries-fi","77":"pa_countries-fj","78":"pa_countries-fk","79":"pa_countries-fm","80":"pa_countries-fo","81":"pa_countries-fr","82":"pa_countries-ga","83":"pa_countries-gb","84":"pa_countries-gd","85":"pa_countries-ge","86":"pa_countries-gf","87":"pa_countries-gg","88":"pa_countries-gh","89":"pa_countries-gi","90":"pa_countries-gl","91":"pa_countries-gm","92":"pa_countries-gn","93":"pa_countries-gp","94":"pa_countries-gq","95":"pa_countries-gr","96":"pa_countries-gs","97":"pa_countries-gt","98":"pa_countries-gu","99":"pa_countries-gw","100":"pa_countries-gy","101":"pa_countries-hk","102":"pa_countries-hm","103":"pa_countries-hn","104":"pa_countries-hr","105":"pa_countries-ht","106":"pa_countries-hu","107":"pa_countries-id","108":"pa_countries-ie","109":"pa_countries-il","110":"pa_countries-im","111":"pa_countries-in","112":"pa_countries-io","113":"pa_countries-iq","114":"pa_countries-ir","115":"pa_countries-is","116":"pa_countries-it","117":"pa_countries-je","118":"pa_countries-jm","119":"pa_countries-jo","120":"pa_countries-jp","121":"pa_countries-ke","122":"pa_countries-kg","123":"pa_countries-kh","124":"pa_countries-ki","125":"pa_countries-km","126":"pa_countries-kn","127":"pa_countries-kp","128":"pa_countries-kr","129":"pa_countries-kw","130":"pa_countries-ky","131":"pa_countries-kz","132":"pa_countries-la","133":"pa_countries-lb","134":"pa_countries-lc","135":"pa_countries-li","136":"pa_countries-lk","137":"pa_countries-lr","138":"pa_countries-ls","139":"pa_countries-lt","140":"pa_countries-lu","141":"pa_countries-lv","142":"pa_countries-ly","143":"pa_countries-ma","144":"pa_countries-mc","145":"pa_countries-md","146":"pa_countries-me","147":"pa_countries-mf","148":"pa_countries-mg","149":"pa_countries-mh","150":"pa_countries-mk","151":"pa_countries-ml","152":"pa_countries-mm","153":"pa_countries-mn","154":"pa_countries-mo","155":"pa_countries-mp","156":"pa_countries-mq","157":"pa_countries-mr","158":"pa_countries-ms","159":"pa_countries-mt","160":"pa_countries-mu","161":"pa_countries-mv","162":"pa_countries-mw","163":"pa_countries-mx","164":"pa_countries-my","165":"pa_countries-mz","166":"pa_countries-na","167":"pa_countries-nc","168":"pa_countries-ne","169":"pa_countries-nf","170":"pa_countries-ng","171":"pa_countries-ni","172":"pa_countries-nl","173":"pa_countries-no","174":"pa_countries-np","175":"pa_countries-nr","176":"pa_countries-nu","177":"pa_countries-nz","178":"pa_countries-om","179":"pa_countries-pa","180":"pa_countries-pe","181":"pa_countries-pf","182":"pa_countries-pg","183":"pa_countries-ph","184":"pa_countries-pk","185":"pa_countries-pl","186":"pa_countries-pm","187":"pa_countries-pn","188":"pa_countries-pr","189":"pa_countries-ps","190":"pa_countries-pt","191":"pa_countries-pw","192":"pa_countries-py","193":"pa_countries-qa","194":"pa_countries-re","195":"pa_countries-ro","196":"pa_countries-rs","197":"pa_countries-rw","198":"pa_countries-sa","199":"pa_countries-sb","200":"pa_countries-sc","201":"pa_countries-sd","202":"pa_countries-se","203":"pa_countries-sg","204":"pa_countries-sh","205":"pa_countries-si","206":"pa_countries-sj","207":"pa_countries-sk","208":"pa_countries-sl","209":"pa_countries-sm","210":"pa_countries-sn","211":"pa_countries-so","212":"pa_countries-sr","213":"pa_countries-ss","215":"pa_countries-st","216":"pa_countries-sv","217":"pa_countries-sx","218":"pa_countries-sy","219":"pa_countries-sz","220":"pa_countries-tc","221":"pa_countries-td","222":"pa_countries-tf","223":"pa_countries-tg","224":"pa_countries-th","225":"pa_countries-tj","226":"pa_countries-tk","227":"pa_countries-tl","228":"pa_countries-tm","229":"pa_countries-tn","230":"pa_countries-to","231":"pa_countries-tr","232":"pa_countries-tt","233":"pa_countries-tv","234":"pa_countries-tw","235":"pa_countries-tz","236":"pa_countries-ua","237":"pa_countries-ug","238":"pa_countries-um","239":"pa_countries-us","240":"pa_countries-uy","241":"pa_countries-uz","242":"pa_countries-va","243":"pa_countries-vc","244":"pa_countries-ve","245":"pa_countries-vg","246":"pa_countries-vi","247":"pa_countries-vn","248":"pa_countries-vu","249":"pa_countries-wf","250":"pa_countries-ws","251":"pa_countries-xk","252":"pa_countries-ye","253":"pa_countries-yt","254":"pa_countries-za","255":"pa_countries-zm","256":"pa_countries-zw","257":"pa_game_type-main_game","259":"pa_platform-xbox-series-x-s","261":"pa_rating-773","262":"pa_rating-14441","263":"pa_region-global","266":"first","267":"instock","268":"virtual","269":"taxable","270":"purchasable","271":"product-type-simple"},"yoast_head":"<!-- This site is optimized with the Yoast SEO plugin v27.4 - https:\/\/yoast.com\/product\/yoast-seo-wordpress\/ -->\n<title>NBA 2K26: Superstar Edition | BeGamer.cz<\/title>\n<meta name=\"robots\" content=\"index, follow, max-snippet:-1, max-image-preview:large, max-video-preview:-1\" \/>\n<link rel=\"canonical\" href=\"https:\/\/begamer.cz\/sk\/produkt\/nba-2k26-superstar-edition-sk-2\/\" \/>\n<meta property=\"og:locale\" content=\"sk_SK\" \/>\n<meta property=\"og:type\" content=\"article\" \/>\n<meta property=\"og:title\" content=\"NBA 2K26: Superstar Edition | BeGamer.cz\" \/>\n<meta property=\"og:description\" content=\"V re\u017eimoch MyCAREER, MyTEAM, MyNBA, The W a Play Now ide o to, kto sa m\u00f4\u017ee pochv\u00e1li\u0165. Predve\u010fte svoje zru\u010dnosti v hyperrealistickom prostred\u00ed s technol\u00f3giou ProPLAY\u2122 a vyz\u00fdvajte svojich priate\u013eov \u010di s\u00faperov v s\u00fa\u0165a\u017en\u00fdch re\u017eimoch hry NBA 2K26 \u2013 a nedajte nikomu pochybova\u0165 o tom, \u017ee koruna patr\u00ed pr\u00e1ve v\u00e1m.\" \/>\n<meta property=\"og:url\" content=\"https:\/\/begamer.cz\/sk\/produkt\/nba-2k26-superstar-edition-sk-2\/\" \/>\n<meta property=\"og:site_name\" content=\"BeGamer.cz\" \/>\n<meta property=\"article:modified_time\" content=\"2026-04-03T04:28:38+00:00\" \/>\n<meta property=\"og:image\" content=\"https:\/\/begamer.cz\/wp-content\/uploads\/2026\/01\/nba-2k26-superstar-edition.webp\" \/>\n\t<meta property=\"og:image:width\" content=\"300\" \/>\n\t<meta property=\"og:image:height\" content=\"400\" \/>\n\t<meta property=\"og:image:type\" content=\"image\/webp\" \/>\n<meta name=\"twitter:card\" content=\"summary_large_image\" \/>\n<meta name=\"twitter:label1\" content=\"Predpokladan\u00fd \u010das \u010d\u00edtania\" \/>\n\t<meta name=\"twitter:data1\" content=\"2 min\u00faty\" \/>\n<script type=\"application\/ld+json\" class=\"yoast-schema-graph\">{\"@context\":\"https:\\\/\\\/schema.org\",\"@graph\":[{\"@type\":\"WebPage\",\"@id\":\"https:\\\/\\\/begamer.cz\\\/sk\\\/produkt\\\/nba-2k26-superstar-edition-sk-2\\\/\",\"url\":\"https:\\\/\\\/begamer.cz\\\/sk\\\/produkt\\\/nba-2k26-superstar-edition-sk-2\\\/\",\"name\":\"NBA 2K26: Superstar Edition | BeGamer.cz\",\"isPartOf\":{\"@id\":\"https:\\\/\\\/begamer.cz\\\/sk\\\/#website\"},\"primaryImageOfPage\":{\"@id\":\"https:\\\/\\\/begamer.cz\\\/sk\\\/produkt\\\/nba-2k26-superstar-edition-sk-2\\\/#primaryimage\"},\"image\":{\"@id\":\"https:\\\/\\\/begamer.cz\\\/sk\\\/produkt\\\/nba-2k26-superstar-edition-sk-2\\\/#primaryimage\"},\"thumbnailUrl\":\"https:\\\/\\\/begamer.cz\\\/wp-content\\\/uploads\\\/2026\\\/01\\\/nba-2k26-superstar-edition.webp\",\"datePublished\":\"2026-01-30T18:28:23+00:00\",\"dateModified\":\"2026-04-03T04:28:38+00:00\",\"breadcrumb\":{\"@id\":\"https:\\\/\\\/begamer.cz\\\/sk\\\/produkt\\\/nba-2k26-superstar-edition-sk-2\\\/#breadcrumb\"},\"inLanguage\":\"sk-SK\",\"potentialAction\":[{\"@type\":\"ReadAction\",\"target\":[\"https:\\\/\\\/begamer.cz\\\/sk\\\/produkt\\\/nba-2k26-superstar-edition-sk-2\\\/\"]}]},{\"@type\":\"ImageObject\",\"inLanguage\":\"sk-SK\",\"@id\":\"https:\\\/\\\/begamer.cz\\\/sk\\\/produkt\\\/nba-2k26-superstar-edition-sk-2\\\/#primaryimage\",\"url\":\"https:\\\/\\\/begamer.cz\\\/wp-content\\\/uploads\\\/2026\\\/01\\\/nba-2k26-superstar-edition.webp\",\"contentUrl\":\"https:\\\/\\\/begamer.cz\\\/wp-content\\\/uploads\\\/2026\\\/01\\\/nba-2k26-superstar-edition.webp\",\"width\":300,\"height\":400},{\"@type\":\"BreadcrumbList\",\"@id\":\"https:\\\/\\\/begamer.cz\\\/sk\\\/produkt\\\/nba-2k26-superstar-edition-sk-2\\\/#breadcrumb\",\"itemListElement\":[{\"@type\":\"ListItem\",\"position\":1,\"name\":\"Domov\",\"item\":\"https:\\\/\\\/begamer.cz\\\/sk\\\/\"},{\"@type\":\"ListItem\",\"position\":2,\"name\":\"Obchod\",\"item\":\"https:\\\/\\\/begamer.cz\\\/obchod\\\/\"},{\"@type\":\"ListItem\",\"position\":3,\"name\":\"NBA 2K26: Superstar Edition\"}]},{\"@type\":\"WebSite\",\"@id\":\"https:\\\/\\\/begamer.cz\\\/sk\\\/#website\",\"url\":\"https:\\\/\\\/begamer.cz\\\/sk\\\/\",\"name\":\"BeGamer.cz\",\"description\":\"\",\"publisher\":{\"@id\":\"https:\\\/\\\/begamer.cz\\\/sk\\\/#organization\"},\"potentialAction\":[{\"@type\":\"SearchAction\",\"target\":{\"@type\":\"EntryPoint\",\"urlTemplate\":\"https:\\\/\\\/begamer.cz\\\/sk\\\/?s={search_term_string}\"},\"query-input\":{\"@type\":\"PropertyValueSpecification\",\"valueRequired\":true,\"valueName\":\"search_term_string\"}}],\"inLanguage\":\"sk-SK\"},{\"@type\":\"Organization\",\"@id\":\"https:\\\/\\\/begamer.cz\\\/sk\\\/#organization\",\"name\":\"BeGamer.cz\",\"url\":\"https:\\\/\\\/begamer.cz\\\/sk\\\/\",\"logo\":{\"@type\":\"ImageObject\",\"inLanguage\":\"sk-SK\",\"@id\":\"https:\\\/\\\/begamer.cz\\\/sk\\\/#\\\/schema\\\/logo\\\/image\\\/\",\"url\":\"https:\\\/\\\/begamer.cz\\\/wp-content\\\/uploads\\\/2025\\\/07\\\/logo.svg\",\"contentUrl\":\"https:\\\/\\\/begamer.cz\\\/wp-content\\\/uploads\\\/2025\\\/07\\\/logo.svg\",\"caption\":\"BeGamer.cz\"},\"image\":{\"@id\":\"https:\\\/\\\/begamer.cz\\\/sk\\\/#\\\/schema\\\/logo\\\/image\\\/\"}}]}<\/script>\n<!-- \/ Yoast SEO plugin. -->","yoast_head_json":{"title":"NBA 2K26: Superstar Edition | BeGamer.cz","robots":{"index":"index","follow":"follow","max-snippet":"max-snippet:-1","max-image-preview":"max-image-preview:large","max-video-preview":"max-video-preview:-1"},"canonical":"https:\/\/begamer.cz\/sk\/produkt\/nba-2k26-superstar-edition-sk-2\/","og_locale":"sk_SK","og_type":"article","og_title":"NBA 2K26: Superstar Edition | BeGamer.cz","og_description":"V re\u017eimoch MyCAREER, MyTEAM, MyNBA, The W a Play Now ide o to, kto sa m\u00f4\u017ee pochv\u00e1li\u0165. Predve\u010fte svoje zru\u010dnosti v hyperrealistickom prostred\u00ed s technol\u00f3giou ProPLAY\u2122 a vyz\u00fdvajte svojich priate\u013eov \u010di s\u00faperov v s\u00fa\u0165a\u017en\u00fdch re\u017eimoch hry NBA 2K26 \u2013 a nedajte nikomu pochybova\u0165 o tom, \u017ee koruna patr\u00ed pr\u00e1ve v\u00e1m.","og_url":"https:\/\/begamer.cz\/sk\/produkt\/nba-2k26-superstar-edition-sk-2\/","og_site_name":"BeGamer.cz","article_modified_time":"2026-04-03T04:28:38+00:00","og_image":[{"width":300,"height":400,"url":"https:\/\/begamer.cz\/wp-content\/uploads\/2026\/01\/nba-2k26-superstar-edition.webp","type":"image\/webp"}],"twitter_card":"summary_large_image","twitter_misc":{"Predpokladan\u00fd \u010das \u010d\u00edtania":"2 min\u00faty"},"schema":{"@context":"https:\/\/schema.org","@graph":[{"@type":"WebPage","@id":"https:\/\/begamer.cz\/sk\/produkt\/nba-2k26-superstar-edition-sk-2\/","url":"https:\/\/begamer.cz\/sk\/produkt\/nba-2k26-superstar-edition-sk-2\/","name":"NBA 2K26: Superstar Edition | BeGamer.cz","isPartOf":{"@id":"https:\/\/begamer.cz\/sk\/#website"},"primaryImageOfPage":{"@id":"https:\/\/begamer.cz\/sk\/produkt\/nba-2k26-superstar-edition-sk-2\/#primaryimage"},"image":{"@id":"https:\/\/begamer.cz\/sk\/produkt\/nba-2k26-superstar-edition-sk-2\/#primaryimage"},"thumbnailUrl":"https:\/\/begamer.cz\/wp-content\/uploads\/2026\/01\/nba-2k26-superstar-edition.webp","datePublished":"2026-01-30T18:28:23+00:00","dateModified":"2026-04-03T04:28:38+00:00","breadcrumb":{"@id":"https:\/\/begamer.cz\/sk\/produkt\/nba-2k26-superstar-edition-sk-2\/#breadcrumb"},"inLanguage":"sk-SK","potentialAction":[{"@type":"ReadAction","target":["https:\/\/begamer.cz\/sk\/produkt\/nba-2k26-superstar-edition-sk-2\/"]}]},{"@type":"ImageObject","inLanguage":"sk-SK","@id":"https:\/\/begamer.cz\/sk\/produkt\/nba-2k26-superstar-edition-sk-2\/#primaryimage","url":"https:\/\/begamer.cz\/wp-content\/uploads\/2026\/01\/nba-2k26-superstar-edition.webp","contentUrl":"https:\/\/begamer.cz\/wp-content\/uploads\/2026\/01\/nba-2k26-superstar-edition.webp","width":300,"height":400},{"@type":"BreadcrumbList","@id":"https:\/\/begamer.cz\/sk\/produkt\/nba-2k26-superstar-edition-sk-2\/#breadcrumb","itemListElement":[{"@type":"ListItem","position":1,"name":"Domov","item":"https:\/\/begamer.cz\/sk\/"},{"@type":"ListItem","position":2,"name":"Obchod","item":"https:\/\/begamer.cz\/obchod\/"},{"@type":"ListItem","position":3,"name":"NBA 2K26: Superstar Edition"}]},{"@type":"WebSite","@id":"https:\/\/begamer.cz\/sk\/#website","url":"https:\/\/begamer.cz\/sk\/","name":"BeGamer.cz","description":"","publisher":{"@id":"https:\/\/begamer.cz\/sk\/#organization"},"potentialAction":[{"@type":"SearchAction","target":{"@type":"EntryPoint","urlTemplate":"https:\/\/begamer.cz\/sk\/?s={search_term_string}"},"query-input":{"@type":"PropertyValueSpecification","valueRequired":true,"valueName":"search_term_string"}}],"inLanguage":"sk-SK"},{"@type":"Organization","@id":"https:\/\/begamer.cz\/sk\/#organization","name":"BeGamer.cz","url":"https:\/\/begamer.cz\/sk\/","logo":{"@type":"ImageObject","inLanguage":"sk-SK","@id":"https:\/\/begamer.cz\/sk\/#\/schema\/logo\/image\/","url":"https:\/\/begamer.cz\/wp-content\/uploads\/2025\/07\/logo.svg","contentUrl":"https:\/\/begamer.cz\/wp-content\/uploads\/2025\/07\/logo.svg","caption":"BeGamer.cz"},"image":{"@id":"https:\/\/begamer.cz\/sk\/#\/schema\/logo\/image\/"}}]}},"acf":[],"_links":{"self":[{"href":"https:\/\/begamer.cz\/sk\/wp-json\/wp\/v2\/product\/104231","targetHints":{"allow":["GET"]}}],"collection":[{"href":"https:\/\/begamer.cz\/sk\/wp-json\/wp\/v2\/product"}],"about":[{"href":"https:\/\/begamer.cz\/sk\/wp-json\/wp\/v2\/types\/product"}],"replies":[{"embeddable":true,"href":"https:\/\/begamer.cz\/sk\/wp-json\/wp\/v2\/comments?post=104231"}],"wp:featuredmedia":[{"embeddable":true,"href":"https:\/\/begamer.cz\/sk\/wp-json\/wp\/v2\/media\/112124"}],"wp:attachment":[{"href":"https:\/\/begamer.cz\/sk\/wp-json\/wp\/v2\/media?parent=104231"}],"wp:term":[{"taxonomy":"product_brand","embeddable":true,"href":"https:\/\/begamer.cz\/sk\/wp-json\/wp\/v2\/product_brand?post=104231"},{"taxonomy":"product_cat","embeddable":true,"href":"https:\/\/begamer.cz\/sk\/wp-json\/wp\/v2\/product_cat?post=104231"},{"taxonomy":"product_tag","embeddable":true,"href":"https:\/\/begamer.cz\/sk\/wp-json\/wp\/v2\/product_tag?post=104231"}],"curies":[{"name":"wp","href":"https:\/\/api.w.org\/{rel}","templated":true}]}}