{"id":104204,"date":"2026-01-30T19:27:59","date_gmt":"2026-01-30T18:27:59","guid":{"rendered":"https:\/\/begamer.cz\/produkt\/borderlands-the-pre-sequel-sk-1769797683\/"},"modified":"2026-04-03T06:27:21","modified_gmt":"2026-04-03T04:27:21","slug":"borderlands-the-pre-sequel-sk-2","status":"publish","type":"product","link":"https:\/\/begamer.cz\/sk\/produkt\/borderlands-the-pre-sequel-sk-2\/","title":{"rendered":"Borderlands: The Pre-Sequel"},"content":{"rendered":"<h1>O hre<\/h1>\n<p>VST\u00daPTE DO SVETA BORDERLANDS A PREBOJUJTE SA CEZ Z\u00daPLNE NOV\u00c9 DOBRODRU\u017dSTVO, KTOR\u00c9 V\u00c1S VYSTREL\u00cd NA MESIAC PANDORY V HRE BORDERLANDS: THE PRE-SEQUEL!<\/p>\n<p>Objavte pr\u00edbeh za zloduchom z hry Borderlands 2, Handsome Jackom, a jeho vzostupom k moci. Pre-Sequel sa odohr\u00e1va medzi p\u00f4vodnou hrou Borderlands a Borderlands 2 a pon\u00faka v\u00e1m mno\u017estvo nov\u00e9ho hern\u00e9ho obsahu s kombin\u00e1ciou mechan\u00edk strie\u013ea\u010diek a RPG, ktor\u00fa si hr\u00e1\u010di tak ob\u013e\u00fabili.<\/p>\n<p>Vzn\u00e1\u0161ajte sa vo vzduchu pri ka\u017edom skoku v n\u00edzkej gravit\u00e1cii a likvidujte nepriate\u013eov z v\u00fd\u0161ky pomocou nov\u00fdch \u013eadov\u00fdch a laserov\u00fdch zbran\u00ed. Nasadnite si a presk\u00famajte mesa\u010dn\u00fa krajinu s nov\u00fdmi vozidlami, ktor\u00e9 umo\u017e\u0148uj\u00fa e\u0161te v\u00e4\u010d\u0161\u00ed chaos a de\u0161trukciu.<\/p>\n<p><strong>Funkcie<\/strong><\/p>\n<p>PRINESTE CHAOS NA MESIAC<\/p>\n<p>Poc\u00ed\u0165te n\u00edzku gravit\u00e1ciu Mesiaca pri ka\u017edom skoku a kroku.<br \/>Sp\u00f4sobte chaos s nov\u00fdmi zbra\u0148ami vybaven\u00fdmi \u013eadov\u00fdmi a laserov\u00fdmi schopnos\u0165ami!<br \/>Nov\u00ed nepriatelia prin\u00e1\u0161aj\u00fa vesm\u00edrny zvrat!<\/p>\n<p>VZOSTUP HANDSOME JACKA<\/p>\n<p>Sta\u0148te sa svedkom vzostupu Handsome Jacka k moci.<br \/>Ponorte sa hlboko do p\u00f4vodu ikonick\u00fdch zloduchov zo sveta Borderlands.<br \/>Obra\u0165te situ\u00e1ciu a za\u017eite pr\u00edbeh z poh\u013eadu Handsome Jacka.<\/p>\n<p>NOV\u00c1 TRIEDA ANTIHRDINOV<\/p>\n<p>Hrajte za jednu zo \u0161tyroch nov\u00fdch tried post\u00e1v, vr\u00e1tane Wilhelma the Enforcera, Nishy the Lawbringer a Atheny the Gladiator.<br \/>Hrajte po prv\u00fdkr\u00e1t za bojovo pripraven\u00fd prototyp Claptrapa!<br \/>Za\u017eite mor\u00e1lnu dilemu spolupr\u00e1ce s Handsome Jackom.<\/p>\n","protected":false},"excerpt":{"rendered":"<p>Vst\u00fapte do sveta Borderlands a prebojujte sa cez \u00faplne nov\u00e9 dobrodru\u017estvo, ktor\u00e9 v\u00e1s v hre Borderlands: The Pre-Sequel katapultuje na Pandorin mesiac!<\/p>\n","protected":false},"featured_media":45301,"comment_status":"open","ping_status":"closed","template":"","meta":{"_acf_changed":false},"product_brand":[],"product_cat":[268,266,308,312,9064],"product_tag":[],"class_list":{"0":"post-104204","1":"product","2":"type-product","3":"status-publish","4":"has-post-thumbnail","6":"product_cat-pc-sk","7":"product_cat-pc-hry-sk","8":"product_cat-rpg-pc-hry-sk","9":"product_cat-steam-pc-sk","10":"product_cat-strielacky-3","11":"pa_audio-de-de","12":"pa_audio-en-us","13":"pa_audio-es-es","14":"pa_audio-fr-fr","15":"pa_audio-it-it","17":"pa_audio-ja-jp","19":"pa_countries-ad","20":"pa_countries-ae","21":"pa_countries-af","22":"pa_countries-ag","23":"pa_countries-ai","24":"pa_countries-al","25":"pa_countries-am","26":"pa_countries-ao","27":"pa_countries-aq","28":"pa_countries-ar","29":"pa_countries-as","30":"pa_countries-at","31":"pa_countries-au","32":"pa_countries-aw","33":"pa_countries-ax","34":"pa_countries-az","35":"pa_countries-ba","36":"pa_countries-bb","37":"pa_countries-bd","38":"pa_countries-be","39":"pa_countries-bf","40":"pa_countries-bg","41":"pa_countries-bh","42":"pa_countries-bi","43":"pa_countries-bj","44":"pa_countries-bl","45":"pa_countries-bm","46":"pa_countries-bn","47":"pa_countries-bo","48":"pa_countries-bq","49":"pa_countries-br","50":"pa_countries-bs","51":"pa_countries-bt","52":"pa_countries-bv","53":"pa_countries-bw","54":"pa_countries-bz","55":"pa_countries-ca","56":"pa_countries-cc","57":"pa_countries-cd","58":"pa_countries-cf","59":"pa_countries-cg","60":"pa_countries-ch","61":"pa_countries-ci","62":"pa_countries-ck","63":"pa_countries-cl","64":"pa_countries-cm","65":"pa_countries-cn","66":"pa_countries-co","67":"pa_countries-cr","68":"pa_countries-cu","69":"pa_countries-cv","70":"pa_countries-cw","71":"pa_countries-cx","72":"pa_countries-cy","73":"pa_countries-cz","74":"pa_countries-de","75":"pa_countries-dj","76":"pa_countries-dk","77":"pa_countries-dm","78":"pa_countries-do","79":"pa_countries-dz","80":"pa_countries-ec","81":"pa_countries-ee","82":"pa_countries-eg","83":"pa_countries-eh","84":"pa_countries-er","85":"pa_countries-es","86":"pa_countries-et","87":"pa_countries-fi","88":"pa_countries-fj","89":"pa_countries-fk","90":"pa_countries-fm","91":"pa_countries-fo","92":"pa_countries-fr","93":"pa_countries-ga","94":"pa_countries-gb","95":"pa_countries-gd","96":"pa_countries-ge","97":"pa_countries-gf","98":"pa_countries-gg","99":"pa_countries-gh","100":"pa_countries-gi","101":"pa_countries-gl","102":"pa_countries-gm","103":"pa_countries-gn","104":"pa_countries-gp","105":"pa_countries-gq","106":"pa_countries-gr","107":"pa_countries-gs","108":"pa_countries-gt","109":"pa_countries-gu","110":"pa_countries-gw","111":"pa_countries-gy","112":"pa_countries-hk","113":"pa_countries-hm","114":"pa_countries-hn","115":"pa_countries-hr","116":"pa_countries-ht","117":"pa_countries-hu","118":"pa_countries-id","119":"pa_countries-ie","120":"pa_countries-il","121":"pa_countries-im","122":"pa_countries-in","123":"pa_countries-io","124":"pa_countries-iq","125":"pa_countries-ir","126":"pa_countries-is","127":"pa_countries-it","128":"pa_countries-je","129":"pa_countries-jm","130":"pa_countries-jo","131":"pa_countries-jp","132":"pa_countries-ke","133":"pa_countries-kg","134":"pa_countries-kh","135":"pa_countries-ki","136":"pa_countries-km","137":"pa_countries-kn","138":"pa_countries-kp","139":"pa_countries-kr","140":"pa_countries-kw","141":"pa_countries-ky","142":"pa_countries-kz","143":"pa_countries-la","144":"pa_countries-lb","145":"pa_countries-lc","146":"pa_countries-li","147":"pa_countries-lk","148":"pa_countries-lr","149":"pa_countries-ls","150":"pa_countries-lt","151":"pa_countries-lu","152":"pa_countries-lv","153":"pa_countries-ly","154":"pa_countries-ma","155":"pa_countries-mc","156":"pa_countries-md","157":"pa_countries-me","158":"pa_countries-mf","159":"pa_countries-mg","160":"pa_countries-mh","161":"pa_countries-mk","162":"pa_countries-ml","163":"pa_countries-mm","164":"pa_countries-mn","165":"pa_countries-mo","166":"pa_countries-mp","167":"pa_countries-mq","168":"pa_countries-mr","169":"pa_countries-ms","170":"pa_countries-mt","171":"pa_countries-mu","172":"pa_countries-mv","173":"pa_countries-mw","174":"pa_countries-mx","175":"pa_countries-my","176":"pa_countries-mz","177":"pa_countries-na","178":"pa_countries-nc","179":"pa_countries-ne","180":"pa_countries-nf","181":"pa_countries-ng","182":"pa_countries-ni","183":"pa_countries-nl","184":"pa_countries-no","185":"pa_countries-np","186":"pa_countries-nr","187":"pa_countries-nu","188":"pa_countries-nz","189":"pa_countries-om","190":"pa_countries-pa","191":"pa_countries-pe","192":"pa_countries-pf","193":"pa_countries-pg","194":"pa_countries-ph","195":"pa_countries-pk","196":"pa_countries-pl","197":"pa_countries-pm","198":"pa_countries-pn","199":"pa_countries-pr","200":"pa_countries-ps","201":"pa_countries-pt","202":"pa_countries-pw","203":"pa_countries-py","204":"pa_countries-qa","205":"pa_countries-re","206":"pa_countries-ro","207":"pa_countries-rs","208":"pa_countries-rw","209":"pa_countries-sa","210":"pa_countries-sb","211":"pa_countries-sc","212":"pa_countries-sd","213":"pa_countries-se","214":"pa_countries-sg","215":"pa_countries-sh","216":"pa_countries-si","217":"pa_countries-sj","218":"pa_countries-sk","219":"pa_countries-sl","220":"pa_countries-sm","221":"pa_countries-sn","222":"pa_countries-so","223":"pa_countries-sr","224":"pa_countries-ss","226":"pa_countries-st","227":"pa_countries-sv","228":"pa_countries-sx","229":"pa_countries-sy","230":"pa_countries-sz","231":"pa_countries-tc","232":"pa_countries-td","233":"pa_countries-tf","234":"pa_countries-tg","235":"pa_countries-th","236":"pa_countries-tj","237":"pa_countries-tk","238":"pa_countries-tl","239":"pa_countries-tm","240":"pa_countries-tn","241":"pa_countries-to","242":"pa_countries-tr","243":"pa_countries-tt","244":"pa_countries-tv","245":"pa_countries-tw","246":"pa_countries-tz","247":"pa_countries-ua","248":"pa_countries-ug","249":"pa_countries-um","250":"pa_countries-us","251":"pa_countries-uy","252":"pa_countries-uz","253":"pa_countries-va","254":"pa_countries-vc","255":"pa_countries-ve","256":"pa_countries-vg","257":"pa_countries-vi","258":"pa_countries-vn","259":"pa_countries-vu","260":"pa_countries-wf","261":"pa_countries-ws","262":"pa_countries-xk","264":"pa_countries-ye","265":"pa_countries-yt","266":"pa_countries-za","267":"pa_countries-zm","268":"pa_countries-zw","269":"pa_developer-2k-australia","271":"pa_developer-gearbox-software","273":"pa_engine-unreal-engine-3","275":"pa_franchises-borderlands","277":"pa_game_type-main_game","279":"pa_genres-role-playing-rpg","281":"pa_genres-shooter","283":"pa_interface-de-de","284":"pa_interface-en-us","285":"pa_interface-es-es","286":"pa_interface-fr-fr","287":"pa_interface-it-it","288":"pa_interface-ja-jp","289":"pa_interface-ko-kr","291":"pa_interface-ru-ru","293":"pa_keywords-auto-saving","294":"pa_keywords-bink-video","295":"pa_keywords-cameo-appearance","296":"pa_keywords-canonical-death","297":"pa_keywords-clone","298":"pa_keywords-color-separation","299":"pa_keywords-customizable-characters","300":"pa_keywords-digital-distribution","301":"pa_keywords-female-protagonist","302":"pa_keywords-heterochromia","303":"pa_keywords-humble-bundle","304":"pa_keywords-interquel","305":"pa_keywords-lgbtq","306":"pa_keywords-male-protagonist","307":"pa_keywords-military","309":"pa_keywords-multiple-protagonists","310":"pa_keywords-non-humanoid-protagonist","311":"pa_keywords-pax-east-2014","312":"pa_keywords-pax-prime-2014","313":"pa_keywords-polygonal-3d","314":"pa_keywords-previously-on-xbox-gamepass","315":"pa_keywords-real-time-combat","317":"pa_keywords-robot-protagonist","318":"pa_keywords-rpg-elements","319":"pa_keywords-side-quests","320":"pa_keywords-skill-tree","321":"pa_keywords-steam","322":"pa_keywords-voice-acting","323":"pa_keywords-wasd-movement","324":"pa_modes-co-operative","326":"pa_modes-multiplayer","328":"pa_modes-single-player","329":"pa_pegi-794","330":"pa_pegi-13426","331":"pa_platform-pc-steam","333":"pa_player_perspectives-first-person","335":"pa_publisher-2k-games","337":"pa_publisher-take-two-interactive","339":"pa_rating-1093","340":"pa_rating-14476","341":"pa_region-global","343":"pa_subtitles-de-de","345":"pa_subtitles-en-us","346":"pa_subtitles-es-es","347":"pa_subtitles-fr-fr","348":"pa_subtitles-it-it","349":"pa_subtitles-ja-jp","350":"pa_subtitles-ko-kr","351":"pa_subtitles-ru-ru","353":"pa_themes-action","354":"pa_themes-comedy","356":"pa_themes-open-world","357":"pa_themes-science-fiction","360":"first","361":"instock","362":"virtual","363":"taxable","364":"purchasable","365":"product-type-simple"},"yoast_head":"<!-- This site is optimized with the Yoast SEO plugin v27.3 - https:\/\/yoast.com\/product\/yoast-seo-wordpress\/ -->\n<title>Borderlands: The Pre-Sequel | BeGamer.cz<\/title>\n<meta name=\"robots\" content=\"index, follow, max-snippet:-1, max-image-preview:large, max-video-preview:-1\" \/>\n<link rel=\"canonical\" href=\"https:\/\/begamer.cz\/sk\/produkt\/borderlands-the-pre-sequel-sk-2\/\" \/>\n<meta property=\"og:locale\" content=\"sk_SK\" \/>\n<meta property=\"og:type\" content=\"article\" \/>\n<meta property=\"og:title\" content=\"Borderlands: The Pre-Sequel | BeGamer.cz\" \/>\n<meta property=\"og:description\" content=\"Vst\u00fapte do sveta Borderlands a prebojujte sa cez \u00faplne nov\u00e9 dobrodru\u017estvo, ktor\u00e9 v\u00e1s v hre Borderlands: The Pre-Sequel katapultuje na Pandorin mesiac!\" \/>\n<meta property=\"og:url\" content=\"https:\/\/begamer.cz\/sk\/produkt\/borderlands-the-pre-sequel-sk-2\/\" \/>\n<meta property=\"og:site_name\" content=\"BeGamer.cz\" \/>\n<meta property=\"article:modified_time\" content=\"2026-04-03T04:27:21+00:00\" \/>\n<meta property=\"og:image\" content=\"https:\/\/begamer.cz\/wp-content\/uploads\/2026\/01\/borderlands-the-pre-sequel-5.webp\" \/>\n\t<meta property=\"og:image:width\" content=\"300\" \/>\n\t<meta property=\"og:image:height\" content=\"400\" \/>\n\t<meta property=\"og:image:type\" content=\"image\/webp\" \/>\n<meta name=\"twitter:card\" content=\"summary_large_image\" \/>\n<meta name=\"twitter:label1\" content=\"Predpokladan\u00fd \u010das \u010d\u00edtania\" \/>\n\t<meta name=\"twitter:data1\" content=\"1 min\u00fata\" \/>\n<script type=\"application\/ld+json\" class=\"yoast-schema-graph\">{\"@context\":\"https:\\\/\\\/schema.org\",\"@graph\":[{\"@type\":\"WebPage\",\"@id\":\"https:\\\/\\\/begamer.cz\\\/sk\\\/produkt\\\/borderlands-the-pre-sequel-sk-2\\\/\",\"url\":\"https:\\\/\\\/begamer.cz\\\/sk\\\/produkt\\\/borderlands-the-pre-sequel-sk-2\\\/\",\"name\":\"Borderlands: The Pre-Sequel | BeGamer.cz\",\"isPartOf\":{\"@id\":\"https:\\\/\\\/begamer.cz\\\/sk\\\/#website\"},\"primaryImageOfPage\":{\"@id\":\"https:\\\/\\\/begamer.cz\\\/sk\\\/produkt\\\/borderlands-the-pre-sequel-sk-2\\\/#primaryimage\"},\"image\":{\"@id\":\"https:\\\/\\\/begamer.cz\\\/sk\\\/produkt\\\/borderlands-the-pre-sequel-sk-2\\\/#primaryimage\"},\"thumbnailUrl\":\"https:\\\/\\\/begamer.cz\\\/wp-content\\\/uploads\\\/2026\\\/01\\\/borderlands-the-pre-sequel-5.webp\",\"datePublished\":\"2026-01-30T18:27:59+00:00\",\"dateModified\":\"2026-04-03T04:27:21+00:00\",\"breadcrumb\":{\"@id\":\"https:\\\/\\\/begamer.cz\\\/sk\\\/produkt\\\/borderlands-the-pre-sequel-sk-2\\\/#breadcrumb\"},\"inLanguage\":\"sk-SK\",\"potentialAction\":[{\"@type\":\"ReadAction\",\"target\":[\"https:\\\/\\\/begamer.cz\\\/sk\\\/produkt\\\/borderlands-the-pre-sequel-sk-2\\\/\"]}]},{\"@type\":\"ImageObject\",\"inLanguage\":\"sk-SK\",\"@id\":\"https:\\\/\\\/begamer.cz\\\/sk\\\/produkt\\\/borderlands-the-pre-sequel-sk-2\\\/#primaryimage\",\"url\":\"https:\\\/\\\/begamer.cz\\\/wp-content\\\/uploads\\\/2026\\\/01\\\/borderlands-the-pre-sequel-5.webp\",\"contentUrl\":\"https:\\\/\\\/begamer.cz\\\/wp-content\\\/uploads\\\/2026\\\/01\\\/borderlands-the-pre-sequel-5.webp\",\"width\":300,\"height\":400},{\"@type\":\"BreadcrumbList\",\"@id\":\"https:\\\/\\\/begamer.cz\\\/sk\\\/produkt\\\/borderlands-the-pre-sequel-sk-2\\\/#breadcrumb\",\"itemListElement\":[{\"@type\":\"ListItem\",\"position\":1,\"name\":\"Domov\",\"item\":\"https:\\\/\\\/begamer.cz\\\/sk\\\/\"},{\"@type\":\"ListItem\",\"position\":2,\"name\":\"Obchod\",\"item\":\"https:\\\/\\\/begamer.cz\\\/obchod\\\/\"},{\"@type\":\"ListItem\",\"position\":3,\"name\":\"Borderlands: The Pre-Sequel\"}]},{\"@type\":\"WebSite\",\"@id\":\"https:\\\/\\\/begamer.cz\\\/sk\\\/#website\",\"url\":\"https:\\\/\\\/begamer.cz\\\/sk\\\/\",\"name\":\"BeGamer.cz\",\"description\":\"\",\"publisher\":{\"@id\":\"https:\\\/\\\/begamer.cz\\\/sk\\\/#organization\"},\"potentialAction\":[{\"@type\":\"SearchAction\",\"target\":{\"@type\":\"EntryPoint\",\"urlTemplate\":\"https:\\\/\\\/begamer.cz\\\/sk\\\/?s={search_term_string}\"},\"query-input\":{\"@type\":\"PropertyValueSpecification\",\"valueRequired\":true,\"valueName\":\"search_term_string\"}}],\"inLanguage\":\"sk-SK\"},{\"@type\":\"Organization\",\"@id\":\"https:\\\/\\\/begamer.cz\\\/sk\\\/#organization\",\"name\":\"BeGamer.cz\",\"url\":\"https:\\\/\\\/begamer.cz\\\/sk\\\/\",\"logo\":{\"@type\":\"ImageObject\",\"inLanguage\":\"sk-SK\",\"@id\":\"https:\\\/\\\/begamer.cz\\\/sk\\\/#\\\/schema\\\/logo\\\/image\\\/\",\"url\":\"https:\\\/\\\/begamer.cz\\\/wp-content\\\/uploads\\\/2025\\\/07\\\/logo.svg\",\"contentUrl\":\"https:\\\/\\\/begamer.cz\\\/wp-content\\\/uploads\\\/2025\\\/07\\\/logo.svg\",\"caption\":\"BeGamer.cz\"},\"image\":{\"@id\":\"https:\\\/\\\/begamer.cz\\\/sk\\\/#\\\/schema\\\/logo\\\/image\\\/\"}}]}<\/script>\n<!-- \/ Yoast SEO plugin. -->","yoast_head_json":{"title":"Borderlands: The Pre-Sequel | BeGamer.cz","robots":{"index":"index","follow":"follow","max-snippet":"max-snippet:-1","max-image-preview":"max-image-preview:large","max-video-preview":"max-video-preview:-1"},"canonical":"https:\/\/begamer.cz\/sk\/produkt\/borderlands-the-pre-sequel-sk-2\/","og_locale":"sk_SK","og_type":"article","og_title":"Borderlands: The Pre-Sequel | BeGamer.cz","og_description":"Vst\u00fapte do sveta Borderlands a prebojujte sa cez \u00faplne nov\u00e9 dobrodru\u017estvo, ktor\u00e9 v\u00e1s v hre Borderlands: The Pre-Sequel katapultuje na Pandorin mesiac!","og_url":"https:\/\/begamer.cz\/sk\/produkt\/borderlands-the-pre-sequel-sk-2\/","og_site_name":"BeGamer.cz","article_modified_time":"2026-04-03T04:27:21+00:00","og_image":[{"width":300,"height":400,"url":"https:\/\/begamer.cz\/wp-content\/uploads\/2026\/01\/borderlands-the-pre-sequel-5.webp","type":"image\/webp"}],"twitter_card":"summary_large_image","twitter_misc":{"Predpokladan\u00fd \u010das \u010d\u00edtania":"1 min\u00fata"},"schema":{"@context":"https:\/\/schema.org","@graph":[{"@type":"WebPage","@id":"https:\/\/begamer.cz\/sk\/produkt\/borderlands-the-pre-sequel-sk-2\/","url":"https:\/\/begamer.cz\/sk\/produkt\/borderlands-the-pre-sequel-sk-2\/","name":"Borderlands: The Pre-Sequel | BeGamer.cz","isPartOf":{"@id":"https:\/\/begamer.cz\/sk\/#website"},"primaryImageOfPage":{"@id":"https:\/\/begamer.cz\/sk\/produkt\/borderlands-the-pre-sequel-sk-2\/#primaryimage"},"image":{"@id":"https:\/\/begamer.cz\/sk\/produkt\/borderlands-the-pre-sequel-sk-2\/#primaryimage"},"thumbnailUrl":"https:\/\/begamer.cz\/wp-content\/uploads\/2026\/01\/borderlands-the-pre-sequel-5.webp","datePublished":"2026-01-30T18:27:59+00:00","dateModified":"2026-04-03T04:27:21+00:00","breadcrumb":{"@id":"https:\/\/begamer.cz\/sk\/produkt\/borderlands-the-pre-sequel-sk-2\/#breadcrumb"},"inLanguage":"sk-SK","potentialAction":[{"@type":"ReadAction","target":["https:\/\/begamer.cz\/sk\/produkt\/borderlands-the-pre-sequel-sk-2\/"]}]},{"@type":"ImageObject","inLanguage":"sk-SK","@id":"https:\/\/begamer.cz\/sk\/produkt\/borderlands-the-pre-sequel-sk-2\/#primaryimage","url":"https:\/\/begamer.cz\/wp-content\/uploads\/2026\/01\/borderlands-the-pre-sequel-5.webp","contentUrl":"https:\/\/begamer.cz\/wp-content\/uploads\/2026\/01\/borderlands-the-pre-sequel-5.webp","width":300,"height":400},{"@type":"BreadcrumbList","@id":"https:\/\/begamer.cz\/sk\/produkt\/borderlands-the-pre-sequel-sk-2\/#breadcrumb","itemListElement":[{"@type":"ListItem","position":1,"name":"Domov","item":"https:\/\/begamer.cz\/sk\/"},{"@type":"ListItem","position":2,"name":"Obchod","item":"https:\/\/begamer.cz\/obchod\/"},{"@type":"ListItem","position":3,"name":"Borderlands: The Pre-Sequel"}]},{"@type":"WebSite","@id":"https:\/\/begamer.cz\/sk\/#website","url":"https:\/\/begamer.cz\/sk\/","name":"BeGamer.cz","description":"","publisher":{"@id":"https:\/\/begamer.cz\/sk\/#organization"},"potentialAction":[{"@type":"SearchAction","target":{"@type":"EntryPoint","urlTemplate":"https:\/\/begamer.cz\/sk\/?s={search_term_string}"},"query-input":{"@type":"PropertyValueSpecification","valueRequired":true,"valueName":"search_term_string"}}],"inLanguage":"sk-SK"},{"@type":"Organization","@id":"https:\/\/begamer.cz\/sk\/#organization","name":"BeGamer.cz","url":"https:\/\/begamer.cz\/sk\/","logo":{"@type":"ImageObject","inLanguage":"sk-SK","@id":"https:\/\/begamer.cz\/sk\/#\/schema\/logo\/image\/","url":"https:\/\/begamer.cz\/wp-content\/uploads\/2025\/07\/logo.svg","contentUrl":"https:\/\/begamer.cz\/wp-content\/uploads\/2025\/07\/logo.svg","caption":"BeGamer.cz"},"image":{"@id":"https:\/\/begamer.cz\/sk\/#\/schema\/logo\/image\/"}}]}},"acf":[],"_links":{"self":[{"href":"https:\/\/begamer.cz\/sk\/wp-json\/wp\/v2\/product\/104204","targetHints":{"allow":["GET"]}}],"collection":[{"href":"https:\/\/begamer.cz\/sk\/wp-json\/wp\/v2\/product"}],"about":[{"href":"https:\/\/begamer.cz\/sk\/wp-json\/wp\/v2\/types\/product"}],"replies":[{"embeddable":true,"href":"https:\/\/begamer.cz\/sk\/wp-json\/wp\/v2\/comments?post=104204"}],"wp:featuredmedia":[{"embeddable":true,"href":"https:\/\/begamer.cz\/sk\/wp-json\/wp\/v2\/media\/45301"}],"wp:attachment":[{"href":"https:\/\/begamer.cz\/sk\/wp-json\/wp\/v2\/media?parent=104204"}],"wp:term":[{"taxonomy":"product_brand","embeddable":true,"href":"https:\/\/begamer.cz\/sk\/wp-json\/wp\/v2\/product_brand?post=104204"},{"taxonomy":"product_cat","embeddable":true,"href":"https:\/\/begamer.cz\/sk\/wp-json\/wp\/v2\/product_cat?post=104204"},{"taxonomy":"product_tag","embeddable":true,"href":"https:\/\/begamer.cz\/sk\/wp-json\/wp\/v2\/product_tag?post=104204"}],"curies":[{"name":"wp","href":"https:\/\/api.w.org\/{rel}","templated":true}]}}