{"id":104192,"date":"2026-01-30T19:27:50","date_gmt":"2026-01-30T18:27:50","guid":{"rendered":"https:\/\/begamer.cz\/produkt\/bioshock-infinite-season-pass-sk\/"},"modified":"2026-04-01T05:11:18","modified_gmt":"2026-04-01T03:11:18","slug":"bioshock-infinite-season-pass-sk","status":"publish","type":"product","link":"https:\/\/begamer.cz\/sk\/produkt\/bioshock-infinite-season-pass-sk\/","title":{"rendered":"BioShock Infinite \u2013 Season Pass"},"content":{"rendered":"<p>Z\u00edskajte tri bal\u00ed\u010dky DLC s neuverite\u013enou z\u013eavou, ktor\u00e1 je k dispoz\u00edcii len pre dr\u017eite\u013eov Season Passu.<\/p>\n<ul class=\"bb_ul\">\n<li><strong> BioShock Infinite: Burial at Sea \u2013 Episode One<\/strong><br \/>Vr\u00e1\u0165te sa do Rapture v pr\u00edbehu, ktor\u00fd zavedie Bookera a Elizabeth do podmorsk\u00e9ho mesta v predve\u010der jeho p\u00e1du. Toto DLC, ktor\u00e9 vyvinulo \u0161t\u00fadio Irrational Games, tvorca p\u00f4vodn\u00fdch hier BioShock a BioShock Infinite, predstavuje Rapture tak, ako ste ho e\u0161te nevideli \u2013 ako \u017eiariv\u00fd klenot na dne oce\u00e1nu, postaven\u00fd takmer \u00faplne od nuly v engine hry BioShock Infinite. Bojov\u00fd syst\u00e9m bol vyv\u00e1\u017een\u00fd a prepracovan\u00fd s v\u00e4\u010d\u0161\u00edm d\u00f4razom na stealth a spr\u00e1vu zdrojov, aby hr\u00e1\u010dom poskytol origin\u00e1lny bojov\u00fd z\u00e1\u017eitok z BioShocku, ktor\u00fd sp\u00e1ja to najlep\u0161ie z BioShocku a BioShock Infinite. Obsahuje nov\u00fa zbra\u0148, star\u00fa ob\u013e\u00faben\u00fa zbra\u0148 z p\u00f4vodn\u00e9ho BioShocku, ako aj n\u00e1vrat kolieska zbran\u00ed, nov\u00fd Plazmid, nov\u00e9 vybavenie a Slzy.<\/li>\n<\/ul>\n<ul class=\"bb_ul\">Presk\u00famajte mesto v \u010dase, ke\u010f bolo na vrchole svojej kr\u00e1sy, stretnite sa so star\u00fdmi \u201epriate\u013emi\u201c a nadvia\u017ete nov\u00e9 priate\u013estv\u00e1, v\u0161etko o\u010dami Bookera DeWitta. Pre\u010do s\u00fa Booker a Elizabeth v Rapture? Ak\u00e9 bolo mesto predt\u00fdm, ne\u017e sa v\u0161etko rozpadlo na k\u00fasky? Odpovede na tieto a \u010fal\u0161ie ot\u00e1zky n\u00e1jdete v BioShock Infinite: Burial at Sea \u2013 Episode 1. Tento bal\u00edk je s\u00fa\u010das\u0165ou sez\u00f3nneho l\u00edstka BioShock Infinite a bude obsahova\u0165 nov\u00e9 \u00faspechy.<\/ul>\n<p><\/p>\n<ul class=\"bb_ul\">\n<li><strong>BioShock Infinite: Burial at Sea \u2013 Episode Two<\/strong><br \/>Pozrite sa na svet o\u010dami Elizabeth v hre BioShock Infinite: Burial at Sea \u2013 Episode Two. Tento z\u00e1vere\u010dn\u00fd diel, ktor\u00fd nadv\u00e4zuje bezprostredne na koniec hry Burial at Sea \u2013 Episode One, v\u00e1s vtiahne do \u00falohy Elizabeth, ktor\u00e1 putuje cez Rapture v snahe zachr\u00e1ni\u0165 svoju mal\u00fa sestru, ktor\u00fa opustila.  Toto pokra\u010dovanie s\u00e1gy Burial at Sea, ktor\u00e9 vyvinulo \u0161t\u00fadio Irrational Games, tvorca p\u00f4vodn\u00fdch hier BioShock a BioShock Infinite, pon\u00faka \u010dasti Rapture, ktor\u00e9 ste doteraz nevideli, obsahuje upraven\u00fd hern\u00fd syst\u00e9m zameran\u00fd na stealth, ktor\u00fd prin\u00e1\u0161a nov\u00e9 zbrane a plazmidy, a zah\u0155\u0148a takmer v\u0161etky hlavn\u00e9 postavy z p\u00f4vodn\u00fdch hier BioShock a BioShock Infinite. BioShock Infinite: Burial at Sea \u2013 Episode Two je posledn\u00fdm z troch doplnkov\u00fdch bal\u00ed\u010dkov k hre BioShock Infinite a uzatv\u00e1ra pr\u00edbeh hier BioShock Infinite a Burial at Sea. Tento bal\u00ed\u010dek je s\u00fa\u010das\u0165ou sez\u00f3nneho l\u00edstka BioShock Infinite a bude obsahova\u0165 nov\u00e9 trofeje.<\/li>\n<\/ul>\n<p><\/p>\n<ul class=\"bb_ul\">\n<li><strong>BioShock Infinite: Clash In the Clouds<\/strong><br \/>Tento prv\u00fd doplnkov\u00fd bal\u00edk kladie intenz\u00edvny d\u00f4raz na boj v hre BioShock Infinite. Kombinujte zbrane, Vigory, v\u00fdstroj, Trhliny a Sky-Lines sp\u00f4sobmi, ktor\u00e9 ste nikdy nepova\u017eovali za mo\u017en\u00e9, ke\u010f \u010del\u00edte nemo\u017en\u00fdm prek\u00e1\u017ekam. Tento bal\u00edk obsahuje 60 v\u00fdziev v \u0161tyroch \u00faplne nov\u00fdch prostrediach. Dokon\u010dite v\u00fdzvy Blue Ribbon a odomknite konceptov\u00e9 umenie, Voxophones, Kinetoscopes a \u010fal\u0161ie v The Columbian Archeological Society. Vylezte na rebr\u00ed\u010dky a z\u00edskajte nov\u00e9 \u00faspechy.<\/li>\n<\/ul>\n<p><\/p>\n<ul class=\"bb_ul\">\n<li><strong>BioShock Infinite: Early Bird Special Pack<\/strong><br \/>Tento okam\u017eit\u00fd bonusov\u00fd bal\u00ed\u010dek obsahuje \u0161tyri kusy exkluz\u00edvneho vybavenia pre hru BioShock Infinite, vylep\u0161enie po\u0161kodenia gu\u013eometu, vylep\u0161enie po\u0161kodenia pi\u0161tole, zlat\u00fd skin pre obe zbrane a p\u00e4\u0165 f\u013ea\u0161iek Infusion, ktor\u00e9 hr\u00e1\u010dom umo\u017e\u0148uj\u00fa zv\u00fd\u0161i\u0165 ich zdravie, odolnos\u0165 \u0161t\u00edtu alebo schopnos\u0165 pou\u017e\u00edva\u0165 Vigory zv\u00fd\u0161en\u00edm mno\u017estva sol\u00ed, ktor\u00e9 m\u00f4\u017eu nies\u0165.<\/li>\n<\/ul>\n<p><strong>Pozn\u00e1mka: Bonusov\u00fd bal\u00ed\u010dek Early Bird Special je mo\u017en\u00e9 z\u00edska\u0165 iba zak\u00fapen\u00edm Season Pass.<\/strong><\/p>\n","protected":false},"excerpt":{"rendered":"<p>Z\u00edskajte tri bal\u00ed\u010dky DLC s neuverite\u013enou z\u013eavou, ktor\u00e1 je k dispoz\u00edcii len pre dr\u017eite\u013eov Season Passu. BioShock Infinite: Burial at Sea \u2013 Episode OneVr\u00e1\u0165te sa do Rapture v pr\u00edbehu, ktor\u00fd zavedie Bookera a Elizabeth do podmorsk\u00e9ho mesta v predve\u010der jeho p\u00e1du.<\/p>\n","protected":false},"featured_media":113504,"comment_status":"open","ping_status":"closed","template":"","meta":{"_acf_changed":false},"product_brand":[],"product_cat":[270,272,268,266,312],"product_tag":[],"class_list":{"0":"post-104192","1":"product","2":"type-product","3":"status-publish","4":"has-post-thumbnail","6":"product_cat-adventury-pc-hry-sk","7":"product_cat-akcni-pc-sk","8":"product_cat-pc-sk","9":"product_cat-pc-hry-sk","10":"product_cat-steam-pc-sk","11":"pa_developer-irrational-games","13":"pa_game_type-dlc","15":"pa_pegi-794","16":"pa_pegi-13426","17":"pa_platform-pc-steam","19":"pa_publisher-2k","21":"pa_region-global","24":"first","25":"instock","26":"virtual","27":"taxable","28":"purchasable","29":"product-type-simple"},"yoast_head":"<!-- This site is optimized with the Yoast SEO plugin v27.3 - https:\/\/yoast.com\/product\/yoast-seo-wordpress\/ -->\n<title>BioShock Infinite - Season Pass | BeGamer.cz<\/title>\n<meta name=\"robots\" content=\"index, follow, max-snippet:-1, max-image-preview:large, max-video-preview:-1\" \/>\n<link rel=\"canonical\" href=\"https:\/\/begamer.cz\/sk\/produkt\/bioshock-infinite-season-pass-sk\/\" \/>\n<meta property=\"og:locale\" content=\"sk_SK\" \/>\n<meta property=\"og:type\" content=\"article\" \/>\n<meta property=\"og:title\" content=\"BioShock Infinite - Season Pass | BeGamer.cz\" \/>\n<meta property=\"og:description\" content=\"Z\u00edskajte tri bal\u00ed\u010dky DLC s neuverite\u013enou z\u013eavou, ktor\u00e1 je k dispoz\u00edcii len pre dr\u017eite\u013eov Season Passu. BioShock Infinite: Burial at Sea \u2013 Episode OneVr\u00e1\u0165te sa do Rapture v pr\u00edbehu, ktor\u00fd zavedie Bookera a Elizabeth do podmorsk\u00e9ho mesta v predve\u010der jeho p\u00e1du.\" \/>\n<meta property=\"og:url\" content=\"https:\/\/begamer.cz\/sk\/produkt\/bioshock-infinite-season-pass-sk\/\" \/>\n<meta property=\"og:site_name\" content=\"BeGamer.cz\" \/>\n<meta property=\"article:modified_time\" content=\"2026-04-01T03:11:18+00:00\" \/>\n<meta property=\"og:image\" content=\"https:\/\/begamer.cz\/wp-content\/uploads\/2026\/01\/bioshock-infinite-season-pass-3.webp\" \/>\n\t<meta property=\"og:image:width\" content=\"300\" \/>\n\t<meta property=\"og:image:height\" content=\"400\" \/>\n\t<meta property=\"og:image:type\" content=\"image\/webp\" \/>\n<meta name=\"twitter:card\" content=\"summary_large_image\" \/>\n<meta name=\"twitter:label1\" content=\"Predpokladan\u00fd \u010das \u010d\u00edtania\" \/>\n\t<meta name=\"twitter:data1\" content=\"3 min\u00faty\" \/>\n<script type=\"application\/ld+json\" class=\"yoast-schema-graph\">{\"@context\":\"https:\\\/\\\/schema.org\",\"@graph\":[{\"@type\":\"WebPage\",\"@id\":\"https:\\\/\\\/begamer.cz\\\/sk\\\/produkt\\\/bioshock-infinite-season-pass-sk\\\/\",\"url\":\"https:\\\/\\\/begamer.cz\\\/sk\\\/produkt\\\/bioshock-infinite-season-pass-sk\\\/\",\"name\":\"BioShock Infinite - Season Pass | BeGamer.cz\",\"isPartOf\":{\"@id\":\"https:\\\/\\\/begamer.cz\\\/sk\\\/#website\"},\"primaryImageOfPage\":{\"@id\":\"https:\\\/\\\/begamer.cz\\\/sk\\\/produkt\\\/bioshock-infinite-season-pass-sk\\\/#primaryimage\"},\"image\":{\"@id\":\"https:\\\/\\\/begamer.cz\\\/sk\\\/produkt\\\/bioshock-infinite-season-pass-sk\\\/#primaryimage\"},\"thumbnailUrl\":\"https:\\\/\\\/begamer.cz\\\/wp-content\\\/uploads\\\/2026\\\/01\\\/bioshock-infinite-season-pass-3.webp\",\"datePublished\":\"2026-01-30T18:27:50+00:00\",\"dateModified\":\"2026-04-01T03:11:18+00:00\",\"breadcrumb\":{\"@id\":\"https:\\\/\\\/begamer.cz\\\/sk\\\/produkt\\\/bioshock-infinite-season-pass-sk\\\/#breadcrumb\"},\"inLanguage\":\"sk-SK\",\"potentialAction\":[{\"@type\":\"ReadAction\",\"target\":[\"https:\\\/\\\/begamer.cz\\\/sk\\\/produkt\\\/bioshock-infinite-season-pass-sk\\\/\"]}]},{\"@type\":\"ImageObject\",\"inLanguage\":\"sk-SK\",\"@id\":\"https:\\\/\\\/begamer.cz\\\/sk\\\/produkt\\\/bioshock-infinite-season-pass-sk\\\/#primaryimage\",\"url\":\"https:\\\/\\\/begamer.cz\\\/wp-content\\\/uploads\\\/2026\\\/01\\\/bioshock-infinite-season-pass-3.webp\",\"contentUrl\":\"https:\\\/\\\/begamer.cz\\\/wp-content\\\/uploads\\\/2026\\\/01\\\/bioshock-infinite-season-pass-3.webp\",\"width\":300,\"height\":400},{\"@type\":\"BreadcrumbList\",\"@id\":\"https:\\\/\\\/begamer.cz\\\/sk\\\/produkt\\\/bioshock-infinite-season-pass-sk\\\/#breadcrumb\",\"itemListElement\":[{\"@type\":\"ListItem\",\"position\":1,\"name\":\"Domov\",\"item\":\"https:\\\/\\\/begamer.cz\\\/sk\\\/\"},{\"@type\":\"ListItem\",\"position\":2,\"name\":\"Obchod\",\"item\":\"https:\\\/\\\/begamer.cz\\\/obchod\\\/\"},{\"@type\":\"ListItem\",\"position\":3,\"name\":\"BioShock Infinite \u2013 Season Pass\"}]},{\"@type\":\"WebSite\",\"@id\":\"https:\\\/\\\/begamer.cz\\\/sk\\\/#website\",\"url\":\"https:\\\/\\\/begamer.cz\\\/sk\\\/\",\"name\":\"BeGamer.cz\",\"description\":\"\",\"publisher\":{\"@id\":\"https:\\\/\\\/begamer.cz\\\/sk\\\/#organization\"},\"potentialAction\":[{\"@type\":\"SearchAction\",\"target\":{\"@type\":\"EntryPoint\",\"urlTemplate\":\"https:\\\/\\\/begamer.cz\\\/sk\\\/?s={search_term_string}\"},\"query-input\":{\"@type\":\"PropertyValueSpecification\",\"valueRequired\":true,\"valueName\":\"search_term_string\"}}],\"inLanguage\":\"sk-SK\"},{\"@type\":\"Organization\",\"@id\":\"https:\\\/\\\/begamer.cz\\\/sk\\\/#organization\",\"name\":\"BeGamer.cz\",\"url\":\"https:\\\/\\\/begamer.cz\\\/sk\\\/\",\"logo\":{\"@type\":\"ImageObject\",\"inLanguage\":\"sk-SK\",\"@id\":\"https:\\\/\\\/begamer.cz\\\/sk\\\/#\\\/schema\\\/logo\\\/image\\\/\",\"url\":\"https:\\\/\\\/begamer.cz\\\/wp-content\\\/uploads\\\/2025\\\/07\\\/logo.svg\",\"contentUrl\":\"https:\\\/\\\/begamer.cz\\\/wp-content\\\/uploads\\\/2025\\\/07\\\/logo.svg\",\"caption\":\"BeGamer.cz\"},\"image\":{\"@id\":\"https:\\\/\\\/begamer.cz\\\/sk\\\/#\\\/schema\\\/logo\\\/image\\\/\"}}]}<\/script>\n<!-- \/ Yoast SEO plugin. -->","yoast_head_json":{"title":"BioShock Infinite - Season Pass | BeGamer.cz","robots":{"index":"index","follow":"follow","max-snippet":"max-snippet:-1","max-image-preview":"max-image-preview:large","max-video-preview":"max-video-preview:-1"},"canonical":"https:\/\/begamer.cz\/sk\/produkt\/bioshock-infinite-season-pass-sk\/","og_locale":"sk_SK","og_type":"article","og_title":"BioShock Infinite - Season Pass | BeGamer.cz","og_description":"Z\u00edskajte tri bal\u00ed\u010dky DLC s neuverite\u013enou z\u013eavou, ktor\u00e1 je k dispoz\u00edcii len pre dr\u017eite\u013eov Season Passu. BioShock Infinite: Burial at Sea \u2013 Episode OneVr\u00e1\u0165te sa do Rapture v pr\u00edbehu, ktor\u00fd zavedie Bookera a Elizabeth do podmorsk\u00e9ho mesta v predve\u010der jeho p\u00e1du.","og_url":"https:\/\/begamer.cz\/sk\/produkt\/bioshock-infinite-season-pass-sk\/","og_site_name":"BeGamer.cz","article_modified_time":"2026-04-01T03:11:18+00:00","og_image":[{"width":300,"height":400,"url":"https:\/\/begamer.cz\/wp-content\/uploads\/2026\/01\/bioshock-infinite-season-pass-3.webp","type":"image\/webp"}],"twitter_card":"summary_large_image","twitter_misc":{"Predpokladan\u00fd \u010das \u010d\u00edtania":"3 min\u00faty"},"schema":{"@context":"https:\/\/schema.org","@graph":[{"@type":"WebPage","@id":"https:\/\/begamer.cz\/sk\/produkt\/bioshock-infinite-season-pass-sk\/","url":"https:\/\/begamer.cz\/sk\/produkt\/bioshock-infinite-season-pass-sk\/","name":"BioShock Infinite - Season Pass | BeGamer.cz","isPartOf":{"@id":"https:\/\/begamer.cz\/sk\/#website"},"primaryImageOfPage":{"@id":"https:\/\/begamer.cz\/sk\/produkt\/bioshock-infinite-season-pass-sk\/#primaryimage"},"image":{"@id":"https:\/\/begamer.cz\/sk\/produkt\/bioshock-infinite-season-pass-sk\/#primaryimage"},"thumbnailUrl":"https:\/\/begamer.cz\/wp-content\/uploads\/2026\/01\/bioshock-infinite-season-pass-3.webp","datePublished":"2026-01-30T18:27:50+00:00","dateModified":"2026-04-01T03:11:18+00:00","breadcrumb":{"@id":"https:\/\/begamer.cz\/sk\/produkt\/bioshock-infinite-season-pass-sk\/#breadcrumb"},"inLanguage":"sk-SK","potentialAction":[{"@type":"ReadAction","target":["https:\/\/begamer.cz\/sk\/produkt\/bioshock-infinite-season-pass-sk\/"]}]},{"@type":"ImageObject","inLanguage":"sk-SK","@id":"https:\/\/begamer.cz\/sk\/produkt\/bioshock-infinite-season-pass-sk\/#primaryimage","url":"https:\/\/begamer.cz\/wp-content\/uploads\/2026\/01\/bioshock-infinite-season-pass-3.webp","contentUrl":"https:\/\/begamer.cz\/wp-content\/uploads\/2026\/01\/bioshock-infinite-season-pass-3.webp","width":300,"height":400},{"@type":"BreadcrumbList","@id":"https:\/\/begamer.cz\/sk\/produkt\/bioshock-infinite-season-pass-sk\/#breadcrumb","itemListElement":[{"@type":"ListItem","position":1,"name":"Domov","item":"https:\/\/begamer.cz\/sk\/"},{"@type":"ListItem","position":2,"name":"Obchod","item":"https:\/\/begamer.cz\/obchod\/"},{"@type":"ListItem","position":3,"name":"BioShock Infinite \u2013 Season Pass"}]},{"@type":"WebSite","@id":"https:\/\/begamer.cz\/sk\/#website","url":"https:\/\/begamer.cz\/sk\/","name":"BeGamer.cz","description":"","publisher":{"@id":"https:\/\/begamer.cz\/sk\/#organization"},"potentialAction":[{"@type":"SearchAction","target":{"@type":"EntryPoint","urlTemplate":"https:\/\/begamer.cz\/sk\/?s={search_term_string}"},"query-input":{"@type":"PropertyValueSpecification","valueRequired":true,"valueName":"search_term_string"}}],"inLanguage":"sk-SK"},{"@type":"Organization","@id":"https:\/\/begamer.cz\/sk\/#organization","name":"BeGamer.cz","url":"https:\/\/begamer.cz\/sk\/","logo":{"@type":"ImageObject","inLanguage":"sk-SK","@id":"https:\/\/begamer.cz\/sk\/#\/schema\/logo\/image\/","url":"https:\/\/begamer.cz\/wp-content\/uploads\/2025\/07\/logo.svg","contentUrl":"https:\/\/begamer.cz\/wp-content\/uploads\/2025\/07\/logo.svg","caption":"BeGamer.cz"},"image":{"@id":"https:\/\/begamer.cz\/sk\/#\/schema\/logo\/image\/"}}]}},"acf":[],"_links":{"self":[{"href":"https:\/\/begamer.cz\/sk\/wp-json\/wp\/v2\/product\/104192","targetHints":{"allow":["GET"]}}],"collection":[{"href":"https:\/\/begamer.cz\/sk\/wp-json\/wp\/v2\/product"}],"about":[{"href":"https:\/\/begamer.cz\/sk\/wp-json\/wp\/v2\/types\/product"}],"replies":[{"embeddable":true,"href":"https:\/\/begamer.cz\/sk\/wp-json\/wp\/v2\/comments?post=104192"}],"wp:featuredmedia":[{"embeddable":true,"href":"https:\/\/begamer.cz\/sk\/wp-json\/wp\/v2\/media\/113504"}],"wp:attachment":[{"href":"https:\/\/begamer.cz\/sk\/wp-json\/wp\/v2\/media?parent=104192"}],"wp:term":[{"taxonomy":"product_brand","embeddable":true,"href":"https:\/\/begamer.cz\/sk\/wp-json\/wp\/v2\/product_brand?post=104192"},{"taxonomy":"product_cat","embeddable":true,"href":"https:\/\/begamer.cz\/sk\/wp-json\/wp\/v2\/product_cat?post=104192"},{"taxonomy":"product_tag","embeddable":true,"href":"https:\/\/begamer.cz\/sk\/wp-json\/wp\/v2\/product_tag?post=104192"}],"curies":[{"name":"wp","href":"https:\/\/api.w.org\/{rel}","templated":true}]}}