{"id":104156,"date":"2026-01-30T19:27:17","date_gmt":"2026-01-30T18:27:17","guid":{"rendered":"https:\/\/begamer.cz\/produkt\/civilization-vi-new-frontier-pass-sk\/"},"modified":"2026-04-01T05:08:19","modified_gmt":"2026-04-01T03:08:19","slug":"civilization-vi-new-frontier-pass-sk","status":"publish","type":"product","link":"https:\/\/begamer.cz\/sk\/produkt\/civilization-vi-new-frontier-pass-sk\/","title":{"rendered":"Sid Meier\u2019s Civilization VI: New Frontier Pass"},"content":{"rendered":"<p><span class=\"bb_img_ctn\"><img decoding=\"async\" class=\"bb_img\" src=\"https:\/\/shared.akamai.steamstatic.com\/store_item_assets\/steam\/apps\/1308090\/extras\/44b51425f9e209d99592bdee6434dc96.avif?t=1680229344\" width=614 height=210 \/><\/span><br \/>Pokra\u010dujte vo svojej snahe vybudova\u0165 najv\u00e4\u010d\u0161iu r\u00ed\u0161u s bal\u00ed\u010dkom Civilization VI \u2013 New Frontier Pass, ktor\u00fd obsahuje osem nov\u00fdch civiliz\u00e1ci\u00ed a dev\u00e4\u0165 nov\u00fdch vodcov, ako aj mno\u017estvo nov\u00e9ho hern\u00e9ho obsahu vr\u00e1tane \u0161iestich nov\u00fdch hern\u00fdch re\u017eimov. Bal\u00ed\u010dek New Frontier Pass obsahuje:<\/p>\n<h2 class=\"bb_tag\" >Bal\u00ed\u010dek \u010d. 1: Maya &amp; Gran Colombia Pack. <\/h2>\n<p>Prid\u00e1va dve nov\u00e9 civiliz\u00e1cie a vodcov, jeden nov\u00fd hern\u00fd re\u017eim*, nov\u00e9 mestsk\u00e9 \u0161t\u00e1ty, zdroje a pr\u00edrodn\u00e9 divy.<\/p>\n<h2 class=\"bb_tag\" >Bal\u00ed\u010dek \u010d. 2: Bal\u00ed\u010dek Eti\u00f3pia. <\/h2>\n<p>Prid\u00e1va jednu nov\u00fa civiliz\u00e1ciu a vodcu, jeden nov\u00fd hern\u00fd re\u017eim**, jednu nov\u00fa \u0161tvr\u0165 a dve nov\u00e9 budovy.<\/p>\n<h2 class=\"bb_tag\" >Bal\u00ed\u010dek \u010d. 3: Bal\u00ed\u010dek Byzantium &amp; Gaul. <\/h2>\n<p>Prid\u00e1va dve nov\u00e9 civiliz\u00e1cie a vodcov, jeden nov\u00fd hern\u00fd re\u017eim**, nov\u00e9 svetov\u00e9 divy a jednu nov\u00fa mapu.<\/p>\n<h2 class=\"bb_tag\" >Bal\u00ed\u010dek \u010d. 4: Bal\u00ed\u010dek Babylon. <\/h2>\n<p>Prid\u00e1va jednu nov\u00fa civiliz\u00e1ciu a vodcu, jeden nov\u00fd hern\u00fd re\u017eim, nov\u00e9 mestsk\u00e9 \u0161t\u00e1ty a mno\u017estvo nov\u00fdch ve\u013ek\u00fdch osobnost\u00ed.<\/p>\n<h2 class=\"bb_tag\" >Bal\u00ed\u010dek \u010d. 5: Bal\u00ed\u010dek Vietnam a Kublai Khan<\/h2>\n<p> Prid\u00e1va jednu nov\u00fa civiliz\u00e1ciu a dvoch nov\u00fdch vodcov***, jeden nov\u00fd hern\u00fd re\u017eim, nov\u00fa \u0161tvr\u0165 a dve nov\u00e9 budovy.<\/p>\n<h2 class=\"bb_tag\" >Bal\u00ed\u010dek \u010d. 6: Bal\u00ed\u010dek Portugalsko<\/h2>\n<p> Prid\u00e1va jednu nov\u00fa civiliz\u00e1ciu a vodcu, jeden nov\u00fd hern\u00fd re\u017eim, nov\u00e9 divy sveta a jednu nov\u00fa mapu. *Na<\/p>\n<p>hranie nov\u00e9ho hern\u00e9ho re\u017eimu je potrebn\u00e9 roz\u0161\u00edrenie Gathering Storm.**Na<br \/>hranie nov\u00e9ho hern\u00e9ho re\u017eimu je potrebn\u00e9 roz\u0161\u00edrenie Rise and Fall alebo Gathering Storm.***Na<br \/>hranie s nov\u00fdm vodcom je potrebn\u00e9 roz\u0161\u00edrenie Rise and Fall.<\/p>\n<p>Hern\u00e9 re\u017eimy m\u00f4\u017eu obsahova\u0165 dodato\u010dn\u00fd obsah, ako s\u00fa nov\u00e9 jednotky, budovy alebo vylep\u0161enia, a je mo\u017en\u00e9 ich zapn\u00fa\u0165 alebo vypn\u00fa\u0165 po\u010das nastavovania hry, \u010d\u00edm sa v\u00fdrazne a dramaticky zmenia pravidl\u00e1 hry.<\/p>\n<h2 class=\"bb_tag\" >Exkluz\u00edvny bonus: bal\u00ed\u010dky post\u00e1v Teddyho Roosevelta a Katar\u00edny Medicejskej <\/h2>\n<p>Dvaja vodcovia hry Civilization VI sa menia na nov\u00fd vzh\u013ead a nov\u00e9 schopnosti, ke\u010f vediete Ameriku a Franc\u00fazsko! \u201eRough Rider Teddy\u201c vynik\u00e1 v udr\u017eiavan\u00ed mieru na svojom domovskom kontinente a \u201eMagnificence Catherine\u201c m\u00f4\u017ee pou\u017e\u00edva\u0165 luxusn\u00e9 tovary, aby ohromila svet kult\u00farou a cestovn\u00fdm ruchom. Ka\u017ed\u00fd bal\u00ed\u010dek Persona obsahuje \u00faplne nov\u00fd poh\u013ead na ob\u013e\u00faben\u00e9ho vodcu s nov\u00fdm modelom a pozad\u00edm vodcu, nov\u00fdmi hern\u00fdmi bonusmi a aktualizovan\u00fdm programom, ktor\u00fd odr\u00e1\u017ea zmeny v osobnosti vodcu. Bal\u00ed\u010dky Persona s\u00fa k dispoz\u00edcii v\u00fdhradne pre majite\u013eov New Frontier Pass a bud\u00fa dodan\u00e9 spolu s druh\u00fdm doplnkov\u00fdm bal\u00ed\u010dkom.<\/p>\n","protected":false},"excerpt":{"rendered":"<p>Pokra\u010dujte vo svojej snahe vybudova\u0165 najv\u00e4\u010d\u0161iu r\u00ed\u0161u s bal\u00ed\u010dkom Civilization VI \u2013 New Frontier Pass, ktor\u00fd obsahuje osem nov\u00fdch civiliz\u00e1ci\u00ed a dev\u00e4\u0165 nov\u00fdch vodcov, ako aj mno\u017estvo nov\u00e9ho hern\u00e9ho obsahu vr\u00e1tane \u0161iestich nov\u00fdch hern\u00fdch re\u017eimov.<\/p>\n","protected":false},"featured_media":12472,"comment_status":"open","ping_status":"closed","template":"","meta":{"_acf_changed":false},"product_brand":[],"product_cat":[268,266,312,318,9082],"product_tag":[],"class_list":{"0":"post-104156","1":"product","2":"type-product","3":"status-publish","4":"has-post-thumbnail","6":"product_cat-pc-sk","7":"product_cat-pc-hry-sk","8":"product_cat-steam-pc-sk","9":"product_cat-strategie-pc-hry-sk","10":"product_cat-takticke-3","11":"pa_audio-de-de","12":"pa_audio-en-us","13":"pa_audio-es-es","14":"pa_audio-fr-fr","15":"pa_audio-it-it","16":"pa_audio-ja-jp","17":"pa_audio-ko-kr","18":"pa_audio-pl-pl","19":"pa_audio-ru-ru","21":"pa_audio-zh-cn","22":"pa_audio-zh-tw","24":"pa_countries-ad","25":"pa_countries-ae","26":"pa_countries-af","27":"pa_countries-ag","28":"pa_countries-ai","29":"pa_countries-al","30":"pa_countries-am","31":"pa_countries-ao","32":"pa_countries-aq","33":"pa_countries-ar","34":"pa_countries-as","35":"pa_countries-at","36":"pa_countries-au","37":"pa_countries-aw","38":"pa_countries-ax","39":"pa_countries-az","40":"pa_countries-ba","41":"pa_countries-bb","42":"pa_countries-bd","43":"pa_countries-be","44":"pa_countries-bf","45":"pa_countries-bg","46":"pa_countries-bh","47":"pa_countries-bi","48":"pa_countries-bj","49":"pa_countries-bl","50":"pa_countries-bm","51":"pa_countries-bn","52":"pa_countries-bo","53":"pa_countries-bq","54":"pa_countries-br","55":"pa_countries-bs","56":"pa_countries-bt","57":"pa_countries-bv","58":"pa_countries-bw","59":"pa_countries-bz","60":"pa_countries-ca","61":"pa_countries-cc","62":"pa_countries-cd","63":"pa_countries-cf","64":"pa_countries-cg","65":"pa_countries-ch","66":"pa_countries-ci","67":"pa_countries-ck","68":"pa_countries-cl","69":"pa_countries-cm","70":"pa_countries-cn","71":"pa_countries-co","72":"pa_countries-cr","73":"pa_countries-cu","74":"pa_countries-cv","75":"pa_countries-cw","76":"pa_countries-cx","77":"pa_countries-cy","78":"pa_countries-cz","79":"pa_countries-de","80":"pa_countries-dj","81":"pa_countries-dk","82":"pa_countries-dm","83":"pa_countries-do","84":"pa_countries-dz","85":"pa_countries-ec","86":"pa_countries-ee","87":"pa_countries-eg","88":"pa_countries-eh","89":"pa_countries-er","90":"pa_countries-es","91":"pa_countries-et","92":"pa_countries-fi","93":"pa_countries-fj","94":"pa_countries-fk","95":"pa_countries-fm","96":"pa_countries-fo","97":"pa_countries-fr","98":"pa_countries-ga","99":"pa_countries-gb","100":"pa_countries-gd","101":"pa_countries-ge","102":"pa_countries-gf","103":"pa_countries-gg","104":"pa_countries-gh","105":"pa_countries-gi","106":"pa_countries-gl","107":"pa_countries-gm","108":"pa_countries-gn","109":"pa_countries-gp","110":"pa_countries-gq","111":"pa_countries-gr","112":"pa_countries-gs","113":"pa_countries-gt","114":"pa_countries-gu","115":"pa_countries-gw","116":"pa_countries-gy","117":"pa_countries-hk","118":"pa_countries-hm","119":"pa_countries-hn","120":"pa_countries-hr","121":"pa_countries-ht","122":"pa_countries-hu","123":"pa_countries-id","124":"pa_countries-ie","125":"pa_countries-il","126":"pa_countries-im","127":"pa_countries-in","128":"pa_countries-io","129":"pa_countries-iq","130":"pa_countries-ir","131":"pa_countries-is","132":"pa_countries-it","133":"pa_countries-je","134":"pa_countries-jm","135":"pa_countries-jo","136":"pa_countries-jp","137":"pa_countries-ke","138":"pa_countries-kg","139":"pa_countries-kh","140":"pa_countries-ki","141":"pa_countries-km","142":"pa_countries-kn","143":"pa_countries-kp","144":"pa_countries-kr","145":"pa_countries-kw","146":"pa_countries-ky","147":"pa_countries-kz","148":"pa_countries-la","149":"pa_countries-lb","150":"pa_countries-lc","151":"pa_countries-li","152":"pa_countries-lk","153":"pa_countries-lr","154":"pa_countries-ls","155":"pa_countries-lt","156":"pa_countries-lu","157":"pa_countries-lv","158":"pa_countries-ly","159":"pa_countries-ma","160":"pa_countries-mc","161":"pa_countries-md","162":"pa_countries-me","163":"pa_countries-mf","164":"pa_countries-mg","165":"pa_countries-mh","166":"pa_countries-mk","167":"pa_countries-ml","168":"pa_countries-mm","169":"pa_countries-mn","170":"pa_countries-mo","171":"pa_countries-mp","172":"pa_countries-mq","173":"pa_countries-mr","174":"pa_countries-ms","175":"pa_countries-mt","176":"pa_countries-mu","177":"pa_countries-mv","178":"pa_countries-mw","179":"pa_countries-mx","180":"pa_countries-my","181":"pa_countries-mz","182":"pa_countries-na","183":"pa_countries-nc","184":"pa_countries-ne","185":"pa_countries-nf","186":"pa_countries-ng","187":"pa_countries-ni","188":"pa_countries-nl","189":"pa_countries-no","190":"pa_countries-np","191":"pa_countries-nr","192":"pa_countries-nu","193":"pa_countries-nz","194":"pa_countries-om","195":"pa_countries-pa","196":"pa_countries-pe","197":"pa_countries-pf","198":"pa_countries-pg","199":"pa_countries-ph","200":"pa_countries-pk","201":"pa_countries-pl","202":"pa_countries-pm","203":"pa_countries-pn","204":"pa_countries-pr","205":"pa_countries-ps","206":"pa_countries-pt","207":"pa_countries-pw","208":"pa_countries-py","209":"pa_countries-qa","210":"pa_countries-re","211":"pa_countries-ro","212":"pa_countries-rs","213":"pa_countries-rw","214":"pa_countries-sa","215":"pa_countries-sb","216":"pa_countries-sc","217":"pa_countries-sd","218":"pa_countries-se","219":"pa_countries-sg","220":"pa_countries-sh","221":"pa_countries-si","222":"pa_countries-sj","223":"pa_countries-sk","224":"pa_countries-sl","225":"pa_countries-sm","226":"pa_countries-sn","227":"pa_countries-so","228":"pa_countries-sr","229":"pa_countries-ss","231":"pa_countries-st","232":"pa_countries-sv","233":"pa_countries-sx","234":"pa_countries-sy","235":"pa_countries-sz","236":"pa_countries-tc","237":"pa_countries-td","238":"pa_countries-tf","239":"pa_countries-tg","240":"pa_countries-th","241":"pa_countries-tj","242":"pa_countries-tk","243":"pa_countries-tl","244":"pa_countries-tm","245":"pa_countries-tn","246":"pa_countries-to","247":"pa_countries-tr","248":"pa_countries-tt","249":"pa_countries-tv","250":"pa_countries-tw","251":"pa_countries-tz","252":"pa_countries-ua","253":"pa_countries-ug","254":"pa_countries-um","255":"pa_countries-us","256":"pa_countries-uy","257":"pa_countries-uz","258":"pa_countries-va","259":"pa_countries-vc","260":"pa_countries-ve","261":"pa_countries-vg","262":"pa_countries-vi","263":"pa_countries-vn","264":"pa_countries-vu","265":"pa_countries-wf","266":"pa_countries-ws","267":"pa_countries-xk","269":"pa_countries-ye","270":"pa_countries-yt","271":"pa_countries-za","272":"pa_countries-zm","273":"pa_countries-zw","274":"pa_developer-fireaxis-games","276":"pa_game_type-dlc","278":"pa_genres-strategy","280":"pa_genres-turn-based-strategy-tbs","282":"pa_interface-de-de","283":"pa_interface-en-us","284":"pa_interface-es-es","285":"pa_interface-fr-fr","286":"pa_interface-it-it","287":"pa_interface-ja-jp","288":"pa_interface-ko-kr","289":"pa_interface-pl-pl","290":"pa_interface-pt-br","292":"pa_interface-ru-ru","294":"pa_interface-zh-cn","295":"pa_interface-zh-tw","296":"pa_keywords-historical-figures-in-fictional-settings","297":"pa_modes-multiplayer","299":"pa_modes-single-player","301":"pa_pegi-13428","302":"pa_pegi-927","303":"pa_platform-pc-steam","305":"pa_player_perspectives-bird-view-isometric","307":"pa_publisher-2k","309":"pa_rating-14441","310":"pa_rating-773","311":"pa_region-global","313":"pa_subtitles-de-de","315":"pa_subtitles-en-us","316":"pa_subtitles-es-es","317":"pa_subtitles-fr-fr","318":"pa_subtitles-it-it","319":"pa_subtitles-ja-jp","320":"pa_subtitles-ko-kr","321":"pa_subtitles-pl-pl","322":"pa_subtitles-pt-br","323":"pa_subtitles-ru-ru","325":"pa_subtitles-zh-cn","326":"pa_subtitles-zh-tw","327":"pa_themes-4x-explore","328":"pa_themes-and-exterminate","330":"pa_themes-expand","331":"pa_themes-exploit","333":"pa_themes-historical","335":"first","336":"instock","337":"virtual","338":"taxable","339":"purchasable","340":"product-type-simple"},"yoast_head":"<!-- This site is optimized with the Yoast SEO plugin v27.3 - https:\/\/yoast.com\/product\/yoast-seo-wordpress\/ -->\n<title>Sid Meier&#039;s Civilization VI: New Frontier Pass | BeGamer.cz<\/title>\n<meta name=\"robots\" content=\"index, follow, max-snippet:-1, max-image-preview:large, max-video-preview:-1\" \/>\n<link rel=\"canonical\" href=\"https:\/\/begamer.cz\/sk\/produkt\/civilization-vi-new-frontier-pass-sk\/\" \/>\n<meta property=\"og:locale\" content=\"sk_SK\" \/>\n<meta property=\"og:type\" content=\"article\" \/>\n<meta property=\"og:title\" content=\"Sid Meier&#039;s Civilization VI: New Frontier Pass | BeGamer.cz\" \/>\n<meta property=\"og:description\" content=\"Pokra\u010dujte vo svojej snahe vybudova\u0165 najv\u00e4\u010d\u0161iu r\u00ed\u0161u s bal\u00ed\u010dkom Civilization VI \u2013 New Frontier Pass, ktor\u00fd obsahuje osem nov\u00fdch civiliz\u00e1ci\u00ed a dev\u00e4\u0165 nov\u00fdch vodcov, ako aj mno\u017estvo nov\u00e9ho hern\u00e9ho obsahu vr\u00e1tane \u0161iestich nov\u00fdch hern\u00fdch re\u017eimov.\" \/>\n<meta property=\"og:url\" content=\"https:\/\/begamer.cz\/sk\/produkt\/civilization-vi-new-frontier-pass-sk\/\" \/>\n<meta property=\"og:site_name\" content=\"BeGamer.cz\" \/>\n<meta property=\"article:modified_time\" content=\"2026-04-01T03:08:19+00:00\" \/>\n<meta property=\"og:image\" content=\"https:\/\/begamer.cz\/wp-content\/uploads\/2026\/01\/sid-meiers-civilization-vi-new-frontier-pass-3.webp\" \/>\n\t<meta property=\"og:image:width\" content=\"300\" \/>\n\t<meta property=\"og:image:height\" content=\"400\" \/>\n\t<meta property=\"og:image:type\" content=\"image\/webp\" \/>\n<meta name=\"twitter:card\" content=\"summary_large_image\" \/>\n<meta name=\"twitter:label1\" content=\"Predpokladan\u00fd \u010das \u010d\u00edtania\" \/>\n\t<meta name=\"twitter:data1\" content=\"2 min\u00faty\" \/>\n<script type=\"application\/ld+json\" class=\"yoast-schema-graph\">{\"@context\":\"https:\\\/\\\/schema.org\",\"@graph\":[{\"@type\":\"WebPage\",\"@id\":\"https:\\\/\\\/begamer.cz\\\/sk\\\/produkt\\\/civilization-vi-new-frontier-pass-sk\\\/\",\"url\":\"https:\\\/\\\/begamer.cz\\\/sk\\\/produkt\\\/civilization-vi-new-frontier-pass-sk\\\/\",\"name\":\"Sid Meier's Civilization VI: New Frontier Pass | BeGamer.cz\",\"isPartOf\":{\"@id\":\"https:\\\/\\\/begamer.cz\\\/sk\\\/#website\"},\"primaryImageOfPage\":{\"@id\":\"https:\\\/\\\/begamer.cz\\\/sk\\\/produkt\\\/civilization-vi-new-frontier-pass-sk\\\/#primaryimage\"},\"image\":{\"@id\":\"https:\\\/\\\/begamer.cz\\\/sk\\\/produkt\\\/civilization-vi-new-frontier-pass-sk\\\/#primaryimage\"},\"thumbnailUrl\":\"https:\\\/\\\/begamer.cz\\\/wp-content\\\/uploads\\\/2026\\\/01\\\/sid-meiers-civilization-vi-new-frontier-pass-3.webp\",\"datePublished\":\"2026-01-30T18:27:17+00:00\",\"dateModified\":\"2026-04-01T03:08:19+00:00\",\"breadcrumb\":{\"@id\":\"https:\\\/\\\/begamer.cz\\\/sk\\\/produkt\\\/civilization-vi-new-frontier-pass-sk\\\/#breadcrumb\"},\"inLanguage\":\"sk-SK\",\"potentialAction\":[{\"@type\":\"ReadAction\",\"target\":[\"https:\\\/\\\/begamer.cz\\\/sk\\\/produkt\\\/civilization-vi-new-frontier-pass-sk\\\/\"]}]},{\"@type\":\"ImageObject\",\"inLanguage\":\"sk-SK\",\"@id\":\"https:\\\/\\\/begamer.cz\\\/sk\\\/produkt\\\/civilization-vi-new-frontier-pass-sk\\\/#primaryimage\",\"url\":\"https:\\\/\\\/begamer.cz\\\/wp-content\\\/uploads\\\/2026\\\/01\\\/sid-meiers-civilization-vi-new-frontier-pass-3.webp\",\"contentUrl\":\"https:\\\/\\\/begamer.cz\\\/wp-content\\\/uploads\\\/2026\\\/01\\\/sid-meiers-civilization-vi-new-frontier-pass-3.webp\",\"width\":300,\"height\":400},{\"@type\":\"BreadcrumbList\",\"@id\":\"https:\\\/\\\/begamer.cz\\\/sk\\\/produkt\\\/civilization-vi-new-frontier-pass-sk\\\/#breadcrumb\",\"itemListElement\":[{\"@type\":\"ListItem\",\"position\":1,\"name\":\"Domov\",\"item\":\"https:\\\/\\\/begamer.cz\\\/sk\\\/\"},{\"@type\":\"ListItem\",\"position\":2,\"name\":\"Obchod\",\"item\":\"https:\\\/\\\/begamer.cz\\\/obchod\\\/\"},{\"@type\":\"ListItem\",\"position\":3,\"name\":\"Sid Meier&#8217;s Civilization VI: New Frontier Pass\"}]},{\"@type\":\"WebSite\",\"@id\":\"https:\\\/\\\/begamer.cz\\\/sk\\\/#website\",\"url\":\"https:\\\/\\\/begamer.cz\\\/sk\\\/\",\"name\":\"BeGamer.cz\",\"description\":\"\",\"publisher\":{\"@id\":\"https:\\\/\\\/begamer.cz\\\/sk\\\/#organization\"},\"potentialAction\":[{\"@type\":\"SearchAction\",\"target\":{\"@type\":\"EntryPoint\",\"urlTemplate\":\"https:\\\/\\\/begamer.cz\\\/sk\\\/?s={search_term_string}\"},\"query-input\":{\"@type\":\"PropertyValueSpecification\",\"valueRequired\":true,\"valueName\":\"search_term_string\"}}],\"inLanguage\":\"sk-SK\"},{\"@type\":\"Organization\",\"@id\":\"https:\\\/\\\/begamer.cz\\\/sk\\\/#organization\",\"name\":\"BeGamer.cz\",\"url\":\"https:\\\/\\\/begamer.cz\\\/sk\\\/\",\"logo\":{\"@type\":\"ImageObject\",\"inLanguage\":\"sk-SK\",\"@id\":\"https:\\\/\\\/begamer.cz\\\/sk\\\/#\\\/schema\\\/logo\\\/image\\\/\",\"url\":\"https:\\\/\\\/begamer.cz\\\/wp-content\\\/uploads\\\/2025\\\/07\\\/logo.svg\",\"contentUrl\":\"https:\\\/\\\/begamer.cz\\\/wp-content\\\/uploads\\\/2025\\\/07\\\/logo.svg\",\"caption\":\"BeGamer.cz\"},\"image\":{\"@id\":\"https:\\\/\\\/begamer.cz\\\/sk\\\/#\\\/schema\\\/logo\\\/image\\\/\"}}]}<\/script>\n<!-- \/ Yoast SEO plugin. -->","yoast_head_json":{"title":"Sid Meier's Civilization VI: New Frontier Pass | BeGamer.cz","robots":{"index":"index","follow":"follow","max-snippet":"max-snippet:-1","max-image-preview":"max-image-preview:large","max-video-preview":"max-video-preview:-1"},"canonical":"https:\/\/begamer.cz\/sk\/produkt\/civilization-vi-new-frontier-pass-sk\/","og_locale":"sk_SK","og_type":"article","og_title":"Sid Meier's Civilization VI: New Frontier Pass | BeGamer.cz","og_description":"Pokra\u010dujte vo svojej snahe vybudova\u0165 najv\u00e4\u010d\u0161iu r\u00ed\u0161u s bal\u00ed\u010dkom Civilization VI \u2013 New Frontier Pass, ktor\u00fd obsahuje osem nov\u00fdch civiliz\u00e1ci\u00ed a dev\u00e4\u0165 nov\u00fdch vodcov, ako aj mno\u017estvo nov\u00e9ho hern\u00e9ho obsahu vr\u00e1tane \u0161iestich nov\u00fdch hern\u00fdch re\u017eimov.","og_url":"https:\/\/begamer.cz\/sk\/produkt\/civilization-vi-new-frontier-pass-sk\/","og_site_name":"BeGamer.cz","article_modified_time":"2026-04-01T03:08:19+00:00","og_image":[{"width":300,"height":400,"url":"https:\/\/begamer.cz\/wp-content\/uploads\/2026\/01\/sid-meiers-civilization-vi-new-frontier-pass-3.webp","type":"image\/webp"}],"twitter_card":"summary_large_image","twitter_misc":{"Predpokladan\u00fd \u010das \u010d\u00edtania":"2 min\u00faty"},"schema":{"@context":"https:\/\/schema.org","@graph":[{"@type":"WebPage","@id":"https:\/\/begamer.cz\/sk\/produkt\/civilization-vi-new-frontier-pass-sk\/","url":"https:\/\/begamer.cz\/sk\/produkt\/civilization-vi-new-frontier-pass-sk\/","name":"Sid Meier's Civilization VI: New Frontier Pass | BeGamer.cz","isPartOf":{"@id":"https:\/\/begamer.cz\/sk\/#website"},"primaryImageOfPage":{"@id":"https:\/\/begamer.cz\/sk\/produkt\/civilization-vi-new-frontier-pass-sk\/#primaryimage"},"image":{"@id":"https:\/\/begamer.cz\/sk\/produkt\/civilization-vi-new-frontier-pass-sk\/#primaryimage"},"thumbnailUrl":"https:\/\/begamer.cz\/wp-content\/uploads\/2026\/01\/sid-meiers-civilization-vi-new-frontier-pass-3.webp","datePublished":"2026-01-30T18:27:17+00:00","dateModified":"2026-04-01T03:08:19+00:00","breadcrumb":{"@id":"https:\/\/begamer.cz\/sk\/produkt\/civilization-vi-new-frontier-pass-sk\/#breadcrumb"},"inLanguage":"sk-SK","potentialAction":[{"@type":"ReadAction","target":["https:\/\/begamer.cz\/sk\/produkt\/civilization-vi-new-frontier-pass-sk\/"]}]},{"@type":"ImageObject","inLanguage":"sk-SK","@id":"https:\/\/begamer.cz\/sk\/produkt\/civilization-vi-new-frontier-pass-sk\/#primaryimage","url":"https:\/\/begamer.cz\/wp-content\/uploads\/2026\/01\/sid-meiers-civilization-vi-new-frontier-pass-3.webp","contentUrl":"https:\/\/begamer.cz\/wp-content\/uploads\/2026\/01\/sid-meiers-civilization-vi-new-frontier-pass-3.webp","width":300,"height":400},{"@type":"BreadcrumbList","@id":"https:\/\/begamer.cz\/sk\/produkt\/civilization-vi-new-frontier-pass-sk\/#breadcrumb","itemListElement":[{"@type":"ListItem","position":1,"name":"Domov","item":"https:\/\/begamer.cz\/sk\/"},{"@type":"ListItem","position":2,"name":"Obchod","item":"https:\/\/begamer.cz\/obchod\/"},{"@type":"ListItem","position":3,"name":"Sid Meier&#8217;s Civilization VI: New Frontier Pass"}]},{"@type":"WebSite","@id":"https:\/\/begamer.cz\/sk\/#website","url":"https:\/\/begamer.cz\/sk\/","name":"BeGamer.cz","description":"","publisher":{"@id":"https:\/\/begamer.cz\/sk\/#organization"},"potentialAction":[{"@type":"SearchAction","target":{"@type":"EntryPoint","urlTemplate":"https:\/\/begamer.cz\/sk\/?s={search_term_string}"},"query-input":{"@type":"PropertyValueSpecification","valueRequired":true,"valueName":"search_term_string"}}],"inLanguage":"sk-SK"},{"@type":"Organization","@id":"https:\/\/begamer.cz\/sk\/#organization","name":"BeGamer.cz","url":"https:\/\/begamer.cz\/sk\/","logo":{"@type":"ImageObject","inLanguage":"sk-SK","@id":"https:\/\/begamer.cz\/sk\/#\/schema\/logo\/image\/","url":"https:\/\/begamer.cz\/wp-content\/uploads\/2025\/07\/logo.svg","contentUrl":"https:\/\/begamer.cz\/wp-content\/uploads\/2025\/07\/logo.svg","caption":"BeGamer.cz"},"image":{"@id":"https:\/\/begamer.cz\/sk\/#\/schema\/logo\/image\/"}}]}},"acf":[],"_links":{"self":[{"href":"https:\/\/begamer.cz\/sk\/wp-json\/wp\/v2\/product\/104156","targetHints":{"allow":["GET"]}}],"collection":[{"href":"https:\/\/begamer.cz\/sk\/wp-json\/wp\/v2\/product"}],"about":[{"href":"https:\/\/begamer.cz\/sk\/wp-json\/wp\/v2\/types\/product"}],"replies":[{"embeddable":true,"href":"https:\/\/begamer.cz\/sk\/wp-json\/wp\/v2\/comments?post=104156"}],"wp:featuredmedia":[{"embeddable":true,"href":"https:\/\/begamer.cz\/sk\/wp-json\/wp\/v2\/media\/12472"}],"wp:attachment":[{"href":"https:\/\/begamer.cz\/sk\/wp-json\/wp\/v2\/media?parent=104156"}],"wp:term":[{"taxonomy":"product_brand","embeddable":true,"href":"https:\/\/begamer.cz\/sk\/wp-json\/wp\/v2\/product_brand?post=104156"},{"taxonomy":"product_cat","embeddable":true,"href":"https:\/\/begamer.cz\/sk\/wp-json\/wp\/v2\/product_cat?post=104156"},{"taxonomy":"product_tag","embeddable":true,"href":"https:\/\/begamer.cz\/sk\/wp-json\/wp\/v2\/product_tag?post=104156"}],"curies":[{"name":"wp","href":"https:\/\/api.w.org\/{rel}","templated":true}]}}