{"id":104135,"date":"2026-01-30T19:27:02","date_gmt":"2026-01-30T18:27:02","guid":{"rendered":"https:\/\/begamer.cz\/produkt\/weather-lord-following-the-princess-collectors-edition-sk\/"},"modified":"2026-03-28T02:50:12","modified_gmt":"2026-03-28T01:50:12","slug":"weather-lord-following-the-princess-collectors-edition-sk","status":"publish","type":"product","link":"https:\/\/begamer.cz\/sk\/produkt\/weather-lord-following-the-princess-collectors-edition-sk\/","title":{"rendered":"Weather Lord: Following the Princess \u2013 Collector\u2019s Edition"},"content":{"rendered":"<p>V epickom titule Weather Lord: Following the Princess Collector&#x27;s Edition sa vracia star\u00fd nepriate\u013e, av\u0161ak len ako predzves\u0165 nie\u010doho e\u0161te zlovestnej\u0161ieho! St\u00e1le m\u00e1te v ruk\u00e1ch moc ovl\u00e1da\u0165 siln\u00e9 poveternostn\u00e9 syst\u00e9my, ke\u010f sa vyd\u00e1te na cestu s cie\u013eom zachr\u00e1ni\u0165 princezn\u00fa zo zajatia, obnovi\u0165 spusto\u0161en\u00fa krajinu a zabr\u00e1ni\u0165 ne\u00faprosnej sile v zni\u010den\u00ed k\u00fazeln\u00e9ho kr\u00e1\u013eovstva Lorraine!<\/p>\n<p>Ako budete postupova\u0165, budete pom\u00e1ha\u0165 domorodcom zbieran\u00edm zdrojov, obnovou ich ded\u00edn a plnen\u00edm \u00faloh, pri\u010dom vyu\u017eijete slne\u010dn\u00e9 svetlo, d\u00e1\u017e\u010f, vietor a hromy na obnovenie \u00farody, elimin\u00e1ciu duchov a banditov a odstr\u00e1nenie prek\u00e1\u017eok. Tieto \u00falohy m\u00f4\u017eete splni\u0165 ak\u00fdmko\u013evek sp\u00f4sobom: m\u00f4\u017eete pracova\u0165 r\u00fdchlo, aby ste z\u00edskali najlep\u0161ie odmeny, alebo si da\u0165 na \u010das a vychutna\u0165 si farebn\u00fa grafiku, podmaniv\u00fa hudbu a n\u00e1vykov\u00fa hrate\u013enos\u0165.<\/p>\n<p>T\u00e1to \u0161peci\u00e1lna zberate\u013esk\u00e1 ed\u00edcia hry Weather Lord: Following the Princess prin\u00e1\u0161a mno\u017estvo \u00fa\u017easn\u00fdch bonusov, vr\u00e1tane nap\u00ednavej bonusovej kapitoly so zbrusu nov\u00fdmi \u00farov\u0148ami, podrobn\u00e9ho strategick\u00e9ho sprievodcu, tapiet na plochu a mo\u017enosti odd\u00fdchnu\u0165 si a vypo\u010du\u0165 si pozoruhodn\u00fd soundtrack hry v kvalite ako z filmu.<\/p>\n<p>Sila \u017eivlov je vo va\u0161ich ruk\u00e1ch! Vyu\u017eite ju na znovuz\u00edskanie kr\u00e1\u013eovstva!<\/p>\n","protected":false},"excerpt":{"rendered":"<p>Vydajte sa na epick\u00fa v\u00fdpravu v hre Weather Lord: Following the Princess \u2013 Collector&#x27;s Edition. Rie\u0161te n\u00e1ro\u010dn\u00e9 h\u00e1danky, ovl\u00e1dajte sily po\u010dasia a presk\u00famajte o\u010daruj\u00face r\u00ed\u0161e, aby ste zachr\u00e1nili princezn\u00fa. Vychutnajte si bonusov\u00fd obsah a exkluz\u00edvne extra prvky v tejto strhuj\u00facej, pr\u00edbehovo orientovanej advent\u00fare, ktor\u00e1 je ako stvoren\u00e1 pre fan\u00fa\u0161ikov fantasy a strat\u00e9gie.<\/p>\n","protected":false},"featured_media":47511,"comment_status":"open","ping_status":"closed","template":"","meta":{"_acf_changed":false},"product_brand":[],"product_cat":[270,268,266,312,318],"product_tag":[],"class_list":{"0":"post-104135","1":"product","2":"type-product","3":"status-publish","4":"has-post-thumbnail","6":"product_cat-adventury-pc-hry-sk","7":"product_cat-pc-sk","8":"product_cat-pc-hry-sk","9":"product_cat-steam-pc-sk","10":"product_cat-strategie-pc-hry-sk","11":"pa_audio-en-us","13":"pa_countries-ad","14":"pa_countries-ae","15":"pa_countries-af","16":"pa_countries-ag","17":"pa_countries-ai","18":"pa_countries-al","19":"pa_countries-am","20":"pa_countries-ao","21":"pa_countries-aq","22":"pa_countries-ar","23":"pa_countries-as","24":"pa_countries-at","25":"pa_countries-au","26":"pa_countries-aw","27":"pa_countries-ax","28":"pa_countries-az","29":"pa_countries-ba","30":"pa_countries-bb","31":"pa_countries-bd","32":"pa_countries-be","33":"pa_countries-bf","34":"pa_countries-bg","35":"pa_countries-bh","36":"pa_countries-bi","37":"pa_countries-bj","38":"pa_countries-bl","39":"pa_countries-bm","40":"pa_countries-bn","41":"pa_countries-bo","42":"pa_countries-bq","43":"pa_countries-br","44":"pa_countries-bs","45":"pa_countries-bt","46":"pa_countries-bv","47":"pa_countries-bw","48":"pa_countries-bz","49":"pa_countries-ca","50":"pa_countries-cc","51":"pa_countries-cd","52":"pa_countries-cf","53":"pa_countries-cg","54":"pa_countries-ch","55":"pa_countries-ci","56":"pa_countries-ck","57":"pa_countries-cl","58":"pa_countries-cm","59":"pa_countries-cn","60":"pa_countries-co","61":"pa_countries-cr","62":"pa_countries-cu","63":"pa_countries-cv","64":"pa_countries-cw","65":"pa_countries-cx","66":"pa_countries-cy","67":"pa_countries-cz","68":"pa_countries-de","69":"pa_countries-dj","70":"pa_countries-dk","71":"pa_countries-dm","72":"pa_countries-do","73":"pa_countries-dz","74":"pa_countries-ec","75":"pa_countries-ee","76":"pa_countries-eg","77":"pa_countries-eh","78":"pa_countries-er","79":"pa_countries-es","80":"pa_countries-et","81":"pa_countries-fi","82":"pa_countries-fj","83":"pa_countries-fk","84":"pa_countries-fm","85":"pa_countries-fo","86":"pa_countries-fr","87":"pa_countries-ga","88":"pa_countries-gb","89":"pa_countries-gd","90":"pa_countries-ge","91":"pa_countries-gf","92":"pa_countries-gg","93":"pa_countries-gh","94":"pa_countries-gi","95":"pa_countries-gl","96":"pa_countries-gm","97":"pa_countries-gn","98":"pa_countries-gp","99":"pa_countries-gq","100":"pa_countries-gr","101":"pa_countries-gs","102":"pa_countries-gt","103":"pa_countries-gu","104":"pa_countries-gw","105":"pa_countries-gy","106":"pa_countries-hk","107":"pa_countries-hm","108":"pa_countries-hn","109":"pa_countries-hr","110":"pa_countries-ht","111":"pa_countries-hu","112":"pa_countries-id","113":"pa_countries-ie","114":"pa_countries-il","115":"pa_countries-im","116":"pa_countries-in","117":"pa_countries-io","118":"pa_countries-iq","119":"pa_countries-ir","120":"pa_countries-is","121":"pa_countries-it","122":"pa_countries-je","123":"pa_countries-jm","124":"pa_countries-jo","125":"pa_countries-jp","126":"pa_countries-ke","127":"pa_countries-kg","128":"pa_countries-kh","129":"pa_countries-ki","130":"pa_countries-km","131":"pa_countries-kn","132":"pa_countries-kp","133":"pa_countries-kr","134":"pa_countries-kw","135":"pa_countries-ky","136":"pa_countries-kz","137":"pa_countries-la","138":"pa_countries-lb","139":"pa_countries-lc","140":"pa_countries-li","141":"pa_countries-lk","142":"pa_countries-lr","143":"pa_countries-ls","144":"pa_countries-lt","145":"pa_countries-lu","146":"pa_countries-lv","147":"pa_countries-ly","148":"pa_countries-ma","149":"pa_countries-mc","150":"pa_countries-md","151":"pa_countries-me","152":"pa_countries-mf","153":"pa_countries-mg","154":"pa_countries-mh","155":"pa_countries-mk","156":"pa_countries-ml","157":"pa_countries-mm","158":"pa_countries-mn","159":"pa_countries-mo","160":"pa_countries-mp","161":"pa_countries-mq","162":"pa_countries-mr","163":"pa_countries-ms","164":"pa_countries-mt","165":"pa_countries-mu","166":"pa_countries-mv","167":"pa_countries-mw","168":"pa_countries-mx","169":"pa_countries-my","170":"pa_countries-mz","171":"pa_countries-na","172":"pa_countries-nc","173":"pa_countries-ne","174":"pa_countries-nf","175":"pa_countries-ng","176":"pa_countries-ni","177":"pa_countries-nl","178":"pa_countries-no","179":"pa_countries-np","180":"pa_countries-nr","181":"pa_countries-nu","182":"pa_countries-nz","183":"pa_countries-om","184":"pa_countries-pa","185":"pa_countries-pe","186":"pa_countries-pf","187":"pa_countries-pg","188":"pa_countries-ph","189":"pa_countries-pk","190":"pa_countries-pl","191":"pa_countries-pm","192":"pa_countries-pn","193":"pa_countries-pr","194":"pa_countries-ps","195":"pa_countries-pt","196":"pa_countries-pw","197":"pa_countries-py","198":"pa_countries-qa","199":"pa_countries-re","200":"pa_countries-ro","201":"pa_countries-rs","202":"pa_countries-rw","203":"pa_countries-sa","204":"pa_countries-sb","205":"pa_countries-sc","206":"pa_countries-sd","207":"pa_countries-se","208":"pa_countries-sg","209":"pa_countries-sh","210":"pa_countries-si","211":"pa_countries-sj","212":"pa_countries-sk","213":"pa_countries-sl","214":"pa_countries-sm","215":"pa_countries-sn","216":"pa_countries-so","217":"pa_countries-sr","218":"pa_countries-ss","220":"pa_countries-st","221":"pa_countries-sv","222":"pa_countries-sx","223":"pa_countries-sy","224":"pa_countries-sz","225":"pa_countries-tc","226":"pa_countries-td","227":"pa_countries-tf","228":"pa_countries-tg","229":"pa_countries-th","230":"pa_countries-tj","231":"pa_countries-tk","232":"pa_countries-tl","233":"pa_countries-tm","234":"pa_countries-tn","235":"pa_countries-to","236":"pa_countries-tr","237":"pa_countries-tt","238":"pa_countries-tv","239":"pa_countries-tw","240":"pa_countries-tz","241":"pa_countries-ua","242":"pa_countries-ug","243":"pa_countries-um","244":"pa_countries-us","245":"pa_countries-uy","246":"pa_countries-uz","247":"pa_countries-va","248":"pa_countries-vc","249":"pa_countries-ve","250":"pa_countries-vg","251":"pa_countries-vi","252":"pa_countries-vn","253":"pa_countries-vu","254":"pa_countries-wf","255":"pa_countries-ws","256":"pa_countries-xk","257":"pa_countries-ye","258":"pa_countries-yt","259":"pa_countries-za","260":"pa_countries-zm","261":"pa_countries-zw","262":"pa_game_type-main_game","264":"pa_genres-adventure","265":"pa_genres-strategy","267":"pa_interface-cs-cz","268":"pa_interface-de-de","269":"pa_interface-en-us","270":"pa_interface-pl-pl","271":"pa_interface-ru-ru","273":"pa_modes-single-player","275":"pa_platform-pc-steam","277":"pa_publisher-alawar-entertainment","279":"pa_rating-14441","280":"pa_rating-773","281":"pa_region-global","283":"pa_subtitles-cs-cz","284":"pa_subtitles-de-de","286":"pa_subtitles-en-us","287":"pa_subtitles-pl-pl","288":"pa_subtitles-ru-ru","289":"pa_themes-fantasy","292":"first","293":"instock","294":"virtual","295":"taxable","296":"purchasable","297":"product-type-simple"},"yoast_head":"<!-- This site is optimized with the Yoast SEO plugin v27.3 - https:\/\/yoast.com\/product\/yoast-seo-wordpress\/ -->\n<title>Weather Lord: Following the Princess - Collector&#039;s Edition | BeGamer.cz<\/title>\n<meta name=\"robots\" content=\"index, follow, max-snippet:-1, max-image-preview:large, max-video-preview:-1\" \/>\n<link rel=\"canonical\" href=\"https:\/\/begamer.cz\/sk\/produkt\/weather-lord-following-the-princess-collectors-edition-sk\/\" \/>\n<meta property=\"og:locale\" content=\"sk_SK\" \/>\n<meta property=\"og:type\" content=\"article\" \/>\n<meta property=\"og:title\" content=\"Weather Lord: Following the Princess - Collector&#039;s Edition | BeGamer.cz\" \/>\n<meta property=\"og:description\" content=\"Vydajte sa na epick\u00fa v\u00fdpravu v hre Weather Lord: Following the Princess \u2013 Collector&#x27;s Edition. Rie\u0161te n\u00e1ro\u010dn\u00e9 h\u00e1danky, ovl\u00e1dajte sily po\u010dasia a presk\u00famajte o\u010daruj\u00face r\u00ed\u0161e, aby ste zachr\u00e1nili princezn\u00fa. Vychutnajte si bonusov\u00fd obsah a exkluz\u00edvne extra prvky v tejto strhuj\u00facej, pr\u00edbehovo orientovanej advent\u00fare, ktor\u00e1 je ako stvoren\u00e1 pre fan\u00fa\u0161ikov fantasy a strat\u00e9gie.\" \/>\n<meta property=\"og:url\" content=\"https:\/\/begamer.cz\/sk\/produkt\/weather-lord-following-the-princess-collectors-edition-sk\/\" \/>\n<meta property=\"og:site_name\" content=\"BeGamer.cz\" \/>\n<meta property=\"article:modified_time\" content=\"2026-03-28T01:50:12+00:00\" \/>\n<meta property=\"og:image\" content=\"https:\/\/begamer.cz\/wp-content\/uploads\/2026\/01\/weather-lord-following-the-princess-collectors-edition-5.webp\" \/>\n\t<meta property=\"og:image:width\" content=\"300\" \/>\n\t<meta property=\"og:image:height\" content=\"400\" \/>\n\t<meta property=\"og:image:type\" content=\"image\/webp\" \/>\n<meta name=\"twitter:card\" content=\"summary_large_image\" \/>\n<meta name=\"twitter:label1\" content=\"Predpokladan\u00fd \u010das \u010d\u00edtania\" \/>\n\t<meta name=\"twitter:data1\" content=\"1 min\u00fata\" \/>\n<script type=\"application\/ld+json\" class=\"yoast-schema-graph\">{\"@context\":\"https:\\\/\\\/schema.org\",\"@graph\":[{\"@type\":\"WebPage\",\"@id\":\"https:\\\/\\\/begamer.cz\\\/sk\\\/produkt\\\/weather-lord-following-the-princess-collectors-edition-sk\\\/\",\"url\":\"https:\\\/\\\/begamer.cz\\\/sk\\\/produkt\\\/weather-lord-following-the-princess-collectors-edition-sk\\\/\",\"name\":\"Weather Lord: Following the Princess - Collector's Edition | BeGamer.cz\",\"isPartOf\":{\"@id\":\"https:\\\/\\\/begamer.cz\\\/sk\\\/#website\"},\"primaryImageOfPage\":{\"@id\":\"https:\\\/\\\/begamer.cz\\\/sk\\\/produkt\\\/weather-lord-following-the-princess-collectors-edition-sk\\\/#primaryimage\"},\"image\":{\"@id\":\"https:\\\/\\\/begamer.cz\\\/sk\\\/produkt\\\/weather-lord-following-the-princess-collectors-edition-sk\\\/#primaryimage\"},\"thumbnailUrl\":\"https:\\\/\\\/begamer.cz\\\/wp-content\\\/uploads\\\/2026\\\/01\\\/weather-lord-following-the-princess-collectors-edition-5.webp\",\"datePublished\":\"2026-01-30T18:27:02+00:00\",\"dateModified\":\"2026-03-28T01:50:12+00:00\",\"breadcrumb\":{\"@id\":\"https:\\\/\\\/begamer.cz\\\/sk\\\/produkt\\\/weather-lord-following-the-princess-collectors-edition-sk\\\/#breadcrumb\"},\"inLanguage\":\"sk-SK\",\"potentialAction\":[{\"@type\":\"ReadAction\",\"target\":[\"https:\\\/\\\/begamer.cz\\\/sk\\\/produkt\\\/weather-lord-following-the-princess-collectors-edition-sk\\\/\"]}]},{\"@type\":\"ImageObject\",\"inLanguage\":\"sk-SK\",\"@id\":\"https:\\\/\\\/begamer.cz\\\/sk\\\/produkt\\\/weather-lord-following-the-princess-collectors-edition-sk\\\/#primaryimage\",\"url\":\"https:\\\/\\\/begamer.cz\\\/wp-content\\\/uploads\\\/2026\\\/01\\\/weather-lord-following-the-princess-collectors-edition-5.webp\",\"contentUrl\":\"https:\\\/\\\/begamer.cz\\\/wp-content\\\/uploads\\\/2026\\\/01\\\/weather-lord-following-the-princess-collectors-edition-5.webp\",\"width\":300,\"height\":400},{\"@type\":\"BreadcrumbList\",\"@id\":\"https:\\\/\\\/begamer.cz\\\/sk\\\/produkt\\\/weather-lord-following-the-princess-collectors-edition-sk\\\/#breadcrumb\",\"itemListElement\":[{\"@type\":\"ListItem\",\"position\":1,\"name\":\"Domov\",\"item\":\"https:\\\/\\\/begamer.cz\\\/sk\\\/\"},{\"@type\":\"ListItem\",\"position\":2,\"name\":\"Obchod\",\"item\":\"https:\\\/\\\/begamer.cz\\\/obchod\\\/\"},{\"@type\":\"ListItem\",\"position\":3,\"name\":\"Weather Lord: Following the Princess &#8211; Collector&#8217;s Edition\"}]},{\"@type\":\"WebSite\",\"@id\":\"https:\\\/\\\/begamer.cz\\\/sk\\\/#website\",\"url\":\"https:\\\/\\\/begamer.cz\\\/sk\\\/\",\"name\":\"BeGamer.cz\",\"description\":\"\",\"publisher\":{\"@id\":\"https:\\\/\\\/begamer.cz\\\/sk\\\/#organization\"},\"potentialAction\":[{\"@type\":\"SearchAction\",\"target\":{\"@type\":\"EntryPoint\",\"urlTemplate\":\"https:\\\/\\\/begamer.cz\\\/sk\\\/?s={search_term_string}\"},\"query-input\":{\"@type\":\"PropertyValueSpecification\",\"valueRequired\":true,\"valueName\":\"search_term_string\"}}],\"inLanguage\":\"sk-SK\"},{\"@type\":\"Organization\",\"@id\":\"https:\\\/\\\/begamer.cz\\\/sk\\\/#organization\",\"name\":\"BeGamer.cz\",\"url\":\"https:\\\/\\\/begamer.cz\\\/sk\\\/\",\"logo\":{\"@type\":\"ImageObject\",\"inLanguage\":\"sk-SK\",\"@id\":\"https:\\\/\\\/begamer.cz\\\/sk\\\/#\\\/schema\\\/logo\\\/image\\\/\",\"url\":\"https:\\\/\\\/begamer.cz\\\/wp-content\\\/uploads\\\/2025\\\/07\\\/logo.svg\",\"contentUrl\":\"https:\\\/\\\/begamer.cz\\\/wp-content\\\/uploads\\\/2025\\\/07\\\/logo.svg\",\"caption\":\"BeGamer.cz\"},\"image\":{\"@id\":\"https:\\\/\\\/begamer.cz\\\/sk\\\/#\\\/schema\\\/logo\\\/image\\\/\"}}]}<\/script>\n<!-- \/ Yoast SEO plugin. -->","yoast_head_json":{"title":"Weather Lord: Following the Princess - Collector's Edition | BeGamer.cz","robots":{"index":"index","follow":"follow","max-snippet":"max-snippet:-1","max-image-preview":"max-image-preview:large","max-video-preview":"max-video-preview:-1"},"canonical":"https:\/\/begamer.cz\/sk\/produkt\/weather-lord-following-the-princess-collectors-edition-sk\/","og_locale":"sk_SK","og_type":"article","og_title":"Weather Lord: Following the Princess - Collector's Edition | BeGamer.cz","og_description":"Vydajte sa na epick\u00fa v\u00fdpravu v hre Weather Lord: Following the Princess \u2013 Collector&#x27;s Edition. Rie\u0161te n\u00e1ro\u010dn\u00e9 h\u00e1danky, ovl\u00e1dajte sily po\u010dasia a presk\u00famajte o\u010daruj\u00face r\u00ed\u0161e, aby ste zachr\u00e1nili princezn\u00fa. Vychutnajte si bonusov\u00fd obsah a exkluz\u00edvne extra prvky v tejto strhuj\u00facej, pr\u00edbehovo orientovanej advent\u00fare, ktor\u00e1 je ako stvoren\u00e1 pre fan\u00fa\u0161ikov fantasy a strat\u00e9gie.","og_url":"https:\/\/begamer.cz\/sk\/produkt\/weather-lord-following-the-princess-collectors-edition-sk\/","og_site_name":"BeGamer.cz","article_modified_time":"2026-03-28T01:50:12+00:00","og_image":[{"width":300,"height":400,"url":"https:\/\/begamer.cz\/wp-content\/uploads\/2026\/01\/weather-lord-following-the-princess-collectors-edition-5.webp","type":"image\/webp"}],"twitter_card":"summary_large_image","twitter_misc":{"Predpokladan\u00fd \u010das \u010d\u00edtania":"1 min\u00fata"},"schema":{"@context":"https:\/\/schema.org","@graph":[{"@type":"WebPage","@id":"https:\/\/begamer.cz\/sk\/produkt\/weather-lord-following-the-princess-collectors-edition-sk\/","url":"https:\/\/begamer.cz\/sk\/produkt\/weather-lord-following-the-princess-collectors-edition-sk\/","name":"Weather Lord: Following the Princess - Collector's Edition | BeGamer.cz","isPartOf":{"@id":"https:\/\/begamer.cz\/sk\/#website"},"primaryImageOfPage":{"@id":"https:\/\/begamer.cz\/sk\/produkt\/weather-lord-following-the-princess-collectors-edition-sk\/#primaryimage"},"image":{"@id":"https:\/\/begamer.cz\/sk\/produkt\/weather-lord-following-the-princess-collectors-edition-sk\/#primaryimage"},"thumbnailUrl":"https:\/\/begamer.cz\/wp-content\/uploads\/2026\/01\/weather-lord-following-the-princess-collectors-edition-5.webp","datePublished":"2026-01-30T18:27:02+00:00","dateModified":"2026-03-28T01:50:12+00:00","breadcrumb":{"@id":"https:\/\/begamer.cz\/sk\/produkt\/weather-lord-following-the-princess-collectors-edition-sk\/#breadcrumb"},"inLanguage":"sk-SK","potentialAction":[{"@type":"ReadAction","target":["https:\/\/begamer.cz\/sk\/produkt\/weather-lord-following-the-princess-collectors-edition-sk\/"]}]},{"@type":"ImageObject","inLanguage":"sk-SK","@id":"https:\/\/begamer.cz\/sk\/produkt\/weather-lord-following-the-princess-collectors-edition-sk\/#primaryimage","url":"https:\/\/begamer.cz\/wp-content\/uploads\/2026\/01\/weather-lord-following-the-princess-collectors-edition-5.webp","contentUrl":"https:\/\/begamer.cz\/wp-content\/uploads\/2026\/01\/weather-lord-following-the-princess-collectors-edition-5.webp","width":300,"height":400},{"@type":"BreadcrumbList","@id":"https:\/\/begamer.cz\/sk\/produkt\/weather-lord-following-the-princess-collectors-edition-sk\/#breadcrumb","itemListElement":[{"@type":"ListItem","position":1,"name":"Domov","item":"https:\/\/begamer.cz\/sk\/"},{"@type":"ListItem","position":2,"name":"Obchod","item":"https:\/\/begamer.cz\/obchod\/"},{"@type":"ListItem","position":3,"name":"Weather Lord: Following the Princess &#8211; Collector&#8217;s Edition"}]},{"@type":"WebSite","@id":"https:\/\/begamer.cz\/sk\/#website","url":"https:\/\/begamer.cz\/sk\/","name":"BeGamer.cz","description":"","publisher":{"@id":"https:\/\/begamer.cz\/sk\/#organization"},"potentialAction":[{"@type":"SearchAction","target":{"@type":"EntryPoint","urlTemplate":"https:\/\/begamer.cz\/sk\/?s={search_term_string}"},"query-input":{"@type":"PropertyValueSpecification","valueRequired":true,"valueName":"search_term_string"}}],"inLanguage":"sk-SK"},{"@type":"Organization","@id":"https:\/\/begamer.cz\/sk\/#organization","name":"BeGamer.cz","url":"https:\/\/begamer.cz\/sk\/","logo":{"@type":"ImageObject","inLanguage":"sk-SK","@id":"https:\/\/begamer.cz\/sk\/#\/schema\/logo\/image\/","url":"https:\/\/begamer.cz\/wp-content\/uploads\/2025\/07\/logo.svg","contentUrl":"https:\/\/begamer.cz\/wp-content\/uploads\/2025\/07\/logo.svg","caption":"BeGamer.cz"},"image":{"@id":"https:\/\/begamer.cz\/sk\/#\/schema\/logo\/image\/"}}]}},"acf":[],"_links":{"self":[{"href":"https:\/\/begamer.cz\/sk\/wp-json\/wp\/v2\/product\/104135","targetHints":{"allow":["GET"]}}],"collection":[{"href":"https:\/\/begamer.cz\/sk\/wp-json\/wp\/v2\/product"}],"about":[{"href":"https:\/\/begamer.cz\/sk\/wp-json\/wp\/v2\/types\/product"}],"replies":[{"embeddable":true,"href":"https:\/\/begamer.cz\/sk\/wp-json\/wp\/v2\/comments?post=104135"}],"wp:featuredmedia":[{"embeddable":true,"href":"https:\/\/begamer.cz\/sk\/wp-json\/wp\/v2\/media\/47511"}],"wp:attachment":[{"href":"https:\/\/begamer.cz\/sk\/wp-json\/wp\/v2\/media?parent=104135"}],"wp:term":[{"taxonomy":"product_brand","embeddable":true,"href":"https:\/\/begamer.cz\/sk\/wp-json\/wp\/v2\/product_brand?post=104135"},{"taxonomy":"product_cat","embeddable":true,"href":"https:\/\/begamer.cz\/sk\/wp-json\/wp\/v2\/product_cat?post=104135"},{"taxonomy":"product_tag","embeddable":true,"href":"https:\/\/begamer.cz\/sk\/wp-json\/wp\/v2\/product_tag?post=104135"}],"curies":[{"name":"wp","href":"https:\/\/api.w.org\/{rel}","templated":true}]}}