{"id":104132,"date":"2026-01-30T19:27:01","date_gmt":"2026-01-30T18:27:01","guid":{"rendered":"https:\/\/begamer.cz\/produkt\/robin-hood-country-heroes-sk\/"},"modified":"2026-03-28T02:50:08","modified_gmt":"2026-03-28T01:50:08","slug":"robin-hood-country-heroes-sk","status":"publish","type":"product","link":"https:\/\/begamer.cz\/sk\/produkt\/robin-hood-country-heroes-sk\/","title":{"rendered":"Robin Hood: Country Heroes"},"content":{"rendered":"<p>Majster lukostrelec Robin Hood je v\u00e1m k dispoz\u00edcii, ke\u010f sa postav\u00edte proti \u0161erifovi z Nottinghamu a jeho poskokom! Pri preh\u013ead\u00e1van\u00ed bujnej krajiny v r\u00e1mci plnenia \u00faloh budete napravova\u0165 \u0161kody, ktor\u00e9 po sebe zanechal \u0161erif a jeho mu\u017ei, a bojova\u0165 po boku viacer\u00fdch sl\u00e1vnych post\u00e1v, vr\u00e1tane sle\u010dny Marian a Mal\u00e9ho Johna.<\/p>\n<p>Budete potrebova\u0165 zru\u010dn\u00fa ruku, aby ste prekonali ka\u017ed\u00fa prek\u00e1\u017eku, bystr\u00fd rozum, aby ste z\u00edskali potrebn\u00e9 zdroje, a sol\u00eddnu strat\u00e9giu, aby ste porazili \u010das, ale odmena za pomoc utl\u00e1\u010dan\u00fdm bude st\u00e1\u0165 za ka\u017ed\u00fd n\u00e1ro\u010dn\u00fd krok va\u0161ej misie.<\/p>\n<p>Nenechajte \u0161erifovho v\u00fdbercu dan\u00ed unikn\u00fa\u0165 s lupom z ciest; sta\u0148te sa hrdinom legendy a vezmite si sp\u00e4\u0165 to, \u010do patr\u00ed \u013eu\u010fom!<\/p>\n<p>K\u013e\u00fa\u010dov\u00e9 vlastnosti:<\/p>\n<p>\u2022    Nap\u00ednav\u00fd dobrodru\u017en\u00fd<br \/>pr\u00edbeh<br \/>\n\u2022    Desiatky p\u00fatav\u00fdch<br \/>\u00farovn\u00ed<br \/>\n\u2022    Bonusov\u00e1 kapitola v<br \/>zberate\u013eskej ed\u00edcii<br \/>\n\u2022    Tapety a hudba na<br \/>stiahnutie<br \/>\n\u2022    Podrobn\u00fd n\u00e1vod<\/p>\n","protected":false},"excerpt":{"rendered":"<p>Majster lukostrelec Robin je v\u00e1m k dispoz\u00edcii, ke\u010f sa postav\u00edte proti \u0161erifovi z Nottinghamu a jeho poskokom! Budete potrebova\u0165 r\u00fdchlu ruku a e\u0161te r\u00fdchlej\u0161\u00ed rozum, ale odmena za pomoc utl\u00e1\u010dan\u00fdm bude st\u00e1\u0165 za ka\u017ed\u00fd n\u00e1ro\u010dn\u00fd krok va\u0161ej misie!<\/p>\n","protected":false},"featured_media":47458,"comment_status":"open","ping_status":"closed","template":"","meta":{"_acf_changed":false},"product_brand":[],"product_cat":[270,290,268,266,312],"product_tag":[],"class_list":{"0":"post-104132","1":"product","2":"type-product","3":"status-publish","4":"has-post-thumbnail","6":"product_cat-adventury-pc-hry-sk","7":"product_cat-indie-hry-pc-sk","8":"product_cat-pc-sk","9":"product_cat-pc-hry-sk","10":"product_cat-steam-pc-sk","11":"pa_game_type-main_game","13":"pa_genres-adventure","14":"pa_genres-indie","16":"pa_interface-de-de","17":"pa_interface-en-us","18":"pa_interface-es-es","19":"pa_interface-fr-fr","20":"pa_interface-it-it","21":"pa_interface-nl-nl","23":"pa_interface-pt-br","24":"pa_interface-ru-ru","25":"pa_modes-single-player","27":"pa_platform-pc-steam","29":"pa_rating-14441","30":"pa_rating-773","31":"pa_region-global","33":"pa_subtitles-de-de","34":"pa_subtitles-en-us","35":"pa_subtitles-es-es","36":"pa_subtitles-fr-fr","37":"pa_subtitles-it-it","38":"pa_subtitles-nl-nl","40":"pa_subtitles-pt-br","41":"pa_subtitles-ru-ru","42":"pa_themes-kids","45":"first","46":"instock","47":"virtual","48":"taxable","49":"purchasable","50":"product-type-simple"},"yoast_head":"<!-- This site is optimized with the Yoast SEO plugin v27.3 - https:\/\/yoast.com\/product\/yoast-seo-wordpress\/ -->\n<title>Robin Hood: Country Heroes | BeGamer.cz<\/title>\n<meta name=\"robots\" content=\"index, follow, max-snippet:-1, max-image-preview:large, max-video-preview:-1\" \/>\n<link rel=\"canonical\" href=\"https:\/\/begamer.cz\/sk\/produkt\/robin-hood-country-heroes-sk\/\" \/>\n<meta property=\"og:locale\" content=\"sk_SK\" \/>\n<meta property=\"og:type\" content=\"article\" \/>\n<meta property=\"og:title\" content=\"Robin Hood: Country Heroes | BeGamer.cz\" \/>\n<meta property=\"og:description\" content=\"Majster lukostrelec Robin je v\u00e1m k dispoz\u00edcii, ke\u010f sa postav\u00edte proti \u0161erifovi z Nottinghamu a jeho poskokom! Budete potrebova\u0165 r\u00fdchlu ruku a e\u0161te r\u00fdchlej\u0161\u00ed rozum, ale odmena za pomoc utl\u00e1\u010dan\u00fdm bude st\u00e1\u0165 za ka\u017ed\u00fd n\u00e1ro\u010dn\u00fd krok va\u0161ej misie!\" \/>\n<meta property=\"og:url\" content=\"https:\/\/begamer.cz\/sk\/produkt\/robin-hood-country-heroes-sk\/\" \/>\n<meta property=\"og:site_name\" content=\"BeGamer.cz\" \/>\n<meta property=\"article:modified_time\" content=\"2026-03-28T01:50:08+00:00\" \/>\n<meta property=\"og:image\" content=\"https:\/\/begamer.cz\/wp-content\/uploads\/2026\/01\/robin-hood-country-heroes-8.webp\" \/>\n\t<meta property=\"og:image:width\" content=\"300\" \/>\n\t<meta property=\"og:image:height\" content=\"400\" \/>\n\t<meta property=\"og:image:type\" content=\"image\/webp\" \/>\n<meta name=\"twitter:card\" content=\"summary_large_image\" \/>\n<meta name=\"twitter:label1\" content=\"Predpokladan\u00fd \u010das \u010d\u00edtania\" \/>\n\t<meta name=\"twitter:data1\" content=\"1 min\u00fata\" \/>\n<script type=\"application\/ld+json\" class=\"yoast-schema-graph\">{\"@context\":\"https:\\\/\\\/schema.org\",\"@graph\":[{\"@type\":\"WebPage\",\"@id\":\"https:\\\/\\\/begamer.cz\\\/sk\\\/produkt\\\/robin-hood-country-heroes-sk\\\/\",\"url\":\"https:\\\/\\\/begamer.cz\\\/sk\\\/produkt\\\/robin-hood-country-heroes-sk\\\/\",\"name\":\"Robin Hood: Country Heroes | BeGamer.cz\",\"isPartOf\":{\"@id\":\"https:\\\/\\\/begamer.cz\\\/sk\\\/#website\"},\"primaryImageOfPage\":{\"@id\":\"https:\\\/\\\/begamer.cz\\\/sk\\\/produkt\\\/robin-hood-country-heroes-sk\\\/#primaryimage\"},\"image\":{\"@id\":\"https:\\\/\\\/begamer.cz\\\/sk\\\/produkt\\\/robin-hood-country-heroes-sk\\\/#primaryimage\"},\"thumbnailUrl\":\"https:\\\/\\\/begamer.cz\\\/wp-content\\\/uploads\\\/2026\\\/01\\\/robin-hood-country-heroes-8.webp\",\"datePublished\":\"2026-01-30T18:27:01+00:00\",\"dateModified\":\"2026-03-28T01:50:08+00:00\",\"breadcrumb\":{\"@id\":\"https:\\\/\\\/begamer.cz\\\/sk\\\/produkt\\\/robin-hood-country-heroes-sk\\\/#breadcrumb\"},\"inLanguage\":\"sk-SK\",\"potentialAction\":[{\"@type\":\"ReadAction\",\"target\":[\"https:\\\/\\\/begamer.cz\\\/sk\\\/produkt\\\/robin-hood-country-heroes-sk\\\/\"]}]},{\"@type\":\"ImageObject\",\"inLanguage\":\"sk-SK\",\"@id\":\"https:\\\/\\\/begamer.cz\\\/sk\\\/produkt\\\/robin-hood-country-heroes-sk\\\/#primaryimage\",\"url\":\"https:\\\/\\\/begamer.cz\\\/wp-content\\\/uploads\\\/2026\\\/01\\\/robin-hood-country-heroes-8.webp\",\"contentUrl\":\"https:\\\/\\\/begamer.cz\\\/wp-content\\\/uploads\\\/2026\\\/01\\\/robin-hood-country-heroes-8.webp\",\"width\":300,\"height\":400},{\"@type\":\"BreadcrumbList\",\"@id\":\"https:\\\/\\\/begamer.cz\\\/sk\\\/produkt\\\/robin-hood-country-heroes-sk\\\/#breadcrumb\",\"itemListElement\":[{\"@type\":\"ListItem\",\"position\":1,\"name\":\"Domov\",\"item\":\"https:\\\/\\\/begamer.cz\\\/sk\\\/\"},{\"@type\":\"ListItem\",\"position\":2,\"name\":\"Obchod\",\"item\":\"https:\\\/\\\/begamer.cz\\\/obchod\\\/\"},{\"@type\":\"ListItem\",\"position\":3,\"name\":\"Robin Hood: Country Heroes\"}]},{\"@type\":\"WebSite\",\"@id\":\"https:\\\/\\\/begamer.cz\\\/sk\\\/#website\",\"url\":\"https:\\\/\\\/begamer.cz\\\/sk\\\/\",\"name\":\"BeGamer.cz\",\"description\":\"\",\"publisher\":{\"@id\":\"https:\\\/\\\/begamer.cz\\\/sk\\\/#organization\"},\"potentialAction\":[{\"@type\":\"SearchAction\",\"target\":{\"@type\":\"EntryPoint\",\"urlTemplate\":\"https:\\\/\\\/begamer.cz\\\/sk\\\/?s={search_term_string}\"},\"query-input\":{\"@type\":\"PropertyValueSpecification\",\"valueRequired\":true,\"valueName\":\"search_term_string\"}}],\"inLanguage\":\"sk-SK\"},{\"@type\":\"Organization\",\"@id\":\"https:\\\/\\\/begamer.cz\\\/sk\\\/#organization\",\"name\":\"BeGamer.cz\",\"url\":\"https:\\\/\\\/begamer.cz\\\/sk\\\/\",\"logo\":{\"@type\":\"ImageObject\",\"inLanguage\":\"sk-SK\",\"@id\":\"https:\\\/\\\/begamer.cz\\\/sk\\\/#\\\/schema\\\/logo\\\/image\\\/\",\"url\":\"https:\\\/\\\/begamer.cz\\\/wp-content\\\/uploads\\\/2025\\\/07\\\/logo.svg\",\"contentUrl\":\"https:\\\/\\\/begamer.cz\\\/wp-content\\\/uploads\\\/2025\\\/07\\\/logo.svg\",\"caption\":\"BeGamer.cz\"},\"image\":{\"@id\":\"https:\\\/\\\/begamer.cz\\\/sk\\\/#\\\/schema\\\/logo\\\/image\\\/\"}}]}<\/script>\n<!-- \/ Yoast SEO plugin. -->","yoast_head_json":{"title":"Robin Hood: Country Heroes | BeGamer.cz","robots":{"index":"index","follow":"follow","max-snippet":"max-snippet:-1","max-image-preview":"max-image-preview:large","max-video-preview":"max-video-preview:-1"},"canonical":"https:\/\/begamer.cz\/sk\/produkt\/robin-hood-country-heroes-sk\/","og_locale":"sk_SK","og_type":"article","og_title":"Robin Hood: Country Heroes | BeGamer.cz","og_description":"Majster lukostrelec Robin je v\u00e1m k dispoz\u00edcii, ke\u010f sa postav\u00edte proti \u0161erifovi z Nottinghamu a jeho poskokom! Budete potrebova\u0165 r\u00fdchlu ruku a e\u0161te r\u00fdchlej\u0161\u00ed rozum, ale odmena za pomoc utl\u00e1\u010dan\u00fdm bude st\u00e1\u0165 za ka\u017ed\u00fd n\u00e1ro\u010dn\u00fd krok va\u0161ej misie!","og_url":"https:\/\/begamer.cz\/sk\/produkt\/robin-hood-country-heroes-sk\/","og_site_name":"BeGamer.cz","article_modified_time":"2026-03-28T01:50:08+00:00","og_image":[{"width":300,"height":400,"url":"https:\/\/begamer.cz\/wp-content\/uploads\/2026\/01\/robin-hood-country-heroes-8.webp","type":"image\/webp"}],"twitter_card":"summary_large_image","twitter_misc":{"Predpokladan\u00fd \u010das \u010d\u00edtania":"1 min\u00fata"},"schema":{"@context":"https:\/\/schema.org","@graph":[{"@type":"WebPage","@id":"https:\/\/begamer.cz\/sk\/produkt\/robin-hood-country-heroes-sk\/","url":"https:\/\/begamer.cz\/sk\/produkt\/robin-hood-country-heroes-sk\/","name":"Robin Hood: Country Heroes | BeGamer.cz","isPartOf":{"@id":"https:\/\/begamer.cz\/sk\/#website"},"primaryImageOfPage":{"@id":"https:\/\/begamer.cz\/sk\/produkt\/robin-hood-country-heroes-sk\/#primaryimage"},"image":{"@id":"https:\/\/begamer.cz\/sk\/produkt\/robin-hood-country-heroes-sk\/#primaryimage"},"thumbnailUrl":"https:\/\/begamer.cz\/wp-content\/uploads\/2026\/01\/robin-hood-country-heroes-8.webp","datePublished":"2026-01-30T18:27:01+00:00","dateModified":"2026-03-28T01:50:08+00:00","breadcrumb":{"@id":"https:\/\/begamer.cz\/sk\/produkt\/robin-hood-country-heroes-sk\/#breadcrumb"},"inLanguage":"sk-SK","potentialAction":[{"@type":"ReadAction","target":["https:\/\/begamer.cz\/sk\/produkt\/robin-hood-country-heroes-sk\/"]}]},{"@type":"ImageObject","inLanguage":"sk-SK","@id":"https:\/\/begamer.cz\/sk\/produkt\/robin-hood-country-heroes-sk\/#primaryimage","url":"https:\/\/begamer.cz\/wp-content\/uploads\/2026\/01\/robin-hood-country-heroes-8.webp","contentUrl":"https:\/\/begamer.cz\/wp-content\/uploads\/2026\/01\/robin-hood-country-heroes-8.webp","width":300,"height":400},{"@type":"BreadcrumbList","@id":"https:\/\/begamer.cz\/sk\/produkt\/robin-hood-country-heroes-sk\/#breadcrumb","itemListElement":[{"@type":"ListItem","position":1,"name":"Domov","item":"https:\/\/begamer.cz\/sk\/"},{"@type":"ListItem","position":2,"name":"Obchod","item":"https:\/\/begamer.cz\/obchod\/"},{"@type":"ListItem","position":3,"name":"Robin Hood: Country Heroes"}]},{"@type":"WebSite","@id":"https:\/\/begamer.cz\/sk\/#website","url":"https:\/\/begamer.cz\/sk\/","name":"BeGamer.cz","description":"","publisher":{"@id":"https:\/\/begamer.cz\/sk\/#organization"},"potentialAction":[{"@type":"SearchAction","target":{"@type":"EntryPoint","urlTemplate":"https:\/\/begamer.cz\/sk\/?s={search_term_string}"},"query-input":{"@type":"PropertyValueSpecification","valueRequired":true,"valueName":"search_term_string"}}],"inLanguage":"sk-SK"},{"@type":"Organization","@id":"https:\/\/begamer.cz\/sk\/#organization","name":"BeGamer.cz","url":"https:\/\/begamer.cz\/sk\/","logo":{"@type":"ImageObject","inLanguage":"sk-SK","@id":"https:\/\/begamer.cz\/sk\/#\/schema\/logo\/image\/","url":"https:\/\/begamer.cz\/wp-content\/uploads\/2025\/07\/logo.svg","contentUrl":"https:\/\/begamer.cz\/wp-content\/uploads\/2025\/07\/logo.svg","caption":"BeGamer.cz"},"image":{"@id":"https:\/\/begamer.cz\/sk\/#\/schema\/logo\/image\/"}}]}},"acf":[],"_links":{"self":[{"href":"https:\/\/begamer.cz\/sk\/wp-json\/wp\/v2\/product\/104132","targetHints":{"allow":["GET"]}}],"collection":[{"href":"https:\/\/begamer.cz\/sk\/wp-json\/wp\/v2\/product"}],"about":[{"href":"https:\/\/begamer.cz\/sk\/wp-json\/wp\/v2\/types\/product"}],"replies":[{"embeddable":true,"href":"https:\/\/begamer.cz\/sk\/wp-json\/wp\/v2\/comments?post=104132"}],"wp:featuredmedia":[{"embeddable":true,"href":"https:\/\/begamer.cz\/sk\/wp-json\/wp\/v2\/media\/47458"}],"wp:attachment":[{"href":"https:\/\/begamer.cz\/sk\/wp-json\/wp\/v2\/media?parent=104132"}],"wp:term":[{"taxonomy":"product_brand","embeddable":true,"href":"https:\/\/begamer.cz\/sk\/wp-json\/wp\/v2\/product_brand?post=104132"},{"taxonomy":"product_cat","embeddable":true,"href":"https:\/\/begamer.cz\/sk\/wp-json\/wp\/v2\/product_cat?post=104132"},{"taxonomy":"product_tag","embeddable":true,"href":"https:\/\/begamer.cz\/sk\/wp-json\/wp\/v2\/product_tag?post=104132"}],"curies":[{"name":"wp","href":"https:\/\/api.w.org\/{rel}","templated":true}]}}