{"id":104129,"date":"2026-01-30T19:27:00","date_gmt":"2026-01-30T18:27:00","guid":{"rendered":"https:\/\/begamer.cz\/produkt\/rescue-team-5-sk\/"},"modified":"2026-03-28T02:50:04","modified_gmt":"2026-03-28T01:50:04","slug":"rescue-team-5-sk","status":"publish","type":"product","link":"https:\/\/begamer.cz\/sk\/produkt\/rescue-team-5-sk\/","title":{"rendered":"Rescue Team 5"},"content":{"rendered":"<p><span class=\"bb_img_ctn\"><img decoding=\"async\" class=\"bb_img\" src=\"https:\/\/shared.akamai.steamstatic.com\/store_item_assets\/steam\/apps\/416320\/extras\/925c8409950e84d6e65aabcefc24e6cf.avif?t=1705475674\" width=470 height=176 \/><\/span><br \/>Pridajte sa k svetozn\u00e1memu z\u00e1chrann\u00e9mu t\u00edmu a vyrazte na dobrodru\u017estvo, na ktor\u00e9 nikdy nezabudnete! \u013dudia v ohrozen\u00ed op\u00e4\u0165 spoliehaj\u00fa na mu\u017eov a \u017eeny zo z\u00e1chrann\u00e9ho t\u00edmu, \u017ee ich zachr\u00e1nia. Vyu\u017eite svoje schopnosti v oblasti time managementu a pracujte r\u00fdchlo, aby ste odstr\u00e1nili prek\u00e1\u017eky, ktor\u00e9 v\u00e1m stoja v ceste, obnovili zni\u010den\u00fa infra\u0161trukt\u00faru a, \u010do je najd\u00f4le\u017eitej\u0161ie, oslobodili t\u00fdch, ktor\u00ed s\u00fa v nebezpe\u010denstve! Ako sa budete preb\u00edja\u0165 p\u00fa\u0161tnou pustatinou, zasne\u017een\u00fdmi horami a d\u017eung\u013eou plnou nebezpe\u010denstiev, zachra\u0148ova\u0165 \u017eivoty a obnovova\u0165 mest\u00e1 starostlivo napl\u00e1novan\u00fdmi kliknutiami my\u0161i, z\u00edskate viac ako dve desiatky \u00faspechov, ktor\u00e9 bud\u00fa sved\u010di\u0165 o va\u0161om hrdinstve! Va\u0161a cesta skon\u010d\u00ed na \u00fap\u00e4t\u00ed hu\u010diacej sopky, ktor\u00e1 hroz\u00ed v\u00fdbuchom. Dok\u00e1\u017eete sa tam dosta\u0165 a zachr\u00e1ni\u0165 situ\u00e1ciu v exploz\u00edvnom fin\u00e1le? Pridajte sa k z\u00e1chrann\u00e9mu t\u00edmu e\u0161te dnes a zistite to!<\/p>\n<p>Funkcie:<\/p>\n<p>* N\u00e1ro\u010dn\u00e1<br \/>\u00farove\u0148* Jednoduch\u00e9 ovl\u00e1danie my\u0161ou*<br \/>Re\u017eimy s \u010dasov\u00fdm limitom<br \/>a bez \u010dasov\u00e9ho limitu* \u017div\u00e1, farebn\u00e1<br \/>grafika* N\u00e1vod, v ktorom sa u\u010d\u00edte hrou<\/p>\n","protected":false},"excerpt":{"rendered":"<p>Rescue Team 5 je strhuj\u00faca hra zameran\u00e1 na riadenie \u010dasu a strat\u00e9giu, v ktorej vediete z\u00e1chrann\u00e9 misie s cie\u013eom zachr\u00e1ni\u0165 uviaznut\u00fdch \u013eud\u00ed a obnovi\u0165 oblasti postihnut\u00e9 katastrofou. Stavajte budovy, zbierajte zdroje a prekon\u00e1vajte n\u00e1ro\u010dn\u00e9 \u00farovne, aby ste priniesli n\u00e1dej a bezpe\u010die t\u00fdm, ktor\u00ed to potrebuj\u00fa.<\/p>\n","protected":false},"featured_media":47834,"comment_status":"open","ping_status":"closed","template":"","meta":{"_acf_changed":false},"product_brand":[],"product_cat":[270,268,266,312,318],"product_tag":[],"class_list":{"0":"post-104129","1":"product","2":"type-product","3":"status-publish","4":"has-post-thumbnail","6":"product_cat-adventury-pc-hry-sk","7":"product_cat-pc-sk","8":"product_cat-pc-hry-sk","9":"product_cat-steam-pc-sk","10":"product_cat-strategie-pc-hry-sk","11":"pa_audio-en-us","13":"pa_game_type-main_game","15":"pa_genres-adventure","16":"pa_genres-strategy","18":"pa_interface-de-de","19":"pa_interface-en-us","20":"pa_interface-es-es","21":"pa_interface-fr-fr","22":"pa_interface-it-it","23":"pa_interface-nl-nl","25":"pa_interface-pl-pl","26":"pa_interface-ru-ru","27":"pa_modes-single-player","29":"pa_platform-pc-steam","31":"pa_publisher-alawar-entertainment","33":"pa_rating-773","34":"pa_rating-14441","35":"pa_region-global","37":"pa_subtitles-de-de","38":"pa_subtitles-en-us","39":"pa_subtitles-es-es","40":"pa_subtitles-fr-fr","41":"pa_subtitles-it-it","42":"pa_subtitles-nl-nl","44":"pa_subtitles-pl-pl","45":"pa_subtitles-ru-ru","47":"first","48":"instock","49":"virtual","50":"taxable","51":"purchasable","52":"product-type-simple"},"yoast_head":"<!-- This site is optimized with the Yoast SEO plugin v27.3 - https:\/\/yoast.com\/product\/yoast-seo-wordpress\/ -->\n<title>Rescue Team 5 | BeGamer.cz<\/title>\n<meta name=\"robots\" content=\"index, follow, max-snippet:-1, max-image-preview:large, max-video-preview:-1\" \/>\n<link rel=\"canonical\" href=\"https:\/\/begamer.cz\/sk\/produkt\/rescue-team-5-sk\/\" \/>\n<meta property=\"og:locale\" content=\"sk_SK\" \/>\n<meta property=\"og:type\" content=\"article\" \/>\n<meta property=\"og:title\" content=\"Rescue Team 5 | BeGamer.cz\" \/>\n<meta property=\"og:description\" content=\"Rescue Team 5 je strhuj\u00faca hra zameran\u00e1 na riadenie \u010dasu a strat\u00e9giu, v ktorej vediete z\u00e1chrann\u00e9 misie s cie\u013eom zachr\u00e1ni\u0165 uviaznut\u00fdch \u013eud\u00ed a obnovi\u0165 oblasti postihnut\u00e9 katastrofou. Stavajte budovy, zbierajte zdroje a prekon\u00e1vajte n\u00e1ro\u010dn\u00e9 \u00farovne, aby ste priniesli n\u00e1dej a bezpe\u010die t\u00fdm, ktor\u00ed to potrebuj\u00fa.\" \/>\n<meta property=\"og:url\" content=\"https:\/\/begamer.cz\/sk\/produkt\/rescue-team-5-sk\/\" \/>\n<meta property=\"og:site_name\" content=\"BeGamer.cz\" \/>\n<meta property=\"article:modified_time\" content=\"2026-03-28T01:50:04+00:00\" \/>\n<meta property=\"og:image\" content=\"https:\/\/begamer.cz\/wp-content\/uploads\/2026\/01\/rescue-team-5-5.webp\" \/>\n\t<meta property=\"og:image:width\" content=\"300\" \/>\n\t<meta property=\"og:image:height\" content=\"400\" \/>\n\t<meta property=\"og:image:type\" content=\"image\/webp\" \/>\n<meta name=\"twitter:card\" content=\"summary_large_image\" \/>\n<meta name=\"twitter:label1\" content=\"Predpokladan\u00fd \u010das \u010d\u00edtania\" \/>\n\t<meta name=\"twitter:data1\" content=\"1 min\u00fata\" \/>\n<script type=\"application\/ld+json\" class=\"yoast-schema-graph\">{\"@context\":\"https:\\\/\\\/schema.org\",\"@graph\":[{\"@type\":\"WebPage\",\"@id\":\"https:\\\/\\\/begamer.cz\\\/sk\\\/produkt\\\/rescue-team-5-sk\\\/\",\"url\":\"https:\\\/\\\/begamer.cz\\\/sk\\\/produkt\\\/rescue-team-5-sk\\\/\",\"name\":\"Rescue Team 5 | BeGamer.cz\",\"isPartOf\":{\"@id\":\"https:\\\/\\\/begamer.cz\\\/sk\\\/#website\"},\"primaryImageOfPage\":{\"@id\":\"https:\\\/\\\/begamer.cz\\\/sk\\\/produkt\\\/rescue-team-5-sk\\\/#primaryimage\"},\"image\":{\"@id\":\"https:\\\/\\\/begamer.cz\\\/sk\\\/produkt\\\/rescue-team-5-sk\\\/#primaryimage\"},\"thumbnailUrl\":\"https:\\\/\\\/begamer.cz\\\/wp-content\\\/uploads\\\/2026\\\/01\\\/rescue-team-5-5.webp\",\"datePublished\":\"2026-01-30T18:27:00+00:00\",\"dateModified\":\"2026-03-28T01:50:04+00:00\",\"breadcrumb\":{\"@id\":\"https:\\\/\\\/begamer.cz\\\/sk\\\/produkt\\\/rescue-team-5-sk\\\/#breadcrumb\"},\"inLanguage\":\"sk-SK\",\"potentialAction\":[{\"@type\":\"ReadAction\",\"target\":[\"https:\\\/\\\/begamer.cz\\\/sk\\\/produkt\\\/rescue-team-5-sk\\\/\"]}]},{\"@type\":\"ImageObject\",\"inLanguage\":\"sk-SK\",\"@id\":\"https:\\\/\\\/begamer.cz\\\/sk\\\/produkt\\\/rescue-team-5-sk\\\/#primaryimage\",\"url\":\"https:\\\/\\\/begamer.cz\\\/wp-content\\\/uploads\\\/2026\\\/01\\\/rescue-team-5-5.webp\",\"contentUrl\":\"https:\\\/\\\/begamer.cz\\\/wp-content\\\/uploads\\\/2026\\\/01\\\/rescue-team-5-5.webp\",\"width\":300,\"height\":400},{\"@type\":\"BreadcrumbList\",\"@id\":\"https:\\\/\\\/begamer.cz\\\/sk\\\/produkt\\\/rescue-team-5-sk\\\/#breadcrumb\",\"itemListElement\":[{\"@type\":\"ListItem\",\"position\":1,\"name\":\"Domov\",\"item\":\"https:\\\/\\\/begamer.cz\\\/sk\\\/\"},{\"@type\":\"ListItem\",\"position\":2,\"name\":\"Obchod\",\"item\":\"https:\\\/\\\/begamer.cz\\\/obchod\\\/\"},{\"@type\":\"ListItem\",\"position\":3,\"name\":\"Rescue Team 5\"}]},{\"@type\":\"WebSite\",\"@id\":\"https:\\\/\\\/begamer.cz\\\/sk\\\/#website\",\"url\":\"https:\\\/\\\/begamer.cz\\\/sk\\\/\",\"name\":\"BeGamer.cz\",\"description\":\"\",\"publisher\":{\"@id\":\"https:\\\/\\\/begamer.cz\\\/sk\\\/#organization\"},\"potentialAction\":[{\"@type\":\"SearchAction\",\"target\":{\"@type\":\"EntryPoint\",\"urlTemplate\":\"https:\\\/\\\/begamer.cz\\\/sk\\\/?s={search_term_string}\"},\"query-input\":{\"@type\":\"PropertyValueSpecification\",\"valueRequired\":true,\"valueName\":\"search_term_string\"}}],\"inLanguage\":\"sk-SK\"},{\"@type\":\"Organization\",\"@id\":\"https:\\\/\\\/begamer.cz\\\/sk\\\/#organization\",\"name\":\"BeGamer.cz\",\"url\":\"https:\\\/\\\/begamer.cz\\\/sk\\\/\",\"logo\":{\"@type\":\"ImageObject\",\"inLanguage\":\"sk-SK\",\"@id\":\"https:\\\/\\\/begamer.cz\\\/sk\\\/#\\\/schema\\\/logo\\\/image\\\/\",\"url\":\"https:\\\/\\\/begamer.cz\\\/wp-content\\\/uploads\\\/2025\\\/07\\\/logo.svg\",\"contentUrl\":\"https:\\\/\\\/begamer.cz\\\/wp-content\\\/uploads\\\/2025\\\/07\\\/logo.svg\",\"caption\":\"BeGamer.cz\"},\"image\":{\"@id\":\"https:\\\/\\\/begamer.cz\\\/sk\\\/#\\\/schema\\\/logo\\\/image\\\/\"}}]}<\/script>\n<!-- \/ Yoast SEO plugin. -->","yoast_head_json":{"title":"Rescue Team 5 | BeGamer.cz","robots":{"index":"index","follow":"follow","max-snippet":"max-snippet:-1","max-image-preview":"max-image-preview:large","max-video-preview":"max-video-preview:-1"},"canonical":"https:\/\/begamer.cz\/sk\/produkt\/rescue-team-5-sk\/","og_locale":"sk_SK","og_type":"article","og_title":"Rescue Team 5 | BeGamer.cz","og_description":"Rescue Team 5 je strhuj\u00faca hra zameran\u00e1 na riadenie \u010dasu a strat\u00e9giu, v ktorej vediete z\u00e1chrann\u00e9 misie s cie\u013eom zachr\u00e1ni\u0165 uviaznut\u00fdch \u013eud\u00ed a obnovi\u0165 oblasti postihnut\u00e9 katastrofou. Stavajte budovy, zbierajte zdroje a prekon\u00e1vajte n\u00e1ro\u010dn\u00e9 \u00farovne, aby ste priniesli n\u00e1dej a bezpe\u010die t\u00fdm, ktor\u00ed to potrebuj\u00fa.","og_url":"https:\/\/begamer.cz\/sk\/produkt\/rescue-team-5-sk\/","og_site_name":"BeGamer.cz","article_modified_time":"2026-03-28T01:50:04+00:00","og_image":[{"width":300,"height":400,"url":"https:\/\/begamer.cz\/wp-content\/uploads\/2026\/01\/rescue-team-5-5.webp","type":"image\/webp"}],"twitter_card":"summary_large_image","twitter_misc":{"Predpokladan\u00fd \u010das \u010d\u00edtania":"1 min\u00fata"},"schema":{"@context":"https:\/\/schema.org","@graph":[{"@type":"WebPage","@id":"https:\/\/begamer.cz\/sk\/produkt\/rescue-team-5-sk\/","url":"https:\/\/begamer.cz\/sk\/produkt\/rescue-team-5-sk\/","name":"Rescue Team 5 | BeGamer.cz","isPartOf":{"@id":"https:\/\/begamer.cz\/sk\/#website"},"primaryImageOfPage":{"@id":"https:\/\/begamer.cz\/sk\/produkt\/rescue-team-5-sk\/#primaryimage"},"image":{"@id":"https:\/\/begamer.cz\/sk\/produkt\/rescue-team-5-sk\/#primaryimage"},"thumbnailUrl":"https:\/\/begamer.cz\/wp-content\/uploads\/2026\/01\/rescue-team-5-5.webp","datePublished":"2026-01-30T18:27:00+00:00","dateModified":"2026-03-28T01:50:04+00:00","breadcrumb":{"@id":"https:\/\/begamer.cz\/sk\/produkt\/rescue-team-5-sk\/#breadcrumb"},"inLanguage":"sk-SK","potentialAction":[{"@type":"ReadAction","target":["https:\/\/begamer.cz\/sk\/produkt\/rescue-team-5-sk\/"]}]},{"@type":"ImageObject","inLanguage":"sk-SK","@id":"https:\/\/begamer.cz\/sk\/produkt\/rescue-team-5-sk\/#primaryimage","url":"https:\/\/begamer.cz\/wp-content\/uploads\/2026\/01\/rescue-team-5-5.webp","contentUrl":"https:\/\/begamer.cz\/wp-content\/uploads\/2026\/01\/rescue-team-5-5.webp","width":300,"height":400},{"@type":"BreadcrumbList","@id":"https:\/\/begamer.cz\/sk\/produkt\/rescue-team-5-sk\/#breadcrumb","itemListElement":[{"@type":"ListItem","position":1,"name":"Domov","item":"https:\/\/begamer.cz\/sk\/"},{"@type":"ListItem","position":2,"name":"Obchod","item":"https:\/\/begamer.cz\/obchod\/"},{"@type":"ListItem","position":3,"name":"Rescue Team 5"}]},{"@type":"WebSite","@id":"https:\/\/begamer.cz\/sk\/#website","url":"https:\/\/begamer.cz\/sk\/","name":"BeGamer.cz","description":"","publisher":{"@id":"https:\/\/begamer.cz\/sk\/#organization"},"potentialAction":[{"@type":"SearchAction","target":{"@type":"EntryPoint","urlTemplate":"https:\/\/begamer.cz\/sk\/?s={search_term_string}"},"query-input":{"@type":"PropertyValueSpecification","valueRequired":true,"valueName":"search_term_string"}}],"inLanguage":"sk-SK"},{"@type":"Organization","@id":"https:\/\/begamer.cz\/sk\/#organization","name":"BeGamer.cz","url":"https:\/\/begamer.cz\/sk\/","logo":{"@type":"ImageObject","inLanguage":"sk-SK","@id":"https:\/\/begamer.cz\/sk\/#\/schema\/logo\/image\/","url":"https:\/\/begamer.cz\/wp-content\/uploads\/2025\/07\/logo.svg","contentUrl":"https:\/\/begamer.cz\/wp-content\/uploads\/2025\/07\/logo.svg","caption":"BeGamer.cz"},"image":{"@id":"https:\/\/begamer.cz\/sk\/#\/schema\/logo\/image\/"}}]}},"acf":[],"_links":{"self":[{"href":"https:\/\/begamer.cz\/sk\/wp-json\/wp\/v2\/product\/104129","targetHints":{"allow":["GET"]}}],"collection":[{"href":"https:\/\/begamer.cz\/sk\/wp-json\/wp\/v2\/product"}],"about":[{"href":"https:\/\/begamer.cz\/sk\/wp-json\/wp\/v2\/types\/product"}],"replies":[{"embeddable":true,"href":"https:\/\/begamer.cz\/sk\/wp-json\/wp\/v2\/comments?post=104129"}],"wp:featuredmedia":[{"embeddable":true,"href":"https:\/\/begamer.cz\/sk\/wp-json\/wp\/v2\/media\/47834"}],"wp:attachment":[{"href":"https:\/\/begamer.cz\/sk\/wp-json\/wp\/v2\/media?parent=104129"}],"wp:term":[{"taxonomy":"product_brand","embeddable":true,"href":"https:\/\/begamer.cz\/sk\/wp-json\/wp\/v2\/product_brand?post=104129"},{"taxonomy":"product_cat","embeddable":true,"href":"https:\/\/begamer.cz\/sk\/wp-json\/wp\/v2\/product_cat?post=104129"},{"taxonomy":"product_tag","embeddable":true,"href":"https:\/\/begamer.cz\/sk\/wp-json\/wp\/v2\/product_tag?post=104129"}],"curies":[{"name":"wp","href":"https:\/\/api.w.org\/{rel}","templated":true}]}}