{"id":104075,"date":"2026-01-30T19:26:26","date_gmt":"2026-01-30T18:26:26","guid":{"rendered":"https:\/\/begamer.cz\/produkt\/house-of-1000-doors-family-secrets-sk\/"},"modified":"2026-03-28T02:49:19","modified_gmt":"2026-03-28T01:49:19","slug":"house-of-1000-doors-family-secrets-sk","status":"publish","type":"product","link":"https:\/\/begamer.cz\/sk\/produkt\/house-of-1000-doors-family-secrets-sk\/","title":{"rendered":"House of 1000 Doors: Family Secrets"},"content":{"rendered":"<p>Vitajte v prvej hre \u00fa\u017easnej novej s\u00e1gy! Ke\u010f m\u0155tvi nem\u00f4\u017eu n\u00e1js\u0165 pokoj, Dom 1000 dver\u00ed sl\u00fa\u017ei ako br\u00e1na, ktor\u00e1 umo\u017e\u0148uje \u017eiv\u00fdm pom\u00f4c\u0165 im. Ke\u010f sa v\u0161ak Dom objavuje na r\u00f4znych miestach po celom svete, nepust\u00ed dovn\u00fatra hocikoho. Aby \u010dlovek prekro\u010dil jeho prah, mus\u00ed by\u0165 schopn\u00fd komunikova\u0165 s duchmi.<\/p>\n<p>Hlavnou hrdinkou tejto \u00fa\u017easnej novej s\u00e9rie advent\u00far s h\u013eadan\u00edm skryt\u00fdch predmetov je Kate Reedov\u00e1, ne\u00faspe\u0161n\u00e1 autorka pr\u00edbehov o duchoch, ktor\u00e1 sa p\u00fdta sama seba, \u010di e\u0161te niekedy za\u017eije \u00faspech. Vezmi Kate za ruku, ke\u010f prijme pozvanie vst\u00fapi\u0165 do Domu, stretne sa s tajomnou rodinou Lancasterovcov, ktor\u00e1 v \u0148om b\u00fdva, a vyrie\u0161i \u0161tyri z\u00e1hadn\u00e9 tajomstv\u00e1, ktor\u00e9 ju zaved\u00fa do svetov, ak\u00e9 si nikdy nedok\u00e1zala predstavi\u0165.<\/p>\n<p>K\u013e\u00fa\u010dov\u00e9 vlastnosti:<br \/>\n\u2022    90 lok\u00e1ci\u00ed<br \/>\n\u2022    25 minihier<br \/>\n\u2022    15 sc\u00e9n s h\u013eadan\u00edm<br \/>predmetov<br \/>\n\u2022    13 CGI cutsc\u00e9n<br \/>\n\u2022    Bonusov\u00e1 kapitola<br \/>\n\u2022    Koncep\u010dn\u00e9 umenie<br \/>\n\u2022    Tapety<br \/>\n\u2022    Podrobn\u00fd n\u00e1vod<\/p>\n","protected":false},"excerpt":{"rendered":"<p>Presk\u00famajte tajomn\u00e9 s\u00eddlo v hre \u201eHouse of 1000 Doors: Family Secrets\u201c, strhuj\u00facej dobrodru\u017enej hre s h\u013eadan\u00edm skryt\u00fdch predmetov. Odha\u013ete temn\u00e9 rodinn\u00e9 tajomstv\u00e1, rie\u0161te n\u00e1ro\u010dn\u00e9 h\u00e1danky a odomknite skryt\u00e9 miestnosti, aby ste odhalili mraziv\u00fd pr\u00edbeh, ktor\u00fd v\u00e1s bude dr\u017ea\u0165 v nap\u00e4t\u00ed a\u017e do sam\u00e9ho konca.<\/p>\n","protected":false},"featured_media":47138,"comment_status":"open","ping_status":"closed","template":"","meta":{"_acf_changed":false},"product_brand":[],"product_cat":[270,290,294,268,266,312],"product_tag":[],"class_list":{"0":"post-104075","1":"product","2":"type-product","3":"status-publish","4":"has-post-thumbnail","6":"product_cat-adventury-pc-hry-sk","7":"product_cat-indie-hry-pc-sk","8":"product_cat-logicke-pc-hry-sk","9":"product_cat-pc-sk","10":"product_cat-pc-hry-sk","11":"product_cat-steam-pc-sk","12":"pa_audio-en-us","14":"pa_countries-ad","15":"pa_countries-ae","16":"pa_countries-af","17":"pa_countries-ag","18":"pa_countries-ai","19":"pa_countries-al","20":"pa_countries-am","21":"pa_countries-ao","22":"pa_countries-aq","23":"pa_countries-ar","24":"pa_countries-as","25":"pa_countries-at","26":"pa_countries-au","27":"pa_countries-aw","28":"pa_countries-ax","29":"pa_countries-az","30":"pa_countries-ba","31":"pa_countries-bb","32":"pa_countries-bd","33":"pa_countries-be","34":"pa_countries-bf","35":"pa_countries-bg","36":"pa_countries-bh","37":"pa_countries-bi","38":"pa_countries-bj","39":"pa_countries-bl","40":"pa_countries-bm","41":"pa_countries-bn","42":"pa_countries-bo","43":"pa_countries-bq","44":"pa_countries-br","45":"pa_countries-bs","46":"pa_countries-bt","47":"pa_countries-bv","48":"pa_countries-bw","49":"pa_countries-bz","50":"pa_countries-ca","51":"pa_countries-cc","52":"pa_countries-cd","53":"pa_countries-cf","54":"pa_countries-cg","55":"pa_countries-ch","56":"pa_countries-ci","57":"pa_countries-ck","58":"pa_countries-cl","59":"pa_countries-cm","60":"pa_countries-cn","61":"pa_countries-co","62":"pa_countries-cr","63":"pa_countries-cu","64":"pa_countries-cv","65":"pa_countries-cw","66":"pa_countries-cx","67":"pa_countries-cy","68":"pa_countries-cz","69":"pa_countries-de","70":"pa_countries-dj","71":"pa_countries-dk","72":"pa_countries-dm","73":"pa_countries-do","74":"pa_countries-dz","75":"pa_countries-ec","76":"pa_countries-ee","77":"pa_countries-eg","78":"pa_countries-eh","79":"pa_countries-er","80":"pa_countries-es","81":"pa_countries-et","82":"pa_countries-fi","83":"pa_countries-fj","84":"pa_countries-fk","85":"pa_countries-fm","86":"pa_countries-fo","87":"pa_countries-fr","88":"pa_countries-ga","89":"pa_countries-gb","90":"pa_countries-gd","91":"pa_countries-ge","92":"pa_countries-gf","93":"pa_countries-gg","94":"pa_countries-gh","95":"pa_countries-gi","96":"pa_countries-gl","97":"pa_countries-gm","98":"pa_countries-gn","99":"pa_countries-gp","100":"pa_countries-gq","101":"pa_countries-gr","102":"pa_countries-gs","103":"pa_countries-gt","104":"pa_countries-gu","105":"pa_countries-gw","106":"pa_countries-gy","107":"pa_countries-hk","108":"pa_countries-hm","109":"pa_countries-hn","110":"pa_countries-hr","111":"pa_countries-ht","112":"pa_countries-hu","113":"pa_countries-id","114":"pa_countries-ie","115":"pa_countries-il","116":"pa_countries-im","117":"pa_countries-in","118":"pa_countries-io","119":"pa_countries-iq","120":"pa_countries-ir","121":"pa_countries-is","122":"pa_countries-it","123":"pa_countries-je","124":"pa_countries-jm","125":"pa_countries-jo","126":"pa_countries-jp","127":"pa_countries-ke","128":"pa_countries-kg","129":"pa_countries-kh","130":"pa_countries-ki","131":"pa_countries-km","132":"pa_countries-kn","133":"pa_countries-kp","134":"pa_countries-kr","135":"pa_countries-kw","136":"pa_countries-ky","137":"pa_countries-kz","138":"pa_countries-la","139":"pa_countries-lb","140":"pa_countries-lc","141":"pa_countries-li","142":"pa_countries-lk","143":"pa_countries-lr","144":"pa_countries-ls","145":"pa_countries-lt","146":"pa_countries-lu","147":"pa_countries-lv","148":"pa_countries-ly","149":"pa_countries-ma","150":"pa_countries-mc","151":"pa_countries-md","152":"pa_countries-me","153":"pa_countries-mf","154":"pa_countries-mg","155":"pa_countries-mh","156":"pa_countries-mk","157":"pa_countries-ml","158":"pa_countries-mm","159":"pa_countries-mn","160":"pa_countries-mo","161":"pa_countries-mp","162":"pa_countries-mq","163":"pa_countries-mr","164":"pa_countries-ms","165":"pa_countries-mt","166":"pa_countries-mu","167":"pa_countries-mv","168":"pa_countries-mw","169":"pa_countries-mx","170":"pa_countries-my","171":"pa_countries-mz","172":"pa_countries-na","173":"pa_countries-nc","174":"pa_countries-ne","175":"pa_countries-nf","176":"pa_countries-ng","177":"pa_countries-ni","178":"pa_countries-nl","179":"pa_countries-no","180":"pa_countries-np","181":"pa_countries-nr","182":"pa_countries-nu","183":"pa_countries-nz","184":"pa_countries-om","185":"pa_countries-pa","186":"pa_countries-pe","187":"pa_countries-pf","188":"pa_countries-pg","189":"pa_countries-ph","190":"pa_countries-pk","191":"pa_countries-pl","192":"pa_countries-pm","193":"pa_countries-pn","194":"pa_countries-pr","195":"pa_countries-ps","196":"pa_countries-pt","197":"pa_countries-pw","198":"pa_countries-py","199":"pa_countries-qa","200":"pa_countries-re","201":"pa_countries-ro","202":"pa_countries-rs","203":"pa_countries-rw","204":"pa_countries-sa","205":"pa_countries-sb","206":"pa_countries-sc","207":"pa_countries-sd","208":"pa_countries-se","209":"pa_countries-sg","210":"pa_countries-sh","211":"pa_countries-si","212":"pa_countries-sj","213":"pa_countries-sk","214":"pa_countries-sl","215":"pa_countries-sm","216":"pa_countries-sn","217":"pa_countries-so","218":"pa_countries-sr","219":"pa_countries-ss","221":"pa_countries-st","222":"pa_countries-sv","223":"pa_countries-sx","224":"pa_countries-sy","225":"pa_countries-sz","226":"pa_countries-tc","227":"pa_countries-td","228":"pa_countries-tf","229":"pa_countries-tg","230":"pa_countries-th","231":"pa_countries-tj","232":"pa_countries-tk","233":"pa_countries-tl","234":"pa_countries-tm","235":"pa_countries-tn","236":"pa_countries-to","237":"pa_countries-tr","238":"pa_countries-tt","239":"pa_countries-tv","240":"pa_countries-tw","241":"pa_countries-tz","242":"pa_countries-ua","243":"pa_countries-ug","244":"pa_countries-um","245":"pa_countries-us","246":"pa_countries-uy","247":"pa_countries-uz","248":"pa_countries-va","249":"pa_countries-vc","250":"pa_countries-ve","251":"pa_countries-vg","252":"pa_countries-vi","253":"pa_countries-vn","254":"pa_countries-vu","255":"pa_countries-wf","256":"pa_countries-ws","257":"pa_countries-xk","259":"pa_countries-ye","260":"pa_countries-yt","261":"pa_countries-za","262":"pa_countries-zm","263":"pa_countries-zw","264":"pa_developer-alawar-entertainment","266":"pa_game_type-main_game","268":"pa_genres-adventure","269":"pa_genres-indie","271":"pa_genres-puzzle","273":"pa_interface-cs-cz","274":"pa_interface-de-de","275":"pa_interface-en-us","276":"pa_interface-es-es","277":"pa_interface-fr-fr","278":"pa_interface-ja-jp","279":"pa_interface-nl-nl","281":"pa_interface-pl-pl","282":"pa_interface-ru-ru","284":"pa_keywords-digital-distribution","286":"pa_keywords-hidden-object","287":"pa_keywords-single-player-only","288":"pa_keywords-steam","290":"pa_modes-single-player","292":"pa_platform-pc-steam","294":"pa_player_perspectives-first-person","296":"pa_publisher-big-fish-games","298":"pa_publisher-viva-media","300":"pa_rating-14441","301":"pa_rating-773","302":"pa_region-global","304":"pa_subtitles-cs-cz","305":"pa_subtitles-de-de","307":"pa_subtitles-en-us","308":"pa_subtitles-es-es","309":"pa_subtitles-fr-fr","310":"pa_subtitles-ja-jp","311":"pa_subtitles-nl-nl","313":"pa_subtitles-pl-pl","314":"pa_subtitles-ru-ru","315":"pa_themes-mystery","318":"first","319":"instock","320":"virtual","321":"taxable","322":"purchasable","323":"product-type-simple"},"yoast_head":"<!-- This site is optimized with the Yoast SEO plugin v27.3 - https:\/\/yoast.com\/product\/yoast-seo-wordpress\/ -->\n<title>House of 1000 Doors: Family Secrets | BeGamer.cz<\/title>\n<meta name=\"robots\" content=\"index, follow, max-snippet:-1, max-image-preview:large, max-video-preview:-1\" \/>\n<link rel=\"canonical\" href=\"https:\/\/begamer.cz\/sk\/produkt\/house-of-1000-doors-family-secrets-sk\/\" \/>\n<meta property=\"og:locale\" content=\"sk_SK\" \/>\n<meta property=\"og:type\" content=\"article\" \/>\n<meta property=\"og:title\" content=\"House of 1000 Doors: Family Secrets | BeGamer.cz\" \/>\n<meta property=\"og:description\" content=\"Presk\u00famajte tajomn\u00e9 s\u00eddlo v hre \u201eHouse of 1000 Doors: Family Secrets\u201c, strhuj\u00facej dobrodru\u017enej hre s h\u013eadan\u00edm skryt\u00fdch predmetov. Odha\u013ete temn\u00e9 rodinn\u00e9 tajomstv\u00e1, rie\u0161te n\u00e1ro\u010dn\u00e9 h\u00e1danky a odomknite skryt\u00e9 miestnosti, aby ste odhalili mraziv\u00fd pr\u00edbeh, ktor\u00fd v\u00e1s bude dr\u017ea\u0165 v nap\u00e4t\u00ed a\u017e do sam\u00e9ho konca.\" \/>\n<meta property=\"og:url\" content=\"https:\/\/begamer.cz\/sk\/produkt\/house-of-1000-doors-family-secrets-sk\/\" \/>\n<meta property=\"og:site_name\" content=\"BeGamer.cz\" \/>\n<meta property=\"article:modified_time\" content=\"2026-03-28T01:49:19+00:00\" \/>\n<meta property=\"og:image\" content=\"https:\/\/begamer.cz\/wp-content\/uploads\/2026\/01\/house-of-1000-doors-family-secrets-1-8.webp\" \/>\n\t<meta property=\"og:image:width\" content=\"300\" \/>\n\t<meta property=\"og:image:height\" content=\"400\" \/>\n\t<meta property=\"og:image:type\" content=\"image\/webp\" \/>\n<meta name=\"twitter:card\" content=\"summary_large_image\" \/>\n<meta name=\"twitter:label1\" content=\"Predpokladan\u00fd \u010das \u010d\u00edtania\" \/>\n\t<meta name=\"twitter:data1\" content=\"1 min\u00fata\" \/>\n<script type=\"application\/ld+json\" class=\"yoast-schema-graph\">{\"@context\":\"https:\\\/\\\/schema.org\",\"@graph\":[{\"@type\":\"WebPage\",\"@id\":\"https:\\\/\\\/begamer.cz\\\/sk\\\/produkt\\\/house-of-1000-doors-family-secrets-sk\\\/\",\"url\":\"https:\\\/\\\/begamer.cz\\\/sk\\\/produkt\\\/house-of-1000-doors-family-secrets-sk\\\/\",\"name\":\"House of 1000 Doors: Family Secrets | BeGamer.cz\",\"isPartOf\":{\"@id\":\"https:\\\/\\\/begamer.cz\\\/sk\\\/#website\"},\"primaryImageOfPage\":{\"@id\":\"https:\\\/\\\/begamer.cz\\\/sk\\\/produkt\\\/house-of-1000-doors-family-secrets-sk\\\/#primaryimage\"},\"image\":{\"@id\":\"https:\\\/\\\/begamer.cz\\\/sk\\\/produkt\\\/house-of-1000-doors-family-secrets-sk\\\/#primaryimage\"},\"thumbnailUrl\":\"https:\\\/\\\/begamer.cz\\\/wp-content\\\/uploads\\\/2026\\\/01\\\/house-of-1000-doors-family-secrets-1-8.webp\",\"datePublished\":\"2026-01-30T18:26:26+00:00\",\"dateModified\":\"2026-03-28T01:49:19+00:00\",\"breadcrumb\":{\"@id\":\"https:\\\/\\\/begamer.cz\\\/sk\\\/produkt\\\/house-of-1000-doors-family-secrets-sk\\\/#breadcrumb\"},\"inLanguage\":\"sk-SK\",\"potentialAction\":[{\"@type\":\"ReadAction\",\"target\":[\"https:\\\/\\\/begamer.cz\\\/sk\\\/produkt\\\/house-of-1000-doors-family-secrets-sk\\\/\"]}]},{\"@type\":\"ImageObject\",\"inLanguage\":\"sk-SK\",\"@id\":\"https:\\\/\\\/begamer.cz\\\/sk\\\/produkt\\\/house-of-1000-doors-family-secrets-sk\\\/#primaryimage\",\"url\":\"https:\\\/\\\/begamer.cz\\\/wp-content\\\/uploads\\\/2026\\\/01\\\/house-of-1000-doors-family-secrets-1-8.webp\",\"contentUrl\":\"https:\\\/\\\/begamer.cz\\\/wp-content\\\/uploads\\\/2026\\\/01\\\/house-of-1000-doors-family-secrets-1-8.webp\",\"width\":300,\"height\":400},{\"@type\":\"BreadcrumbList\",\"@id\":\"https:\\\/\\\/begamer.cz\\\/sk\\\/produkt\\\/house-of-1000-doors-family-secrets-sk\\\/#breadcrumb\",\"itemListElement\":[{\"@type\":\"ListItem\",\"position\":1,\"name\":\"Domov\",\"item\":\"https:\\\/\\\/begamer.cz\\\/sk\\\/\"},{\"@type\":\"ListItem\",\"position\":2,\"name\":\"Obchod\",\"item\":\"https:\\\/\\\/begamer.cz\\\/obchod\\\/\"},{\"@type\":\"ListItem\",\"position\":3,\"name\":\"House of 1000 Doors: Family Secrets\"}]},{\"@type\":\"WebSite\",\"@id\":\"https:\\\/\\\/begamer.cz\\\/sk\\\/#website\",\"url\":\"https:\\\/\\\/begamer.cz\\\/sk\\\/\",\"name\":\"BeGamer.cz\",\"description\":\"\",\"publisher\":{\"@id\":\"https:\\\/\\\/begamer.cz\\\/sk\\\/#organization\"},\"potentialAction\":[{\"@type\":\"SearchAction\",\"target\":{\"@type\":\"EntryPoint\",\"urlTemplate\":\"https:\\\/\\\/begamer.cz\\\/sk\\\/?s={search_term_string}\"},\"query-input\":{\"@type\":\"PropertyValueSpecification\",\"valueRequired\":true,\"valueName\":\"search_term_string\"}}],\"inLanguage\":\"sk-SK\"},{\"@type\":\"Organization\",\"@id\":\"https:\\\/\\\/begamer.cz\\\/sk\\\/#organization\",\"name\":\"BeGamer.cz\",\"url\":\"https:\\\/\\\/begamer.cz\\\/sk\\\/\",\"logo\":{\"@type\":\"ImageObject\",\"inLanguage\":\"sk-SK\",\"@id\":\"https:\\\/\\\/begamer.cz\\\/sk\\\/#\\\/schema\\\/logo\\\/image\\\/\",\"url\":\"https:\\\/\\\/begamer.cz\\\/wp-content\\\/uploads\\\/2025\\\/07\\\/logo.svg\",\"contentUrl\":\"https:\\\/\\\/begamer.cz\\\/wp-content\\\/uploads\\\/2025\\\/07\\\/logo.svg\",\"caption\":\"BeGamer.cz\"},\"image\":{\"@id\":\"https:\\\/\\\/begamer.cz\\\/sk\\\/#\\\/schema\\\/logo\\\/image\\\/\"}}]}<\/script>\n<!-- \/ Yoast SEO plugin. -->","yoast_head_json":{"title":"House of 1000 Doors: Family Secrets | BeGamer.cz","robots":{"index":"index","follow":"follow","max-snippet":"max-snippet:-1","max-image-preview":"max-image-preview:large","max-video-preview":"max-video-preview:-1"},"canonical":"https:\/\/begamer.cz\/sk\/produkt\/house-of-1000-doors-family-secrets-sk\/","og_locale":"sk_SK","og_type":"article","og_title":"House of 1000 Doors: Family Secrets | BeGamer.cz","og_description":"Presk\u00famajte tajomn\u00e9 s\u00eddlo v hre \u201eHouse of 1000 Doors: Family Secrets\u201c, strhuj\u00facej dobrodru\u017enej hre s h\u013eadan\u00edm skryt\u00fdch predmetov. Odha\u013ete temn\u00e9 rodinn\u00e9 tajomstv\u00e1, rie\u0161te n\u00e1ro\u010dn\u00e9 h\u00e1danky a odomknite skryt\u00e9 miestnosti, aby ste odhalili mraziv\u00fd pr\u00edbeh, ktor\u00fd v\u00e1s bude dr\u017ea\u0165 v nap\u00e4t\u00ed a\u017e do sam\u00e9ho konca.","og_url":"https:\/\/begamer.cz\/sk\/produkt\/house-of-1000-doors-family-secrets-sk\/","og_site_name":"BeGamer.cz","article_modified_time":"2026-03-28T01:49:19+00:00","og_image":[{"width":300,"height":400,"url":"https:\/\/begamer.cz\/wp-content\/uploads\/2026\/01\/house-of-1000-doors-family-secrets-1-8.webp","type":"image\/webp"}],"twitter_card":"summary_large_image","twitter_misc":{"Predpokladan\u00fd \u010das \u010d\u00edtania":"1 min\u00fata"},"schema":{"@context":"https:\/\/schema.org","@graph":[{"@type":"WebPage","@id":"https:\/\/begamer.cz\/sk\/produkt\/house-of-1000-doors-family-secrets-sk\/","url":"https:\/\/begamer.cz\/sk\/produkt\/house-of-1000-doors-family-secrets-sk\/","name":"House of 1000 Doors: Family Secrets | BeGamer.cz","isPartOf":{"@id":"https:\/\/begamer.cz\/sk\/#website"},"primaryImageOfPage":{"@id":"https:\/\/begamer.cz\/sk\/produkt\/house-of-1000-doors-family-secrets-sk\/#primaryimage"},"image":{"@id":"https:\/\/begamer.cz\/sk\/produkt\/house-of-1000-doors-family-secrets-sk\/#primaryimage"},"thumbnailUrl":"https:\/\/begamer.cz\/wp-content\/uploads\/2026\/01\/house-of-1000-doors-family-secrets-1-8.webp","datePublished":"2026-01-30T18:26:26+00:00","dateModified":"2026-03-28T01:49:19+00:00","breadcrumb":{"@id":"https:\/\/begamer.cz\/sk\/produkt\/house-of-1000-doors-family-secrets-sk\/#breadcrumb"},"inLanguage":"sk-SK","potentialAction":[{"@type":"ReadAction","target":["https:\/\/begamer.cz\/sk\/produkt\/house-of-1000-doors-family-secrets-sk\/"]}]},{"@type":"ImageObject","inLanguage":"sk-SK","@id":"https:\/\/begamer.cz\/sk\/produkt\/house-of-1000-doors-family-secrets-sk\/#primaryimage","url":"https:\/\/begamer.cz\/wp-content\/uploads\/2026\/01\/house-of-1000-doors-family-secrets-1-8.webp","contentUrl":"https:\/\/begamer.cz\/wp-content\/uploads\/2026\/01\/house-of-1000-doors-family-secrets-1-8.webp","width":300,"height":400},{"@type":"BreadcrumbList","@id":"https:\/\/begamer.cz\/sk\/produkt\/house-of-1000-doors-family-secrets-sk\/#breadcrumb","itemListElement":[{"@type":"ListItem","position":1,"name":"Domov","item":"https:\/\/begamer.cz\/sk\/"},{"@type":"ListItem","position":2,"name":"Obchod","item":"https:\/\/begamer.cz\/obchod\/"},{"@type":"ListItem","position":3,"name":"House of 1000 Doors: Family Secrets"}]},{"@type":"WebSite","@id":"https:\/\/begamer.cz\/sk\/#website","url":"https:\/\/begamer.cz\/sk\/","name":"BeGamer.cz","description":"","publisher":{"@id":"https:\/\/begamer.cz\/sk\/#organization"},"potentialAction":[{"@type":"SearchAction","target":{"@type":"EntryPoint","urlTemplate":"https:\/\/begamer.cz\/sk\/?s={search_term_string}"},"query-input":{"@type":"PropertyValueSpecification","valueRequired":true,"valueName":"search_term_string"}}],"inLanguage":"sk-SK"},{"@type":"Organization","@id":"https:\/\/begamer.cz\/sk\/#organization","name":"BeGamer.cz","url":"https:\/\/begamer.cz\/sk\/","logo":{"@type":"ImageObject","inLanguage":"sk-SK","@id":"https:\/\/begamer.cz\/sk\/#\/schema\/logo\/image\/","url":"https:\/\/begamer.cz\/wp-content\/uploads\/2025\/07\/logo.svg","contentUrl":"https:\/\/begamer.cz\/wp-content\/uploads\/2025\/07\/logo.svg","caption":"BeGamer.cz"},"image":{"@id":"https:\/\/begamer.cz\/sk\/#\/schema\/logo\/image\/"}}]}},"acf":[],"_links":{"self":[{"href":"https:\/\/begamer.cz\/sk\/wp-json\/wp\/v2\/product\/104075","targetHints":{"allow":["GET"]}}],"collection":[{"href":"https:\/\/begamer.cz\/sk\/wp-json\/wp\/v2\/product"}],"about":[{"href":"https:\/\/begamer.cz\/sk\/wp-json\/wp\/v2\/types\/product"}],"replies":[{"embeddable":true,"href":"https:\/\/begamer.cz\/sk\/wp-json\/wp\/v2\/comments?post=104075"}],"wp:featuredmedia":[{"embeddable":true,"href":"https:\/\/begamer.cz\/sk\/wp-json\/wp\/v2\/media\/47138"}],"wp:attachment":[{"href":"https:\/\/begamer.cz\/sk\/wp-json\/wp\/v2\/media?parent=104075"}],"wp:term":[{"taxonomy":"product_brand","embeddable":true,"href":"https:\/\/begamer.cz\/sk\/wp-json\/wp\/v2\/product_brand?post=104075"},{"taxonomy":"product_cat","embeddable":true,"href":"https:\/\/begamer.cz\/sk\/wp-json\/wp\/v2\/product_cat?post=104075"},{"taxonomy":"product_tag","embeddable":true,"href":"https:\/\/begamer.cz\/sk\/wp-json\/wp\/v2\/product_tag?post=104075"}],"curies":[{"name":"wp","href":"https:\/\/api.w.org\/{rel}","templated":true}]}}