{"id":104060,"date":"2026-01-30T19:26:17","date_gmt":"2026-01-30T18:26:17","guid":{"rendered":"https:\/\/begamer.cz\/produkt\/spirit-of-the-island-sk\/"},"modified":"2026-03-28T02:48:59","modified_gmt":"2026-03-28T01:48:59","slug":"spirit-of-the-island-sk","status":"publish","type":"product","link":"https:\/\/begamer.cz\/sk\/produkt\/spirit-of-the-island-sk\/","title":{"rendered":"Spirit of the Island"},"content":{"rendered":"<p>Spirit of the Island je n\u00e1dhern\u00e1 sandboxov\u00e1 RPG simul\u00e1cia \u017eivota s online kooperat\u00edvnym re\u017eimom naprie\u010d platformami (PC, konzoly a mobiln\u00e9 zariadenia), ktor\u00e1 sa odohr\u00e1va na s\u00faostrov\u00ed tropick\u00fdch ostrovov. Vo va\u0161ej<\/p>\n<p>domovine existuje star\u00e1 trad\u00edcia: aby ste dosiahli dospelos\u0165 a absolvovali ritu\u00e1l dospelosti, mus\u00edte sa vyda\u0165 na cestu za poznan\u00edm. Tvoje dobrodru\u017estvo za\u010d\u00edna na vzdialenom ostrove, hlboko v tropickom s\u00faostrov\u00ed. Presk\u00famaj s\u00faostrovie, spoznaj miestnych obyvate\u013eov a pom\u00f4\u017e im obnovi\u0165 turistick\u00fd raj&#8230; a z\u00e1rove\u0148 sa pok\u00fas odhali\u0165 tajomstv\u00e1 svojej minulosti!<\/p>\n<p><span class=\"bb_img_ctn\"><video class=\"bb_img\" autoplay muted loop playsinline crossorigin=\"anonymous\" poster=\"https:\/\/shared.akamai.steamstatic.com\/store_item_assets\/steam\/apps\/1592110\/extras\/cc0129cce8c70fb65929704674e2e8e5.poster.avif?t=1759826828\" width=620 height=400 ><source src=\"https:\/\/shared.akamai.steamstatic.com\/store_item_assets\/steam\/apps\/1592110\/extras\/cc0129cce8c70fb65929704674e2e8e5.webm?t=1759826828\" type=\"video\/webm; codecs=vp9\"><\/video><\/span><\/p>\n<h2 class=\"bb_tag\" ><strong>MNO\u017dSTVO AKTIV\u00cdT<\/strong><\/h2>\n<p>V hre Spirit of the Island je toho naozaj ve\u013ea na robote! Nech u\u017e sa rozhodnete tr\u00e1vi\u0165 \u010das akoko\u013evek, z\u00edskate sk\u00fasenosti a zdokonal\u00edte svoje zru\u010dnosti, odomknete nov\u00e9 recepty, budete presk\u00famava\u0165 okolie, chova\u0165 zvierat\u00e1, objavova\u0165 susedn\u00e9 ostrovy a vo v\u0161etkom, \u010do rob\u00edte, budete st\u00e1le efekt\u00edvnej\u0161\u00ed, \u010do v\u00e1m u\u013eah\u010d\u00ed simul\u00e1ciu \u017eivota.<\/p>\n<p>Hra Spirit of the Island pon\u00faka 10 jedine\u010dn\u00fdch zru\u010dnost\u00ed, ako je po\u013enohospod\u00e1rstvo, \u0165a\u017eba, zber, soci\u00e1lne zru\u010dnosti, remesl\u00e1 a dokonca aj ryb\u00e1r\u010denie, ktor\u00e9 je s\u00fa\u010das\u0165ou \u0161peci\u00e1lnej minihry. Stanete sa skuto\u010dn\u00fdm majstrom vo v\u0161etkom?<\/p>\n<p><span class=\"bb_img_ctn\"><video class=\"bb_img\" autoplay muted loop playsinline crossorigin=\"anonymous\" poster=\"https:\/\/shared.akamai.steamstatic.com\/store_item_assets\/steam\/apps\/1592110\/extras\/e67fd48ab0d708f1209f1de04f1b9e32.poster.avif?t=1759826828\" width=620 height=400 ><source src=\"https:\/\/shared.akamai.steamstatic.com\/store_item_assets\/steam\/apps\/1592110\/extras\/e67fd48ab0d708f1209f1de04f1b9e32.webm?t=1759826828\" type=\"video\/webm; codecs=vp9\"><\/video><\/span><\/p>\n<h2 class=\"bb_tag\" ><strong>ROZSIAHL\u00dd TROPICK\u00dd ARCHIPEL\u00c1G<\/strong><\/h2>\n<p>Cestujte po 14 jedine\u010dn\u00fdch ostrovoch, z ktor\u00fdch ka\u017ed\u00fd m\u00e1 svoju vlastn\u00fa faunu, tajomstv\u00e1 a nebezpe\u010denstv\u00e1. Inform\u00e1cie o tom, kto \u2013 alebo \u010do \u2013 ob\u00fdva tieto ostrovy, sa stratili v dejin\u00e1ch, ale n\u00e1jdete tajomn\u00e9 jaskyne str\u00e1\u017een\u00e9 starobyl\u00fdmi tvormi \u2013 ste dos\u0165 odv\u00e1\u017eni na to, aby ste ich presk\u00famali a odhalili tajomstv\u00e1, ktor\u00e9 sa v nich skr\u00fdvaj\u00fa? Ak tak urob\u00edte, z\u00edskate pekn\u00e9 odmeny a pom\u00f4\u017ee v\u00e1m to pokro\u010di\u0165 k v\u00e1\u0161mu kone\u010dn\u00e9mu cie\u013eu: odhali\u0165 tajomstvo va\u0161ej minulosti.<\/p>\n<p><span class=\"bb_img_ctn\"><video class=\"bb_img\" autoplay muted loop playsinline crossorigin=\"anonymous\" poster=\"https:\/\/shared.akamai.steamstatic.com\/store_item_assets\/steam\/apps\/1592110\/extras\/b36ef8d0167dde2ac2835a85a00781f3.poster.avif?t=1759826828\" width=620 height=400 ><source src=\"https:\/\/shared.akamai.steamstatic.com\/store_item_assets\/steam\/apps\/1592110\/extras\/b36ef8d0167dde2ac2835a85a00781f3.webm?t=1759826828\" type=\"video\/webm; codecs=vp9\"><\/video><\/span><\/p>\n<h2 class=\"bb_tag\" ><strong>VA\u0160E VLASTN\u00c9 HRISKO<\/strong><\/h2>\n<p>V hre Spirit of the Island ide v\u00fdlu\u010dne o v\u00e1s a o to, \u010do chcete robi\u0165. Svet je va\u0161\u00edm ihriskom a m\u00f4\u017eete robi\u0165 \u010doko\u013evek, \u010do chcete. Vyberte sa na dobrodru\u017estv\u00e1, spravujte svoje \u00fazemia, renovujte, odomykajte \u00faspechy a ponorte sa do rozsiahleho tropick\u00e9ho raja SOTI. Alebo za\u010dnite svoju cestu na inom mieste: u\u017eite si nov\u00fd ostrov s v\u00e4\u010d\u0161\u00edm priestorom, kde m\u00f4\u017eete naplno rozvin\u00fa\u0165 svoju fant\u00e1ziu, av\u0161ak za cenu n\u00e1ro\u010dnej\u0161ieho za\u010diatku. Perfektn\u00fd sp\u00f4sob, ako osvie\u017ei\u0165 hru pre sk\u00fasen\u00fdch hr\u00e1\u010dov.  <\/p>\n<p>Prisp\u00f4sobenie postavy je k dispoz\u00edcii, ak sa rozhodnete zmeni\u0165 svoju osobnos\u0165 po\u010das hry, a nie je potrebn\u00e9 za\u010d\u00edna\u0165 v\u0161etko od za\u010diatku.<\/p>\n<p><span class=\"bb_img_ctn\"><video class=\"bb_img\" autoplay muted loop playsinline crossorigin=\"anonymous\" poster=\"https:\/\/shared.akamai.steamstatic.com\/store_item_assets\/steam\/apps\/1592110\/extras\/02eb8913fd03bacf4d84d52b0b6ff006.poster.avif?t=1759826828\" width=620 height=400 ><source src=\"https:\/\/shared.akamai.steamstatic.com\/store_item_assets\/steam\/apps\/1592110\/extras\/02eb8913fd03bacf4d84d52b0b6ff006.webm?t=1759826828\" type=\"video\/webm; codecs=vp9\"><\/video><\/span><\/p>\n<h2 class=\"bb_tag\" ><strong>SILA DVOCH<\/strong><\/h2>\n<p>Jednou z hlavn\u00fdch funkci\u00ed hry Spirit of the Island je kooperat\u00edvny re\u017eim pre dvoch hr\u00e1\u010dov, v ktorom m\u00f4\u017eete robi\u0165&#8230; v\u0161etko spolo\u010dne! V\u0161etky funkcie re\u017eimu pre jedn\u00e9ho hr\u00e1\u010da s\u00fa k dispoz\u00edcii v online hre, dokonca aj pr\u00edbeh! Venujte sa farm\u00e1r\u010deniu, pestujte plodiny a pripravujte lahodn\u00e9 jedl\u00e1, postavte obchod a pred\u00e1vajte svoje produkty turistom, presk\u00famajte rozsiahly s\u00faostrovie, aby ste na\u0161li poklad, a spolo\u010dne objavujte tajomstv\u00e1 tropick\u00e9ho raja, bez oh\u013eadu na platformu alebo miesto, ke\u010f\u017ee Spirit of the Island pon\u00faka pln\u00fa crossplay medzi PC, konzolami a od konca 1. \u0161tvr\u0165roka 2024 aj mobiln\u00fdmi zariadeniami.<\/p>\n<p><span class=\"bb_img_ctn\"><video class=\"bb_img\" autoplay muted loop playsinline crossorigin=\"anonymous\" poster=\"https:\/\/shared.akamai.steamstatic.com\/store_item_assets\/steam\/apps\/1592110\/extras\/4406b3b43422f43b728c86771c6f983e.poster.avif?t=1759826828\" width=620 height=400 ><source src=\"https:\/\/shared.akamai.steamstatic.com\/store_item_assets\/steam\/apps\/1592110\/extras\/4406b3b43422f43b728c86771c6f983e.webm?t=1759826828\" type=\"video\/webm; codecs=vp9\"><\/video><\/span><\/p>\n<h2 class=\"bb_tag\" ><strong>HISTORICK\u00c1 ZBIERKA<\/strong><\/h2>\n<p>V\u0161etko, na \u010do naraz\u00edte po\u010das svojej cesty po s\u00faostrov\u00ed, je jedine\u010dnou pamiatkou. Poklady, ktor\u00e9 n\u00e1jdete pri h\u013eadan\u00ed pokladov, r\u00f4zne druhy hmyzu, r\u00f4zne ryby, dokonca aj nov\u00e9 rastliny, ktor\u00e9 pestujete \u2013 to v\u0161etko s\u00fa spomienky na \u00fa\u017easn\u00fa cestu a va\u0161e \u00faspechy. V\u0161etky tieto drobnosti s\u00fa zhroma\u017eden\u00e9 v m\u00fazeu: mieste plnom z\u00e1zrakov a ve\u013ekoleposti. N\u00e1jdete a odomknete v\u0161etko, \u010do s\u00faostrovie pon\u00faka, a dopln\u00edte svoju ultim\u00e1tnu zbierku?<\/p>\n<p>Spirit of the Island v\u00e1m pon\u00faka jedine\u010dn\u00fa a \u00faplne multiplatformov\u00fa kombin\u00e1ciu farm\u00e1rskej simul\u00e1cie a sandboxov\u00e9ho dobrodru\u017estva. A na\u0161e DLC \u2013 Adventureland \u2013 t\u00fato my\u0161lienku e\u0161te viac roz\u0161\u00edri.<\/p>\n","protected":false},"excerpt":{"rendered":"<p>Kr\u00e1sna sandboxov\u00e1 RPG hra zo sveta simul\u00e1torov \u017eivota s online kooperat\u00edvnym re\u017eimom naprie\u010d platformami, ktor\u00e1 sa odohr\u00e1va na tropickom s\u00faostrov\u00ed. Vybuduj si farmu, pestuj plodiny a chovaj zvierat\u00e1, vyr\u00e1baj r\u00f4zne predmety, var jedl\u00e1, zbieraj suroviny, stavaj obchody a m\u00fazeum, aby si pril\u00e1kal n\u00e1v\u0161tevn\u00edkov, a preme\u0148 opusten\u00fd ostrov na prosperuj\u00facu turistick\u00fa destin\u00e1ciu!<\/p>\n","protected":false},"featured_media":47000,"comment_status":"open","ping_status":"closed","template":"","meta":{"_acf_changed":false},"product_brand":[],"product_cat":[280,290,268,266,308,312],"product_tag":[],"class_list":{"0":"post-104060","1":"product","2":"type-product","3":"status-publish","4":"has-post-thumbnail","6":"product_cat-dobrodruzne-pc-hry-sk","7":"product_cat-indie-hry-pc-sk","8":"product_cat-pc-sk","9":"product_cat-pc-hry-sk","10":"product_cat-rpg-pc-hry-sk","11":"product_cat-steam-pc-sk","12":"pa_audio-en-us","14":"pa_countries-ad","15":"pa_countries-ae","16":"pa_countries-af","17":"pa_countries-ag","18":"pa_countries-ai","19":"pa_countries-al","20":"pa_countries-am","21":"pa_countries-ao","22":"pa_countries-aq","23":"pa_countries-ar","24":"pa_countries-as","25":"pa_countries-at","26":"pa_countries-au","27":"pa_countries-aw","28":"pa_countries-ax","29":"pa_countries-az","30":"pa_countries-ba","31":"pa_countries-bb","32":"pa_countries-bd","33":"pa_countries-be","34":"pa_countries-bf","35":"pa_countries-bg","36":"pa_countries-bh","37":"pa_countries-bi","38":"pa_countries-bj","39":"pa_countries-bl","40":"pa_countries-bm","41":"pa_countries-bn","42":"pa_countries-bo","43":"pa_countries-bq","44":"pa_countries-br","45":"pa_countries-bs","46":"pa_countries-bt","47":"pa_countries-bv","48":"pa_countries-bw","49":"pa_countries-bz","50":"pa_countries-ca","51":"pa_countries-cc","52":"pa_countries-cd","53":"pa_countries-cf","54":"pa_countries-cg","55":"pa_countries-ch","56":"pa_countries-ci","57":"pa_countries-ck","58":"pa_countries-cl","59":"pa_countries-cm","60":"pa_countries-cn","61":"pa_countries-co","62":"pa_countries-cr","63":"pa_countries-cu","64":"pa_countries-cv","65":"pa_countries-cw","66":"pa_countries-cx","67":"pa_countries-cy","68":"pa_countries-cz","69":"pa_countries-de","70":"pa_countries-dj","71":"pa_countries-dk","72":"pa_countries-dm","73":"pa_countries-do","74":"pa_countries-dz","75":"pa_countries-ec","76":"pa_countries-ee","77":"pa_countries-eg","78":"pa_countries-eh","79":"pa_countries-er","80":"pa_countries-es","81":"pa_countries-et","82":"pa_countries-fi","83":"pa_countries-fj","84":"pa_countries-fk","85":"pa_countries-fm","86":"pa_countries-fo","87":"pa_countries-fr","88":"pa_countries-ga","89":"pa_countries-gb","90":"pa_countries-gd","91":"pa_countries-ge","92":"pa_countries-gf","93":"pa_countries-gg","94":"pa_countries-gh","95":"pa_countries-gi","96":"pa_countries-gl","97":"pa_countries-gm","98":"pa_countries-gn","99":"pa_countries-gp","100":"pa_countries-gq","101":"pa_countries-gr","102":"pa_countries-gs","103":"pa_countries-gt","104":"pa_countries-gu","105":"pa_countries-gw","106":"pa_countries-gy","107":"pa_countries-hk","108":"pa_countries-hm","109":"pa_countries-hn","110":"pa_countries-hr","111":"pa_countries-ht","112":"pa_countries-hu","113":"pa_countries-id","114":"pa_countries-ie","115":"pa_countries-il","116":"pa_countries-im","117":"pa_countries-in","118":"pa_countries-io","119":"pa_countries-iq","120":"pa_countries-ir","121":"pa_countries-is","122":"pa_countries-it","123":"pa_countries-je","124":"pa_countries-jm","125":"pa_countries-jo","126":"pa_countries-jp","127":"pa_countries-ke","128":"pa_countries-kg","129":"pa_countries-kh","130":"pa_countries-ki","131":"pa_countries-km","132":"pa_countries-kn","133":"pa_countries-kp","134":"pa_countries-kr","135":"pa_countries-kw","136":"pa_countries-ky","137":"pa_countries-kz","138":"pa_countries-la","139":"pa_countries-lb","140":"pa_countries-lc","141":"pa_countries-li","142":"pa_countries-lk","143":"pa_countries-lr","144":"pa_countries-ls","145":"pa_countries-lt","146":"pa_countries-lu","147":"pa_countries-lv","148":"pa_countries-ly","149":"pa_countries-ma","150":"pa_countries-mc","151":"pa_countries-md","152":"pa_countries-me","153":"pa_countries-mf","154":"pa_countries-mg","155":"pa_countries-mh","156":"pa_countries-mk","157":"pa_countries-ml","158":"pa_countries-mm","159":"pa_countries-mn","160":"pa_countries-mo","161":"pa_countries-mp","162":"pa_countries-mq","163":"pa_countries-mr","164":"pa_countries-ms","165":"pa_countries-mt","166":"pa_countries-mu","167":"pa_countries-mv","168":"pa_countries-mw","169":"pa_countries-mx","170":"pa_countries-my","171":"pa_countries-mz","172":"pa_countries-na","173":"pa_countries-nc","174":"pa_countries-ne","175":"pa_countries-nf","176":"pa_countries-ng","177":"pa_countries-ni","178":"pa_countries-nl","179":"pa_countries-no","180":"pa_countries-np","181":"pa_countries-nr","182":"pa_countries-nu","183":"pa_countries-nz","184":"pa_countries-om","185":"pa_countries-pa","186":"pa_countries-pe","187":"pa_countries-pf","188":"pa_countries-pg","189":"pa_countries-ph","190":"pa_countries-pk","191":"pa_countries-pl","192":"pa_countries-pm","193":"pa_countries-pn","194":"pa_countries-pr","195":"pa_countries-ps","196":"pa_countries-pt","197":"pa_countries-pw","198":"pa_countries-py","199":"pa_countries-qa","200":"pa_countries-re","201":"pa_countries-ro","202":"pa_countries-rs","203":"pa_countries-rw","204":"pa_countries-sa","205":"pa_countries-sb","206":"pa_countries-sc","207":"pa_countries-sd","208":"pa_countries-se","209":"pa_countries-sg","210":"pa_countries-sh","211":"pa_countries-si","212":"pa_countries-sj","213":"pa_countries-sk","214":"pa_countries-sl","215":"pa_countries-sm","216":"pa_countries-sn","217":"pa_countries-so","218":"pa_countries-sr","219":"pa_countries-ss","221":"pa_countries-st","222":"pa_countries-sv","223":"pa_countries-sx","224":"pa_countries-sy","225":"pa_countries-sz","226":"pa_countries-tc","227":"pa_countries-td","228":"pa_countries-tf","229":"pa_countries-tg","230":"pa_countries-th","231":"pa_countries-tj","232":"pa_countries-tk","233":"pa_countries-tl","234":"pa_countries-tm","235":"pa_countries-tn","236":"pa_countries-to","237":"pa_countries-tr","238":"pa_countries-tt","239":"pa_countries-tv","240":"pa_countries-tw","241":"pa_countries-tz","242":"pa_countries-ua","243":"pa_countries-ug","244":"pa_countries-um","245":"pa_countries-us","246":"pa_countries-uy","247":"pa_countries-uz","248":"pa_countries-va","249":"pa_countries-vc","250":"pa_countries-ve","251":"pa_countries-vg","252":"pa_countries-vi","253":"pa_countries-vn","254":"pa_countries-vu","255":"pa_countries-wf","256":"pa_countries-ws","257":"pa_countries-xk","258":"pa_countries-ye","259":"pa_countries-yt","260":"pa_countries-za","261":"pa_countries-zm","262":"pa_countries-zw","263":"pa_developer-1m-bits-horde","264":"pa_engine-unity","266":"pa_game_type-main_game","268":"pa_genres-adventure","269":"pa_genres-indie","271":"pa_genres-role-playing-rpg","272":"pa_genres-simulator","273":"pa_interface-de-de","274":"pa_interface-en-us","275":"pa_interface-es-es","276":"pa_interface-fr-fr","277":"pa_interface-ja-jp","278":"pa_interface-ko-kr","279":"pa_interface-pt-br","280":"pa_interface-pt-pt","282":"pa_interface-ru-ru","283":"pa_interface-zh-cn","284":"pa_interface-zh-tw","285":"pa_keywords-building","287":"pa_keywords-exploration","288":"pa_keywords-farming","289":"pa_keywords-resource-management","290":"pa_modes-co-operative","291":"pa_modes-multiplayer","293":"pa_modes-single-player","294":"pa_pegi-13424","295":"pa_pegi-772","296":"pa_platform-pc-steam","298":"pa_player_perspectives-bird-view-isometric","300":"pa_publisher-meta-publishing","302":"pa_rating-773","303":"pa_rating-14441","304":"pa_region-global","306":"pa_subtitles-de-de","308":"pa_subtitles-en-us","309":"pa_subtitles-fr-fr","310":"pa_subtitles-ko-kr","311":"pa_subtitles-pt-br","312":"pa_subtitles-ru-ru","313":"pa_subtitles-zh-cn","314":"pa_themes-action","315":"pa_themes-business","316":"pa_themes-fantasy","317":"pa_themes-kids","318":"pa_themes-open-world","319":"pa_themes-party","321":"pa_themes-sandbox","322":"pa_themes-survival","324":"first","325":"instock","326":"virtual","327":"taxable","328":"purchasable","329":"product-type-simple"},"yoast_head":"<!-- This site is optimized with the Yoast SEO plugin v27.3 - https:\/\/yoast.com\/product\/yoast-seo-wordpress\/ -->\n<title>Spirit of the Island | BeGamer.cz<\/title>\n<meta name=\"robots\" content=\"index, follow, max-snippet:-1, max-image-preview:large, max-video-preview:-1\" \/>\n<link rel=\"canonical\" href=\"https:\/\/begamer.cz\/sk\/produkt\/spirit-of-the-island-sk\/\" \/>\n<meta property=\"og:locale\" content=\"sk_SK\" \/>\n<meta property=\"og:type\" content=\"article\" \/>\n<meta property=\"og:title\" content=\"Spirit of the Island | BeGamer.cz\" \/>\n<meta property=\"og:description\" content=\"Kr\u00e1sna sandboxov\u00e1 RPG hra zo sveta simul\u00e1torov \u017eivota s online kooperat\u00edvnym re\u017eimom naprie\u010d platformami, ktor\u00e1 sa odohr\u00e1va na tropickom s\u00faostrov\u00ed. Vybuduj si farmu, pestuj plodiny a chovaj zvierat\u00e1, vyr\u00e1baj r\u00f4zne predmety, var jedl\u00e1, zbieraj suroviny, stavaj obchody a m\u00fazeum, aby si pril\u00e1kal n\u00e1v\u0161tevn\u00edkov, a preme\u0148 opusten\u00fd ostrov na prosperuj\u00facu turistick\u00fa destin\u00e1ciu!\" \/>\n<meta property=\"og:url\" content=\"https:\/\/begamer.cz\/sk\/produkt\/spirit-of-the-island-sk\/\" \/>\n<meta property=\"og:site_name\" content=\"BeGamer.cz\" \/>\n<meta property=\"article:modified_time\" content=\"2026-03-28T01:48:59+00:00\" \/>\n<meta property=\"og:image\" content=\"https:\/\/begamer.cz\/wp-content\/uploads\/2026\/01\/spirit-of-the-island-4.webp\" \/>\n\t<meta property=\"og:image:width\" content=\"300\" \/>\n\t<meta property=\"og:image:height\" content=\"400\" \/>\n\t<meta property=\"og:image:type\" content=\"image\/webp\" \/>\n<meta name=\"twitter:card\" content=\"summary_large_image\" \/>\n<meta name=\"twitter:label1\" content=\"Predpokladan\u00fd \u010das \u010d\u00edtania\" \/>\n\t<meta name=\"twitter:data1\" content=\"3 min\u00faty\" \/>\n<script type=\"application\/ld+json\" class=\"yoast-schema-graph\">{\"@context\":\"https:\\\/\\\/schema.org\",\"@graph\":[{\"@type\":\"WebPage\",\"@id\":\"https:\\\/\\\/begamer.cz\\\/sk\\\/produkt\\\/spirit-of-the-island-sk\\\/\",\"url\":\"https:\\\/\\\/begamer.cz\\\/sk\\\/produkt\\\/spirit-of-the-island-sk\\\/\",\"name\":\"Spirit of the Island | BeGamer.cz\",\"isPartOf\":{\"@id\":\"https:\\\/\\\/begamer.cz\\\/sk\\\/#website\"},\"primaryImageOfPage\":{\"@id\":\"https:\\\/\\\/begamer.cz\\\/sk\\\/produkt\\\/spirit-of-the-island-sk\\\/#primaryimage\"},\"image\":{\"@id\":\"https:\\\/\\\/begamer.cz\\\/sk\\\/produkt\\\/spirit-of-the-island-sk\\\/#primaryimage\"},\"thumbnailUrl\":\"https:\\\/\\\/begamer.cz\\\/wp-content\\\/uploads\\\/2026\\\/01\\\/spirit-of-the-island-4.webp\",\"datePublished\":\"2026-01-30T18:26:17+00:00\",\"dateModified\":\"2026-03-28T01:48:59+00:00\",\"breadcrumb\":{\"@id\":\"https:\\\/\\\/begamer.cz\\\/sk\\\/produkt\\\/spirit-of-the-island-sk\\\/#breadcrumb\"},\"inLanguage\":\"sk-SK\",\"potentialAction\":[{\"@type\":\"ReadAction\",\"target\":[\"https:\\\/\\\/begamer.cz\\\/sk\\\/produkt\\\/spirit-of-the-island-sk\\\/\"]}]},{\"@type\":\"ImageObject\",\"inLanguage\":\"sk-SK\",\"@id\":\"https:\\\/\\\/begamer.cz\\\/sk\\\/produkt\\\/spirit-of-the-island-sk\\\/#primaryimage\",\"url\":\"https:\\\/\\\/begamer.cz\\\/wp-content\\\/uploads\\\/2026\\\/01\\\/spirit-of-the-island-4.webp\",\"contentUrl\":\"https:\\\/\\\/begamer.cz\\\/wp-content\\\/uploads\\\/2026\\\/01\\\/spirit-of-the-island-4.webp\",\"width\":300,\"height\":400},{\"@type\":\"BreadcrumbList\",\"@id\":\"https:\\\/\\\/begamer.cz\\\/sk\\\/produkt\\\/spirit-of-the-island-sk\\\/#breadcrumb\",\"itemListElement\":[{\"@type\":\"ListItem\",\"position\":1,\"name\":\"Domov\",\"item\":\"https:\\\/\\\/begamer.cz\\\/sk\\\/\"},{\"@type\":\"ListItem\",\"position\":2,\"name\":\"Obchod\",\"item\":\"https:\\\/\\\/begamer.cz\\\/obchod\\\/\"},{\"@type\":\"ListItem\",\"position\":3,\"name\":\"Spirit of the Island\"}]},{\"@type\":\"WebSite\",\"@id\":\"https:\\\/\\\/begamer.cz\\\/sk\\\/#website\",\"url\":\"https:\\\/\\\/begamer.cz\\\/sk\\\/\",\"name\":\"BeGamer.cz\",\"description\":\"\",\"publisher\":{\"@id\":\"https:\\\/\\\/begamer.cz\\\/sk\\\/#organization\"},\"potentialAction\":[{\"@type\":\"SearchAction\",\"target\":{\"@type\":\"EntryPoint\",\"urlTemplate\":\"https:\\\/\\\/begamer.cz\\\/sk\\\/?s={search_term_string}\"},\"query-input\":{\"@type\":\"PropertyValueSpecification\",\"valueRequired\":true,\"valueName\":\"search_term_string\"}}],\"inLanguage\":\"sk-SK\"},{\"@type\":\"Organization\",\"@id\":\"https:\\\/\\\/begamer.cz\\\/sk\\\/#organization\",\"name\":\"BeGamer.cz\",\"url\":\"https:\\\/\\\/begamer.cz\\\/sk\\\/\",\"logo\":{\"@type\":\"ImageObject\",\"inLanguage\":\"sk-SK\",\"@id\":\"https:\\\/\\\/begamer.cz\\\/sk\\\/#\\\/schema\\\/logo\\\/image\\\/\",\"url\":\"https:\\\/\\\/begamer.cz\\\/wp-content\\\/uploads\\\/2025\\\/07\\\/logo.svg\",\"contentUrl\":\"https:\\\/\\\/begamer.cz\\\/wp-content\\\/uploads\\\/2025\\\/07\\\/logo.svg\",\"caption\":\"BeGamer.cz\"},\"image\":{\"@id\":\"https:\\\/\\\/begamer.cz\\\/sk\\\/#\\\/schema\\\/logo\\\/image\\\/\"}}]}<\/script>\n<!-- \/ Yoast SEO plugin. -->","yoast_head_json":{"title":"Spirit of the Island | BeGamer.cz","robots":{"index":"index","follow":"follow","max-snippet":"max-snippet:-1","max-image-preview":"max-image-preview:large","max-video-preview":"max-video-preview:-1"},"canonical":"https:\/\/begamer.cz\/sk\/produkt\/spirit-of-the-island-sk\/","og_locale":"sk_SK","og_type":"article","og_title":"Spirit of the Island | BeGamer.cz","og_description":"Kr\u00e1sna sandboxov\u00e1 RPG hra zo sveta simul\u00e1torov \u017eivota s online kooperat\u00edvnym re\u017eimom naprie\u010d platformami, ktor\u00e1 sa odohr\u00e1va na tropickom s\u00faostrov\u00ed. Vybuduj si farmu, pestuj plodiny a chovaj zvierat\u00e1, vyr\u00e1baj r\u00f4zne predmety, var jedl\u00e1, zbieraj suroviny, stavaj obchody a m\u00fazeum, aby si pril\u00e1kal n\u00e1v\u0161tevn\u00edkov, a preme\u0148 opusten\u00fd ostrov na prosperuj\u00facu turistick\u00fa destin\u00e1ciu!","og_url":"https:\/\/begamer.cz\/sk\/produkt\/spirit-of-the-island-sk\/","og_site_name":"BeGamer.cz","article_modified_time":"2026-03-28T01:48:59+00:00","og_image":[{"width":300,"height":400,"url":"https:\/\/begamer.cz\/wp-content\/uploads\/2026\/01\/spirit-of-the-island-4.webp","type":"image\/webp"}],"twitter_card":"summary_large_image","twitter_misc":{"Predpokladan\u00fd \u010das \u010d\u00edtania":"3 min\u00faty"},"schema":{"@context":"https:\/\/schema.org","@graph":[{"@type":"WebPage","@id":"https:\/\/begamer.cz\/sk\/produkt\/spirit-of-the-island-sk\/","url":"https:\/\/begamer.cz\/sk\/produkt\/spirit-of-the-island-sk\/","name":"Spirit of the Island | BeGamer.cz","isPartOf":{"@id":"https:\/\/begamer.cz\/sk\/#website"},"primaryImageOfPage":{"@id":"https:\/\/begamer.cz\/sk\/produkt\/spirit-of-the-island-sk\/#primaryimage"},"image":{"@id":"https:\/\/begamer.cz\/sk\/produkt\/spirit-of-the-island-sk\/#primaryimage"},"thumbnailUrl":"https:\/\/begamer.cz\/wp-content\/uploads\/2026\/01\/spirit-of-the-island-4.webp","datePublished":"2026-01-30T18:26:17+00:00","dateModified":"2026-03-28T01:48:59+00:00","breadcrumb":{"@id":"https:\/\/begamer.cz\/sk\/produkt\/spirit-of-the-island-sk\/#breadcrumb"},"inLanguage":"sk-SK","potentialAction":[{"@type":"ReadAction","target":["https:\/\/begamer.cz\/sk\/produkt\/spirit-of-the-island-sk\/"]}]},{"@type":"ImageObject","inLanguage":"sk-SK","@id":"https:\/\/begamer.cz\/sk\/produkt\/spirit-of-the-island-sk\/#primaryimage","url":"https:\/\/begamer.cz\/wp-content\/uploads\/2026\/01\/spirit-of-the-island-4.webp","contentUrl":"https:\/\/begamer.cz\/wp-content\/uploads\/2026\/01\/spirit-of-the-island-4.webp","width":300,"height":400},{"@type":"BreadcrumbList","@id":"https:\/\/begamer.cz\/sk\/produkt\/spirit-of-the-island-sk\/#breadcrumb","itemListElement":[{"@type":"ListItem","position":1,"name":"Domov","item":"https:\/\/begamer.cz\/sk\/"},{"@type":"ListItem","position":2,"name":"Obchod","item":"https:\/\/begamer.cz\/obchod\/"},{"@type":"ListItem","position":3,"name":"Spirit of the Island"}]},{"@type":"WebSite","@id":"https:\/\/begamer.cz\/sk\/#website","url":"https:\/\/begamer.cz\/sk\/","name":"BeGamer.cz","description":"","publisher":{"@id":"https:\/\/begamer.cz\/sk\/#organization"},"potentialAction":[{"@type":"SearchAction","target":{"@type":"EntryPoint","urlTemplate":"https:\/\/begamer.cz\/sk\/?s={search_term_string}"},"query-input":{"@type":"PropertyValueSpecification","valueRequired":true,"valueName":"search_term_string"}}],"inLanguage":"sk-SK"},{"@type":"Organization","@id":"https:\/\/begamer.cz\/sk\/#organization","name":"BeGamer.cz","url":"https:\/\/begamer.cz\/sk\/","logo":{"@type":"ImageObject","inLanguage":"sk-SK","@id":"https:\/\/begamer.cz\/sk\/#\/schema\/logo\/image\/","url":"https:\/\/begamer.cz\/wp-content\/uploads\/2025\/07\/logo.svg","contentUrl":"https:\/\/begamer.cz\/wp-content\/uploads\/2025\/07\/logo.svg","caption":"BeGamer.cz"},"image":{"@id":"https:\/\/begamer.cz\/sk\/#\/schema\/logo\/image\/"}}]}},"acf":[],"_links":{"self":[{"href":"https:\/\/begamer.cz\/sk\/wp-json\/wp\/v2\/product\/104060","targetHints":{"allow":["GET"]}}],"collection":[{"href":"https:\/\/begamer.cz\/sk\/wp-json\/wp\/v2\/product"}],"about":[{"href":"https:\/\/begamer.cz\/sk\/wp-json\/wp\/v2\/types\/product"}],"replies":[{"embeddable":true,"href":"https:\/\/begamer.cz\/sk\/wp-json\/wp\/v2\/comments?post=104060"}],"wp:featuredmedia":[{"embeddable":true,"href":"https:\/\/begamer.cz\/sk\/wp-json\/wp\/v2\/media\/47000"}],"wp:attachment":[{"href":"https:\/\/begamer.cz\/sk\/wp-json\/wp\/v2\/media?parent=104060"}],"wp:term":[{"taxonomy":"product_brand","embeddable":true,"href":"https:\/\/begamer.cz\/sk\/wp-json\/wp\/v2\/product_brand?post=104060"},{"taxonomy":"product_cat","embeddable":true,"href":"https:\/\/begamer.cz\/sk\/wp-json\/wp\/v2\/product_cat?post=104060"},{"taxonomy":"product_tag","embeddable":true,"href":"https:\/\/begamer.cz\/sk\/wp-json\/wp\/v2\/product_tag?post=104060"}],"curies":[{"name":"wp","href":"https:\/\/api.w.org\/{rel}","templated":true}]}}