{"id":103913,"date":"2026-01-30T19:24:16","date_gmt":"2026-01-30T18:24:16","guid":{"rendered":"https:\/\/begamer.cz\/produkt\/college-football-26-standard-edition-sk-1769797457\/"},"modified":"2026-03-29T05:47:24","modified_gmt":"2026-03-29T03:47:24","slug":"college-football-26-standard-edition-sk-2","status":"publish","type":"product","link":"https:\/\/begamer.cz\/sk\/produkt\/college-football-26-standard-edition-sk-2\/","title":{"rendered":"EA Sports College Football 26"},"content":{"rendered":"<p>V hre EA SPORTS College Football 26 m\u00e1te taktiku vo svojich ruk\u00e1ch. Vypracujte sa z nov\u00e1\u010dika zo strednej \u0161koly a\u017e na legendu Heismanovej ceny alebo si vybudujte meno ako tr\u00e9ner t\u00fdm, \u017ee dovediete svoj t\u00edm k sl\u00e1ve.<\/p>\n","protected":false},"excerpt":{"rendered":"<p>Za\u017eite vzru\u0161enie z univerzitn\u00e9ho futbalu s hrou EA Sports College Football 26. V\u010faka realistick\u00e9mu hern\u00e9mu z\u00e1\u017eitku, aktualizovan\u00fdm zoznamom hr\u00e1\u010dov, dynamick\u00e9mu publiku a autentick\u00fdm \u0161tadi\u00f3nom v\u00e1m t\u00e1to digit\u00e1lna hra umo\u017en\u00ed dovies\u0165 v\u00e1\u0161 ob\u013e\u00faben\u00fd t\u00edm k v\u00ed\u0165azstvu. Prisp\u00f4sobte si hern\u00e9 kombin\u00e1cie, spravujte svoj k\u00e1der a ovl\u00e1dnite ihrisko!<\/p>\n","protected":false},"featured_media":109141,"comment_status":"open","ping_status":"closed","template":"","meta":{"_acf_changed":false},"product_brand":[],"product_cat":[469,470,398,438],"product_tag":[],"class_list":{"0":"post-103913","1":"product","2":"type-product","3":"status-publish","4":"has-post-thumbnail","6":"product_cat-simulatory-xbox-series-x-s-sk","7":"product_cat-sportove-xbox-series-x-s-sk","8":"product_cat-xbox-hry-sk","9":"product_cat-xbox-series-x-s-sk","10":"pa_audio-en-us","12":"pa_countries-at","13":"pa_countries-be","14":"pa_countries-bg","15":"pa_countries-cy","16":"pa_countries-cz","18":"pa_countries-de","19":"pa_countries-dk","20":"pa_countries-ee","21":"pa_countries-es","22":"pa_countries-fi","23":"pa_countries-fr","24":"pa_countries-gr","25":"pa_countries-hr","26":"pa_countries-hu","27":"pa_countries-ie","28":"pa_countries-it","29":"pa_countries-lt","30":"pa_countries-lu","31":"pa_countries-lv","32":"pa_countries-mt","33":"pa_countries-nl","34":"pa_countries-pl","35":"pa_countries-pt","36":"pa_countries-ro","37":"pa_countries-se","38":"pa_countries-si","39":"pa_countries-sk","41":"pa_developer-ea-orlando-2","42":"pa_developer-ea-orlando","43":"pa_engine-frostbite","45":"pa_franchises-ncaa","47":"pa_game_type-main_game","49":"pa_genres-simulator","51":"pa_genres-sport","53":"pa_interface-en-us","55":"pa_keywords-american-football","56":"pa_keywords-college","57":"pa_modes-co-operative","59":"pa_modes-multiplayer","61":"pa_modes-single-player","62":"pa_pegi-13430","63":"pa_pegi-943","64":"pa_platform-xbox-series-x-s","66":"pa_player_perspectives-third-person","68":"pa_publisher-ea-sports","70":"pa_rating-14446","71":"pa_rating-795","72":"pa_region-europe","74":"pa_themes-non-fiction","77":"first","78":"instock","79":"virtual","80":"taxable","81":"purchasable","82":"product-type-simple"},"yoast_head":"<!-- This site is optimized with the Yoast SEO plugin v27.3 - https:\/\/yoast.com\/product\/yoast-seo-wordpress\/ -->\n<title>EA Sports College Football 26 | BeGamer.cz<\/title>\n<meta name=\"robots\" content=\"index, follow, max-snippet:-1, max-image-preview:large, max-video-preview:-1\" \/>\n<link rel=\"canonical\" href=\"https:\/\/begamer.cz\/sk\/produkt\/college-football-26-standard-edition-sk-2\/\" \/>\n<meta property=\"og:locale\" content=\"sk_SK\" \/>\n<meta property=\"og:type\" content=\"article\" \/>\n<meta property=\"og:title\" content=\"EA Sports College Football 26 | BeGamer.cz\" \/>\n<meta property=\"og:description\" content=\"Za\u017eite vzru\u0161enie z univerzitn\u00e9ho futbalu s hrou EA Sports College Football 26. V\u010faka realistick\u00e9mu hern\u00e9mu z\u00e1\u017eitku, aktualizovan\u00fdm zoznamom hr\u00e1\u010dov, dynamick\u00e9mu publiku a autentick\u00fdm \u0161tadi\u00f3nom v\u00e1m t\u00e1to digit\u00e1lna hra umo\u017en\u00ed dovies\u0165 v\u00e1\u0161 ob\u013e\u00faben\u00fd t\u00edm k v\u00ed\u0165azstvu. Prisp\u00f4sobte si hern\u00e9 kombin\u00e1cie, spravujte svoj k\u00e1der a ovl\u00e1dnite ihrisko!\" \/>\n<meta property=\"og:url\" content=\"https:\/\/begamer.cz\/sk\/produkt\/college-football-26-standard-edition-sk-2\/\" \/>\n<meta property=\"og:site_name\" content=\"BeGamer.cz\" \/>\n<meta property=\"article:modified_time\" content=\"2026-03-29T03:47:24+00:00\" \/>\n<meta name=\"twitter:card\" content=\"summary_large_image\" \/>\n<script type=\"application\/ld+json\" class=\"yoast-schema-graph\">{\"@context\":\"https:\\\/\\\/schema.org\",\"@graph\":[{\"@type\":\"WebPage\",\"@id\":\"https:\\\/\\\/begamer.cz\\\/sk\\\/produkt\\\/college-football-26-standard-edition-sk-2\\\/\",\"url\":\"https:\\\/\\\/begamer.cz\\\/sk\\\/produkt\\\/college-football-26-standard-edition-sk-2\\\/\",\"name\":\"EA Sports College Football 26 | BeGamer.cz\",\"isPartOf\":{\"@id\":\"https:\\\/\\\/begamer.cz\\\/sk\\\/#website\"},\"primaryImageOfPage\":{\"@id\":\"https:\\\/\\\/begamer.cz\\\/sk\\\/produkt\\\/college-football-26-standard-edition-sk-2\\\/#primaryimage\"},\"image\":{\"@id\":\"https:\\\/\\\/begamer.cz\\\/sk\\\/produkt\\\/college-football-26-standard-edition-sk-2\\\/#primaryimage\"},\"thumbnailUrl\":\"https:\\\/\\\/begamer.cz\\\/wp-content\\\/uploads\\\/2026\\\/01\\\/ea-sports-college-football-26-12.webp\",\"datePublished\":\"2026-01-30T18:24:16+00:00\",\"dateModified\":\"2026-03-29T03:47:24+00:00\",\"breadcrumb\":{\"@id\":\"https:\\\/\\\/begamer.cz\\\/sk\\\/produkt\\\/college-football-26-standard-edition-sk-2\\\/#breadcrumb\"},\"inLanguage\":\"sk-SK\",\"potentialAction\":[{\"@type\":\"ReadAction\",\"target\":[\"https:\\\/\\\/begamer.cz\\\/sk\\\/produkt\\\/college-football-26-standard-edition-sk-2\\\/\"]}]},{\"@type\":\"ImageObject\",\"inLanguage\":\"sk-SK\",\"@id\":\"https:\\\/\\\/begamer.cz\\\/sk\\\/produkt\\\/college-football-26-standard-edition-sk-2\\\/#primaryimage\",\"url\":\"https:\\\/\\\/begamer.cz\\\/wp-content\\\/uploads\\\/2026\\\/01\\\/ea-sports-college-football-26-12.webp\",\"contentUrl\":\"https:\\\/\\\/begamer.cz\\\/wp-content\\\/uploads\\\/2026\\\/01\\\/ea-sports-college-football-26-12.webp\",\"width\":300,\"height\":400},{\"@type\":\"BreadcrumbList\",\"@id\":\"https:\\\/\\\/begamer.cz\\\/sk\\\/produkt\\\/college-football-26-standard-edition-sk-2\\\/#breadcrumb\",\"itemListElement\":[{\"@type\":\"ListItem\",\"position\":1,\"name\":\"Domov\",\"item\":\"https:\\\/\\\/begamer.cz\\\/sk\\\/\"},{\"@type\":\"ListItem\",\"position\":2,\"name\":\"Obchod\",\"item\":\"https:\\\/\\\/begamer.cz\\\/obchod\\\/\"},{\"@type\":\"ListItem\",\"position\":3,\"name\":\"EA Sports College Football 26\"}]},{\"@type\":\"WebSite\",\"@id\":\"https:\\\/\\\/begamer.cz\\\/sk\\\/#website\",\"url\":\"https:\\\/\\\/begamer.cz\\\/sk\\\/\",\"name\":\"BeGamer.cz\",\"description\":\"\",\"publisher\":{\"@id\":\"https:\\\/\\\/begamer.cz\\\/sk\\\/#organization\"},\"potentialAction\":[{\"@type\":\"SearchAction\",\"target\":{\"@type\":\"EntryPoint\",\"urlTemplate\":\"https:\\\/\\\/begamer.cz\\\/sk\\\/?s={search_term_string}\"},\"query-input\":{\"@type\":\"PropertyValueSpecification\",\"valueRequired\":true,\"valueName\":\"search_term_string\"}}],\"inLanguage\":\"sk-SK\"},{\"@type\":\"Organization\",\"@id\":\"https:\\\/\\\/begamer.cz\\\/sk\\\/#organization\",\"name\":\"BeGamer.cz\",\"url\":\"https:\\\/\\\/begamer.cz\\\/sk\\\/\",\"logo\":{\"@type\":\"ImageObject\",\"inLanguage\":\"sk-SK\",\"@id\":\"https:\\\/\\\/begamer.cz\\\/sk\\\/#\\\/schema\\\/logo\\\/image\\\/\",\"url\":\"https:\\\/\\\/begamer.cz\\\/wp-content\\\/uploads\\\/2025\\\/07\\\/logo.svg\",\"contentUrl\":\"https:\\\/\\\/begamer.cz\\\/wp-content\\\/uploads\\\/2025\\\/07\\\/logo.svg\",\"caption\":\"BeGamer.cz\"},\"image\":{\"@id\":\"https:\\\/\\\/begamer.cz\\\/sk\\\/#\\\/schema\\\/logo\\\/image\\\/\"}}]}<\/script>\n<!-- \/ Yoast SEO plugin. -->","yoast_head_json":{"title":"EA Sports College Football 26 | BeGamer.cz","robots":{"index":"index","follow":"follow","max-snippet":"max-snippet:-1","max-image-preview":"max-image-preview:large","max-video-preview":"max-video-preview:-1"},"canonical":"https:\/\/begamer.cz\/sk\/produkt\/college-football-26-standard-edition-sk-2\/","og_locale":"sk_SK","og_type":"article","og_title":"EA Sports College Football 26 | BeGamer.cz","og_description":"Za\u017eite vzru\u0161enie z univerzitn\u00e9ho futbalu s hrou EA Sports College Football 26. V\u010faka realistick\u00e9mu hern\u00e9mu z\u00e1\u017eitku, aktualizovan\u00fdm zoznamom hr\u00e1\u010dov, dynamick\u00e9mu publiku a autentick\u00fdm \u0161tadi\u00f3nom v\u00e1m t\u00e1to digit\u00e1lna hra umo\u017en\u00ed dovies\u0165 v\u00e1\u0161 ob\u013e\u00faben\u00fd t\u00edm k v\u00ed\u0165azstvu. Prisp\u00f4sobte si hern\u00e9 kombin\u00e1cie, spravujte svoj k\u00e1der a ovl\u00e1dnite ihrisko!","og_url":"https:\/\/begamer.cz\/sk\/produkt\/college-football-26-standard-edition-sk-2\/","og_site_name":"BeGamer.cz","article_modified_time":"2026-03-29T03:47:24+00:00","twitter_card":"summary_large_image","schema":{"@context":"https:\/\/schema.org","@graph":[{"@type":"WebPage","@id":"https:\/\/begamer.cz\/sk\/produkt\/college-football-26-standard-edition-sk-2\/","url":"https:\/\/begamer.cz\/sk\/produkt\/college-football-26-standard-edition-sk-2\/","name":"EA Sports College Football 26 | BeGamer.cz","isPartOf":{"@id":"https:\/\/begamer.cz\/sk\/#website"},"primaryImageOfPage":{"@id":"https:\/\/begamer.cz\/sk\/produkt\/college-football-26-standard-edition-sk-2\/#primaryimage"},"image":{"@id":"https:\/\/begamer.cz\/sk\/produkt\/college-football-26-standard-edition-sk-2\/#primaryimage"},"thumbnailUrl":"https:\/\/begamer.cz\/wp-content\/uploads\/2026\/01\/ea-sports-college-football-26-12.webp","datePublished":"2026-01-30T18:24:16+00:00","dateModified":"2026-03-29T03:47:24+00:00","breadcrumb":{"@id":"https:\/\/begamer.cz\/sk\/produkt\/college-football-26-standard-edition-sk-2\/#breadcrumb"},"inLanguage":"sk-SK","potentialAction":[{"@type":"ReadAction","target":["https:\/\/begamer.cz\/sk\/produkt\/college-football-26-standard-edition-sk-2\/"]}]},{"@type":"ImageObject","inLanguage":"sk-SK","@id":"https:\/\/begamer.cz\/sk\/produkt\/college-football-26-standard-edition-sk-2\/#primaryimage","url":"https:\/\/begamer.cz\/wp-content\/uploads\/2026\/01\/ea-sports-college-football-26-12.webp","contentUrl":"https:\/\/begamer.cz\/wp-content\/uploads\/2026\/01\/ea-sports-college-football-26-12.webp","width":300,"height":400},{"@type":"BreadcrumbList","@id":"https:\/\/begamer.cz\/sk\/produkt\/college-football-26-standard-edition-sk-2\/#breadcrumb","itemListElement":[{"@type":"ListItem","position":1,"name":"Domov","item":"https:\/\/begamer.cz\/sk\/"},{"@type":"ListItem","position":2,"name":"Obchod","item":"https:\/\/begamer.cz\/obchod\/"},{"@type":"ListItem","position":3,"name":"EA Sports College Football 26"}]},{"@type":"WebSite","@id":"https:\/\/begamer.cz\/sk\/#website","url":"https:\/\/begamer.cz\/sk\/","name":"BeGamer.cz","description":"","publisher":{"@id":"https:\/\/begamer.cz\/sk\/#organization"},"potentialAction":[{"@type":"SearchAction","target":{"@type":"EntryPoint","urlTemplate":"https:\/\/begamer.cz\/sk\/?s={search_term_string}"},"query-input":{"@type":"PropertyValueSpecification","valueRequired":true,"valueName":"search_term_string"}}],"inLanguage":"sk-SK"},{"@type":"Organization","@id":"https:\/\/begamer.cz\/sk\/#organization","name":"BeGamer.cz","url":"https:\/\/begamer.cz\/sk\/","logo":{"@type":"ImageObject","inLanguage":"sk-SK","@id":"https:\/\/begamer.cz\/sk\/#\/schema\/logo\/image\/","url":"https:\/\/begamer.cz\/wp-content\/uploads\/2025\/07\/logo.svg","contentUrl":"https:\/\/begamer.cz\/wp-content\/uploads\/2025\/07\/logo.svg","caption":"BeGamer.cz"},"image":{"@id":"https:\/\/begamer.cz\/sk\/#\/schema\/logo\/image\/"}}]}},"acf":[],"_links":{"self":[{"href":"https:\/\/begamer.cz\/sk\/wp-json\/wp\/v2\/product\/103913","targetHints":{"allow":["GET"]}}],"collection":[{"href":"https:\/\/begamer.cz\/sk\/wp-json\/wp\/v2\/product"}],"about":[{"href":"https:\/\/begamer.cz\/sk\/wp-json\/wp\/v2\/types\/product"}],"replies":[{"embeddable":true,"href":"https:\/\/begamer.cz\/sk\/wp-json\/wp\/v2\/comments?post=103913"}],"wp:featuredmedia":[{"embeddable":true,"href":"https:\/\/begamer.cz\/sk\/wp-json\/wp\/v2\/media\/109141"}],"wp:attachment":[{"href":"https:\/\/begamer.cz\/sk\/wp-json\/wp\/v2\/media?parent=103913"}],"wp:term":[{"taxonomy":"product_brand","embeddable":true,"href":"https:\/\/begamer.cz\/sk\/wp-json\/wp\/v2\/product_brand?post=103913"},{"taxonomy":"product_cat","embeddable":true,"href":"https:\/\/begamer.cz\/sk\/wp-json\/wp\/v2\/product_cat?post=103913"},{"taxonomy":"product_tag","embeddable":true,"href":"https:\/\/begamer.cz\/sk\/wp-json\/wp\/v2\/product_tag?post=103913"}],"curies":[{"name":"wp","href":"https:\/\/api.w.org\/{rel}","templated":true}]}}