{"id":103832,"date":"2026-01-30T19:23:17","date_gmt":"2026-01-30T18:23:17","guid":{"rendered":"https:\/\/begamer.cz\/produkt\/captain-tsubasa-rise-of-new-champions-sk-1769797398\/"},"modified":"2026-03-28T02:46:21","modified_gmt":"2026-03-28T01:46:21","slug":"captain-tsubasa-rise-of-new-champions-sk-2","status":"publish","type":"product","link":"https:\/\/begamer.cz\/sk\/produkt\/captain-tsubasa-rise-of-new-champions-sk-2\/","title":{"rendered":"Captain Tsubasa: Rise of New Champions"},"content":{"rendered":"<h1>O hre<\/h1>\n<p><span class=\"bb_img_ctn\"><video class=\"bb_img\" autoplay muted loop playsinline poster=\"https:\/\/shared.akamai.steamstatic.com\/store_item_assets\/steam\/apps\/1163550\/extras\/85c1e8c8ed583a161edf3f8c3027a4c8.poster.avif?t=1718965999\" width=616 height=180 ><source src=\"https:\/\/shared.akamai.steamstatic.com\/store_item_assets\/steam\/apps\/1163550\/extras\/85c1e8c8ed583a161edf3f8c3027a4c8.webm?t=1718965999\" type=\"video\/webm; codecs=vp9\"><source src=\"https:\/\/shared.akamai.steamstatic.com\/store_item_assets\/steam\/apps\/1163550\/extras\/85c1e8c8ed583a161edf3f8c3027a4c8.mp4?t=1718965999\" type=\"video\/mp4\"><\/video><\/span><\/p>\n<p>Captain Tsubasa: Rise of New Champions je ark\u00e1dov\u00e1 futbalov\u00e1 hra, ktor\u00e1 prin\u00e1\u0161a osvie\u017euj\u00faci poh\u013ead na futbalov\u00fd \u017e\u00e1ner s vzru\u0161uj\u00facou akciou a \u00fa\u017easn\u00fdmi streleck\u00fdmi v\u00fdkonmi.<\/p>\n<h2 class=\"bb_tag\" >\u26bd VYTVOR SI SVOJU VYSNEN\u00da JEDEN\u00c1STKU<\/h2>\n<p>Vytvorte si vlastn\u00e9 postavy s nov\u00fdmi zru\u010dnos\u0165ami a schopnos\u0165ami a zostavte si svoj vysn\u00edvan\u00fd t\u00edm, s ktor\u00fdm budete hra\u0165 offline aj online!<\/p>\n<h2 class=\"bb_tag\" >\u26bd 4 HR\u00c1\u010cI PROTI SEBE<\/h2>\n<p>Rozhodnite, kto je futbalovou legendou medzi va\u0161imi priate\u013emi, v offline re\u017eime proti a\u017e 4 hr\u00e1\u010dom!<\/p>\n<h2 class=\"bb_tag\" >\u26bd ONLINE<\/h2>\n<p>S\u00fa\u0165a\u017ete v nieko\u013ek\u00fdch online re\u017eimoch a z\u00edskajte trofeje a odmeny.<\/p>\n<h2 class=\"bb_tag\" >\u26bd 2 PR\u00cdBEHOV\u00c9 RE\u017dIMY<\/h2>\n<p>Za\u017eite udalosti z anime alebo sa sta\u0148te s\u00fa\u010das\u0165ou sveta Captain Tsubasa!<\/p>\n<p><span class=\"bb_img_ctn\"><video class=\"bb_img\" autoplay muted loop playsinline poster=\"https:\/\/shared.akamai.steamstatic.com\/store_item_assets\/steam\/apps\/1163550\/extras\/fb227b4293ab26860e3c0569886469eb.poster.avif?t=1718965999\" width=616 height=180 ><source src=\"https:\/\/shared.akamai.steamstatic.com\/store_item_assets\/steam\/apps\/1163550\/extras\/fb227b4293ab26860e3c0569886469eb.webm?t=1718965999\" type=\"video\/webm; codecs=vp9\"><source src=\"https:\/\/shared.akamai.steamstatic.com\/store_item_assets\/steam\/apps\/1163550\/extras\/fb227b4293ab26860e3c0569886469eb.mp4?t=1718965999\" type=\"video\/mp4\"><\/video><\/span><\/p>\n","protected":false},"excerpt":{"rendered":"<p>Captain Tsubasa: Rise of New Champions je ark\u00e1dov\u00e1 futbalov\u00e1 hra, ktor\u00e1 prin\u00e1\u0161a do futbalov\u00e9ho \u017e\u00e1nru svie\u017ei vietor v\u010faka strhuj\u00facej akcii a spektakul\u00e1rnym strel\u00e1m, ktor\u00e9 t\u00fato s\u00e9riu presl\u00e1vili. Vyzvi z\u00e1kony futbalu a sta\u0148 sa legendou<\/p>\n","protected":false},"featured_media":46527,"comment_status":"open","ping_status":"closed","template":"","meta":{"_acf_changed":false},"product_brand":[],"product_cat":[206,179,200,222,226],"product_tag":[],"class_list":{"0":"post-103832","1":"product","2":"type-product","3":"status-publish","4":"has-post-thumbnail","6":"product_cat-arkady-nintendo-switch-sk","7":"product_cat-nintendo-hry-sk","8":"product_cat-nintendo-switch-sk","9":"product_cat-rpg-nintendo-switch-sk","10":"product_cat-sportove-nintendo-switch-sk","11":"pa_audio-ja-jp","13":"pa_countries-at","14":"pa_countries-be","15":"pa_countries-bg","16":"pa_countries-cy","17":"pa_countries-cz","19":"pa_countries-de","20":"pa_countries-dk","21":"pa_countries-ee","22":"pa_countries-es","23":"pa_countries-fi","24":"pa_countries-fr","25":"pa_countries-gr","26":"pa_countries-hr","27":"pa_countries-hu","28":"pa_countries-ie","29":"pa_countries-it","30":"pa_countries-lt","31":"pa_countries-lu","32":"pa_countries-lv","33":"pa_countries-mt","34":"pa_countries-nl","35":"pa_countries-pl","36":"pa_countries-pt","37":"pa_countries-ro","38":"pa_countries-se","39":"pa_countries-si","40":"pa_countries-sk","41":"pa_developer-tamsoft","43":"pa_franchises-captain-tsubasa","45":"pa_game_type-main_game","47":"pa_genres-arcade","49":"pa_genres-role-playing-rpg","50":"pa_genres-sport","51":"pa_interface-ar","52":"pa_interface-de-de","53":"pa_interface-en-us","54":"pa_interface-es-es","55":"pa_interface-es-mx","56":"pa_interface-fr-fr","57":"pa_interface-it-it","58":"pa_interface-pt-br","59":"pa_interface-pt-pt","61":"pa_interface-zh-tw","62":"pa_keywords-anime","63":"pa_keywords-football","65":"pa_keywords-soccer","66":"pa_modes-co-operative","67":"pa_modes-multiplayer","69":"pa_modes-single-player","70":"pa_pegi-772","71":"pa_pegi-13424","72":"pa_platform-nintendo-switch","74":"pa_player_perspectives-side-view","76":"pa_player_perspectives-third-person","77":"pa_publisher-bandai-namco-entertainment","78":"pa_publisher-bandai-namco-entertainment-america","79":"pa_publisher-bandai-namco-entertainment-europe","81":"pa_rating-1093","82":"pa_rating-14476","83":"pa_region-europe","85":"pa_subtitles-ar","86":"pa_subtitles-de-de","88":"pa_subtitles-en-us","89":"pa_subtitles-es-es","90":"pa_subtitles-fr-fr","91":"pa_subtitles-it-it","92":"pa_subtitles-pt-br","93":"pa_subtitles-zh-tw","94":"pa_themes-action","97":"first","98":"instock","99":"virtual","100":"taxable","101":"purchasable","102":"product-type-simple"},"yoast_head":"<!-- This site is optimized with the Yoast SEO plugin v27.4 - https:\/\/yoast.com\/product\/yoast-seo-wordpress\/ -->\n<title>Captain Tsubasa: Rise of New Champions | BeGamer.cz<\/title>\n<meta name=\"robots\" content=\"index, follow, max-snippet:-1, max-image-preview:large, max-video-preview:-1\" \/>\n<link rel=\"canonical\" href=\"https:\/\/begamer.cz\/sk\/produkt\/captain-tsubasa-rise-of-new-champions-sk-2\/\" \/>\n<meta property=\"og:locale\" content=\"sk_SK\" \/>\n<meta property=\"og:type\" content=\"article\" \/>\n<meta property=\"og:title\" content=\"Captain Tsubasa: Rise of New Champions | BeGamer.cz\" \/>\n<meta property=\"og:description\" content=\"Captain Tsubasa: Rise of New Champions je ark\u00e1dov\u00e1 futbalov\u00e1 hra, ktor\u00e1 prin\u00e1\u0161a do futbalov\u00e9ho \u017e\u00e1nru svie\u017ei vietor v\u010faka strhuj\u00facej akcii a spektakul\u00e1rnym strel\u00e1m, ktor\u00e9 t\u00fato s\u00e9riu presl\u00e1vili. Vyzvi z\u00e1kony futbalu a sta\u0148 sa legendou\" \/>\n<meta property=\"og:url\" content=\"https:\/\/begamer.cz\/sk\/produkt\/captain-tsubasa-rise-of-new-champions-sk-2\/\" \/>\n<meta property=\"og:site_name\" content=\"BeGamer.cz\" \/>\n<meta property=\"article:modified_time\" content=\"2026-03-28T01:46:21+00:00\" \/>\n<meta property=\"og:image\" content=\"https:\/\/begamer.cz\/wp-content\/uploads\/2026\/01\/captain-tsubasa-rise-of-new-champions-3.webp\" \/>\n\t<meta property=\"og:image:width\" content=\"300\" \/>\n\t<meta property=\"og:image:height\" content=\"400\" \/>\n\t<meta property=\"og:image:type\" content=\"image\/webp\" \/>\n<meta name=\"twitter:card\" content=\"summary_large_image\" \/>\n<meta name=\"twitter:label1\" content=\"Predpokladan\u00fd \u010das \u010d\u00edtania\" \/>\n\t<meta name=\"twitter:data1\" content=\"1 min\u00fata\" \/>\n<script type=\"application\/ld+json\" class=\"yoast-schema-graph\">{\"@context\":\"https:\\\/\\\/schema.org\",\"@graph\":[{\"@type\":\"WebPage\",\"@id\":\"https:\\\/\\\/begamer.cz\\\/sk\\\/produkt\\\/captain-tsubasa-rise-of-new-champions-sk-2\\\/\",\"url\":\"https:\\\/\\\/begamer.cz\\\/sk\\\/produkt\\\/captain-tsubasa-rise-of-new-champions-sk-2\\\/\",\"name\":\"Captain Tsubasa: Rise of New Champions | BeGamer.cz\",\"isPartOf\":{\"@id\":\"https:\\\/\\\/begamer.cz\\\/sk\\\/#website\"},\"primaryImageOfPage\":{\"@id\":\"https:\\\/\\\/begamer.cz\\\/sk\\\/produkt\\\/captain-tsubasa-rise-of-new-champions-sk-2\\\/#primaryimage\"},\"image\":{\"@id\":\"https:\\\/\\\/begamer.cz\\\/sk\\\/produkt\\\/captain-tsubasa-rise-of-new-champions-sk-2\\\/#primaryimage\"},\"thumbnailUrl\":\"https:\\\/\\\/begamer.cz\\\/wp-content\\\/uploads\\\/2026\\\/01\\\/captain-tsubasa-rise-of-new-champions-3.webp\",\"datePublished\":\"2026-01-30T18:23:17+00:00\",\"dateModified\":\"2026-03-28T01:46:21+00:00\",\"breadcrumb\":{\"@id\":\"https:\\\/\\\/begamer.cz\\\/sk\\\/produkt\\\/captain-tsubasa-rise-of-new-champions-sk-2\\\/#breadcrumb\"},\"inLanguage\":\"sk-SK\",\"potentialAction\":[{\"@type\":\"ReadAction\",\"target\":[\"https:\\\/\\\/begamer.cz\\\/sk\\\/produkt\\\/captain-tsubasa-rise-of-new-champions-sk-2\\\/\"]}]},{\"@type\":\"ImageObject\",\"inLanguage\":\"sk-SK\",\"@id\":\"https:\\\/\\\/begamer.cz\\\/sk\\\/produkt\\\/captain-tsubasa-rise-of-new-champions-sk-2\\\/#primaryimage\",\"url\":\"https:\\\/\\\/begamer.cz\\\/wp-content\\\/uploads\\\/2026\\\/01\\\/captain-tsubasa-rise-of-new-champions-3.webp\",\"contentUrl\":\"https:\\\/\\\/begamer.cz\\\/wp-content\\\/uploads\\\/2026\\\/01\\\/captain-tsubasa-rise-of-new-champions-3.webp\",\"width\":300,\"height\":400},{\"@type\":\"BreadcrumbList\",\"@id\":\"https:\\\/\\\/begamer.cz\\\/sk\\\/produkt\\\/captain-tsubasa-rise-of-new-champions-sk-2\\\/#breadcrumb\",\"itemListElement\":[{\"@type\":\"ListItem\",\"position\":1,\"name\":\"Domov\",\"item\":\"https:\\\/\\\/begamer.cz\\\/sk\\\/\"},{\"@type\":\"ListItem\",\"position\":2,\"name\":\"Obchod\",\"item\":\"https:\\\/\\\/begamer.cz\\\/obchod\\\/\"},{\"@type\":\"ListItem\",\"position\":3,\"name\":\"Captain Tsubasa: Rise of New Champions\"}]},{\"@type\":\"WebSite\",\"@id\":\"https:\\\/\\\/begamer.cz\\\/sk\\\/#website\",\"url\":\"https:\\\/\\\/begamer.cz\\\/sk\\\/\",\"name\":\"BeGamer.cz\",\"description\":\"\",\"publisher\":{\"@id\":\"https:\\\/\\\/begamer.cz\\\/sk\\\/#organization\"},\"potentialAction\":[{\"@type\":\"SearchAction\",\"target\":{\"@type\":\"EntryPoint\",\"urlTemplate\":\"https:\\\/\\\/begamer.cz\\\/sk\\\/?s={search_term_string}\"},\"query-input\":{\"@type\":\"PropertyValueSpecification\",\"valueRequired\":true,\"valueName\":\"search_term_string\"}}],\"inLanguage\":\"sk-SK\"},{\"@type\":\"Organization\",\"@id\":\"https:\\\/\\\/begamer.cz\\\/sk\\\/#organization\",\"name\":\"BeGamer.cz\",\"url\":\"https:\\\/\\\/begamer.cz\\\/sk\\\/\",\"logo\":{\"@type\":\"ImageObject\",\"inLanguage\":\"sk-SK\",\"@id\":\"https:\\\/\\\/begamer.cz\\\/sk\\\/#\\\/schema\\\/logo\\\/image\\\/\",\"url\":\"https:\\\/\\\/begamer.cz\\\/wp-content\\\/uploads\\\/2025\\\/07\\\/logo.svg\",\"contentUrl\":\"https:\\\/\\\/begamer.cz\\\/wp-content\\\/uploads\\\/2025\\\/07\\\/logo.svg\",\"caption\":\"BeGamer.cz\"},\"image\":{\"@id\":\"https:\\\/\\\/begamer.cz\\\/sk\\\/#\\\/schema\\\/logo\\\/image\\\/\"}}]}<\/script>\n<!-- \/ Yoast SEO plugin. -->","yoast_head_json":{"title":"Captain Tsubasa: Rise of New Champions | BeGamer.cz","robots":{"index":"index","follow":"follow","max-snippet":"max-snippet:-1","max-image-preview":"max-image-preview:large","max-video-preview":"max-video-preview:-1"},"canonical":"https:\/\/begamer.cz\/sk\/produkt\/captain-tsubasa-rise-of-new-champions-sk-2\/","og_locale":"sk_SK","og_type":"article","og_title":"Captain Tsubasa: Rise of New Champions | BeGamer.cz","og_description":"Captain Tsubasa: Rise of New Champions je ark\u00e1dov\u00e1 futbalov\u00e1 hra, ktor\u00e1 prin\u00e1\u0161a do futbalov\u00e9ho \u017e\u00e1nru svie\u017ei vietor v\u010faka strhuj\u00facej akcii a spektakul\u00e1rnym strel\u00e1m, ktor\u00e9 t\u00fato s\u00e9riu presl\u00e1vili. Vyzvi z\u00e1kony futbalu a sta\u0148 sa legendou","og_url":"https:\/\/begamer.cz\/sk\/produkt\/captain-tsubasa-rise-of-new-champions-sk-2\/","og_site_name":"BeGamer.cz","article_modified_time":"2026-03-28T01:46:21+00:00","og_image":[{"width":300,"height":400,"url":"https:\/\/begamer.cz\/wp-content\/uploads\/2026\/01\/captain-tsubasa-rise-of-new-champions-3.webp","type":"image\/webp"}],"twitter_card":"summary_large_image","twitter_misc":{"Predpokladan\u00fd \u010das \u010d\u00edtania":"1 min\u00fata"},"schema":{"@context":"https:\/\/schema.org","@graph":[{"@type":"WebPage","@id":"https:\/\/begamer.cz\/sk\/produkt\/captain-tsubasa-rise-of-new-champions-sk-2\/","url":"https:\/\/begamer.cz\/sk\/produkt\/captain-tsubasa-rise-of-new-champions-sk-2\/","name":"Captain Tsubasa: Rise of New Champions | BeGamer.cz","isPartOf":{"@id":"https:\/\/begamer.cz\/sk\/#website"},"primaryImageOfPage":{"@id":"https:\/\/begamer.cz\/sk\/produkt\/captain-tsubasa-rise-of-new-champions-sk-2\/#primaryimage"},"image":{"@id":"https:\/\/begamer.cz\/sk\/produkt\/captain-tsubasa-rise-of-new-champions-sk-2\/#primaryimage"},"thumbnailUrl":"https:\/\/begamer.cz\/wp-content\/uploads\/2026\/01\/captain-tsubasa-rise-of-new-champions-3.webp","datePublished":"2026-01-30T18:23:17+00:00","dateModified":"2026-03-28T01:46:21+00:00","breadcrumb":{"@id":"https:\/\/begamer.cz\/sk\/produkt\/captain-tsubasa-rise-of-new-champions-sk-2\/#breadcrumb"},"inLanguage":"sk-SK","potentialAction":[{"@type":"ReadAction","target":["https:\/\/begamer.cz\/sk\/produkt\/captain-tsubasa-rise-of-new-champions-sk-2\/"]}]},{"@type":"ImageObject","inLanguage":"sk-SK","@id":"https:\/\/begamer.cz\/sk\/produkt\/captain-tsubasa-rise-of-new-champions-sk-2\/#primaryimage","url":"https:\/\/begamer.cz\/wp-content\/uploads\/2026\/01\/captain-tsubasa-rise-of-new-champions-3.webp","contentUrl":"https:\/\/begamer.cz\/wp-content\/uploads\/2026\/01\/captain-tsubasa-rise-of-new-champions-3.webp","width":300,"height":400},{"@type":"BreadcrumbList","@id":"https:\/\/begamer.cz\/sk\/produkt\/captain-tsubasa-rise-of-new-champions-sk-2\/#breadcrumb","itemListElement":[{"@type":"ListItem","position":1,"name":"Domov","item":"https:\/\/begamer.cz\/sk\/"},{"@type":"ListItem","position":2,"name":"Obchod","item":"https:\/\/begamer.cz\/obchod\/"},{"@type":"ListItem","position":3,"name":"Captain Tsubasa: Rise of New Champions"}]},{"@type":"WebSite","@id":"https:\/\/begamer.cz\/sk\/#website","url":"https:\/\/begamer.cz\/sk\/","name":"BeGamer.cz","description":"","publisher":{"@id":"https:\/\/begamer.cz\/sk\/#organization"},"potentialAction":[{"@type":"SearchAction","target":{"@type":"EntryPoint","urlTemplate":"https:\/\/begamer.cz\/sk\/?s={search_term_string}"},"query-input":{"@type":"PropertyValueSpecification","valueRequired":true,"valueName":"search_term_string"}}],"inLanguage":"sk-SK"},{"@type":"Organization","@id":"https:\/\/begamer.cz\/sk\/#organization","name":"BeGamer.cz","url":"https:\/\/begamer.cz\/sk\/","logo":{"@type":"ImageObject","inLanguage":"sk-SK","@id":"https:\/\/begamer.cz\/sk\/#\/schema\/logo\/image\/","url":"https:\/\/begamer.cz\/wp-content\/uploads\/2025\/07\/logo.svg","contentUrl":"https:\/\/begamer.cz\/wp-content\/uploads\/2025\/07\/logo.svg","caption":"BeGamer.cz"},"image":{"@id":"https:\/\/begamer.cz\/sk\/#\/schema\/logo\/image\/"}}]}},"acf":[],"_links":{"self":[{"href":"https:\/\/begamer.cz\/sk\/wp-json\/wp\/v2\/product\/103832","targetHints":{"allow":["GET"]}}],"collection":[{"href":"https:\/\/begamer.cz\/sk\/wp-json\/wp\/v2\/product"}],"about":[{"href":"https:\/\/begamer.cz\/sk\/wp-json\/wp\/v2\/types\/product"}],"replies":[{"embeddable":true,"href":"https:\/\/begamer.cz\/sk\/wp-json\/wp\/v2\/comments?post=103832"}],"wp:featuredmedia":[{"embeddable":true,"href":"https:\/\/begamer.cz\/sk\/wp-json\/wp\/v2\/media\/46527"}],"wp:attachment":[{"href":"https:\/\/begamer.cz\/sk\/wp-json\/wp\/v2\/media?parent=103832"}],"wp:term":[{"taxonomy":"product_brand","embeddable":true,"href":"https:\/\/begamer.cz\/sk\/wp-json\/wp\/v2\/product_brand?post=103832"},{"taxonomy":"product_cat","embeddable":true,"href":"https:\/\/begamer.cz\/sk\/wp-json\/wp\/v2\/product_cat?post=103832"},{"taxonomy":"product_tag","embeddable":true,"href":"https:\/\/begamer.cz\/sk\/wp-json\/wp\/v2\/product_tag?post=103832"}],"curies":[{"name":"wp","href":"https:\/\/api.w.org\/{rel}","templated":true}]}}