{"id":103718,"date":"2026-01-30T19:21:48","date_gmt":"2026-01-30T18:21:48","guid":{"rendered":"https:\/\/begamer.cz\/produkt\/universim-sk\/"},"modified":"2026-03-12T17:39:33","modified_gmt":"2026-03-12T16:39:33","slug":"universim-sk","status":"publish","type":"product","link":"https:\/\/begamer.cz\/sk\/produkt\/universim-sk\/","title":{"rendered":"The Universim"},"content":{"rendered":"<h1>O hre<\/h1>\n<p class=\"bb_paragraph\" ><strong>\u010cO BY STE ROBILI S T\u00ddMTO VPLYVOM?<\/strong><\/p>\n<p class=\"bb_paragraph\" ><strong>\ud83d\udd35Hrajte sa na Boha!<\/strong> <\/p>\n<p class=\"bb_paragraph\" >Viedol svoj za\u010d\u00ednaj\u00faci rozumn\u00fd druh (l\u00e1skavo naz\u00fdvan\u00fd \u201enuggets\u201c) od jaskynn\u00fdch maliarov v dobe kamennej a\u017e po hviezdnych v\u00fdskumn\u00edkov.<\/p>\n<p class=\"bb_paragraph\" ><span class=\"bb_img_ctn\"><video class=\"bb_img\" autoplay muted loop playsinline poster=\"https:\/\/shared.akamai.steamstatic.com\/store_item_assets\/steam\/apps\/352720\/extras\/8c36aace6e5213aed08bf3fc1a9e5814.poster.avif?t=1731528807\" width=600 height=122 ><source src=\"https:\/\/shared.akamai.steamstatic.com\/store_item_assets\/steam\/apps\/352720\/extras\/8c36aace6e5213aed08bf3fc1a9e5814.webm?t=1731528807\" type=\"video\/webm; codecs=vp9\"><source src=\"https:\/\/shared.akamai.steamstatic.com\/store_item_assets\/steam\/apps\/352720\/extras\/8c36aace6e5213aed08bf3fc1a9e5814.mp4?t=1731528807\" type=\"video\/mp4\"><\/video><\/span><\/p>\n<h2 class=\"bb_tag\" ><strong>\ud83d\udd35Vyu\u017eite bo\u017esk\u00fa silu<\/strong><\/h2>\n<p class=\"bb_paragraph\" >Ovl\u00e1dajte viac ako 15 bo\u017esk\u00fdch s\u00edl, aby ste viedli, chr\u00e1nili \u2013 alebo disciplinovali \u2013 svojich nasledovn\u00edkov. Vytv\u00e1rajte ni\u010div\u00e9 torn\u00e1da, trestajte nezbedn\u00fdch nasledovn\u00edkov bleskami alebo otriasajte a rozb\u00edjajte samotn\u00fa zem. <\/p>\n<p class=\"bb_paragraph\" ><span class=\"bb_img_ctn\"><video class=\"bb_img\" autoplay muted loop playsinline poster=\"https:\/\/shared.akamai.steamstatic.com\/store_item_assets\/steam\/apps\/352720\/extras\/3b68eb0a57c5305c706092470a2d9844.poster.avif?t=1731528807\" width=600 height=122 ><source src=\"https:\/\/shared.akamai.steamstatic.com\/store_item_assets\/steam\/apps\/352720\/extras\/3b68eb0a57c5305c706092470a2d9844.webm?t=1731528807\" type=\"video\/webm; codecs=vp9\"><source src=\"https:\/\/shared.akamai.steamstatic.com\/store_item_assets\/steam\/apps\/352720\/extras\/3b68eb0a57c5305c706092470a2d9844.mp4?t=1731528807\" type=\"video\/mp4\"><\/video><\/span><\/p>\n<h2 class=\"bb_tag\" ><strong>\ud83d\udd35Sledujte, ako va\u0161e Nuggets rast\u00fa a prosperuj\u00fa<\/strong><\/h2>\n<p class=\"bb_paragraph\" >Sleduj ka\u017ed\u00fd pohyb Nuggets, ako pracuj\u00fa a bojuj\u00fa o pre\u017eitie. <\/p>\n<p class=\"bb_paragraph\" ><span class=\"bb_img_ctn\"><video class=\"bb_img\" autoplay muted loop playsinline poster=\"https:\/\/shared.akamai.steamstatic.com\/store_item_assets\/steam\/apps\/352720\/extras\/517b192d0a78ca71f6a8e265285544e1.poster.avif?t=1731528807\" width=600 height=122 ><source src=\"https:\/\/shared.akamai.steamstatic.com\/store_item_assets\/steam\/apps\/352720\/extras\/517b192d0a78ca71f6a8e265285544e1.webm?t=1731528807\" type=\"video\/webm; codecs=vp9\"><source src=\"https:\/\/shared.akamai.steamstatic.com\/store_item_assets\/steam\/apps\/352720\/extras\/517b192d0a78ca71f6a8e265285544e1.mp4?t=1731528807\" type=\"video\/mp4\"><\/video><\/span><\/p>\n<h2 class=\"bb_tag\" ><strong>\ud83d\udd35Vyv\u00edjajte sa a postupujte vpred cez veky<\/strong><\/h2>\n<p class=\"bb_paragraph\" >Presk\u00famajte viac ako 200 technologick\u00fdch a spolo\u010densk\u00fdch pokrokov. <\/p>\n<p class=\"bb_paragraph\" ><span class=\"bb_img_ctn\"><video class=\"bb_img\" autoplay muted loop playsinline poster=\"https:\/\/shared.akamai.steamstatic.com\/store_item_assets\/steam\/apps\/352720\/extras\/9ed0a781c2b00bbc22b5afd298c69433.poster.avif?t=1731528807\" width=600 height=122 ><source src=\"https:\/\/shared.akamai.steamstatic.com\/store_item_assets\/steam\/apps\/352720\/extras\/9ed0a781c2b00bbc22b5afd298c69433.webm?t=1731528807\" type=\"video\/webm; codecs=vp9\"><source src=\"https:\/\/shared.akamai.steamstatic.com\/store_item_assets\/steam\/apps\/352720\/extras\/9ed0a781c2b00bbc22b5afd298c69433.mp4?t=1731528807\" type=\"video\/mp4\"><\/video><\/span><\/p>\n<h2 class=\"bb_tag\" ><strong>\ud83d\udd35Roz\u0161irujte svoju moc a kolonizujte galaxiu<\/strong><\/h2>\n<p class=\"bb_paragraph\" >Objavujte a kolonizujte galaxiu procedur\u00e1lne generovan\u00fdch plan\u00e9t, z ktor\u00fdch ka\u017ed\u00e1 m\u00e1 jedine\u010dn\u00e9 ekosyst\u00e9my a v\u00fdzvy, ktor\u00e9 treba prekona\u0165.<\/p>\n<p class=\"bb_paragraph\" ><span class=\"bb_img_ctn\"><video class=\"bb_img\" autoplay muted loop playsinline poster=\"https:\/\/shared.akamai.steamstatic.com\/store_item_assets\/steam\/apps\/352720\/extras\/592edfd815cb1f108f004c379d005a6c.poster.avif?t=1731528807\" width=600 height=122 ><source src=\"https:\/\/shared.akamai.steamstatic.com\/store_item_assets\/steam\/apps\/352720\/extras\/592edfd815cb1f108f004c379d005a6c.webm?t=1731528807\" type=\"video\/webm; codecs=vp9\"><source src=\"https:\/\/shared.akamai.steamstatic.com\/store_item_assets\/steam\/apps\/352720\/extras\/592edfd815cb1f108f004c379d005a6c.mp4?t=1731528807\" type=\"video\/mp4\"><\/video><\/span><\/p>\n<h2 class=\"bb_tag\" ><strong>\ud83d\udd35Spravujte citliv\u00e9 ekosyst\u00e9my<\/strong><\/h2>\n<p class=\"bb_paragraph\" >Spravujte krehk\u00fa rovnov\u00e1hu planet\u00e1rnych ekosyst\u00e9mov, aby ste pomohli nuggetom prosperova\u0165. Va\u0161e rozhodnutia a \u010diny va\u0161ich nasledovn\u00edkov ovplyv\u0148uj\u00fa glob\u00e1lne podnebie a maj\u00fa re\u00e1lne environment\u00e1lne d\u00f4sledky. (Sna\u017ete sa ich nezabi\u0165 ekologickou katastrofou \u2013 pokia\u013e to samozrejme nechcete.)<\/p>\n<p class=\"bb_paragraph\" ><span class=\"bb_img_ctn\"><video class=\"bb_img\" autoplay muted loop playsinline poster=\"https:\/\/shared.akamai.steamstatic.com\/store_item_assets\/steam\/apps\/352720\/extras\/86541134951e3380f90d371b2b02216b.poster.avif?t=1731528807\" width=600 height=122 ><source src=\"https:\/\/shared.akamai.steamstatic.com\/store_item_assets\/steam\/apps\/352720\/extras\/86541134951e3380f90d371b2b02216b.webm?t=1731528807\" type=\"video\/webm; codecs=vp9\"><source src=\"https:\/\/shared.akamai.steamstatic.com\/store_item_assets\/steam\/apps\/352720\/extras\/86541134951e3380f90d371b2b02216b.mp4?t=1731528807\" type=\"video\/mp4\"><\/video><\/span><\/p>\n<h2 class=\"bb_tag\" ><strong>\ud83d\udd35Preniknite do hlb\u0161\u00edch tajomstiev svojej existencie<\/strong><\/h2>\n<p class=\"bb_paragraph\" >Odha\u013ete vrstvy hlb\u0161ieho kozmick\u00e9ho pr\u00edbehu, ktor\u00fd spochyb\u0148uje va\u0161e vn\u00edmanie toho, kto a \u010do ste \u2013 a odha\u013euje ne\u010dakan\u00e9 zvraty!<\/p>\n<p class=\"bb_paragraph\" ><span class=\"bb_img_ctn\"><video class=\"bb_img\" autoplay muted loop playsinline poster=\"https:\/\/shared.akamai.steamstatic.com\/store_item_assets\/steam\/apps\/352720\/extras\/c8834a4f9dd9716f42b9652bf2e5ea25.poster.avif?t=1731528807\" width=600 height=122 ><source src=\"https:\/\/shared.akamai.steamstatic.com\/store_item_assets\/steam\/apps\/352720\/extras\/c8834a4f9dd9716f42b9652bf2e5ea25.webm?t=1731528807\" type=\"video\/webm; codecs=vp9\"><source src=\"https:\/\/shared.akamai.steamstatic.com\/store_item_assets\/steam\/apps\/352720\/extras\/c8834a4f9dd9716f42b9652bf2e5ea25.mp4?t=1731528807\" type=\"video\/mp4\"><\/video><\/span><\/p>\n<p class=\"bb_paragraph\" >\n<h2 class=\"bb_tag\" ><strong>O tejto hre:<\/strong><\/h2>\n<p class=\"bb_paragraph\" >\n<p class=\"bb_paragraph\" >The Universim je strategick\u00e1 hra na budovanie mesta s prvkami \u201eBoha\u201c, v ktorej vediete civiliz\u00e1ciu (Nuggets) od doby kamennej a\u017e po vesm\u00edrnu \u00e9ru. Spravujte zdroje, dynamick\u00e9 v\u00fdzvy a zabezpe\u010dte, aby va\u0161i Nuggets pre\u017eili, prosperovali a roz\u0161\u00edrili sa do vesm\u00edru. <\/p>\n<p class=\"bb_paragraph\" >\n<p class=\"bb_paragraph\" ><span class=\"bb_img_ctn\"><video class=\"bb_img\" autoplay muted loop playsinline poster=\"https:\/\/shared.akamai.steamstatic.com\/store_item_assets\/steam\/apps\/352720\/extras\/003d31df5822177200f7fa75c7ba3867.poster.avif?t=1731528807\" width=626 height=560 ><source src=\"https:\/\/shared.akamai.steamstatic.com\/store_item_assets\/steam\/apps\/352720\/extras\/003d31df5822177200f7fa75c7ba3867.webm?t=1731528807\" type=\"video\/webm; codecs=vp9\"><source src=\"https:\/\/shared.akamai.steamstatic.com\/store_item_assets\/steam\/apps\/352720\/extras\/003d31df5822177200f7fa75c7ba3867.mp4?t=1731528807\" type=\"video\/mp4\"><\/video><\/span><\/p>\n<p class=\"bb_paragraph\" >The Universim  pon\u00faka viac ako  200 v\u00fdskumn\u00fdch v\u00fdhod, ktor\u00e9 v\u00e1m pom\u00f4\u017eu formova\u0165 va\u0161u civiliz\u00e1ciu. Bu\u010fte tak dobrotiv\u00ed alebo zlomyse\u013en\u00ed, ako chcete, aby ste Nuggets motivovali k v\u00fdvoju, pokroku a expanzii. (Dokonca aj tie najlep\u0161ie civiliz\u00e1cie potrebuj\u00fa ob\u010das potresta\u0165).   <\/p>\n<p class=\"bb_paragraph\" >Ka\u017ed\u00e1 plan\u00e9ta v The Universim je procedur\u00e1lne generovan\u00e1 a pon\u00faka jedine\u010dn\u00e9 vlastnosti a v\u00fdzvy, \u010d\u00edm je zaru\u010den\u00e9, \u017ee ka\u017ed\u00fd svet a ka\u017ed\u00e1 hra je jedine\u010dn\u00e1 a zauj\u00edmav\u00e1. Ekologick\u00e1 rovnov\u00e1ha a spr\u00e1va zdrojov s\u00fa k\u013e\u00fa\u010dov\u00e9 pre \u00faspech. Nuggets maj\u00fa svoje vlastn\u00e9 potreby a spr\u00e1vanie, ktor\u00fdm sa mus\u00edte venova\u0165. Va\u0161e vedenie bude formova\u0165 to, ako sa vyrovn\u00e1vaj\u00fa s konfliktmi, pr\u00edrodn\u00fdmi katastrofami, mimozemsk\u00fdmi bytos\u0165ami a in\u00fdmi civiliz\u00e1ciami. Ich rast a v\u00fdvoj z\u00e1vis\u00ed od v\u00e1s!<\/p>\n","protected":false},"excerpt":{"rendered":"<p>Vrhni sa priamo do riadenia svojich vlastn\u00fdch plan\u00e9t a ve\u010f civiliz\u00e1ciu cez veky. Vytvor ultim\u00e1tne imp\u00e9rium v The Universim, novej gener\u00e1cii hry God Game, ktor\u00fa vyv\u00edja Crytivo.<\/p>\n","protected":false},"featured_media":111312,"comment_status":"open","ping_status":"closed","template":"","meta":{"_acf_changed":false},"product_brand":[],"product_cat":[290,268,266,314,312,318],"product_tag":[],"class_list":{"0":"post-103718","1":"product","2":"type-product","3":"status-publish","4":"has-post-thumbnail","6":"product_cat-indie-hry-pc-sk","7":"product_cat-pc-sk","8":"product_cat-pc-hry-sk","9":"product_cat-simulatory-pc-hry-sk","10":"product_cat-steam-pc-sk","11":"product_cat-strategie-pc-hry-sk","12":"pa_audio-en-us","14":"pa_countries-ad","15":"pa_countries-ae","16":"pa_countries-af","17":"pa_countries-ag","18":"pa_countries-ai","19":"pa_countries-al","20":"pa_countries-am","21":"pa_countries-ao","22":"pa_countries-aq","23":"pa_countries-ar","24":"pa_countries-as","25":"pa_countries-at","26":"pa_countries-au","27":"pa_countries-aw","28":"pa_countries-ax","29":"pa_countries-az","30":"pa_countries-ba","31":"pa_countries-bb","32":"pa_countries-bd","33":"pa_countries-be","34":"pa_countries-bf","35":"pa_countries-bg","36":"pa_countries-bh","37":"pa_countries-bi","38":"pa_countries-bj","39":"pa_countries-bl","40":"pa_countries-bm","41":"pa_countries-bn","42":"pa_countries-bo","43":"pa_countries-bq","44":"pa_countries-br","45":"pa_countries-bs","46":"pa_countries-bt","47":"pa_countries-bv","48":"pa_countries-bw","49":"pa_countries-bz","50":"pa_countries-ca","51":"pa_countries-cc","52":"pa_countries-cd","53":"pa_countries-cf","54":"pa_countries-cg","55":"pa_countries-ch","56":"pa_countries-ci","57":"pa_countries-ck","58":"pa_countries-cl","59":"pa_countries-cm","60":"pa_countries-cn","61":"pa_countries-co","62":"pa_countries-cr","63":"pa_countries-cu","64":"pa_countries-cv","65":"pa_countries-cw","66":"pa_countries-cx","67":"pa_countries-cy","68":"pa_countries-cz","69":"pa_countries-de","70":"pa_countries-dj","71":"pa_countries-dk","72":"pa_countries-dm","73":"pa_countries-do","74":"pa_countries-dz","75":"pa_countries-ec","76":"pa_countries-ee","77":"pa_countries-eg","78":"pa_countries-eh","79":"pa_countries-er","80":"pa_countries-es","81":"pa_countries-et","82":"pa_countries-fi","83":"pa_countries-fj","84":"pa_countries-fk","85":"pa_countries-fm","86":"pa_countries-fo","87":"pa_countries-fr","88":"pa_countries-ga","89":"pa_countries-gb","90":"pa_countries-gd","91":"pa_countries-ge","92":"pa_countries-gf","93":"pa_countries-gg","94":"pa_countries-gh","95":"pa_countries-gi","96":"pa_countries-gl","97":"pa_countries-gm","98":"pa_countries-gn","99":"pa_countries-gp","100":"pa_countries-gq","101":"pa_countries-gr","102":"pa_countries-gs","103":"pa_countries-gt","104":"pa_countries-gu","105":"pa_countries-gw","106":"pa_countries-gy","107":"pa_countries-hk","108":"pa_countries-hm","109":"pa_countries-hn","110":"pa_countries-hr","111":"pa_countries-ht","112":"pa_countries-hu","113":"pa_countries-id","114":"pa_countries-ie","115":"pa_countries-il","116":"pa_countries-im","117":"pa_countries-in","118":"pa_countries-io","119":"pa_countries-iq","120":"pa_countries-ir","121":"pa_countries-is","122":"pa_countries-it","123":"pa_countries-je","124":"pa_countries-jm","125":"pa_countries-jo","126":"pa_countries-jp","127":"pa_countries-ke","128":"pa_countries-kg","129":"pa_countries-kh","130":"pa_countries-ki","131":"pa_countries-km","132":"pa_countries-kn","133":"pa_countries-kp","134":"pa_countries-kr","135":"pa_countries-kw","136":"pa_countries-ky","137":"pa_countries-kz","138":"pa_countries-la","139":"pa_countries-lb","140":"pa_countries-lc","141":"pa_countries-li","142":"pa_countries-lk","143":"pa_countries-lr","144":"pa_countries-ls","145":"pa_countries-lt","146":"pa_countries-lu","147":"pa_countries-lv","148":"pa_countries-ly","149":"pa_countries-ma","150":"pa_countries-mc","151":"pa_countries-md","152":"pa_countries-me","153":"pa_countries-mf","154":"pa_countries-mg","155":"pa_countries-mh","156":"pa_countries-mk","157":"pa_countries-ml","158":"pa_countries-mm","159":"pa_countries-mn","160":"pa_countries-mo","161":"pa_countries-mp","162":"pa_countries-mq","163":"pa_countries-mr","164":"pa_countries-ms","165":"pa_countries-mt","166":"pa_countries-mu","167":"pa_countries-mv","168":"pa_countries-mw","169":"pa_countries-mx","170":"pa_countries-my","171":"pa_countries-mz","172":"pa_countries-na","173":"pa_countries-nc","174":"pa_countries-ne","175":"pa_countries-nf","176":"pa_countries-ng","177":"pa_countries-ni","178":"pa_countries-nl","179":"pa_countries-no","180":"pa_countries-np","181":"pa_countries-nr","182":"pa_countries-nu","183":"pa_countries-nz","184":"pa_countries-om","185":"pa_countries-pa","186":"pa_countries-pe","187":"pa_countries-pf","188":"pa_countries-pg","189":"pa_countries-ph","190":"pa_countries-pk","191":"pa_countries-pl","192":"pa_countries-pm","193":"pa_countries-pn","194":"pa_countries-pr","195":"pa_countries-ps","196":"pa_countries-pt","197":"pa_countries-pw","198":"pa_countries-py","199":"pa_countries-qa","200":"pa_countries-re","201":"pa_countries-ro","202":"pa_countries-rs","203":"pa_countries-rw","204":"pa_countries-sa","205":"pa_countries-sb","206":"pa_countries-sc","207":"pa_countries-sd","208":"pa_countries-se","209":"pa_countries-sg","210":"pa_countries-sh","211":"pa_countries-si","212":"pa_countries-sj","213":"pa_countries-sk","214":"pa_countries-sl","215":"pa_countries-sm","216":"pa_countries-sn","217":"pa_countries-so","218":"pa_countries-sr","219":"pa_countries-ss","221":"pa_countries-st","222":"pa_countries-sv","223":"pa_countries-sx","224":"pa_countries-sy","225":"pa_countries-sz","226":"pa_countries-tc","227":"pa_countries-td","228":"pa_countries-tf","229":"pa_countries-tg","230":"pa_countries-th","231":"pa_countries-tj","232":"pa_countries-tk","233":"pa_countries-tl","234":"pa_countries-tm","235":"pa_countries-tn","236":"pa_countries-to","237":"pa_countries-tr","238":"pa_countries-tt","239":"pa_countries-tv","240":"pa_countries-tw","241":"pa_countries-tz","242":"pa_countries-ua","243":"pa_countries-ug","244":"pa_countries-um","245":"pa_countries-us","246":"pa_countries-uy","247":"pa_countries-uz","248":"pa_countries-va","249":"pa_countries-vc","250":"pa_countries-ve","251":"pa_countries-vg","252":"pa_countries-vi","253":"pa_countries-vn","254":"pa_countries-vu","255":"pa_countries-wf","256":"pa_countries-ws","257":"pa_countries-xk","258":"pa_countries-ye","259":"pa_countries-yt","260":"pa_countries-za","261":"pa_countries-zm","262":"pa_countries-zw","263":"pa_developer-crytivo-games","264":"pa_engine-prometheus-in-game-engine","266":"pa_game_type-main_game","268":"pa_genres-indie","270":"pa_genres-simulator","271":"pa_genres-strategy","272":"pa_interface-de-de","273":"pa_interface-en-us","274":"pa_interface-es-es","275":"pa_interface-fr-fr","276":"pa_interface-it-it","277":"pa_interface-ko-kr","278":"pa_interface-pt-br","279":"pa_interface-ru-ru","281":"pa_interface-tr-tr","282":"pa_interface-zh-cn","283":"pa_interface-zh-tw","284":"pa_keywords-crowdfunding-kickstarter","285":"pa_keywords-god-game","286":"pa_keywords-pax-south-2017","288":"pa_modes-single-player","290":"pa_platform-pc-steam","292":"pa_player_perspectives-bird-view-isometric","294":"pa_publisher-crytivo-games","296":"pa_rating-14441","297":"pa_rating-773","298":"pa_region-global","300":"pa_subtitles-en-us","301":"pa_subtitles-it-it","303":"pa_subtitles-zh-cn","304":"pa_subtitles-zh-tw","305":"pa_themes-open-world","306":"pa_themes-survival","309":"first","310":"instock","311":"virtual","312":"taxable","313":"purchasable","314":"product-type-simple"},"yoast_head":"<!-- This site is optimized with the Yoast SEO plugin v27.3 - https:\/\/yoast.com\/product\/yoast-seo-wordpress\/ -->\n<title>The Universim | BeGamer.cz<\/title>\n<meta name=\"robots\" content=\"index, follow, max-snippet:-1, max-image-preview:large, max-video-preview:-1\" \/>\n<link rel=\"canonical\" href=\"https:\/\/begamer.cz\/sk\/produkt\/universim-sk\/\" \/>\n<meta property=\"og:locale\" content=\"sk_SK\" \/>\n<meta property=\"og:type\" content=\"article\" \/>\n<meta property=\"og:title\" content=\"The Universim | BeGamer.cz\" \/>\n<meta property=\"og:description\" content=\"Vrhni sa priamo do riadenia svojich vlastn\u00fdch plan\u00e9t a ve\u010f civiliz\u00e1ciu cez veky. Vytvor ultim\u00e1tne imp\u00e9rium v The Universim, novej gener\u00e1cii hry God Game, ktor\u00fa vyv\u00edja Crytivo.\" \/>\n<meta property=\"og:url\" content=\"https:\/\/begamer.cz\/sk\/produkt\/universim-sk\/\" \/>\n<meta property=\"og:site_name\" content=\"BeGamer.cz\" \/>\n<meta property=\"article:modified_time\" content=\"2026-03-12T16:39:33+00:00\" \/>\n<meta property=\"og:image\" content=\"https:\/\/begamer.cz\/wp-content\/uploads\/2026\/01\/the-universim-5.webp\" \/>\n\t<meta property=\"og:image:width\" content=\"300\" \/>\n\t<meta property=\"og:image:height\" content=\"400\" \/>\n\t<meta property=\"og:image:type\" content=\"image\/webp\" \/>\n<meta name=\"twitter:card\" content=\"summary_large_image\" \/>\n<meta name=\"twitter:label1\" content=\"Predpokladan\u00fd \u010das \u010d\u00edtania\" \/>\n\t<meta name=\"twitter:data1\" content=\"2 min\u00faty\" \/>\n<script type=\"application\/ld+json\" class=\"yoast-schema-graph\">{\"@context\":\"https:\\\/\\\/schema.org\",\"@graph\":[{\"@type\":\"WebPage\",\"@id\":\"https:\\\/\\\/begamer.cz\\\/sk\\\/produkt\\\/universim-sk\\\/\",\"url\":\"https:\\\/\\\/begamer.cz\\\/sk\\\/produkt\\\/universim-sk\\\/\",\"name\":\"The Universim | BeGamer.cz\",\"isPartOf\":{\"@id\":\"https:\\\/\\\/begamer.cz\\\/sk\\\/#website\"},\"primaryImageOfPage\":{\"@id\":\"https:\\\/\\\/begamer.cz\\\/sk\\\/produkt\\\/universim-sk\\\/#primaryimage\"},\"image\":{\"@id\":\"https:\\\/\\\/begamer.cz\\\/sk\\\/produkt\\\/universim-sk\\\/#primaryimage\"},\"thumbnailUrl\":\"https:\\\/\\\/begamer.cz\\\/wp-content\\\/uploads\\\/2026\\\/01\\\/the-universim-5.webp\",\"datePublished\":\"2026-01-30T18:21:48+00:00\",\"dateModified\":\"2026-03-12T16:39:33+00:00\",\"breadcrumb\":{\"@id\":\"https:\\\/\\\/begamer.cz\\\/sk\\\/produkt\\\/universim-sk\\\/#breadcrumb\"},\"inLanguage\":\"sk-SK\",\"potentialAction\":[{\"@type\":\"ReadAction\",\"target\":[\"https:\\\/\\\/begamer.cz\\\/sk\\\/produkt\\\/universim-sk\\\/\"]}]},{\"@type\":\"ImageObject\",\"inLanguage\":\"sk-SK\",\"@id\":\"https:\\\/\\\/begamer.cz\\\/sk\\\/produkt\\\/universim-sk\\\/#primaryimage\",\"url\":\"https:\\\/\\\/begamer.cz\\\/wp-content\\\/uploads\\\/2026\\\/01\\\/the-universim-5.webp\",\"contentUrl\":\"https:\\\/\\\/begamer.cz\\\/wp-content\\\/uploads\\\/2026\\\/01\\\/the-universim-5.webp\",\"width\":300,\"height\":400},{\"@type\":\"BreadcrumbList\",\"@id\":\"https:\\\/\\\/begamer.cz\\\/sk\\\/produkt\\\/universim-sk\\\/#breadcrumb\",\"itemListElement\":[{\"@type\":\"ListItem\",\"position\":1,\"name\":\"Domov\",\"item\":\"https:\\\/\\\/begamer.cz\\\/sk\\\/\"},{\"@type\":\"ListItem\",\"position\":2,\"name\":\"Obchod\",\"item\":\"https:\\\/\\\/begamer.cz\\\/obchod\\\/\"},{\"@type\":\"ListItem\",\"position\":3,\"name\":\"The Universim\"}]},{\"@type\":\"WebSite\",\"@id\":\"https:\\\/\\\/begamer.cz\\\/sk\\\/#website\",\"url\":\"https:\\\/\\\/begamer.cz\\\/sk\\\/\",\"name\":\"BeGamer.cz\",\"description\":\"\",\"publisher\":{\"@id\":\"https:\\\/\\\/begamer.cz\\\/sk\\\/#organization\"},\"potentialAction\":[{\"@type\":\"SearchAction\",\"target\":{\"@type\":\"EntryPoint\",\"urlTemplate\":\"https:\\\/\\\/begamer.cz\\\/sk\\\/?s={search_term_string}\"},\"query-input\":{\"@type\":\"PropertyValueSpecification\",\"valueRequired\":true,\"valueName\":\"search_term_string\"}}],\"inLanguage\":\"sk-SK\"},{\"@type\":\"Organization\",\"@id\":\"https:\\\/\\\/begamer.cz\\\/sk\\\/#organization\",\"name\":\"BeGamer.cz\",\"url\":\"https:\\\/\\\/begamer.cz\\\/sk\\\/\",\"logo\":{\"@type\":\"ImageObject\",\"inLanguage\":\"sk-SK\",\"@id\":\"https:\\\/\\\/begamer.cz\\\/sk\\\/#\\\/schema\\\/logo\\\/image\\\/\",\"url\":\"https:\\\/\\\/begamer.cz\\\/wp-content\\\/uploads\\\/2025\\\/07\\\/logo.svg\",\"contentUrl\":\"https:\\\/\\\/begamer.cz\\\/wp-content\\\/uploads\\\/2025\\\/07\\\/logo.svg\",\"caption\":\"BeGamer.cz\"},\"image\":{\"@id\":\"https:\\\/\\\/begamer.cz\\\/sk\\\/#\\\/schema\\\/logo\\\/image\\\/\"}}]}<\/script>\n<!-- \/ Yoast SEO plugin. -->","yoast_head_json":{"title":"The Universim | BeGamer.cz","robots":{"index":"index","follow":"follow","max-snippet":"max-snippet:-1","max-image-preview":"max-image-preview:large","max-video-preview":"max-video-preview:-1"},"canonical":"https:\/\/begamer.cz\/sk\/produkt\/universim-sk\/","og_locale":"sk_SK","og_type":"article","og_title":"The Universim | BeGamer.cz","og_description":"Vrhni sa priamo do riadenia svojich vlastn\u00fdch plan\u00e9t a ve\u010f civiliz\u00e1ciu cez veky. Vytvor ultim\u00e1tne imp\u00e9rium v The Universim, novej gener\u00e1cii hry God Game, ktor\u00fa vyv\u00edja Crytivo.","og_url":"https:\/\/begamer.cz\/sk\/produkt\/universim-sk\/","og_site_name":"BeGamer.cz","article_modified_time":"2026-03-12T16:39:33+00:00","og_image":[{"width":300,"height":400,"url":"https:\/\/begamer.cz\/wp-content\/uploads\/2026\/01\/the-universim-5.webp","type":"image\/webp"}],"twitter_card":"summary_large_image","twitter_misc":{"Predpokladan\u00fd \u010das \u010d\u00edtania":"2 min\u00faty"},"schema":{"@context":"https:\/\/schema.org","@graph":[{"@type":"WebPage","@id":"https:\/\/begamer.cz\/sk\/produkt\/universim-sk\/","url":"https:\/\/begamer.cz\/sk\/produkt\/universim-sk\/","name":"The Universim | BeGamer.cz","isPartOf":{"@id":"https:\/\/begamer.cz\/sk\/#website"},"primaryImageOfPage":{"@id":"https:\/\/begamer.cz\/sk\/produkt\/universim-sk\/#primaryimage"},"image":{"@id":"https:\/\/begamer.cz\/sk\/produkt\/universim-sk\/#primaryimage"},"thumbnailUrl":"https:\/\/begamer.cz\/wp-content\/uploads\/2026\/01\/the-universim-5.webp","datePublished":"2026-01-30T18:21:48+00:00","dateModified":"2026-03-12T16:39:33+00:00","breadcrumb":{"@id":"https:\/\/begamer.cz\/sk\/produkt\/universim-sk\/#breadcrumb"},"inLanguage":"sk-SK","potentialAction":[{"@type":"ReadAction","target":["https:\/\/begamer.cz\/sk\/produkt\/universim-sk\/"]}]},{"@type":"ImageObject","inLanguage":"sk-SK","@id":"https:\/\/begamer.cz\/sk\/produkt\/universim-sk\/#primaryimage","url":"https:\/\/begamer.cz\/wp-content\/uploads\/2026\/01\/the-universim-5.webp","contentUrl":"https:\/\/begamer.cz\/wp-content\/uploads\/2026\/01\/the-universim-5.webp","width":300,"height":400},{"@type":"BreadcrumbList","@id":"https:\/\/begamer.cz\/sk\/produkt\/universim-sk\/#breadcrumb","itemListElement":[{"@type":"ListItem","position":1,"name":"Domov","item":"https:\/\/begamer.cz\/sk\/"},{"@type":"ListItem","position":2,"name":"Obchod","item":"https:\/\/begamer.cz\/obchod\/"},{"@type":"ListItem","position":3,"name":"The Universim"}]},{"@type":"WebSite","@id":"https:\/\/begamer.cz\/sk\/#website","url":"https:\/\/begamer.cz\/sk\/","name":"BeGamer.cz","description":"","publisher":{"@id":"https:\/\/begamer.cz\/sk\/#organization"},"potentialAction":[{"@type":"SearchAction","target":{"@type":"EntryPoint","urlTemplate":"https:\/\/begamer.cz\/sk\/?s={search_term_string}"},"query-input":{"@type":"PropertyValueSpecification","valueRequired":true,"valueName":"search_term_string"}}],"inLanguage":"sk-SK"},{"@type":"Organization","@id":"https:\/\/begamer.cz\/sk\/#organization","name":"BeGamer.cz","url":"https:\/\/begamer.cz\/sk\/","logo":{"@type":"ImageObject","inLanguage":"sk-SK","@id":"https:\/\/begamer.cz\/sk\/#\/schema\/logo\/image\/","url":"https:\/\/begamer.cz\/wp-content\/uploads\/2025\/07\/logo.svg","contentUrl":"https:\/\/begamer.cz\/wp-content\/uploads\/2025\/07\/logo.svg","caption":"BeGamer.cz"},"image":{"@id":"https:\/\/begamer.cz\/sk\/#\/schema\/logo\/image\/"}}]}},"acf":[],"_links":{"self":[{"href":"https:\/\/begamer.cz\/sk\/wp-json\/wp\/v2\/product\/103718","targetHints":{"allow":["GET"]}}],"collection":[{"href":"https:\/\/begamer.cz\/sk\/wp-json\/wp\/v2\/product"}],"about":[{"href":"https:\/\/begamer.cz\/sk\/wp-json\/wp\/v2\/types\/product"}],"replies":[{"embeddable":true,"href":"https:\/\/begamer.cz\/sk\/wp-json\/wp\/v2\/comments?post=103718"}],"wp:featuredmedia":[{"embeddable":true,"href":"https:\/\/begamer.cz\/sk\/wp-json\/wp\/v2\/media\/111312"}],"wp:attachment":[{"href":"https:\/\/begamer.cz\/sk\/wp-json\/wp\/v2\/media?parent=103718"}],"wp:term":[{"taxonomy":"product_brand","embeddable":true,"href":"https:\/\/begamer.cz\/sk\/wp-json\/wp\/v2\/product_brand?post=103718"},{"taxonomy":"product_cat","embeddable":true,"href":"https:\/\/begamer.cz\/sk\/wp-json\/wp\/v2\/product_cat?post=103718"},{"taxonomy":"product_tag","embeddable":true,"href":"https:\/\/begamer.cz\/sk\/wp-json\/wp\/v2\/product_tag?post=103718"}],"curies":[{"name":"wp","href":"https:\/\/api.w.org\/{rel}","templated":true}]}}