{"id":103670,"date":"2026-01-30T19:20:58","date_gmt":"2026-01-30T18:20:58","guid":{"rendered":"https:\/\/begamer.cz\/produkt\/power-to-the-people-sk\/"},"modified":"2026-03-11T19:23:42","modified_gmt":"2026-03-11T18:23:42","slug":"power-to-the-people-sk","status":"publish","type":"product","link":"https:\/\/begamer.cz\/sk\/produkt\/power-to-the-people-sk\/","title":{"rendered":"Power to the People"},"content":{"rendered":"<h1>O hre<\/h1>\n<p><span class=\"bb_img_ctn\"><video class=\"bb_img\" autoplay muted loop playsinline poster=\"https:\/\/shared.akamai.steamstatic.com\/store_item_assets\/steam\/apps\/1413370\/extras\/370c1163035ed0c496becdd6461da9c2.poster.avif?t=1666703456\" width=700 height=122 ><source src=\"https:\/\/shared.akamai.steamstatic.com\/store_item_assets\/steam\/apps\/1413370\/extras\/370c1163035ed0c496becdd6461da9c2.webm?t=1666703456\" type=\"video\/webm; codecs=vp9\"><source src=\"https:\/\/shared.akamai.steamstatic.com\/store_item_assets\/steam\/apps\/1413370\/extras\/370c1163035ed0c496becdd6461da9c2.mp4?t=1666703456\" type=\"video\/mp4\"><\/video><\/span><\/p>\n<p>V tejto vzru\u0161uj\u00facej hre o spravovan\u00ed zdrojov budujte a udr\u017eiavajte elektrick\u00fa sie\u0165 pre neust\u00e1le rast\u00facu popul\u00e1ciu a z\u00e1rove\u0148 bojujte proti potenci\u00e1lnym katastrof\u00e1m. Pred\u00e1vajte energiu a zar\u00e1bajte peniaze, aby ste mohli roz\u0161irova\u0165 svoju spolo\u010dnos\u0165. Poskytujte viac energie existuj\u00facim z\u00e1kazn\u00edkom a dod\u00e1vajte ju do novo vybudovan\u00fdch miest. Je \u010das, aby ste dali \u013eu\u010fom energiu!<\/p>\n<p>Preh\u013ead funkci\u00ed:<\/p>\n<ul class=\"bb_ul\">\n<li>Viac re\u017eimov (hlavn\u00e1 kampa\u0148, re\u017eim Sandbox a t\u00fd\u017edenn\u00e9 v\u00fdzvy)<\/li>\n<li>14 misi\u00ed na 5 kontinentoch<\/li>\n<li>R\u00f4zne \u00farovne obtia\u017enosti<\/li>\n<li>Viac ako 20 unik\u00e1tnych budov, ktor\u00e9 m\u00f4\u017eete vyu\u017ei\u0165<\/li>\n<li>Rozsiahly v\u00fdskumn\u00fd strom s viac ako 30 v\u00fdhodami, ktor\u00e9 m\u00f4\u017eete objavi\u0165, a riadenie vplyvn\u00fdch bodov<\/li>\n<li>R\u00f4zne poveternostn\u00e9 podmienky, z ktor\u00fdch ka\u017ed\u00e1 prin\u00e1\u0161a hr\u00e1\u010dovi svoje vlastn\u00e9 v\u00fdzvy<\/li>\n<li>N\u00e1hodn\u00e9 udalosti<\/li>\n<li>Rebr\u00ed\u010dek<\/li>\n<\/ul>\n<p><span class=\"bb_img_ctn\"><img decoding=\"async\" class=\"bb_img\" src=\"https:\/\/shared.akamai.steamstatic.com\/store_item_assets\/steam\/apps\/1413370\/extras\/87527e9a6d1d4e4a17ec4da346feb697.avif?t=1666703456\" width=600 height=108 \/><\/span><br \/><span class=\"bb_img_ctn\"><video class=\"bb_img\" autoplay muted loop playsinline poster=\"https:\/\/shared.akamai.steamstatic.com\/store_item_assets\/steam\/apps\/1413370\/extras\/d43119b246b4e0c84cada137ae9c1453.poster.avif?t=1666703456\" width=600 height=224 ><source src=\"https:\/\/shared.akamai.steamstatic.com\/store_item_assets\/steam\/apps\/1413370\/extras\/d43119b246b4e0c84cada137ae9c1453.webm?t=1666703456\" type=\"video\/webm; codecs=vp9\"><source src=\"https:\/\/shared.akamai.steamstatic.com\/store_item_assets\/steam\/apps\/1413370\/extras\/d43119b246b4e0c84cada137ae9c1453.mp4?t=1666703456\" type=\"video\/mp4\"><\/video><\/span><\/p>\n<p>Vyz\u00fdvame v\u00e1s, aby ste dod\u00e1vali elektrinu neust\u00e1le rast\u00facim mest\u00e1m, pri\u010dom dopyt po energii neust\u00e1le st\u00fapa. Vyu\u017eite viac ako 20 budov a ich vylep\u0161enia, aby ste dosiahli svoje ciele a udr\u017eali dod\u00e1vky energie. Nezabudnite, \u017ee ak d\u00f4jde k v\u00fdpadkom a va\u0161i z\u00e1kazn\u00edci nebud\u00fa spokojn\u00ed, pr\u00eddete o pr\u00e1cu! M\u00e1te na to, aby ste udr\u017eali svetl\u00e1 zapnut\u00e9?<\/p>\n<p><span class=\"bb_img_ctn\"><img decoding=\"async\" class=\"bb_img\" src=\"https:\/\/shared.akamai.steamstatic.com\/store_item_assets\/steam\/apps\/1413370\/extras\/817a7081d4673ea4a5ce90f2fe5668c4.avif?t=1666703456\" width=600 height=99 \/><\/span><br \/><span class=\"bb_img_ctn\"><video class=\"bb_img\" autoplay muted loop playsinline poster=\"https:\/\/shared.akamai.steamstatic.com\/store_item_assets\/steam\/apps\/1413370\/extras\/184618fea0352ca7b87b74a3baed86c2.poster.avif?t=1666703456\" width=600 height=224 ><source src=\"https:\/\/shared.akamai.steamstatic.com\/store_item_assets\/steam\/apps\/1413370\/extras\/184618fea0352ca7b87b74a3baed86c2.webm?t=1666703456\" type=\"video\/webm; codecs=vp9\"><source src=\"https:\/\/shared.akamai.steamstatic.com\/store_item_assets\/steam\/apps\/1413370\/extras\/184618fea0352ca7b87b74a3baed86c2.mp4?t=1666703456\" type=\"video\/mp4\"><\/video><\/span><\/p>\n<p>Ver\u00edte v jadrov\u00fa energiu ako rie\u0161enie probl\u00e9mov \u013eudstva s v\u00fdrobou energie? Alebo ste sk\u00f4r fan\u00fa\u0161ikom obnovite\u013en\u00fdch zdrojov energie? Mo\u017eno by ste rad\u0161ej zostali pri starom a dr\u017eali sa fos\u00edlnych pal\u00edv? Power to the People v\u00e1m pon\u00faka \u0161irok\u00fa \u0161k\u00e1lu typov elektr\u00e1rn\u00ed a rie\u0161en\u00ed na skladovanie energie, tak\u017ee si m\u00f4\u017eete navrhn\u00fa\u0165 sie\u0165 presne pod\u013ea svojich predst\u00e1v a z\u00e1rove\u0148 vyu\u017ei\u0165 miestne zdroje a podnebie.<\/p>\n<p><span class=\"bb_img_ctn\"><img decoding=\"async\" class=\"bb_img\" src=\"https:\/\/shared.akamai.steamstatic.com\/store_item_assets\/steam\/apps\/1413370\/extras\/f91ba3775c30cda55abfbc288959f1bf.avif?t=1666703456\" width=600 height=145 \/><\/span><br \/><span class=\"bb_img_ctn\"><video class=\"bb_img\" autoplay muted loop playsinline poster=\"https:\/\/shared.akamai.steamstatic.com\/store_item_assets\/steam\/apps\/1413370\/extras\/544a8aa3978bf866dbe37744f4c39c39.poster.avif?t=1666703456\" width=600 height=224 ><source src=\"https:\/\/shared.akamai.steamstatic.com\/store_item_assets\/steam\/apps\/1413370\/extras\/544a8aa3978bf866dbe37744f4c39c39.webm?t=1666703456\" type=\"video\/webm; codecs=vp9\"><source src=\"https:\/\/shared.akamai.steamstatic.com\/store_item_assets\/steam\/apps\/1413370\/extras\/544a8aa3978bf866dbe37744f4c39c39.mp4?t=1666703456\" type=\"video\/mp4\"><\/video><\/span><\/p>\n<p>Ka\u017ed\u00fd kontinent m\u00e1 svoje vlastn\u00e9 v\u00fdzvy a poveternostn\u00e9 podmienky. Budete musie\u0165 pou\u017ei\u0165 strat\u00e9giu aj \u00fasudok, aby ste vybrali najlep\u0161ie energetick\u00e9 zariadenia, ktor\u00e9 v\u00e1m prines\u00fa najv\u00e4\u010d\u0161\u00ed \u00fa\u017eitok za s\u00fa\u010dasn\u00fdch podmienok. Nezabudnite automatizova\u0165 tok energie vo va\u0161ich sie\u0165ach pomocou rozvodn\u00ed. Rozvodne v\u00e1m umo\u017enia prisp\u00f4sobi\u0165 tok energie na z\u00e1klade poveternostn\u00fdch podmienok, spotreby energie, skladovania at\u010f. Vytvorte \u010do najrobustnej\u0161\u00ed syst\u00e9m a prosperujte!<\/p>\n<p><span class=\"bb_img_ctn\"><img decoding=\"async\" class=\"bb_img\" src=\"https:\/\/shared.akamai.steamstatic.com\/store_item_assets\/steam\/apps\/1413370\/extras\/20bee9f161a46d373940356587576786.avif?t=1666703456\" width=600 height=130 \/><\/span><\/p>\n<p>Presk\u00famajte viac ako 30 r\u00f4znych technol\u00f3gi\u00ed, aby ste vylep\u0161ili svoje rozvodne, elektr\u00e1rne a elektrick\u00e9 vedenia. Nezabudnite min\u00fa\u0165 p\u00e1r extra vplyvov\u00fdch bodov na v\u00fdskum nov\u00fdch marketingov\u00fdch techn\u00edk, ktor\u00e9 posilnia ekonomiku va\u0161ej spolo\u010dnosti.<\/p>\n<p><span class=\"bb_img_ctn\"><img decoding=\"async\" class=\"bb_img\" src=\"https:\/\/shared.akamai.steamstatic.com\/store_item_assets\/steam\/apps\/1413370\/extras\/639be49d00da3affee3d4c7835f435a4.avif?t=1666703456\" width=600 height=111 \/><\/span><br \/><span class=\"bb_img_ctn\"><video class=\"bb_img\" autoplay muted loop playsinline poster=\"https:\/\/shared.akamai.steamstatic.com\/store_item_assets\/steam\/apps\/1413370\/extras\/d7b7af9eeb8d4d87bdbdba70e3ea7258.poster.avif?t=1666703456\" width=600 height=224 ><source src=\"https:\/\/shared.akamai.steamstatic.com\/store_item_assets\/steam\/apps\/1413370\/extras\/d7b7af9eeb8d4d87bdbdba70e3ea7258.webm?t=1666703456\" type=\"video\/webm; codecs=vp9\"><source src=\"https:\/\/shared.akamai.steamstatic.com\/store_item_assets\/steam\/apps\/1413370\/extras\/d7b7af9eeb8d4d87bdbdba70e3ea7258.mp4?t=1666703456\" type=\"video\/mp4\"><\/video><\/span><\/p>\n<p>Ka\u017ed\u00fd de\u0148 v\u00e1s \u010dakaj\u00fa nov\u00e9 v\u00fdzvy \u2013 bu\u010fte pripraven\u00ed na v\u0161etko! Niekedy v\u00e1s matka pr\u00edroda prekvap\u00ed bleskami, slne\u010dn\u00fdmi erupciami a padaj\u00facimi stromami, ktor\u00e9 m\u00f4\u017eu ohrozi\u0165 va\u0161e elektrick\u00e9 vedenia aj elektr\u00e1rne. V in\u00fdch pr\u00edpadoch m\u00f4\u017eu mest\u00e1 zaznamena\u0165 zv\u00fd\u0161en\u00fa spotrebu energie v d\u00f4sledku udalost\u00ed, ako s\u00fa futbalov\u00e9 z\u00e1pasy, pr\u00edchod influencerov alebo vysielanie mimoriadne popul\u00e1rnej telev\u00edznej rel\u00e1cie. Zabezpe\u010dte, aby v\u0161etci z\u00fa\u010dastnen\u00ed mali hladk\u00fd z\u00e1\u017eitok a boli spokojn\u00ed!<\/p>\n<p><span class=\"bb_img_ctn\"><img decoding=\"async\" class=\"bb_img\" src=\"https:\/\/shared.akamai.steamstatic.com\/store_item_assets\/steam\/apps\/1413370\/extras\/dc62040ba9eeb0ba3eef0656cbdf8ede.avif?t=1666703456\" width=600 height=88 \/><\/span><\/p>\n<p>Dokon\u010dili ste hlavn\u00fa kampa\u0148 a hrali ste v re\u017eime sandbox a teraz chcete viac? Ka\u017ed\u00fd t\u00fd\u017ede\u0148 bude hr\u00e1\u010dom predstaven\u00e1 nov\u00e1 s\u00e9ria v\u00fdziev. Hrajte mapy, ktor\u00e9 maj\u00fa \u0161peci\u00e1lne podmienky a konkr\u00e9tne obmedzenia, z\u00edskavajte body, s\u00fa\u0165a\u017ete s ostatn\u00fdmi hr\u00e1\u010dmi a vy\u0161plhajte sa na vrchol rebr\u00ed\u010dka!<\/p>\n","protected":false},"excerpt":{"rendered":"<p>V tejto vzru\u0161uj\u00facej hre o spravovan\u00ed zdrojov budujte a udr\u017eiavajte elektrick\u00fa sie\u0165 pre neust\u00e1le rast\u00facu popul\u00e1ciu a z\u00e1rove\u0148 bojujte proti v\u0161etk\u00fdm druhom katastrof. Je \u010das, aby ste dali \u201emoc \u013eu\u010fom\u201c! M\u00e1te na to, aby ste udr\u017eali svetl\u00e1 rozsvieten\u00e9?<\/p>\n","protected":false},"featured_media":110950,"comment_status":"open","ping_status":"closed","template":"","meta":{"_acf_changed":false},"product_brand":[],"product_cat":[290,268,266,314,312,318],"product_tag":[],"class_list":{"0":"post-103670","1":"product","2":"type-product","3":"status-publish","4":"has-post-thumbnail","6":"product_cat-indie-hry-pc-sk","7":"product_cat-pc-sk","8":"product_cat-pc-hry-sk","9":"product_cat-simulatory-pc-hry-sk","10":"product_cat-steam-pc-sk","11":"product_cat-strategie-pc-hry-sk","12":"pa_countries-ad","13":"pa_countries-ae","14":"pa_countries-af","15":"pa_countries-ai","16":"pa_countries-al","17":"pa_countries-am","18":"pa_countries-ao","19":"pa_countries-aq","20":"pa_countries-ar","21":"pa_countries-as","22":"pa_countries-at","23":"pa_countries-au","24":"pa_countries-aw","25":"pa_countries-az","26":"pa_countries-bb","27":"pa_countries-bd","28":"pa_countries-be","29":"pa_countries-bf","30":"pa_countries-bg","31":"pa_countries-bh","32":"pa_countries-bi","33":"pa_countries-bj","34":"pa_countries-bm","35":"pa_countries-bn","36":"pa_countries-bo","37":"pa_countries-br","38":"pa_countries-bs","39":"pa_countries-bt","40":"pa_countries-bv","41":"pa_countries-bw","42":"pa_countries-bz","43":"pa_countries-ca","44":"pa_countries-cf","45":"pa_countries-ch","46":"pa_countries-ck","47":"pa_countries-cl","48":"pa_countries-cm","49":"pa_countries-cn","50":"pa_countries-co","51":"pa_countries-cr","52":"pa_countries-cu","53":"pa_countries-cv","54":"pa_countries-cx","55":"pa_countries-cy","56":"pa_countries-de","57":"pa_countries-dj","58":"pa_countries-dk","59":"pa_countries-dm","60":"pa_countries-do","61":"pa_countries-dz","62":"pa_countries-ec","63":"pa_countries-ee","64":"pa_countries-eg","65":"pa_countries-eh","66":"pa_countries-er","67":"pa_countries-es","68":"pa_countries-et","69":"pa_countries-fi","70":"pa_countries-fj","71":"pa_countries-fk","72":"pa_countries-fm","73":"pa_countries-fo","74":"pa_countries-fr","75":"pa_countries-ga","76":"pa_countries-gb","77":"pa_countries-gd","78":"pa_countries-ge","79":"pa_countries-gf","80":"pa_countries-gg","81":"pa_countries-gh","82":"pa_countries-gi","83":"pa_countries-gl","84":"pa_countries-gm","85":"pa_countries-gn","86":"pa_countries-gp","87":"pa_countries-gq","88":"pa_countries-gr","89":"pa_countries-gt","90":"pa_countries-gu","91":"pa_countries-gw","92":"pa_countries-gy","93":"pa_countries-hn","94":"pa_countries-hr","95":"pa_countries-ht","96":"pa_countries-hu","97":"pa_countries-id","98":"pa_countries-ie","99":"pa_countries-il","100":"pa_countries-im","101":"pa_countries-in","102":"pa_countries-io","103":"pa_countries-iq","104":"pa_countries-ir","105":"pa_countries-is","106":"pa_countries-it","107":"pa_countries-je","108":"pa_countries-jm","109":"pa_countries-jo","110":"pa_countries-jp","111":"pa_countries-ke","112":"pa_countries-kg","113":"pa_countries-kh","114":"pa_countries-ki","115":"pa_countries-km","116":"pa_countries-kp","117":"pa_countries-kr","118":"pa_countries-kw","119":"pa_countries-ky","120":"pa_countries-kz","121":"pa_countries-la","122":"pa_countries-lb","123":"pa_countries-li","124":"pa_countries-lk","125":"pa_countries-lr","126":"pa_countries-ls","127":"pa_countries-lt","128":"pa_countries-lu","129":"pa_countries-lv","130":"pa_countries-ly","131":"pa_countries-ma","132":"pa_countries-mc","133":"pa_countries-md","134":"pa_countries-me","135":"pa_countries-mg","136":"pa_countries-mh","137":"pa_countries-mk","138":"pa_countries-ml","139":"pa_countries-mn","140":"pa_countries-mp","141":"pa_countries-mq","142":"pa_countries-mr","143":"pa_countries-ms","144":"pa_countries-mt","145":"pa_countries-mu","146":"pa_countries-mv","147":"pa_countries-mw","148":"pa_countries-mx","149":"pa_countries-my","150":"pa_countries-mz","151":"pa_countries-na","152":"pa_countries-nc","153":"pa_countries-ne","154":"pa_countries-nf","155":"pa_countries-ng","156":"pa_countries-ni","157":"pa_countries-nl","158":"pa_countries-no","159":"pa_countries-np","160":"pa_countries-nr","161":"pa_countries-nu","162":"pa_countries-nz","163":"pa_countries-om","164":"pa_countries-pa","165":"pa_countries-pe","166":"pa_countries-pf","167":"pa_countries-pg","168":"pa_countries-ph","169":"pa_countries-pk","170":"pa_countries-pl","171":"pa_countries-pr","172":"pa_countries-pt","173":"pa_countries-pw","174":"pa_countries-py","175":"pa_countries-qa","176":"pa_countries-ro","177":"pa_countries-rs","178":"pa_countries-rw","179":"pa_countries-sa","180":"pa_countries-sb","181":"pa_countries-sc","182":"pa_countries-sd","183":"pa_countries-se","184":"pa_countries-sg","185":"pa_countries-si","186":"pa_countries-sk","187":"pa_countries-sl","188":"pa_countries-sm","189":"pa_countries-sn","190":"pa_countries-so","191":"pa_countries-sr","192":"pa_countries-ss","194":"pa_countries-sv","195":"pa_countries-sx","196":"pa_countries-sy","197":"pa_countries-td","198":"pa_countries-tf","199":"pa_countries-tg","200":"pa_countries-th","201":"pa_countries-tj","202":"pa_countries-tk","203":"pa_countries-tm","204":"pa_countries-tn","205":"pa_countries-to","206":"pa_countries-tv","207":"pa_countries-tw","208":"pa_countries-tz","209":"pa_countries-ua","210":"pa_countries-ug","211":"pa_countries-us","212":"pa_countries-uy","213":"pa_countries-uz","214":"pa_countries-ve","215":"pa_countries-vg","216":"pa_countries-vn","217":"pa_countries-vu","218":"pa_countries-ws","219":"pa_countries-ye","220":"pa_countries-yt","221":"pa_countries-za","222":"pa_countries-zm","223":"pa_countries-zw","224":"pa_developer-rhombico-games","226":"pa_game_type-main_game","228":"pa_genres-indie","230":"pa_genres-simulator","231":"pa_genres-strategy","232":"pa_interface-de-de","233":"pa_interface-en-us","234":"pa_interface-es-es","235":"pa_interface-fr-fr","236":"pa_interface-pt-pt","238":"pa_interface-ru-ru","239":"pa_interface-zh-cn","240":"pa_modes-single-player","242":"pa_platform-pc-steam","244":"pa_player_perspectives-bird-view-isometric","246":"pa_publisher-crytivo","248":"pa_rating-14441","249":"pa_rating-773","250":"pa_region-global","253":"first","254":"instock","255":"virtual","256":"taxable","257":"purchasable","258":"product-type-simple"},"yoast_head":"<!-- This site is optimized with the Yoast SEO plugin v27.4 - https:\/\/yoast.com\/product\/yoast-seo-wordpress\/ -->\n<title>Power to the People | BeGamer.cz<\/title>\n<meta name=\"robots\" content=\"index, follow, max-snippet:-1, max-image-preview:large, max-video-preview:-1\" \/>\n<link rel=\"canonical\" href=\"https:\/\/begamer.cz\/sk\/produkt\/power-to-the-people-sk\/\" \/>\n<meta property=\"og:locale\" content=\"sk_SK\" \/>\n<meta property=\"og:type\" content=\"article\" \/>\n<meta property=\"og:title\" content=\"Power to the People | BeGamer.cz\" \/>\n<meta property=\"og:description\" content=\"V tejto vzru\u0161uj\u00facej hre o spravovan\u00ed zdrojov budujte a udr\u017eiavajte elektrick\u00fa sie\u0165 pre neust\u00e1le rast\u00facu popul\u00e1ciu a z\u00e1rove\u0148 bojujte proti v\u0161etk\u00fdm druhom katastrof. Je \u010das, aby ste dali \u201emoc \u013eu\u010fom\u201c! M\u00e1te na to, aby ste udr\u017eali svetl\u00e1 rozsvieten\u00e9?\" \/>\n<meta property=\"og:url\" content=\"https:\/\/begamer.cz\/sk\/produkt\/power-to-the-people-sk\/\" \/>\n<meta property=\"og:site_name\" content=\"BeGamer.cz\" \/>\n<meta property=\"article:modified_time\" content=\"2026-03-11T18:23:42+00:00\" \/>\n<meta property=\"og:image\" content=\"https:\/\/begamer.cz\/wp-content\/uploads\/2026\/01\/power-to-the-people-6.webp\" \/>\n\t<meta property=\"og:image:width\" content=\"300\" \/>\n\t<meta property=\"og:image:height\" content=\"400\" \/>\n\t<meta property=\"og:image:type\" content=\"image\/webp\" \/>\n<meta name=\"twitter:card\" content=\"summary_large_image\" \/>\n<meta name=\"twitter:label1\" content=\"Predpokladan\u00fd \u010das \u010d\u00edtania\" \/>\n\t<meta name=\"twitter:data1\" content=\"3 min\u00faty\" \/>\n<script type=\"application\/ld+json\" class=\"yoast-schema-graph\">{\"@context\":\"https:\\\/\\\/schema.org\",\"@graph\":[{\"@type\":\"WebPage\",\"@id\":\"https:\\\/\\\/begamer.cz\\\/sk\\\/produkt\\\/power-to-the-people-sk\\\/\",\"url\":\"https:\\\/\\\/begamer.cz\\\/sk\\\/produkt\\\/power-to-the-people-sk\\\/\",\"name\":\"Power to the People | BeGamer.cz\",\"isPartOf\":{\"@id\":\"https:\\\/\\\/begamer.cz\\\/sk\\\/#website\"},\"primaryImageOfPage\":{\"@id\":\"https:\\\/\\\/begamer.cz\\\/sk\\\/produkt\\\/power-to-the-people-sk\\\/#primaryimage\"},\"image\":{\"@id\":\"https:\\\/\\\/begamer.cz\\\/sk\\\/produkt\\\/power-to-the-people-sk\\\/#primaryimage\"},\"thumbnailUrl\":\"https:\\\/\\\/begamer.cz\\\/wp-content\\\/uploads\\\/2026\\\/01\\\/power-to-the-people-6.webp\",\"datePublished\":\"2026-01-30T18:20:58+00:00\",\"dateModified\":\"2026-03-11T18:23:42+00:00\",\"breadcrumb\":{\"@id\":\"https:\\\/\\\/begamer.cz\\\/sk\\\/produkt\\\/power-to-the-people-sk\\\/#breadcrumb\"},\"inLanguage\":\"sk-SK\",\"potentialAction\":[{\"@type\":\"ReadAction\",\"target\":[\"https:\\\/\\\/begamer.cz\\\/sk\\\/produkt\\\/power-to-the-people-sk\\\/\"]}]},{\"@type\":\"ImageObject\",\"inLanguage\":\"sk-SK\",\"@id\":\"https:\\\/\\\/begamer.cz\\\/sk\\\/produkt\\\/power-to-the-people-sk\\\/#primaryimage\",\"url\":\"https:\\\/\\\/begamer.cz\\\/wp-content\\\/uploads\\\/2026\\\/01\\\/power-to-the-people-6.webp\",\"contentUrl\":\"https:\\\/\\\/begamer.cz\\\/wp-content\\\/uploads\\\/2026\\\/01\\\/power-to-the-people-6.webp\",\"width\":300,\"height\":400},{\"@type\":\"BreadcrumbList\",\"@id\":\"https:\\\/\\\/begamer.cz\\\/sk\\\/produkt\\\/power-to-the-people-sk\\\/#breadcrumb\",\"itemListElement\":[{\"@type\":\"ListItem\",\"position\":1,\"name\":\"Domov\",\"item\":\"https:\\\/\\\/begamer.cz\\\/sk\\\/\"},{\"@type\":\"ListItem\",\"position\":2,\"name\":\"Obchod\",\"item\":\"https:\\\/\\\/begamer.cz\\\/obchod\\\/\"},{\"@type\":\"ListItem\",\"position\":3,\"name\":\"Power to the People\"}]},{\"@type\":\"WebSite\",\"@id\":\"https:\\\/\\\/begamer.cz\\\/sk\\\/#website\",\"url\":\"https:\\\/\\\/begamer.cz\\\/sk\\\/\",\"name\":\"BeGamer.cz\",\"description\":\"\",\"publisher\":{\"@id\":\"https:\\\/\\\/begamer.cz\\\/sk\\\/#organization\"},\"potentialAction\":[{\"@type\":\"SearchAction\",\"target\":{\"@type\":\"EntryPoint\",\"urlTemplate\":\"https:\\\/\\\/begamer.cz\\\/sk\\\/?s={search_term_string}\"},\"query-input\":{\"@type\":\"PropertyValueSpecification\",\"valueRequired\":true,\"valueName\":\"search_term_string\"}}],\"inLanguage\":\"sk-SK\"},{\"@type\":\"Organization\",\"@id\":\"https:\\\/\\\/begamer.cz\\\/sk\\\/#organization\",\"name\":\"BeGamer.cz\",\"url\":\"https:\\\/\\\/begamer.cz\\\/sk\\\/\",\"logo\":{\"@type\":\"ImageObject\",\"inLanguage\":\"sk-SK\",\"@id\":\"https:\\\/\\\/begamer.cz\\\/sk\\\/#\\\/schema\\\/logo\\\/image\\\/\",\"url\":\"https:\\\/\\\/begamer.cz\\\/wp-content\\\/uploads\\\/2025\\\/07\\\/logo.svg\",\"contentUrl\":\"https:\\\/\\\/begamer.cz\\\/wp-content\\\/uploads\\\/2025\\\/07\\\/logo.svg\",\"caption\":\"BeGamer.cz\"},\"image\":{\"@id\":\"https:\\\/\\\/begamer.cz\\\/sk\\\/#\\\/schema\\\/logo\\\/image\\\/\"}}]}<\/script>\n<!-- \/ Yoast SEO plugin. -->","yoast_head_json":{"title":"Power to the People | BeGamer.cz","robots":{"index":"index","follow":"follow","max-snippet":"max-snippet:-1","max-image-preview":"max-image-preview:large","max-video-preview":"max-video-preview:-1"},"canonical":"https:\/\/begamer.cz\/sk\/produkt\/power-to-the-people-sk\/","og_locale":"sk_SK","og_type":"article","og_title":"Power to the People | BeGamer.cz","og_description":"V tejto vzru\u0161uj\u00facej hre o spravovan\u00ed zdrojov budujte a udr\u017eiavajte elektrick\u00fa sie\u0165 pre neust\u00e1le rast\u00facu popul\u00e1ciu a z\u00e1rove\u0148 bojujte proti v\u0161etk\u00fdm druhom katastrof. Je \u010das, aby ste dali \u201emoc \u013eu\u010fom\u201c! M\u00e1te na to, aby ste udr\u017eali svetl\u00e1 rozsvieten\u00e9?","og_url":"https:\/\/begamer.cz\/sk\/produkt\/power-to-the-people-sk\/","og_site_name":"BeGamer.cz","article_modified_time":"2026-03-11T18:23:42+00:00","og_image":[{"width":300,"height":400,"url":"https:\/\/begamer.cz\/wp-content\/uploads\/2026\/01\/power-to-the-people-6.webp","type":"image\/webp"}],"twitter_card":"summary_large_image","twitter_misc":{"Predpokladan\u00fd \u010das \u010d\u00edtania":"3 min\u00faty"},"schema":{"@context":"https:\/\/schema.org","@graph":[{"@type":"WebPage","@id":"https:\/\/begamer.cz\/sk\/produkt\/power-to-the-people-sk\/","url":"https:\/\/begamer.cz\/sk\/produkt\/power-to-the-people-sk\/","name":"Power to the People | BeGamer.cz","isPartOf":{"@id":"https:\/\/begamer.cz\/sk\/#website"},"primaryImageOfPage":{"@id":"https:\/\/begamer.cz\/sk\/produkt\/power-to-the-people-sk\/#primaryimage"},"image":{"@id":"https:\/\/begamer.cz\/sk\/produkt\/power-to-the-people-sk\/#primaryimage"},"thumbnailUrl":"https:\/\/begamer.cz\/wp-content\/uploads\/2026\/01\/power-to-the-people-6.webp","datePublished":"2026-01-30T18:20:58+00:00","dateModified":"2026-03-11T18:23:42+00:00","breadcrumb":{"@id":"https:\/\/begamer.cz\/sk\/produkt\/power-to-the-people-sk\/#breadcrumb"},"inLanguage":"sk-SK","potentialAction":[{"@type":"ReadAction","target":["https:\/\/begamer.cz\/sk\/produkt\/power-to-the-people-sk\/"]}]},{"@type":"ImageObject","inLanguage":"sk-SK","@id":"https:\/\/begamer.cz\/sk\/produkt\/power-to-the-people-sk\/#primaryimage","url":"https:\/\/begamer.cz\/wp-content\/uploads\/2026\/01\/power-to-the-people-6.webp","contentUrl":"https:\/\/begamer.cz\/wp-content\/uploads\/2026\/01\/power-to-the-people-6.webp","width":300,"height":400},{"@type":"BreadcrumbList","@id":"https:\/\/begamer.cz\/sk\/produkt\/power-to-the-people-sk\/#breadcrumb","itemListElement":[{"@type":"ListItem","position":1,"name":"Domov","item":"https:\/\/begamer.cz\/sk\/"},{"@type":"ListItem","position":2,"name":"Obchod","item":"https:\/\/begamer.cz\/obchod\/"},{"@type":"ListItem","position":3,"name":"Power to the People"}]},{"@type":"WebSite","@id":"https:\/\/begamer.cz\/sk\/#website","url":"https:\/\/begamer.cz\/sk\/","name":"BeGamer.cz","description":"","publisher":{"@id":"https:\/\/begamer.cz\/sk\/#organization"},"potentialAction":[{"@type":"SearchAction","target":{"@type":"EntryPoint","urlTemplate":"https:\/\/begamer.cz\/sk\/?s={search_term_string}"},"query-input":{"@type":"PropertyValueSpecification","valueRequired":true,"valueName":"search_term_string"}}],"inLanguage":"sk-SK"},{"@type":"Organization","@id":"https:\/\/begamer.cz\/sk\/#organization","name":"BeGamer.cz","url":"https:\/\/begamer.cz\/sk\/","logo":{"@type":"ImageObject","inLanguage":"sk-SK","@id":"https:\/\/begamer.cz\/sk\/#\/schema\/logo\/image\/","url":"https:\/\/begamer.cz\/wp-content\/uploads\/2025\/07\/logo.svg","contentUrl":"https:\/\/begamer.cz\/wp-content\/uploads\/2025\/07\/logo.svg","caption":"BeGamer.cz"},"image":{"@id":"https:\/\/begamer.cz\/sk\/#\/schema\/logo\/image\/"}}]}},"acf":[],"_links":{"self":[{"href":"https:\/\/begamer.cz\/sk\/wp-json\/wp\/v2\/product\/103670","targetHints":{"allow":["GET"]}}],"collection":[{"href":"https:\/\/begamer.cz\/sk\/wp-json\/wp\/v2\/product"}],"about":[{"href":"https:\/\/begamer.cz\/sk\/wp-json\/wp\/v2\/types\/product"}],"replies":[{"embeddable":true,"href":"https:\/\/begamer.cz\/sk\/wp-json\/wp\/v2\/comments?post=103670"}],"wp:featuredmedia":[{"embeddable":true,"href":"https:\/\/begamer.cz\/sk\/wp-json\/wp\/v2\/media\/110950"}],"wp:attachment":[{"href":"https:\/\/begamer.cz\/sk\/wp-json\/wp\/v2\/media?parent=103670"}],"wp:term":[{"taxonomy":"product_brand","embeddable":true,"href":"https:\/\/begamer.cz\/sk\/wp-json\/wp\/v2\/product_brand?post=103670"},{"taxonomy":"product_cat","embeddable":true,"href":"https:\/\/begamer.cz\/sk\/wp-json\/wp\/v2\/product_cat?post=103670"},{"taxonomy":"product_tag","embeddable":true,"href":"https:\/\/begamer.cz\/sk\/wp-json\/wp\/v2\/product_tag?post=103670"}],"curies":[{"name":"wp","href":"https:\/\/api.w.org\/{rel}","templated":true}]}}