{"id":103565,"date":"2026-01-30T19:19:19","date_gmt":"2026-01-30T18:19:19","guid":{"rendered":"https:\/\/begamer.cz\/produkt\/ninja-gaiden-4-standard-edition-sk\/"},"modified":"2026-03-11T19:16:54","modified_gmt":"2026-03-11T18:16:54","slug":"ninja-gaiden-4-standard-edition-sk","status":"publish","type":"product","link":"https:\/\/begamer.cz\/sk\/produkt\/ninja-gaiden-4-standard-edition-sk\/","title":{"rendered":"Ninja Gaiden 4"},"content":{"rendered":"<h1>O hre<\/h1>\n<p class=\"bb_paragraph\" ><span class=\"bb_img_ctn\"><video class=\"bb_img\" autoplay muted loop playsinline poster=\"https:\/\/shared.akamai.steamstatic.com\/store_item_assets\/steam\/apps\/2627260\/extras\/937083da3e15a7216479f4e4b46ece66.poster.avif?t=1758269401\" width=600 height=338 ><source src=\"https:\/\/shared.akamai.steamstatic.com\/store_item_assets\/steam\/apps\/2627260\/extras\/937083da3e15a7216479f4e4b46ece66.webm?t=1758269401\" type=\"video\/webm; codecs=vp9\"><source src=\"https:\/\/shared.akamai.steamstatic.com\/store_item_assets\/steam\/apps\/2627260\/extras\/937083da3e15a7216479f4e4b46ece66.mp4?t=1758269401\" type=\"video\/mp4\"><\/video><\/span><\/p>\n<p class=\"bb_paragraph\" >Definit\u00edvna s\u00e9ria ninja hack &amp; slash sa vracia s hrou NINJA GAIDEN 4! Vydajte sa na \u0161pi\u010dkov\u00e9 dobrodru\u017estvo, kde sa trad\u00edcia stret\u00e1va s inov\u00e1ciou v tejto vysokookt\u00e1novej zmesi \u0161t\u00fdlu a boja bez obmedzen\u00ed.<\/p>\n<p class=\"bb_paragraph\" ><strong>N\u00e1vrat legendy<\/strong><\/p>\n<p class=\"bb_paragraph\" >Za\u017eite n\u00e1vrat k intenz\u00edvnym, r\u00fdchlym bojom, ktor\u00e9 etablovali NINJA GAIDEN ako popredn\u00fa s\u00e9riu ak\u010dn\u00fdch hier. Pripravte sa na znovuzrodenie trad\u00edcie s podmaniv\u00fdm \u0161t\u00fdlom pre nov\u00fa gener\u00e1ciu hr\u00e1\u010dov.<\/p>\n<p class=\"bb_paragraph\" ><span class=\"bb_img_ctn\"><video class=\"bb_img\" autoplay muted loop playsinline poster=\"https:\/\/shared.akamai.steamstatic.com\/store_item_assets\/steam\/apps\/2627260\/extras\/0ccf3760c7cba3cfbd131cc37788b111.poster.avif?t=1758269401\" width=600 height=338 ><source src=\"https:\/\/shared.akamai.steamstatic.com\/store_item_assets\/steam\/apps\/2627260\/extras\/0ccf3760c7cba3cfbd131cc37788b111.webm?t=1758269401\" type=\"video\/webm; codecs=vp9\"><source src=\"https:\/\/shared.akamai.steamstatic.com\/store_item_assets\/steam\/apps\/2627260\/extras\/0ccf3760c7cba3cfbd131cc37788b111.mp4?t=1758269401\" type=\"video\/mp4\"><\/video><\/span><\/p>\n<p class=\"bb_paragraph\" ><strong>Epick\u00e9 hack and slash boje, ktor\u00e9 sa vyvinuli<\/strong><\/p>\n<p class=\"bb_paragraph\" > NINJA GAIDEN 4 sp\u00e1ja bojov\u00fa filozofiu Team NINJA so \u0161t\u00fdlovou, dynamickou ak\u010dnou hrate\u013enos\u0165ou PlatinumGames. Zapojte sa do vizu\u00e1lne ohromuj\u00facich bojov, ktor\u00e9 odme\u0148uj\u00fa presnos\u0165 a strat\u00e9giu. Pou\u017eite Bloodbind Ninjutsu na transform\u00e1ciu svojich zbran\u00ed a rozp\u00fatajte skazu na svojich nepriate\u013eov, spolu s tradi\u010dn\u00fdmi technikami ako Izuna Drop a Flying Swallow. Legend\u00e1rny<\/p>\n<p class=\"bb_paragraph\" ><span class=\"bb_img_ctn\"><video class=\"bb_img\" autoplay muted loop playsinline poster=\"https:\/\/shared.akamai.steamstatic.com\/store_item_assets\/steam\/apps\/2627260\/extras\/ffaefc8844a953e01e9d3a16c95df3ae.poster.avif?t=1758269401\" width=600 height=338 ><source src=\"https:\/\/shared.akamai.steamstatic.com\/store_item_assets\/steam\/apps\/2627260\/extras\/ffaefc8844a953e01e9d3a16c95df3ae.webm?t=1758269401\" type=\"video\/webm; codecs=vp9\"><source src=\"https:\/\/shared.akamai.steamstatic.com\/store_item_assets\/steam\/apps\/2627260\/extras\/ffaefc8844a953e01e9d3a16c95df3ae.mp4?t=1758269401\" type=\"video\/mp4\"><\/video><\/span><\/p>\n<p class=\"bb_paragraph\" >Ryu Hayabusa sa tie\u017e vracia s vylep\u0161enou, ale zn\u00e1mou sadou n\u00e1strojov, ktor\u00e9 je potrebn\u00e9 zvl\u00e1dnu\u0165.  S prisp\u00f4sobite\u013en\u00fdm hern\u00fdm z\u00e1\u017eitkom NINJA GAIDEN 4 posunie veter\u00e1nov ak\u010dn\u00fdch hier na ich limity a z\u00e1rove\u0148 umo\u017en\u00ed nov\u00e1\u010dikom u\u017ei\u0165 si nap\u00ednav\u00e9 dobrodru\u017estvo pln\u00e9 zvratov.<\/p>\n<p class=\"bb_paragraph\" ><span class=\"bb_img_ctn\"><video class=\"bb_img\" autoplay muted loop playsinline poster=\"https:\/\/shared.akamai.steamstatic.com\/store_item_assets\/steam\/apps\/2627260\/extras\/564d4f1e66e3d23734f779547db87a9c.poster.avif?t=1758269401\" width=600 height=338 ><source src=\"https:\/\/shared.akamai.steamstatic.com\/store_item_assets\/steam\/apps\/2627260\/extras\/564d4f1e66e3d23734f779547db87a9c.webm?t=1758269401\" type=\"video\/webm; codecs=vp9\"><source src=\"https:\/\/shared.akamai.steamstatic.com\/store_item_assets\/steam\/apps\/2627260\/extras\/564d4f1e66e3d23734f779547db87a9c.mp4?t=1758269401\" type=\"video\/mp4\"><\/video><\/span><\/p>\n<p class=\"bb_paragraph\" ><strong>N\u00e1vrat starovek\u00e9ho nepriate\u013ea<\/strong><\/p>\n<p class=\"bb_paragraph\" >Nad Tokiom bl\u00edzkej bud\u00facnosti vis\u00ed nekone\u010dn\u00fd d\u00e1\u017e\u010f miasmy v d\u00f4sledku vzkriesenia starobyl\u00e9ho nepriate\u013ea. Osud mesta le\u017e\u00ed v ruk\u00e1ch mlad\u00e9ho ninja z\u00e1zraku, Yakuma. Yakumo, ktor\u00fd si prebojov\u00e1va cestu cez kybernetick\u00fdch ninja vojakov a nadpozemsk\u00e9 bytosti, sa mus\u00ed zmieri\u0165 s osudom, ktor\u00fd zdie\u013ea s legend\u00e1rnym Ryu Hayabusom, a oslobodi\u0165 Tokio od starobylej kliatby, ktor\u00e1 mesto zrazila na kolen\u00e1.<\/p>\n<p class=\"bb_paragraph\" ><span class=\"bb_img_ctn\"><video class=\"bb_img\" autoplay muted loop playsinline poster=\"https:\/\/shared.akamai.steamstatic.com\/store_item_assets\/steam\/apps\/2627260\/extras\/f14948f669a0e69b5ef042285f493830.poster.avif?t=1758269401\" width=600 height=338 ><source src=\"https:\/\/shared.akamai.steamstatic.com\/store_item_assets\/steam\/apps\/2627260\/extras\/f14948f669a0e69b5ef042285f493830.webm?t=1758269401\" type=\"video\/webm; codecs=vp9\"><source src=\"https:\/\/shared.akamai.steamstatic.com\/store_item_assets\/steam\/apps\/2627260\/extras\/f14948f669a0e69b5ef042285f493830.mp4?t=1758269401\" type=\"video\/mp4\"><\/video><\/span><\/p>\n","protected":false},"excerpt":{"rendered":"<p>Definit\u00edvna ak\u010dn\u00e1 advent\u00fara s ninjami sa vracia s hrou NINJA GAIDEN 4! Vydajte sa na \u0161pi\u010dkov\u00e9 dobrodru\u017estvo, kde sa trad\u00edcia sp\u00e1ja s inov\u00e1ciou v dynamickej zmesi \u0161t\u00fdlu a boja bez pravidiel.<\/p>\n","protected":false},"featured_media":45666,"comment_status":"open","ping_status":"closed","template":"","meta":{"_acf_changed":false},"product_brand":[],"product_cat":[458,460,461,398,438],"product_tag":[],"class_list":{"0":"post-103565","1":"product","2":"type-product","3":"status-publish","4":"has-post-thumbnail","6":"product_cat-akcne-xbox-series-x-s-sk","7":"product_cat-bojove-xbox-series-x-s-sk","8":"product_cat-dobrodruzne-xbox-series-x-s-sk","9":"product_cat-xbox-hry-sk","10":"product_cat-xbox-series-x-s-sk","11":"pa_audio-en-us","12":"pa_audio-ja-jp","14":"pa_countries-ad","15":"pa_countries-ae","16":"pa_countries-af","17":"pa_countries-ag","18":"pa_countries-ai","19":"pa_countries-al","20":"pa_countries-am","21":"pa_countries-an","22":"pa_countries-ao","23":"pa_countries-aq","24":"pa_countries-ar","25":"pa_countries-as","26":"pa_countries-at","27":"pa_countries-au","28":"pa_countries-aw","29":"pa_countries-ax","30":"pa_countries-az","31":"pa_countries-ba","32":"pa_countries-bb","33":"pa_countries-bd","34":"pa_countries-be","35":"pa_countries-bf","36":"pa_countries-bg","37":"pa_countries-bh","38":"pa_countries-bi","39":"pa_countries-bj","40":"pa_countries-bl","41":"pa_countries-bm","42":"pa_countries-bn","43":"pa_countries-bo","44":"pa_countries-bq","45":"pa_countries-br","46":"pa_countries-bs","47":"pa_countries-bt","48":"pa_countries-bv","49":"pa_countries-bw","50":"pa_countries-by","51":"pa_countries-bz","52":"pa_countries-ca","53":"pa_countries-cc","54":"pa_countries-cd","55":"pa_countries-cf","56":"pa_countries-cg","57":"pa_countries-ch","58":"pa_countries-ci","59":"pa_countries-ck","60":"pa_countries-cl","61":"pa_countries-cm","62":"pa_countries-cn","63":"pa_countries-co","64":"pa_countries-cr","65":"pa_countries-cs","67":"pa_countries-cu","68":"pa_countries-cv","69":"pa_countries-cw","70":"pa_countries-cx","71":"pa_countries-cy","72":"pa_countries-cz","73":"pa_countries-de","74":"pa_countries-dj","75":"pa_countries-dk","76":"pa_countries-dm","77":"pa_countries-do","78":"pa_countries-dz","79":"pa_countries-ec","80":"pa_countries-ee","81":"pa_countries-eg","82":"pa_countries-eh","83":"pa_countries-er","84":"pa_countries-es","85":"pa_countries-et","86":"pa_countries-fi","87":"pa_countries-fj","88":"pa_countries-fk","89":"pa_countries-fm","90":"pa_countries-fo","91":"pa_countries-fr","92":"pa_countries-ga","93":"pa_countries-gb","94":"pa_countries-gd","95":"pa_countries-ge","96":"pa_countries-gf","97":"pa_countries-gg","98":"pa_countries-gh","99":"pa_countries-gi","100":"pa_countries-gl","101":"pa_countries-gm","102":"pa_countries-gn","103":"pa_countries-gp","104":"pa_countries-gq","105":"pa_countries-gr","106":"pa_countries-gs","107":"pa_countries-gt","108":"pa_countries-gu","109":"pa_countries-gw","110":"pa_countries-gy","111":"pa_countries-hk","112":"pa_countries-hm","113":"pa_countries-hn","114":"pa_countries-hr","115":"pa_countries-ht","116":"pa_countries-hu","117":"pa_countries-id","118":"pa_countries-ie","119":"pa_countries-il","120":"pa_countries-im","121":"pa_countries-in","122":"pa_countries-io","123":"pa_countries-iq","124":"pa_countries-ir","125":"pa_countries-is","126":"pa_countries-it","127":"pa_countries-je","128":"pa_countries-jm","129":"pa_countries-jo","130":"pa_countries-jp","131":"pa_countries-ke","132":"pa_countries-kg","133":"pa_countries-kh","134":"pa_countries-ki","135":"pa_countries-km","136":"pa_countries-kn","137":"pa_countries-kp","138":"pa_countries-kr","139":"pa_countries-kw","140":"pa_countries-ky","141":"pa_countries-kz","142":"pa_countries-la","143":"pa_countries-lb","144":"pa_countries-lc","145":"pa_countries-li","146":"pa_countries-lk","147":"pa_countries-lr","148":"pa_countries-ls","149":"pa_countries-lt","150":"pa_countries-lu","151":"pa_countries-lv","152":"pa_countries-ly","153":"pa_countries-ma","154":"pa_countries-mc","155":"pa_countries-md","156":"pa_countries-me","157":"pa_countries-mf","158":"pa_countries-mg","159":"pa_countries-mh","160":"pa_countries-mk","161":"pa_countries-ml","162":"pa_countries-mm","163":"pa_countries-mn","164":"pa_countries-mo","165":"pa_countries-mp","166":"pa_countries-mq","167":"pa_countries-mr","168":"pa_countries-ms","169":"pa_countries-mt","170":"pa_countries-mu","171":"pa_countries-mv","172":"pa_countries-mw","173":"pa_countries-mx","174":"pa_countries-my","175":"pa_countries-mz","176":"pa_countries-na","177":"pa_countries-nc","178":"pa_countries-ne","179":"pa_countries-nf","180":"pa_countries-ng","181":"pa_countries-ni","182":"pa_countries-nl","183":"pa_countries-no","184":"pa_countries-np","185":"pa_countries-nr","186":"pa_countries-nu","187":"pa_countries-nz","188":"pa_countries-om","189":"pa_countries-pa","190":"pa_countries-pe","191":"pa_countries-pf","192":"pa_countries-pg","193":"pa_countries-ph","194":"pa_countries-pk","195":"pa_countries-pl","196":"pa_countries-pm","197":"pa_countries-pn","198":"pa_countries-pr","199":"pa_countries-ps","200":"pa_countries-pt","201":"pa_countries-pw","202":"pa_countries-py","203":"pa_countries-qa","204":"pa_countries-re","205":"pa_countries-ro","206":"pa_countries-rs","207":"pa_countries-ru","208":"pa_countries-rw","209":"pa_countries-sa","210":"pa_countries-sb","211":"pa_countries-sc","212":"pa_countries-sd","213":"pa_countries-se","214":"pa_countries-sg","215":"pa_countries-sh","216":"pa_countries-si","217":"pa_countries-sj","218":"pa_countries-sk","219":"pa_countries-sl","220":"pa_countries-sm","221":"pa_countries-sn","222":"pa_countries-so","223":"pa_countries-sr","224":"pa_countries-ss","225":"pa_countries-st","226":"pa_countries-sv","227":"pa_countries-sx","228":"pa_countries-sy","229":"pa_countries-sz","230":"pa_countries-tc","231":"pa_countries-td","232":"pa_countries-tf","233":"pa_countries-tg","234":"pa_countries-th","235":"pa_countries-tj","236":"pa_countries-tk","237":"pa_countries-tl","238":"pa_countries-tm","239":"pa_countries-tn","240":"pa_countries-to","241":"pa_countries-tr","242":"pa_countries-tt","243":"pa_countries-tv","244":"pa_countries-tw","245":"pa_countries-tz","246":"pa_countries-ua","247":"pa_countries-ug","248":"pa_countries-um","249":"pa_countries-us","250":"pa_countries-uy","251":"pa_countries-uz","252":"pa_countries-va","253":"pa_countries-vc","254":"pa_countries-ve","255":"pa_countries-vg","256":"pa_countries-vi","257":"pa_countries-vn","258":"pa_countries-vu","259":"pa_countries-wf","260":"pa_countries-ws","261":"pa_countries-xk","262":"pa_countries-ye","263":"pa_countries-yt","264":"pa_countries-za","265":"pa_countries-zm","266":"pa_countries-zw","267":"pa_countries-zz","268":"pa_developer-platinumgames","270":"pa_developer-team-ninja","271":"pa_engine-platinum-engine","273":"pa_franchises-ninja-gaiden","275":"pa_game_type-main_game","277":"pa_genres-adventure","278":"pa_genres-hack-and-slash-beat-em-up","280":"pa_interface-de-de","281":"pa_interface-en-us","282":"pa_interface-es-es","283":"pa_interface-fr-fr","284":"pa_interface-it-it","285":"pa_interface-ja-jp","286":"pa_interface-ko-kr","287":"pa_interface-pt-br","288":"pa_interface-ru-ru","290":"pa_interface-tr-tr","291":"pa_interface-zh-cn","292":"pa_interface-zh-tw","293":"pa_keywords-ninja","294":"pa_modes-single-player","296":"pa_pegi-794","297":"pa_pegi-13426","298":"pa_platform-xbox-series-x-s-windows-10","300":"pa_player_perspectives-third-person","302":"pa_publisher-koei-tecmo","304":"pa_publisher-xbox-game-studios","305":"pa_rating-14441","306":"pa_rating-773","307":"pa_region-global","309":"pa_subtitles-de-de","311":"pa_subtitles-en-us","312":"pa_subtitles-es-es","313":"pa_subtitles-fr-fr","314":"pa_subtitles-it-it","315":"pa_subtitles-ja-jp","316":"pa_subtitles-ko-kr","317":"pa_subtitles-pt-br","318":"pa_subtitles-ru-ru","319":"pa_subtitles-tr-tr","320":"pa_subtitles-zh-cn","321":"pa_subtitles-zh-tw","322":"pa_themes-action","325":"first","326":"instock","327":"virtual","328":"taxable","329":"purchasable","330":"product-type-simple"},"yoast_head":"<!-- This site is optimized with the Yoast SEO plugin v27.3 - https:\/\/yoast.com\/product\/yoast-seo-wordpress\/ -->\n<title>Ninja Gaiden 4 | BeGamer.cz<\/title>\n<meta name=\"robots\" content=\"index, follow, max-snippet:-1, max-image-preview:large, max-video-preview:-1\" \/>\n<link rel=\"canonical\" href=\"https:\/\/begamer.cz\/sk\/produkt\/ninja-gaiden-4-standard-edition-sk\/\" \/>\n<meta property=\"og:locale\" content=\"sk_SK\" \/>\n<meta property=\"og:type\" content=\"article\" \/>\n<meta property=\"og:title\" content=\"Ninja Gaiden 4 | BeGamer.cz\" \/>\n<meta property=\"og:description\" content=\"Definit\u00edvna ak\u010dn\u00e1 advent\u00fara s ninjami sa vracia s hrou NINJA GAIDEN 4! Vydajte sa na \u0161pi\u010dkov\u00e9 dobrodru\u017estvo, kde sa trad\u00edcia sp\u00e1ja s inov\u00e1ciou v dynamickej zmesi \u0161t\u00fdlu a boja bez pravidiel.\" \/>\n<meta property=\"og:url\" content=\"https:\/\/begamer.cz\/sk\/produkt\/ninja-gaiden-4-standard-edition-sk\/\" \/>\n<meta property=\"og:site_name\" content=\"BeGamer.cz\" \/>\n<meta property=\"article:modified_time\" content=\"2026-03-11T18:16:54+00:00\" \/>\n<meta property=\"og:image\" content=\"https:\/\/begamer.cz\/wp-content\/uploads\/2026\/01\/ninja-gaiden-4-10.webp\" \/>\n\t<meta property=\"og:image:width\" content=\"300\" \/>\n\t<meta property=\"og:image:height\" content=\"400\" \/>\n\t<meta property=\"og:image:type\" content=\"image\/webp\" \/>\n<meta name=\"twitter:card\" content=\"summary_large_image\" \/>\n<meta name=\"twitter:label1\" content=\"Predpokladan\u00fd \u010das \u010d\u00edtania\" \/>\n\t<meta name=\"twitter:data1\" content=\"1 min\u00fata\" \/>\n<script type=\"application\/ld+json\" class=\"yoast-schema-graph\">{\"@context\":\"https:\\\/\\\/schema.org\",\"@graph\":[{\"@type\":\"WebPage\",\"@id\":\"https:\\\/\\\/begamer.cz\\\/sk\\\/produkt\\\/ninja-gaiden-4-standard-edition-sk\\\/\",\"url\":\"https:\\\/\\\/begamer.cz\\\/sk\\\/produkt\\\/ninja-gaiden-4-standard-edition-sk\\\/\",\"name\":\"Ninja Gaiden 4 | BeGamer.cz\",\"isPartOf\":{\"@id\":\"https:\\\/\\\/begamer.cz\\\/sk\\\/#website\"},\"primaryImageOfPage\":{\"@id\":\"https:\\\/\\\/begamer.cz\\\/sk\\\/produkt\\\/ninja-gaiden-4-standard-edition-sk\\\/#primaryimage\"},\"image\":{\"@id\":\"https:\\\/\\\/begamer.cz\\\/sk\\\/produkt\\\/ninja-gaiden-4-standard-edition-sk\\\/#primaryimage\"},\"thumbnailUrl\":\"https:\\\/\\\/begamer.cz\\\/wp-content\\\/uploads\\\/2026\\\/01\\\/ninja-gaiden-4-10.webp\",\"datePublished\":\"2026-01-30T18:19:19+00:00\",\"dateModified\":\"2026-03-11T18:16:54+00:00\",\"breadcrumb\":{\"@id\":\"https:\\\/\\\/begamer.cz\\\/sk\\\/produkt\\\/ninja-gaiden-4-standard-edition-sk\\\/#breadcrumb\"},\"inLanguage\":\"sk-SK\",\"potentialAction\":[{\"@type\":\"ReadAction\",\"target\":[\"https:\\\/\\\/begamer.cz\\\/sk\\\/produkt\\\/ninja-gaiden-4-standard-edition-sk\\\/\"]}]},{\"@type\":\"ImageObject\",\"inLanguage\":\"sk-SK\",\"@id\":\"https:\\\/\\\/begamer.cz\\\/sk\\\/produkt\\\/ninja-gaiden-4-standard-edition-sk\\\/#primaryimage\",\"url\":\"https:\\\/\\\/begamer.cz\\\/wp-content\\\/uploads\\\/2026\\\/01\\\/ninja-gaiden-4-10.webp\",\"contentUrl\":\"https:\\\/\\\/begamer.cz\\\/wp-content\\\/uploads\\\/2026\\\/01\\\/ninja-gaiden-4-10.webp\",\"width\":300,\"height\":400},{\"@type\":\"BreadcrumbList\",\"@id\":\"https:\\\/\\\/begamer.cz\\\/sk\\\/produkt\\\/ninja-gaiden-4-standard-edition-sk\\\/#breadcrumb\",\"itemListElement\":[{\"@type\":\"ListItem\",\"position\":1,\"name\":\"Domov\",\"item\":\"https:\\\/\\\/begamer.cz\\\/sk\\\/\"},{\"@type\":\"ListItem\",\"position\":2,\"name\":\"Obchod\",\"item\":\"https:\\\/\\\/begamer.cz\\\/obchod\\\/\"},{\"@type\":\"ListItem\",\"position\":3,\"name\":\"Ninja Gaiden 4\"}]},{\"@type\":\"WebSite\",\"@id\":\"https:\\\/\\\/begamer.cz\\\/sk\\\/#website\",\"url\":\"https:\\\/\\\/begamer.cz\\\/sk\\\/\",\"name\":\"BeGamer.cz\",\"description\":\"\",\"publisher\":{\"@id\":\"https:\\\/\\\/begamer.cz\\\/sk\\\/#organization\"},\"potentialAction\":[{\"@type\":\"SearchAction\",\"target\":{\"@type\":\"EntryPoint\",\"urlTemplate\":\"https:\\\/\\\/begamer.cz\\\/sk\\\/?s={search_term_string}\"},\"query-input\":{\"@type\":\"PropertyValueSpecification\",\"valueRequired\":true,\"valueName\":\"search_term_string\"}}],\"inLanguage\":\"sk-SK\"},{\"@type\":\"Organization\",\"@id\":\"https:\\\/\\\/begamer.cz\\\/sk\\\/#organization\",\"name\":\"BeGamer.cz\",\"url\":\"https:\\\/\\\/begamer.cz\\\/sk\\\/\",\"logo\":{\"@type\":\"ImageObject\",\"inLanguage\":\"sk-SK\",\"@id\":\"https:\\\/\\\/begamer.cz\\\/sk\\\/#\\\/schema\\\/logo\\\/image\\\/\",\"url\":\"https:\\\/\\\/begamer.cz\\\/wp-content\\\/uploads\\\/2025\\\/07\\\/logo.svg\",\"contentUrl\":\"https:\\\/\\\/begamer.cz\\\/wp-content\\\/uploads\\\/2025\\\/07\\\/logo.svg\",\"caption\":\"BeGamer.cz\"},\"image\":{\"@id\":\"https:\\\/\\\/begamer.cz\\\/sk\\\/#\\\/schema\\\/logo\\\/image\\\/\"}}]}<\/script>\n<!-- \/ Yoast SEO plugin. -->","yoast_head_json":{"title":"Ninja Gaiden 4 | BeGamer.cz","robots":{"index":"index","follow":"follow","max-snippet":"max-snippet:-1","max-image-preview":"max-image-preview:large","max-video-preview":"max-video-preview:-1"},"canonical":"https:\/\/begamer.cz\/sk\/produkt\/ninja-gaiden-4-standard-edition-sk\/","og_locale":"sk_SK","og_type":"article","og_title":"Ninja Gaiden 4 | BeGamer.cz","og_description":"Definit\u00edvna ak\u010dn\u00e1 advent\u00fara s ninjami sa vracia s hrou NINJA GAIDEN 4! Vydajte sa na \u0161pi\u010dkov\u00e9 dobrodru\u017estvo, kde sa trad\u00edcia sp\u00e1ja s inov\u00e1ciou v dynamickej zmesi \u0161t\u00fdlu a boja bez pravidiel.","og_url":"https:\/\/begamer.cz\/sk\/produkt\/ninja-gaiden-4-standard-edition-sk\/","og_site_name":"BeGamer.cz","article_modified_time":"2026-03-11T18:16:54+00:00","og_image":[{"width":300,"height":400,"url":"https:\/\/begamer.cz\/wp-content\/uploads\/2026\/01\/ninja-gaiden-4-10.webp","type":"image\/webp"}],"twitter_card":"summary_large_image","twitter_misc":{"Predpokladan\u00fd \u010das \u010d\u00edtania":"1 min\u00fata"},"schema":{"@context":"https:\/\/schema.org","@graph":[{"@type":"WebPage","@id":"https:\/\/begamer.cz\/sk\/produkt\/ninja-gaiden-4-standard-edition-sk\/","url":"https:\/\/begamer.cz\/sk\/produkt\/ninja-gaiden-4-standard-edition-sk\/","name":"Ninja Gaiden 4 | BeGamer.cz","isPartOf":{"@id":"https:\/\/begamer.cz\/sk\/#website"},"primaryImageOfPage":{"@id":"https:\/\/begamer.cz\/sk\/produkt\/ninja-gaiden-4-standard-edition-sk\/#primaryimage"},"image":{"@id":"https:\/\/begamer.cz\/sk\/produkt\/ninja-gaiden-4-standard-edition-sk\/#primaryimage"},"thumbnailUrl":"https:\/\/begamer.cz\/wp-content\/uploads\/2026\/01\/ninja-gaiden-4-10.webp","datePublished":"2026-01-30T18:19:19+00:00","dateModified":"2026-03-11T18:16:54+00:00","breadcrumb":{"@id":"https:\/\/begamer.cz\/sk\/produkt\/ninja-gaiden-4-standard-edition-sk\/#breadcrumb"},"inLanguage":"sk-SK","potentialAction":[{"@type":"ReadAction","target":["https:\/\/begamer.cz\/sk\/produkt\/ninja-gaiden-4-standard-edition-sk\/"]}]},{"@type":"ImageObject","inLanguage":"sk-SK","@id":"https:\/\/begamer.cz\/sk\/produkt\/ninja-gaiden-4-standard-edition-sk\/#primaryimage","url":"https:\/\/begamer.cz\/wp-content\/uploads\/2026\/01\/ninja-gaiden-4-10.webp","contentUrl":"https:\/\/begamer.cz\/wp-content\/uploads\/2026\/01\/ninja-gaiden-4-10.webp","width":300,"height":400},{"@type":"BreadcrumbList","@id":"https:\/\/begamer.cz\/sk\/produkt\/ninja-gaiden-4-standard-edition-sk\/#breadcrumb","itemListElement":[{"@type":"ListItem","position":1,"name":"Domov","item":"https:\/\/begamer.cz\/sk\/"},{"@type":"ListItem","position":2,"name":"Obchod","item":"https:\/\/begamer.cz\/obchod\/"},{"@type":"ListItem","position":3,"name":"Ninja Gaiden 4"}]},{"@type":"WebSite","@id":"https:\/\/begamer.cz\/sk\/#website","url":"https:\/\/begamer.cz\/sk\/","name":"BeGamer.cz","description":"","publisher":{"@id":"https:\/\/begamer.cz\/sk\/#organization"},"potentialAction":[{"@type":"SearchAction","target":{"@type":"EntryPoint","urlTemplate":"https:\/\/begamer.cz\/sk\/?s={search_term_string}"},"query-input":{"@type":"PropertyValueSpecification","valueRequired":true,"valueName":"search_term_string"}}],"inLanguage":"sk-SK"},{"@type":"Organization","@id":"https:\/\/begamer.cz\/sk\/#organization","name":"BeGamer.cz","url":"https:\/\/begamer.cz\/sk\/","logo":{"@type":"ImageObject","inLanguage":"sk-SK","@id":"https:\/\/begamer.cz\/sk\/#\/schema\/logo\/image\/","url":"https:\/\/begamer.cz\/wp-content\/uploads\/2025\/07\/logo.svg","contentUrl":"https:\/\/begamer.cz\/wp-content\/uploads\/2025\/07\/logo.svg","caption":"BeGamer.cz"},"image":{"@id":"https:\/\/begamer.cz\/sk\/#\/schema\/logo\/image\/"}}]}},"acf":[],"_links":{"self":[{"href":"https:\/\/begamer.cz\/sk\/wp-json\/wp\/v2\/product\/103565","targetHints":{"allow":["GET"]}}],"collection":[{"href":"https:\/\/begamer.cz\/sk\/wp-json\/wp\/v2\/product"}],"about":[{"href":"https:\/\/begamer.cz\/sk\/wp-json\/wp\/v2\/types\/product"}],"replies":[{"embeddable":true,"href":"https:\/\/begamer.cz\/sk\/wp-json\/wp\/v2\/comments?post=103565"}],"wp:featuredmedia":[{"embeddable":true,"href":"https:\/\/begamer.cz\/sk\/wp-json\/wp\/v2\/media\/45666"}],"wp:attachment":[{"href":"https:\/\/begamer.cz\/sk\/wp-json\/wp\/v2\/media?parent=103565"}],"wp:term":[{"taxonomy":"product_brand","embeddable":true,"href":"https:\/\/begamer.cz\/sk\/wp-json\/wp\/v2\/product_brand?post=103565"},{"taxonomy":"product_cat","embeddable":true,"href":"https:\/\/begamer.cz\/sk\/wp-json\/wp\/v2\/product_cat?post=103565"},{"taxonomy":"product_tag","embeddable":true,"href":"https:\/\/begamer.cz\/sk\/wp-json\/wp\/v2\/product_tag?post=103565"}],"curies":[{"name":"wp","href":"https:\/\/api.w.org\/{rel}","templated":true}]}}